{"id":127966,"date":"2026-03-05T11:54:43","date_gmt":"2026-03-05T11:54:43","guid":{"rendered":"https:\/\/www.lifenatura.com\/?post_type=product&#038;p=127966"},"modified":"2026-03-30T00:11:37","modified_gmt":"2026-03-30T00:11:37","slug":"magnesio-500-mg-90-comprimidos-naturmil-toma-4-paga-3","status":"publish","type":"product","link":"https:\/\/www.lifenatura.com\/es\/produto\/magnesio-500-mg-90-comprimidos-naturmil-toma-4-paga-3\/","title":{"rendered":"Magnesio 500 mg 90 comprimidos &#8211; Naturmil &#8211; Toma 4 Paga 3"},"content":{"rendered":"<h2 style=\"text-align: left;\">Magnesio 500 mg 90 comprimidos &#8211; Naturmil &#8211; Toma 4 Paga 3<\/h2>\n<p>&nbsp;<\/p>\n<p>El Magnesio Naturmil es un complemento alimenticio que favorece el metabolismo nervioso, muscular e inmunitario, y es especialmente \u00fatil en casos de fatiga. El magnesio es \u00fatil en la formaci\u00f3n de huesos y dientes sanos, as\u00ed como en el buen funcionamiento de los sistemas nervioso, muscular e inmunitario.<\/p>\n<p data-start=\"241\" data-end=\"595\"><strong data-start=\"241\" data-end=\"271\">El Magnesio 500mg de Naturmil<\/strong> es un complemento alimenticio esencial para el buen funcionamiento del organismo <strong data-start=\"376\" data-end=\"430\">,<\/strong> especialmente en los <strong data-start=\"376\" data-end=\"430\">m\u00fasculos, el sistema nervioso y el metabolismo energ\u00e9tico<\/strong>. El magnesio es un mineral vital que participa en m\u00e1s de 300 reacciones bioqu\u00edmicas en el organismo y es indispensable para mantener el equilibrio f\u00edsico y mental a diario.<\/p>\n<p data-start=\"597\" data-end=\"845\">Este suplemento Naturmil aporta una dosis concentrada de <strong data-start=\"657\" data-end=\"693\">500 mg de magnesio por comprimido<\/strong>, que contribuye a reducir <strong data-start=\"726\" data-end=\"749\">el cansancio y la fatiga<\/strong>, a la funci\u00f3n <strong data-start=\"774\" data-end=\"800\">muscular y neurol\u00f3gica<\/strong> normal y al mantenimiento de huesos y dientes sanos.<\/p>\n<p data-start=\"847\" data-end=\"1073\">Ideal para personas con un estilo de vida activo, estr\u00e9s, pr\u00e1ctica regular de deportes o carencias nutricionales, <strong data-start=\"978\" data-end=\"996\">el Magnesio 500 mg<\/strong> tambi\u00e9n ayuda a prevenir los calambres, la tensi\u00f3n muscular y la irritabilidad nerviosa.<\/p>\n<p data-start=\"1075\" data-end=\"1213\">Su f\u00f3rmula sin az\u00facares a\u00f1adidos, lactosa ni gluten lo hace apto para la mayor\u00eda de las dietas, garantizando una absorci\u00f3n eficaz y segura.<\/p>\n<h3 data-start=\"1215\" data-end=\"1241\">Principales ventajas:<\/h3>\n<ul data-start=\"1242\" data-end=\"1465\">\n<li data-start=\"1242\" data-end=\"1271\">\n<p data-start=\"1244\" data-end=\"1271\">Reduce el cansancio y la fatiga;<\/p>\n<\/li>\n<li data-start=\"1272\" data-end=\"1331\">\n<p data-start=\"1274\" data-end=\"1331\">Contribuye a la funci\u00f3n muscular y nerviosa normal;<\/p>\n<\/li>\n<li data-start=\"1332\" data-end=\"1374\">\n<p data-start=\"1334\" data-end=\"1374\">Ayuda a mantener sanos huesos y dientes;<\/p>\n<\/li>\n<li data-start=\"1375\" data-end=\"1410\">\n<p data-start=\"1377\" data-end=\"1410\">Favorece el metabolismo energ\u00e9tico;<\/p>\n<\/li>\n<li data-start=\"1411\" data-end=\"1465\">\n<p data-start=\"1413\" data-end=\"1465\">Puede ayudar a prevenir los calambres y la tensi\u00f3n muscular.<\/p>\n<\/li>\n<\/ul>\n<h3 data-start=\"1467\" data-end=\"1482\">Indicaciones:<\/h3>\n<p data-start=\"1483\" data-end=\"1509\">Adecuado para adultos que:<\/p>\n<ul data-start=\"1510\" data-end=\"1685\">\n<li data-start=\"1510\" data-end=\"1561\">\n<p data-start=\"1512\" data-end=\"1561\">Tienen fatiga o debilidad muscular frecuentes;<\/p>\n<\/li>\n<li data-start=\"1562\" data-end=\"1598\">\n<p data-start=\"1564\" data-end=\"1598\">Hacen ejercicio regularmente;<\/p>\n<\/li>\n<li data-start=\"1599\" data-end=\"1647\">\n<p data-start=\"1601\" data-end=\"1647\">Experimentan estr\u00e9s o tensi\u00f3n emocional;<\/p>\n<\/li>\n<li data-start=\"1648\" data-end=\"1685\">\n<p data-start=\"1650\" data-end=\"1685\">Les falta magnesio en la dieta.<\/p>\n<\/li>\n<\/ul>\n<p data-start=\"1687\" data-end=\"1845\"><strong data-start=\"1687\" data-end=\"1714\">Magnesio 500 mg Naturmil<\/strong> es la elecci\u00f3n adecuada para quien busca m\u00e1s energ\u00eda, mejor rendimiento muscular y mayor equilibrio f\u00edsico y mental de forma natural.<\/p>\n<p><strong>PRESENTACI\u00d3N<\/strong><\/p>\n<p>90 comprimidos.<\/p>\n<p>&nbsp;<\/p>\n","protected":false},"excerpt":{"rendered":"<p><span style=\"color: #ff0000;\">10% DE DESCUENTO en compras superiores a 50\u20ac con el cup\u00f3n <strong>LIFE1009<\/strong> y 15% DE DESCUENTO en compras superiores a 100\u20ac con el cup\u00f3n <strong>LIFE1509<\/strong> &#8211; HASTA <strong>EL 30 DE MAYO DE 2026<\/strong><\/span> [&#8230;]<\/p>\n<p><a class=\"btn btn-secondary understrap-read-more-link\" href=\"https:\/\/www.lifenatura.com\/es\/produto\/magnesio-500-mg-90-comprimidos-naturmil-toma-4-paga-3\/\">Leer m\u00e1s&#8230;<span class=\"screen-reader-text\"> from Magnesio 500 mg 90 comprimidos &#8211; Naturmil &#8211; Toma 4 Paga 3<\/span><\/a><\/p>\n","protected":false},"featured_media":67275,"template":"","meta":{"_acf_changed":false},"product_brand":[8435],"product_cat":[7659,7740,7206,8561,7263,7179],"product_tag":[],"class_list":{"0":"post-127966","1":"product","2":"type-product","3":"status-publish","4":"has-post-thumbnail","6":"product_brand-naturmil","7":"product_cat-ingrediente-natural-bio","8":"product_cat-magnesio-es","9":"product_cat-musculos-salud","10":"product_cat-naturmil-lleve-4-pago-3","11":"product_cat-packs-de-salud","12":"product_cat-salud","14":"first","15":"instock","16":"sale","17":"featured","18":"shipping-taxable","19":"purchasable","20":"product-type-woosb","21":"add-to-wishlist-before_image"},"acf":[],"yoast_head":"<!-- This site is optimized with the Yoast SEO Premium plugin v27.1 (Yoast SEO v27.5) - https:\/\/yoast.com\/product\/yoast-seo-premium-wordpress\/ -->\n<title>Naturmil Magnesio 500 mg 90 comprimidos - Lifenatura<\/title>\n<meta name=\"description\" content=\"El Magnesio Naturmil es un complemento alimenticio que favorece el metabolismo nervioso, muscular e inmunitario y es especialmente \u00fatil en casos de fatiga.\" \/>\n<meta name=\"robots\" content=\"index, follow, max-snippet:-1, max-image-preview:large, max-video-preview:-1\" \/>\n<link rel=\"canonical\" href=\"https:\/\/www.lifenatura.com\/es\/produto\/magnesio-500-mg-90-comprimidos-naturmil-toma-4-paga-3\/\" \/>\n<meta property=\"og:locale\" content=\"es_ES\" \/>\n<meta property=\"og:type\" content=\"article\" \/>\n<meta property=\"og:title\" content=\"Magnesio 500 mg 90 comprimidos - Naturmil - Toma 4 Paga 3 - Na Lifenatura ao Melhor Pre\u00e7o | Envio 48h\" \/>\n<meta property=\"og:description\" content=\"Compre Magnesio 500 mg 90 comprimidos - Naturmil - Toma 4 Paga 3 com envio r\u00e1pido. Entrega em 48h e portes gr\u00e1tis em compras &gt;35\u20ac. Aproveite j\u00e1 na Lifenatura\" \/>\n<meta property=\"og:url\" content=\"https:\/\/www.lifenatura.com\/es\/produto\/magnesio-500-mg-90-comprimidos-naturmil-toma-4-paga-3\/\" \/>\n<meta property=\"og:site_name\" content=\"Lifenatura\" \/>\n<meta property=\"article:publisher\" content=\"https:\/\/www.facebook.com\/lifenatura\" \/>\n<meta property=\"article:modified_time\" content=\"2026-03-30T00:11:37+00:00\" \/>\n<meta property=\"og:image\" content=\"https:\/\/www.lifenatura.com\/wp-content\/uploads\/2021\/09\/Magnesio-500mg-naturmil.jpg\" \/>\n\t<meta property=\"og:image:width\" content=\"1000\" \/>\n\t<meta property=\"og:image:height\" content=\"1000\" \/>\n\t<meta property=\"og:image:type\" content=\"image\/jpeg\" \/>\n<meta name=\"twitter:card\" content=\"summary_large_image\" \/>\n<meta name=\"twitter:label1\" content=\"Precio\" \/>\n\t<meta name=\"twitter:data1\" content=\"20,55&nbsp;&euro;\" \/>\n\t<meta name=\"twitter:label2\" content=\"Disponibilidad\" \/>\n\t<meta name=\"twitter:data2\" content=\"Disponible\" \/>\n<script type=\"application\/ld+json\" class=\"yoast-schema-graph\">{\"@context\":\"https:\\\/\\\/schema.org\",\"@graph\":[{\"@type\":\"WebPage\",\"@id\":\"https:\\\/\\\/www.lifenatura.com\\\/es\\\/produto\\\/magnesio-500-mg-90-comprimidos-naturmil-toma-4-paga-3\\\/\",\"url\":\"https:\\\/\\\/www.lifenatura.com\\\/es\\\/produto\\\/magnesio-500-mg-90-comprimidos-naturmil-toma-4-paga-3\\\/\",\"name\":\"Naturmil Magnesio 500 mg 90 comprimidos - Lifenatura\",\"isPartOf\":{\"@id\":\"https:\\\/\\\/www.lifenatura.com\\\/es\\\/#website\"},\"primaryImageOfPage\":{\"@id\":\"https:\\\/\\\/www.lifenatura.com\\\/es\\\/produto\\\/magnesio-500-mg-90-comprimidos-naturmil-toma-4-paga-3\\\/#primaryimage\"},\"image\":{\"@id\":\"https:\\\/\\\/www.lifenatura.com\\\/es\\\/produto\\\/magnesio-500-mg-90-comprimidos-naturmil-toma-4-paga-3\\\/#primaryimage\"},\"thumbnailUrl\":\"https:\\\/\\\/www.lifenatura.com\\\/wp-content\\\/uploads\\\/2021\\\/09\\\/Magnesio-500mg-naturmil.jpg\",\"datePublished\":\"2026-03-05T11:54:43+00:00\",\"dateModified\":\"2026-03-30T00:11:37+00:00\",\"description\":\"El Magnesio Naturmil es un complemento alimenticio que favorece el metabolismo nervioso, muscular e inmunitario y es especialmente \u00fatil en casos de fatiga.\",\"breadcrumb\":{\"@id\":\"https:\\\/\\\/www.lifenatura.com\\\/es\\\/produto\\\/magnesio-500-mg-90-comprimidos-naturmil-toma-4-paga-3\\\/#breadcrumb\"},\"inLanguage\":\"es\",\"potentialAction\":[{\"@type\":\"ReadAction\",\"target\":[\"https:\\\/\\\/www.lifenatura.com\\\/es\\\/produto\\\/magnesio-500-mg-90-comprimidos-naturmil-toma-4-paga-3\\\/\"]}]},{\"@type\":\"ImageObject\",\"inLanguage\":\"es\",\"@id\":\"https:\\\/\\\/www.lifenatura.com\\\/es\\\/produto\\\/magnesio-500-mg-90-comprimidos-naturmil-toma-4-paga-3\\\/#primaryimage\",\"url\":\"https:\\\/\\\/www.lifenatura.com\\\/wp-content\\\/uploads\\\/2021\\\/09\\\/Magnesio-500mg-naturmil.jpg\",\"contentUrl\":\"https:\\\/\\\/www.lifenatura.com\\\/wp-content\\\/uploads\\\/2021\\\/09\\\/Magnesio-500mg-naturmil.jpg\",\"width\":1000,\"height\":1000,\"caption\":\"Magnesio 500 mg 90 comprimidos - Naturmil\"},{\"@type\":\"BreadcrumbList\",\"@id\":\"https:\\\/\\\/www.lifenatura.com\\\/es\\\/produto\\\/magnesio-500-mg-90-comprimidos-naturmil-toma-4-paga-3\\\/#breadcrumb\",\"itemListElement\":[{\"@type\":\"ListItem\",\"position\":1,\"name\":\"In\u00edcio\",\"item\":\"https:\\\/\\\/www.lifenatura.com\\\/es\\\/\"},{\"@type\":\"ListItem\",\"position\":2,\"name\":\"Todos los Productos\",\"item\":\"https:\\\/\\\/www.lifenatura.com\\\/es\\\/tienda\\\/\"},{\"@type\":\"ListItem\",\"position\":3,\"name\":\"Magnesio 500 mg 90 comprimidos &#8211; Naturmil &#8211; Toma 4 Paga 3\"}]},{\"@type\":\"WebSite\",\"@id\":\"https:\\\/\\\/www.lifenatura.com\\\/es\\\/#website\",\"url\":\"https:\\\/\\\/www.lifenatura.com\\\/es\\\/\",\"name\":\"Lifenatura\",\"description\":\"A Lifenatura \u00e9 uma loja de produtos naturais, cosm\u00e9tica natural e alimenta\u00e7\u00e3o Biol\u00f3gica.\",\"publisher\":{\"@id\":\"https:\\\/\\\/www.lifenatura.com\\\/es\\\/#organization\"},\"potentialAction\":[{\"@type\":\"SearchAction\",\"target\":{\"@type\":\"EntryPoint\",\"urlTemplate\":\"https:\\\/\\\/www.lifenatura.com\\\/es\\\/?s={search_term_string}\"},\"query-input\":{\"@type\":\"PropertyValueSpecification\",\"valueRequired\":true,\"valueName\":\"search_term_string\"}}],\"inLanguage\":\"es\"},{\"@type\":\"Organization\",\"@id\":\"https:\\\/\\\/www.lifenatura.com\\\/es\\\/#organization\",\"name\":\"Lifenatura\",\"url\":\"https:\\\/\\\/www.lifenatura.com\\\/es\\\/\",\"logo\":{\"@type\":\"ImageObject\",\"inLanguage\":\"es\",\"@id\":\"https:\\\/\\\/www.lifenatura.com\\\/es\\\/#\\\/schema\\\/logo\\\/image\\\/\",\"url\":\"https:\\\/\\\/www.lifenatura.com\\\/wp-content\\\/uploads\\\/2021\\\/07\\\/logo.png\",\"contentUrl\":\"https:\\\/\\\/www.lifenatura.com\\\/wp-content\\\/uploads\\\/2021\\\/07\\\/logo.png\",\"width\":175,\"height\":55,\"caption\":\"Lifenatura\"},\"image\":{\"@id\":\"https:\\\/\\\/www.lifenatura.com\\\/es\\\/#\\\/schema\\\/logo\\\/image\\\/\"},\"sameAs\":[\"https:\\\/\\\/www.facebook.com\\\/lifenatura\",\"https:\\\/\\\/www.instagram.com\\\/lifenaturapt\\\/\"],\"hasMerchantReturnPolicy\":{\"@type\":\"MerchantReturnPolicy\",\"merchantReturnLink\":\"https:\\\/\\\/www.lifenatura.com\\\/termos-condicoes-lifenatura\\\/\"}}]}<\/script>\n<meta property=\"product:price:amount\" content=\"20.55\" \/>\n<meta property=\"product:price:currency\" content=\"EUR\" \/>\n<meta property=\"og:availability\" content=\"instock\" \/>\n<meta property=\"product:availability\" content=\"instock\" \/>\n<meta property=\"product:retailer_item_id\" content=\"56054814081688\" \/>\n<meta property=\"product:condition\" content=\"new\" \/>\n<!-- \/ Yoast SEO Premium plugin. -->","yoast_head_json":{"title":"Naturmil Magnesio 500 mg 90 comprimidos - Lifenatura","description":"El Magnesio Naturmil es un complemento alimenticio que favorece el metabolismo nervioso, muscular e inmunitario y es especialmente \u00fatil en casos de fatiga.","robots":{"index":"index","follow":"follow","max-snippet":"max-snippet:-1","max-image-preview":"max-image-preview:large","max-video-preview":"max-video-preview:-1"},"canonical":"https:\/\/www.lifenatura.com\/es\/produto\/magnesio-500-mg-90-comprimidos-naturmil-toma-4-paga-3\/","og_locale":"es_ES","og_type":"article","og_title":"Magnesio 500 mg 90 comprimidos - Naturmil - Toma 4 Paga 3 - Na Lifenatura ao Melhor Pre\u00e7o | Envio 48h","og_description":"Compre Magnesio 500 mg 90 comprimidos - Naturmil - Toma 4 Paga 3 com envio r\u00e1pido. Entrega em 48h e portes gr\u00e1tis em compras >35\u20ac. Aproveite j\u00e1 na Lifenatura","og_url":"https:\/\/www.lifenatura.com\/es\/produto\/magnesio-500-mg-90-comprimidos-naturmil-toma-4-paga-3\/","og_site_name":"Lifenatura","article_publisher":"https:\/\/www.facebook.com\/lifenatura","article_modified_time":"2026-03-30T00:11:37+00:00","og_image":[{"width":1000,"height":1000,"url":"https:\/\/www.lifenatura.com\/wp-content\/uploads\/2021\/09\/Magnesio-500mg-naturmil.jpg","type":"image\/jpeg"}],"twitter_card":"summary_large_image","twitter_misc":{"Precio":"20,55&nbsp;&euro;","Disponibilidad":"Disponible"},"schema":{"@context":"https:\/\/schema.org","@graph":[{"@type":"WebPage","@id":"https:\/\/www.lifenatura.com\/es\/produto\/magnesio-500-mg-90-comprimidos-naturmil-toma-4-paga-3\/","url":"https:\/\/www.lifenatura.com\/es\/produto\/magnesio-500-mg-90-comprimidos-naturmil-toma-4-paga-3\/","name":"Naturmil Magnesio 500 mg 90 comprimidos - Lifenatura","isPartOf":{"@id":"https:\/\/www.lifenatura.com\/es\/#website"},"primaryImageOfPage":{"@id":"https:\/\/www.lifenatura.com\/es\/produto\/magnesio-500-mg-90-comprimidos-naturmil-toma-4-paga-3\/#primaryimage"},"image":{"@id":"https:\/\/www.lifenatura.com\/es\/produto\/magnesio-500-mg-90-comprimidos-naturmil-toma-4-paga-3\/#primaryimage"},"thumbnailUrl":"https:\/\/www.lifenatura.com\/wp-content\/uploads\/2021\/09\/Magnesio-500mg-naturmil.jpg","datePublished":"2026-03-05T11:54:43+00:00","dateModified":"2026-03-30T00:11:37+00:00","description":"El Magnesio Naturmil es un complemento alimenticio que favorece el metabolismo nervioso, muscular e inmunitario y es especialmente \u00fatil en casos de fatiga.","breadcrumb":{"@id":"https:\/\/www.lifenatura.com\/es\/produto\/magnesio-500-mg-90-comprimidos-naturmil-toma-4-paga-3\/#breadcrumb"},"inLanguage":"es","potentialAction":[{"@type":"ReadAction","target":["https:\/\/www.lifenatura.com\/es\/produto\/magnesio-500-mg-90-comprimidos-naturmil-toma-4-paga-3\/"]}]},{"@type":"ImageObject","inLanguage":"es","@id":"https:\/\/www.lifenatura.com\/es\/produto\/magnesio-500-mg-90-comprimidos-naturmil-toma-4-paga-3\/#primaryimage","url":"https:\/\/www.lifenatura.com\/wp-content\/uploads\/2021\/09\/Magnesio-500mg-naturmil.jpg","contentUrl":"https:\/\/www.lifenatura.com\/wp-content\/uploads\/2021\/09\/Magnesio-500mg-naturmil.jpg","width":1000,"height":1000,"caption":"Magnesio 500 mg 90 comprimidos - Naturmil"},{"@type":"BreadcrumbList","@id":"https:\/\/www.lifenatura.com\/es\/produto\/magnesio-500-mg-90-comprimidos-naturmil-toma-4-paga-3\/#breadcrumb","itemListElement":[{"@type":"ListItem","position":1,"name":"In\u00edcio","item":"https:\/\/www.lifenatura.com\/es\/"},{"@type":"ListItem","position":2,"name":"Todos los Productos","item":"https:\/\/www.lifenatura.com\/es\/tienda\/"},{"@type":"ListItem","position":3,"name":"Magnesio 500 mg 90 comprimidos &#8211; Naturmil &#8211; Toma 4 Paga 3"}]},{"@type":"WebSite","@id":"https:\/\/www.lifenatura.com\/es\/#website","url":"https:\/\/www.lifenatura.com\/es\/","name":"Lifenatura","description":"A Lifenatura \u00e9 uma loja de produtos naturais, cosm\u00e9tica natural e alimenta\u00e7\u00e3o Biol\u00f3gica.","publisher":{"@id":"https:\/\/www.lifenatura.com\/es\/#organization"},"potentialAction":[{"@type":"SearchAction","target":{"@type":"EntryPoint","urlTemplate":"https:\/\/www.lifenatura.com\/es\/?s={search_term_string}"},"query-input":{"@type":"PropertyValueSpecification","valueRequired":true,"valueName":"search_term_string"}}],"inLanguage":"es"},{"@type":"Organization","@id":"https:\/\/www.lifenatura.com\/es\/#organization","name":"Lifenatura","url":"https:\/\/www.lifenatura.com\/es\/","logo":{"@type":"ImageObject","inLanguage":"es","@id":"https:\/\/www.lifenatura.com\/es\/#\/schema\/logo\/image\/","url":"https:\/\/www.lifenatura.com\/wp-content\/uploads\/2021\/07\/logo.png","contentUrl":"https:\/\/www.lifenatura.com\/wp-content\/uploads\/2021\/07\/logo.png","width":175,"height":55,"caption":"Lifenatura"},"image":{"@id":"https:\/\/www.lifenatura.com\/es\/#\/schema\/logo\/image\/"},"sameAs":["https:\/\/www.facebook.com\/lifenatura","https:\/\/www.instagram.com\/lifenaturapt\/"],"hasMerchantReturnPolicy":{"@type":"MerchantReturnPolicy","merchantReturnLink":"https:\/\/www.lifenatura.com\/termos-condicoes-lifenatura\/"}}]},"product_price_amount":"20.55","product_price_currency":"EUR","og_availability":"instock","product_availability":"instock","product_retailer_item_id":"56054814081688","product_condition":"new"},"df_price":20.55,"df_sale_price":21.18,"df_regular_price":35.28,"df_image_link":"https:\/\/www.lifenatura.com\/wp-content\/uploads\/2021\/09\/Magnesio-500mg-naturmil-300x300.jpg","_links":{"self":[{"href":"https:\/\/www.lifenatura.com\/es\/wp-json\/wp\/v2\/product\/127966","targetHints":{"allow":["GET"]}}],"collection":[{"href":"https:\/\/www.lifenatura.com\/es\/wp-json\/wp\/v2\/product"}],"about":[{"href":"https:\/\/www.lifenatura.com\/es\/wp-json\/wp\/v2\/types\/product"}],"wp:featuredmedia":[{"embeddable":true,"href":"https:\/\/www.lifenatura.com\/es\/wp-json\/wp\/v2\/media\/67275"}],"wp:attachment":[{"href":"https:\/\/www.lifenatura.com\/es\/wp-json\/wp\/v2\/media?parent=127966"}],"wp:term":[{"taxonomy":"product_brand","embeddable":true,"href":"https:\/\/www.lifenatura.com\/es\/wp-json\/wp\/v2\/product_brand?post=127966"},{"taxonomy":"product_cat","embeddable":true,"href":"https:\/\/www.lifenatura.com\/es\/wp-json\/wp\/v2\/product_cat?post=127966"},{"taxonomy":"product_tag","embeddable":true,"href":"https:\/\/www.lifenatura.com\/es\/wp-json\/wp\/v2\/product_tag?post=127966"}],"curies":[{"name":"wp","href":"https:\/\/api.w.org\/{rel}","templated":true}]}}