{"id":127915,"date":"2026-03-05T10:32:40","date_gmt":"2026-03-05T10:32:40","guid":{"rendered":"https:\/\/www.lifenatura.com\/?post_type=product&#038;p=127915"},"modified":"2026-03-30T00:11:26","modified_gmt":"2026-03-30T00:11:26","slug":"germen-de-trigo-500-mg-120-capsulas-naturmil-tomar-4-pagar-3","status":"publish","type":"product","link":"https:\/\/www.lifenatura.com\/es\/produto\/germen-de-trigo-500-mg-120-capsulas-naturmil-tomar-4-pagar-3\/","title":{"rendered":"Germen de Trigo 500 mg 120 c\u00e1psulas &#8211; Naturmil &#8211; Tomar 4 Pagar 3"},"content":{"rendered":"<h2 style=\"text-align: left;\">Germen de Trigo 500 mg 120 c\u00e1psulas &#8211; Naturmil &#8211; Tomar 4 Pagar 3<\/h2>\n<p>&nbsp;<\/p>\n<p>El germen de trigo puede considerarse la parte de la semilla donde se concentran todos los nutrientes necesarios para el crecimiento de la futura planta. Es una fuente natural de tocoferoles (vitamina E) con una marcada acci\u00f3n antioxidante, t\u00f3nico para el m\u00fasculo card\u00edaco, estimula la circulaci\u00f3n, protege las c\u00e9lulas del envejecimiento prematuro, reduce la fatiga, los niveles de colesterol y el estr\u00e9s. Regulariza las funciones sexuales en hombres y mujeres.<\/p>\n<p><strong>PRESENTACI\u00d3N<\/strong><\/p>\n<p>120 c\u00e1psulas.<\/p>\n<p>&nbsp;<\/p>\n","protected":false},"excerpt":{"rendered":"<p><span style=\"color: #ff0000;\">10% DE DESCUENTO en compras superiores a 50\u20ac con el cup\u00f3n <strong>LIFE1009<\/strong> y 15% DE DESCUENTO en compras superiores a 100\u20ac con el cup\u00f3n <strong>LIFE1509<\/strong> &#8211; HASTA <strong>EL 30 DE MAYO DE 2026<\/strong><\/span> [&#8230;]<\/p>\n<p><a class=\"btn btn-secondary understrap-read-more-link\" href=\"https:\/\/www.lifenatura.com\/es\/produto\/germen-de-trigo-500-mg-120-capsulas-naturmil-tomar-4-pagar-3\/\">Leer m\u00e1s&#8230;<span class=\"screen-reader-text\"> from Germen de Trigo 500 mg 120 c\u00e1psulas &#8211; Naturmil &#8211; Tomar 4 Pagar 3<\/span><\/a><\/p>\n","protected":false},"featured_media":50026,"template":"","meta":{"_acf_changed":false},"product_brand":[8435],"product_cat":[7221,8561,7263,7179],"product_tag":[],"class_list":{"0":"post-127915","1":"product","2":"type-product","3":"status-publish","4":"has-post-thumbnail","6":"product_brand-naturmil","7":"product_cat-sistema-circulatorio","8":"product_cat-naturmil-lleve-4-pago-3","9":"product_cat-packs-de-salud","10":"product_cat-salud","12":"first","13":"instock","14":"sale","15":"featured","16":"shipping-taxable","17":"purchasable","18":"product-type-woosb","19":"add-to-wishlist-before_image"},"acf":[],"yoast_head":"<!-- This site is optimized with the Yoast SEO Premium plugin v27.1 (Yoast SEO v27.4) - https:\/\/yoast.com\/product\/yoast-seo-premium-wordpress\/ -->\n<title>Naturmil Germen de Trigo 500 mg - Lifenatura<\/title>\n<meta name=\"description\" content=\"El germen de trigo se recomienda para apoyar el sistema cardiovascular, estimular la circulaci\u00f3n sangu\u00ednea y proteger las c\u00e9lulas del envejecimiento prematuro.\" \/>\n<meta name=\"robots\" content=\"index, follow, max-snippet:-1, max-image-preview:large, max-video-preview:-1\" \/>\n<link rel=\"canonical\" href=\"https:\/\/www.lifenatura.com\/es\/produto\/germen-de-trigo-500-mg-120-capsulas-naturmil-tomar-4-pagar-3\/\" \/>\n<meta property=\"og:locale\" content=\"es_ES\" \/>\n<meta property=\"og:type\" content=\"article\" \/>\n<meta property=\"og:title\" content=\"Germen de Trigo 500 mg 120 c\u00e1psulas - Naturmil - Tomar 4 Pagar 3 - Lifenatura\" \/>\n<meta property=\"og:description\" content=\"Compre aqui o seu Germen de Trigo 500 mg 120 c\u00e1psulas - Naturmil - Tomar 4 Pagar 3 e a Lifenatura Online envia em 48 H com Portes Gratis &gt;35\u20ac de Pedido.\" \/>\n<meta property=\"og:url\" content=\"https:\/\/www.lifenatura.com\/es\/produto\/germen-de-trigo-500-mg-120-capsulas-naturmil-tomar-4-pagar-3\/\" \/>\n<meta property=\"og:site_name\" content=\"Lifenatura\" \/>\n<meta property=\"article:publisher\" content=\"https:\/\/www.facebook.com\/lifenatura\" \/>\n<meta property=\"article:modified_time\" content=\"2026-03-30T00:11:26+00:00\" \/>\n<meta property=\"og:image\" content=\"https:\/\/www.lifenatura.com\/wp-content\/uploads\/2021\/09\/Germen-Trigo-500mg-naturmil.jpg\" \/>\n\t<meta property=\"og:image:width\" content=\"1000\" \/>\n\t<meta property=\"og:image:height\" content=\"1000\" \/>\n\t<meta property=\"og:image:type\" content=\"image\/jpeg\" \/>\n<meta name=\"twitter:card\" content=\"summary_large_image\" \/>\n<meta name=\"twitter:label1\" content=\"Precio\" \/>\n\t<meta name=\"twitter:data1\" content=\"31,65&nbsp;&euro;\" \/>\n\t<meta name=\"twitter:label2\" content=\"Disponibilidad\" \/>\n\t<meta name=\"twitter:data2\" content=\"Disponible\" \/>\n<meta property=\"product:price:amount\" content=\"31.65\" \/>\n<meta property=\"product:price:currency\" content=\"EUR\" \/>\n<meta property=\"og:availability\" content=\"instock\" \/>\n<meta property=\"product:availability\" content=\"instock\" \/>\n<meta property=\"product:retailer_item_id\" content=\"56054814076666\" \/>\n<meta property=\"product:condition\" content=\"new\" \/>\n<!-- \/ Yoast SEO Premium plugin. -->","yoast_head_json":{"title":"Naturmil Germen de Trigo 500 mg - Lifenatura","description":"El germen de trigo se recomienda para apoyar el sistema cardiovascular, estimular la circulaci\u00f3n sangu\u00ednea y proteger las c\u00e9lulas del envejecimiento prematuro.","robots":{"index":"index","follow":"follow","max-snippet":"max-snippet:-1","max-image-preview":"max-image-preview:large","max-video-preview":"max-video-preview:-1"},"canonical":"https:\/\/www.lifenatura.com\/es\/produto\/germen-de-trigo-500-mg-120-capsulas-naturmil-tomar-4-pagar-3\/","og_locale":"es_ES","og_type":"article","og_title":"Germen de Trigo 500 mg 120 c\u00e1psulas - Naturmil - Tomar 4 Pagar 3 - Lifenatura","og_description":"Compre aqui o seu Germen de Trigo 500 mg 120 c\u00e1psulas - Naturmil - Tomar 4 Pagar 3 e a Lifenatura Online envia em 48 H com Portes Gratis >35\u20ac de Pedido.","og_url":"https:\/\/www.lifenatura.com\/es\/produto\/germen-de-trigo-500-mg-120-capsulas-naturmil-tomar-4-pagar-3\/","og_site_name":"Lifenatura","article_publisher":"https:\/\/www.facebook.com\/lifenatura","article_modified_time":"2026-03-30T00:11:26+00:00","og_image":[{"width":1000,"height":1000,"url":"https:\/\/www.lifenatura.com\/wp-content\/uploads\/2021\/09\/Germen-Trigo-500mg-naturmil.jpg","type":"image\/jpeg"}],"twitter_card":"summary_large_image","twitter_misc":{"Precio":"31,65&nbsp;&euro;","Disponibilidad":"Disponible"},"schema":{"@context":"https:\/\/schema.org","@graph":[{"@type":"WebPage","@id":"https:\/\/www.lifenatura.com\/es\/produto\/germen-de-trigo-500-mg-120-capsulas-naturmil-tomar-4-pagar-3\/","url":"https:\/\/www.lifenatura.com\/es\/produto\/germen-de-trigo-500-mg-120-capsulas-naturmil-tomar-4-pagar-3\/","name":"Naturmil Germen de Trigo 500 mg - Lifenatura","isPartOf":{"@id":"https:\/\/www.lifenatura.com\/es\/#website"},"primaryImageOfPage":{"@id":"https:\/\/www.lifenatura.com\/es\/produto\/germen-de-trigo-500-mg-120-capsulas-naturmil-tomar-4-pagar-3\/#primaryimage"},"image":{"@id":"https:\/\/www.lifenatura.com\/es\/produto\/germen-de-trigo-500-mg-120-capsulas-naturmil-tomar-4-pagar-3\/#primaryimage"},"thumbnailUrl":"https:\/\/www.lifenatura.com\/wp-content\/uploads\/2021\/09\/Germen-Trigo-500mg-naturmil.jpg","datePublished":"2026-03-05T10:32:40+00:00","dateModified":"2026-03-30T00:11:26+00:00","description":"El germen de trigo se recomienda para apoyar el sistema cardiovascular, estimular la circulaci\u00f3n sangu\u00ednea y proteger las c\u00e9lulas del envejecimiento prematuro.","breadcrumb":{"@id":"https:\/\/www.lifenatura.com\/es\/produto\/germen-de-trigo-500-mg-120-capsulas-naturmil-tomar-4-pagar-3\/#breadcrumb"},"inLanguage":"es","potentialAction":[{"@type":"ReadAction","target":["https:\/\/www.lifenatura.com\/es\/produto\/germen-de-trigo-500-mg-120-capsulas-naturmil-tomar-4-pagar-3\/"]}]},{"@type":"ImageObject","inLanguage":"es","@id":"https:\/\/www.lifenatura.com\/es\/produto\/germen-de-trigo-500-mg-120-capsulas-naturmil-tomar-4-pagar-3\/#primaryimage","url":"https:\/\/www.lifenatura.com\/wp-content\/uploads\/2021\/09\/Germen-Trigo-500mg-naturmil.jpg","contentUrl":"https:\/\/www.lifenatura.com\/wp-content\/uploads\/2021\/09\/Germen-Trigo-500mg-naturmil.jpg","width":1000,"height":1000,"caption":"Germen de trigo 500 mg 120 c\u00e1psulas - Naturmil"},{"@type":"BreadcrumbList","@id":"https:\/\/www.lifenatura.com\/es\/produto\/germen-de-trigo-500-mg-120-capsulas-naturmil-tomar-4-pagar-3\/#breadcrumb","itemListElement":[{"@type":"ListItem","position":1,"name":"In\u00edcio","item":"https:\/\/www.lifenatura.com\/es\/"},{"@type":"ListItem","position":2,"name":"Todos los Productos","item":"https:\/\/www.lifenatura.com\/es\/tienda\/"},{"@type":"ListItem","position":3,"name":"Germen de Trigo 500 mg 120 c\u00e1psulas &#8211; Naturmil &#8211; Tomar 4 Pagar 3"}]},{"@type":"WebSite","@id":"https:\/\/www.lifenatura.com\/es\/#website","url":"https:\/\/www.lifenatura.com\/es\/","name":"Lifenatura","description":"A Lifenatura \u00e9 uma loja de produtos naturais, cosm\u00e9tica natural e alimenta\u00e7\u00e3o Biol\u00f3gica.","publisher":{"@id":"https:\/\/www.lifenatura.com\/es\/#organization"},"potentialAction":[{"@type":"SearchAction","target":{"@type":"EntryPoint","urlTemplate":"https:\/\/www.lifenatura.com\/es\/?s={search_term_string}"},"query-input":{"@type":"PropertyValueSpecification","valueRequired":true,"valueName":"search_term_string"}}],"inLanguage":"es"},{"@type":"Organization","@id":"https:\/\/www.lifenatura.com\/es\/#organization","name":"Lifenatura","url":"https:\/\/www.lifenatura.com\/es\/","logo":{"@type":"ImageObject","inLanguage":"es","@id":"https:\/\/www.lifenatura.com\/es\/#\/schema\/logo\/image\/","url":"https:\/\/www.lifenatura.com\/wp-content\/uploads\/2021\/11\/logo.png","contentUrl":"https:\/\/www.lifenatura.com\/wp-content\/uploads\/2021\/11\/logo.png","width":175,"height":55,"caption":"Lifenatura"},"image":{"@id":"https:\/\/www.lifenatura.com\/es\/#\/schema\/logo\/image\/"},"sameAs":["https:\/\/www.facebook.com\/lifenatura","https:\/\/www.instagram.com\/lifenaturapt\/"]}]},"product_price_amount":"31.65","product_price_currency":"EUR","og_availability":"instock","product_availability":"instock","product_retailer_item_id":"56054814076666","product_condition":"new"},"df_price":31.65,"df_sale_price":36.24,"df_regular_price":60.4,"df_image_link":"https:\/\/www.lifenatura.com\/wp-content\/uploads\/2021\/09\/Germen-Trigo-500mg-naturmil-300x300.jpg","_links":{"self":[{"href":"https:\/\/www.lifenatura.com\/es\/wp-json\/wp\/v2\/product\/127915","targetHints":{"allow":["GET"]}}],"collection":[{"href":"https:\/\/www.lifenatura.com\/es\/wp-json\/wp\/v2\/product"}],"about":[{"href":"https:\/\/www.lifenatura.com\/es\/wp-json\/wp\/v2\/types\/product"}],"wp:featuredmedia":[{"embeddable":true,"href":"https:\/\/www.lifenatura.com\/es\/wp-json\/wp\/v2\/media\/50026"}],"wp:attachment":[{"href":"https:\/\/www.lifenatura.com\/es\/wp-json\/wp\/v2\/media?parent=127915"}],"wp:term":[{"taxonomy":"product_brand","embeddable":true,"href":"https:\/\/www.lifenatura.com\/es\/wp-json\/wp\/v2\/product_brand?post=127915"},{"taxonomy":"product_cat","embeddable":true,"href":"https:\/\/www.lifenatura.com\/es\/wp-json\/wp\/v2\/product_cat?post=127915"},{"taxonomy":"product_tag","embeddable":true,"href":"https:\/\/www.lifenatura.com\/es\/wp-json\/wp\/v2\/product_tag?post=127915"}],"curies":[{"name":"wp","href":"https:\/\/api.w.org\/{rel}","templated":true}]}}