{"id":127712,"date":"2026-03-04T11:55:40","date_gmt":"2026-03-04T11:55:40","guid":{"rendered":"https:\/\/www.lifenatura.com\/?post_type=product&#038;p=127712"},"modified":"2026-03-30T00:11:05","modified_gmt":"2026-03-30T00:11:05","slug":"acido-alfa-lipoico-200mg-60-capsulas-naturmil-toma-4-paga-3","status":"publish","type":"product","link":"https:\/\/www.lifenatura.com\/es\/produto\/acido-alfa-lipoico-200mg-60-capsulas-naturmil-toma-4-paga-3\/","title":{"rendered":"\u00c1cido Alfa Lipoico 200mg 60 C\u00e1psulas &#8211; Naturmil &#8211; Toma 4 Paga 3"},"content":{"rendered":"<h2 style=\"text-align: left;\">\u00c1cido Alfa Lipoico 200mg 60 C\u00e1psulas &#8211; Naturmil &#8211; Toma 4 Paga 3<\/h2>\n<p>&nbsp;<\/p>\n<p>El \u00c1cido Alfa Lipoico 200 mg es un complemento alimenticio de alta calidad formulado para proporcionar un potente efecto antioxidante y apoyar la salud metab\u00f3lica. El \u00e1cido alfa lipoico es un compuesto natural que act\u00faa como un potente antioxidante, ayudando a proteger las c\u00e9lulas contra el da\u00f1o causado por los radicales libres. Este suplemento es ideal para quien desee mejorar la salud general, favorecer la funci\u00f3n metab\u00f3lica y promover el bienestar.<\/p>\n<p>Con una dosis de 200 mg por c\u00e1psula y presentado en envases de 60 c\u00e1psulas, el \u00c1cido Alfa Lipoico de Naturmil es un valioso complemento de la rutina diaria de salud y bienestar.<\/p>\n<p><strong>Sus principales objetivos son:<\/strong><\/p>\n<ul>\n<li><strong>Potente acci\u00f3n<\/strong> antioxidante: es un antioxidante eficaz que ayuda a neutralizar los radicales libres, protegiendo las c\u00e9lulas contra el da\u00f1o oxidativo y favoreciendo la salud celular. La vitamina E ayuda a proteger las c\u00e9lulas contra la oxidaci\u00f3n no deseada.<\/li>\n<li><strong>Apoyo al metabolismo energ\u00e9tico<\/strong>: este suplemento ayuda a mejorar el metabolismo energ\u00e9tico, favoreciendo la conversi\u00f3n eficaz de los alimentos en energ\u00eda y contribuyendo a aumentar los niveles de energ\u00eda.<\/li>\n<li><strong>Regulaci\u00f3n del az\u00facar en sangre<\/strong>: El \u00e1cido alfa lipoico se ha asociado a una mejora de la sensibilidad a la insulina, ayudando a regular los niveles de az\u00facar en sangre y favoreciendo la salud metab\u00f3lica.<\/li>\n<li><strong>Protecci\u00f3n cardiovascular<\/strong>: contribuye a la salud del coraz\u00f3n y los vasos sangu\u00edneos, ayudando a reducir la inflamaci\u00f3n y a proteger contra el estr\u00e9s oxidativo que puede provocar enfermedades cardiovasculares.<\/li>\n<li><strong>Salud neurol\u00f3gica<\/strong>: ayuda a proteger las c\u00e9lulas nerviosas de los da\u00f1os, fomentando la salud neurol\u00f3gica y mejorando la funci\u00f3n cognitiva.<\/li>\n<li><strong>Desintoxicaci\u00f3n corporal<\/strong>: favorece los procesos naturales de desintoxicaci\u00f3n del organismo, ayudando a eliminar toxinas y a promover un sistema inmunitario sano.<\/li>\n<\/ul>\n<p><strong>PRESENTACI\u00d3N<\/strong><\/p>\n<p>60 c\u00e1psulas<\/p>\n<p>&nbsp;<\/p>\n","protected":false},"excerpt":{"rendered":"<p><span style=\"color: #ff0000;\">10% DE DESCUENTO en compras superiores a 50\u20ac con el cup\u00f3n <strong>LIFE1009<\/strong> y 15% DE DESCUENTO en compras superiores a 100\u20ac con el cup\u00f3n <strong>LIFE1509<\/strong> &#8211; HASTA <strong>EL 30 DE MAYO DE 2026<\/strong><\/span> [&#8230;]<\/p>\n<p><a class=\"btn btn-secondary understrap-read-more-link\" href=\"https:\/\/www.lifenatura.com\/es\/produto\/acido-alfa-lipoico-200mg-60-capsulas-naturmil-toma-4-paga-3\/\">Leer m\u00e1s&#8230;<span class=\"screen-reader-text\"> from \u00c1cido Alfa Lipoico 200mg 60 C\u00e1psulas &#8211; Naturmil &#8211; Toma 4 Paga 3<\/span><\/a><\/p>\n","protected":false},"featured_media":92886,"template":"","meta":{"_acf_changed":false},"product_brand":[8435],"product_cat":[7236,7238,8561,7263,7179],"product_tag":[],"class_list":{"0":"post-127712","1":"product","2":"type-product","3":"status-publish","4":"has-post-thumbnail","6":"product_brand-naturmil","7":"product_cat-antioxidantes-salud","8":"product_cat-energizante-natural","9":"product_cat-naturmil-lleve-4-pago-3","10":"product_cat-packs-de-salud","11":"product_cat-salud","12":"pa_caracteristicas-sin-azucares-anadidos","13":"pa_caracteristicas-sin-gluten","14":"pa_caracteristicas-sin-lactosa","16":"first","17":"instock","18":"sale","19":"featured","20":"shipping-taxable","21":"purchasable","22":"product-type-woosb","23":"add-to-wishlist-before_image"},"acf":[],"yoast_head":"<!-- This site is optimized with the Yoast SEO Premium plugin v27.1 (Yoast SEO v27.4) - https:\/\/yoast.com\/product\/yoast-seo-premium-wordpress\/ -->\n<title>\u00c1cido Alfa Lipoico 200mg 60 C\u00e1psulas - Naturmil - Toma 4 Paga 3 - Na Lifenatura ao Melhor Pre\u00e7o | Envio em 48h<\/title>\n<meta name=\"description\" content=\"El \u00c1cido Alfa Lipoico es un complemento alimenticio formulado para proporcionar un potente efecto antioxidante y apoyar la salud metab\u00f3lica del organismo.\" \/>\n<meta name=\"robots\" content=\"index, follow, max-snippet:-1, max-image-preview:large, max-video-preview:-1\" \/>\n<link rel=\"canonical\" href=\"https:\/\/www.lifenatura.com\/es\/produto\/acido-alfa-lipoico-200mg-60-capsulas-naturmil-toma-4-paga-3\/\" \/>\n<meta property=\"og:locale\" content=\"es_ES\" \/>\n<meta property=\"og:type\" content=\"article\" \/>\n<meta property=\"og:title\" content=\"\u00c1cido Alfa Lipoico 200mg 60 C\u00e1psulas - Naturmil - Toma 4 Paga 3 - Na Lifenatura ao Melhor Pre\u00e7o | Envio 48h\" \/>\n<meta property=\"og:description\" content=\"Compre \u00c1cido Alfa Lipoico 200mg 60 C\u00e1psulas - Naturmil - Toma 4 Paga 3 com envio r\u00e1pido. Entrega em 48h e portes gr\u00e1tis em compras &gt;35\u20ac. Aproveite j\u00e1 na Lifenatura\" \/>\n<meta property=\"og:url\" content=\"https:\/\/www.lifenatura.com\/es\/produto\/acido-alfa-lipoico-200mg-60-capsulas-naturmil-toma-4-paga-3\/\" \/>\n<meta property=\"og:site_name\" content=\"Lifenatura\" \/>\n<meta property=\"article:publisher\" content=\"https:\/\/www.facebook.com\/lifenatura\" \/>\n<meta property=\"article:modified_time\" content=\"2026-03-30T00:11:05+00:00\" \/>\n<meta property=\"og:image\" content=\"https:\/\/www.lifenatura.com\/wp-content\/uploads\/2024\/06\/acido-alfa-lipoico-200mg-60capsulas-naturmil.jpg\" \/>\n\t<meta property=\"og:image:width\" content=\"1000\" \/>\n\t<meta property=\"og:image:height\" content=\"1000\" \/>\n\t<meta property=\"og:image:type\" content=\"image\/jpeg\" \/>\n<meta name=\"twitter:card\" content=\"summary_large_image\" \/>\n<meta name=\"twitter:label1\" content=\"Precio\" \/>\n\t<meta name=\"twitter:data1\" content=\"50,79&nbsp;&euro;\" \/>\n\t<meta name=\"twitter:label2\" content=\"Disponibilidad\" \/>\n\t<meta name=\"twitter:data2\" content=\"Disponible\" \/>\n<script type=\"application\/ld+json\" class=\"yoast-schema-graph\">{\"@context\":\"https:\\\/\\\/schema.org\",\"@graph\":[{\"@type\":\"WebPage\",\"@id\":\"https:\\\/\\\/www.lifenatura.com\\\/es\\\/produto\\\/acido-alfa-lipoico-200mg-60-capsulas-naturmil-toma-4-paga-3\\\/\",\"url\":\"https:\\\/\\\/www.lifenatura.com\\\/es\\\/produto\\\/acido-alfa-lipoico-200mg-60-capsulas-naturmil-toma-4-paga-3\\\/\",\"name\":\"\u00c1cido Alfa Lipoico 200mg 60 C\u00e1psulas - Naturmil - Toma 4 Paga 3 - Na Lifenatura ao Melhor Pre\u00e7o | Envio em 48h\",\"isPartOf\":{\"@id\":\"https:\\\/\\\/www.lifenatura.com\\\/es\\\/#website\"},\"primaryImageOfPage\":{\"@id\":\"https:\\\/\\\/www.lifenatura.com\\\/es\\\/produto\\\/acido-alfa-lipoico-200mg-60-capsulas-naturmil-toma-4-paga-3\\\/#primaryimage\"},\"image\":{\"@id\":\"https:\\\/\\\/www.lifenatura.com\\\/es\\\/produto\\\/acido-alfa-lipoico-200mg-60-capsulas-naturmil-toma-4-paga-3\\\/#primaryimage\"},\"thumbnailUrl\":\"https:\\\/\\\/www.lifenatura.com\\\/wp-content\\\/uploads\\\/2024\\\/06\\\/acido-alfa-lipoico-200mg-60capsulas-naturmil.jpg\",\"datePublished\":\"2026-03-04T11:55:40+00:00\",\"dateModified\":\"2026-03-30T00:11:05+00:00\",\"description\":\"El \u00c1cido Alfa Lipoico es un complemento alimenticio formulado para proporcionar un potente efecto antioxidante y apoyar la salud metab\u00f3lica del organismo.\",\"breadcrumb\":{\"@id\":\"https:\\\/\\\/www.lifenatura.com\\\/es\\\/produto\\\/acido-alfa-lipoico-200mg-60-capsulas-naturmil-toma-4-paga-3\\\/#breadcrumb\"},\"inLanguage\":\"es\",\"potentialAction\":[{\"@type\":\"ReadAction\",\"target\":[\"https:\\\/\\\/www.lifenatura.com\\\/es\\\/produto\\\/acido-alfa-lipoico-200mg-60-capsulas-naturmil-toma-4-paga-3\\\/\"]}]},{\"@type\":\"ImageObject\",\"inLanguage\":\"es\",\"@id\":\"https:\\\/\\\/www.lifenatura.com\\\/es\\\/produto\\\/acido-alfa-lipoico-200mg-60-capsulas-naturmil-toma-4-paga-3\\\/#primaryimage\",\"url\":\"https:\\\/\\\/www.lifenatura.com\\\/wp-content\\\/uploads\\\/2024\\\/06\\\/acido-alfa-lipoico-200mg-60capsulas-naturmil.jpg\",\"contentUrl\":\"https:\\\/\\\/www.lifenatura.com\\\/wp-content\\\/uploads\\\/2024\\\/06\\\/acido-alfa-lipoico-200mg-60capsulas-naturmil.jpg\",\"width\":1000,\"height\":1000,\"caption\":\"\u00c1cido Alfa Lipoico 200mg 60 C\u00e1psulas - Naturmil\"},{\"@type\":\"BreadcrumbList\",\"@id\":\"https:\\\/\\\/www.lifenatura.com\\\/es\\\/produto\\\/acido-alfa-lipoico-200mg-60-capsulas-naturmil-toma-4-paga-3\\\/#breadcrumb\",\"itemListElement\":[{\"@type\":\"ListItem\",\"position\":1,\"name\":\"In\u00edcio\",\"item\":\"https:\\\/\\\/www.lifenatura.com\\\/es\\\/\"},{\"@type\":\"ListItem\",\"position\":2,\"name\":\"Todos los Productos\",\"item\":\"https:\\\/\\\/www.lifenatura.com\\\/es\\\/tienda\\\/\"},{\"@type\":\"ListItem\",\"position\":3,\"name\":\"\u00c1cido Alfa Lipoico 200mg 60 C\u00e1psulas &#8211; Naturmil &#8211; Toma 4 Paga 3\"}]},{\"@type\":\"WebSite\",\"@id\":\"https:\\\/\\\/www.lifenatura.com\\\/es\\\/#website\",\"url\":\"https:\\\/\\\/www.lifenatura.com\\\/es\\\/\",\"name\":\"Lifenatura\",\"description\":\"A Lifenatura \u00e9 uma loja de produtos naturais, cosm\u00e9tica natural e alimenta\u00e7\u00e3o Biol\u00f3gica.\",\"publisher\":{\"@id\":\"https:\\\/\\\/www.lifenatura.com\\\/es\\\/#organization\"},\"potentialAction\":[{\"@type\":\"SearchAction\",\"target\":{\"@type\":\"EntryPoint\",\"urlTemplate\":\"https:\\\/\\\/www.lifenatura.com\\\/es\\\/?s={search_term_string}\"},\"query-input\":{\"@type\":\"PropertyValueSpecification\",\"valueRequired\":true,\"valueName\":\"search_term_string\"}}],\"inLanguage\":\"es\"},{\"@type\":\"Organization\",\"@id\":\"https:\\\/\\\/www.lifenatura.com\\\/es\\\/#organization\",\"name\":\"Lifenatura\",\"url\":\"https:\\\/\\\/www.lifenatura.com\\\/es\\\/\",\"logo\":{\"@type\":\"ImageObject\",\"inLanguage\":\"es\",\"@id\":\"https:\\\/\\\/www.lifenatura.com\\\/es\\\/#\\\/schema\\\/logo\\\/image\\\/\",\"url\":\"https:\\\/\\\/www.lifenatura.com\\\/wp-content\\\/uploads\\\/2021\\\/07\\\/logo.png\",\"contentUrl\":\"https:\\\/\\\/www.lifenatura.com\\\/wp-content\\\/uploads\\\/2021\\\/07\\\/logo.png\",\"width\":175,\"height\":55,\"caption\":\"Lifenatura\"},\"image\":{\"@id\":\"https:\\\/\\\/www.lifenatura.com\\\/es\\\/#\\\/schema\\\/logo\\\/image\\\/\"},\"sameAs\":[\"https:\\\/\\\/www.facebook.com\\\/lifenatura\",\"https:\\\/\\\/www.instagram.com\\\/lifenaturapt\\\/\"],\"hasMerchantReturnPolicy\":{\"@type\":\"MerchantReturnPolicy\",\"merchantReturnLink\":\"https:\\\/\\\/www.lifenatura.com\\\/termos-condicoes-lifenatura\\\/\"}}]}<\/script>\n<meta property=\"product:price:amount\" content=\"50.79\" \/>\n<meta property=\"product:price:currency\" content=\"EUR\" \/>\n<meta property=\"og:availability\" content=\"instock\" \/>\n<meta property=\"product:availability\" content=\"instock\" \/>\n<meta property=\"product:retailer_item_id\" content=\"56054812092222\" \/>\n<meta property=\"product:condition\" content=\"new\" \/>\n<!-- \/ Yoast SEO Premium plugin. -->","yoast_head_json":{"title":"\u00c1cido Alfa Lipoico 200mg 60 C\u00e1psulas - Naturmil - Toma 4 Paga 3 - Na Lifenatura ao Melhor Pre\u00e7o | Envio em 48h","description":"El \u00c1cido Alfa Lipoico es un complemento alimenticio formulado para proporcionar un potente efecto antioxidante y apoyar la salud metab\u00f3lica del organismo.","robots":{"index":"index","follow":"follow","max-snippet":"max-snippet:-1","max-image-preview":"max-image-preview:large","max-video-preview":"max-video-preview:-1"},"canonical":"https:\/\/www.lifenatura.com\/es\/produto\/acido-alfa-lipoico-200mg-60-capsulas-naturmil-toma-4-paga-3\/","og_locale":"es_ES","og_type":"article","og_title":"\u00c1cido Alfa Lipoico 200mg 60 C\u00e1psulas - Naturmil - Toma 4 Paga 3 - Na Lifenatura ao Melhor Pre\u00e7o | Envio 48h","og_description":"Compre \u00c1cido Alfa Lipoico 200mg 60 C\u00e1psulas - Naturmil - Toma 4 Paga 3 com envio r\u00e1pido. Entrega em 48h e portes gr\u00e1tis em compras >35\u20ac. Aproveite j\u00e1 na Lifenatura","og_url":"https:\/\/www.lifenatura.com\/es\/produto\/acido-alfa-lipoico-200mg-60-capsulas-naturmil-toma-4-paga-3\/","og_site_name":"Lifenatura","article_publisher":"https:\/\/www.facebook.com\/lifenatura","article_modified_time":"2026-03-30T00:11:05+00:00","og_image":[{"width":1000,"height":1000,"url":"https:\/\/www.lifenatura.com\/wp-content\/uploads\/2024\/06\/acido-alfa-lipoico-200mg-60capsulas-naturmil.jpg","type":"image\/jpeg"}],"twitter_card":"summary_large_image","twitter_misc":{"Precio":"50,79&nbsp;&euro;","Disponibilidad":"Disponible"},"schema":{"@context":"https:\/\/schema.org","@graph":[{"@type":"WebPage","@id":"https:\/\/www.lifenatura.com\/es\/produto\/acido-alfa-lipoico-200mg-60-capsulas-naturmil-toma-4-paga-3\/","url":"https:\/\/www.lifenatura.com\/es\/produto\/acido-alfa-lipoico-200mg-60-capsulas-naturmil-toma-4-paga-3\/","name":"\u00c1cido Alfa Lipoico 200mg 60 C\u00e1psulas - Naturmil - Toma 4 Paga 3 - Na Lifenatura ao Melhor Pre\u00e7o | Envio em 48h","isPartOf":{"@id":"https:\/\/www.lifenatura.com\/es\/#website"},"primaryImageOfPage":{"@id":"https:\/\/www.lifenatura.com\/es\/produto\/acido-alfa-lipoico-200mg-60-capsulas-naturmil-toma-4-paga-3\/#primaryimage"},"image":{"@id":"https:\/\/www.lifenatura.com\/es\/produto\/acido-alfa-lipoico-200mg-60-capsulas-naturmil-toma-4-paga-3\/#primaryimage"},"thumbnailUrl":"https:\/\/www.lifenatura.com\/wp-content\/uploads\/2024\/06\/acido-alfa-lipoico-200mg-60capsulas-naturmil.jpg","datePublished":"2026-03-04T11:55:40+00:00","dateModified":"2026-03-30T00:11:05+00:00","description":"El \u00c1cido Alfa Lipoico es un complemento alimenticio formulado para proporcionar un potente efecto antioxidante y apoyar la salud metab\u00f3lica del organismo.","breadcrumb":{"@id":"https:\/\/www.lifenatura.com\/es\/produto\/acido-alfa-lipoico-200mg-60-capsulas-naturmil-toma-4-paga-3\/#breadcrumb"},"inLanguage":"es","potentialAction":[{"@type":"ReadAction","target":["https:\/\/www.lifenatura.com\/es\/produto\/acido-alfa-lipoico-200mg-60-capsulas-naturmil-toma-4-paga-3\/"]}]},{"@type":"ImageObject","inLanguage":"es","@id":"https:\/\/www.lifenatura.com\/es\/produto\/acido-alfa-lipoico-200mg-60-capsulas-naturmil-toma-4-paga-3\/#primaryimage","url":"https:\/\/www.lifenatura.com\/wp-content\/uploads\/2024\/06\/acido-alfa-lipoico-200mg-60capsulas-naturmil.jpg","contentUrl":"https:\/\/www.lifenatura.com\/wp-content\/uploads\/2024\/06\/acido-alfa-lipoico-200mg-60capsulas-naturmil.jpg","width":1000,"height":1000,"caption":"\u00c1cido Alfa Lipoico 200mg 60 C\u00e1psulas - Naturmil"},{"@type":"BreadcrumbList","@id":"https:\/\/www.lifenatura.com\/es\/produto\/acido-alfa-lipoico-200mg-60-capsulas-naturmil-toma-4-paga-3\/#breadcrumb","itemListElement":[{"@type":"ListItem","position":1,"name":"In\u00edcio","item":"https:\/\/www.lifenatura.com\/es\/"},{"@type":"ListItem","position":2,"name":"Todos los Productos","item":"https:\/\/www.lifenatura.com\/es\/tienda\/"},{"@type":"ListItem","position":3,"name":"\u00c1cido Alfa Lipoico 200mg 60 C\u00e1psulas &#8211; Naturmil &#8211; Toma 4 Paga 3"}]},{"@type":"WebSite","@id":"https:\/\/www.lifenatura.com\/es\/#website","url":"https:\/\/www.lifenatura.com\/es\/","name":"Lifenatura","description":"A Lifenatura \u00e9 uma loja de produtos naturais, cosm\u00e9tica natural e alimenta\u00e7\u00e3o Biol\u00f3gica.","publisher":{"@id":"https:\/\/www.lifenatura.com\/es\/#organization"},"potentialAction":[{"@type":"SearchAction","target":{"@type":"EntryPoint","urlTemplate":"https:\/\/www.lifenatura.com\/es\/?s={search_term_string}"},"query-input":{"@type":"PropertyValueSpecification","valueRequired":true,"valueName":"search_term_string"}}],"inLanguage":"es"},{"@type":"Organization","@id":"https:\/\/www.lifenatura.com\/es\/#organization","name":"Lifenatura","url":"https:\/\/www.lifenatura.com\/es\/","logo":{"@type":"ImageObject","inLanguage":"es","@id":"https:\/\/www.lifenatura.com\/es\/#\/schema\/logo\/image\/","url":"https:\/\/www.lifenatura.com\/wp-content\/uploads\/2021\/07\/logo.png","contentUrl":"https:\/\/www.lifenatura.com\/wp-content\/uploads\/2021\/07\/logo.png","width":175,"height":55,"caption":"Lifenatura"},"image":{"@id":"https:\/\/www.lifenatura.com\/es\/#\/schema\/logo\/image\/"},"sameAs":["https:\/\/www.facebook.com\/lifenatura","https:\/\/www.instagram.com\/lifenaturapt\/"],"hasMerchantReturnPolicy":{"@type":"MerchantReturnPolicy","merchantReturnLink":"https:\/\/www.lifenatura.com\/termos-condicoes-lifenatura\/"}}]},"product_price_amount":"50.79","product_price_currency":"EUR","og_availability":"instock","product_availability":"instock","product_retailer_item_id":"56054812092222","product_condition":"new"},"df_price":50.79,"df_sale_price":52.32,"df_regular_price":87.16,"df_image_link":"https:\/\/www.lifenatura.com\/wp-content\/uploads\/2024\/06\/acido-alfa-lipoico-200mg-60capsulas-naturmil-300x300.jpg","_links":{"self":[{"href":"https:\/\/www.lifenatura.com\/es\/wp-json\/wp\/v2\/product\/127712","targetHints":{"allow":["GET"]}}],"collection":[{"href":"https:\/\/www.lifenatura.com\/es\/wp-json\/wp\/v2\/product"}],"about":[{"href":"https:\/\/www.lifenatura.com\/es\/wp-json\/wp\/v2\/types\/product"}],"wp:featuredmedia":[{"embeddable":true,"href":"https:\/\/www.lifenatura.com\/es\/wp-json\/wp\/v2\/media\/92886"}],"wp:attachment":[{"href":"https:\/\/www.lifenatura.com\/es\/wp-json\/wp\/v2\/media?parent=127712"}],"wp:term":[{"taxonomy":"product_brand","embeddable":true,"href":"https:\/\/www.lifenatura.com\/es\/wp-json\/wp\/v2\/product_brand?post=127712"},{"taxonomy":"product_cat","embeddable":true,"href":"https:\/\/www.lifenatura.com\/es\/wp-json\/wp\/v2\/product_cat?post=127712"},{"taxonomy":"product_tag","embeddable":true,"href":"https:\/\/www.lifenatura.com\/es\/wp-json\/wp\/v2\/product_tag?post=127712"}],"curies":[{"name":"wp","href":"https:\/\/api.w.org\/{rel}","templated":true}]}}