{"id":125850,"date":"2025-10-22T15:04:19","date_gmt":"2025-10-22T15:04:19","guid":{"rendered":"https:\/\/www.lifenatura.com\/produto\/japol-aceite-esencial-de-menta-japonesa-10ml-salus\/"},"modified":"2026-02-04T07:30:42","modified_gmt":"2026-02-04T07:30:42","slug":"japol-aceite-esencial-de-menta-japonesa-10ml-salus","status":"publish","type":"product","link":"https:\/\/www.lifenatura.com\/es\/produto\/japol-aceite-esencial-de-menta-japonesa-10ml-salus\/","title":{"rendered":"Japol Aceite Esencial de Menta Japonesa 10ml &#8211; Salus"},"content":{"rendered":"<h2 style=\"text-align: left;\" data-start=\"0\" data-end=\"88\"><strong data-start=\"3\" data-end=\"88\">Aceite esencial de menta japonesa Japol &#8211; Salus<\/strong><\/h2>\n<p>&nbsp;<\/p>\n<p data-start=\"90\" data-end=\"546\"><strong data-start=\"92\" data-end=\"151\">El Aceite Esencial de Menta Japonesa Japol de Salus (10 ml)<\/strong> es un aceite puro, altamente concentrado, extra\u00eddo de las hojas de <em data-start=\"215\" data-end=\"232\">Mentha arvensis<\/em>, conocida por su intenso poder refrescante y sus propiedades descongestionantes y estimulantes. Este aceite esencial, tradicionalmente valorado en la cultura japonesa, se utiliza mucho para proporcionar alivio respiratorio, relajaci\u00f3n muscular y una sensaci\u00f3n inmediata de frescor y claridad mental. <\/p>\n<p data-start=\"548\" data-end=\"1023\">El penetrante aroma de la menta japonesa act\u00faa r\u00e1pidamente en las v\u00edas respiratorias, ayudando a liberar la respiraci\u00f3n y aliviando la sensaci\u00f3n de congesti\u00f3n. Al mismo tiempo, el efecto refrescante del mentol ayuda a aliviar la tensi\u00f3n en la cabeza, los m\u00fasculos cansados o la sobrecarga mental. Gracias a su versatilidad, Japol puede aplicarse t\u00f3picamente (diluido), utilizarse en inhalaciones o difusores, lo que permite m\u00faltiples formas de beneficiarse de las propiedades terap\u00e9uticas de la menta.  <\/p>\n<p data-start=\"1025\" data-end=\"1237\">Producido seg\u00fan estrictas normas de pureza y calidad, este aceite esencial es una herramienta natural indispensable para el cuidado diario, especialmente \u00fatil en periodos de resfriados, fatiga o estr\u00e9s acumulado.<\/p>\n<p data-start=\"1239\" data-end=\"1268\"><strong data-start=\"1243\" data-end=\"1268\">Principales ventajas<\/strong><\/p>\n<ul data-start=\"1269\" data-end=\"1661\">\n<li data-start=\"1269\" data-end=\"1349\">\n<p data-start=\"1271\" data-end=\"1349\"><strong data-start=\"1271\" data-end=\"1320\">Ayuda a descongestionar las v\u00edas respiratorias<\/strong>, facilitando la respiraci\u00f3n.<\/p>\n<\/li>\n<li data-start=\"1350\" data-end=\"1439\">\n<p data-start=\"1352\" data-end=\"1439\"><strong data-start=\"1352\" data-end=\"1380\">Acci\u00f3n refrescante intensa<\/strong>, que proporciona un alivio inmediato y una sensaci\u00f3n de bienestar.<\/p>\n<\/li>\n<li data-start=\"1440\" data-end=\"1514\">\n<p data-start=\"1442\" data-end=\"1514\"><strong data-start=\"1442\" data-end=\"1474\">Favorece la relajaci\u00f3n muscular<\/strong> y puede ser \u00fatil en zonas de tensi\u00f3n.<\/p>\n<\/li>\n<li data-start=\"1515\" data-end=\"1605\">\n<p data-start=\"1517\" data-end=\"1605\"><strong data-start=\"1517\" data-end=\"1546\">Estimula la claridad mental<\/strong>, ayudando en situaciones de fatiga o dificultad para concentrarse.<\/p>\n<\/li>\n<li data-start=\"1606\" data-end=\"1661\">\n<p data-start=\"1608\" data-end=\"1661\">Aceite esencial puro, vers\u00e1til y de gran calidad.<\/p>\n<\/li>\n<\/ul>\n<p data-start=\"1663\" data-end=\"1684\"><strong data-start=\"1667\" data-end=\"1684\">Adecuado para<\/strong><\/p>\n<p data-start=\"1685\" data-end=\"1745\">El Aceite Esencial de Menta Japonesa Japol se recomienda para:<\/p>\n<ul data-start=\"1746\" data-end=\"2082\">\n<li data-start=\"1746\" data-end=\"1816\">\n<p data-start=\"1748\" data-end=\"1816\">Personas con congesti\u00f3n nasal o necesidad de alivio respiratorio;<\/p>\n<\/li>\n<li data-start=\"1817\" data-end=\"1891\">\n<p data-start=\"1819\" data-end=\"1891\">Cualquier persona que experimente tensi\u00f3n muscular o dolores de cabeza relacionados con el estr\u00e9s;<\/p>\n<\/li>\n<li data-start=\"1892\" data-end=\"1954\">\n<p data-start=\"1894\" data-end=\"1954\">Personas que buscan frescura y revitalizaci\u00f3n inmediata;<\/p>\n<\/li>\n<li data-start=\"1955\" data-end=\"2018\">\n<p data-start=\"1957\" data-end=\"2018\">Los que utilizan la aromaterapia para favorecer su bienestar diario;<\/p>\n<\/li>\n<li data-start=\"2019\" data-end=\"2082\">\n<p data-start=\"2021\" data-end=\"2082\">Personas que valoran las soluciones naturales, pr\u00e1cticas y eficaces.<\/p>\n<\/li>\n<\/ul>\n<p><strong>Presentaci\u00f3n:<\/strong><\/p>\n<p>10 ml<\/p>\n<p>&nbsp;<\/p>\n","protected":false},"excerpt":{"rendered":"<p>Aceite Esencial de Menta Japonesa Japol Salus &#8211; aceite puro con acci\u00f3n descongestionante, refrescante y revitalizante. Ideal para la respiraci\u00f3n y el alivio muscular.  [&#8230;]<\/p>\n<p><a class=\"btn btn-secondary understrap-read-more-link\" href=\"https:\/\/www.lifenatura.com\/es\/produto\/japol-aceite-esencial-de-menta-japonesa-10ml-salus\/\">Leer m\u00e1s&#8230;<span class=\"screen-reader-text\"> from Japol Aceite Esencial de Menta Japonesa 10ml &#8211; Salus<\/span><\/a><\/p>\n","protected":false},"featured_media":119530,"template":"","meta":{"_acf_changed":false},"product_brand":[8378],"product_cat":[7201,7179],"product_tag":[],"class_list":{"0":"post-125850","1":"product","2":"type-product","3":"status-publish","4":"has-post-thumbnail","6":"product_brand-salus","7":"product_cat-aromaterapia-salud","8":"product_cat-salud","10":"first","11":"instock","12":"shipping-taxable","13":"purchasable","14":"product-type-simple","15":"add-to-wishlist-before_image"},"acf":[],"yoast_head":"<!-- This site is optimized with the Yoast SEO Premium plugin v27.1 (Yoast SEO v27.3) - https:\/\/yoast.com\/product\/yoast-seo-premium-wordpress\/ -->\n<title>Japol Aceite Esencial de Menta Japonesa 10ml - Salus - Lifenatura<\/title>\n<meta name=\"description\" content=\"Aceite Esencial de Menta Japonesa Japol Salus - aceite puro con acci\u00f3n descongestionante, refrescante y revitalizante. Ideal para la respiraci\u00f3n y el alivio muscular.\" \/>\n<meta name=\"robots\" content=\"index, follow, max-snippet:-1, max-image-preview:large, max-video-preview:-1\" \/>\n<link rel=\"canonical\" href=\"https:\/\/www.lifenatura.com\/es\/produto\/japol-aceite-esencial-de-menta-japonesa-10ml-salus\/\" \/>\n<meta property=\"og:locale\" content=\"es_ES\" \/>\n<meta property=\"og:type\" content=\"article\" \/>\n<meta property=\"og:title\" content=\"Japol Aceite Esencial de Menta Japonesa 10ml - Salus - Lifenatura\" \/>\n<meta property=\"og:description\" content=\"Compre aqui o seu Japol Aceite Esencial de Menta Japonesa 10ml - Salus e a Lifenatura Online envia em 48 H com Portes Gratis &gt;35\u20ac de Pedido.\" \/>\n<meta property=\"og:url\" content=\"https:\/\/www.lifenatura.com\/es\/produto\/japol-aceite-esencial-de-menta-japonesa-10ml-salus\/\" \/>\n<meta property=\"og:site_name\" content=\"Lifenatura\" \/>\n<meta property=\"article:publisher\" content=\"https:\/\/www.facebook.com\/lifenatura\" \/>\n<meta property=\"article:modified_time\" content=\"2026-02-04T07:30:42+00:00\" \/>\n<meta property=\"og:image\" content=\"https:\/\/www.lifenatura.com\/wp-content\/uploads\/2025\/10\/japol-oleo-essencial-menta-japonesa-salus.jpg\" \/>\n\t<meta property=\"og:image:width\" content=\"1000\" \/>\n\t<meta property=\"og:image:height\" content=\"1000\" \/>\n\t<meta property=\"og:image:type\" content=\"image\/jpeg\" \/>\n<meta name=\"twitter:card\" content=\"summary_large_image\" \/>\n<meta name=\"twitter:label1\" content=\"Precio\" \/>\n\t<meta name=\"twitter:data1\" content=\"12,95&nbsp;&euro;\" \/>\n\t<meta name=\"twitter:label2\" content=\"Disponibilidad\" \/>\n\t<meta name=\"twitter:data2\" content=\"Disponible\" \/>\n<meta property=\"product:price:amount\" content=\"12.95\" \/>\n<meta property=\"product:price:currency\" content=\"EUR\" \/>\n<meta property=\"og:availability\" content=\"instock\" \/>\n<meta property=\"product:availability\" content=\"instock\" \/>\n<meta property=\"product:retailer_item_id\" content=\"4004148018107\" \/>\n<meta property=\"product:condition\" content=\"new\" \/>\n<!-- \/ Yoast SEO Premium plugin. -->","yoast_head_json":{"title":"Japol Aceite Esencial de Menta Japonesa 10ml - Salus - Lifenatura","description":"Aceite Esencial de Menta Japonesa Japol Salus - aceite puro con acci\u00f3n descongestionante, refrescante y revitalizante. Ideal para la respiraci\u00f3n y el alivio muscular.","robots":{"index":"index","follow":"follow","max-snippet":"max-snippet:-1","max-image-preview":"max-image-preview:large","max-video-preview":"max-video-preview:-1"},"canonical":"https:\/\/www.lifenatura.com\/es\/produto\/japol-aceite-esencial-de-menta-japonesa-10ml-salus\/","og_locale":"es_ES","og_type":"article","og_title":"Japol Aceite Esencial de Menta Japonesa 10ml - Salus - Lifenatura","og_description":"Compre aqui o seu Japol Aceite Esencial de Menta Japonesa 10ml - Salus e a Lifenatura Online envia em 48 H com Portes Gratis >35\u20ac de Pedido.","og_url":"https:\/\/www.lifenatura.com\/es\/produto\/japol-aceite-esencial-de-menta-japonesa-10ml-salus\/","og_site_name":"Lifenatura","article_publisher":"https:\/\/www.facebook.com\/lifenatura","article_modified_time":"2026-02-04T07:30:42+00:00","og_image":[{"width":1000,"height":1000,"url":"https:\/\/www.lifenatura.com\/wp-content\/uploads\/2025\/10\/japol-oleo-essencial-menta-japonesa-salus.jpg","type":"image\/jpeg"}],"twitter_card":"summary_large_image","twitter_misc":{"Precio":"12,95&nbsp;&euro;","Disponibilidad":"Disponible"},"schema":{"@context":"https:\/\/schema.org","@graph":[{"@type":"WebPage","@id":"https:\/\/www.lifenatura.com\/es\/produto\/japol-aceite-esencial-de-menta-japonesa-10ml-salus\/","url":"https:\/\/www.lifenatura.com\/es\/produto\/japol-aceite-esencial-de-menta-japonesa-10ml-salus\/","name":"Japol Aceite Esencial de Menta Japonesa 10ml - Salus - Lifenatura","isPartOf":{"@id":"https:\/\/www.lifenatura.com\/es\/#website"},"primaryImageOfPage":{"@id":"https:\/\/www.lifenatura.com\/es\/produto\/japol-aceite-esencial-de-menta-japonesa-10ml-salus\/#primaryimage"},"image":{"@id":"https:\/\/www.lifenatura.com\/es\/produto\/japol-aceite-esencial-de-menta-japonesa-10ml-salus\/#primaryimage"},"thumbnailUrl":"https:\/\/www.lifenatura.com\/wp-content\/uploads\/2025\/10\/japol-oleo-essencial-menta-japonesa-salus.jpg","datePublished":"2025-10-22T15:04:19+00:00","dateModified":"2026-02-04T07:30:42+00:00","description":"Aceite Esencial de Menta Japonesa Japol Salus - aceite puro con acci\u00f3n descongestionante, refrescante y revitalizante. Ideal para la respiraci\u00f3n y el alivio muscular.","breadcrumb":{"@id":"https:\/\/www.lifenatura.com\/es\/produto\/japol-aceite-esencial-de-menta-japonesa-10ml-salus\/#breadcrumb"},"inLanguage":"es","potentialAction":[{"@type":"ReadAction","target":["https:\/\/www.lifenatura.com\/es\/produto\/japol-aceite-esencial-de-menta-japonesa-10ml-salus\/"]}]},{"@type":"ImageObject","inLanguage":"es","@id":"https:\/\/www.lifenatura.com\/es\/produto\/japol-aceite-esencial-de-menta-japonesa-10ml-salus\/#primaryimage","url":"https:\/\/www.lifenatura.com\/wp-content\/uploads\/2025\/10\/japol-oleo-essencial-menta-japonesa-salus.jpg","contentUrl":"https:\/\/www.lifenatura.com\/wp-content\/uploads\/2025\/10\/japol-oleo-essencial-menta-japonesa-salus.jpg","width":1000,"height":1000,"caption":"Esencia de menta japonesa Japol de Salus"},{"@type":"BreadcrumbList","@id":"https:\/\/www.lifenatura.com\/es\/produto\/japol-aceite-esencial-de-menta-japonesa-10ml-salus\/#breadcrumb","itemListElement":[{"@type":"ListItem","position":1,"name":"In\u00edcio","item":"https:\/\/www.lifenatura.com\/es\/"},{"@type":"ListItem","position":2,"name":"Todos los Productos","item":"https:\/\/www.lifenatura.com\/es\/tienda\/"},{"@type":"ListItem","position":3,"name":"Japol Aceite Esencial de Menta Japonesa 10ml &#8211; Salus"}]},{"@type":"WebSite","@id":"https:\/\/www.lifenatura.com\/es\/#website","url":"https:\/\/www.lifenatura.com\/es\/","name":"Lifenatura","description":"A Lifenatura \u00e9 uma loja de produtos naturais, cosm\u00e9tica natural e alimenta\u00e7\u00e3o Biol\u00f3gica.","publisher":{"@id":"https:\/\/www.lifenatura.com\/es\/#organization"},"potentialAction":[{"@type":"SearchAction","target":{"@type":"EntryPoint","urlTemplate":"https:\/\/www.lifenatura.com\/es\/?s={search_term_string}"},"query-input":{"@type":"PropertyValueSpecification","valueRequired":true,"valueName":"search_term_string"}}],"inLanguage":"es"},{"@type":"Organization","@id":"https:\/\/www.lifenatura.com\/es\/#organization","name":"Lifenatura","url":"https:\/\/www.lifenatura.com\/es\/","logo":{"@type":"ImageObject","inLanguage":"es","@id":"https:\/\/www.lifenatura.com\/es\/#\/schema\/logo\/image\/","url":"https:\/\/www.lifenatura.com\/wp-content\/uploads\/2021\/11\/logo.png","contentUrl":"https:\/\/www.lifenatura.com\/wp-content\/uploads\/2021\/11\/logo.png","width":175,"height":55,"caption":"Lifenatura"},"image":{"@id":"https:\/\/www.lifenatura.com\/es\/#\/schema\/logo\/image\/"},"sameAs":["https:\/\/www.facebook.com\/lifenatura","https:\/\/www.instagram.com\/lifenaturapt\/"]}]},"product_price_amount":"12.95","product_price_currency":"EUR","og_availability":"instock","product_availability":"instock","product_retailer_item_id":"4004148018107","product_condition":"new"},"df_price":12.95,"df_sale_price":"","df_regular_price":12.95,"df_image_link":"https:\/\/www.lifenatura.com\/wp-content\/uploads\/2025\/10\/japol-oleo-essencial-menta-japonesa-salus-300x300.jpg","_links":{"self":[{"href":"https:\/\/www.lifenatura.com\/es\/wp-json\/wp\/v2\/product\/125850","targetHints":{"allow":["GET"]}}],"collection":[{"href":"https:\/\/www.lifenatura.com\/es\/wp-json\/wp\/v2\/product"}],"about":[{"href":"https:\/\/www.lifenatura.com\/es\/wp-json\/wp\/v2\/types\/product"}],"wp:featuredmedia":[{"embeddable":true,"href":"https:\/\/www.lifenatura.com\/es\/wp-json\/wp\/v2\/media\/119530"}],"wp:attachment":[{"href":"https:\/\/www.lifenatura.com\/es\/wp-json\/wp\/v2\/media?parent=125850"}],"wp:term":[{"taxonomy":"product_brand","embeddable":true,"href":"https:\/\/www.lifenatura.com\/es\/wp-json\/wp\/v2\/product_brand?post=125850"},{"taxonomy":"product_cat","embeddable":true,"href":"https:\/\/www.lifenatura.com\/es\/wp-json\/wp\/v2\/product_cat?post=125850"},{"taxonomy":"product_tag","embeddable":true,"href":"https:\/\/www.lifenatura.com\/es\/wp-json\/wp\/v2\/product_tag?post=125850"}],"curies":[{"name":"wp","href":"https:\/\/api.w.org\/{rel}","templated":true}]}}