{"id":125849,"date":"2025-10-22T15:04:18","date_gmt":"2025-10-22T15:04:18","guid":{"rendered":"https:\/\/www.lifenatura.com\/produto\/ginkocel-forte-100-40-capsulas-salus\/"},"modified":"2026-02-04T07:30:41","modified_gmt":"2026-02-04T07:30:41","slug":"ginkocel-forte-100-40-capsulas-salus","status":"publish","type":"product","link":"https:\/\/www.lifenatura.com\/es\/produto\/ginkocel-forte-100-40-capsulas-salus\/","title":{"rendered":"Ginkocel Forte 100 40 C\u00e1psulas &#8211; Salus"},"content":{"rendered":"<h2 style=\"text-align: left;\" data-start=\"0\" data-end=\"83\"><strong data-start=\"3\" data-end=\"83\">Ginkocel Forte 1000 &#8211; Salus<\/strong><\/h2>\n<p>&nbsp;<\/p>\n<p data-start=\"85\" data-end=\"616\"><strong data-start=\"87\" data-end=\"133\">Ginkocel Forte 1000 de Salus (40 c\u00e1psulas)<\/strong> es un complemento formulado a partir de un extracto concentrado de <em data-start=\"198\" data-end=\"213\">Ginkgo biloba<\/em>, una planta tradicionalmente reconocida por su contribuci\u00f3n a la memoria, la concentraci\u00f3n y la buena circulaci\u00f3n, especialmente en el cerebro. Gracias a su contenido estandarizado de principios activos -en particular flavonoides y lactonas terp\u00e9nicas-, este suplemento ofrece una opci\u00f3n natural para quienes buscan mejorar el rendimiento cognitivo y potenciar la vitalidad mental a diario. <\/p>\n<p data-start=\"618\" data-end=\"1084\">El ginkgo biloba se utiliza mucho en la fitoterapia europea por su efecto sobre la microcirculaci\u00f3n, que ayuda a mejorar el flujo sangu\u00edneo, la oxigenaci\u00f3n y el suministro de nutrientes al cerebro. Como resultado, puede favorecer la claridad mental, la capacidad de concentraci\u00f3n y el procesamiento de la informaci\u00f3n. La acci\u00f3n antioxidante de los compuestos presentes tambi\u00e9n contribuye a proteger las c\u00e9lulas nerviosas contra el estr\u00e9s oxidativo, favoreciendo el bienestar cerebral a largo plazo.  <\/p>\n<p data-start=\"1086\" data-end=\"1339\">Ginkocel Forte 1000 est\u00e1 especialmente recomendado para periodos de mayor exigencia cognitiva, situaciones de fatiga mental o para quienes desean preservar la salud cerebral a medida que envejecen. Las c\u00e1psulas son pr\u00e1cticas, f\u00e1ciles de tomar y adecuadas para el uso diario. <\/p>\n<p data-start=\"1341\" data-end=\"1370\"><strong data-start=\"1345\" data-end=\"1370\">Principales ventajas<\/strong><\/p>\n<ul data-start=\"1371\" data-end=\"1766\">\n<li data-start=\"1371\" data-end=\"1451\">\n<p data-start=\"1373\" data-end=\"1451\"><strong data-start=\"1373\" data-end=\"1411\">Mejora la memoria y la concentraci\u00f3n<\/strong>, favoreciendo el rendimiento mental diario.<\/p>\n<\/li>\n<li data-start=\"1452\" data-end=\"1547\">\n<p data-start=\"1454\" data-end=\"1547\"><strong data-start=\"1454\" data-end=\"1488\">Favorece la circulaci\u00f3n cerebral<\/strong>, ayudando a oxigenar y nutrir las c\u00e9lulas nerviosas.<\/p>\n<\/li>\n<li data-start=\"1548\" data-end=\"1628\">\n<p data-start=\"1550\" data-end=\"1628\"><strong data-start=\"1550\" data-end=\"1592\">Ayuda a reducir la fatiga mental<\/strong>, favoreciendo una mayor claridad y concentraci\u00f3n.<\/p>\n<\/li>\n<li data-start=\"1629\" data-end=\"1703\">\n<p data-start=\"1631\" data-end=\"1703\"><strong data-start=\"1631\" data-end=\"1652\">Acci\u00f3n antioxidante<\/strong>, que protege el cerebro contra el estr\u00e9s oxidativo.<\/p>\n<\/li>\n<li data-start=\"1704\" data-end=\"1766\">\n<p data-start=\"1706\" data-end=\"1766\">Extracto de <em data-start=\"1717\" data-end=\"1732\">Ginkgo biloba<\/em> estandarizado para una eficacia m\u00e1xima.<\/p>\n<\/li>\n<\/ul>\n<p data-start=\"1768\" data-end=\"1789\"><strong data-start=\"1772\" data-end=\"1789\">Adecuado para<\/strong><\/p>\n<p data-start=\"1790\" data-end=\"1831\">Ginkocel Forte 1000 se recomienda para:<\/p>\n<ul data-start=\"1832\" data-end=\"2153\">\n<li data-start=\"1832\" data-end=\"1888\">\n<p data-start=\"1834\" data-end=\"1888\">Personas con dificultades de concentraci\u00f3n o memoria;<\/p>\n<\/li>\n<li data-start=\"1889\" data-end=\"1957\">\n<p data-start=\"1891\" data-end=\"1957\">Estudiantes y profesionales en fases de alta exigencia mental;<\/p>\n<\/li>\n<li data-start=\"1958\" data-end=\"2014\">\n<p data-start=\"1960\" data-end=\"2014\">Personas que deseen favorecer la circulaci\u00f3n cerebral;<\/p>\n<\/li>\n<li data-start=\"2015\" data-end=\"2084\">\n<p data-start=\"2017\" data-end=\"2084\">Adultos y ancianos que buscan preservar la vitalidad cognitiva;<\/p>\n<\/li>\n<li data-start=\"2085\" data-end=\"2153\">\n<p data-start=\"2087\" data-end=\"2153\">Quienes valoran los complementos naturales a base de plantas medicinales.<\/p>\n<\/li>\n<\/ul>\n<p><strong>Presentaci\u00f3n:<\/strong><\/p>\n<p>40 c\u00e1psulas.<\/p>\n<p>&nbsp;<\/p>\n","protected":false},"excerpt":{"rendered":"<p>Ginkocel Forte 100 Salus &#8211; Suplemento de Ginkgo biloba para la memoria, la concentraci\u00f3n, el sistema nervioso y la circulaci\u00f3n cerebral. [&#8230;]<\/p>\n<p><a class=\"btn btn-secondary understrap-read-more-link\" href=\"https:\/\/www.lifenatura.com\/es\/produto\/ginkocel-forte-100-40-capsulas-salus\/\">Leer m\u00e1s&#8230;<span class=\"screen-reader-text\"> from Ginkocel Forte 100 40 C\u00e1psulas &#8211; Salus<\/span><\/a><\/p>\n","protected":false},"featured_media":119427,"template":"","meta":{"_acf_changed":false},"product_brand":[8378],"product_cat":[7223,7704,7659,7179,7883],"product_tag":[],"class_list":{"0":"post-125849","1":"product","2":"type-product","3":"status-publish","4":"has-post-thumbnail","6":"product_brand-salus","7":"product_cat-concentracion-memoria-salud","8":"product_cat-ginkgo-biloba-es","9":"product_cat-ingrediente-natural-bio","10":"product_cat-salud","11":"product_cat-suplementos-alimenticios","13":"first","14":"outofstock","15":"shipping-taxable","16":"purchasable","17":"product-type-simple","18":"add-to-wishlist-before_image"},"acf":[],"yoast_head":"<!-- This site is optimized with the Yoast SEO Premium plugin v27.1 (Yoast SEO v27.5) - https:\/\/yoast.com\/product\/yoast-seo-premium-wordpress\/ -->\n<title>Ginkocel Forte 100 40 C\u00e1psulas - Salus - Na Lifenatura ao Melhor Pre\u00e7o | Envio em 48h<\/title>\n<meta name=\"description\" content=\"Ginkocel Forte 100 Salus - Suplemento de Ginkgo biloba para la memoria, la concentraci\u00f3n, el sistema nervioso y la circulaci\u00f3n cerebral.\" \/>\n<meta name=\"robots\" content=\"index, follow, max-snippet:-1, max-image-preview:large, max-video-preview:-1\" \/>\n<link rel=\"canonical\" href=\"https:\/\/www.lifenatura.com\/es\/produto\/ginkocel-forte-100-40-capsulas-salus\/\" \/>\n<meta property=\"og:locale\" content=\"es_ES\" \/>\n<meta property=\"og:type\" content=\"article\" \/>\n<meta property=\"og:title\" content=\"Ginkocel Forte 100 40 C\u00e1psulas - Salus - Na Lifenatura ao Melhor Pre\u00e7o | Envio 48h\" \/>\n<meta property=\"og:description\" content=\"Compre Ginkocel Forte 100 40 C\u00e1psulas - Salus com envio r\u00e1pido. Entrega em 48h e portes gr\u00e1tis em compras &gt;35\u20ac. Aproveite j\u00e1 na Lifenatura\" \/>\n<meta property=\"og:url\" content=\"https:\/\/www.lifenatura.com\/es\/produto\/ginkocel-forte-100-40-capsulas-salus\/\" \/>\n<meta property=\"og:site_name\" content=\"Lifenatura\" \/>\n<meta property=\"article:publisher\" content=\"https:\/\/www.facebook.com\/lifenatura\" \/>\n<meta property=\"article:modified_time\" content=\"2026-02-04T07:30:41+00:00\" \/>\n<meta property=\"og:image\" content=\"https:\/\/www.lifenatura.com\/wp-content\/uploads\/2025\/10\/ginkocel-forte-salus.jpg\" \/>\n\t<meta property=\"og:image:width\" content=\"1000\" \/>\n\t<meta property=\"og:image:height\" content=\"1000\" \/>\n\t<meta property=\"og:image:type\" content=\"image\/jpeg\" \/>\n<meta name=\"twitter:card\" content=\"summary_large_image\" \/>\n<meta name=\"twitter:label1\" content=\"Precio\" \/>\n\t<meta name=\"twitter:data1\" content=\"21,04&nbsp;&euro;\" \/>\n\t<meta name=\"twitter:label2\" content=\"Disponibilidad\" \/>\n\t<meta name=\"twitter:data2\" content=\"Sin existencias\" \/>\n<script type=\"application\/ld+json\" class=\"yoast-schema-graph\">{\"@context\":\"https:\\\/\\\/schema.org\",\"@graph\":[{\"@type\":\"WebPage\",\"@id\":\"https:\\\/\\\/www.lifenatura.com\\\/es\\\/produto\\\/ginkocel-forte-100-40-capsulas-salus\\\/\",\"url\":\"https:\\\/\\\/www.lifenatura.com\\\/es\\\/produto\\\/ginkocel-forte-100-40-capsulas-salus\\\/\",\"name\":\"Ginkocel Forte 100 40 C\u00e1psulas - Salus - Na Lifenatura ao Melhor Pre\u00e7o | Envio em 48h\",\"isPartOf\":{\"@id\":\"https:\\\/\\\/www.lifenatura.com\\\/es\\\/#website\"},\"primaryImageOfPage\":{\"@id\":\"https:\\\/\\\/www.lifenatura.com\\\/es\\\/produto\\\/ginkocel-forte-100-40-capsulas-salus\\\/#primaryimage\"},\"image\":{\"@id\":\"https:\\\/\\\/www.lifenatura.com\\\/es\\\/produto\\\/ginkocel-forte-100-40-capsulas-salus\\\/#primaryimage\"},\"thumbnailUrl\":\"https:\\\/\\\/www.lifenatura.com\\\/wp-content\\\/uploads\\\/2025\\\/10\\\/ginkocel-forte-salus.jpg\",\"datePublished\":\"2025-10-22T15:04:18+00:00\",\"dateModified\":\"2026-02-04T07:30:41+00:00\",\"description\":\"Ginkocel Forte 100 Salus - Suplemento de Ginkgo biloba para la memoria, la concentraci\u00f3n, el sistema nervioso y la circulaci\u00f3n cerebral.\",\"breadcrumb\":{\"@id\":\"https:\\\/\\\/www.lifenatura.com\\\/es\\\/produto\\\/ginkocel-forte-100-40-capsulas-salus\\\/#breadcrumb\"},\"inLanguage\":\"es\",\"potentialAction\":[{\"@type\":\"ReadAction\",\"target\":[\"https:\\\/\\\/www.lifenatura.com\\\/es\\\/produto\\\/ginkocel-forte-100-40-capsulas-salus\\\/\"]}]},{\"@type\":\"ImageObject\",\"inLanguage\":\"es\",\"@id\":\"https:\\\/\\\/www.lifenatura.com\\\/es\\\/produto\\\/ginkocel-forte-100-40-capsulas-salus\\\/#primaryimage\",\"url\":\"https:\\\/\\\/www.lifenatura.com\\\/wp-content\\\/uploads\\\/2025\\\/10\\\/ginkocel-forte-salus.jpg\",\"contentUrl\":\"https:\\\/\\\/www.lifenatura.com\\\/wp-content\\\/uploads\\\/2025\\\/10\\\/ginkocel-forte-salus.jpg\",\"width\":1000,\"height\":1000,\"caption\":\"Ginkocel forte comprimidos de Salus\"},{\"@type\":\"BreadcrumbList\",\"@id\":\"https:\\\/\\\/www.lifenatura.com\\\/es\\\/produto\\\/ginkocel-forte-100-40-capsulas-salus\\\/#breadcrumb\",\"itemListElement\":[{\"@type\":\"ListItem\",\"position\":1,\"name\":\"In\u00edcio\",\"item\":\"https:\\\/\\\/www.lifenatura.com\\\/es\\\/\"},{\"@type\":\"ListItem\",\"position\":2,\"name\":\"Todos los Productos\",\"item\":\"https:\\\/\\\/www.lifenatura.com\\\/es\\\/tienda\\\/\"},{\"@type\":\"ListItem\",\"position\":3,\"name\":\"Ginkocel Forte 100 40 C\u00e1psulas &#8211; Salus\"}]},{\"@type\":\"WebSite\",\"@id\":\"https:\\\/\\\/www.lifenatura.com\\\/es\\\/#website\",\"url\":\"https:\\\/\\\/www.lifenatura.com\\\/es\\\/\",\"name\":\"Lifenatura\",\"description\":\"A Lifenatura \u00e9 uma loja de produtos naturais, cosm\u00e9tica natural e alimenta\u00e7\u00e3o Biol\u00f3gica.\",\"publisher\":{\"@id\":\"https:\\\/\\\/www.lifenatura.com\\\/es\\\/#organization\"},\"potentialAction\":[{\"@type\":\"SearchAction\",\"target\":{\"@type\":\"EntryPoint\",\"urlTemplate\":\"https:\\\/\\\/www.lifenatura.com\\\/es\\\/?s={search_term_string}\"},\"query-input\":{\"@type\":\"PropertyValueSpecification\",\"valueRequired\":true,\"valueName\":\"search_term_string\"}}],\"inLanguage\":\"es\"},{\"@type\":\"Organization\",\"@id\":\"https:\\\/\\\/www.lifenatura.com\\\/es\\\/#organization\",\"name\":\"Lifenatura\",\"url\":\"https:\\\/\\\/www.lifenatura.com\\\/es\\\/\",\"logo\":{\"@type\":\"ImageObject\",\"inLanguage\":\"es\",\"@id\":\"https:\\\/\\\/www.lifenatura.com\\\/es\\\/#\\\/schema\\\/logo\\\/image\\\/\",\"url\":\"https:\\\/\\\/www.lifenatura.com\\\/wp-content\\\/uploads\\\/2021\\\/07\\\/logo.png\",\"contentUrl\":\"https:\\\/\\\/www.lifenatura.com\\\/wp-content\\\/uploads\\\/2021\\\/07\\\/logo.png\",\"width\":175,\"height\":55,\"caption\":\"Lifenatura\"},\"image\":{\"@id\":\"https:\\\/\\\/www.lifenatura.com\\\/es\\\/#\\\/schema\\\/logo\\\/image\\\/\"},\"sameAs\":[\"https:\\\/\\\/www.facebook.com\\\/lifenatura\",\"https:\\\/\\\/www.instagram.com\\\/lifenaturapt\\\/\"],\"hasMerchantReturnPolicy\":{\"@type\":\"MerchantReturnPolicy\",\"merchantReturnLink\":\"https:\\\/\\\/www.lifenatura.com\\\/termos-condicoes-lifenatura\\\/\"}}]}<\/script>\n<meta property=\"product:price:amount\" content=\"21.04\" \/>\n<meta property=\"product:price:currency\" content=\"EUR\" \/>\n<meta property=\"og:availability\" content=\"out of stock\" \/>\n<meta property=\"product:availability\" content=\"out of stock\" \/>\n<meta property=\"product:retailer_item_id\" content=\"7611278905008\" \/>\n<meta property=\"product:condition\" content=\"new\" \/>\n<!-- \/ Yoast SEO Premium plugin. -->","yoast_head_json":{"title":"Ginkocel Forte 100 40 C\u00e1psulas - Salus - Na Lifenatura ao Melhor Pre\u00e7o | Envio em 48h","description":"Ginkocel Forte 100 Salus - Suplemento de Ginkgo biloba para la memoria, la concentraci\u00f3n, el sistema nervioso y la circulaci\u00f3n cerebral.","robots":{"index":"index","follow":"follow","max-snippet":"max-snippet:-1","max-image-preview":"max-image-preview:large","max-video-preview":"max-video-preview:-1"},"canonical":"https:\/\/www.lifenatura.com\/es\/produto\/ginkocel-forte-100-40-capsulas-salus\/","og_locale":"es_ES","og_type":"article","og_title":"Ginkocel Forte 100 40 C\u00e1psulas - Salus - Na Lifenatura ao Melhor Pre\u00e7o | Envio 48h","og_description":"Compre Ginkocel Forte 100 40 C\u00e1psulas - Salus com envio r\u00e1pido. Entrega em 48h e portes gr\u00e1tis em compras >35\u20ac. Aproveite j\u00e1 na Lifenatura","og_url":"https:\/\/www.lifenatura.com\/es\/produto\/ginkocel-forte-100-40-capsulas-salus\/","og_site_name":"Lifenatura","article_publisher":"https:\/\/www.facebook.com\/lifenatura","article_modified_time":"2026-02-04T07:30:41+00:00","og_image":[{"width":1000,"height":1000,"url":"https:\/\/www.lifenatura.com\/wp-content\/uploads\/2025\/10\/ginkocel-forte-salus.jpg","type":"image\/jpeg"}],"twitter_card":"summary_large_image","twitter_misc":{"Precio":"21,04&nbsp;&euro;","Disponibilidad":"Sin existencias"},"schema":{"@context":"https:\/\/schema.org","@graph":[{"@type":"WebPage","@id":"https:\/\/www.lifenatura.com\/es\/produto\/ginkocel-forte-100-40-capsulas-salus\/","url":"https:\/\/www.lifenatura.com\/es\/produto\/ginkocel-forte-100-40-capsulas-salus\/","name":"Ginkocel Forte 100 40 C\u00e1psulas - Salus - Na Lifenatura ao Melhor Pre\u00e7o | Envio em 48h","isPartOf":{"@id":"https:\/\/www.lifenatura.com\/es\/#website"},"primaryImageOfPage":{"@id":"https:\/\/www.lifenatura.com\/es\/produto\/ginkocel-forte-100-40-capsulas-salus\/#primaryimage"},"image":{"@id":"https:\/\/www.lifenatura.com\/es\/produto\/ginkocel-forte-100-40-capsulas-salus\/#primaryimage"},"thumbnailUrl":"https:\/\/www.lifenatura.com\/wp-content\/uploads\/2025\/10\/ginkocel-forte-salus.jpg","datePublished":"2025-10-22T15:04:18+00:00","dateModified":"2026-02-04T07:30:41+00:00","description":"Ginkocel Forte 100 Salus - Suplemento de Ginkgo biloba para la memoria, la concentraci\u00f3n, el sistema nervioso y la circulaci\u00f3n cerebral.","breadcrumb":{"@id":"https:\/\/www.lifenatura.com\/es\/produto\/ginkocel-forte-100-40-capsulas-salus\/#breadcrumb"},"inLanguage":"es","potentialAction":[{"@type":"ReadAction","target":["https:\/\/www.lifenatura.com\/es\/produto\/ginkocel-forte-100-40-capsulas-salus\/"]}]},{"@type":"ImageObject","inLanguage":"es","@id":"https:\/\/www.lifenatura.com\/es\/produto\/ginkocel-forte-100-40-capsulas-salus\/#primaryimage","url":"https:\/\/www.lifenatura.com\/wp-content\/uploads\/2025\/10\/ginkocel-forte-salus.jpg","contentUrl":"https:\/\/www.lifenatura.com\/wp-content\/uploads\/2025\/10\/ginkocel-forte-salus.jpg","width":1000,"height":1000,"caption":"Ginkocel forte comprimidos de Salus"},{"@type":"BreadcrumbList","@id":"https:\/\/www.lifenatura.com\/es\/produto\/ginkocel-forte-100-40-capsulas-salus\/#breadcrumb","itemListElement":[{"@type":"ListItem","position":1,"name":"In\u00edcio","item":"https:\/\/www.lifenatura.com\/es\/"},{"@type":"ListItem","position":2,"name":"Todos los Productos","item":"https:\/\/www.lifenatura.com\/es\/tienda\/"},{"@type":"ListItem","position":3,"name":"Ginkocel Forte 100 40 C\u00e1psulas &#8211; Salus"}]},{"@type":"WebSite","@id":"https:\/\/www.lifenatura.com\/es\/#website","url":"https:\/\/www.lifenatura.com\/es\/","name":"Lifenatura","description":"A Lifenatura \u00e9 uma loja de produtos naturais, cosm\u00e9tica natural e alimenta\u00e7\u00e3o Biol\u00f3gica.","publisher":{"@id":"https:\/\/www.lifenatura.com\/es\/#organization"},"potentialAction":[{"@type":"SearchAction","target":{"@type":"EntryPoint","urlTemplate":"https:\/\/www.lifenatura.com\/es\/?s={search_term_string}"},"query-input":{"@type":"PropertyValueSpecification","valueRequired":true,"valueName":"search_term_string"}}],"inLanguage":"es"},{"@type":"Organization","@id":"https:\/\/www.lifenatura.com\/es\/#organization","name":"Lifenatura","url":"https:\/\/www.lifenatura.com\/es\/","logo":{"@type":"ImageObject","inLanguage":"es","@id":"https:\/\/www.lifenatura.com\/es\/#\/schema\/logo\/image\/","url":"https:\/\/www.lifenatura.com\/wp-content\/uploads\/2021\/07\/logo.png","contentUrl":"https:\/\/www.lifenatura.com\/wp-content\/uploads\/2021\/07\/logo.png","width":175,"height":55,"caption":"Lifenatura"},"image":{"@id":"https:\/\/www.lifenatura.com\/es\/#\/schema\/logo\/image\/"},"sameAs":["https:\/\/www.facebook.com\/lifenatura","https:\/\/www.instagram.com\/lifenaturapt\/"],"hasMerchantReturnPolicy":{"@type":"MerchantReturnPolicy","merchantReturnLink":"https:\/\/www.lifenatura.com\/termos-condicoes-lifenatura\/"}}]},"product_price_amount":"21.04","product_price_currency":"EUR","og_availability":"out of stock","product_availability":"out of stock","product_retailer_item_id":"7611278905008","product_condition":"new"},"df_price":21.04,"df_sale_price":"","df_regular_price":21.04,"df_image_link":"https:\/\/www.lifenatura.com\/wp-content\/uploads\/2025\/10\/ginkocel-forte-salus-300x300.jpg","_links":{"self":[{"href":"https:\/\/www.lifenatura.com\/es\/wp-json\/wp\/v2\/product\/125849","targetHints":{"allow":["GET"]}}],"collection":[{"href":"https:\/\/www.lifenatura.com\/es\/wp-json\/wp\/v2\/product"}],"about":[{"href":"https:\/\/www.lifenatura.com\/es\/wp-json\/wp\/v2\/types\/product"}],"wp:featuredmedia":[{"embeddable":true,"href":"https:\/\/www.lifenatura.com\/es\/wp-json\/wp\/v2\/media\/119427"}],"wp:attachment":[{"href":"https:\/\/www.lifenatura.com\/es\/wp-json\/wp\/v2\/media?parent=125849"}],"wp:term":[{"taxonomy":"product_brand","embeddable":true,"href":"https:\/\/www.lifenatura.com\/es\/wp-json\/wp\/v2\/product_brand?post=125849"},{"taxonomy":"product_cat","embeddable":true,"href":"https:\/\/www.lifenatura.com\/es\/wp-json\/wp\/v2\/product_cat?post=125849"},{"taxonomy":"product_tag","embeddable":true,"href":"https:\/\/www.lifenatura.com\/es\/wp-json\/wp\/v2\/product_tag?post=125849"}],"curies":[{"name":"wp","href":"https:\/\/api.w.org\/{rel}","templated":true}]}}