{"id":125848,"date":"2025-10-22T15:04:16","date_gmt":"2025-10-22T15:04:16","guid":{"rendered":"https:\/\/www.lifenatura.com\/produto\/gallexier-infusion-15-sobres-salus\/"},"modified":"2026-02-04T07:30:39","modified_gmt":"2026-02-04T07:30:39","slug":"gallexier-infusion-15-sobres-salus","status":"publish","type":"product","link":"https:\/\/www.lifenatura.com\/es\/produto\/gallexier-infusion-15-sobres-salus\/","title":{"rendered":"Gallexier Infusi\u00f3n 15 sobres &#8211; Salus"},"content":{"rendered":"<h2 style=\"text-align: left;\" data-start=\"0\" data-end=\"86\"><strong data-start=\"3\" data-end=\"86\">Infusi\u00f3n Gallexier &#8211; Salus<\/strong><\/h2>\n<p>&nbsp;<\/p>\n<p data-start=\"88\" data-end=\"540\"><strong data-start=\"90\" data-end=\"134\">La Infusi\u00f3n Gallexier de Salus (15 sobres)<\/strong> es una armoniosa mezcla de plantas amargas y arom\u00e1ticas, especialmente formulada para favorecer una digesti\u00f3n equilibrada y apoyar el buen funcionamiento del h\u00edgado. Inspirada en la c\u00e9lebre f\u00f3rmula Gallexier de Salus, esta infusi\u00f3n ofrece una opci\u00f3n pr\u00e1ctica, reconfortante y 100% vegetal para quien busque un alivio natural despu\u00e9s de comidas copiosas o desee mantener su sistema digestivo en pleno equilibrio. <\/p>\n<p data-start=\"542\" data-end=\"1032\">La selecci\u00f3n de plantas de esta infusi\u00f3n combina ingredientes tradicionales como la alcachofa, el diente de le\u00f3n, el cardo mariano, el jengibre, la c\u00farcuma y la menta. Las plantas amargas estimulan la producci\u00f3n natural de bilis, facilitando la digesti\u00f3n de las grasas y ayudando a reducir la sensaci\u00f3n de hinchaz\u00f3n, distensi\u00f3n abdominal o pesadez despu\u00e9s de comer. Los componentes arom\u00e1ticos complementan esta acci\u00f3n, proporcionando una sensaci\u00f3n bals\u00e1mica y calmante en el est\u00f3mago, al tiempo que favorecen el confort general del tubo digestivo.  <\/p>\n<p data-start=\"1034\" data-end=\"1219\">La Infusi\u00f3n Gallexier es ideal para tomar antes o despu\u00e9s de las comidas, permiti\u00e9ndote disfrutar de una bebida caliente y funcional que favorece de forma eficaz y natural el bienestar digestivo.<\/p>\n<p data-start=\"1221\" data-end=\"1250\"><strong data-start=\"1225\" data-end=\"1250\">Principales ventajas<\/strong><\/p>\n<ul data-start=\"1251\" data-end=\"1646\">\n<li data-start=\"1251\" data-end=\"1336\">\n<p data-start=\"1253\" data-end=\"1336\"><strong data-start=\"1253\" data-end=\"1286\">Favorece el confort digestivo<\/strong>, ayudando en casos de digestiones lentas o pesadas.<\/p>\n<\/li>\n<li data-start=\"1337\" data-end=\"1411\">\n<p data-start=\"1339\" data-end=\"1411\"><strong data-start=\"1339\" data-end=\"1371\">Estimula la producci\u00f3n de bilis<\/strong>, facilitando la digesti\u00f3n de las grasas.<\/p>\n<\/li>\n<li data-start=\"1412\" data-end=\"1507\">\n<p data-start=\"1414\" data-end=\"1507\"><strong data-start=\"1414\" data-end=\"1449\">Favorece la funci\u00f3n hep\u00e1tica<\/strong>, contribuyendo a los procesos naturales de desintoxicaci\u00f3n.<\/p>\n<\/li>\n<li data-start=\"1508\" data-end=\"1583\">\n<p data-start=\"1510\" data-end=\"1583\"><strong data-start=\"1510\" data-end=\"1580\">Ayuda a reducir la hinchaz\u00f3n, la congesti\u00f3n y la sensaci\u00f3n de pesadez abdominal<\/strong>.<\/p>\n<\/li>\n<li data-start=\"1584\" data-end=\"1646\">\n<p data-start=\"1586\" data-end=\"1646\">Mezcla de verduras arom\u00e1tica, reconfortante y f\u00e1cil de comer.<\/p>\n<\/li>\n<\/ul>\n<p data-start=\"1648\" data-end=\"1669\"><strong data-start=\"1652\" data-end=\"1669\">Adecuado para<\/strong><\/p>\n<p data-start=\"1670\" data-end=\"1709\">La Infusi\u00f3n Gallexier se recomienda para:<\/p>\n<ul data-start=\"1710\" data-end=\"2062\">\n<li data-start=\"1710\" data-end=\"1773\">\n<p data-start=\"1712\" data-end=\"1773\">Personas con digestiones lentas o molestias despu\u00e9s de las comidas;<\/p>\n<\/li>\n<li data-start=\"1774\" data-end=\"1845\">\n<p data-start=\"1776\" data-end=\"1845\">Cualquier persona que quiera apoyar su h\u00edgado y la digesti\u00f3n de las grasas de forma natural;<\/p>\n<\/li>\n<li data-start=\"1846\" data-end=\"1916\">\n<p data-start=\"1848\" data-end=\"1916\">Personas que sufren hinchaz\u00f3n, gases o hinchaz\u00f3n abdominal;<\/p>\n<\/li>\n<li data-start=\"1917\" data-end=\"1989\">\n<p data-start=\"1919\" data-end=\"1989\">Adultos que valoran las infusiones funcionales a base de plantas amargas;<\/p>\n<\/li>\n<li data-start=\"1990\" data-end=\"2062\">\n<p data-start=\"1992\" data-end=\"2062\">Cualquiera que busque un h\u00e1bito diario suave para fomentar el bienestar digestivo.<\/p>\n<\/li>\n<\/ul>\n<p><strong>Presentaci\u00f3n:<\/strong><\/p>\n<p>15 sobres<\/p>\n<p>&nbsp;<\/p>\n","protected":false},"excerpt":{"rendered":"<p>Gallexier Infusi\u00f3n Salus &#8211; infusi\u00f3n con plantas amargas y arom\u00e1ticas para el bienestar digestivo y el apoyo hep\u00e1tico. 15 sobres.  [&#8230;]<\/p>\n<p><a class=\"btn btn-secondary understrap-read-more-link\" href=\"https:\/\/www.lifenatura.com\/es\/produto\/gallexier-infusion-15-sobres-salus\/\">Leer m\u00e1s&#8230;<span class=\"screen-reader-text\"> from Gallexier Infusi\u00f3n 15 sobres &#8211; Salus<\/span><\/a><\/p>\n","protected":false},"featured_media":119401,"template":"","meta":{"_acf_changed":false},"product_brand":[8378],"product_cat":[7064,7065,7071],"product_tag":[],"class_list":{"0":"post-125848","1":"product","2":"type-product","3":"status-publish","4":"has-post-thumbnail","6":"product_brand-salus","7":"product_cat-alimentacion-sana","8":"product_cat-bebidas","9":"product_cat-tes-y-infusiones","11":"first","12":"instock","13":"shipping-taxable","14":"purchasable","15":"product-type-simple","16":"add-to-wishlist-before_image"},"acf":[],"yoast_head":"<!-- This site is optimized with the Yoast SEO Premium plugin v27.1 (Yoast SEO v27.5) - https:\/\/yoast.com\/product\/yoast-seo-premium-wordpress\/ -->\n<title>Gallexier Infusi\u00f3n 15 sobres - Salus - Na Lifenatura ao Melhor Pre\u00e7o | Envio em 48h<\/title>\n<meta name=\"description\" content=\"Gallexier Infusi\u00f3n Salus - infusi\u00f3n con plantas amargas y arom\u00e1ticas para el bienestar digestivo y el apoyo hep\u00e1tico. 15 sobres.\" \/>\n<meta name=\"robots\" content=\"index, follow, max-snippet:-1, max-image-preview:large, max-video-preview:-1\" \/>\n<link rel=\"canonical\" href=\"https:\/\/www.lifenatura.com\/es\/produto\/gallexier-infusion-15-sobres-salus\/\" \/>\n<meta property=\"og:locale\" content=\"es_ES\" \/>\n<meta property=\"og:type\" content=\"article\" \/>\n<meta property=\"og:title\" content=\"Gallexier Infusi\u00f3n 15 sobres - Salus - Na Lifenatura ao Melhor Pre\u00e7o | Envio 48h\" \/>\n<meta property=\"og:description\" content=\"Compre Gallexier Infusi\u00f3n 15 sobres - Salus com envio r\u00e1pido. Entrega em 48h e portes gr\u00e1tis em compras &gt;35\u20ac. Aproveite j\u00e1 na Lifenatura\" \/>\n<meta property=\"og:url\" content=\"https:\/\/www.lifenatura.com\/es\/produto\/gallexier-infusion-15-sobres-salus\/\" \/>\n<meta property=\"og:site_name\" content=\"Lifenatura\" \/>\n<meta property=\"article:publisher\" content=\"https:\/\/www.facebook.com\/lifenatura\" \/>\n<meta property=\"article:modified_time\" content=\"2026-02-04T07:30:39+00:00\" \/>\n<meta property=\"og:image\" content=\"https:\/\/www.lifenatura.com\/wp-content\/uploads\/2025\/10\/gallexier-infusao-salus.jpg\" \/>\n\t<meta property=\"og:image:width\" content=\"1000\" \/>\n\t<meta property=\"og:image:height\" content=\"1000\" \/>\n\t<meta property=\"og:image:type\" content=\"image\/jpeg\" \/>\n<meta name=\"twitter:card\" content=\"summary_large_image\" \/>\n<meta name=\"twitter:label1\" content=\"Precio\" \/>\n\t<meta name=\"twitter:data1\" content=\"7,30&nbsp;&euro;\" \/>\n\t<meta name=\"twitter:label2\" content=\"Disponibilidad\" \/>\n\t<meta name=\"twitter:data2\" content=\"Disponible\" \/>\n<script type=\"application\/ld+json\" class=\"yoast-schema-graph\">{\"@context\":\"https:\\\/\\\/schema.org\",\"@graph\":[{\"@type\":\"WebPage\",\"@id\":\"https:\\\/\\\/www.lifenatura.com\\\/es\\\/produto\\\/gallexier-infusion-15-sobres-salus\\\/\",\"url\":\"https:\\\/\\\/www.lifenatura.com\\\/es\\\/produto\\\/gallexier-infusion-15-sobres-salus\\\/\",\"name\":\"Gallexier Infusi\u00f3n 15 sobres - Salus - Na Lifenatura ao Melhor Pre\u00e7o | Envio em 48h\",\"isPartOf\":{\"@id\":\"https:\\\/\\\/www.lifenatura.com\\\/es\\\/#website\"},\"primaryImageOfPage\":{\"@id\":\"https:\\\/\\\/www.lifenatura.com\\\/es\\\/produto\\\/gallexier-infusion-15-sobres-salus\\\/#primaryimage\"},\"image\":{\"@id\":\"https:\\\/\\\/www.lifenatura.com\\\/es\\\/produto\\\/gallexier-infusion-15-sobres-salus\\\/#primaryimage\"},\"thumbnailUrl\":\"https:\\\/\\\/www.lifenatura.com\\\/wp-content\\\/uploads\\\/2025\\\/10\\\/gallexier-infusao-salus.jpg\",\"datePublished\":\"2025-10-22T15:04:16+00:00\",\"dateModified\":\"2026-02-04T07:30:39+00:00\",\"description\":\"Gallexier Infusi\u00f3n Salus - infusi\u00f3n con plantas amargas y arom\u00e1ticas para el bienestar digestivo y el apoyo hep\u00e1tico. 15 sobres.\",\"breadcrumb\":{\"@id\":\"https:\\\/\\\/www.lifenatura.com\\\/es\\\/produto\\\/gallexier-infusion-15-sobres-salus\\\/#breadcrumb\"},\"inLanguage\":\"es\",\"potentialAction\":[{\"@type\":\"ReadAction\",\"target\":[\"https:\\\/\\\/www.lifenatura.com\\\/es\\\/produto\\\/gallexier-infusion-15-sobres-salus\\\/\"]}]},{\"@type\":\"ImageObject\",\"inLanguage\":\"es\",\"@id\":\"https:\\\/\\\/www.lifenatura.com\\\/es\\\/produto\\\/gallexier-infusion-15-sobres-salus\\\/#primaryimage\",\"url\":\"https:\\\/\\\/www.lifenatura.com\\\/wp-content\\\/uploads\\\/2025\\\/10\\\/gallexier-infusao-salus.jpg\",\"contentUrl\":\"https:\\\/\\\/www.lifenatura.com\\\/wp-content\\\/uploads\\\/2025\\\/10\\\/gallexier-infusao-salus.jpg\",\"width\":1000,\"height\":1000,\"caption\":\"Infusi\u00f3n Gallexier de Salus\"},{\"@type\":\"BreadcrumbList\",\"@id\":\"https:\\\/\\\/www.lifenatura.com\\\/es\\\/produto\\\/gallexier-infusion-15-sobres-salus\\\/#breadcrumb\",\"itemListElement\":[{\"@type\":\"ListItem\",\"position\":1,\"name\":\"In\u00edcio\",\"item\":\"https:\\\/\\\/www.lifenatura.com\\\/es\\\/\"},{\"@type\":\"ListItem\",\"position\":2,\"name\":\"Todos los Productos\",\"item\":\"https:\\\/\\\/www.lifenatura.com\\\/es\\\/tienda\\\/\"},{\"@type\":\"ListItem\",\"position\":3,\"name\":\"Gallexier Infusi\u00f3n 15 sobres &#8211; Salus\"}]},{\"@type\":\"WebSite\",\"@id\":\"https:\\\/\\\/www.lifenatura.com\\\/es\\\/#website\",\"url\":\"https:\\\/\\\/www.lifenatura.com\\\/es\\\/\",\"name\":\"Lifenatura\",\"description\":\"A Lifenatura \u00e9 uma loja de produtos naturais, cosm\u00e9tica natural e alimenta\u00e7\u00e3o Biol\u00f3gica.\",\"publisher\":{\"@id\":\"https:\\\/\\\/www.lifenatura.com\\\/es\\\/#organization\"},\"potentialAction\":[{\"@type\":\"SearchAction\",\"target\":{\"@type\":\"EntryPoint\",\"urlTemplate\":\"https:\\\/\\\/www.lifenatura.com\\\/es\\\/?s={search_term_string}\"},\"query-input\":{\"@type\":\"PropertyValueSpecification\",\"valueRequired\":true,\"valueName\":\"search_term_string\"}}],\"inLanguage\":\"es\"},{\"@type\":\"Organization\",\"@id\":\"https:\\\/\\\/www.lifenatura.com\\\/es\\\/#organization\",\"name\":\"Lifenatura\",\"url\":\"https:\\\/\\\/www.lifenatura.com\\\/es\\\/\",\"logo\":{\"@type\":\"ImageObject\",\"inLanguage\":\"es\",\"@id\":\"https:\\\/\\\/www.lifenatura.com\\\/es\\\/#\\\/schema\\\/logo\\\/image\\\/\",\"url\":\"https:\\\/\\\/www.lifenatura.com\\\/wp-content\\\/uploads\\\/2021\\\/07\\\/logo.png\",\"contentUrl\":\"https:\\\/\\\/www.lifenatura.com\\\/wp-content\\\/uploads\\\/2021\\\/07\\\/logo.png\",\"width\":175,\"height\":55,\"caption\":\"Lifenatura\"},\"image\":{\"@id\":\"https:\\\/\\\/www.lifenatura.com\\\/es\\\/#\\\/schema\\\/logo\\\/image\\\/\"},\"sameAs\":[\"https:\\\/\\\/www.facebook.com\\\/lifenatura\",\"https:\\\/\\\/www.instagram.com\\\/lifenaturapt\\\/\"],\"hasMerchantReturnPolicy\":{\"@type\":\"MerchantReturnPolicy\",\"merchantReturnLink\":\"https:\\\/\\\/www.lifenatura.com\\\/termos-condicoes-lifenatura\\\/\"}}]}<\/script>\n<meta property=\"product:price:amount\" content=\"7.30\" \/>\n<meta property=\"product:price:currency\" content=\"EUR\" \/>\n<meta property=\"og:availability\" content=\"instock\" \/>\n<meta property=\"product:availability\" content=\"instock\" \/>\n<meta property=\"product:retailer_item_id\" content=\"4004148012181\" \/>\n<meta property=\"product:condition\" content=\"new\" \/>\n<!-- \/ Yoast SEO Premium plugin. -->","yoast_head_json":{"title":"Gallexier Infusi\u00f3n 15 sobres - Salus - Na Lifenatura ao Melhor Pre\u00e7o | Envio em 48h","description":"Gallexier Infusi\u00f3n Salus - infusi\u00f3n con plantas amargas y arom\u00e1ticas para el bienestar digestivo y el apoyo hep\u00e1tico. 15 sobres.","robots":{"index":"index","follow":"follow","max-snippet":"max-snippet:-1","max-image-preview":"max-image-preview:large","max-video-preview":"max-video-preview:-1"},"canonical":"https:\/\/www.lifenatura.com\/es\/produto\/gallexier-infusion-15-sobres-salus\/","og_locale":"es_ES","og_type":"article","og_title":"Gallexier Infusi\u00f3n 15 sobres - Salus - Na Lifenatura ao Melhor Pre\u00e7o | Envio 48h","og_description":"Compre Gallexier Infusi\u00f3n 15 sobres - Salus com envio r\u00e1pido. Entrega em 48h e portes gr\u00e1tis em compras >35\u20ac. Aproveite j\u00e1 na Lifenatura","og_url":"https:\/\/www.lifenatura.com\/es\/produto\/gallexier-infusion-15-sobres-salus\/","og_site_name":"Lifenatura","article_publisher":"https:\/\/www.facebook.com\/lifenatura","article_modified_time":"2026-02-04T07:30:39+00:00","og_image":[{"width":1000,"height":1000,"url":"https:\/\/www.lifenatura.com\/wp-content\/uploads\/2025\/10\/gallexier-infusao-salus.jpg","type":"image\/jpeg"}],"twitter_card":"summary_large_image","twitter_misc":{"Precio":"7,30&nbsp;&euro;","Disponibilidad":"Disponible"},"schema":{"@context":"https:\/\/schema.org","@graph":[{"@type":"WebPage","@id":"https:\/\/www.lifenatura.com\/es\/produto\/gallexier-infusion-15-sobres-salus\/","url":"https:\/\/www.lifenatura.com\/es\/produto\/gallexier-infusion-15-sobres-salus\/","name":"Gallexier Infusi\u00f3n 15 sobres - Salus - Na Lifenatura ao Melhor Pre\u00e7o | Envio em 48h","isPartOf":{"@id":"https:\/\/www.lifenatura.com\/es\/#website"},"primaryImageOfPage":{"@id":"https:\/\/www.lifenatura.com\/es\/produto\/gallexier-infusion-15-sobres-salus\/#primaryimage"},"image":{"@id":"https:\/\/www.lifenatura.com\/es\/produto\/gallexier-infusion-15-sobres-salus\/#primaryimage"},"thumbnailUrl":"https:\/\/www.lifenatura.com\/wp-content\/uploads\/2025\/10\/gallexier-infusao-salus.jpg","datePublished":"2025-10-22T15:04:16+00:00","dateModified":"2026-02-04T07:30:39+00:00","description":"Gallexier Infusi\u00f3n Salus - infusi\u00f3n con plantas amargas y arom\u00e1ticas para el bienestar digestivo y el apoyo hep\u00e1tico. 15 sobres.","breadcrumb":{"@id":"https:\/\/www.lifenatura.com\/es\/produto\/gallexier-infusion-15-sobres-salus\/#breadcrumb"},"inLanguage":"es","potentialAction":[{"@type":"ReadAction","target":["https:\/\/www.lifenatura.com\/es\/produto\/gallexier-infusion-15-sobres-salus\/"]}]},{"@type":"ImageObject","inLanguage":"es","@id":"https:\/\/www.lifenatura.com\/es\/produto\/gallexier-infusion-15-sobres-salus\/#primaryimage","url":"https:\/\/www.lifenatura.com\/wp-content\/uploads\/2025\/10\/gallexier-infusao-salus.jpg","contentUrl":"https:\/\/www.lifenatura.com\/wp-content\/uploads\/2025\/10\/gallexier-infusao-salus.jpg","width":1000,"height":1000,"caption":"Infusi\u00f3n Gallexier de Salus"},{"@type":"BreadcrumbList","@id":"https:\/\/www.lifenatura.com\/es\/produto\/gallexier-infusion-15-sobres-salus\/#breadcrumb","itemListElement":[{"@type":"ListItem","position":1,"name":"In\u00edcio","item":"https:\/\/www.lifenatura.com\/es\/"},{"@type":"ListItem","position":2,"name":"Todos los Productos","item":"https:\/\/www.lifenatura.com\/es\/tienda\/"},{"@type":"ListItem","position":3,"name":"Gallexier Infusi\u00f3n 15 sobres &#8211; Salus"}]},{"@type":"WebSite","@id":"https:\/\/www.lifenatura.com\/es\/#website","url":"https:\/\/www.lifenatura.com\/es\/","name":"Lifenatura","description":"A Lifenatura \u00e9 uma loja de produtos naturais, cosm\u00e9tica natural e alimenta\u00e7\u00e3o Biol\u00f3gica.","publisher":{"@id":"https:\/\/www.lifenatura.com\/es\/#organization"},"potentialAction":[{"@type":"SearchAction","target":{"@type":"EntryPoint","urlTemplate":"https:\/\/www.lifenatura.com\/es\/?s={search_term_string}"},"query-input":{"@type":"PropertyValueSpecification","valueRequired":true,"valueName":"search_term_string"}}],"inLanguage":"es"},{"@type":"Organization","@id":"https:\/\/www.lifenatura.com\/es\/#organization","name":"Lifenatura","url":"https:\/\/www.lifenatura.com\/es\/","logo":{"@type":"ImageObject","inLanguage":"es","@id":"https:\/\/www.lifenatura.com\/es\/#\/schema\/logo\/image\/","url":"https:\/\/www.lifenatura.com\/wp-content\/uploads\/2021\/07\/logo.png","contentUrl":"https:\/\/www.lifenatura.com\/wp-content\/uploads\/2021\/07\/logo.png","width":175,"height":55,"caption":"Lifenatura"},"image":{"@id":"https:\/\/www.lifenatura.com\/es\/#\/schema\/logo\/image\/"},"sameAs":["https:\/\/www.facebook.com\/lifenatura","https:\/\/www.instagram.com\/lifenaturapt\/"],"hasMerchantReturnPolicy":{"@type":"MerchantReturnPolicy","merchantReturnLink":"https:\/\/www.lifenatura.com\/termos-condicoes-lifenatura\/"}}]},"product_price_amount":"7.30","product_price_currency":"EUR","og_availability":"instock","product_availability":"instock","product_retailer_item_id":"4004148012181","product_condition":"new"},"df_price":7.3,"df_sale_price":"","df_regular_price":7.3,"df_image_link":"https:\/\/www.lifenatura.com\/wp-content\/uploads\/2025\/10\/gallexier-infusao-salus-300x300.jpg","_links":{"self":[{"href":"https:\/\/www.lifenatura.com\/es\/wp-json\/wp\/v2\/product\/125848","targetHints":{"allow":["GET"]}}],"collection":[{"href":"https:\/\/www.lifenatura.com\/es\/wp-json\/wp\/v2\/product"}],"about":[{"href":"https:\/\/www.lifenatura.com\/es\/wp-json\/wp\/v2\/types\/product"}],"wp:featuredmedia":[{"embeddable":true,"href":"https:\/\/www.lifenatura.com\/es\/wp-json\/wp\/v2\/media\/119401"}],"wp:attachment":[{"href":"https:\/\/www.lifenatura.com\/es\/wp-json\/wp\/v2\/media?parent=125848"}],"wp:term":[{"taxonomy":"product_brand","embeddable":true,"href":"https:\/\/www.lifenatura.com\/es\/wp-json\/wp\/v2\/product_brand?post=125848"},{"taxonomy":"product_cat","embeddable":true,"href":"https:\/\/www.lifenatura.com\/es\/wp-json\/wp\/v2\/product_cat?post=125848"},{"taxonomy":"product_tag","embeddable":true,"href":"https:\/\/www.lifenatura.com\/es\/wp-json\/wp\/v2\/product_tag?post=125848"}],"curies":[{"name":"wp","href":"https:\/\/api.w.org\/{rel}","templated":true}]}}