{"id":125842,"date":"2025-10-22T15:04:20","date_gmt":"2025-10-22T15:04:20","guid":{"rendered":"https:\/\/www.lifenatura.com\/produto\/floradix-kindervital-ninos-fruta-250ml-salus\/"},"modified":"2026-02-04T07:30:13","modified_gmt":"2026-02-04T07:30:13","slug":"floradix-kindervital-ninos-fruta-250ml-salus","status":"publish","type":"product","link":"https:\/\/www.lifenatura.com\/es\/produto\/floradix-kindervital-ninos-fruta-250ml-salus\/","title":{"rendered":"Floradix Kindervital Ni\u00f1os Fruta 250ml &#8211; Salus"},"content":{"rendered":"<h2 style=\"text-align: left;\" data-start=\"0\" data-end=\"101\"><strong data-start=\"3\" data-end=\"101\">Floradix Kindervital Ni\u00f1os Fruta &#8211; Salus<\/strong><\/h2>\n<p>&nbsp;<\/p>\n<p data-start=\"103\" data-end=\"640\"><strong data-start=\"105\" data-end=\"158\">Floradix Kindervital Kids Fruta de Salus (250 ml)<\/strong> es un suplemento l\u00edquido especialmente formulado para favorecer el crecimiento, la vitalidad y el desarrollo de los ni\u00f1os. Con una combinaci\u00f3n equilibrada de vitaminas esenciales y calcio, y un agradable sabor a fruta, este t\u00f3nico infantil es ideal para complementar la dieta diaria, asegurando que los peque\u00f1os reciban nutrientes fundamentales para su bienestar. Su f\u00f3rmula l\u00edquida facilita la absorci\u00f3n de nutrientes y hace que su toma resulte sencilla y agradable para los ni\u00f1os.  <\/p>\n<p data-start=\"642\" data-end=\"1154\">Este suplemento incluye vitaminas importantes para el crecimiento, como las vitaminas C, D, E y el complejo B, que contribuyen a la energ\u00eda, al buen funcionamiento del sistema inmunitario y al desarrollo cognitivo. El calcio presente desempe\u00f1a un papel esencial en la formaci\u00f3n y el mantenimiento de huesos y dientes fuertes, especialmente en las fases de crecimiento acelerado. Adem\u00e1s, Floradix Kindervital se produce sin conservantes artificiales, colorantes ni alcohol, respetando la filosof\u00eda natural de la marca Salus.  <\/p>\n<p data-start=\"1156\" data-end=\"1347\">Perfecto para seguir el ritmo de la vida diaria de los ni\u00f1os, es especialmente \u00fatil en momentos de mayor exigencia f\u00edsica o escolar, o cuando los alimentos no cubren todas las necesidades vitam\u00ednicas.<\/p>\n<p data-start=\"1349\" data-end=\"1378\"><strong data-start=\"1353\" data-end=\"1378\">Principales ventajas<\/strong><\/p>\n<ul data-start=\"1379\" data-end=\"1785\">\n<li data-start=\"1379\" data-end=\"1465\">\n<p data-start=\"1381\" data-end=\"1465\"><strong data-start=\"1381\" data-end=\"1413\">Favorece un crecimiento sano<\/strong> gracias a su contenido en calcio y vitaminas esenciales.<\/p>\n<\/li>\n<li data-start=\"1466\" data-end=\"1547\">\n<p data-start=\"1468\" data-end=\"1547\">Contribuye <strong data-start=\"1468\" data-end=\"1509\">a la energ\u00eda y la vitalidad<\/strong> gracias a las vitaminas del grupo B.<\/p>\n<\/li>\n<li data-start=\"1548\" data-end=\"1605\">\n<p data-start=\"1550\" data-end=\"1605\"><strong data-start=\"1550\" data-end=\"1582\">Refuerza el sistema inmunitario<\/strong> con vitamina C y D.<\/p>\n<\/li>\n<li data-start=\"1606\" data-end=\"1671\">\n<p data-start=\"1608\" data-end=\"1671\"><strong data-start=\"1608\" data-end=\"1647\">F\u00f3rmula l\u00edquida muy absorbente<\/strong>, ideal para ni\u00f1os.<\/p>\n<\/li>\n<li data-start=\"1672\" data-end=\"1733\">\n<p data-start=\"1674\" data-end=\"1733\"><strong data-start=\"1674\" data-end=\"1703\">Sabor afrutado y agradable<\/strong>, por lo que es f\u00e1cil de tomar todos los d\u00edas.<\/p>\n<\/li>\n<li data-start=\"1734\" data-end=\"1785\">\n<p data-start=\"1736\" data-end=\"1785\">Sin conservantes, colorantes artificiales ni alcohol.<\/p>\n<\/li>\n<\/ul>\n<p data-start=\"1787\" data-end=\"1808\"><strong data-start=\"1791\" data-end=\"1808\">Adecuado para<\/strong><\/p>\n<p data-start=\"1809\" data-end=\"1862\">Floradix Kindervital Kids Fruta est\u00e1 recomendado para:<\/p>\n<ul data-start=\"1863\" data-end=\"2162\">\n<li data-start=\"1863\" data-end=\"1899\">\n<p data-start=\"1865\" data-end=\"1899\">Ni\u00f1os en crecimiento;<\/p>\n<\/li>\n<li data-start=\"1900\" data-end=\"1962\">\n<p data-start=\"1902\" data-end=\"1962\">Ni\u00f1os m\u00e1s exigentes en la escuela, f\u00edsica o emocionalmente;<\/p>\n<\/li>\n<li data-start=\"1963\" data-end=\"2024\">\n<p data-start=\"1965\" data-end=\"2024\">Ni\u00f1os con una dieta selectiva o pobre en nutrientes;<\/p>\n<\/li>\n<li data-start=\"2025\" data-end=\"2088\">\n<p data-start=\"2027\" data-end=\"2088\">Familias que buscan un suplemento natural y de calidad;<\/p>\n<\/li>\n<li data-start=\"2089\" data-end=\"2162\">\n<p data-start=\"2091\" data-end=\"2162\">Situaciones en las que quieras potenciar la energ\u00eda y la inmunidad de los ni\u00f1os.<\/p>\n<\/li>\n<\/ul>\n<p><strong>Presentaci\u00f3n:<\/strong><\/p>\n<p>250 ml<\/p>\n<p>&nbsp;<\/p>\n","protected":false},"excerpt":{"rendered":"<p>Floradix Kindervital Kids Fruta Salus &#8211; suplemento l\u00edquido para ni\u00f1os con calcio y vitaminas esenciales. Favorece el crecimiento, la energ\u00eda y la inmunidad.  [&#8230;]<\/p>\n<p><a class=\"btn btn-secondary understrap-read-more-link\" href=\"https:\/\/www.lifenatura.com\/es\/produto\/floradix-kindervital-ninos-fruta-250ml-salus\/\">Leer m\u00e1s&#8230;<span class=\"screen-reader-text\"> from Floradix Kindervital Ni\u00f1os Fruta 250ml &#8211; Salus<\/span><\/a><\/p>\n","protected":false},"featured_media":119528,"template":"","meta":{"_acf_changed":false},"product_brand":[8378],"product_cat":[7180,7183,7179],"product_tag":[],"class_list":{"0":"post-125842","1":"product","2":"type-product","3":"status-publish","4":"has-post-thumbnail","6":"product_brand-salus","7":"product_cat-para-los-ninos","8":"product_cat-reforza-la-inmunidad","9":"product_cat-salud","11":"first","12":"instock","13":"shipping-taxable","14":"purchasable","15":"product-type-simple","16":"add-to-wishlist-before_image"},"acf":[],"yoast_head":"<!-- This site is optimized with the Yoast SEO Premium plugin v27.1 (Yoast SEO v27.3) - https:\/\/yoast.com\/product\/yoast-seo-premium-wordpress\/ -->\n<title>Floradix Kindervital Ni\u00f1os Fruta 250ml - Salus - Lifenatura<\/title>\n<meta name=\"description\" content=\"Floradix Kindervital Kids Fruta Salus - suplemento l\u00edquido para ni\u00f1os con calcio y vitaminas esenciales. Favorece el crecimiento, la energ\u00eda y la inmunidad.\" \/>\n<meta name=\"robots\" content=\"index, follow, max-snippet:-1, max-image-preview:large, max-video-preview:-1\" \/>\n<link rel=\"canonical\" href=\"https:\/\/www.lifenatura.com\/es\/produto\/floradix-kindervital-ninos-fruta-250ml-salus\/\" \/>\n<meta property=\"og:locale\" content=\"es_ES\" \/>\n<meta property=\"og:type\" content=\"article\" \/>\n<meta property=\"og:title\" content=\"Floradix Kindervital Ni\u00f1os Fruta 250ml - Salus - Lifenatura\" \/>\n<meta property=\"og:description\" content=\"Compre aqui o seu Floradix Kindervital Ni\u00f1os Fruta 250ml - Salus e a Lifenatura Online envia em 48 H com Portes Gratis &gt;35\u20ac de Pedido.\" \/>\n<meta property=\"og:url\" content=\"https:\/\/www.lifenatura.com\/es\/produto\/floradix-kindervital-ninos-fruta-250ml-salus\/\" \/>\n<meta property=\"og:site_name\" content=\"Lifenatura\" \/>\n<meta property=\"article:publisher\" content=\"https:\/\/www.facebook.com\/lifenatura\" \/>\n<meta property=\"article:modified_time\" content=\"2026-02-04T07:30:13+00:00\" \/>\n<meta property=\"og:image\" content=\"https:\/\/www.lifenatura.com\/wp-content\/uploads\/2025\/10\/floradix-kindervital-fruity-salus.jpg\" \/>\n\t<meta property=\"og:image:width\" content=\"1000\" \/>\n\t<meta property=\"og:image:height\" content=\"1000\" \/>\n\t<meta property=\"og:image:type\" content=\"image\/jpeg\" \/>\n<meta name=\"twitter:card\" content=\"summary_large_image\" \/>\n<meta name=\"twitter:label1\" content=\"Precio\" \/>\n\t<meta name=\"twitter:data1\" content=\"21,74&nbsp;&euro;\" \/>\n\t<meta name=\"twitter:label2\" content=\"Disponibilidad\" \/>\n\t<meta name=\"twitter:data2\" content=\"Disponible\" \/>\n<meta property=\"product:price:amount\" content=\"21.74\" \/>\n<meta property=\"product:price:currency\" content=\"EUR\" \/>\n<meta property=\"og:availability\" content=\"instock\" \/>\n<meta property=\"product:availability\" content=\"instock\" \/>\n<meta property=\"product:retailer_item_id\" content=\"4004148335570\" \/>\n<meta property=\"product:condition\" content=\"new\" \/>\n<!-- \/ Yoast SEO Premium plugin. -->","yoast_head_json":{"title":"Floradix Kindervital Ni\u00f1os Fruta 250ml - Salus - Lifenatura","description":"Floradix Kindervital Kids Fruta Salus - suplemento l\u00edquido para ni\u00f1os con calcio y vitaminas esenciales. Favorece el crecimiento, la energ\u00eda y la inmunidad.","robots":{"index":"index","follow":"follow","max-snippet":"max-snippet:-1","max-image-preview":"max-image-preview:large","max-video-preview":"max-video-preview:-1"},"canonical":"https:\/\/www.lifenatura.com\/es\/produto\/floradix-kindervital-ninos-fruta-250ml-salus\/","og_locale":"es_ES","og_type":"article","og_title":"Floradix Kindervital Ni\u00f1os Fruta 250ml - Salus - Lifenatura","og_description":"Compre aqui o seu Floradix Kindervital Ni\u00f1os Fruta 250ml - Salus e a Lifenatura Online envia em 48 H com Portes Gratis >35\u20ac de Pedido.","og_url":"https:\/\/www.lifenatura.com\/es\/produto\/floradix-kindervital-ninos-fruta-250ml-salus\/","og_site_name":"Lifenatura","article_publisher":"https:\/\/www.facebook.com\/lifenatura","article_modified_time":"2026-02-04T07:30:13+00:00","og_image":[{"width":1000,"height":1000,"url":"https:\/\/www.lifenatura.com\/wp-content\/uploads\/2025\/10\/floradix-kindervital-fruity-salus.jpg","type":"image\/jpeg"}],"twitter_card":"summary_large_image","twitter_misc":{"Precio":"21,74&nbsp;&euro;","Disponibilidad":"Disponible"},"schema":{"@context":"https:\/\/schema.org","@graph":[{"@type":"WebPage","@id":"https:\/\/www.lifenatura.com\/es\/produto\/floradix-kindervital-ninos-fruta-250ml-salus\/","url":"https:\/\/www.lifenatura.com\/es\/produto\/floradix-kindervital-ninos-fruta-250ml-salus\/","name":"Floradix Kindervital Ni\u00f1os Fruta 250ml - Salus - Lifenatura","isPartOf":{"@id":"https:\/\/www.lifenatura.com\/es\/#website"},"primaryImageOfPage":{"@id":"https:\/\/www.lifenatura.com\/es\/produto\/floradix-kindervital-ninos-fruta-250ml-salus\/#primaryimage"},"image":{"@id":"https:\/\/www.lifenatura.com\/es\/produto\/floradix-kindervital-ninos-fruta-250ml-salus\/#primaryimage"},"thumbnailUrl":"https:\/\/www.lifenatura.com\/wp-content\/uploads\/2025\/10\/floradix-kindervital-fruity-salus.jpg","datePublished":"2025-10-22T15:04:20+00:00","dateModified":"2026-02-04T07:30:13+00:00","description":"Floradix Kindervital Kids Fruta Salus - suplemento l\u00edquido para ni\u00f1os con calcio y vitaminas esenciales. Favorece el crecimiento, la energ\u00eda y la inmunidad.","breadcrumb":{"@id":"https:\/\/www.lifenatura.com\/es\/produto\/floradix-kindervital-ninos-fruta-250ml-salus\/#breadcrumb"},"inLanguage":"es","potentialAction":[{"@type":"ReadAction","target":["https:\/\/www.lifenatura.com\/es\/produto\/floradix-kindervital-ninos-fruta-250ml-salus\/"]}]},{"@type":"ImageObject","inLanguage":"es","@id":"https:\/\/www.lifenatura.com\/es\/produto\/floradix-kindervital-ninos-fruta-250ml-salus\/#primaryimage","url":"https:\/\/www.lifenatura.com\/wp-content\/uploads\/2025\/10\/floradix-kindervital-fruity-salus.jpg","contentUrl":"https:\/\/www.lifenatura.com\/wp-content\/uploads\/2025\/10\/floradix-kindervital-fruity-salus.jpg","width":1000,"height":1000,"caption":"Floradix Kindervital de Salus"},{"@type":"BreadcrumbList","@id":"https:\/\/www.lifenatura.com\/es\/produto\/floradix-kindervital-ninos-fruta-250ml-salus\/#breadcrumb","itemListElement":[{"@type":"ListItem","position":1,"name":"In\u00edcio","item":"https:\/\/www.lifenatura.com\/es\/"},{"@type":"ListItem","position":2,"name":"Todos los Productos","item":"https:\/\/www.lifenatura.com\/es\/tienda\/"},{"@type":"ListItem","position":3,"name":"Floradix Kindervital Ni\u00f1os Fruta 250ml &#8211; Salus"}]},{"@type":"WebSite","@id":"https:\/\/www.lifenatura.com\/es\/#website","url":"https:\/\/www.lifenatura.com\/es\/","name":"Lifenatura","description":"A Lifenatura \u00e9 uma loja de produtos naturais, cosm\u00e9tica natural e alimenta\u00e7\u00e3o Biol\u00f3gica.","publisher":{"@id":"https:\/\/www.lifenatura.com\/es\/#organization"},"potentialAction":[{"@type":"SearchAction","target":{"@type":"EntryPoint","urlTemplate":"https:\/\/www.lifenatura.com\/es\/?s={search_term_string}"},"query-input":{"@type":"PropertyValueSpecification","valueRequired":true,"valueName":"search_term_string"}}],"inLanguage":"es"},{"@type":"Organization","@id":"https:\/\/www.lifenatura.com\/es\/#organization","name":"Lifenatura","url":"https:\/\/www.lifenatura.com\/es\/","logo":{"@type":"ImageObject","inLanguage":"es","@id":"https:\/\/www.lifenatura.com\/es\/#\/schema\/logo\/image\/","url":"https:\/\/www.lifenatura.com\/wp-content\/uploads\/2021\/11\/logo.png","contentUrl":"https:\/\/www.lifenatura.com\/wp-content\/uploads\/2021\/11\/logo.png","width":175,"height":55,"caption":"Lifenatura"},"image":{"@id":"https:\/\/www.lifenatura.com\/es\/#\/schema\/logo\/image\/"},"sameAs":["https:\/\/www.facebook.com\/lifenatura","https:\/\/www.instagram.com\/lifenaturapt\/"]}]},"product_price_amount":"21.74","product_price_currency":"EUR","og_availability":"instock","product_availability":"instock","product_retailer_item_id":"4004148335570","product_condition":"new"},"df_price":21.74,"df_sale_price":"","df_regular_price":21.74,"df_image_link":"https:\/\/www.lifenatura.com\/wp-content\/uploads\/2025\/10\/floradix-kindervital-fruity-salus-300x300.jpg","_links":{"self":[{"href":"https:\/\/www.lifenatura.com\/es\/wp-json\/wp\/v2\/product\/125842","targetHints":{"allow":["GET"]}}],"collection":[{"href":"https:\/\/www.lifenatura.com\/es\/wp-json\/wp\/v2\/product"}],"about":[{"href":"https:\/\/www.lifenatura.com\/es\/wp-json\/wp\/v2\/types\/product"}],"wp:featuredmedia":[{"embeddable":true,"href":"https:\/\/www.lifenatura.com\/es\/wp-json\/wp\/v2\/media\/119528"}],"wp:attachment":[{"href":"https:\/\/www.lifenatura.com\/es\/wp-json\/wp\/v2\/media?parent=125842"}],"wp:term":[{"taxonomy":"product_brand","embeddable":true,"href":"https:\/\/www.lifenatura.com\/es\/wp-json\/wp\/v2\/product_brand?post=125842"},{"taxonomy":"product_cat","embeddable":true,"href":"https:\/\/www.lifenatura.com\/es\/wp-json\/wp\/v2\/product_cat?post=125842"},{"taxonomy":"product_tag","embeddable":true,"href":"https:\/\/www.lifenatura.com\/es\/wp-json\/wp\/v2\/product_tag?post=125842"}],"curies":[{"name":"wp","href":"https:\/\/api.w.org\/{rel}","templated":true}]}}