{"id":125831,"date":"2025-10-22T15:03:57","date_gmt":"2025-10-22T15:03:57","guid":{"rendered":"https:\/\/www.lifenatura.com\/produto\/jengibre-bio-zumo-200ml-salus\/"},"modified":"2026-02-04T07:29:15","modified_gmt":"2026-02-04T07:29:15","slug":"jengibre-bio-zumo-200ml-salus","status":"publish","type":"product","link":"https:\/\/www.lifenatura.com\/es\/produto\/jengibre-bio-zumo-200ml-salus\/","title":{"rendered":"Jengibre Bio zumo 200ml &#8211; Salus"},"content":{"rendered":"<h2 style=\"text-align: left;\" data-start=\"0\" data-end=\"84\"><strong data-start=\"3\" data-end=\"84\">Biograf\u00eda del jengibre &#8211; Salus<\/strong><\/h2>\n<p>&nbsp;<\/p>\n<p data-start=\"86\" data-end=\"596\"><strong data-start=\"88\" data-end=\"127\">El Biojugo de Jengibre Salus (200 ml)<\/strong> es un extracto puro obtenido a partir de jengibre fresco procedente de agricultura ecol\u00f3gica certificada. Utilizando el m\u00e9todo tradicional de prensado suave, este zumo conserva los compuestos picantes y arom\u00e1ticos caracter\u00edsticos del jengibre, garantizando un producto 100% natural sin aditivos artificiales, az\u00facares a\u00f1adidos ni conservantes. Intensamente arom\u00e1tico y funcional, es una elecci\u00f3n ideal para quien busque un apoyo digestivo eficaz y un impulso natural de vitalidad.  <\/p>\n<p data-start=\"598\" data-end=\"1063\">El jengibre es conocido por sus propiedades carminativas, digestivas y estimulantes. Ayuda a aliviar las molestias gastrointestinales, reduciendo las n\u00e1useas, la hinchaz\u00f3n y la sensaci\u00f3n de pesadez tras las comidas. Su suave efecto termog\u00e9nico tambi\u00e9n ayuda a activar el metabolismo y a promover una sensaci\u00f3n general de energ\u00eda. Adem\u00e1s, por su perfil antioxidante, el jengibre se valora como aliado para reforzar las defensas naturales y combatir el estr\u00e9s oxidativo.   <\/p>\n<p data-start=\"1065\" data-end=\"1306\">Con su sabor intenso y c\u00e1lido, este zumo puede tomarse puro en peque\u00f1as cantidades, diluirse en agua, a\u00f1adirse a infusiones o incorporarse a bebidas funcionales, ofreciendo una forma pr\u00e1ctica de integrar los beneficios del jengibre en la vida cotidiana.<\/p>\n<p data-start=\"1308\" data-end=\"1337\"><strong data-start=\"1312\" data-end=\"1337\">Principales ventajas<\/strong><\/p>\n<ul data-start=\"1338\" data-end=\"1732\">\n<li data-start=\"1338\" data-end=\"1435\">\n<p data-start=\"1340\" data-end=\"1435\"><strong data-start=\"1340\" data-end=\"1363\">Favorece la digesti\u00f3n<\/strong>, ayudando a aliviar las n\u00e1useas, la hinchaz\u00f3n y el malestar despu\u00e9s de las comidas.<\/p>\n<\/li>\n<li data-start=\"1436\" data-end=\"1516\">\n<p data-start=\"1438\" data-end=\"1516\"><strong data-start=\"1438\" data-end=\"1464\">Acci\u00f3n termog\u00e9nica suave<\/strong>, que contribuye a la activaci\u00f3n energ\u00e9tica y metab\u00f3lica.<\/p>\n<\/li>\n<li data-start=\"1517\" data-end=\"1607\">\n<p data-start=\"1519\" data-end=\"1607\"><strong data-start=\"1519\" data-end=\"1549\">Propiedades antioxidantes<\/strong>, que ayudan a reforzar la protecci\u00f3n natural del organismo.<\/p>\n<\/li>\n<li data-start=\"1608\" data-end=\"1670\">\n<p data-start=\"1610\" data-end=\"1670\"><strong data-start=\"1610\" data-end=\"1636\">Producto 100% ecol\u00f3gico<\/strong>, sin aditivos ni conservantes.<\/p>\n<\/li>\n<li data-start=\"1671\" data-end=\"1732\">\n<p data-start=\"1673\" data-end=\"1732\">Sabor c\u00e1lido y arom\u00e1tico, perfecto para bebidas funcionales.<\/p>\n<\/li>\n<\/ul>\n<p data-start=\"1734\" data-end=\"1755\"><strong data-start=\"1738\" data-end=\"1755\">Adecuado para<\/strong><\/p>\n<p data-start=\"1756\" data-end=\"1787\">Este zumo se recomienda para<\/p>\n<ul data-start=\"1788\" data-end=\"2137\">\n<li data-start=\"1788\" data-end=\"1866\">\n<p data-start=\"1790\" data-end=\"1866\">Personas que sufren digestiones pesadas, n\u00e1useas o molestias abdominales;<\/p>\n<\/li>\n<li data-start=\"1867\" data-end=\"1919\">\n<p data-start=\"1869\" data-end=\"1919\">Cualquier persona que necesite un impulso natural de energ\u00eda;<\/p>\n<\/li>\n<li data-start=\"1920\" data-end=\"1992\">\n<p data-start=\"1922\" data-end=\"1992\">Personas que desean mejorar su bienestar digestivo y metab\u00f3lico;<\/p>\n<\/li>\n<li data-start=\"1993\" data-end=\"2063\">\n<p data-start=\"1995\" data-end=\"2063\">Consumidores que prefieren suplementos vegetales puros y ecol\u00f3gicos;<\/p>\n<\/li>\n<li data-start=\"2064\" data-end=\"2137\">\n<p data-start=\"2066\" data-end=\"2137\">Si quieres incorporar el jengibre a tu rutina diaria de forma sencilla y eficaz.<\/p>\n<\/li>\n<\/ul>\n<p><strong>Presentaci\u00f3n:<\/strong><\/p>\n<p>200 ml<\/p>\n<p>&nbsp;<\/p>\n","protected":false},"excerpt":{"rendered":"<p>Jengibre Bio Salus &#8211; zumo de jengibre fresco ecol\u00f3gico, ideal para la digesti\u00f3n, evitar el mal humor en los viajes, la energ\u00eda y el bienestar. [&#8230;]<\/p>\n<p><a class=\"btn btn-secondary understrap-read-more-link\" href=\"https:\/\/www.lifenatura.com\/es\/produto\/jengibre-bio-zumo-200ml-salus\/\">Leer m\u00e1s&#8230;<span class=\"screen-reader-text\"> from Jengibre Bio zumo 200ml &#8211; Salus<\/span><\/a><\/p>\n","protected":false},"featured_media":119369,"template":"","meta":{"_acf_changed":false},"product_brand":[8378],"product_cat":[7253,7659,7165,7883],"product_tag":[],"class_list":{"0":"post-125831","1":"product","2":"type-product","3":"status-publish","4":"has-post-thumbnail","6":"product_brand-salus","7":"product_cat-digestion","8":"product_cat-ingrediente-natural-bio","9":"product_cat-jengibre","10":"product_cat-suplementos-alimenticios","12":"first","13":"instock","14":"shipping-taxable","15":"purchasable","16":"product-type-simple","17":"add-to-wishlist-before_image"},"acf":[],"yoast_head":"<!-- This site is optimized with the Yoast SEO Premium plugin v27.1 (Yoast SEO v27.6) - https:\/\/yoast.com\/product\/yoast-seo-premium-wordpress\/ -->\n<title>Jengibre Bio zumo 200ml - Salus - Na Lifenatura ao Melhor Pre\u00e7o | Envio em 48h<\/title>\n<meta name=\"description\" content=\"Jengibre Bio Salus - zumo de jengibre fresco ecol\u00f3gico, ideal para la digesti\u00f3n, evitar el mal humor en los viajes, la energ\u00eda y el bienestar.\" \/>\n<meta name=\"robots\" content=\"index, follow, max-snippet:-1, max-image-preview:large, max-video-preview:-1\" \/>\n<link rel=\"canonical\" href=\"https:\/\/www.lifenatura.com\/es\/produto\/jengibre-bio-zumo-200ml-salus\/\" \/>\n<meta property=\"og:locale\" content=\"es_ES\" \/>\n<meta property=\"og:type\" content=\"article\" \/>\n<meta property=\"og:title\" content=\"Jengibre Bio zumo 200ml - Salus - Na Lifenatura ao Melhor Pre\u00e7o | Envio 48h\" \/>\n<meta property=\"og:description\" content=\"Compre Jengibre Bio zumo 200ml - Salus com envio r\u00e1pido. Entrega em 48h e portes gr\u00e1tis em compras &gt;35\u20ac. Aproveite j\u00e1 na Lifenatura\" \/>\n<meta property=\"og:url\" content=\"https:\/\/www.lifenatura.com\/es\/produto\/jengibre-bio-zumo-200ml-salus\/\" \/>\n<meta property=\"og:site_name\" content=\"Lifenatura\" \/>\n<meta property=\"article:publisher\" content=\"https:\/\/www.facebook.com\/lifenatura\" \/>\n<meta property=\"article:modified_time\" content=\"2026-02-04T07:29:15+00:00\" \/>\n<meta property=\"og:image\" content=\"https:\/\/www.lifenatura.com\/wp-content\/uploads\/2025\/10\/gengibre-sumo-salus.jpg\" \/>\n\t<meta property=\"og:image:width\" content=\"1000\" \/>\n\t<meta property=\"og:image:height\" content=\"1000\" \/>\n\t<meta property=\"og:image:type\" content=\"image\/jpeg\" \/>\n<meta name=\"twitter:card\" content=\"summary_large_image\" \/>\n<meta name=\"twitter:label1\" content=\"Precio\" \/>\n\t<meta name=\"twitter:data1\" content=\"19,50&nbsp;&euro;\" \/>\n\t<meta name=\"twitter:label2\" content=\"Disponibilidad\" \/>\n\t<meta name=\"twitter:data2\" content=\"Disponible\" \/>\n<script type=\"application\/ld+json\" class=\"yoast-schema-graph\">{\"@context\":\"https:\\\/\\\/schema.org\",\"@graph\":[{\"@type\":\"WebPage\",\"@id\":\"https:\\\/\\\/www.lifenatura.com\\\/es\\\/produto\\\/jengibre-bio-zumo-200ml-salus\\\/\",\"url\":\"https:\\\/\\\/www.lifenatura.com\\\/es\\\/produto\\\/jengibre-bio-zumo-200ml-salus\\\/\",\"name\":\"Jengibre Bio zumo 200ml - Salus - Na Lifenatura ao Melhor Pre\u00e7o | Envio em 48h\",\"isPartOf\":{\"@id\":\"https:\\\/\\\/www.lifenatura.com\\\/es\\\/#website\"},\"primaryImageOfPage\":{\"@id\":\"https:\\\/\\\/www.lifenatura.com\\\/es\\\/produto\\\/jengibre-bio-zumo-200ml-salus\\\/#primaryimage\"},\"image\":{\"@id\":\"https:\\\/\\\/www.lifenatura.com\\\/es\\\/produto\\\/jengibre-bio-zumo-200ml-salus\\\/#primaryimage\"},\"thumbnailUrl\":\"https:\\\/\\\/www.lifenatura.com\\\/wp-content\\\/uploads\\\/2025\\\/10\\\/gengibre-sumo-salus.jpg\",\"datePublished\":\"2025-10-22T15:03:57+00:00\",\"dateModified\":\"2026-02-04T07:29:15+00:00\",\"description\":\"Jengibre Bio Salus - zumo de jengibre fresco ecol\u00f3gico, ideal para la digesti\u00f3n, evitar el mal humor en los viajes, la energ\u00eda y el bienestar.\",\"breadcrumb\":{\"@id\":\"https:\\\/\\\/www.lifenatura.com\\\/es\\\/produto\\\/jengibre-bio-zumo-200ml-salus\\\/#breadcrumb\"},\"inLanguage\":\"es\",\"potentialAction\":[{\"@type\":\"ReadAction\",\"target\":[\"https:\\\/\\\/www.lifenatura.com\\\/es\\\/produto\\\/jengibre-bio-zumo-200ml-salus\\\/\"]}]},{\"@type\":\"ImageObject\",\"inLanguage\":\"es\",\"@id\":\"https:\\\/\\\/www.lifenatura.com\\\/es\\\/produto\\\/jengibre-bio-zumo-200ml-salus\\\/#primaryimage\",\"url\":\"https:\\\/\\\/www.lifenatura.com\\\/wp-content\\\/uploads\\\/2025\\\/10\\\/gengibre-sumo-salus.jpg\",\"contentUrl\":\"https:\\\/\\\/www.lifenatura.com\\\/wp-content\\\/uploads\\\/2025\\\/10\\\/gengibre-sumo-salus.jpg\",\"width\":1000,\"height\":1000,\"caption\":\"Zumo de Jengibre Salus\"},{\"@type\":\"BreadcrumbList\",\"@id\":\"https:\\\/\\\/www.lifenatura.com\\\/es\\\/produto\\\/jengibre-bio-zumo-200ml-salus\\\/#breadcrumb\",\"itemListElement\":[{\"@type\":\"ListItem\",\"position\":1,\"name\":\"In\u00edcio\",\"item\":\"https:\\\/\\\/www.lifenatura.com\\\/es\\\/\"},{\"@type\":\"ListItem\",\"position\":2,\"name\":\"Todos los Productos\",\"item\":\"https:\\\/\\\/www.lifenatura.com\\\/es\\\/tienda\\\/\"},{\"@type\":\"ListItem\",\"position\":3,\"name\":\"Jengibre Bio zumo 200ml &#8211; Salus\"}]},{\"@type\":\"WebSite\",\"@id\":\"https:\\\/\\\/www.lifenatura.com\\\/es\\\/#website\",\"url\":\"https:\\\/\\\/www.lifenatura.com\\\/es\\\/\",\"name\":\"Lifenatura\",\"description\":\"A Lifenatura \u00e9 uma loja de produtos naturais, cosm\u00e9tica natural e alimenta\u00e7\u00e3o Biol\u00f3gica.\",\"publisher\":{\"@id\":\"https:\\\/\\\/www.lifenatura.com\\\/es\\\/#organization\"},\"potentialAction\":[{\"@type\":\"SearchAction\",\"target\":{\"@type\":\"EntryPoint\",\"urlTemplate\":\"https:\\\/\\\/www.lifenatura.com\\\/es\\\/?s={search_term_string}\"},\"query-input\":{\"@type\":\"PropertyValueSpecification\",\"valueRequired\":true,\"valueName\":\"search_term_string\"}}],\"inLanguage\":\"es\"},{\"@type\":\"Organization\",\"@id\":\"https:\\\/\\\/www.lifenatura.com\\\/es\\\/#organization\",\"name\":\"Lifenatura\",\"url\":\"https:\\\/\\\/www.lifenatura.com\\\/es\\\/\",\"logo\":{\"@type\":\"ImageObject\",\"inLanguage\":\"es\",\"@id\":\"https:\\\/\\\/www.lifenatura.com\\\/es\\\/#\\\/schema\\\/logo\\\/image\\\/\",\"url\":\"https:\\\/\\\/www.lifenatura.com\\\/wp-content\\\/uploads\\\/2021\\\/07\\\/logo.png\",\"contentUrl\":\"https:\\\/\\\/www.lifenatura.com\\\/wp-content\\\/uploads\\\/2021\\\/07\\\/logo.png\",\"width\":175,\"height\":55,\"caption\":\"Lifenatura\"},\"image\":{\"@id\":\"https:\\\/\\\/www.lifenatura.com\\\/es\\\/#\\\/schema\\\/logo\\\/image\\\/\"},\"sameAs\":[\"https:\\\/\\\/www.facebook.com\\\/lifenatura\",\"https:\\\/\\\/www.instagram.com\\\/lifenaturapt\\\/\"],\"hasMerchantReturnPolicy\":{\"@type\":\"MerchantReturnPolicy\",\"merchantReturnLink\":\"https:\\\/\\\/www.lifenatura.com\\\/termos-condicoes-lifenatura\\\/\"}}]}<\/script>\n<meta property=\"product:price:amount\" content=\"19.50\" \/>\n<meta property=\"product:price:currency\" content=\"EUR\" \/>\n<meta property=\"og:availability\" content=\"instock\" \/>\n<meta property=\"product:availability\" content=\"instock\" \/>\n<meta property=\"product:retailer_item_id\" content=\"4006309024606\" \/>\n<meta property=\"product:condition\" content=\"new\" \/>\n<!-- \/ Yoast SEO Premium plugin. -->","yoast_head_json":{"title":"Jengibre Bio zumo 200ml - Salus - Na Lifenatura ao Melhor Pre\u00e7o | Envio em 48h","description":"Jengibre Bio Salus - zumo de jengibre fresco ecol\u00f3gico, ideal para la digesti\u00f3n, evitar el mal humor en los viajes, la energ\u00eda y el bienestar.","robots":{"index":"index","follow":"follow","max-snippet":"max-snippet:-1","max-image-preview":"max-image-preview:large","max-video-preview":"max-video-preview:-1"},"canonical":"https:\/\/www.lifenatura.com\/es\/produto\/jengibre-bio-zumo-200ml-salus\/","og_locale":"es_ES","og_type":"article","og_title":"Jengibre Bio zumo 200ml - Salus - Na Lifenatura ao Melhor Pre\u00e7o | Envio 48h","og_description":"Compre Jengibre Bio zumo 200ml - Salus com envio r\u00e1pido. Entrega em 48h e portes gr\u00e1tis em compras >35\u20ac. Aproveite j\u00e1 na Lifenatura","og_url":"https:\/\/www.lifenatura.com\/es\/produto\/jengibre-bio-zumo-200ml-salus\/","og_site_name":"Lifenatura","article_publisher":"https:\/\/www.facebook.com\/lifenatura","article_modified_time":"2026-02-04T07:29:15+00:00","og_image":[{"width":1000,"height":1000,"url":"https:\/\/www.lifenatura.com\/wp-content\/uploads\/2025\/10\/gengibre-sumo-salus.jpg","type":"image\/jpeg"}],"twitter_card":"summary_large_image","twitter_misc":{"Precio":"19,50&nbsp;&euro;","Disponibilidad":"Disponible"},"schema":{"@context":"https:\/\/schema.org","@graph":[{"@type":"WebPage","@id":"https:\/\/www.lifenatura.com\/es\/produto\/jengibre-bio-zumo-200ml-salus\/","url":"https:\/\/www.lifenatura.com\/es\/produto\/jengibre-bio-zumo-200ml-salus\/","name":"Jengibre Bio zumo 200ml - Salus - Na Lifenatura ao Melhor Pre\u00e7o | Envio em 48h","isPartOf":{"@id":"https:\/\/www.lifenatura.com\/es\/#website"},"primaryImageOfPage":{"@id":"https:\/\/www.lifenatura.com\/es\/produto\/jengibre-bio-zumo-200ml-salus\/#primaryimage"},"image":{"@id":"https:\/\/www.lifenatura.com\/es\/produto\/jengibre-bio-zumo-200ml-salus\/#primaryimage"},"thumbnailUrl":"https:\/\/www.lifenatura.com\/wp-content\/uploads\/2025\/10\/gengibre-sumo-salus.jpg","datePublished":"2025-10-22T15:03:57+00:00","dateModified":"2026-02-04T07:29:15+00:00","description":"Jengibre Bio Salus - zumo de jengibre fresco ecol\u00f3gico, ideal para la digesti\u00f3n, evitar el mal humor en los viajes, la energ\u00eda y el bienestar.","breadcrumb":{"@id":"https:\/\/www.lifenatura.com\/es\/produto\/jengibre-bio-zumo-200ml-salus\/#breadcrumb"},"inLanguage":"es","potentialAction":[{"@type":"ReadAction","target":["https:\/\/www.lifenatura.com\/es\/produto\/jengibre-bio-zumo-200ml-salus\/"]}]},{"@type":"ImageObject","inLanguage":"es","@id":"https:\/\/www.lifenatura.com\/es\/produto\/jengibre-bio-zumo-200ml-salus\/#primaryimage","url":"https:\/\/www.lifenatura.com\/wp-content\/uploads\/2025\/10\/gengibre-sumo-salus.jpg","contentUrl":"https:\/\/www.lifenatura.com\/wp-content\/uploads\/2025\/10\/gengibre-sumo-salus.jpg","width":1000,"height":1000,"caption":"Zumo de Jengibre Salus"},{"@type":"BreadcrumbList","@id":"https:\/\/www.lifenatura.com\/es\/produto\/jengibre-bio-zumo-200ml-salus\/#breadcrumb","itemListElement":[{"@type":"ListItem","position":1,"name":"In\u00edcio","item":"https:\/\/www.lifenatura.com\/es\/"},{"@type":"ListItem","position":2,"name":"Todos los Productos","item":"https:\/\/www.lifenatura.com\/es\/tienda\/"},{"@type":"ListItem","position":3,"name":"Jengibre Bio zumo 200ml &#8211; Salus"}]},{"@type":"WebSite","@id":"https:\/\/www.lifenatura.com\/es\/#website","url":"https:\/\/www.lifenatura.com\/es\/","name":"Lifenatura","description":"A Lifenatura \u00e9 uma loja de produtos naturais, cosm\u00e9tica natural e alimenta\u00e7\u00e3o Biol\u00f3gica.","publisher":{"@id":"https:\/\/www.lifenatura.com\/es\/#organization"},"potentialAction":[{"@type":"SearchAction","target":{"@type":"EntryPoint","urlTemplate":"https:\/\/www.lifenatura.com\/es\/?s={search_term_string}"},"query-input":{"@type":"PropertyValueSpecification","valueRequired":true,"valueName":"search_term_string"}}],"inLanguage":"es"},{"@type":"Organization","@id":"https:\/\/www.lifenatura.com\/es\/#organization","name":"Lifenatura","url":"https:\/\/www.lifenatura.com\/es\/","logo":{"@type":"ImageObject","inLanguage":"es","@id":"https:\/\/www.lifenatura.com\/es\/#\/schema\/logo\/image\/","url":"https:\/\/www.lifenatura.com\/wp-content\/uploads\/2021\/07\/logo.png","contentUrl":"https:\/\/www.lifenatura.com\/wp-content\/uploads\/2021\/07\/logo.png","width":175,"height":55,"caption":"Lifenatura"},"image":{"@id":"https:\/\/www.lifenatura.com\/es\/#\/schema\/logo\/image\/"},"sameAs":["https:\/\/www.facebook.com\/lifenatura","https:\/\/www.instagram.com\/lifenaturapt\/"],"hasMerchantReturnPolicy":{"@type":"MerchantReturnPolicy","merchantReturnLink":"https:\/\/www.lifenatura.com\/termos-condicoes-lifenatura\/"}}]},"product_price_amount":"19.50","product_price_currency":"EUR","og_availability":"instock","product_availability":"instock","product_retailer_item_id":"4006309024606","product_condition":"new"},"df_price":19.5,"df_sale_price":"","df_regular_price":19.5,"df_image_link":"https:\/\/www.lifenatura.com\/wp-content\/uploads\/2025\/10\/gengibre-sumo-salus-300x300.jpg","_links":{"self":[{"href":"https:\/\/www.lifenatura.com\/es\/wp-json\/wp\/v2\/product\/125831","targetHints":{"allow":["GET"]}}],"collection":[{"href":"https:\/\/www.lifenatura.com\/es\/wp-json\/wp\/v2\/product"}],"about":[{"href":"https:\/\/www.lifenatura.com\/es\/wp-json\/wp\/v2\/types\/product"}],"wp:featuredmedia":[{"embeddable":true,"href":"https:\/\/www.lifenatura.com\/es\/wp-json\/wp\/v2\/media\/119369"}],"wp:attachment":[{"href":"https:\/\/www.lifenatura.com\/es\/wp-json\/wp\/v2\/media?parent=125831"}],"wp:term":[{"taxonomy":"product_brand","embeddable":true,"href":"https:\/\/www.lifenatura.com\/es\/wp-json\/wp\/v2\/product_brand?post=125831"},{"taxonomy":"product_cat","embeddable":true,"href":"https:\/\/www.lifenatura.com\/es\/wp-json\/wp\/v2\/product_cat?post=125831"},{"taxonomy":"product_tag","embeddable":true,"href":"https:\/\/www.lifenatura.com\/es\/wp-json\/wp\/v2\/product_tag?post=125831"}],"curies":[{"name":"wp","href":"https:\/\/api.w.org\/{rel}","templated":true}]}}