{"id":125829,"date":"2025-10-22T15:03:56","date_gmt":"2025-10-22T15:03:56","guid":{"rendered":"https:\/\/www.lifenatura.com\/produto\/zumo-de-granada-bio-200ml-salus\/"},"modified":"2026-02-04T07:29:00","modified_gmt":"2026-02-04T07:29:00","slug":"zumo-de-granada-bio-200ml-salus","status":"publish","type":"product","link":"https:\/\/www.lifenatura.com\/es\/produto\/zumo-de-granada-bio-200ml-salus\/","title":{"rendered":"Zumo de Granada Bio 200ml &#8211; Salus"},"content":{"rendered":"<h2 style=\"text-align: left;\" data-start=\"0\" data-end=\"77\"><strong data-start=\"3\" data-end=\"77\">Granada Bio &#8211; Salus<\/strong><\/h2>\n<p>&nbsp;<\/p>\n<p data-start=\"79\" data-end=\"586\"><strong data-start=\"81\" data-end=\"116\">El Bio Zumo de Granada Salus (200 ml)<\/strong> es un extracto puro obtenido de granadas frescas procedentes de agricultura ecol\u00f3gica certificada. Producido mediante un suave proceso de prensado, este zumo conserva todos los nutrientes esenciales y los compuestos antioxidantes naturales de la fruta, en particular los polifenoles, reconocidos por su gran capacidad de protecci\u00f3n celular. Sin aditivos, az\u00facares a\u00f1adidos ni conservantes, es un suplemento ideal para los partidarios de los productos naturales y funcionales.  <\/p>\n<p data-start=\"588\" data-end=\"1051\">La granada se valora tradicionalmente por sus beneficios en la defensa antioxidante del organismo, ayudando a neutralizar los radicales libres y a proteger las c\u00e9lulas del estr\u00e9s oxidativo. Adem\u00e1s, su consumo regular favorece el bienestar cardiovascular, la vitalidad general y el mantenimiento de un sistema inmunitario equilibrado. El sabor naturalmente \u00e1cido y refrescante hace que este zumo sea agradable y f\u00e1cil de integrar en la vida cotidiana, tanto si se toma solo como diluido en agua.  <\/p>\n<p data-start=\"1053\" data-end=\"1213\">Gracias a su completo perfil nutricional, el Zumo Bio de Granada es una opci\u00f3n excelente para quien desee aumentar la energ\u00eda y proteger el organismo de forma natural.<\/p>\n<p data-start=\"1215\" data-end=\"1244\"><strong data-start=\"1219\" data-end=\"1244\">Principales ventajas<\/strong><\/p>\n<ul data-start=\"1245\" data-end=\"1622\">\n<li data-start=\"1245\" data-end=\"1316\">\n<p data-start=\"1247\" data-end=\"1316\"><strong data-start=\"1247\" data-end=\"1276\">Elevada acci\u00f3n antioxidante<\/strong>, rica en polifenoles naturales de granada.<\/p>\n<\/li>\n<li data-start=\"1317\" data-end=\"1413\">\n<p data-start=\"1319\" data-end=\"1413\"><strong data-start=\"1319\" data-end=\"1370\">Ayuda a proteger las c\u00e9lulas del estr\u00e9s oxidativo<\/strong>, favoreciendo la salud celular y la longevidad.<\/p>\n<\/li>\n<li data-start=\"1414\" data-end=\"1503\">\n<p data-start=\"1416\" data-end=\"1503\">Contribuye <strong data-start=\"1416\" data-end=\"1461\">al bienestar cardiovascular<\/strong> y al equilibrio general del organismo.<\/p>\n<\/li>\n<li data-start=\"1504\" data-end=\"1569\">\n<p data-start=\"1506\" data-end=\"1569\">Producto ecol\u00f3gico puro, sin aditivos ni az\u00facares a\u00f1adidos.<\/p>\n<\/li>\n<li data-start=\"1570\" data-end=\"1622\">\n<p data-start=\"1572\" data-end=\"1622\">Sabor fresco y afrutado, ideal para el consumo diario.<\/p>\n<\/li>\n<\/ul>\n<p data-start=\"1624\" data-end=\"1645\"><strong data-start=\"1628\" data-end=\"1645\">Adecuado para<\/strong><\/p>\n<p data-start=\"1646\" data-end=\"1681\">El Bio Zumo de Granada se recomienda para<\/p>\n<ul data-start=\"1682\" data-end=\"1988\">\n<li data-start=\"1682\" data-end=\"1740\">\n<p data-start=\"1684\" data-end=\"1740\">Personas que buscan aumentar la protecci\u00f3n antioxidante;<\/p>\n<\/li>\n<li data-start=\"1741\" data-end=\"1802\">\n<p data-start=\"1743\" data-end=\"1802\">Personas que deseen favorecer el bienestar cardiovascular;<\/p>\n<\/li>\n<li data-start=\"1803\" data-end=\"1851\">\n<p data-start=\"1805\" data-end=\"1851\">Que desea aumentar la vitalidad y la energ\u00eda;<\/p>\n<\/li>\n<li data-start=\"1852\" data-end=\"1921\">\n<p data-start=\"1854\" data-end=\"1921\">Consumidores que prefieren suplementos 100% naturales y ecol\u00f3gicos;<\/p>\n<\/li>\n<li data-start=\"1922\" data-end=\"1988\">\n<p data-start=\"1924\" data-end=\"1988\">Adultos de todas las edades, como suplemento nutricional diario.<\/p>\n<\/li>\n<\/ul>\n<p><strong>Presentaci\u00f3n:<\/strong><\/p>\n<p>200 ml<\/p>\n<p>&nbsp;<\/p>\n","protected":false},"excerpt":{"rendered":"<p>Granada Bio Salus &#8211; zumo ecol\u00f3gico rico en polifenoles con una fuerte acci\u00f3n antioxidante. Favorece la vitalidad, la protecci\u00f3n celular y el bienestar cardiovascular.  [&#8230;]<\/p>\n<p><a class=\"btn btn-secondary understrap-read-more-link\" href=\"https:\/\/www.lifenatura.com\/es\/produto\/zumo-de-granada-bio-200ml-salus\/\">Leer m\u00e1s&#8230;<span class=\"screen-reader-text\"> from Zumo de Granada Bio 200ml &#8211; Salus<\/span><\/a><\/p>\n","protected":false},"featured_media":119362,"template":"","meta":{"_acf_changed":false},"product_brand":[8378],"product_cat":[7236,7179,7883],"product_tag":[],"class_list":{"0":"post-125829","1":"product","2":"type-product","3":"status-publish","4":"has-post-thumbnail","6":"product_brand-salus","7":"product_cat-antioxidantes-salud","8":"product_cat-salud","9":"product_cat-suplementos-alimenticios","11":"first","12":"instock","13":"shipping-taxable","14":"purchasable","15":"product-type-simple","16":"add-to-wishlist-before_image"},"acf":[],"yoast_head":"<!-- This site is optimized with the Yoast SEO Premium plugin v27.1 (Yoast SEO v27.3) - https:\/\/yoast.com\/product\/yoast-seo-premium-wordpress\/ -->\n<title>Zumo de Granada Bio 200ml - Salus - Lifenatura<\/title>\n<meta name=\"description\" content=\"Granada Bio Salus - zumo ecol\u00f3gico rico en polifenoles con una fuerte acci\u00f3n antioxidante. Favorece la vitalidad, la protecci\u00f3n celular y el bienestar cardiovascular.\" \/>\n<meta name=\"robots\" content=\"index, follow, max-snippet:-1, max-image-preview:large, max-video-preview:-1\" \/>\n<link rel=\"canonical\" href=\"https:\/\/www.lifenatura.com\/es\/produto\/zumo-de-granada-bio-200ml-salus\/\" \/>\n<meta property=\"og:locale\" content=\"es_ES\" \/>\n<meta property=\"og:type\" content=\"article\" \/>\n<meta property=\"og:title\" content=\"Zumo de Granada Bio 200ml - Salus - Lifenatura\" \/>\n<meta property=\"og:description\" content=\"Compre aqui o seu Zumo de Granada Bio 200ml - Salus e a Lifenatura Online envia em 48 H com Portes Gratis &gt;35\u20ac de Pedido.\" \/>\n<meta property=\"og:url\" content=\"https:\/\/www.lifenatura.com\/es\/produto\/zumo-de-granada-bio-200ml-salus\/\" \/>\n<meta property=\"og:site_name\" content=\"Lifenatura\" \/>\n<meta property=\"article:publisher\" content=\"https:\/\/www.facebook.com\/lifenatura\" \/>\n<meta property=\"article:modified_time\" content=\"2026-02-04T07:29:00+00:00\" \/>\n<meta property=\"og:image\" content=\"https:\/\/www.lifenatura.com\/wp-content\/uploads\/2025\/10\/roma-sumo-salus.jpg\" \/>\n\t<meta property=\"og:image:width\" content=\"1000\" \/>\n\t<meta property=\"og:image:height\" content=\"1000\" \/>\n\t<meta property=\"og:image:type\" content=\"image\/jpeg\" \/>\n<meta name=\"twitter:card\" content=\"summary_large_image\" \/>\n<meta name=\"twitter:label1\" content=\"Precio\" \/>\n\t<meta name=\"twitter:data1\" content=\"20,07&nbsp;&euro;\" \/>\n\t<meta name=\"twitter:label2\" content=\"Disponibilidad\" \/>\n\t<meta name=\"twitter:data2\" content=\"Disponible\" \/>\n<meta property=\"product:price:amount\" content=\"20.07\" \/>\n<meta property=\"product:price:currency\" content=\"EUR\" \/>\n<meta property=\"og:availability\" content=\"instock\" \/>\n<meta property=\"product:availability\" content=\"instock\" \/>\n<meta property=\"product:retailer_item_id\" content=\"4006309024385\" \/>\n<meta property=\"product:condition\" content=\"new\" \/>\n<!-- \/ Yoast SEO Premium plugin. -->","yoast_head_json":{"title":"Zumo de Granada Bio 200ml - Salus - Lifenatura","description":"Granada Bio Salus - zumo ecol\u00f3gico rico en polifenoles con una fuerte acci\u00f3n antioxidante. Favorece la vitalidad, la protecci\u00f3n celular y el bienestar cardiovascular.","robots":{"index":"index","follow":"follow","max-snippet":"max-snippet:-1","max-image-preview":"max-image-preview:large","max-video-preview":"max-video-preview:-1"},"canonical":"https:\/\/www.lifenatura.com\/es\/produto\/zumo-de-granada-bio-200ml-salus\/","og_locale":"es_ES","og_type":"article","og_title":"Zumo de Granada Bio 200ml - Salus - Lifenatura","og_description":"Compre aqui o seu Zumo de Granada Bio 200ml - Salus e a Lifenatura Online envia em 48 H com Portes Gratis >35\u20ac de Pedido.","og_url":"https:\/\/www.lifenatura.com\/es\/produto\/zumo-de-granada-bio-200ml-salus\/","og_site_name":"Lifenatura","article_publisher":"https:\/\/www.facebook.com\/lifenatura","article_modified_time":"2026-02-04T07:29:00+00:00","og_image":[{"width":1000,"height":1000,"url":"https:\/\/www.lifenatura.com\/wp-content\/uploads\/2025\/10\/roma-sumo-salus.jpg","type":"image\/jpeg"}],"twitter_card":"summary_large_image","twitter_misc":{"Precio":"20,07&nbsp;&euro;","Disponibilidad":"Disponible"},"schema":{"@context":"https:\/\/schema.org","@graph":[{"@type":"WebPage","@id":"https:\/\/www.lifenatura.com\/es\/produto\/zumo-de-granada-bio-200ml-salus\/","url":"https:\/\/www.lifenatura.com\/es\/produto\/zumo-de-granada-bio-200ml-salus\/","name":"Zumo de Granada Bio 200ml - Salus - Lifenatura","isPartOf":{"@id":"https:\/\/www.lifenatura.com\/es\/#website"},"primaryImageOfPage":{"@id":"https:\/\/www.lifenatura.com\/es\/produto\/zumo-de-granada-bio-200ml-salus\/#primaryimage"},"image":{"@id":"https:\/\/www.lifenatura.com\/es\/produto\/zumo-de-granada-bio-200ml-salus\/#primaryimage"},"thumbnailUrl":"https:\/\/www.lifenatura.com\/wp-content\/uploads\/2025\/10\/roma-sumo-salus.jpg","datePublished":"2025-10-22T15:03:56+00:00","dateModified":"2026-02-04T07:29:00+00:00","description":"Granada Bio Salus - zumo ecol\u00f3gico rico en polifenoles con una fuerte acci\u00f3n antioxidante. Favorece la vitalidad, la protecci\u00f3n celular y el bienestar cardiovascular.","breadcrumb":{"@id":"https:\/\/www.lifenatura.com\/es\/produto\/zumo-de-granada-bio-200ml-salus\/#breadcrumb"},"inLanguage":"es","potentialAction":[{"@type":"ReadAction","target":["https:\/\/www.lifenatura.com\/es\/produto\/zumo-de-granada-bio-200ml-salus\/"]}]},{"@type":"ImageObject","inLanguage":"es","@id":"https:\/\/www.lifenatura.com\/es\/produto\/zumo-de-granada-bio-200ml-salus\/#primaryimage","url":"https:\/\/www.lifenatura.com\/wp-content\/uploads\/2025\/10\/roma-sumo-salus.jpg","contentUrl":"https:\/\/www.lifenatura.com\/wp-content\/uploads\/2025\/10\/roma-sumo-salus.jpg","width":1000,"height":1000,"caption":"Zumo de Granada Salus"},{"@type":"BreadcrumbList","@id":"https:\/\/www.lifenatura.com\/es\/produto\/zumo-de-granada-bio-200ml-salus\/#breadcrumb","itemListElement":[{"@type":"ListItem","position":1,"name":"In\u00edcio","item":"https:\/\/www.lifenatura.com\/es\/"},{"@type":"ListItem","position":2,"name":"Todos los Productos","item":"https:\/\/www.lifenatura.com\/es\/tienda\/"},{"@type":"ListItem","position":3,"name":"Zumo de Granada Bio 200ml &#8211; Salus"}]},{"@type":"WebSite","@id":"https:\/\/www.lifenatura.com\/es\/#website","url":"https:\/\/www.lifenatura.com\/es\/","name":"Lifenatura","description":"A Lifenatura \u00e9 uma loja de produtos naturais, cosm\u00e9tica natural e alimenta\u00e7\u00e3o Biol\u00f3gica.","publisher":{"@id":"https:\/\/www.lifenatura.com\/es\/#organization"},"potentialAction":[{"@type":"SearchAction","target":{"@type":"EntryPoint","urlTemplate":"https:\/\/www.lifenatura.com\/es\/?s={search_term_string}"},"query-input":{"@type":"PropertyValueSpecification","valueRequired":true,"valueName":"search_term_string"}}],"inLanguage":"es"},{"@type":"Organization","@id":"https:\/\/www.lifenatura.com\/es\/#organization","name":"Lifenatura","url":"https:\/\/www.lifenatura.com\/es\/","logo":{"@type":"ImageObject","inLanguage":"es","@id":"https:\/\/www.lifenatura.com\/es\/#\/schema\/logo\/image\/","url":"https:\/\/www.lifenatura.com\/wp-content\/uploads\/2021\/11\/logo.png","contentUrl":"https:\/\/www.lifenatura.com\/wp-content\/uploads\/2021\/11\/logo.png","width":175,"height":55,"caption":"Lifenatura"},"image":{"@id":"https:\/\/www.lifenatura.com\/es\/#\/schema\/logo\/image\/"},"sameAs":["https:\/\/www.facebook.com\/lifenatura","https:\/\/www.instagram.com\/lifenaturapt\/"]}]},"product_price_amount":"20.07","product_price_currency":"EUR","og_availability":"instock","product_availability":"instock","product_retailer_item_id":"4006309024385","product_condition":"new"},"df_price":20.07,"df_sale_price":"","df_regular_price":20.07,"df_image_link":"https:\/\/www.lifenatura.com\/wp-content\/uploads\/2025\/10\/roma-sumo-salus-300x300.jpg","_links":{"self":[{"href":"https:\/\/www.lifenatura.com\/es\/wp-json\/wp\/v2\/product\/125829","targetHints":{"allow":["GET"]}}],"collection":[{"href":"https:\/\/www.lifenatura.com\/es\/wp-json\/wp\/v2\/product"}],"about":[{"href":"https:\/\/www.lifenatura.com\/es\/wp-json\/wp\/v2\/types\/product"}],"wp:featuredmedia":[{"embeddable":true,"href":"https:\/\/www.lifenatura.com\/es\/wp-json\/wp\/v2\/media\/119362"}],"wp:attachment":[{"href":"https:\/\/www.lifenatura.com\/es\/wp-json\/wp\/v2\/media?parent=125829"}],"wp:term":[{"taxonomy":"product_brand","embeddable":true,"href":"https:\/\/www.lifenatura.com\/es\/wp-json\/wp\/v2\/product_brand?post=125829"},{"taxonomy":"product_cat","embeddable":true,"href":"https:\/\/www.lifenatura.com\/es\/wp-json\/wp\/v2\/product_cat?post=125829"},{"taxonomy":"product_tag","embeddable":true,"href":"https:\/\/www.lifenatura.com\/es\/wp-json\/wp\/v2\/product_tag?post=125829"}],"curies":[{"name":"wp","href":"https:\/\/api.w.org\/{rel}","templated":true}]}}