{"id":125636,"date":"2025-11-12T06:59:23","date_gmt":"2025-11-12T06:59:23","guid":{"rendered":"https:\/\/www.lifenatura.com\/produto\/infusion-de-sene-20-sobres-soria-natural\/"},"modified":"2026-02-11T14:14:16","modified_gmt":"2026-02-11T14:14:16","slug":"infusion-de-sene-20-sobres-soria-natural","status":"publish","type":"product","link":"https:\/\/www.lifenatura.com\/es\/produto\/infusion-de-sene-20-sobres-soria-natural\/","title":{"rendered":"Infusi\u00f3n de Sene 20 sobres &#8211; Soria Natural"},"content":{"rendered":"<h2 style=\"text-align: left;\" data-start=\"42\" data-end=\"108\">Sene en Bolsitas &#8211; Soria Natural<\/h2>\n<p>&nbsp;<\/p>\n<p data-start=\"143\" data-end=\"574\"><strong data-start=\"145\" data-end=\"173\">Infusi\u00f3n de Sene 20 sobres<\/strong> de <strong data-start=\"177\" data-end=\"218\"><span class=\"hover:entity-accent entity-underline inline cursor-pointer align-baseline\"><span class=\"whitespace-normal\">Soria Natural<\/span><\/span><\/strong> es una infusi\u00f3n natural formulada a base de <em data-start=\"263\" data-end=\"282\">Senna alexandrina<\/em>, una planta utilizada tradicionalmente en fitoterapia por su contribuci\u00f3n a la regularidad del tr\u00e1nsito intestinal. Seg\u00fan la informaci\u00f3n de la marca, esta infusi\u00f3n ha sido desarrollada para ayudar eficazmente a aliviar el estre\u00f1imiento ocasional, respetando los mecanismos naturales del organismo.<\/p>\n<p data-start=\"576\" data-end=\"923\">Los sobres contienen hojas de sen cuidadosamente seleccionadas y preparadas para preservar sus principios activos naturales. El formato de bolsita individual garantiza una preparaci\u00f3n pr\u00e1ctica, una dosificaci\u00f3n controlada y facilidad de uso, lo que hace que esta infusi\u00f3n sea adecuada para un uso ocasional, siempre que sea necesario estimular el tr\u00e1nsito intestinal.<\/p>\n<p data-start=\"925\" data-end=\"1223\">Se sabe que la acci\u00f3n del sen favorece la evacuaci\u00f3n estimulando suavemente los movimientos intestinales. Por ello, su uso debe ser ocasional e integrarse en un estilo de vida sano que incluya una dieta equilibrada, un consumo adecuado de agua y ejercicio f\u00edsico regular.<\/p>\n<p data-start=\"1225\" data-end=\"1252\"><strong>Principales ventajas<\/strong><\/p>\n<ul data-start=\"1253\" data-end=\"1495\">\n<li data-start=\"1253\" data-end=\"1313\">\n<p data-start=\"1255\" data-end=\"1313\">Ayuda a <strong data-start=\"1272\" data-end=\"1311\">regularizar el tr\u00e1nsito intestinal<\/strong><\/p>\n<\/li>\n<li data-start=\"1314\" data-end=\"1361\">\n<p data-start=\"1316\" data-end=\"1361\">Ayuda a <strong data-start=\"1325\" data-end=\"1359\">aliviar el estre\u00f1imiento ocasional<\/strong><\/p>\n<\/li>\n<li data-start=\"1362\" data-end=\"1395\">\n<p data-start=\"1364\" data-end=\"1395\">Apoya la <strong data-start=\"1372\" data-end=\"1393\">evacuaci\u00f3n natural<\/strong><\/p>\n<\/li>\n<li data-start=\"1396\" data-end=\"1444\">\n<p data-start=\"1398\" data-end=\"1444\"><strong data-start=\"1412\" data-end=\"1442\">Eficaz y de origen vegetal<\/strong><\/p>\n<\/li>\n<li data-start=\"1445\" data-end=\"1495\">\n<p data-start=\"1447\" data-end=\"1495\">Pr\u00e1ctica infusi\u00f3n en sobres, f\u00e1cil de preparar<\/p>\n<\/li>\n<\/ul>\n<p data-start=\"1497\" data-end=\"1516\"><strong>Adecuado para<\/strong><\/p>\n<p data-start=\"1517\" data-end=\"1665\">La Infusi\u00f3n Soria Natural Sene est\u00e1 indicada para adultos que necesitan apoyo ocasional para el tr\u00e1nsito intestinal, y est\u00e1 especialmente recomendada para:<\/p>\n<ul data-start=\"1666\" data-end=\"1832\">\n<li data-start=\"1666\" data-end=\"1702\">\n<p data-start=\"1668\" data-end=\"1702\">Personas con estre\u00f1imiento ocasional<\/p>\n<\/li>\n<li data-start=\"1703\" data-end=\"1745\">\n<p data-start=\"1705\" data-end=\"1745\">Tr\u00e1nsito intestinal lento<\/p>\n<\/li>\n<li data-start=\"1746\" data-end=\"1790\">\n<p data-start=\"1748\" data-end=\"1790\">Los que buscan una soluci\u00f3n laxante natural<\/p>\n<\/li>\n<li data-start=\"1791\" data-end=\"1832\">\n<p data-start=\"1793\" data-end=\"1832\">Uso ocasional, no continuo<\/p>\n<\/li>\n<\/ul>\n<p><strong>Presentaci\u00f3n:<\/strong><\/p>\n<p>20 sobres<\/p>\n<p>&nbsp;<\/p>\n","protected":false},"excerpt":{"rendered":"<p>Infusi\u00f3n Sene 20 sobres de Soria Natural &#8211; infusi\u00f3n natural que favorece la regularidad intestinal y ayuda a aliviar eficazmente el estre\u00f1imiento ocasional. [&#8230;]<\/p>\n<p><a class=\"btn btn-secondary understrap-read-more-link\" href=\"https:\/\/www.lifenatura.com\/es\/produto\/infusion-de-sene-20-sobres-soria-natural\/\">Leer m\u00e1s&#8230;<span class=\"screen-reader-text\"> from Infusi\u00f3n de Sene 20 sobres &#8211; Soria Natural<\/span><\/a><\/p>\n","protected":false},"featured_media":120938,"template":"","meta":{"_acf_changed":false},"product_brand":[8555],"product_cat":[7064,7065,7071],"product_tag":[],"class_list":{"0":"post-125636","1":"product","2":"type-product","3":"status-publish","4":"has-post-thumbnail","6":"product_brand-soria-natural-es","7":"product_cat-alimentacion-sana","8":"product_cat-bebidas","9":"product_cat-tes-y-infusiones","11":"first","12":"instock","13":"sale","14":"featured","15":"shipping-taxable","16":"purchasable","17":"product-type-simple","18":"add-to-wishlist-before_image"},"acf":[],"yoast_head":"<!-- This site is optimized with the Yoast SEO Premium plugin v27.1 (Yoast SEO v27.5) - https:\/\/yoast.com\/product\/yoast-seo-premium-wordpress\/ -->\n<title>Infusi\u00f3n de Sene 20 sobres - Soria Natural - Na Lifenatura ao Melhor Pre\u00e7o | Envio em 48h<\/title>\n<meta name=\"description\" content=\"Infusi\u00f3n Sene 20 sobres de Soria Natural - infusi\u00f3n natural que favorece la regularidad intestinal y ayuda a aliviar eficazmente el estre\u00f1imiento ocasional.\" \/>\n<meta name=\"robots\" content=\"index, follow, max-snippet:-1, max-image-preview:large, max-video-preview:-1\" \/>\n<link rel=\"canonical\" href=\"https:\/\/www.lifenatura.com\/es\/produto\/infusion-de-sene-20-sobres-soria-natural\/\" \/>\n<meta property=\"og:locale\" content=\"es_ES\" \/>\n<meta property=\"og:type\" content=\"article\" \/>\n<meta property=\"og:title\" content=\"Infusi\u00f3n de Sene 20 sobres - Soria Natural - Na Lifenatura ao Melhor Pre\u00e7o | Envio 48h\" \/>\n<meta property=\"og:description\" content=\"Compre Infusi\u00f3n de Sene 20 sobres - Soria Natural com envio r\u00e1pido. Entrega em 48h e portes gr\u00e1tis em compras &gt;35\u20ac. Aproveite j\u00e1 na Lifenatura\" \/>\n<meta property=\"og:url\" content=\"https:\/\/www.lifenatura.com\/es\/produto\/infusion-de-sene-20-sobres-soria-natural\/\" \/>\n<meta property=\"og:site_name\" content=\"Lifenatura\" \/>\n<meta property=\"article:publisher\" content=\"https:\/\/www.facebook.com\/lifenatura\" \/>\n<meta property=\"article:modified_time\" content=\"2026-02-11T14:14:16+00:00\" \/>\n<meta property=\"og:image\" content=\"https:\/\/www.lifenatura.com\/wp-content\/uploads\/2025\/11\/sene-infusao-soria-natural.jpg\" \/>\n\t<meta property=\"og:image:width\" content=\"1000\" \/>\n\t<meta property=\"og:image:height\" content=\"1000\" \/>\n\t<meta property=\"og:image:type\" content=\"image\/jpeg\" \/>\n<meta name=\"twitter:card\" content=\"summary_large_image\" \/>\n<meta name=\"twitter:label1\" content=\"Precio\" \/>\n\t<meta name=\"twitter:data1\" content=\"3,40&nbsp;&euro;\" \/>\n\t<meta name=\"twitter:label2\" content=\"Disponibilidad\" \/>\n\t<meta name=\"twitter:data2\" content=\"Disponible\" \/>\n<script type=\"application\/ld+json\" class=\"yoast-schema-graph\">{\"@context\":\"https:\\\/\\\/schema.org\",\"@graph\":[{\"@type\":\"WebPage\",\"@id\":\"https:\\\/\\\/www.lifenatura.com\\\/es\\\/produto\\\/infusion-de-sene-20-sobres-soria-natural\\\/\",\"url\":\"https:\\\/\\\/www.lifenatura.com\\\/es\\\/produto\\\/infusion-de-sene-20-sobres-soria-natural\\\/\",\"name\":\"Infusi\u00f3n de Sene 20 sobres - Soria Natural - Na Lifenatura ao Melhor Pre\u00e7o | Envio em 48h\",\"isPartOf\":{\"@id\":\"https:\\\/\\\/www.lifenatura.com\\\/es\\\/#website\"},\"primaryImageOfPage\":{\"@id\":\"https:\\\/\\\/www.lifenatura.com\\\/es\\\/produto\\\/infusion-de-sene-20-sobres-soria-natural\\\/#primaryimage\"},\"image\":{\"@id\":\"https:\\\/\\\/www.lifenatura.com\\\/es\\\/produto\\\/infusion-de-sene-20-sobres-soria-natural\\\/#primaryimage\"},\"thumbnailUrl\":\"https:\\\/\\\/www.lifenatura.com\\\/wp-content\\\/uploads\\\/2025\\\/11\\\/sene-infusao-soria-natural.jpg\",\"datePublished\":\"2025-11-12T06:59:23+00:00\",\"dateModified\":\"2026-02-11T14:14:16+00:00\",\"description\":\"Infusi\u00f3n Sene 20 sobres de Soria Natural - infusi\u00f3n natural que favorece la regularidad intestinal y ayuda a aliviar eficazmente el estre\u00f1imiento ocasional.\",\"breadcrumb\":{\"@id\":\"https:\\\/\\\/www.lifenatura.com\\\/es\\\/produto\\\/infusion-de-sene-20-sobres-soria-natural\\\/#breadcrumb\"},\"inLanguage\":\"es\",\"potentialAction\":[{\"@type\":\"ReadAction\",\"target\":[\"https:\\\/\\\/www.lifenatura.com\\\/es\\\/produto\\\/infusion-de-sene-20-sobres-soria-natural\\\/\"]}]},{\"@type\":\"ImageObject\",\"inLanguage\":\"es\",\"@id\":\"https:\\\/\\\/www.lifenatura.com\\\/es\\\/produto\\\/infusion-de-sene-20-sobres-soria-natural\\\/#primaryimage\",\"url\":\"https:\\\/\\\/www.lifenatura.com\\\/wp-content\\\/uploads\\\/2025\\\/11\\\/sene-infusao-soria-natural.jpg\",\"contentUrl\":\"https:\\\/\\\/www.lifenatura.com\\\/wp-content\\\/uploads\\\/2025\\\/11\\\/sene-infusao-soria-natural.jpg\",\"width\":1000,\"height\":1000,\"caption\":\"Infusi\u00f3n de sene de la marca soria natural\"},{\"@type\":\"BreadcrumbList\",\"@id\":\"https:\\\/\\\/www.lifenatura.com\\\/es\\\/produto\\\/infusion-de-sene-20-sobres-soria-natural\\\/#breadcrumb\",\"itemListElement\":[{\"@type\":\"ListItem\",\"position\":1,\"name\":\"In\u00edcio\",\"item\":\"https:\\\/\\\/www.lifenatura.com\\\/es\\\/\"},{\"@type\":\"ListItem\",\"position\":2,\"name\":\"Todos los Productos\",\"item\":\"https:\\\/\\\/www.lifenatura.com\\\/es\\\/tienda\\\/\"},{\"@type\":\"ListItem\",\"position\":3,\"name\":\"Infusi\u00f3n de Sene 20 sobres &#8211; Soria Natural\"}]},{\"@type\":\"WebSite\",\"@id\":\"https:\\\/\\\/www.lifenatura.com\\\/es\\\/#website\",\"url\":\"https:\\\/\\\/www.lifenatura.com\\\/es\\\/\",\"name\":\"Lifenatura\",\"description\":\"A Lifenatura \u00e9 uma loja de produtos naturais, cosm\u00e9tica natural e alimenta\u00e7\u00e3o Biol\u00f3gica.\",\"publisher\":{\"@id\":\"https:\\\/\\\/www.lifenatura.com\\\/es\\\/#organization\"},\"potentialAction\":[{\"@type\":\"SearchAction\",\"target\":{\"@type\":\"EntryPoint\",\"urlTemplate\":\"https:\\\/\\\/www.lifenatura.com\\\/es\\\/?s={search_term_string}\"},\"query-input\":{\"@type\":\"PropertyValueSpecification\",\"valueRequired\":true,\"valueName\":\"search_term_string\"}}],\"inLanguage\":\"es\"},{\"@type\":\"Organization\",\"@id\":\"https:\\\/\\\/www.lifenatura.com\\\/es\\\/#organization\",\"name\":\"Lifenatura\",\"url\":\"https:\\\/\\\/www.lifenatura.com\\\/es\\\/\",\"logo\":{\"@type\":\"ImageObject\",\"inLanguage\":\"es\",\"@id\":\"https:\\\/\\\/www.lifenatura.com\\\/es\\\/#\\\/schema\\\/logo\\\/image\\\/\",\"url\":\"https:\\\/\\\/www.lifenatura.com\\\/wp-content\\\/uploads\\\/2021\\\/07\\\/logo.png\",\"contentUrl\":\"https:\\\/\\\/www.lifenatura.com\\\/wp-content\\\/uploads\\\/2021\\\/07\\\/logo.png\",\"width\":175,\"height\":55,\"caption\":\"Lifenatura\"},\"image\":{\"@id\":\"https:\\\/\\\/www.lifenatura.com\\\/es\\\/#\\\/schema\\\/logo\\\/image\\\/\"},\"sameAs\":[\"https:\\\/\\\/www.facebook.com\\\/lifenatura\",\"https:\\\/\\\/www.instagram.com\\\/lifenaturapt\\\/\"],\"hasMerchantReturnPolicy\":{\"@type\":\"MerchantReturnPolicy\",\"merchantReturnLink\":\"https:\\\/\\\/www.lifenatura.com\\\/termos-condicoes-lifenatura\\\/\"}}]}<\/script>\n<meta property=\"product:price:amount\" content=\"3.40\" \/>\n<meta property=\"product:price:currency\" content=\"EUR\" \/>\n<meta property=\"og:availability\" content=\"instock\" \/>\n<meta property=\"product:availability\" content=\"instock\" \/>\n<meta property=\"product:retailer_item_id\" content=\"8422947030704\" \/>\n<meta property=\"product:condition\" content=\"new\" \/>\n<!-- \/ Yoast SEO Premium plugin. -->","yoast_head_json":{"title":"Infusi\u00f3n de Sene 20 sobres - Soria Natural - Na Lifenatura ao Melhor Pre\u00e7o | Envio em 48h","description":"Infusi\u00f3n Sene 20 sobres de Soria Natural - infusi\u00f3n natural que favorece la regularidad intestinal y ayuda a aliviar eficazmente el estre\u00f1imiento ocasional.","robots":{"index":"index","follow":"follow","max-snippet":"max-snippet:-1","max-image-preview":"max-image-preview:large","max-video-preview":"max-video-preview:-1"},"canonical":"https:\/\/www.lifenatura.com\/es\/produto\/infusion-de-sene-20-sobres-soria-natural\/","og_locale":"es_ES","og_type":"article","og_title":"Infusi\u00f3n de Sene 20 sobres - Soria Natural - Na Lifenatura ao Melhor Pre\u00e7o | Envio 48h","og_description":"Compre Infusi\u00f3n de Sene 20 sobres - Soria Natural com envio r\u00e1pido. Entrega em 48h e portes gr\u00e1tis em compras >35\u20ac. Aproveite j\u00e1 na Lifenatura","og_url":"https:\/\/www.lifenatura.com\/es\/produto\/infusion-de-sene-20-sobres-soria-natural\/","og_site_name":"Lifenatura","article_publisher":"https:\/\/www.facebook.com\/lifenatura","article_modified_time":"2026-02-11T14:14:16+00:00","og_image":[{"width":1000,"height":1000,"url":"https:\/\/www.lifenatura.com\/wp-content\/uploads\/2025\/11\/sene-infusao-soria-natural.jpg","type":"image\/jpeg"}],"twitter_card":"summary_large_image","twitter_misc":{"Precio":"3,40&nbsp;&euro;","Disponibilidad":"Disponible"},"schema":{"@context":"https:\/\/schema.org","@graph":[{"@type":"WebPage","@id":"https:\/\/www.lifenatura.com\/es\/produto\/infusion-de-sene-20-sobres-soria-natural\/","url":"https:\/\/www.lifenatura.com\/es\/produto\/infusion-de-sene-20-sobres-soria-natural\/","name":"Infusi\u00f3n de Sene 20 sobres - Soria Natural - Na Lifenatura ao Melhor Pre\u00e7o | Envio em 48h","isPartOf":{"@id":"https:\/\/www.lifenatura.com\/es\/#website"},"primaryImageOfPage":{"@id":"https:\/\/www.lifenatura.com\/es\/produto\/infusion-de-sene-20-sobres-soria-natural\/#primaryimage"},"image":{"@id":"https:\/\/www.lifenatura.com\/es\/produto\/infusion-de-sene-20-sobres-soria-natural\/#primaryimage"},"thumbnailUrl":"https:\/\/www.lifenatura.com\/wp-content\/uploads\/2025\/11\/sene-infusao-soria-natural.jpg","datePublished":"2025-11-12T06:59:23+00:00","dateModified":"2026-02-11T14:14:16+00:00","description":"Infusi\u00f3n Sene 20 sobres de Soria Natural - infusi\u00f3n natural que favorece la regularidad intestinal y ayuda a aliviar eficazmente el estre\u00f1imiento ocasional.","breadcrumb":{"@id":"https:\/\/www.lifenatura.com\/es\/produto\/infusion-de-sene-20-sobres-soria-natural\/#breadcrumb"},"inLanguage":"es","potentialAction":[{"@type":"ReadAction","target":["https:\/\/www.lifenatura.com\/es\/produto\/infusion-de-sene-20-sobres-soria-natural\/"]}]},{"@type":"ImageObject","inLanguage":"es","@id":"https:\/\/www.lifenatura.com\/es\/produto\/infusion-de-sene-20-sobres-soria-natural\/#primaryimage","url":"https:\/\/www.lifenatura.com\/wp-content\/uploads\/2025\/11\/sene-infusao-soria-natural.jpg","contentUrl":"https:\/\/www.lifenatura.com\/wp-content\/uploads\/2025\/11\/sene-infusao-soria-natural.jpg","width":1000,"height":1000,"caption":"Infusi\u00f3n de sene de la marca soria natural"},{"@type":"BreadcrumbList","@id":"https:\/\/www.lifenatura.com\/es\/produto\/infusion-de-sene-20-sobres-soria-natural\/#breadcrumb","itemListElement":[{"@type":"ListItem","position":1,"name":"In\u00edcio","item":"https:\/\/www.lifenatura.com\/es\/"},{"@type":"ListItem","position":2,"name":"Todos los Productos","item":"https:\/\/www.lifenatura.com\/es\/tienda\/"},{"@type":"ListItem","position":3,"name":"Infusi\u00f3n de Sene 20 sobres &#8211; Soria Natural"}]},{"@type":"WebSite","@id":"https:\/\/www.lifenatura.com\/es\/#website","url":"https:\/\/www.lifenatura.com\/es\/","name":"Lifenatura","description":"A Lifenatura \u00e9 uma loja de produtos naturais, cosm\u00e9tica natural e alimenta\u00e7\u00e3o Biol\u00f3gica.","publisher":{"@id":"https:\/\/www.lifenatura.com\/es\/#organization"},"potentialAction":[{"@type":"SearchAction","target":{"@type":"EntryPoint","urlTemplate":"https:\/\/www.lifenatura.com\/es\/?s={search_term_string}"},"query-input":{"@type":"PropertyValueSpecification","valueRequired":true,"valueName":"search_term_string"}}],"inLanguage":"es"},{"@type":"Organization","@id":"https:\/\/www.lifenatura.com\/es\/#organization","name":"Lifenatura","url":"https:\/\/www.lifenatura.com\/es\/","logo":{"@type":"ImageObject","inLanguage":"es","@id":"https:\/\/www.lifenatura.com\/es\/#\/schema\/logo\/image\/","url":"https:\/\/www.lifenatura.com\/wp-content\/uploads\/2021\/07\/logo.png","contentUrl":"https:\/\/www.lifenatura.com\/wp-content\/uploads\/2021\/07\/logo.png","width":175,"height":55,"caption":"Lifenatura"},"image":{"@id":"https:\/\/www.lifenatura.com\/es\/#\/schema\/logo\/image\/"},"sameAs":["https:\/\/www.facebook.com\/lifenatura","https:\/\/www.instagram.com\/lifenaturapt\/"],"hasMerchantReturnPolicy":{"@type":"MerchantReturnPolicy","merchantReturnLink":"https:\/\/www.lifenatura.com\/termos-condicoes-lifenatura\/"}}]},"product_price_amount":"3.40","product_price_currency":"EUR","og_availability":"instock","product_availability":"instock","product_retailer_item_id":"8422947030704","product_condition":"new"},"df_price":3.4,"df_sale_price":3.4,"df_regular_price":3.78,"df_image_link":"https:\/\/www.lifenatura.com\/wp-content\/uploads\/2025\/11\/sene-infusao-soria-natural-300x300.jpg","_links":{"self":[{"href":"https:\/\/www.lifenatura.com\/es\/wp-json\/wp\/v2\/product\/125636","targetHints":{"allow":["GET"]}}],"collection":[{"href":"https:\/\/www.lifenatura.com\/es\/wp-json\/wp\/v2\/product"}],"about":[{"href":"https:\/\/www.lifenatura.com\/es\/wp-json\/wp\/v2\/types\/product"}],"wp:featuredmedia":[{"embeddable":true,"href":"https:\/\/www.lifenatura.com\/es\/wp-json\/wp\/v2\/media\/120938"}],"wp:attachment":[{"href":"https:\/\/www.lifenatura.com\/es\/wp-json\/wp\/v2\/media?parent=125636"}],"wp:term":[{"taxonomy":"product_brand","embeddable":true,"href":"https:\/\/www.lifenatura.com\/es\/wp-json\/wp\/v2\/product_brand?post=125636"},{"taxonomy":"product_cat","embeddable":true,"href":"https:\/\/www.lifenatura.com\/es\/wp-json\/wp\/v2\/product_cat?post=125636"},{"taxonomy":"product_tag","embeddable":true,"href":"https:\/\/www.lifenatura.com\/es\/wp-json\/wp\/v2\/product_tag?post=125636"}],"curies":[{"name":"wp","href":"https:\/\/api.w.org\/{rel}","templated":true}]}}