{"id":125583,"date":"2025-11-12T06:57:12","date_gmt":"2025-11-12T06:57:12","guid":{"rendered":"https:\/\/www.lifenatura.com\/produto\/infusion-somnisedan-20-sobres-soria-natural\/"},"modified":"2026-02-24T08:28:47","modified_gmt":"2026-02-24T08:28:47","slug":"infusion-somnisedan-20-sobres-soria-natural","status":"publish","type":"product","link":"https:\/\/www.lifenatura.com\/es\/produto\/infusion-somnisedan-20-sobres-soria-natural\/","title":{"rendered":"Infusi\u00f3n Somnisedan 20 sobres &#8211; Soria Natural"},"content":{"rendered":"<h2 style=\"text-align: left;\" data-start=\"42\" data-end=\"99\">Sobres Somnisedan &#8211; Soria Natural<\/h2>\n<p>&nbsp;<\/p>\n<p data-start=\"134\" data-end=\"554\"><strong data-start=\"136\" data-end=\"170\">Infusi\u00f3n Somnisedan 20 sobres<\/strong> de <strong data-start=\"174\" data-end=\"215\"><span class=\"hover:entity-accent entity-underline inline cursor-pointer align-baseline\"><span class=\"whitespace-normal\">Soria Natural<\/span><\/span><\/strong> es una infusi\u00f3n funcional de la gama Natusor, desarrollada para favorecer la relajaci\u00f3n y contribuir a un sue\u00f1o natural y reparador. Seg\u00fan la informaci\u00f3n de la marca, esta infusi\u00f3n combina plantas utilizadas tradicionalmente en fitoterapia para calmar el sistema nervioso y facilitar el sue\u00f1o, respetando los ritmos naturales del organismo.<\/p>\n<p data-start=\"556\" data-end=\"918\">La f\u00f3rmula de Somnisedan est\u00e1 dise\u00f1ada para actuar suave y progresivamente, ayudando a reducir la agitaci\u00f3n mental y a crear las condiciones ideales para un sue\u00f1o reparador. Las plantas seleccionadas se preparan cuidadosamente para preservar sus principios activos naturales, dando como resultado una infusi\u00f3n arom\u00e1tica y agradable, f\u00e1cil de integrar en tu rutina nocturna.<\/p>\n<p data-start=\"920\" data-end=\"1229\">El formato en sobres individuales garantiza practicidad, dosificaci\u00f3n adecuada y rapidez de preparaci\u00f3n, por lo que es ideal para consumir al final del d\u00eda. Somnisedan es una excelente opci\u00f3n para quienes buscan una alternativa natural para mejorar la calidad del sue\u00f1o, sin causar dependencia ni sensaci\u00f3n de somnolencia al despertar.<\/p>\n<p data-start=\"1231\" data-end=\"1258\"><strong>Principales ventajas<\/strong><\/p>\n<ul data-start=\"1259\" data-end=\"1517\">\n<li data-start=\"1259\" data-end=\"1314\">\n<p data-start=\"1261\" data-end=\"1314\">Ayuda a <strong data-start=\"1278\" data-end=\"1312\">relajar el sistema nervioso<\/strong><\/p>\n<\/li>\n<li data-start=\"1315\" data-end=\"1352\">\n<p data-start=\"1317\" data-end=\"1352\">Ayuda <strong data-start=\"1325\" data-end=\"1350\">a conciliar el sue\u00f1o m\u00e1s f\u00e1cilmente<\/strong><\/p>\n<\/li>\n<li data-start=\"1353\" data-end=\"1394\">\n<p data-start=\"1355\" data-end=\"1394\">Favorece <strong data-start=\"1363\" data-end=\"1392\">la calidad natural del sue\u00f1o<\/strong><\/p>\n<\/li>\n<li data-start=\"1395\" data-end=\"1456\">\n<p data-start=\"1397\" data-end=\"1456\">Ayuda a <strong data-start=\"1414\" data-end=\"1454\">reducir la agitaci\u00f3n y la tensi\u00f3n nerviosa<\/strong><\/p>\n<\/li>\n<li data-start=\"1457\" data-end=\"1517\">\n<p data-start=\"1459\" data-end=\"1517\">Infusi\u00f3n natural en bolsitas, pr\u00e1ctica y f\u00e1cil de preparar<\/p>\n<\/li>\n<\/ul>\n<p data-start=\"1519\" data-end=\"1538\"><strong>Adecuado para<\/strong><\/p>\n<p data-start=\"1539\" data-end=\"1677\">Somnisedan Infusi\u00f3n Soria Natural est\u00e1 indicado para adultos que buscan un apoyo natural para dormir, y est\u00e1 especialmente recomendado para:<\/p>\n<ul data-start=\"1678\" data-end=\"1856\">\n<li data-start=\"1678\" data-end=\"1718\">\n<p data-start=\"1680\" data-end=\"1718\">Personas que tienen problemas para conciliar el sue\u00f1o<\/p>\n<\/li>\n<li data-start=\"1719\" data-end=\"1762\">\n<p data-start=\"1721\" data-end=\"1762\">Situaciones de estr\u00e9s o tensi\u00f3n emocional<\/p>\n<\/li>\n<li data-start=\"1763\" data-end=\"1794\">\n<p data-start=\"1765\" data-end=\"1794\">Cambios en el ritmo del sue\u00f1o<\/p>\n<\/li>\n<li data-start=\"1795\" data-end=\"1856\">\n<p data-start=\"1797\" data-end=\"1856\">Los que buscan una infusi\u00f3n nocturna relajante<\/p>\n<\/li>\n<\/ul>\n<p><strong>Presentaci\u00f3n:<\/strong><\/p>\n<p>20 sobres<\/p>\n<p>&nbsp;<\/p>\n","protected":false},"excerpt":{"rendered":"<p>Infusi\u00f3n Somnisedan 20 sobres de Soria Natural &#8211; una infusi\u00f3n natural que favorece la relajaci\u00f3n, ayuda a conciliar el sue\u00f1o y contribuye a un sue\u00f1o m\u00e1s reparador. [&#8230;]<\/p>\n<p><a class=\"btn btn-secondary understrap-read-more-link\" href=\"https:\/\/www.lifenatura.com\/es\/produto\/infusion-somnisedan-20-sobres-soria-natural\/\">Leer m\u00e1s&#8230;<span class=\"screen-reader-text\"> from Infusi\u00f3n Somnisedan 20 sobres &#8211; Soria Natural<\/span><\/a><\/p>\n","protected":false},"featured_media":120420,"template":"","meta":{"_acf_changed":false},"product_brand":[8555],"product_cat":[7064,7065,7071],"product_tag":[],"class_list":{"0":"post-125583","1":"product","2":"type-product","3":"status-publish","4":"has-post-thumbnail","6":"product_brand-soria-natural-es","7":"product_cat-alimentacion-sana","8":"product_cat-bebidas","9":"product_cat-tes-y-infusiones","11":"first","12":"instock","13":"sale","14":"featured","15":"shipping-taxable","16":"purchasable","17":"product-type-simple","18":"add-to-wishlist-before_image"},"acf":[],"yoast_head":"<!-- This site is optimized with the Yoast SEO Premium plugin v27.1 (Yoast SEO v27.5) - https:\/\/yoast.com\/product\/yoast-seo-premium-wordpress\/ -->\n<title>Infusi\u00f3n Somnisedan 20 sobres - Soria Natural - Na Lifenatura ao Melhor Pre\u00e7o | Envio em 48h<\/title>\n<meta name=\"description\" content=\"Infusi\u00f3n Somnisedan de Soria Natural - una infusi\u00f3n natural que favorece la relajaci\u00f3n, ayuda a conciliar el sue\u00f1o y contribuye a un sue\u00f1o m\u00e1s reparador.\" \/>\n<meta name=\"robots\" content=\"index, follow, max-snippet:-1, max-image-preview:large, max-video-preview:-1\" \/>\n<link rel=\"canonical\" href=\"https:\/\/www.lifenatura.com\/es\/produto\/infusion-somnisedan-20-sobres-soria-natural\/\" \/>\n<meta property=\"og:locale\" content=\"es_ES\" \/>\n<meta property=\"og:type\" content=\"article\" \/>\n<meta property=\"og:title\" content=\"Infusi\u00f3n Somnisedan 20 sobres - Soria Natural - Na Lifenatura ao Melhor Pre\u00e7o | Envio 48h\" \/>\n<meta property=\"og:description\" content=\"Compre Infusi\u00f3n Somnisedan 20 sobres - Soria Natural com envio r\u00e1pido. Entrega em 48h e portes gr\u00e1tis em compras &gt;35\u20ac. Aproveite j\u00e1 na Lifenatura\" \/>\n<meta property=\"og:url\" content=\"https:\/\/www.lifenatura.com\/es\/produto\/infusion-somnisedan-20-sobres-soria-natural\/\" \/>\n<meta property=\"og:site_name\" content=\"Lifenatura\" \/>\n<meta property=\"article:publisher\" content=\"https:\/\/www.facebook.com\/lifenatura\" \/>\n<meta property=\"article:modified_time\" content=\"2026-02-24T08:28:47+00:00\" \/>\n<meta property=\"og:image\" content=\"https:\/\/www.lifenatura.com\/wp-content\/uploads\/2025\/11\/somnisedan-infusao-soria-natural.jpg\" \/>\n\t<meta property=\"og:image:width\" content=\"1000\" \/>\n\t<meta property=\"og:image:height\" content=\"1000\" \/>\n\t<meta property=\"og:image:type\" content=\"image\/jpeg\" \/>\n<meta name=\"twitter:card\" content=\"summary_large_image\" \/>\n<meta name=\"twitter:label1\" content=\"Precio\" \/>\n\t<meta name=\"twitter:data1\" content=\"5,04&nbsp;&euro;\" \/>\n\t<meta name=\"twitter:label2\" content=\"Disponibilidad\" \/>\n\t<meta name=\"twitter:data2\" content=\"Disponible\" \/>\n<script type=\"application\/ld+json\" class=\"yoast-schema-graph\">{\"@context\":\"https:\\\/\\\/schema.org\",\"@graph\":[{\"@type\":\"WebPage\",\"@id\":\"https:\\\/\\\/www.lifenatura.com\\\/es\\\/produto\\\/infusion-somnisedan-20-sobres-soria-natural\\\/\",\"url\":\"https:\\\/\\\/www.lifenatura.com\\\/es\\\/produto\\\/infusion-somnisedan-20-sobres-soria-natural\\\/\",\"name\":\"Infusi\u00f3n Somnisedan 20 sobres - Soria Natural - Na Lifenatura ao Melhor Pre\u00e7o | Envio em 48h\",\"isPartOf\":{\"@id\":\"https:\\\/\\\/www.lifenatura.com\\\/es\\\/#website\"},\"primaryImageOfPage\":{\"@id\":\"https:\\\/\\\/www.lifenatura.com\\\/es\\\/produto\\\/infusion-somnisedan-20-sobres-soria-natural\\\/#primaryimage\"},\"image\":{\"@id\":\"https:\\\/\\\/www.lifenatura.com\\\/es\\\/produto\\\/infusion-somnisedan-20-sobres-soria-natural\\\/#primaryimage\"},\"thumbnailUrl\":\"https:\\\/\\\/www.lifenatura.com\\\/wp-content\\\/uploads\\\/2025\\\/11\\\/somnisedan-infusao-soria-natural.jpg\",\"datePublished\":\"2025-11-12T06:57:12+00:00\",\"dateModified\":\"2026-02-24T08:28:47+00:00\",\"description\":\"Infusi\u00f3n Somnisedan de Soria Natural - una infusi\u00f3n natural que favorece la relajaci\u00f3n, ayuda a conciliar el sue\u00f1o y contribuye a un sue\u00f1o m\u00e1s reparador.\",\"breadcrumb\":{\"@id\":\"https:\\\/\\\/www.lifenatura.com\\\/es\\\/produto\\\/infusion-somnisedan-20-sobres-soria-natural\\\/#breadcrumb\"},\"inLanguage\":\"es\",\"potentialAction\":[{\"@type\":\"ReadAction\",\"target\":[\"https:\\\/\\\/www.lifenatura.com\\\/es\\\/produto\\\/infusion-somnisedan-20-sobres-soria-natural\\\/\"]}]},{\"@type\":\"ImageObject\",\"inLanguage\":\"es\",\"@id\":\"https:\\\/\\\/www.lifenatura.com\\\/es\\\/produto\\\/infusion-somnisedan-20-sobres-soria-natural\\\/#primaryimage\",\"url\":\"https:\\\/\\\/www.lifenatura.com\\\/wp-content\\\/uploads\\\/2025\\\/11\\\/somnisedan-infusao-soria-natural.jpg\",\"contentUrl\":\"https:\\\/\\\/www.lifenatura.com\\\/wp-content\\\/uploads\\\/2025\\\/11\\\/somnisedan-infusao-soria-natural.jpg\",\"width\":1000,\"height\":1000,\"caption\":\"Somnisedan infusi\u00f3n natural de soria\"},{\"@type\":\"BreadcrumbList\",\"@id\":\"https:\\\/\\\/www.lifenatura.com\\\/es\\\/produto\\\/infusion-somnisedan-20-sobres-soria-natural\\\/#breadcrumb\",\"itemListElement\":[{\"@type\":\"ListItem\",\"position\":1,\"name\":\"In\u00edcio\",\"item\":\"https:\\\/\\\/www.lifenatura.com\\\/es\\\/\"},{\"@type\":\"ListItem\",\"position\":2,\"name\":\"Todos los Productos\",\"item\":\"https:\\\/\\\/www.lifenatura.com\\\/es\\\/tienda\\\/\"},{\"@type\":\"ListItem\",\"position\":3,\"name\":\"Infusi\u00f3n Somnisedan 20 sobres &#8211; Soria Natural\"}]},{\"@type\":\"WebSite\",\"@id\":\"https:\\\/\\\/www.lifenatura.com\\\/es\\\/#website\",\"url\":\"https:\\\/\\\/www.lifenatura.com\\\/es\\\/\",\"name\":\"Lifenatura\",\"description\":\"A Lifenatura \u00e9 uma loja de produtos naturais, cosm\u00e9tica natural e alimenta\u00e7\u00e3o Biol\u00f3gica.\",\"publisher\":{\"@id\":\"https:\\\/\\\/www.lifenatura.com\\\/es\\\/#organization\"},\"potentialAction\":[{\"@type\":\"SearchAction\",\"target\":{\"@type\":\"EntryPoint\",\"urlTemplate\":\"https:\\\/\\\/www.lifenatura.com\\\/es\\\/?s={search_term_string}\"},\"query-input\":{\"@type\":\"PropertyValueSpecification\",\"valueRequired\":true,\"valueName\":\"search_term_string\"}}],\"inLanguage\":\"es\"},{\"@type\":\"Organization\",\"@id\":\"https:\\\/\\\/www.lifenatura.com\\\/es\\\/#organization\",\"name\":\"Lifenatura\",\"url\":\"https:\\\/\\\/www.lifenatura.com\\\/es\\\/\",\"logo\":{\"@type\":\"ImageObject\",\"inLanguage\":\"es\",\"@id\":\"https:\\\/\\\/www.lifenatura.com\\\/es\\\/#\\\/schema\\\/logo\\\/image\\\/\",\"url\":\"https:\\\/\\\/www.lifenatura.com\\\/wp-content\\\/uploads\\\/2021\\\/07\\\/logo.png\",\"contentUrl\":\"https:\\\/\\\/www.lifenatura.com\\\/wp-content\\\/uploads\\\/2021\\\/07\\\/logo.png\",\"width\":175,\"height\":55,\"caption\":\"Lifenatura\"},\"image\":{\"@id\":\"https:\\\/\\\/www.lifenatura.com\\\/es\\\/#\\\/schema\\\/logo\\\/image\\\/\"},\"sameAs\":[\"https:\\\/\\\/www.facebook.com\\\/lifenatura\",\"https:\\\/\\\/www.instagram.com\\\/lifenaturapt\\\/\"],\"hasMerchantReturnPolicy\":{\"@type\":\"MerchantReturnPolicy\",\"merchantReturnLink\":\"https:\\\/\\\/www.lifenatura.com\\\/termos-condicoes-lifenatura\\\/\"}}]}<\/script>\n<meta property=\"product:price:amount\" content=\"5.04\" \/>\n<meta property=\"product:price:currency\" content=\"EUR\" \/>\n<meta property=\"og:availability\" content=\"instock\" \/>\n<meta property=\"product:availability\" content=\"instock\" \/>\n<meta property=\"product:retailer_item_id\" content=\"8422947030315\" \/>\n<meta property=\"product:condition\" content=\"new\" \/>\n<!-- \/ Yoast SEO Premium plugin. -->","yoast_head_json":{"title":"Infusi\u00f3n Somnisedan 20 sobres - Soria Natural - Na Lifenatura ao Melhor Pre\u00e7o | Envio em 48h","description":"Infusi\u00f3n Somnisedan de Soria Natural - una infusi\u00f3n natural que favorece la relajaci\u00f3n, ayuda a conciliar el sue\u00f1o y contribuye a un sue\u00f1o m\u00e1s reparador.","robots":{"index":"index","follow":"follow","max-snippet":"max-snippet:-1","max-image-preview":"max-image-preview:large","max-video-preview":"max-video-preview:-1"},"canonical":"https:\/\/www.lifenatura.com\/es\/produto\/infusion-somnisedan-20-sobres-soria-natural\/","og_locale":"es_ES","og_type":"article","og_title":"Infusi\u00f3n Somnisedan 20 sobres - Soria Natural - Na Lifenatura ao Melhor Pre\u00e7o | Envio 48h","og_description":"Compre Infusi\u00f3n Somnisedan 20 sobres - Soria Natural com envio r\u00e1pido. Entrega em 48h e portes gr\u00e1tis em compras >35\u20ac. Aproveite j\u00e1 na Lifenatura","og_url":"https:\/\/www.lifenatura.com\/es\/produto\/infusion-somnisedan-20-sobres-soria-natural\/","og_site_name":"Lifenatura","article_publisher":"https:\/\/www.facebook.com\/lifenatura","article_modified_time":"2026-02-24T08:28:47+00:00","og_image":[{"width":1000,"height":1000,"url":"https:\/\/www.lifenatura.com\/wp-content\/uploads\/2025\/11\/somnisedan-infusao-soria-natural.jpg","type":"image\/jpeg"}],"twitter_card":"summary_large_image","twitter_misc":{"Precio":"5,04&nbsp;&euro;","Disponibilidad":"Disponible"},"schema":{"@context":"https:\/\/schema.org","@graph":[{"@type":"WebPage","@id":"https:\/\/www.lifenatura.com\/es\/produto\/infusion-somnisedan-20-sobres-soria-natural\/","url":"https:\/\/www.lifenatura.com\/es\/produto\/infusion-somnisedan-20-sobres-soria-natural\/","name":"Infusi\u00f3n Somnisedan 20 sobres - Soria Natural - Na Lifenatura ao Melhor Pre\u00e7o | Envio em 48h","isPartOf":{"@id":"https:\/\/www.lifenatura.com\/es\/#website"},"primaryImageOfPage":{"@id":"https:\/\/www.lifenatura.com\/es\/produto\/infusion-somnisedan-20-sobres-soria-natural\/#primaryimage"},"image":{"@id":"https:\/\/www.lifenatura.com\/es\/produto\/infusion-somnisedan-20-sobres-soria-natural\/#primaryimage"},"thumbnailUrl":"https:\/\/www.lifenatura.com\/wp-content\/uploads\/2025\/11\/somnisedan-infusao-soria-natural.jpg","datePublished":"2025-11-12T06:57:12+00:00","dateModified":"2026-02-24T08:28:47+00:00","description":"Infusi\u00f3n Somnisedan de Soria Natural - una infusi\u00f3n natural que favorece la relajaci\u00f3n, ayuda a conciliar el sue\u00f1o y contribuye a un sue\u00f1o m\u00e1s reparador.","breadcrumb":{"@id":"https:\/\/www.lifenatura.com\/es\/produto\/infusion-somnisedan-20-sobres-soria-natural\/#breadcrumb"},"inLanguage":"es","potentialAction":[{"@type":"ReadAction","target":["https:\/\/www.lifenatura.com\/es\/produto\/infusion-somnisedan-20-sobres-soria-natural\/"]}]},{"@type":"ImageObject","inLanguage":"es","@id":"https:\/\/www.lifenatura.com\/es\/produto\/infusion-somnisedan-20-sobres-soria-natural\/#primaryimage","url":"https:\/\/www.lifenatura.com\/wp-content\/uploads\/2025\/11\/somnisedan-infusao-soria-natural.jpg","contentUrl":"https:\/\/www.lifenatura.com\/wp-content\/uploads\/2025\/11\/somnisedan-infusao-soria-natural.jpg","width":1000,"height":1000,"caption":"Somnisedan infusi\u00f3n natural de soria"},{"@type":"BreadcrumbList","@id":"https:\/\/www.lifenatura.com\/es\/produto\/infusion-somnisedan-20-sobres-soria-natural\/#breadcrumb","itemListElement":[{"@type":"ListItem","position":1,"name":"In\u00edcio","item":"https:\/\/www.lifenatura.com\/es\/"},{"@type":"ListItem","position":2,"name":"Todos los Productos","item":"https:\/\/www.lifenatura.com\/es\/tienda\/"},{"@type":"ListItem","position":3,"name":"Infusi\u00f3n Somnisedan 20 sobres &#8211; Soria Natural"}]},{"@type":"WebSite","@id":"https:\/\/www.lifenatura.com\/es\/#website","url":"https:\/\/www.lifenatura.com\/es\/","name":"Lifenatura","description":"A Lifenatura \u00e9 uma loja de produtos naturais, cosm\u00e9tica natural e alimenta\u00e7\u00e3o Biol\u00f3gica.","publisher":{"@id":"https:\/\/www.lifenatura.com\/es\/#organization"},"potentialAction":[{"@type":"SearchAction","target":{"@type":"EntryPoint","urlTemplate":"https:\/\/www.lifenatura.com\/es\/?s={search_term_string}"},"query-input":{"@type":"PropertyValueSpecification","valueRequired":true,"valueName":"search_term_string"}}],"inLanguage":"es"},{"@type":"Organization","@id":"https:\/\/www.lifenatura.com\/es\/#organization","name":"Lifenatura","url":"https:\/\/www.lifenatura.com\/es\/","logo":{"@type":"ImageObject","inLanguage":"es","@id":"https:\/\/www.lifenatura.com\/es\/#\/schema\/logo\/image\/","url":"https:\/\/www.lifenatura.com\/wp-content\/uploads\/2021\/07\/logo.png","contentUrl":"https:\/\/www.lifenatura.com\/wp-content\/uploads\/2021\/07\/logo.png","width":175,"height":55,"caption":"Lifenatura"},"image":{"@id":"https:\/\/www.lifenatura.com\/es\/#\/schema\/logo\/image\/"},"sameAs":["https:\/\/www.facebook.com\/lifenatura","https:\/\/www.instagram.com\/lifenaturapt\/"],"hasMerchantReturnPolicy":{"@type":"MerchantReturnPolicy","merchantReturnLink":"https:\/\/www.lifenatura.com\/termos-condicoes-lifenatura\/"}}]},"product_price_amount":"5.04","product_price_currency":"EUR","og_availability":"instock","product_availability":"instock","product_retailer_item_id":"8422947030315","product_condition":"new"},"df_price":5.04,"df_sale_price":5.04,"df_regular_price":5.6,"df_image_link":"https:\/\/www.lifenatura.com\/wp-content\/uploads\/2025\/11\/somnisedan-infusao-soria-natural-300x300.jpg","_links":{"self":[{"href":"https:\/\/www.lifenatura.com\/es\/wp-json\/wp\/v2\/product\/125583","targetHints":{"allow":["GET"]}}],"collection":[{"href":"https:\/\/www.lifenatura.com\/es\/wp-json\/wp\/v2\/product"}],"about":[{"href":"https:\/\/www.lifenatura.com\/es\/wp-json\/wp\/v2\/types\/product"}],"wp:featuredmedia":[{"embeddable":true,"href":"https:\/\/www.lifenatura.com\/es\/wp-json\/wp\/v2\/media\/120420"}],"wp:attachment":[{"href":"https:\/\/www.lifenatura.com\/es\/wp-json\/wp\/v2\/media?parent=125583"}],"wp:term":[{"taxonomy":"product_brand","embeddable":true,"href":"https:\/\/www.lifenatura.com\/es\/wp-json\/wp\/v2\/product_brand?post=125583"},{"taxonomy":"product_cat","embeddable":true,"href":"https:\/\/www.lifenatura.com\/es\/wp-json\/wp\/v2\/product_cat?post=125583"},{"taxonomy":"product_tag","embeddable":true,"href":"https:\/\/www.lifenatura.com\/es\/wp-json\/wp\/v2\/product_tag?post=125583"}],"curies":[{"name":"wp","href":"https:\/\/api.w.org\/{rel}","templated":true}]}}