{"id":125566,"date":"2025-11-12T07:00:19","date_gmt":"2025-11-12T07:00:19","guid":{"rendered":"https:\/\/www.lifenatura.com\/produto\/levadura-de-cerveza-desamargada-150g-soria-natural\/"},"modified":"2026-02-04T07:47:34","modified_gmt":"2026-02-04T07:47:34","slug":"levadura-de-cerveza-desamargada-150g-soria-natural","status":"publish","type":"product","link":"https:\/\/www.lifenatura.com\/es\/produto\/levadura-de-cerveza-desamargada-150g-soria-natural\/","title":{"rendered":"Levadura de cerveza desamargada 150g &#8211; Soria Natural"},"content":{"rendered":"<h2 style=\"text-align: left;\" data-start=\"42\" data-end=\"128\">Levadura de Cerveza Desamargada &#8211; Soria Natural<\/h2>\n<p>&nbsp;<\/p>\n<p data-start=\"163\" data-end=\"658\"><strong data-start=\"165\" data-end=\"206\">Levadura de Cerveza Desamargada 150 g<\/strong> de <strong data-start=\"210\" data-end=\"251\"><span class=\"hover:entity-accent entity-underline inline cursor-pointer align-baseline\"><span class=\"whitespace-normal\">Soria Natural<\/span><\/span><\/strong> es un complemento alimenticio de origen natural obtenido a partir de <em data-start=\"315\" data-end=\"341\">Saccharomyces cerevisiae<\/em>, que ha sido sometido a un proceso espec\u00edfico de desamargado que elimina su sabor caracter\u00edstico, haci\u00e9ndolo m\u00e1s palatable. Seg\u00fan la informaci\u00f3n de la marca, este producto mantiene intacto su alto valor nutritivo, siendo una excelente fuente natural de prote\u00ednas, vitaminas del grupo B, minerales y amino\u00e1cidos.<\/p>\n<p data-start=\"660\" data-end=\"997\">Su forma en polvo hace que su uso sea vers\u00e1til y pueda a\u00f1adirse f\u00e1cilmente a alimentos como yogures, sopas, ensaladas o batidos, lo que facilita su integraci\u00f3n en tu dieta diaria. Soria Natural garantiza altos est\u00e1ndares de calidad en todo el proceso de producci\u00f3n, asegurando un producto puro, seguro y bien tolerado.<\/p>\n<p data-start=\"999\" data-end=\"1253\">La levadura de cerveza desaceitada se utiliza tradicionalmente como suplemento nutricional para favorecer la vitalidad general, el equilibrio diet\u00e9tico y el bienestar de la piel, el cabello y las u\u00f1as, y es una opci\u00f3n pr\u00e1ctica para potenciar la nutrici\u00f3n de forma natural.<\/p>\n<p data-start=\"1255\" data-end=\"1282\"><strong>Principales ventajas<\/strong><\/p>\n<ul data-start=\"1283\" data-end=\"1604\">\n<li data-start=\"1283\" data-end=\"1341\">\n<p data-start=\"1285\" data-end=\"1341\">Contribuye a <strong data-start=\"1302\" data-end=\"1339\">la vitalidad y energ\u00eda del cuerpo<\/strong><\/p>\n<\/li>\n<li data-start=\"1342\" data-end=\"1432\">\n<p data-start=\"1344\" data-end=\"1432\">Favorece el <strong data-start=\"1352\" data-end=\"1395\">funcionamiento normal del sistema nervioso<\/strong>, gracias a las vitaminas del grupo B<\/p>\n<\/li>\n<li data-start=\"1433\" data-end=\"1487\">\n<p data-start=\"1435\" data-end=\"1487\">Ayuda a mantener <strong data-start=\"1452\" data-end=\"1485\">la piel, el pelo y las u\u00f1as sanos<\/strong><\/p>\n<\/li>\n<li data-start=\"1488\" data-end=\"1542\">\n<p data-start=\"1490\" data-end=\"1542\">Contribuye al <strong data-start=\"1507\" data-end=\"1540\">equilibrio nutricional diario<\/strong><\/p>\n<\/li>\n<li data-start=\"1543\" data-end=\"1604\">\n<p data-start=\"1545\" data-end=\"1604\">Producto reducido en amargor, con un <strong data-start=\"1570\" data-end=\"1602\">sabor m\u00e1s suave y agradable<\/strong><\/p>\n<\/li>\n<\/ul>\n<p data-start=\"1606\" data-end=\"1625\"><strong>Adecuado para<\/strong><\/p>\n<p data-start=\"1626\" data-end=\"1785\">La Levadura de Cerveza Desamargada Soria Natural est\u00e1 recomendada para adultos que buscan un suplemento nutricional natural:<\/p>\n<ul data-start=\"1786\" data-end=\"1990\">\n<li data-start=\"1786\" data-end=\"1838\">\n<p data-start=\"1788\" data-end=\"1838\">Personas con mayores necesidades nutricionales<\/p>\n<\/li>\n<li data-start=\"1839\" data-end=\"1884\">\n<p data-start=\"1841\" data-end=\"1884\">Personas con una dieta desequilibrada<\/p>\n<\/li>\n<li data-start=\"1885\" data-end=\"1931\">\n<p data-start=\"1887\" data-end=\"1931\">Los que quieren cuidar su piel, cabello y u\u00f1as<\/p>\n<\/li>\n<li data-start=\"1932\" data-end=\"1990\">\n<p data-start=\"1934\" data-end=\"1990\">Personas en periodos de mayor esfuerzo f\u00edsico o mental<\/p>\n<\/li>\n<\/ul>\n<p><strong>Presentaci\u00f3n:<\/strong><\/p>\n<p>150g<\/p>\n<p>&nbsp;<\/p>\n","protected":false},"excerpt":{"rendered":"<p>Levadura de Cerveza Desamargada de Soria Natural &#8211; un suplemento natural rico en vitaminas del grupo B que favorece la vitalidad y la salud de la piel, el cabello y las u\u00f1as. [&#8230;]<\/p>\n<p><a class=\"btn btn-secondary understrap-read-more-link\" href=\"https:\/\/www.lifenatura.com\/es\/produto\/levadura-de-cerveza-desamargada-150g-soria-natural\/\">Leer m\u00e1s&#8230;<span class=\"screen-reader-text\"> from Levadura de cerveza desamargada 150g &#8211; Soria Natural<\/span><\/a><\/p>\n","protected":false},"featured_media":121101,"template":"","meta":{"_acf_changed":false},"product_brand":[8555],"product_cat":[7064,7080,7659,7166,7074],"product_tag":[],"class_list":{"0":"post-125566","1":"product","2":"type-product","3":"status-publish","4":"has-post-thumbnail","6":"product_brand-soria-natural-es","7":"product_cat-alimentacion-sana","8":"product_cat-cereales","9":"product_cat-ingrediente-natural-bio","10":"product_cat-levadura-de-cerveza","11":"product_cat-productos-alimenticios","13":"first","14":"instock","15":"featured","16":"shipping-taxable","17":"purchasable","18":"product-type-simple","19":"add-to-wishlist-before_image"},"acf":[],"yoast_head":"<!-- This site is optimized with the Yoast SEO Premium plugin v27.1 (Yoast SEO v27.5) - https:\/\/yoast.com\/product\/yoast-seo-premium-wordpress\/ -->\n<title>Levadura de cerveza desamargada 150g - Soria Natural - Na Lifenatura ao Melhor Pre\u00e7o | Envio em 48h<\/title>\n<meta name=\"description\" content=\"Levadura de Cerveza Desamargada Soria Natural un suplemento natural rico en vit. B que favorece la vitalidad la salud de la piel, el cabello y las u\u00f1as.\" \/>\n<meta name=\"robots\" content=\"index, follow, max-snippet:-1, max-image-preview:large, max-video-preview:-1\" \/>\n<link rel=\"canonical\" href=\"https:\/\/www.lifenatura.com\/es\/produto\/levadura-de-cerveza-desamargada-150g-soria-natural\/\" \/>\n<meta property=\"og:locale\" content=\"es_ES\" \/>\n<meta property=\"og:type\" content=\"article\" \/>\n<meta property=\"og:title\" content=\"Levadura de cerveza desamargada 150g - Soria Natural - Na Lifenatura ao Melhor Pre\u00e7o | Envio 48h\" \/>\n<meta property=\"og:description\" content=\"Compre Levadura de cerveza desamargada 150g - Soria Natural com envio r\u00e1pido. Entrega em 48h e portes gr\u00e1tis em compras &gt;35\u20ac. Aproveite j\u00e1 na Lifenatura\" \/>\n<meta property=\"og:url\" content=\"https:\/\/www.lifenatura.com\/es\/produto\/levadura-de-cerveza-desamargada-150g-soria-natural\/\" \/>\n<meta property=\"og:site_name\" content=\"Lifenatura\" \/>\n<meta property=\"article:publisher\" content=\"https:\/\/www.facebook.com\/lifenatura\" \/>\n<meta property=\"article:modified_time\" content=\"2026-02-04T07:47:34+00:00\" \/>\n<meta property=\"og:image\" content=\"https:\/\/www.lifenatura.com\/wp-content\/uploads\/2025\/11\/levadura-cerveza-desamargada-soria-natural.jpg\" \/>\n\t<meta property=\"og:image:width\" content=\"1000\" \/>\n\t<meta property=\"og:image:height\" content=\"1000\" \/>\n\t<meta property=\"og:image:type\" content=\"image\/jpeg\" \/>\n<meta name=\"twitter:card\" content=\"summary_large_image\" \/>\n<meta name=\"twitter:label1\" content=\"Precio\" \/>\n\t<meta name=\"twitter:data1\" content=\"8,03&nbsp;&euro;\" \/>\n\t<meta name=\"twitter:label2\" content=\"Disponibilidad\" \/>\n\t<meta name=\"twitter:data2\" content=\"Disponible\" \/>\n<script type=\"application\/ld+json\" class=\"yoast-schema-graph\">{\"@context\":\"https:\\\/\\\/schema.org\",\"@graph\":[{\"@type\":\"WebPage\",\"@id\":\"https:\\\/\\\/www.lifenatura.com\\\/es\\\/produto\\\/levadura-de-cerveza-desamargada-150g-soria-natural\\\/\",\"url\":\"https:\\\/\\\/www.lifenatura.com\\\/es\\\/produto\\\/levadura-de-cerveza-desamargada-150g-soria-natural\\\/\",\"name\":\"Levadura de cerveza desamargada 150g - Soria Natural - Na Lifenatura ao Melhor Pre\u00e7o | Envio em 48h\",\"isPartOf\":{\"@id\":\"https:\\\/\\\/www.lifenatura.com\\\/es\\\/#website\"},\"primaryImageOfPage\":{\"@id\":\"https:\\\/\\\/www.lifenatura.com\\\/es\\\/produto\\\/levadura-de-cerveza-desamargada-150g-soria-natural\\\/#primaryimage\"},\"image\":{\"@id\":\"https:\\\/\\\/www.lifenatura.com\\\/es\\\/produto\\\/levadura-de-cerveza-desamargada-150g-soria-natural\\\/#primaryimage\"},\"thumbnailUrl\":\"https:\\\/\\\/www.lifenatura.com\\\/wp-content\\\/uploads\\\/2025\\\/11\\\/levadura-cerveza-desamargada-soria-natural.jpg\",\"datePublished\":\"2025-11-12T07:00:19+00:00\",\"dateModified\":\"2026-02-04T07:47:34+00:00\",\"description\":\"Levadura de Cerveza Desamargada Soria Natural un suplemento natural rico en vit. B que favorece la vitalidad la salud de la piel, el cabello y las u\u00f1as.\",\"breadcrumb\":{\"@id\":\"https:\\\/\\\/www.lifenatura.com\\\/es\\\/produto\\\/levadura-de-cerveza-desamargada-150g-soria-natural\\\/#breadcrumb\"},\"inLanguage\":\"es\",\"potentialAction\":[{\"@type\":\"ReadAction\",\"target\":[\"https:\\\/\\\/www.lifenatura.com\\\/es\\\/produto\\\/levadura-de-cerveza-desamargada-150g-soria-natural\\\/\"]}]},{\"@type\":\"ImageObject\",\"inLanguage\":\"es\",\"@id\":\"https:\\\/\\\/www.lifenatura.com\\\/es\\\/produto\\\/levadura-de-cerveza-desamargada-150g-soria-natural\\\/#primaryimage\",\"url\":\"https:\\\/\\\/www.lifenatura.com\\\/wp-content\\\/uploads\\\/2025\\\/11\\\/levadura-cerveza-desamargada-soria-natural.jpg\",\"contentUrl\":\"https:\\\/\\\/www.lifenatura.com\\\/wp-content\\\/uploads\\\/2025\\\/11\\\/levadura-cerveza-desamargada-soria-natural.jpg\",\"width\":1000,\"height\":1000,\"caption\":\"levadura de cerveza desammarinada natural soria\"},{\"@type\":\"BreadcrumbList\",\"@id\":\"https:\\\/\\\/www.lifenatura.com\\\/es\\\/produto\\\/levadura-de-cerveza-desamargada-150g-soria-natural\\\/#breadcrumb\",\"itemListElement\":[{\"@type\":\"ListItem\",\"position\":1,\"name\":\"In\u00edcio\",\"item\":\"https:\\\/\\\/www.lifenatura.com\\\/es\\\/\"},{\"@type\":\"ListItem\",\"position\":2,\"name\":\"Todos los Productos\",\"item\":\"https:\\\/\\\/www.lifenatura.com\\\/es\\\/tienda\\\/\"},{\"@type\":\"ListItem\",\"position\":3,\"name\":\"Levadura de cerveza desamargada 150g &#8211; Soria Natural\"}]},{\"@type\":\"WebSite\",\"@id\":\"https:\\\/\\\/www.lifenatura.com\\\/es\\\/#website\",\"url\":\"https:\\\/\\\/www.lifenatura.com\\\/es\\\/\",\"name\":\"Lifenatura\",\"description\":\"A Lifenatura \u00e9 uma loja de produtos naturais, cosm\u00e9tica natural e alimenta\u00e7\u00e3o Biol\u00f3gica.\",\"publisher\":{\"@id\":\"https:\\\/\\\/www.lifenatura.com\\\/es\\\/#organization\"},\"potentialAction\":[{\"@type\":\"SearchAction\",\"target\":{\"@type\":\"EntryPoint\",\"urlTemplate\":\"https:\\\/\\\/www.lifenatura.com\\\/es\\\/?s={search_term_string}\"},\"query-input\":{\"@type\":\"PropertyValueSpecification\",\"valueRequired\":true,\"valueName\":\"search_term_string\"}}],\"inLanguage\":\"es\"},{\"@type\":\"Organization\",\"@id\":\"https:\\\/\\\/www.lifenatura.com\\\/es\\\/#organization\",\"name\":\"Lifenatura\",\"url\":\"https:\\\/\\\/www.lifenatura.com\\\/es\\\/\",\"logo\":{\"@type\":\"ImageObject\",\"inLanguage\":\"es\",\"@id\":\"https:\\\/\\\/www.lifenatura.com\\\/es\\\/#\\\/schema\\\/logo\\\/image\\\/\",\"url\":\"https:\\\/\\\/www.lifenatura.com\\\/wp-content\\\/uploads\\\/2021\\\/07\\\/logo.png\",\"contentUrl\":\"https:\\\/\\\/www.lifenatura.com\\\/wp-content\\\/uploads\\\/2021\\\/07\\\/logo.png\",\"width\":175,\"height\":55,\"caption\":\"Lifenatura\"},\"image\":{\"@id\":\"https:\\\/\\\/www.lifenatura.com\\\/es\\\/#\\\/schema\\\/logo\\\/image\\\/\"},\"sameAs\":[\"https:\\\/\\\/www.facebook.com\\\/lifenatura\",\"https:\\\/\\\/www.instagram.com\\\/lifenaturapt\\\/\"],\"hasMerchantReturnPolicy\":{\"@type\":\"MerchantReturnPolicy\",\"merchantReturnLink\":\"https:\\\/\\\/www.lifenatura.com\\\/termos-condicoes-lifenatura\\\/\"}}]}<\/script>\n<meta property=\"product:price:amount\" content=\"8.03\" \/>\n<meta property=\"product:price:currency\" content=\"EUR\" \/>\n<meta property=\"og:availability\" content=\"instock\" \/>\n<meta property=\"product:availability\" content=\"instock\" \/>\n<meta property=\"product:retailer_item_id\" content=\"8422947060299\" \/>\n<meta property=\"product:condition\" content=\"new\" \/>\n<!-- \/ Yoast SEO Premium plugin. -->","yoast_head_json":{"title":"Levadura de cerveza desamargada 150g - Soria Natural - Na Lifenatura ao Melhor Pre\u00e7o | Envio em 48h","description":"Levadura de Cerveza Desamargada Soria Natural un suplemento natural rico en vit. B que favorece la vitalidad la salud de la piel, el cabello y las u\u00f1as.","robots":{"index":"index","follow":"follow","max-snippet":"max-snippet:-1","max-image-preview":"max-image-preview:large","max-video-preview":"max-video-preview:-1"},"canonical":"https:\/\/www.lifenatura.com\/es\/produto\/levadura-de-cerveza-desamargada-150g-soria-natural\/","og_locale":"es_ES","og_type":"article","og_title":"Levadura de cerveza desamargada 150g - Soria Natural - Na Lifenatura ao Melhor Pre\u00e7o | Envio 48h","og_description":"Compre Levadura de cerveza desamargada 150g - Soria Natural com envio r\u00e1pido. Entrega em 48h e portes gr\u00e1tis em compras >35\u20ac. Aproveite j\u00e1 na Lifenatura","og_url":"https:\/\/www.lifenatura.com\/es\/produto\/levadura-de-cerveza-desamargada-150g-soria-natural\/","og_site_name":"Lifenatura","article_publisher":"https:\/\/www.facebook.com\/lifenatura","article_modified_time":"2026-02-04T07:47:34+00:00","og_image":[{"width":1000,"height":1000,"url":"https:\/\/www.lifenatura.com\/wp-content\/uploads\/2025\/11\/levadura-cerveza-desamargada-soria-natural.jpg","type":"image\/jpeg"}],"twitter_card":"summary_large_image","twitter_misc":{"Precio":"8,03&nbsp;&euro;","Disponibilidad":"Disponible"},"schema":{"@context":"https:\/\/schema.org","@graph":[{"@type":"WebPage","@id":"https:\/\/www.lifenatura.com\/es\/produto\/levadura-de-cerveza-desamargada-150g-soria-natural\/","url":"https:\/\/www.lifenatura.com\/es\/produto\/levadura-de-cerveza-desamargada-150g-soria-natural\/","name":"Levadura de cerveza desamargada 150g - Soria Natural - Na Lifenatura ao Melhor Pre\u00e7o | Envio em 48h","isPartOf":{"@id":"https:\/\/www.lifenatura.com\/es\/#website"},"primaryImageOfPage":{"@id":"https:\/\/www.lifenatura.com\/es\/produto\/levadura-de-cerveza-desamargada-150g-soria-natural\/#primaryimage"},"image":{"@id":"https:\/\/www.lifenatura.com\/es\/produto\/levadura-de-cerveza-desamargada-150g-soria-natural\/#primaryimage"},"thumbnailUrl":"https:\/\/www.lifenatura.com\/wp-content\/uploads\/2025\/11\/levadura-cerveza-desamargada-soria-natural.jpg","datePublished":"2025-11-12T07:00:19+00:00","dateModified":"2026-02-04T07:47:34+00:00","description":"Levadura de Cerveza Desamargada Soria Natural un suplemento natural rico en vit. B que favorece la vitalidad la salud de la piel, el cabello y las u\u00f1as.","breadcrumb":{"@id":"https:\/\/www.lifenatura.com\/es\/produto\/levadura-de-cerveza-desamargada-150g-soria-natural\/#breadcrumb"},"inLanguage":"es","potentialAction":[{"@type":"ReadAction","target":["https:\/\/www.lifenatura.com\/es\/produto\/levadura-de-cerveza-desamargada-150g-soria-natural\/"]}]},{"@type":"ImageObject","inLanguage":"es","@id":"https:\/\/www.lifenatura.com\/es\/produto\/levadura-de-cerveza-desamargada-150g-soria-natural\/#primaryimage","url":"https:\/\/www.lifenatura.com\/wp-content\/uploads\/2025\/11\/levadura-cerveza-desamargada-soria-natural.jpg","contentUrl":"https:\/\/www.lifenatura.com\/wp-content\/uploads\/2025\/11\/levadura-cerveza-desamargada-soria-natural.jpg","width":1000,"height":1000,"caption":"levadura de cerveza desammarinada natural soria"},{"@type":"BreadcrumbList","@id":"https:\/\/www.lifenatura.com\/es\/produto\/levadura-de-cerveza-desamargada-150g-soria-natural\/#breadcrumb","itemListElement":[{"@type":"ListItem","position":1,"name":"In\u00edcio","item":"https:\/\/www.lifenatura.com\/es\/"},{"@type":"ListItem","position":2,"name":"Todos los Productos","item":"https:\/\/www.lifenatura.com\/es\/tienda\/"},{"@type":"ListItem","position":3,"name":"Levadura de cerveza desamargada 150g &#8211; Soria Natural"}]},{"@type":"WebSite","@id":"https:\/\/www.lifenatura.com\/es\/#website","url":"https:\/\/www.lifenatura.com\/es\/","name":"Lifenatura","description":"A Lifenatura \u00e9 uma loja de produtos naturais, cosm\u00e9tica natural e alimenta\u00e7\u00e3o Biol\u00f3gica.","publisher":{"@id":"https:\/\/www.lifenatura.com\/es\/#organization"},"potentialAction":[{"@type":"SearchAction","target":{"@type":"EntryPoint","urlTemplate":"https:\/\/www.lifenatura.com\/es\/?s={search_term_string}"},"query-input":{"@type":"PropertyValueSpecification","valueRequired":true,"valueName":"search_term_string"}}],"inLanguage":"es"},{"@type":"Organization","@id":"https:\/\/www.lifenatura.com\/es\/#organization","name":"Lifenatura","url":"https:\/\/www.lifenatura.com\/es\/","logo":{"@type":"ImageObject","inLanguage":"es","@id":"https:\/\/www.lifenatura.com\/es\/#\/schema\/logo\/image\/","url":"https:\/\/www.lifenatura.com\/wp-content\/uploads\/2021\/07\/logo.png","contentUrl":"https:\/\/www.lifenatura.com\/wp-content\/uploads\/2021\/07\/logo.png","width":175,"height":55,"caption":"Lifenatura"},"image":{"@id":"https:\/\/www.lifenatura.com\/es\/#\/schema\/logo\/image\/"},"sameAs":["https:\/\/www.facebook.com\/lifenatura","https:\/\/www.instagram.com\/lifenaturapt\/"],"hasMerchantReturnPolicy":{"@type":"MerchantReturnPolicy","merchantReturnLink":"https:\/\/www.lifenatura.com\/termos-condicoes-lifenatura\/"}}]},"product_price_amount":"8.03","product_price_currency":"EUR","og_availability":"instock","product_availability":"instock","product_retailer_item_id":"8422947060299","product_condition":"new"},"df_price":8.03,"df_sale_price":"","df_regular_price":8.03,"df_image_link":"https:\/\/www.lifenatura.com\/wp-content\/uploads\/2025\/11\/levadura-cerveza-desamargada-soria-natural-300x300.jpg","_links":{"self":[{"href":"https:\/\/www.lifenatura.com\/es\/wp-json\/wp\/v2\/product\/125566","targetHints":{"allow":["GET"]}}],"collection":[{"href":"https:\/\/www.lifenatura.com\/es\/wp-json\/wp\/v2\/product"}],"about":[{"href":"https:\/\/www.lifenatura.com\/es\/wp-json\/wp\/v2\/types\/product"}],"wp:featuredmedia":[{"embeddable":true,"href":"https:\/\/www.lifenatura.com\/es\/wp-json\/wp\/v2\/media\/121101"}],"wp:attachment":[{"href":"https:\/\/www.lifenatura.com\/es\/wp-json\/wp\/v2\/media?parent=125566"}],"wp:term":[{"taxonomy":"product_brand","embeddable":true,"href":"https:\/\/www.lifenatura.com\/es\/wp-json\/wp\/v2\/product_brand?post=125566"},{"taxonomy":"product_cat","embeddable":true,"href":"https:\/\/www.lifenatura.com\/es\/wp-json\/wp\/v2\/product_cat?post=125566"},{"taxonomy":"product_tag","embeddable":true,"href":"https:\/\/www.lifenatura.com\/es\/wp-json\/wp\/v2\/product_tag?post=125566"}],"curies":[{"name":"wp","href":"https:\/\/api.w.org\/{rel}","templated":true}]}}