{"id":124992,"date":"2025-11-12T06:58:09","date_gmt":"2025-11-12T06:58:09","guid":{"rendered":"https:\/\/www.lifenatura.com\/produto\/chinasor-33-geng-nian-qi-wan-30-comprimidos-soria-natural\/"},"modified":"2026-01-29T12:56:10","modified_gmt":"2026-01-29T12:56:10","slug":"chinasor-33-geng-nian-qi-wan-30-comprimidos-soria-natural","status":"publish","type":"product","link":"https:\/\/www.lifenatura.com\/es\/produto\/chinasor-33-geng-nian-qi-wan-30-comprimidos-soria-natural\/","title":{"rendered":"Chinasor 33 geng nian qi wan 30 comprimidos &#8211; Soria Natural"},"content":{"rendered":"<h2 style=\"text-align: left;\" data-start=\"0\" data-end=\"102\"><strong data-start=\"3\" data-end=\"102\">Chinasor 33 Geng Nian Qi Wan &#8211; Soria Natural<\/strong><\/h2>\n<p>&nbsp;<\/p>\n<p data-start=\"104\" data-end=\"606\"><strong data-start=\"106\" data-end=\"194\">Chinasor 33 Geng Nian Qi Wan 30 comprimidos de <span class=\"hover:entity-accent entity-underline inline cursor-pointer align-baseline\"><span class=\"whitespace-normal\">Soria Natural<\/span><\/span><\/strong> es un complemento alimenticio inspirado en <strong data-start=\"234\" data-end=\"266\">la Medicina Tradicional China<\/strong>, desarrollado para <strong data-start=\"286\" data-end=\"366\">apoyar la vitalidad general y el equilibrio del organismo en las etapas de madurez<\/strong>.<\/p>\n<p data-start=\"104\" data-end=\"606\">Esta f\u00f3rmula tradicional forma parte de un enfoque hol\u00edstico del bienestar, dise\u00f1ado para apoyar al organismo cuando aparecen los signos naturales de desgaste asociados a la edad, ayudando a mantener la energ\u00eda, la estabilidad y el confort en el d\u00eda a d\u00eda.<\/p>\n<p data-start=\"608\" data-end=\"1104\">Seg\u00fan la tradici\u00f3n china, Geng Nian Qi Wan se utiliza para armonizar el equilibrio interno y apoyar la energ\u00eda vital en periodos de transici\u00f3n, fomentando una sensaci\u00f3n de bienestar general. Su uso se valora cuando hay un cansancio progresivo, menos resistencia o una necesidad de apoyo natural para mantener el equilibrio f\u00edsico y emocional. Este producto, que forma parte de la gama Chinasor, combina los conocimientos ancestrales orientales con las rigurosas normas de calidad europeas de Soria Natural.<\/p>\n<p data-start=\"1106\" data-end=\"1514\">La forma de comprimido hace que sea f\u00e1cil de tomar cada d\u00eda y pr\u00e1ctico para un uso regular. Chinasor 33 puede integrarse en una rutina de cuidados preventivos, complementando una dieta equilibrada, un descanso adecuado y unos h\u00e1bitos de vida saludables. Su acci\u00f3n es progresiva y respeta el funcionamiento fisiol\u00f3gico natural del organismo, favoreciendo un apoyo sostenido en el tiempo.<\/p>\n<p data-start=\"1516\" data-end=\"1705\">Este suplemento es ideal para quienes buscan una soluci\u00f3n natural y tradicional para acompa\u00f1ar el envejecimiento activo, manteniendo la vitalidad y el equilibrio general del organismo.<\/p>\n<p data-start=\"1707\" data-end=\"1736\"><strong data-start=\"1711\" data-end=\"1736\">Principales ventajas<\/strong><\/p>\n<ul data-start=\"1737\" data-end=\"2040\">\n<li data-start=\"1737\" data-end=\"1805\">\n<p data-start=\"1739\" data-end=\"1805\"><strong data-start=\"1739\" data-end=\"1779\">Favorece la vitalidad y la energ\u00eda general<\/strong> en las etapas de madurez.<\/p>\n<\/li>\n<li data-start=\"1806\" data-end=\"1877\">\n<p data-start=\"1808\" data-end=\"1877\">Contribuye al <strong data-start=\"1825\" data-end=\"1847\">equilibrio interno<\/strong> seg\u00fan la tradici\u00f3n china.<\/p>\n<\/li>\n<li data-start=\"1878\" data-end=\"1941\">\n<p data-start=\"1880\" data-end=\"1941\">Ayuda a hacer frente al <strong data-start=\"1900\" data-end=\"1938\">desgaste natural asociado a la edad<\/strong>.<\/p>\n<\/li>\n<li data-start=\"1942\" data-end=\"2000\">\n<p data-start=\"1944\" data-end=\"2000\">F\u00f3rmula inspirada en <strong data-start=\"1965\" data-end=\"1997\">la Medicina Tradicional China<\/strong>.<\/p>\n<\/li>\n<li data-start=\"2001\" data-end=\"2040\">\n<p data-start=\"2003\" data-end=\"2040\">Pr\u00e1cticas pastillas para uso diario.<\/p>\n<\/li>\n<\/ul>\n<p data-start=\"2042\" data-end=\"2063\"><strong data-start=\"2046\" data-end=\"2063\">Adecuado para<\/strong><\/p>\n<p data-start=\"2064\" data-end=\"2116\">Chinasor 33 Geng Nian Qi Wan es adecuado para:<\/p>\n<ul data-start=\"2117\" data-end=\"2361\">\n<li data-start=\"2117\" data-end=\"2152\">\n<p data-start=\"2119\" data-end=\"2152\">Adultos en fases de madurez;<\/p>\n<\/li>\n<li data-start=\"2153\" data-end=\"2201\">\n<p data-start=\"2155\" data-end=\"2201\">Personas que se sienten progresivamente cansadas;<\/p>\n<\/li>\n<li data-start=\"2202\" data-end=\"2253\">\n<p data-start=\"2204\" data-end=\"2253\">Cualquier persona que busque un apoyo natural para la vitalidad diaria;<\/p>\n<\/li>\n<li data-start=\"2254\" data-end=\"2309\">\n<p data-start=\"2256\" data-end=\"2309\">Me interesan los enfoques hol\u00edsticos del bienestar;<\/p>\n<\/li>\n<li data-start=\"2310\" data-end=\"2361\">\n<p data-start=\"2312\" data-end=\"2361\">Integraci\u00f3n en rutinas preventivas y equilibradas.<\/p>\n<\/li>\n<\/ul>\n<p><strong>Presentaci\u00f3n:<\/strong><\/p>\n<p>30 comprimidos<\/p>\n<p>&nbsp;<\/p>\n","protected":false},"excerpt":{"rendered":"<p>Chinasor 33 Soria Natural un suplemento inspirado en la Medicina Tradicional China favorece la vitalidad y el equilibrio corporal de las personas mayores. [&#8230;]<\/p>\n<p><a class=\"btn btn-secondary understrap-read-more-link\" href=\"https:\/\/www.lifenatura.com\/es\/produto\/chinasor-33-geng-nian-qi-wan-30-comprimidos-soria-natural\/\">Leer m\u00e1s&#8230;<span class=\"screen-reader-text\"> from Chinasor 33 geng nian qi wan 30 comprimidos &#8211; Soria Natural<\/span><\/a><\/p>\n","protected":false},"featured_media":120774,"template":"","meta":{"_acf_changed":false},"product_brand":[8555],"product_cat":[7243,7179,7883],"product_tag":[],"class_list":{"0":"post-124992","1":"product","2":"type-product","3":"status-publish","4":"has-post-thumbnail","6":"product_brand-soria-natural-es","7":"product_cat-menopausia","8":"product_cat-salud","9":"product_cat-suplementos-alimenticios","11":"first","12":"instock","13":"sale","14":"featured","15":"shipping-taxable","16":"purchasable","17":"product-type-simple","18":"add-to-wishlist-before_image"},"acf":[],"yoast_head":"<!-- This site is optimized with the Yoast SEO Premium plugin v27.1 (Yoast SEO v27.6) - https:\/\/yoast.com\/product\/yoast-seo-premium-wordpress\/ -->\n<title>Chinasor 33 geng nian qi wan 30 comprimidos - Soria Natural - Na Lifenatura ao Melhor Pre\u00e7o | Envio em 48h<\/title>\n<meta name=\"description\" content=\"Chinasor 33 Soria Natural un suplemento inspirado en la Medicina Tradicional China favorece la vitalidad y el equilibrio corporal de las personas mayores.\" \/>\n<meta name=\"robots\" content=\"index, follow, max-snippet:-1, max-image-preview:large, max-video-preview:-1\" \/>\n<link rel=\"canonical\" href=\"https:\/\/www.lifenatura.com\/es\/produto\/chinasor-33-geng-nian-qi-wan-30-comprimidos-soria-natural\/\" \/>\n<meta property=\"og:locale\" content=\"es_ES\" \/>\n<meta property=\"og:type\" content=\"article\" \/>\n<meta property=\"og:title\" content=\"Chinasor 33 geng nian qi wan 30 comprimidos - Soria Natural - Na Lifenatura ao Melhor Pre\u00e7o | Envio 48h\" \/>\n<meta property=\"og:description\" content=\"Compre Chinasor 33 geng nian qi wan 30 comprimidos - Soria Natural com envio r\u00e1pido. Entrega em 48h e portes gr\u00e1tis em compras &gt;35\u20ac. Aproveite j\u00e1 na Lifenatura\" \/>\n<meta property=\"og:url\" content=\"https:\/\/www.lifenatura.com\/es\/produto\/chinasor-33-geng-nian-qi-wan-30-comprimidos-soria-natural\/\" \/>\n<meta property=\"og:site_name\" content=\"Lifenatura\" \/>\n<meta property=\"article:publisher\" content=\"https:\/\/www.facebook.com\/lifenatura\" \/>\n<meta property=\"article:modified_time\" content=\"2026-01-29T12:56:10+00:00\" \/>\n<meta property=\"og:image\" content=\"https:\/\/www.lifenatura.com\/wp-content\/uploads\/2025\/11\/chinasor-33-soria-natural.jpg\" \/>\n\t<meta property=\"og:image:width\" content=\"1000\" \/>\n\t<meta property=\"og:image:height\" content=\"1000\" \/>\n\t<meta property=\"og:image:type\" content=\"image\/jpeg\" \/>\n<meta name=\"twitter:card\" content=\"summary_large_image\" \/>\n<meta name=\"twitter:label1\" content=\"Precio\" \/>\n\t<meta name=\"twitter:data1\" content=\"29,16&nbsp;&euro;\" \/>\n\t<meta name=\"twitter:label2\" content=\"Disponibilidad\" \/>\n\t<meta name=\"twitter:data2\" content=\"Disponible\" \/>\n<script type=\"application\/ld+json\" class=\"yoast-schema-graph\">{\"@context\":\"https:\\\/\\\/schema.org\",\"@graph\":[{\"@type\":\"WebPage\",\"@id\":\"https:\\\/\\\/www.lifenatura.com\\\/es\\\/produto\\\/chinasor-33-geng-nian-qi-wan-30-comprimidos-soria-natural\\\/\",\"url\":\"https:\\\/\\\/www.lifenatura.com\\\/es\\\/produto\\\/chinasor-33-geng-nian-qi-wan-30-comprimidos-soria-natural\\\/\",\"name\":\"Chinasor 33 geng nian qi wan 30 comprimidos - Soria Natural - Na Lifenatura ao Melhor Pre\u00e7o | Envio em 48h\",\"isPartOf\":{\"@id\":\"https:\\\/\\\/www.lifenatura.com\\\/es\\\/#website\"},\"primaryImageOfPage\":{\"@id\":\"https:\\\/\\\/www.lifenatura.com\\\/es\\\/produto\\\/chinasor-33-geng-nian-qi-wan-30-comprimidos-soria-natural\\\/#primaryimage\"},\"image\":{\"@id\":\"https:\\\/\\\/www.lifenatura.com\\\/es\\\/produto\\\/chinasor-33-geng-nian-qi-wan-30-comprimidos-soria-natural\\\/#primaryimage\"},\"thumbnailUrl\":\"https:\\\/\\\/www.lifenatura.com\\\/wp-content\\\/uploads\\\/2025\\\/11\\\/chinasor-33-soria-natural.jpg\",\"datePublished\":\"2025-11-12T06:58:09+00:00\",\"dateModified\":\"2026-01-29T12:56:10+00:00\",\"description\":\"Chinasor 33 Soria Natural un suplemento inspirado en la Medicina Tradicional China favorece la vitalidad y el equilibrio corporal de las personas mayores.\",\"breadcrumb\":{\"@id\":\"https:\\\/\\\/www.lifenatura.com\\\/es\\\/produto\\\/chinasor-33-geng-nian-qi-wan-30-comprimidos-soria-natural\\\/#breadcrumb\"},\"inLanguage\":\"es\",\"potentialAction\":[{\"@type\":\"ReadAction\",\"target\":[\"https:\\\/\\\/www.lifenatura.com\\\/es\\\/produto\\\/chinasor-33-geng-nian-qi-wan-30-comprimidos-soria-natural\\\/\"]}]},{\"@type\":\"ImageObject\",\"inLanguage\":\"es\",\"@id\":\"https:\\\/\\\/www.lifenatura.com\\\/es\\\/produto\\\/chinasor-33-geng-nian-qi-wan-30-comprimidos-soria-natural\\\/#primaryimage\",\"url\":\"https:\\\/\\\/www.lifenatura.com\\\/wp-content\\\/uploads\\\/2025\\\/11\\\/chinasor-33-soria-natural.jpg\",\"contentUrl\":\"https:\\\/\\\/www.lifenatura.com\\\/wp-content\\\/uploads\\\/2025\\\/11\\\/chinasor-33-soria-natural.jpg\",\"width\":1000,\"height\":1000,\"caption\":\"Chinasor 33 de Soria Natural\"},{\"@type\":\"BreadcrumbList\",\"@id\":\"https:\\\/\\\/www.lifenatura.com\\\/es\\\/produto\\\/chinasor-33-geng-nian-qi-wan-30-comprimidos-soria-natural\\\/#breadcrumb\",\"itemListElement\":[{\"@type\":\"ListItem\",\"position\":1,\"name\":\"In\u00edcio\",\"item\":\"https:\\\/\\\/www.lifenatura.com\\\/es\\\/\"},{\"@type\":\"ListItem\",\"position\":2,\"name\":\"Todos los Productos\",\"item\":\"https:\\\/\\\/www.lifenatura.com\\\/es\\\/tienda\\\/\"},{\"@type\":\"ListItem\",\"position\":3,\"name\":\"Chinasor 33 geng nian qi wan 30 comprimidos &#8211; Soria Natural\"}]},{\"@type\":\"WebSite\",\"@id\":\"https:\\\/\\\/www.lifenatura.com\\\/es\\\/#website\",\"url\":\"https:\\\/\\\/www.lifenatura.com\\\/es\\\/\",\"name\":\"Lifenatura\",\"description\":\"A Lifenatura \u00e9 uma loja de produtos naturais, cosm\u00e9tica natural e alimenta\u00e7\u00e3o Biol\u00f3gica.\",\"publisher\":{\"@id\":\"https:\\\/\\\/www.lifenatura.com\\\/es\\\/#organization\"},\"potentialAction\":[{\"@type\":\"SearchAction\",\"target\":{\"@type\":\"EntryPoint\",\"urlTemplate\":\"https:\\\/\\\/www.lifenatura.com\\\/es\\\/?s={search_term_string}\"},\"query-input\":{\"@type\":\"PropertyValueSpecification\",\"valueRequired\":true,\"valueName\":\"search_term_string\"}}],\"inLanguage\":\"es\"},{\"@type\":\"Organization\",\"@id\":\"https:\\\/\\\/www.lifenatura.com\\\/es\\\/#organization\",\"name\":\"Lifenatura\",\"url\":\"https:\\\/\\\/www.lifenatura.com\\\/es\\\/\",\"logo\":{\"@type\":\"ImageObject\",\"inLanguage\":\"es\",\"@id\":\"https:\\\/\\\/www.lifenatura.com\\\/es\\\/#\\\/schema\\\/logo\\\/image\\\/\",\"url\":\"https:\\\/\\\/www.lifenatura.com\\\/wp-content\\\/uploads\\\/2021\\\/07\\\/logo.png\",\"contentUrl\":\"https:\\\/\\\/www.lifenatura.com\\\/wp-content\\\/uploads\\\/2021\\\/07\\\/logo.png\",\"width\":175,\"height\":55,\"caption\":\"Lifenatura\"},\"image\":{\"@id\":\"https:\\\/\\\/www.lifenatura.com\\\/es\\\/#\\\/schema\\\/logo\\\/image\\\/\"},\"sameAs\":[\"https:\\\/\\\/www.facebook.com\\\/lifenatura\",\"https:\\\/\\\/www.instagram.com\\\/lifenaturapt\\\/\"],\"hasMerchantReturnPolicy\":{\"@type\":\"MerchantReturnPolicy\",\"merchantReturnLink\":\"https:\\\/\\\/www.lifenatura.com\\\/termos-condicoes-lifenatura\\\/\"}}]}<\/script>\n<meta property=\"product:price:amount\" content=\"29.16\" \/>\n<meta property=\"product:price:currency\" content=\"EUR\" \/>\n<meta property=\"og:availability\" content=\"instock\" \/>\n<meta property=\"product:availability\" content=\"instock\" \/>\n<meta property=\"product:retailer_item_id\" content=\"84229471803331\" \/>\n<meta property=\"product:condition\" content=\"new\" \/>\n<!-- \/ Yoast SEO Premium plugin. -->","yoast_head_json":{"title":"Chinasor 33 geng nian qi wan 30 comprimidos - Soria Natural - Na Lifenatura ao Melhor Pre\u00e7o | Envio em 48h","description":"Chinasor 33 Soria Natural un suplemento inspirado en la Medicina Tradicional China favorece la vitalidad y el equilibrio corporal de las personas mayores.","robots":{"index":"index","follow":"follow","max-snippet":"max-snippet:-1","max-image-preview":"max-image-preview:large","max-video-preview":"max-video-preview:-1"},"canonical":"https:\/\/www.lifenatura.com\/es\/produto\/chinasor-33-geng-nian-qi-wan-30-comprimidos-soria-natural\/","og_locale":"es_ES","og_type":"article","og_title":"Chinasor 33 geng nian qi wan 30 comprimidos - Soria Natural - Na Lifenatura ao Melhor Pre\u00e7o | Envio 48h","og_description":"Compre Chinasor 33 geng nian qi wan 30 comprimidos - Soria Natural com envio r\u00e1pido. Entrega em 48h e portes gr\u00e1tis em compras >35\u20ac. Aproveite j\u00e1 na Lifenatura","og_url":"https:\/\/www.lifenatura.com\/es\/produto\/chinasor-33-geng-nian-qi-wan-30-comprimidos-soria-natural\/","og_site_name":"Lifenatura","article_publisher":"https:\/\/www.facebook.com\/lifenatura","article_modified_time":"2026-01-29T12:56:10+00:00","og_image":[{"width":1000,"height":1000,"url":"https:\/\/www.lifenatura.com\/wp-content\/uploads\/2025\/11\/chinasor-33-soria-natural.jpg","type":"image\/jpeg"}],"twitter_card":"summary_large_image","twitter_misc":{"Precio":"29,16&nbsp;&euro;","Disponibilidad":"Disponible"},"schema":{"@context":"https:\/\/schema.org","@graph":[{"@type":"WebPage","@id":"https:\/\/www.lifenatura.com\/es\/produto\/chinasor-33-geng-nian-qi-wan-30-comprimidos-soria-natural\/","url":"https:\/\/www.lifenatura.com\/es\/produto\/chinasor-33-geng-nian-qi-wan-30-comprimidos-soria-natural\/","name":"Chinasor 33 geng nian qi wan 30 comprimidos - Soria Natural - Na Lifenatura ao Melhor Pre\u00e7o | Envio em 48h","isPartOf":{"@id":"https:\/\/www.lifenatura.com\/es\/#website"},"primaryImageOfPage":{"@id":"https:\/\/www.lifenatura.com\/es\/produto\/chinasor-33-geng-nian-qi-wan-30-comprimidos-soria-natural\/#primaryimage"},"image":{"@id":"https:\/\/www.lifenatura.com\/es\/produto\/chinasor-33-geng-nian-qi-wan-30-comprimidos-soria-natural\/#primaryimage"},"thumbnailUrl":"https:\/\/www.lifenatura.com\/wp-content\/uploads\/2025\/11\/chinasor-33-soria-natural.jpg","datePublished":"2025-11-12T06:58:09+00:00","dateModified":"2026-01-29T12:56:10+00:00","description":"Chinasor 33 Soria Natural un suplemento inspirado en la Medicina Tradicional China favorece la vitalidad y el equilibrio corporal de las personas mayores.","breadcrumb":{"@id":"https:\/\/www.lifenatura.com\/es\/produto\/chinasor-33-geng-nian-qi-wan-30-comprimidos-soria-natural\/#breadcrumb"},"inLanguage":"es","potentialAction":[{"@type":"ReadAction","target":["https:\/\/www.lifenatura.com\/es\/produto\/chinasor-33-geng-nian-qi-wan-30-comprimidos-soria-natural\/"]}]},{"@type":"ImageObject","inLanguage":"es","@id":"https:\/\/www.lifenatura.com\/es\/produto\/chinasor-33-geng-nian-qi-wan-30-comprimidos-soria-natural\/#primaryimage","url":"https:\/\/www.lifenatura.com\/wp-content\/uploads\/2025\/11\/chinasor-33-soria-natural.jpg","contentUrl":"https:\/\/www.lifenatura.com\/wp-content\/uploads\/2025\/11\/chinasor-33-soria-natural.jpg","width":1000,"height":1000,"caption":"Chinasor 33 de Soria Natural"},{"@type":"BreadcrumbList","@id":"https:\/\/www.lifenatura.com\/es\/produto\/chinasor-33-geng-nian-qi-wan-30-comprimidos-soria-natural\/#breadcrumb","itemListElement":[{"@type":"ListItem","position":1,"name":"In\u00edcio","item":"https:\/\/www.lifenatura.com\/es\/"},{"@type":"ListItem","position":2,"name":"Todos los Productos","item":"https:\/\/www.lifenatura.com\/es\/tienda\/"},{"@type":"ListItem","position":3,"name":"Chinasor 33 geng nian qi wan 30 comprimidos &#8211; Soria Natural"}]},{"@type":"WebSite","@id":"https:\/\/www.lifenatura.com\/es\/#website","url":"https:\/\/www.lifenatura.com\/es\/","name":"Lifenatura","description":"A Lifenatura \u00e9 uma loja de produtos naturais, cosm\u00e9tica natural e alimenta\u00e7\u00e3o Biol\u00f3gica.","publisher":{"@id":"https:\/\/www.lifenatura.com\/es\/#organization"},"potentialAction":[{"@type":"SearchAction","target":{"@type":"EntryPoint","urlTemplate":"https:\/\/www.lifenatura.com\/es\/?s={search_term_string}"},"query-input":{"@type":"PropertyValueSpecification","valueRequired":true,"valueName":"search_term_string"}}],"inLanguage":"es"},{"@type":"Organization","@id":"https:\/\/www.lifenatura.com\/es\/#organization","name":"Lifenatura","url":"https:\/\/www.lifenatura.com\/es\/","logo":{"@type":"ImageObject","inLanguage":"es","@id":"https:\/\/www.lifenatura.com\/es\/#\/schema\/logo\/image\/","url":"https:\/\/www.lifenatura.com\/wp-content\/uploads\/2021\/07\/logo.png","contentUrl":"https:\/\/www.lifenatura.com\/wp-content\/uploads\/2021\/07\/logo.png","width":175,"height":55,"caption":"Lifenatura"},"image":{"@id":"https:\/\/www.lifenatura.com\/es\/#\/schema\/logo\/image\/"},"sameAs":["https:\/\/www.facebook.com\/lifenatura","https:\/\/www.instagram.com\/lifenaturapt\/"],"hasMerchantReturnPolicy":{"@type":"MerchantReturnPolicy","merchantReturnLink":"https:\/\/www.lifenatura.com\/termos-condicoes-lifenatura\/"}}]},"product_price_amount":"29.16","product_price_currency":"EUR","og_availability":"instock","product_availability":"instock","product_retailer_item_id":"84229471803331","product_condition":"new"},"df_price":29.16,"df_sale_price":29.16,"df_regular_price":32.4,"df_image_link":"https:\/\/www.lifenatura.com\/wp-content\/uploads\/2025\/11\/chinasor-33-soria-natural-300x300.jpg","_links":{"self":[{"href":"https:\/\/www.lifenatura.com\/es\/wp-json\/wp\/v2\/product\/124992","targetHints":{"allow":["GET"]}}],"collection":[{"href":"https:\/\/www.lifenatura.com\/es\/wp-json\/wp\/v2\/product"}],"about":[{"href":"https:\/\/www.lifenatura.com\/es\/wp-json\/wp\/v2\/types\/product"}],"wp:featuredmedia":[{"embeddable":true,"href":"https:\/\/www.lifenatura.com\/es\/wp-json\/wp\/v2\/media\/120774"}],"wp:attachment":[{"href":"https:\/\/www.lifenatura.com\/es\/wp-json\/wp\/v2\/media?parent=124992"}],"wp:term":[{"taxonomy":"product_brand","embeddable":true,"href":"https:\/\/www.lifenatura.com\/es\/wp-json\/wp\/v2\/product_brand?post=124992"},{"taxonomy":"product_cat","embeddable":true,"href":"https:\/\/www.lifenatura.com\/es\/wp-json\/wp\/v2\/product_cat?post=124992"},{"taxonomy":"product_tag","embeddable":true,"href":"https:\/\/www.lifenatura.com\/es\/wp-json\/wp\/v2\/product_tag?post=124992"}],"curies":[{"name":"wp","href":"https:\/\/api.w.org\/{rel}","templated":true}]}}