{"id":124987,"date":"2026-01-26T08:19:42","date_gmt":"2026-01-26T08:19:42","guid":{"rendered":"https:\/\/www.lifenatura.com\/produto\/creatina-monohidrato-pura-en-polvo-500g-zenement\/"},"modified":"2026-01-26T09:01:17","modified_gmt":"2026-01-26T09:01:17","slug":"creatina-monohidrato-pura-en-polvo-500g-zenement","status":"publish","type":"product","link":"https:\/\/www.lifenatura.com\/es\/produto\/creatina-monohidrato-pura-en-polvo-500g-zenement\/","title":{"rendered":"Creatina Monohidrato pura en polvo 500g &#8211; Zenement"},"content":{"rendered":"<h2 style=\"text-align: left;\" data-start=\"190\" data-end=\"282\"><strong data-start=\"193\" data-end=\"282\">Monohidrato de creatina puro para fuerza, potencia y rendimiento muscular<\/strong><\/h2>\n<p>&nbsp;<\/p>\n<p data-start=\"319\" data-end=\"758\">Zenement <strong data-start=\"321\" data-end=\"359\">Creatina Monohidrato Puro en Polvo<\/strong> <strong data-start=\"363\" data-end=\"404\"><span class=\"hover:entity-accent entity-underline inline cursor-pointer align-baseline\"><span class=\"whitespace-normal\">Zenement<\/span><\/span><\/strong> es un complemento alimenticio de gran pureza desarrollado para favorecer el <strong data-start=\"477\" data-end=\"498\">rendimiento f\u00edsico<\/strong>, el aumento de la <strong data-start=\"513\" data-end=\"522\">fuerza<\/strong> y la <strong data-start=\"527\" data-end=\"548\">potencia muscular<\/strong>. La creatina es uno de los suplementos m\u00e1s estudiados y utilizados en el mundo del deporte. Est\u00e1 presente de forma natural en el organismo y es esencial para la producci\u00f3n r\u00e1pida de energ\u00eda durante el ejercicio de alta intensidad.<\/p>\n<p data-start=\"760\" data-end=\"1021\">Su f\u00f3rmula en polvo, sin aditivos innecesarios, garantiza una <strong data-start=\"822\" data-end=\"844\">excelente absorci\u00f3n<\/strong> y versatilidad al tomarlo, y puede mezclarse f\u00e1cilmente con agua, zumos o batidos. Ideal para quienes buscan mejorar su rendimiento en el entrenamiento y favorecer la recuperaci\u00f3n muscular.<\/p>\n<h3 data-start=\"1028\" data-end=\"1057\"><strong data-start=\"1032\" data-end=\"1057\">Principales ventajas<\/strong><\/h3>\n<ul data-start=\"1058\" data-end=\"1458\">\n<li data-start=\"1058\" data-end=\"1141\">\n<p data-start=\"1060\" data-end=\"1141\">Aumenta el <strong data-start=\"1070\" data-end=\"1091\">rendimiento f\u00edsico<\/strong> en ejercicios de corta duraci\u00f3n y alta intensidad<\/p>\n<\/li>\n<li data-start=\"1142\" data-end=\"1201\">\n<p data-start=\"1144\" data-end=\"1201\">Ayuda a aumentar la <strong data-start=\"1172\" data-end=\"1201\">fuerza y la potencia muscular<\/strong><\/p>\n<\/li>\n<li data-start=\"1202\" data-end=\"1248\">\n<p data-start=\"1204\" data-end=\"1248\">Favorece <strong data-start=\"1212\" data-end=\"1248\">la producci\u00f3n r\u00e1pida de energ\u00eda (ATP)<\/strong><\/p>\n<\/li>\n<li data-start=\"1249\" data-end=\"1284\">\n<p data-start=\"1251\" data-end=\"1284\">Ayuda a <strong data-start=\"1260\" data-end=\"1284\">la recuperaci\u00f3n muscular<\/strong><\/p>\n<\/li>\n<li data-start=\"1285\" data-end=\"1361\">\n<p data-start=\"1287\" data-end=\"1361\">Puede contribuir a <strong data-start=\"1310\" data-end=\"1339\">aumentar la masa muscular<\/strong> (asociado al entrenamiento)<\/p>\n<\/li>\n<li data-start=\"1362\" data-end=\"1419\">\n<p data-start=\"1364\" data-end=\"1419\">Monohidrato de creatina <strong data-start=\"1388\" data-end=\"1419\">puro y de alta calidad<\/strong><\/p>\n<\/li>\n<li data-start=\"1420\" data-end=\"1458\">\n<p data-start=\"1422\" data-end=\"1458\">F\u00e1cil de disolver y <strong data-start=\"1441\" data-end=\"1458\">flexible de tomar<\/strong><\/p>\n<\/li>\n<\/ul>\n<h3 data-start=\"1465\" data-end=\"1496\"><strong data-start=\"1469\" data-end=\"1496\">A qui\u00e9n va dirigido<\/strong><\/h3>\n<p data-start=\"1497\" data-end=\"1526\">Este producto es adecuado para<\/p>\n<ul data-start=\"1527\" data-end=\"1811\">\n<li data-start=\"1527\" data-end=\"1578\">\n<p data-start=\"1529\" data-end=\"1578\">Atletas de <strong data-start=\"1555\" data-end=\"1578\">fuerza y resistencia<\/strong><\/p>\n<\/li>\n<li data-start=\"1579\" data-end=\"1646\">\n<p data-start=\"1581\" data-end=\"1646\">Culturistas, entrenadores de cross o atletas explosivos<\/p>\n<\/li>\n<li data-start=\"1647\" data-end=\"1703\">\n<p data-start=\"1649\" data-end=\"1703\">Personas que quieren mejorar su <strong data-start=\"1682\" data-end=\"1703\">rendimiento f\u00edsico<\/strong><\/p>\n<\/li>\n<li data-start=\"1704\" data-end=\"1733\">\n<p data-start=\"1706\" data-end=\"1733\">Adultos f\u00edsicamente activos<\/p>\n<\/li>\n<li data-start=\"1734\" data-end=\"1811\">\n<p data-start=\"1736\" data-end=\"1811\">Quienes buscan un suplemento <strong data-start=\"1763\" data-end=\"1811\">sencillo, eficaz y cient\u00edficamente probado<\/strong><\/p>\n<\/li>\n<\/ul>\n<p>Nuestro monohidrato de creatina tiene un tama\u00f1o de part\u00edcula peque\u00f1o, lo que aumenta su solubilidad, biodisponibilidad y absorci\u00f3n. Puedes mezclarlo con agua, zumo, yogur o cualquier otra bebida de tu elecci\u00f3n, sin alterar su sabor.<\/p>\n<p>Viene con un dosificador para facilitar la administraci\u00f3n de la dosis diaria recomendada de 3 gramos. 500 g, un suministro para 5 meses.<\/p>\n<p><strong>PRESENTACI\u00d3N<\/strong><\/p>\n<p>500g<\/p>\n<p>&nbsp;<\/p>\n","protected":false},"excerpt":{"rendered":"<p>Monohidrato de creatina puro en polvo Zenement &#8211; mejora la fuerza, la potencia y el rendimiento muscular. Suplemento puro y eficaz. [&#8230;]<\/p>\n<p><a class=\"btn btn-secondary understrap-read-more-link\" href=\"https:\/\/www.lifenatura.com\/es\/produto\/creatina-monohidrato-pura-en-polvo-500g-zenement\/\">Leer m\u00e1s&#8230;<span class=\"screen-reader-text\"> from Creatina Monohidrato pura en polvo 500g &#8211; Zenement<\/span><\/a><\/p>\n","protected":false},"featured_media":124976,"template":"","meta":{"_acf_changed":false},"product_brand":[8587],"product_cat":[7173,7293],"product_tag":[],"class_list":{"0":"post-124987","1":"product","2":"type-product","3":"status-publish","4":"has-post-thumbnail","6":"product_brand-zenement","7":"product_cat-creatina-nutricion","8":"product_cat-nutricion-deportiva","10":"first","11":"instock","12":"shipping-taxable","13":"purchasable","14":"product-type-simple","15":"add-to-wishlist-before_image"},"acf":[],"yoast_head":"<!-- This site is optimized with the Yoast SEO Premium plugin v27.1 (Yoast SEO v27.4) - https:\/\/yoast.com\/product\/yoast-seo-premium-wordpress\/ -->\n<title>Creatina Monohidrato pura en polvo 500g - Zenement - Na Lifenatura ao Melhor Pre\u00e7o | Envio em 48h<\/title>\n<meta name=\"description\" content=\"Monohidrato de creatina puro en polvo Zenement: mejora la fuerza, la potencia y el rendimiento muscular. Suplemento puro y eficaz, disponible en Lifenatura.\" \/>\n<meta name=\"robots\" content=\"index, follow, max-snippet:-1, max-image-preview:large, max-video-preview:-1\" \/>\n<link rel=\"canonical\" href=\"https:\/\/www.lifenatura.com\/es\/produto\/creatina-monohidrato-pura-en-polvo-500g-zenement\/\" \/>\n<meta property=\"og:locale\" content=\"es_ES\" \/>\n<meta property=\"og:type\" content=\"article\" \/>\n<meta property=\"og:title\" content=\"Creatina Monohidrato pura en polvo 500g - Zenement - Na Lifenatura ao Melhor Pre\u00e7o | Envio 48h\" \/>\n<meta property=\"og:description\" content=\"Compre Creatina Monohidrato pura en polvo 500g - Zenement com envio r\u00e1pido. Entrega em 48h e portes gr\u00e1tis em compras &gt;35\u20ac. Aproveite j\u00e1 na Lifenatura\" \/>\n<meta property=\"og:url\" content=\"https:\/\/www.lifenatura.com\/es\/produto\/creatina-monohidrato-pura-en-polvo-500g-zenement\/\" \/>\n<meta property=\"og:site_name\" content=\"Lifenatura\" \/>\n<meta property=\"article:publisher\" content=\"https:\/\/www.facebook.com\/lifenatura\" \/>\n<meta property=\"article:modified_time\" content=\"2026-01-26T09:01:17+00:00\" \/>\n<meta property=\"og:image\" content=\"https:\/\/www.lifenatura.com\/wp-content\/uploads\/2026\/01\/monohidrato-creatina-po-zenement.jpg\" \/>\n\t<meta property=\"og:image:width\" content=\"1000\" \/>\n\t<meta property=\"og:image:height\" content=\"1000\" \/>\n\t<meta property=\"og:image:type\" content=\"image\/jpeg\" \/>\n<meta name=\"twitter:card\" content=\"summary_large_image\" \/>\n<meta name=\"twitter:label1\" content=\"Precio\" \/>\n\t<meta name=\"twitter:data1\" content=\"20,25&nbsp;&euro;\" \/>\n\t<meta name=\"twitter:label2\" content=\"Disponibilidad\" \/>\n\t<meta name=\"twitter:data2\" content=\"Disponible\" \/>\n<script type=\"application\/ld+json\" class=\"yoast-schema-graph\">{\"@context\":\"https:\\\/\\\/schema.org\",\"@graph\":[{\"@type\":\"WebPage\",\"@id\":\"https:\\\/\\\/www.lifenatura.com\\\/es\\\/produto\\\/creatina-monohidrato-pura-en-polvo-500g-zenement\\\/\",\"url\":\"https:\\\/\\\/www.lifenatura.com\\\/es\\\/produto\\\/creatina-monohidrato-pura-en-polvo-500g-zenement\\\/\",\"name\":\"Creatina Monohidrato pura en polvo 500g - Zenement - Na Lifenatura ao Melhor Pre\u00e7o | Envio em 48h\",\"isPartOf\":{\"@id\":\"https:\\\/\\\/www.lifenatura.com\\\/es\\\/#website\"},\"primaryImageOfPage\":{\"@id\":\"https:\\\/\\\/www.lifenatura.com\\\/es\\\/produto\\\/creatina-monohidrato-pura-en-polvo-500g-zenement\\\/#primaryimage\"},\"image\":{\"@id\":\"https:\\\/\\\/www.lifenatura.com\\\/es\\\/produto\\\/creatina-monohidrato-pura-en-polvo-500g-zenement\\\/#primaryimage\"},\"thumbnailUrl\":\"https:\\\/\\\/www.lifenatura.com\\\/wp-content\\\/uploads\\\/2026\\\/01\\\/monohidrato-creatina-po-zenement.jpg\",\"datePublished\":\"2026-01-26T08:19:42+00:00\",\"dateModified\":\"2026-01-26T09:01:17+00:00\",\"description\":\"Monohidrato de creatina puro en polvo Zenement: mejora la fuerza, la potencia y el rendimiento muscular. Suplemento puro y eficaz, disponible en Lifenatura.\",\"breadcrumb\":{\"@id\":\"https:\\\/\\\/www.lifenatura.com\\\/es\\\/produto\\\/creatina-monohidrato-pura-en-polvo-500g-zenement\\\/#breadcrumb\"},\"inLanguage\":\"es\",\"potentialAction\":[{\"@type\":\"ReadAction\",\"target\":[\"https:\\\/\\\/www.lifenatura.com\\\/es\\\/produto\\\/creatina-monohidrato-pura-en-polvo-500g-zenement\\\/\"]}]},{\"@type\":\"ImageObject\",\"inLanguage\":\"es\",\"@id\":\"https:\\\/\\\/www.lifenatura.com\\\/es\\\/produto\\\/creatina-monohidrato-pura-en-polvo-500g-zenement\\\/#primaryimage\",\"url\":\"https:\\\/\\\/www.lifenatura.com\\\/wp-content\\\/uploads\\\/2026\\\/01\\\/monohidrato-creatina-po-zenement.jpg\",\"contentUrl\":\"https:\\\/\\\/www.lifenatura.com\\\/wp-content\\\/uploads\\\/2026\\\/01\\\/monohidrato-creatina-po-zenement.jpg\",\"width\":1000,\"height\":1000,\"caption\":\"Monohidrato de creatina marca Zenement\"},{\"@type\":\"BreadcrumbList\",\"@id\":\"https:\\\/\\\/www.lifenatura.com\\\/es\\\/produto\\\/creatina-monohidrato-pura-en-polvo-500g-zenement\\\/#breadcrumb\",\"itemListElement\":[{\"@type\":\"ListItem\",\"position\":1,\"name\":\"In\u00edcio\",\"item\":\"https:\\\/\\\/www.lifenatura.com\\\/es\\\/\"},{\"@type\":\"ListItem\",\"position\":2,\"name\":\"Todos los Productos\",\"item\":\"https:\\\/\\\/www.lifenatura.com\\\/es\\\/tienda\\\/\"},{\"@type\":\"ListItem\",\"position\":3,\"name\":\"Creatina Monohidrato pura en polvo 500g &#8211; Zenement\"}]},{\"@type\":\"WebSite\",\"@id\":\"https:\\\/\\\/www.lifenatura.com\\\/es\\\/#website\",\"url\":\"https:\\\/\\\/www.lifenatura.com\\\/es\\\/\",\"name\":\"Lifenatura\",\"description\":\"A Lifenatura \u00e9 uma loja de produtos naturais, cosm\u00e9tica natural e alimenta\u00e7\u00e3o Biol\u00f3gica.\",\"publisher\":{\"@id\":\"https:\\\/\\\/www.lifenatura.com\\\/es\\\/#organization\"},\"potentialAction\":[{\"@type\":\"SearchAction\",\"target\":{\"@type\":\"EntryPoint\",\"urlTemplate\":\"https:\\\/\\\/www.lifenatura.com\\\/es\\\/?s={search_term_string}\"},\"query-input\":{\"@type\":\"PropertyValueSpecification\",\"valueRequired\":true,\"valueName\":\"search_term_string\"}}],\"inLanguage\":\"es\"},{\"@type\":\"Organization\",\"@id\":\"https:\\\/\\\/www.lifenatura.com\\\/es\\\/#organization\",\"name\":\"Lifenatura\",\"url\":\"https:\\\/\\\/www.lifenatura.com\\\/es\\\/\",\"logo\":{\"@type\":\"ImageObject\",\"inLanguage\":\"es\",\"@id\":\"https:\\\/\\\/www.lifenatura.com\\\/es\\\/#\\\/schema\\\/logo\\\/image\\\/\",\"url\":\"https:\\\/\\\/www.lifenatura.com\\\/wp-content\\\/uploads\\\/2021\\\/07\\\/logo.png\",\"contentUrl\":\"https:\\\/\\\/www.lifenatura.com\\\/wp-content\\\/uploads\\\/2021\\\/07\\\/logo.png\",\"width\":175,\"height\":55,\"caption\":\"Lifenatura\"},\"image\":{\"@id\":\"https:\\\/\\\/www.lifenatura.com\\\/es\\\/#\\\/schema\\\/logo\\\/image\\\/\"},\"sameAs\":[\"https:\\\/\\\/www.facebook.com\\\/lifenatura\",\"https:\\\/\\\/www.instagram.com\\\/lifenaturapt\\\/\"],\"hasMerchantReturnPolicy\":{\"@type\":\"MerchantReturnPolicy\",\"merchantReturnLink\":\"https:\\\/\\\/www.lifenatura.com\\\/termos-condicoes-lifenatura\\\/\"}}]}<\/script>\n<meta property=\"product:price:amount\" content=\"20.25\" \/>\n<meta property=\"product:price:currency\" content=\"EUR\" \/>\n<meta property=\"og:availability\" content=\"instock\" \/>\n<meta property=\"product:availability\" content=\"instock\" \/>\n<meta property=\"product:retailer_item_id\" content=\"8436589810433\" \/>\n<meta property=\"product:condition\" content=\"new\" \/>\n<!-- \/ Yoast SEO Premium plugin. -->","yoast_head_json":{"title":"Creatina Monohidrato pura en polvo 500g - Zenement - Na Lifenatura ao Melhor Pre\u00e7o | Envio em 48h","description":"Monohidrato de creatina puro en polvo Zenement: mejora la fuerza, la potencia y el rendimiento muscular. Suplemento puro y eficaz, disponible en Lifenatura.","robots":{"index":"index","follow":"follow","max-snippet":"max-snippet:-1","max-image-preview":"max-image-preview:large","max-video-preview":"max-video-preview:-1"},"canonical":"https:\/\/www.lifenatura.com\/es\/produto\/creatina-monohidrato-pura-en-polvo-500g-zenement\/","og_locale":"es_ES","og_type":"article","og_title":"Creatina Monohidrato pura en polvo 500g - Zenement - Na Lifenatura ao Melhor Pre\u00e7o | Envio 48h","og_description":"Compre Creatina Monohidrato pura en polvo 500g - Zenement com envio r\u00e1pido. Entrega em 48h e portes gr\u00e1tis em compras >35\u20ac. Aproveite j\u00e1 na Lifenatura","og_url":"https:\/\/www.lifenatura.com\/es\/produto\/creatina-monohidrato-pura-en-polvo-500g-zenement\/","og_site_name":"Lifenatura","article_publisher":"https:\/\/www.facebook.com\/lifenatura","article_modified_time":"2026-01-26T09:01:17+00:00","og_image":[{"width":1000,"height":1000,"url":"https:\/\/www.lifenatura.com\/wp-content\/uploads\/2026\/01\/monohidrato-creatina-po-zenement.jpg","type":"image\/jpeg"}],"twitter_card":"summary_large_image","twitter_misc":{"Precio":"20,25&nbsp;&euro;","Disponibilidad":"Disponible"},"schema":{"@context":"https:\/\/schema.org","@graph":[{"@type":"WebPage","@id":"https:\/\/www.lifenatura.com\/es\/produto\/creatina-monohidrato-pura-en-polvo-500g-zenement\/","url":"https:\/\/www.lifenatura.com\/es\/produto\/creatina-monohidrato-pura-en-polvo-500g-zenement\/","name":"Creatina Monohidrato pura en polvo 500g - Zenement - Na Lifenatura ao Melhor Pre\u00e7o | Envio em 48h","isPartOf":{"@id":"https:\/\/www.lifenatura.com\/es\/#website"},"primaryImageOfPage":{"@id":"https:\/\/www.lifenatura.com\/es\/produto\/creatina-monohidrato-pura-en-polvo-500g-zenement\/#primaryimage"},"image":{"@id":"https:\/\/www.lifenatura.com\/es\/produto\/creatina-monohidrato-pura-en-polvo-500g-zenement\/#primaryimage"},"thumbnailUrl":"https:\/\/www.lifenatura.com\/wp-content\/uploads\/2026\/01\/monohidrato-creatina-po-zenement.jpg","datePublished":"2026-01-26T08:19:42+00:00","dateModified":"2026-01-26T09:01:17+00:00","description":"Monohidrato de creatina puro en polvo Zenement: mejora la fuerza, la potencia y el rendimiento muscular. Suplemento puro y eficaz, disponible en Lifenatura.","breadcrumb":{"@id":"https:\/\/www.lifenatura.com\/es\/produto\/creatina-monohidrato-pura-en-polvo-500g-zenement\/#breadcrumb"},"inLanguage":"es","potentialAction":[{"@type":"ReadAction","target":["https:\/\/www.lifenatura.com\/es\/produto\/creatina-monohidrato-pura-en-polvo-500g-zenement\/"]}]},{"@type":"ImageObject","inLanguage":"es","@id":"https:\/\/www.lifenatura.com\/es\/produto\/creatina-monohidrato-pura-en-polvo-500g-zenement\/#primaryimage","url":"https:\/\/www.lifenatura.com\/wp-content\/uploads\/2026\/01\/monohidrato-creatina-po-zenement.jpg","contentUrl":"https:\/\/www.lifenatura.com\/wp-content\/uploads\/2026\/01\/monohidrato-creatina-po-zenement.jpg","width":1000,"height":1000,"caption":"Monohidrato de creatina marca Zenement"},{"@type":"BreadcrumbList","@id":"https:\/\/www.lifenatura.com\/es\/produto\/creatina-monohidrato-pura-en-polvo-500g-zenement\/#breadcrumb","itemListElement":[{"@type":"ListItem","position":1,"name":"In\u00edcio","item":"https:\/\/www.lifenatura.com\/es\/"},{"@type":"ListItem","position":2,"name":"Todos los Productos","item":"https:\/\/www.lifenatura.com\/es\/tienda\/"},{"@type":"ListItem","position":3,"name":"Creatina Monohidrato pura en polvo 500g &#8211; Zenement"}]},{"@type":"WebSite","@id":"https:\/\/www.lifenatura.com\/es\/#website","url":"https:\/\/www.lifenatura.com\/es\/","name":"Lifenatura","description":"A Lifenatura \u00e9 uma loja de produtos naturais, cosm\u00e9tica natural e alimenta\u00e7\u00e3o Biol\u00f3gica.","publisher":{"@id":"https:\/\/www.lifenatura.com\/es\/#organization"},"potentialAction":[{"@type":"SearchAction","target":{"@type":"EntryPoint","urlTemplate":"https:\/\/www.lifenatura.com\/es\/?s={search_term_string}"},"query-input":{"@type":"PropertyValueSpecification","valueRequired":true,"valueName":"search_term_string"}}],"inLanguage":"es"},{"@type":"Organization","@id":"https:\/\/www.lifenatura.com\/es\/#organization","name":"Lifenatura","url":"https:\/\/www.lifenatura.com\/es\/","logo":{"@type":"ImageObject","inLanguage":"es","@id":"https:\/\/www.lifenatura.com\/es\/#\/schema\/logo\/image\/","url":"https:\/\/www.lifenatura.com\/wp-content\/uploads\/2021\/07\/logo.png","contentUrl":"https:\/\/www.lifenatura.com\/wp-content\/uploads\/2021\/07\/logo.png","width":175,"height":55,"caption":"Lifenatura"},"image":{"@id":"https:\/\/www.lifenatura.com\/es\/#\/schema\/logo\/image\/"},"sameAs":["https:\/\/www.facebook.com\/lifenatura","https:\/\/www.instagram.com\/lifenaturapt\/"],"hasMerchantReturnPolicy":{"@type":"MerchantReturnPolicy","merchantReturnLink":"https:\/\/www.lifenatura.com\/termos-condicoes-lifenatura\/"}}]},"product_price_amount":"20.25","product_price_currency":"EUR","og_availability":"instock","product_availability":"instock","product_retailer_item_id":"8436589810433","product_condition":"new"},"df_price":20.25,"df_sale_price":"","df_regular_price":20.25,"df_image_link":"https:\/\/www.lifenatura.com\/wp-content\/uploads\/2026\/01\/monohidrato-creatina-po-zenement-300x300.jpg","_links":{"self":[{"href":"https:\/\/www.lifenatura.com\/es\/wp-json\/wp\/v2\/product\/124987","targetHints":{"allow":["GET"]}}],"collection":[{"href":"https:\/\/www.lifenatura.com\/es\/wp-json\/wp\/v2\/product"}],"about":[{"href":"https:\/\/www.lifenatura.com\/es\/wp-json\/wp\/v2\/types\/product"}],"wp:featuredmedia":[{"embeddable":true,"href":"https:\/\/www.lifenatura.com\/es\/wp-json\/wp\/v2\/media\/124976"}],"wp:attachment":[{"href":"https:\/\/www.lifenatura.com\/es\/wp-json\/wp\/v2\/media?parent=124987"}],"wp:term":[{"taxonomy":"product_brand","embeddable":true,"href":"https:\/\/www.lifenatura.com\/es\/wp-json\/wp\/v2\/product_brand?post=124987"},{"taxonomy":"product_cat","embeddable":true,"href":"https:\/\/www.lifenatura.com\/es\/wp-json\/wp\/v2\/product_cat?post=124987"},{"taxonomy":"product_tag","embeddable":true,"href":"https:\/\/www.lifenatura.com\/es\/wp-json\/wp\/v2\/product_tag?post=124987"}],"curies":[{"name":"wp","href":"https:\/\/api.w.org\/{rel}","templated":true}]}}