{"id":124680,"date":"2026-01-19T13:31:28","date_gmt":"2026-01-19T13:31:28","guid":{"rendered":"https:\/\/www.lifenatura.com\/produto\/colageno-tipo-1-y-3-con-vitamina-c-180-comprimidos-doctors-best\/"},"modified":"2026-01-22T06:26:44","modified_gmt":"2026-01-22T06:26:44","slug":"colageno-tipo-1-y-3-con-vitamina-c-180-comprimidos-doctors-best","status":"publish","type":"product","link":"https:\/\/www.lifenatura.com\/es\/produto\/colageno-tipo-1-y-3-con-vitamina-c-180-comprimidos-doctors-best\/","title":{"rendered":"Col\u00e1geno Tipo 1 y 3 con Vitamina C 180 Comprimidos &#8211; Doctors Best"},"content":{"rendered":"<h2 style=\"text-align: left;\" data-start=\"184\" data-end=\"283\"><strong data-start=\"187\" data-end=\"283\">Col\u00e1geno de tipo 1 y 3 con vitamina C Doctor&#8217;s Best para una piel firme<\/strong><\/h2>\n<p>&nbsp;<\/p>\n<p data-start=\"320\" data-end=\"724\"><strong data-start=\"322\" data-end=\"361\">Col\u00e1geno Tipo 1 y 3 con Vitamina<\/strong> C de <strong data-start=\"365\" data-end=\"406\"><span class=\"hover:entity-accent entity-underline inline cursor-pointer align-baseline\"><span class=\"whitespace-normal\">Doctor&#8217;s Best<\/span><\/span><\/strong> es un complemento alimenticio de alta calidad formulado para contribuir a la salud de la piel, las articulaciones, los huesos y los tejidos conjuntivos. Contiene col\u00e1geno hidrolizado de los tipos I y III, las formas m\u00e1s abundantes en el cuerpo humano, esenciales para la estructura y elasticidad de la piel y la resistencia de los tejidos.<\/p>\n<p data-start=\"726\" data-end=\"1027\">La f\u00f3rmula est\u00e1 enriquecida con <strong data-start=\"754\" data-end=\"768\">vitamina C<\/strong>, un nutriente clave que contribuye a la producci\u00f3n normal de col\u00e1geno, potenciando su eficacia y absorci\u00f3n. Este suplemento es ideal para quien desee mantener un aspecto juvenil, favorecer la movilidad articular y promover la salud general de forma natural.<\/p>\n<h3 data-start=\"1034\" data-end=\"1063\"><strong data-start=\"1038\" data-end=\"1063\">Principales ventajas<\/strong><\/h3>\n<ul data-start=\"1064\" data-end=\"1460\">\n<li data-start=\"1064\" data-end=\"1126\">\n<p data-start=\"1066\" data-end=\"1126\">Ayuda <strong data-start=\"1083\" data-end=\"1126\">a mantener la piel firme y el\u00e1stica<\/strong><\/p>\n<\/li>\n<li data-start=\"1127\" data-end=\"1170\">\n<p data-start=\"1129\" data-end=\"1170\">Favorece <strong data-start=\"1137\" data-end=\"1170\">la producci\u00f3n natural de col\u00e1geno<\/strong><\/p>\n<\/li>\n<li data-start=\"1171\" data-end=\"1222\">\n<p data-start=\"1173\" data-end=\"1222\">Ayuda a <strong data-start=\"1182\" data-end=\"1222\">la salud de articulaciones y cart\u00edlagos<\/strong><\/p>\n<\/li>\n<li data-start=\"1223\" data-end=\"1273\">\n<p data-start=\"1225\" data-end=\"1273\">Contribuye al <strong data-start=\"1242\" data-end=\"1273\">mantenimiento de los huesos normales<\/strong><\/p>\n<\/li>\n<li data-start=\"1274\" data-end=\"1338\">\n<p data-start=\"1276\" data-end=\"1338\">Favorece la salud de <strong data-start=\"1293\" data-end=\"1338\">tendones, ligamentos y tejidos conjuntivos<\/strong><\/p>\n<\/li>\n<li data-start=\"1339\" data-end=\"1411\">\n<p data-start=\"1341\" data-end=\"1411\">La vitamina C ayuda a proteger las c\u00e9lulas contra <strong data-start=\"1391\" data-end=\"1411\">el estr\u00e9s oxidativo<\/strong><\/p>\n<\/li>\n<li data-start=\"1412\" data-end=\"1460\">\n<p data-start=\"1414\" data-end=\"1460\">Col\u00e1geno hidrolizado para <strong data-start=\"1441\" data-end=\"1460\">una mejor absorci\u00f3n<\/strong><\/p>\n<\/li>\n<\/ul>\n<h3 data-start=\"1467\" data-end=\"1498\"><strong data-start=\"1471\" data-end=\"1498\">A qui\u00e9n va dirigido<\/strong><\/h3>\n<p data-start=\"1499\" data-end=\"1531\">Este suplemento est\u00e1 indicado para<\/p>\n<ul data-start=\"1532\" data-end=\"1834\">\n<li data-start=\"1532\" data-end=\"1596\">\n<p data-start=\"1534\" data-end=\"1596\">Personas que desean mejorar <strong data-start=\"1567\" data-end=\"1596\">la salud y el aspecto de su piel<\/strong><\/p>\n<\/li>\n<li data-start=\"1597\" data-end=\"1630\">\n<p data-start=\"1599\" data-end=\"1630\">Adultos de 30\/35 a\u00f1os o m\u00e1s<\/p>\n<\/li>\n<li data-start=\"1631\" data-end=\"1678\">\n<p data-start=\"1633\" data-end=\"1678\">Personas con <strong data-start=\"1645\" data-end=\"1667\">desgaste<\/strong> o rigidez <strong data-start=\"1645\" data-end=\"1667\">articular<\/strong><\/p>\n<\/li>\n<li data-start=\"1679\" data-end=\"1724\">\n<p data-start=\"1681\" data-end=\"1724\">Deportistas o personas f\u00edsicamente activas<\/p>\n<\/li>\n<li data-start=\"1725\" data-end=\"1776\">\n<p data-start=\"1727\" data-end=\"1776\">Los que buscan apoyar <strong data-start=\"1749\" data-end=\"1776\">la salud de huesos y articulaciones<\/strong><\/p>\n<\/li>\n<li data-start=\"1777\" data-end=\"1834\">\n<p data-start=\"1779\" data-end=\"1834\">Personas interesadas en <strong data-start=\"1803\" data-end=\"1834\">prevenir el envejecimiento<\/strong><\/p>\n<\/li>\n<\/ul>\n<p>Con p\u00e9ptidos hidrolizados de col\u00e1geno de tipos 1 y 3 (sin BSE) y vitamina C, nuestra f\u00f3rmula favorece la salud de los tejidos, la fortaleza de los huesos y la flexibilidad de las articulaciones, contribuyendo a la belleza del cabello, la piel y las u\u00f1as, as\u00ed como a la resistencia y fuerza generales.<\/p>\n<p><strong>PRESENTACI\u00d3N<\/strong><\/p>\n<p>180 comprimidos<\/p>\n<p>&nbsp;<\/p>\n","protected":false},"excerpt":{"rendered":"<p>Col\u00e1geno Tipo 1 y 3 con Vitamina C Doctor&#8217;s Best &#8211; apoyo para la piel, las articulaciones y los huesos. Alta absorci\u00f3n y calidad superior. [&#8230;]<\/p>\n<p><a class=\"btn btn-secondary understrap-read-more-link\" href=\"https:\/\/www.lifenatura.com\/es\/produto\/colageno-tipo-1-y-3-con-vitamina-c-180-comprimidos-doctors-best\/\">Leer m\u00e1s&#8230;<span class=\"screen-reader-text\"> from Col\u00e1geno Tipo 1 y 3 con Vitamina C 180 Comprimidos &#8211; Doctors Best<\/span><\/a><\/p>\n","protected":false},"featured_media":124599,"template":"","meta":{"_acf_changed":false},"product_brand":[8286],"product_cat":[7689,7659,7237,7239,7179,7883],"product_tag":[],"class_list":{"0":"post-124680","1":"product","2":"type-product","3":"status-publish","4":"has-post-thumbnail","6":"product_brand-dr-best","7":"product_cat-colagenio-natural","8":"product_cat-ingrediente-natural-bio","9":"product_cat-pelo-unas","10":"product_cat-cuidado-de-la-piel","11":"product_cat-salud","12":"product_cat-suplementos-alimenticios","14":"first","15":"instock","16":"shipping-taxable","17":"purchasable","18":"product-type-simple","19":"add-to-wishlist-before_image"},"acf":[],"yoast_head":"<!-- This site is optimized with the Yoast SEO Premium plugin v27.1 (Yoast SEO v27.4) - https:\/\/yoast.com\/product\/yoast-seo-premium-wordpress\/ -->\n<title>Col\u00e1geno Tipo 1 y 3 con Vitamina C Doctors Best - Lifenatura<\/title>\n<meta name=\"description\" content=\"Col\u00e1geno Tipo 1 y 3 con Vitamina C Doctor&#039;s Best - apoyo para la piel, las articulaciones y los huesos. Alta absorci\u00f3n y calidad superior.\" \/>\n<meta name=\"robots\" content=\"index, follow, max-snippet:-1, max-image-preview:large, max-video-preview:-1\" \/>\n<link rel=\"canonical\" href=\"https:\/\/www.lifenatura.com\/es\/produto\/colageno-tipo-1-y-3-con-vitamina-c-180-comprimidos-doctors-best\/\" \/>\n<meta property=\"og:locale\" content=\"es_ES\" \/>\n<meta property=\"og:type\" content=\"article\" \/>\n<meta property=\"og:title\" content=\"Col\u00e1geno Tipo 1 y 3 con Vitamina C 180 Comprimidos - Doctors Best - Lifenatura\" \/>\n<meta property=\"og:description\" content=\"Compre aqui o seu Col\u00e1geno Tipo 1 y 3 con Vitamina C 180 Comprimidos - Doctors Best e a Lifenatura Online envia em 48 H com Portes Gratis &gt;35\u20ac de Pedido.\" \/>\n<meta property=\"og:url\" content=\"https:\/\/www.lifenatura.com\/es\/produto\/colageno-tipo-1-y-3-con-vitamina-c-180-comprimidos-doctors-best\/\" \/>\n<meta property=\"og:site_name\" content=\"Lifenatura\" \/>\n<meta property=\"article:publisher\" content=\"https:\/\/www.facebook.com\/lifenatura\" \/>\n<meta property=\"article:modified_time\" content=\"2026-01-22T06:26:44+00:00\" \/>\n<meta property=\"og:image\" content=\"https:\/\/www.lifenatura.com\/wp-content\/uploads\/2026\/01\/colagenio-vitamina-c-dr-best.jpg\" \/>\n\t<meta property=\"og:image:width\" content=\"1000\" \/>\n\t<meta property=\"og:image:height\" content=\"1000\" \/>\n\t<meta property=\"og:image:type\" content=\"image\/jpeg\" \/>\n<meta name=\"twitter:card\" content=\"summary_large_image\" \/>\n<meta name=\"twitter:label1\" content=\"Precio\" \/>\n\t<meta name=\"twitter:data1\" content=\"28,96&nbsp;&euro;\" \/>\n\t<meta name=\"twitter:label2\" content=\"Disponibilidad\" \/>\n\t<meta name=\"twitter:data2\" content=\"Disponible\" \/>\n<meta property=\"product:price:amount\" content=\"28.96\" \/>\n<meta property=\"product:price:currency\" content=\"EUR\" \/>\n<meta property=\"og:availability\" content=\"instock\" \/>\n<meta property=\"product:availability\" content=\"instock\" \/>\n<meta property=\"product:retailer_item_id\" content=\"753950002043\" \/>\n<meta property=\"product:condition\" content=\"new\" \/>\n<!-- \/ Yoast SEO Premium plugin. -->","yoast_head_json":{"title":"Col\u00e1geno Tipo 1 y 3 con Vitamina C Doctors Best - Lifenatura","description":"Col\u00e1geno Tipo 1 y 3 con Vitamina C Doctor's Best - apoyo para la piel, las articulaciones y los huesos. Alta absorci\u00f3n y calidad superior.","robots":{"index":"index","follow":"follow","max-snippet":"max-snippet:-1","max-image-preview":"max-image-preview:large","max-video-preview":"max-video-preview:-1"},"canonical":"https:\/\/www.lifenatura.com\/es\/produto\/colageno-tipo-1-y-3-con-vitamina-c-180-comprimidos-doctors-best\/","og_locale":"es_ES","og_type":"article","og_title":"Col\u00e1geno Tipo 1 y 3 con Vitamina C 180 Comprimidos - Doctors Best - Lifenatura","og_description":"Compre aqui o seu Col\u00e1geno Tipo 1 y 3 con Vitamina C 180 Comprimidos - Doctors Best e a Lifenatura Online envia em 48 H com Portes Gratis >35\u20ac de Pedido.","og_url":"https:\/\/www.lifenatura.com\/es\/produto\/colageno-tipo-1-y-3-con-vitamina-c-180-comprimidos-doctors-best\/","og_site_name":"Lifenatura","article_publisher":"https:\/\/www.facebook.com\/lifenatura","article_modified_time":"2026-01-22T06:26:44+00:00","og_image":[{"width":1000,"height":1000,"url":"https:\/\/www.lifenatura.com\/wp-content\/uploads\/2026\/01\/colagenio-vitamina-c-dr-best.jpg","type":"image\/jpeg"}],"twitter_card":"summary_large_image","twitter_misc":{"Precio":"28,96&nbsp;&euro;","Disponibilidad":"Disponible"},"schema":{"@context":"https:\/\/schema.org","@graph":[{"@type":"WebPage","@id":"https:\/\/www.lifenatura.com\/es\/produto\/colageno-tipo-1-y-3-con-vitamina-c-180-comprimidos-doctors-best\/","url":"https:\/\/www.lifenatura.com\/es\/produto\/colageno-tipo-1-y-3-con-vitamina-c-180-comprimidos-doctors-best\/","name":"Col\u00e1geno Tipo 1 y 3 con Vitamina C Doctors Best - Lifenatura","isPartOf":{"@id":"https:\/\/www.lifenatura.com\/es\/#website"},"primaryImageOfPage":{"@id":"https:\/\/www.lifenatura.com\/es\/produto\/colageno-tipo-1-y-3-con-vitamina-c-180-comprimidos-doctors-best\/#primaryimage"},"image":{"@id":"https:\/\/www.lifenatura.com\/es\/produto\/colageno-tipo-1-y-3-con-vitamina-c-180-comprimidos-doctors-best\/#primaryimage"},"thumbnailUrl":"https:\/\/www.lifenatura.com\/wp-content\/uploads\/2026\/01\/colagenio-vitamina-c-dr-best.jpg","datePublished":"2026-01-19T13:31:28+00:00","dateModified":"2026-01-22T06:26:44+00:00","description":"Col\u00e1geno Tipo 1 y 3 con Vitamina C Doctor's Best - apoyo para la piel, las articulaciones y los huesos. Alta absorci\u00f3n y calidad superior.","breadcrumb":{"@id":"https:\/\/www.lifenatura.com\/es\/produto\/colageno-tipo-1-y-3-con-vitamina-c-180-comprimidos-doctors-best\/#breadcrumb"},"inLanguage":"es","potentialAction":[{"@type":"ReadAction","target":["https:\/\/www.lifenatura.com\/es\/produto\/colageno-tipo-1-y-3-con-vitamina-c-180-comprimidos-doctors-best\/"]}]},{"@type":"ImageObject","inLanguage":"es","@id":"https:\/\/www.lifenatura.com\/es\/produto\/colageno-tipo-1-y-3-con-vitamina-c-180-comprimidos-doctors-best\/#primaryimage","url":"https:\/\/www.lifenatura.com\/wp-content\/uploads\/2026\/01\/colagenio-vitamina-c-dr-best.jpg","contentUrl":"https:\/\/www.lifenatura.com\/wp-content\/uploads\/2026\/01\/colagenio-vitamina-c-dr-best.jpg","width":1000,"height":1000,"caption":"Col\u00e1geno tipo 1 y 3 con vitamina c de Drs Best"},{"@type":"BreadcrumbList","@id":"https:\/\/www.lifenatura.com\/es\/produto\/colageno-tipo-1-y-3-con-vitamina-c-180-comprimidos-doctors-best\/#breadcrumb","itemListElement":[{"@type":"ListItem","position":1,"name":"In\u00edcio","item":"https:\/\/www.lifenatura.com\/es\/"},{"@type":"ListItem","position":2,"name":"Todos los Productos","item":"https:\/\/www.lifenatura.com\/es\/tienda\/"},{"@type":"ListItem","position":3,"name":"Col\u00e1geno Tipo 1 y 3 con Vitamina C 180 Comprimidos &#8211; Doctors Best"}]},{"@type":"WebSite","@id":"https:\/\/www.lifenatura.com\/es\/#website","url":"https:\/\/www.lifenatura.com\/es\/","name":"Lifenatura","description":"A Lifenatura \u00e9 uma loja de produtos naturais, cosm\u00e9tica natural e alimenta\u00e7\u00e3o Biol\u00f3gica.","publisher":{"@id":"https:\/\/www.lifenatura.com\/es\/#organization"},"potentialAction":[{"@type":"SearchAction","target":{"@type":"EntryPoint","urlTemplate":"https:\/\/www.lifenatura.com\/es\/?s={search_term_string}"},"query-input":{"@type":"PropertyValueSpecification","valueRequired":true,"valueName":"search_term_string"}}],"inLanguage":"es"},{"@type":"Organization","@id":"https:\/\/www.lifenatura.com\/es\/#organization","name":"Lifenatura","url":"https:\/\/www.lifenatura.com\/es\/","logo":{"@type":"ImageObject","inLanguage":"es","@id":"https:\/\/www.lifenatura.com\/es\/#\/schema\/logo\/image\/","url":"https:\/\/www.lifenatura.com\/wp-content\/uploads\/2021\/11\/logo.png","contentUrl":"https:\/\/www.lifenatura.com\/wp-content\/uploads\/2021\/11\/logo.png","width":175,"height":55,"caption":"Lifenatura"},"image":{"@id":"https:\/\/www.lifenatura.com\/es\/#\/schema\/logo\/image\/"},"sameAs":["https:\/\/www.facebook.com\/lifenatura","https:\/\/www.instagram.com\/lifenaturapt\/"]}]},"product_price_amount":"28.96","product_price_currency":"EUR","og_availability":"instock","product_availability":"instock","product_retailer_item_id":"753950002043","product_condition":"new"},"df_price":28.96,"df_sale_price":"","df_regular_price":28.96,"df_image_link":"https:\/\/www.lifenatura.com\/wp-content\/uploads\/2026\/01\/colagenio-vitamina-c-dr-best-300x300.jpg","_links":{"self":[{"href":"https:\/\/www.lifenatura.com\/es\/wp-json\/wp\/v2\/product\/124680","targetHints":{"allow":["GET"]}}],"collection":[{"href":"https:\/\/www.lifenatura.com\/es\/wp-json\/wp\/v2\/product"}],"about":[{"href":"https:\/\/www.lifenatura.com\/es\/wp-json\/wp\/v2\/types\/product"}],"wp:featuredmedia":[{"embeddable":true,"href":"https:\/\/www.lifenatura.com\/es\/wp-json\/wp\/v2\/media\/124599"}],"wp:attachment":[{"href":"https:\/\/www.lifenatura.com\/es\/wp-json\/wp\/v2\/media?parent=124680"}],"wp:term":[{"taxonomy":"product_brand","embeddable":true,"href":"https:\/\/www.lifenatura.com\/es\/wp-json\/wp\/v2\/product_brand?post=124680"},{"taxonomy":"product_cat","embeddable":true,"href":"https:\/\/www.lifenatura.com\/es\/wp-json\/wp\/v2\/product_cat?post=124680"},{"taxonomy":"product_tag","embeddable":true,"href":"https:\/\/www.lifenatura.com\/es\/wp-json\/wp\/v2\/product_tag?post=124680"}],"curies":[{"name":"wp","href":"https:\/\/api.w.org\/{rel}","templated":true}]}}