{"id":124679,"date":"2026-01-19T10:39:59","date_gmt":"2026-01-19T10:39:59","guid":{"rendered":"https:\/\/www.lifenatura.com\/produto\/magnesio-duo-300mg-100-capsulas-vitalised\/"},"modified":"2026-01-22T06:25:26","modified_gmt":"2026-01-22T06:25:26","slug":"magnesio-duo-300mg-100-capsulas-vitalised","status":"publish","type":"product","link":"https:\/\/www.lifenatura.com\/es\/produto\/magnesio-duo-300mg-100-capsulas-vitalised\/","title":{"rendered":"Magnesio Duo 300mg 100 C\u00e1psulas &#8211; Vitalised"},"content":{"rendered":"<h2 style=\"text-align: left;\" data-start=\"171\" data-end=\"261\"><strong data-start=\"174\" data-end=\"261\">D\u00fao de Magnesio Vitalizado para la Relajaci\u00f3n Muscular y la Reducci\u00f3n de la Fatiga<\/strong><\/h2>\n<p>&nbsp;<\/p>\n<p data-start=\"298\" data-end=\"687\"><strong data-start=\"300\" data-end=\"316\">D\u00fao de magnesio<\/strong> vitalizado <strong data-start=\"320\" data-end=\"361\"><span class=\"hover:entity-accent entity-underline inline cursor-pointer align-baseline\"><span class=\"whitespace-normal\">Vitalised<\/span><\/span><\/strong> es un complemento alimenticio avanzado que combina <strong data-start=\"409\" data-end=\"451\">dos formas complementarias de magnesio<\/strong>, garantizando una <strong data-start=\"468\" data-end=\"487\">mejor absorci\u00f3n<\/strong> y una acci\u00f3n eficaz en el organismo. Esta f\u00f3rmula se ha desarrollado para favorecer la funci\u00f3n muscular y nerviosa normal, contribuir al metabolismo energ\u00e9tico y ayudar a reducir el cansancio y la fatiga.<\/p>\n<p data-start=\"689\" data-end=\"890\">El magnesio es un mineral esencial que interviene en cientos de reacciones bioqu\u00edmicas del cuerpo humano y es fundamental para la funci\u00f3n muscular, equilibrar el sistema nervioso y mantener el bienestar general.<\/p>\n<h3 data-start=\"897\" data-end=\"926\"><strong data-start=\"901\" data-end=\"926\">Principales ventajas<\/strong><\/h3>\n<ul data-start=\"927\" data-end=\"1258\">\n<li data-start=\"927\" data-end=\"980\">\n<p data-start=\"929\" data-end=\"980\">Ayuda a <strong data-start=\"946\" data-end=\"980\">reducir el cansancio y la fatiga<\/strong><\/p>\n<\/li>\n<li data-start=\"981\" data-end=\"1028\">\n<p data-start=\"983\" data-end=\"1028\">Favorece <strong data-start=\"991\" data-end=\"1028\">la funci\u00f3n muscular normal<\/strong><\/p>\n<\/li>\n<li data-start=\"1029\" data-end=\"1073\">\n<p data-start=\"1031\" data-end=\"1073\">Ayuda a <strong data-start=\"1040\" data-end=\"1073\">equilibrar el sistema nervioso<\/strong><\/p>\n<\/li>\n<li data-start=\"1074\" data-end=\"1126\">\n<p data-start=\"1076\" data-end=\"1126\">Contribuye al <strong data-start=\"1093\" data-end=\"1126\">metabolismo energ\u00e9tico normal<\/strong><\/p>\n<\/li>\n<li data-start=\"1127\" data-end=\"1166\">\n<p data-start=\"1129\" data-end=\"1166\">Favorece <strong data-start=\"1137\" data-end=\"1166\">la funci\u00f3n psicol\u00f3gica normal<\/strong><\/p>\n<\/li>\n<li data-start=\"1167\" data-end=\"1209\">\n<p data-start=\"1169\" data-end=\"1209\">Ayuda <strong data-start=\"1178\" data-end=\"1209\">a mantener los huesos normales<\/strong><\/p>\n<\/li>\n<li data-start=\"1210\" data-end=\"1258\">\n<p data-start=\"1212\" data-end=\"1258\">Doble f\u00f3rmula para <strong data-start=\"1229\" data-end=\"1258\">una mejor biodisponibilidad<\/strong><\/p>\n<\/li>\n<\/ul>\n<h3 data-start=\"1265\" data-end=\"1296\"><strong data-start=\"1269\" data-end=\"1296\">A qui\u00e9n va dirigido<\/strong><\/h3>\n<p data-start=\"1297\" data-end=\"1329\">Este suplemento est\u00e1 indicado para<\/p>\n<ul data-start=\"1330\" data-end=\"1604\">\n<li data-start=\"1330\" data-end=\"1374\">\n<p data-start=\"1332\" data-end=\"1374\">Personas con <strong data-start=\"1344\" data-end=\"1374\">calambres o tensi\u00f3n muscular<\/strong><\/p>\n<\/li>\n<li data-start=\"1375\" data-end=\"1418\">\n<p data-start=\"1377\" data-end=\"1418\">Los que sufren <strong data-start=\"1391\" data-end=\"1418\">fatiga f\u00edsica o mental<\/strong><\/p>\n<\/li>\n<li data-start=\"1419\" data-end=\"1462\">\n<p data-start=\"1421\" data-end=\"1462\">Personas con altos niveles de <strong data-start=\"1452\" data-end=\"1462\">estr\u00e9s<\/strong><\/p>\n<\/li>\n<li data-start=\"1463\" data-end=\"1508\">\n<p data-start=\"1465\" data-end=\"1508\">Deportistas o personas f\u00edsicamente activas<\/p>\n<\/li>\n<li data-start=\"1509\" data-end=\"1543\">\n<p data-start=\"1511\" data-end=\"1543\">Adultos con deficiencia de magnesio<\/p>\n<\/li>\n<li data-start=\"1544\" data-end=\"1604\">\n<p data-start=\"1546\" data-end=\"1604\">Aquellos que buscan apoyo para la <strong data-start=\"1570\" data-end=\"1604\">relajaci\u00f3n y el bienestar diario<\/strong><\/p>\n<\/li>\n<\/ul>\n<blockquote data-start=\"1606\" data-end=\"1719\">\n<p data-start=\"1608\" data-end=\"1719\">Magnesio Duo contiene 100 mg de magnesio altamente absorbible, combinando glicinato de magnesio suave con Simag\u00ae marino para una absorci\u00f3n completa a lo largo del d\u00eda.<\/p>\n<p data-start=\"1608\" data-end=\"1719\">Vegano, sin gluten y no contiene colorantes, aromatizantes, conservantes ni aditivos innecesarios.<\/p>\n<p data-start=\"1608\" data-end=\"1719\"><strong>PRESENTACI\u00d3N<\/strong><\/p>\n<p data-start=\"1608\" data-end=\"1719\">100 c\u00e1psulas<\/p>\n<p data-start=\"1608\" data-end=\"1719\">\n<\/blockquote>\n","protected":false},"excerpt":{"rendered":"<p>El Magnesio D\u00fao Vitalizado ayuda a reducir el cansancio, favorece los m\u00fasculos y el sistema nervioso con una alta absorci\u00f3n, ideal para deportistas. [&#8230;]<\/p>\n<p><a class=\"btn btn-secondary understrap-read-more-link\" href=\"https:\/\/www.lifenatura.com\/es\/produto\/magnesio-duo-300mg-100-capsulas-vitalised\/\">Leer m\u00e1s&#8230;<span class=\"screen-reader-text\"> from Magnesio Duo 300mg 100 C\u00e1psulas &#8211; Vitalised<\/span><\/a><\/p>\n","protected":false},"featured_media":124589,"template":"","meta":{"_acf_changed":false},"product_brand":[8357],"product_cat":[7659,7740,7206,7179,7883],"product_tag":[],"class_list":{"0":"post-124679","1":"product","2":"type-product","3":"status-publish","4":"has-post-thumbnail","6":"product_brand-vitalized-es","7":"product_cat-ingrediente-natural-bio","8":"product_cat-magnesio-es","9":"product_cat-musculos-salud","10":"product_cat-salud","11":"product_cat-suplementos-alimenticios","13":"first","14":"instock","15":"shipping-taxable","16":"purchasable","17":"product-type-simple","18":"add-to-wishlist-before_image"},"acf":[],"yoast_head":"<!-- This site is optimized with the Yoast SEO Premium plugin v27.1 (Yoast SEO v27.4) - https:\/\/yoast.com\/product\/yoast-seo-premium-wordpress\/ -->\n<title>Magnesio Duo 300mg 100 C\u00e1psulas - Vitalised - Lifenatura<\/title>\n<meta name=\"description\" content=\"El Magnesio D\u00fao Vitalizado ayuda a reducir el cansancio, favorece los m\u00fasculos y el sistema nervioso con una alta absorci\u00f3n, ideal para deportistas.\" \/>\n<meta name=\"robots\" content=\"index, follow, max-snippet:-1, max-image-preview:large, max-video-preview:-1\" \/>\n<link rel=\"canonical\" href=\"https:\/\/www.lifenatura.com\/es\/produto\/magnesio-duo-300mg-100-capsulas-vitalised\/\" \/>\n<meta property=\"og:locale\" content=\"es_ES\" \/>\n<meta property=\"og:type\" content=\"article\" \/>\n<meta property=\"og:title\" content=\"Magnesio Duo 300mg 100 C\u00e1psulas - Vitalised - Lifenatura\" \/>\n<meta property=\"og:description\" content=\"Compre aqui o seu Magnesio Duo 300mg 100 C\u00e1psulas - Vitalised e a Lifenatura Online envia em 48 H com Portes Gratis &gt;35\u20ac de Pedido.\" \/>\n<meta property=\"og:url\" content=\"https:\/\/www.lifenatura.com\/es\/produto\/magnesio-duo-300mg-100-capsulas-vitalised\/\" \/>\n<meta property=\"og:site_name\" content=\"Lifenatura\" \/>\n<meta property=\"article:publisher\" content=\"https:\/\/www.facebook.com\/lifenatura\" \/>\n<meta property=\"article:modified_time\" content=\"2026-01-22T06:25:26+00:00\" \/>\n<meta property=\"og:image\" content=\"https:\/\/www.lifenatura.com\/wp-content\/uploads\/2026\/01\/magnesium-duo-vitalized.jpg\" \/>\n\t<meta property=\"og:image:width\" content=\"1000\" \/>\n\t<meta property=\"og:image:height\" content=\"1000\" \/>\n\t<meta property=\"og:image:type\" content=\"image\/jpeg\" \/>\n<meta name=\"twitter:card\" content=\"summary_large_image\" \/>\n<meta name=\"twitter:label1\" content=\"Precio\" \/>\n\t<meta name=\"twitter:data1\" content=\"19,71&nbsp;&euro;\" \/>\n\t<meta name=\"twitter:label2\" content=\"Disponibilidad\" \/>\n\t<meta name=\"twitter:data2\" content=\"Disponible\" \/>\n<meta property=\"product:price:amount\" content=\"19.71\" \/>\n<meta property=\"product:price:currency\" content=\"EUR\" \/>\n<meta property=\"og:availability\" content=\"instock\" \/>\n<meta property=\"product:availability\" content=\"instock\" \/>\n<meta property=\"product:retailer_item_id\" content=\"8720648297908\" \/>\n<meta property=\"product:condition\" content=\"new\" \/>\n<!-- \/ Yoast SEO Premium plugin. -->","yoast_head_json":{"title":"Magnesio Duo 300mg 100 C\u00e1psulas - Vitalised - Lifenatura","description":"El Magnesio D\u00fao Vitalizado ayuda a reducir el cansancio, favorece los m\u00fasculos y el sistema nervioso con una alta absorci\u00f3n, ideal para deportistas.","robots":{"index":"index","follow":"follow","max-snippet":"max-snippet:-1","max-image-preview":"max-image-preview:large","max-video-preview":"max-video-preview:-1"},"canonical":"https:\/\/www.lifenatura.com\/es\/produto\/magnesio-duo-300mg-100-capsulas-vitalised\/","og_locale":"es_ES","og_type":"article","og_title":"Magnesio Duo 300mg 100 C\u00e1psulas - Vitalised - Lifenatura","og_description":"Compre aqui o seu Magnesio Duo 300mg 100 C\u00e1psulas - Vitalised e a Lifenatura Online envia em 48 H com Portes Gratis >35\u20ac de Pedido.","og_url":"https:\/\/www.lifenatura.com\/es\/produto\/magnesio-duo-300mg-100-capsulas-vitalised\/","og_site_name":"Lifenatura","article_publisher":"https:\/\/www.facebook.com\/lifenatura","article_modified_time":"2026-01-22T06:25:26+00:00","og_image":[{"width":1000,"height":1000,"url":"https:\/\/www.lifenatura.com\/wp-content\/uploads\/2026\/01\/magnesium-duo-vitalized.jpg","type":"image\/jpeg"}],"twitter_card":"summary_large_image","twitter_misc":{"Precio":"19,71&nbsp;&euro;","Disponibilidad":"Disponible"},"schema":{"@context":"https:\/\/schema.org","@graph":[{"@type":"WebPage","@id":"https:\/\/www.lifenatura.com\/es\/produto\/magnesio-duo-300mg-100-capsulas-vitalised\/","url":"https:\/\/www.lifenatura.com\/es\/produto\/magnesio-duo-300mg-100-capsulas-vitalised\/","name":"Magnesio Duo 300mg 100 C\u00e1psulas - Vitalised - Lifenatura","isPartOf":{"@id":"https:\/\/www.lifenatura.com\/es\/#website"},"primaryImageOfPage":{"@id":"https:\/\/www.lifenatura.com\/es\/produto\/magnesio-duo-300mg-100-capsulas-vitalised\/#primaryimage"},"image":{"@id":"https:\/\/www.lifenatura.com\/es\/produto\/magnesio-duo-300mg-100-capsulas-vitalised\/#primaryimage"},"thumbnailUrl":"https:\/\/www.lifenatura.com\/wp-content\/uploads\/2026\/01\/magnesium-duo-vitalized.jpg","datePublished":"2026-01-19T10:39:59+00:00","dateModified":"2026-01-22T06:25:26+00:00","description":"El Magnesio D\u00fao Vitalizado ayuda a reducir el cansancio, favorece los m\u00fasculos y el sistema nervioso con una alta absorci\u00f3n, ideal para deportistas.","breadcrumb":{"@id":"https:\/\/www.lifenatura.com\/es\/produto\/magnesio-duo-300mg-100-capsulas-vitalised\/#breadcrumb"},"inLanguage":"es","potentialAction":[{"@type":"ReadAction","target":["https:\/\/www.lifenatura.com\/es\/produto\/magnesio-duo-300mg-100-capsulas-vitalised\/"]}]},{"@type":"ImageObject","inLanguage":"es","@id":"https:\/\/www.lifenatura.com\/es\/produto\/magnesio-duo-300mg-100-capsulas-vitalised\/#primaryimage","url":"https:\/\/www.lifenatura.com\/wp-content\/uploads\/2026\/01\/magnesium-duo-vitalized.jpg","contentUrl":"https:\/\/www.lifenatura.com\/wp-content\/uploads\/2026\/01\/magnesium-duo-vitalized.jpg","width":1000,"height":1000,"caption":"D\u00fao de Magnesio de Vitalized"},{"@type":"BreadcrumbList","@id":"https:\/\/www.lifenatura.com\/es\/produto\/magnesio-duo-300mg-100-capsulas-vitalised\/#breadcrumb","itemListElement":[{"@type":"ListItem","position":1,"name":"In\u00edcio","item":"https:\/\/www.lifenatura.com\/es\/"},{"@type":"ListItem","position":2,"name":"Todos los Productos","item":"https:\/\/www.lifenatura.com\/es\/tienda\/"},{"@type":"ListItem","position":3,"name":"Magnesio Duo 300mg 100 C\u00e1psulas &#8211; Vitalised"}]},{"@type":"WebSite","@id":"https:\/\/www.lifenatura.com\/es\/#website","url":"https:\/\/www.lifenatura.com\/es\/","name":"Lifenatura","description":"A Lifenatura \u00e9 uma loja de produtos naturais, cosm\u00e9tica natural e alimenta\u00e7\u00e3o Biol\u00f3gica.","publisher":{"@id":"https:\/\/www.lifenatura.com\/es\/#organization"},"potentialAction":[{"@type":"SearchAction","target":{"@type":"EntryPoint","urlTemplate":"https:\/\/www.lifenatura.com\/es\/?s={search_term_string}"},"query-input":{"@type":"PropertyValueSpecification","valueRequired":true,"valueName":"search_term_string"}}],"inLanguage":"es"},{"@type":"Organization","@id":"https:\/\/www.lifenatura.com\/es\/#organization","name":"Lifenatura","url":"https:\/\/www.lifenatura.com\/es\/","logo":{"@type":"ImageObject","inLanguage":"es","@id":"https:\/\/www.lifenatura.com\/es\/#\/schema\/logo\/image\/","url":"https:\/\/www.lifenatura.com\/wp-content\/uploads\/2021\/11\/logo.png","contentUrl":"https:\/\/www.lifenatura.com\/wp-content\/uploads\/2021\/11\/logo.png","width":175,"height":55,"caption":"Lifenatura"},"image":{"@id":"https:\/\/www.lifenatura.com\/es\/#\/schema\/logo\/image\/"},"sameAs":["https:\/\/www.facebook.com\/lifenatura","https:\/\/www.instagram.com\/lifenaturapt\/"]}]},"product_price_amount":"19.71","product_price_currency":"EUR","og_availability":"instock","product_availability":"instock","product_retailer_item_id":"8720648297908","product_condition":"new"},"df_price":19.71,"df_sale_price":"","df_regular_price":19.71,"df_image_link":"https:\/\/www.lifenatura.com\/wp-content\/uploads\/2026\/01\/magnesium-duo-vitalized-300x300.jpg","_links":{"self":[{"href":"https:\/\/www.lifenatura.com\/es\/wp-json\/wp\/v2\/product\/124679","targetHints":{"allow":["GET"]}}],"collection":[{"href":"https:\/\/www.lifenatura.com\/es\/wp-json\/wp\/v2\/product"}],"about":[{"href":"https:\/\/www.lifenatura.com\/es\/wp-json\/wp\/v2\/types\/product"}],"wp:featuredmedia":[{"embeddable":true,"href":"https:\/\/www.lifenatura.com\/es\/wp-json\/wp\/v2\/media\/124589"}],"wp:attachment":[{"href":"https:\/\/www.lifenatura.com\/es\/wp-json\/wp\/v2\/media?parent=124679"}],"wp:term":[{"taxonomy":"product_brand","embeddable":true,"href":"https:\/\/www.lifenatura.com\/es\/wp-json\/wp\/v2\/product_brand?post=124679"},{"taxonomy":"product_cat","embeddable":true,"href":"https:\/\/www.lifenatura.com\/es\/wp-json\/wp\/v2\/product_cat?post=124679"},{"taxonomy":"product_tag","embeddable":true,"href":"https:\/\/www.lifenatura.com\/es\/wp-json\/wp\/v2\/product_tag?post=124679"}],"curies":[{"name":"wp","href":"https:\/\/api.w.org\/{rel}","templated":true}]}}