{"id":124677,"date":"2026-01-19T07:50:07","date_gmt":"2026-01-19T07:50:07","guid":{"rendered":"https:\/\/www.lifenatura.com\/produto\/gaba-100mg-60-capsulas-life-extension\/"},"modified":"2026-04-15T23:42:03","modified_gmt":"2026-04-15T23:42:03","slug":"gaba-100mg-60-capsulas-life-extension","status":"publish","type":"product","link":"https:\/\/www.lifenatura.com\/es\/produto\/gaba-100mg-60-capsulas-life-extension\/","title":{"rendered":"Gaba 100mg 60 C\u00e1psulas &#8211; Life Extension"},"content":{"rendered":"<h2 style=\"text-align: left;\" data-start=\"0\" data-end=\"62\"><strong>Relajaci\u00f3n mental y equilibrio del sistema nervioso con GABA<\/strong><\/h2>\n<p>&nbsp;<\/p>\n<p data-start=\"64\" data-end=\"595\"><strong data-start=\"66\" data-end=\"115\">El GABA de <span class=\"hover:entity-accent entity-underline inline cursor-pointer align-baseline\"><span class=\"whitespace-normal\">Life<\/span><\/span> Extension<\/strong> es un complemento alimenticio formulado para favorecer la relajaci\u00f3n mental, el equilibrio del sistema nervioso y el bienestar emocional. El GABA (\u00e1cido gamma-aminobut\u00edrico) es un neurotransmisor producido naturalmente por el organismo y desempe\u00f1a un papel esencial en la regulaci\u00f3n de la actividad neuronal, ayudando a promover una sensaci\u00f3n de calma, tranquilidad y control del estr\u00e9s diario. <\/p>\n<p data-start=\"64\" data-end=\"595\">Su suplementaci\u00f3n puede ser especialmente \u00fatil en contextos de mayor exigencia mental o emocional.<\/p>\n<p data-start=\"597\" data-end=\"1124\">La f\u00f3rmula de Life Extension destaca por su alta calidad y rigor cient\u00edfico, ofreciendo GABA puro, cuidadosamente seleccionado para garantizar su eficacia y seguridad. Al ayudar a reducir la hiperestimulaci\u00f3n nerviosa, este suplemento contribuye a crear un estado de relajaci\u00f3n sin causar somnolencia excesiva, y es adecuado tanto para el d\u00eda como para la noche. <\/p>\n<p data-start=\"597\" data-end=\"1124\">Puede integrarse en una rutina de bienestar con el objetivo de apoyar la gesti\u00f3n del estr\u00e9s, mejorar la capacidad de relajaci\u00f3n y favorecer un descanso m\u00e1s tranquilo.<\/p>\n<p data-start=\"1126\" data-end=\"1446\">El GABA lo utilizan a menudo las personas que experimentan una tensi\u00f3n mental constante, dificultad para desconectar tras un d\u00eda intenso o una necesidad de mayor equilibrio emocional. Es un enfoque natural, no sedante, para favorecer la serenidad y el bienestar mental, respetando al mismo tiempo el funcionamiento fisiol\u00f3gico del organismo. <\/p>\n<h3 data-start=\"1448\" data-end=\"1473\">Principales ventajas<\/h3>\n<ul data-start=\"1474\" data-end=\"1919\">\n<li data-start=\"1474\" data-end=\"1548\">\n<p data-start=\"1476\" data-end=\"1548\"><strong data-start=\"1476\" data-end=\"1508\">Favorece la relajaci\u00f3n mental<\/strong>, ayudando a reducir la tensi\u00f3n nerviosa.<\/p>\n<\/li>\n<li data-start=\"1549\" data-end=\"1631\">\n<p data-start=\"1551\" data-end=\"1631\"><strong data-start=\"1551\" data-end=\"1592\">Favorece el equilibrio del sistema nervioso<\/strong>, contribuyendo a una mayor serenidad.<\/p>\n<\/li>\n<li data-start=\"1632\" data-end=\"1701\">\n<p data-start=\"1634\" data-end=\"1701\"><strong data-start=\"1634\" data-end=\"1670\">Ayuda a controlar el estr\u00e9s diario<\/strong> sin un fuerte efecto sedante.<\/p>\n<\/li>\n<li data-start=\"1702\" data-end=\"1786\">\n<p data-start=\"1704\" data-end=\"1786\"><strong data-start=\"1704\" data-end=\"1749\">Puede favorecer un descanso m\u00e1s tranquilo<\/strong> si se utiliza al final del d\u00eda.<\/p>\n<\/li>\n<li data-start=\"1787\" data-end=\"1851\">\n<p data-start=\"1789\" data-end=\"1851\"><strong data-start=\"1789\" data-end=\"1817\">F\u00f3rmula sencilla y eficaz<\/strong> con GABA de alta calidad.<\/p>\n<\/li>\n<li data-start=\"1852\" data-end=\"1919\">\n<p data-start=\"1854\" data-end=\"1919\"><strong data-start=\"1854\" data-end=\"1883\">Adecuado para un uso regular<\/strong> como apoyo al bienestar emocional.<\/p>\n<\/li>\n<\/ul>\n<h3 data-start=\"1921\" data-end=\"1938\">Adecuado para<\/h3>\n<p data-start=\"1939\" data-end=\"1985\">El GABA de Life Extension se recomienda para:<\/p>\n<ul data-start=\"1986\" data-end=\"2234\">\n<li data-start=\"1986\" data-end=\"2049\">\n<p data-start=\"1988\" data-end=\"2049\">Personas con <strong data-start=\"2000\" data-end=\"2046\">estr\u00e9s, ansiedad leve o tensi\u00f3n mental<\/strong>.<\/p>\n<\/li>\n<li data-start=\"2050\" data-end=\"2114\">\n<p data-start=\"2052\" data-end=\"2114\">Cualquier persona a la que le resulte dif\u00edcil relajarse o &#8220;desconectar&#8221; mentalmente.<\/p>\n<\/li>\n<li data-start=\"2115\" data-end=\"2170\">\n<p data-start=\"2117\" data-end=\"2170\">Fases de mayor exigencia emocional o profesional.<\/p>\n<\/li>\n<li data-start=\"2171\" data-end=\"2234\">\n<p data-start=\"2173\" data-end=\"2234\">Adultos que buscan <strong data-start=\"2194\" data-end=\"2233\">un apoyo natural para el equilibrio nervioso<\/strong>.<\/p>\n<\/li>\n<\/ul>\n<p><strong>PRESENTACI\u00d3N<\/strong><\/p>\n<p>60 c\u00e1psulas<\/p>\n<p>&nbsp;<\/p>\n","protected":false},"excerpt":{"rendered":"<p>GABA Life Extension: apoyo natural para la relajaci\u00f3n mental y el equilibrio del sistema nervioso. Ideal para reducir el estr\u00e9s y fomentar el bienestar emocional diario.  [&#8230;]<\/p>\n<p><a class=\"btn btn-secondary understrap-read-more-link\" href=\"https:\/\/www.lifenatura.com\/es\/produto\/gaba-100mg-60-capsulas-life-extension\/\">Leer m\u00e1s&#8230;<span class=\"screen-reader-text\"> from Gaba 100mg 60 C\u00e1psulas &#8211; Life Extension<\/span><\/a><\/p>\n","protected":false},"featured_media":133413,"template":"","meta":{"_acf_changed":false},"product_brand":[8339],"product_cat":[7213,7179,7883],"product_tag":[],"class_list":{"0":"post-124677","1":"product","2":"type-product","3":"status-publish","4":"has-post-thumbnail","6":"product_brand-life-extension-es","7":"product_cat-ansiedad-y-depresion","8":"product_cat-salud","9":"product_cat-suplementos-alimenticios","11":"first","12":"instock","13":"sale","14":"featured","15":"shipping-taxable","16":"purchasable","17":"product-type-simple","18":"add-to-wishlist-before_image"},"acf":[],"yoast_head":"<!-- This site is optimized with the Yoast SEO Premium plugin v27.1 (Yoast SEO v27.4) - https:\/\/yoast.com\/product\/yoast-seo-premium-wordpress\/ -->\n<title>Gaba 100mg 60 C\u00e1psulas - Life Extension - Lifenatura<\/title>\n<meta name=\"description\" content=\"GABA Life Extension: apoyo natural para la relajaci\u00f3n mental y el equilibrio del sistema nervioso. Ideal para reducir el estr\u00e9s y fomentar el bienestar emocional diario.\" \/>\n<meta name=\"robots\" content=\"index, follow, max-snippet:-1, max-image-preview:large, max-video-preview:-1\" \/>\n<link rel=\"canonical\" href=\"https:\/\/www.lifenatura.com\/es\/produto\/gaba-100mg-60-capsulas-life-extension\/\" \/>\n<meta property=\"og:locale\" content=\"es_ES\" \/>\n<meta property=\"og:type\" content=\"article\" \/>\n<meta property=\"og:title\" content=\"Gaba 100mg 60 C\u00e1psulas - Life Extension - Lifenatura\" \/>\n<meta property=\"og:description\" content=\"Compre aqui o seu Gaba 100mg 60 C\u00e1psulas - Life Extension e a Lifenatura Online envia em 48 H com Portes Gratis &gt;35\u20ac de Pedido.\" \/>\n<meta property=\"og:url\" content=\"https:\/\/www.lifenatura.com\/es\/produto\/gaba-100mg-60-capsulas-life-extension\/\" \/>\n<meta property=\"og:site_name\" content=\"Lifenatura\" \/>\n<meta property=\"article:publisher\" content=\"https:\/\/www.facebook.com\/lifenatura\" \/>\n<meta property=\"article:modified_time\" content=\"2026-04-15T23:42:03+00:00\" \/>\n<meta property=\"og:image\" content=\"https:\/\/www.lifenatura.com\/wp-content\/uploads\/2026\/04\/gaba-100mg-life-extension.jpg.webp\" \/>\n\t<meta property=\"og:image:width\" content=\"1000\" \/>\n\t<meta property=\"og:image:height\" content=\"1000\" \/>\n\t<meta property=\"og:image:type\" content=\"image\/webp\" \/>\n<meta name=\"twitter:card\" content=\"summary_large_image\" \/>\n<meta name=\"twitter:label1\" content=\"Precio\" \/>\n\t<meta name=\"twitter:data1\" content=\"24,45&nbsp;&euro;\" \/>\n\t<meta name=\"twitter:label2\" content=\"Disponibilidad\" \/>\n\t<meta name=\"twitter:data2\" content=\"Disponible\" \/>\n<meta property=\"product:price:amount\" content=\"24.45\" \/>\n<meta property=\"product:price:currency\" content=\"EUR\" \/>\n<meta property=\"og:availability\" content=\"instock\" \/>\n<meta property=\"product:availability\" content=\"instock\" \/>\n<meta property=\"product:retailer_item_id\" content=\"737870254263\" \/>\n<meta property=\"product:condition\" content=\"new\" \/>\n<!-- \/ Yoast SEO Premium plugin. -->","yoast_head_json":{"title":"Gaba 100mg 60 C\u00e1psulas - Life Extension - Lifenatura","description":"GABA Life Extension: apoyo natural para la relajaci\u00f3n mental y el equilibrio del sistema nervioso. Ideal para reducir el estr\u00e9s y fomentar el bienestar emocional diario.","robots":{"index":"index","follow":"follow","max-snippet":"max-snippet:-1","max-image-preview":"max-image-preview:large","max-video-preview":"max-video-preview:-1"},"canonical":"https:\/\/www.lifenatura.com\/es\/produto\/gaba-100mg-60-capsulas-life-extension\/","og_locale":"es_ES","og_type":"article","og_title":"Gaba 100mg 60 C\u00e1psulas - Life Extension - Lifenatura","og_description":"Compre aqui o seu Gaba 100mg 60 C\u00e1psulas - Life Extension e a Lifenatura Online envia em 48 H com Portes Gratis >35\u20ac de Pedido.","og_url":"https:\/\/www.lifenatura.com\/es\/produto\/gaba-100mg-60-capsulas-life-extension\/","og_site_name":"Lifenatura","article_publisher":"https:\/\/www.facebook.com\/lifenatura","article_modified_time":"2026-04-15T23:42:03+00:00","og_image":[{"width":1000,"height":1000,"url":"https:\/\/www.lifenatura.com\/wp-content\/uploads\/2026\/04\/gaba-100mg-life-extension.jpg.webp","type":"image\/webp"}],"twitter_card":"summary_large_image","twitter_misc":{"Precio":"24,45&nbsp;&euro;","Disponibilidad":"Disponible"},"schema":{"@context":"https:\/\/schema.org","@graph":[{"@type":"WebPage","@id":"https:\/\/www.lifenatura.com\/es\/produto\/gaba-100mg-60-capsulas-life-extension\/","url":"https:\/\/www.lifenatura.com\/es\/produto\/gaba-100mg-60-capsulas-life-extension\/","name":"Gaba 100mg 60 C\u00e1psulas - Life Extension - Lifenatura","isPartOf":{"@id":"https:\/\/www.lifenatura.com\/es\/#website"},"primaryImageOfPage":{"@id":"https:\/\/www.lifenatura.com\/es\/produto\/gaba-100mg-60-capsulas-life-extension\/#primaryimage"},"image":{"@id":"https:\/\/www.lifenatura.com\/es\/produto\/gaba-100mg-60-capsulas-life-extension\/#primaryimage"},"thumbnailUrl":"https:\/\/www.lifenatura.com\/wp-content\/uploads\/2026\/04\/gaba-100mg-life-extension.jpg.webp","datePublished":"2026-01-19T07:50:07+00:00","dateModified":"2026-04-15T23:42:03+00:00","description":"GABA Life Extension: apoyo natural para la relajaci\u00f3n mental y el equilibrio del sistema nervioso. Ideal para reducir el estr\u00e9s y fomentar el bienestar emocional diario.","breadcrumb":{"@id":"https:\/\/www.lifenatura.com\/es\/produto\/gaba-100mg-60-capsulas-life-extension\/#breadcrumb"},"inLanguage":"es","potentialAction":[{"@type":"ReadAction","target":["https:\/\/www.lifenatura.com\/es\/produto\/gaba-100mg-60-capsulas-life-extension\/"]}]},{"@type":"ImageObject","inLanguage":"es","@id":"https:\/\/www.lifenatura.com\/es\/produto\/gaba-100mg-60-capsulas-life-extension\/#primaryimage","url":"https:\/\/www.lifenatura.com\/wp-content\/uploads\/2026\/04\/gaba-100mg-life-extension.jpg.webp","contentUrl":"https:\/\/www.lifenatura.com\/wp-content\/uploads\/2026\/04\/gaba-100mg-life-extension.jpg.webp","width":1000,"height":1000},{"@type":"BreadcrumbList","@id":"https:\/\/www.lifenatura.com\/es\/produto\/gaba-100mg-60-capsulas-life-extension\/#breadcrumb","itemListElement":[{"@type":"ListItem","position":1,"name":"In\u00edcio","item":"https:\/\/www.lifenatura.com\/es\/"},{"@type":"ListItem","position":2,"name":"Todos los Productos","item":"https:\/\/www.lifenatura.com\/es\/tienda\/"},{"@type":"ListItem","position":3,"name":"Gaba 100mg 60 C\u00e1psulas &#8211; Life Extension"}]},{"@type":"WebSite","@id":"https:\/\/www.lifenatura.com\/es\/#website","url":"https:\/\/www.lifenatura.com\/es\/","name":"Lifenatura","description":"A Lifenatura \u00e9 uma loja de produtos naturais, cosm\u00e9tica natural e alimenta\u00e7\u00e3o Biol\u00f3gica.","publisher":{"@id":"https:\/\/www.lifenatura.com\/es\/#organization"},"potentialAction":[{"@type":"SearchAction","target":{"@type":"EntryPoint","urlTemplate":"https:\/\/www.lifenatura.com\/es\/?s={search_term_string}"},"query-input":{"@type":"PropertyValueSpecification","valueRequired":true,"valueName":"search_term_string"}}],"inLanguage":"es"},{"@type":"Organization","@id":"https:\/\/www.lifenatura.com\/es\/#organization","name":"Lifenatura","url":"https:\/\/www.lifenatura.com\/es\/","logo":{"@type":"ImageObject","inLanguage":"es","@id":"https:\/\/www.lifenatura.com\/es\/#\/schema\/logo\/image\/","url":"https:\/\/www.lifenatura.com\/wp-content\/uploads\/2021\/11\/logo.png","contentUrl":"https:\/\/www.lifenatura.com\/wp-content\/uploads\/2021\/11\/logo.png","width":175,"height":55,"caption":"Lifenatura"},"image":{"@id":"https:\/\/www.lifenatura.com\/es\/#\/schema\/logo\/image\/"},"sameAs":["https:\/\/www.facebook.com\/lifenatura","https:\/\/www.instagram.com\/lifenaturapt\/"]}]},"product_price_amount":"24.45","product_price_currency":"EUR","og_availability":"instock","product_availability":"instock","product_retailer_item_id":"737870254263","product_condition":"new"},"df_price":24.45,"df_sale_price":24.45,"df_regular_price":29.06,"df_image_link":"https:\/\/www.lifenatura.com\/wp-content\/uploads\/2026\/04\/gaba-100mg-life-extension.jpg-300x300.webp","_links":{"self":[{"href":"https:\/\/www.lifenatura.com\/es\/wp-json\/wp\/v2\/product\/124677","targetHints":{"allow":["GET"]}}],"collection":[{"href":"https:\/\/www.lifenatura.com\/es\/wp-json\/wp\/v2\/product"}],"about":[{"href":"https:\/\/www.lifenatura.com\/es\/wp-json\/wp\/v2\/types\/product"}],"wp:featuredmedia":[{"embeddable":true,"href":"https:\/\/www.lifenatura.com\/es\/wp-json\/wp\/v2\/media\/133413"}],"wp:attachment":[{"href":"https:\/\/www.lifenatura.com\/es\/wp-json\/wp\/v2\/media?parent=124677"}],"wp:term":[{"taxonomy":"product_brand","embeddable":true,"href":"https:\/\/www.lifenatura.com\/es\/wp-json\/wp\/v2\/product_brand?post=124677"},{"taxonomy":"product_cat","embeddable":true,"href":"https:\/\/www.lifenatura.com\/es\/wp-json\/wp\/v2\/product_cat?post=124677"},{"taxonomy":"product_tag","embeddable":true,"href":"https:\/\/www.lifenatura.com\/es\/wp-json\/wp\/v2\/product_tag?post=124677"}],"curies":[{"name":"wp","href":"https:\/\/api.w.org\/{rel}","templated":true}]}}