{"id":124676,"date":"2026-01-19T10:30:56","date_gmt":"2026-01-19T10:30:56","guid":{"rendered":"https:\/\/www.lifenatura.com\/produto\/nad-puro-90-capsulas-vitalised\/"},"modified":"2026-01-22T06:23:33","modified_gmt":"2026-01-22T06:23:33","slug":"nad-puro-90-capsulas-vitalised","status":"publish","type":"product","link":"https:\/\/www.lifenatura.com\/es\/produto\/nad-puro-90-capsulas-vitalised\/","title":{"rendered":"NAD+ Puro 90 C\u00e1psulas &#8211; Vitalised"},"content":{"rendered":"<h2 style=\"text-align: left;\" data-start=\"171\" data-end=\"248\"><strong data-start=\"174\" data-end=\"248\">NAD+ Puro Vitalizado para una Energ\u00eda Celular Pura y Vitalidad Diaria<\/strong><\/h2>\n<p>&nbsp;<\/p>\n<p data-start=\"285\" data-end=\"701\"><strong data-start=\"287\" data-end=\"300\">NAD+ Puro<\/strong> de <strong data-start=\"304\" data-end=\"345\"><span class=\"hover:entity-accent entity-underline inline cursor-pointer align-baseline\"><span class=\"whitespace-normal\">Vitalised<\/span><\/span><\/strong> es un complemento alimenticio formulado para apoyar directamente <strong data-start=\"409\" data-end=\"428\">la energ\u00eda celular<\/strong> y el metabolismo energ\u00e9tico. Con una f\u00f3rmula centrada en la <strong data-start=\"483\" data-end=\"508\">pureza y la sencillez<\/strong>, se ha desarrollado para quienes buscan un apoyo eficaz para los niveles de <strong data-start=\"577\" data-end=\"621\">NAD+ (Nicotinamida Adenina Dinucle\u00f3tido)<\/strong>, una coenzima esencial para la funci\u00f3n celular y la producci\u00f3n de energ\u00eda.<\/p>\n<p data-start=\"703\" data-end=\"948\">Los niveles de NAD+ tienden a disminuir con la edad y el estr\u00e9s f\u00edsico y mental, y pueden afectar a la vitalidad, la concentraci\u00f3n y el rendimiento general. NAD+ Puro es ideal para un enfoque directo y consciente de la salud celular y el bienestar diario.<\/p>\n<h3 data-start=\"955\" data-end=\"984\"><strong data-start=\"959\" data-end=\"984\">Principales ventajas<\/strong><\/h3>\n<ul data-start=\"985\" data-end=\"1317\">\n<li data-start=\"985\" data-end=\"1034\">\n<p data-start=\"987\" data-end=\"1034\">Favorece <strong data-start=\"995\" data-end=\"1034\">la producci\u00f3n natural de energ\u00eda celular<\/strong><\/p>\n<\/li>\n<li data-start=\"1035\" data-end=\"1087\">\n<p data-start=\"1037\" data-end=\"1087\">Contribuye al <strong data-start=\"1054\" data-end=\"1087\">metabolismo energ\u00e9tico normal<\/strong><\/p>\n<\/li>\n<li data-start=\"1088\" data-end=\"1131\">\n<p data-start=\"1090\" data-end=\"1131\">Ayuda a combatir <strong data-start=\"1109\" data-end=\"1131\">el cansancio y la fatiga<\/strong><\/p>\n<\/li>\n<li data-start=\"1132\" data-end=\"1165\">\n<p data-start=\"1134\" data-end=\"1165\">Favorece <strong data-start=\"1142\" data-end=\"1165\">la funci\u00f3n mitocondrial<\/strong><\/p>\n<\/li>\n<li data-start=\"1166\" data-end=\"1215\">\n<p data-start=\"1168\" data-end=\"1215\">Contribuye a la <strong data-start=\"1185\" data-end=\"1215\">vitalidad f\u00edsica y mental<\/strong><\/p>\n<\/li>\n<li data-start=\"1216\" data-end=\"1257\">\n<p data-start=\"1218\" data-end=\"1257\">F\u00f3rmula centrada en la <strong data-start=\"1236\" data-end=\"1257\">pureza y la eficacia<\/strong><\/p>\n<\/li>\n<li data-start=\"1258\" data-end=\"1317\">\n<p data-start=\"1260\" data-end=\"1317\">Ideal para quienes buscan una soluci\u00f3n <strong data-start=\"1296\" data-end=\"1317\">sencilla y directa<\/strong><\/p>\n<\/li>\n<\/ul>\n<h3 data-start=\"1324\" data-end=\"1355\"><strong data-start=\"1328\" data-end=\"1355\">A qui\u00e9n va dirigido<\/strong><\/h3>\n<p data-start=\"1356\" data-end=\"1388\">Este suplemento est\u00e1 indicado para<\/p>\n<ul data-start=\"1389\" data-end=\"1691\">\n<li data-start=\"1389\" data-end=\"1435\">\n<p data-start=\"1391\" data-end=\"1435\">Adultos que buscan <strong data-start=\"1412\" data-end=\"1435\">m\u00e1s energ\u00eda diaria<\/strong><\/p>\n<\/li>\n<li data-start=\"1436\" data-end=\"1477\">\n<p data-start=\"1438\" data-end=\"1477\">Personas con <strong data-start=\"1450\" data-end=\"1477\">fatiga f\u00edsica o mental<\/strong><\/p>\n<\/li>\n<li data-start=\"1478\" data-end=\"1520\">\n<p data-start=\"1480\" data-end=\"1520\">Qui\u00e9n quiere apoyar la <strong data-start=\"1503\" data-end=\"1520\">salud celular<\/strong><\/p>\n<\/li>\n<li data-start=\"1521\" data-end=\"1568\">\n<p data-start=\"1523\" data-end=\"1568\">Profesionales con altas exigencias cognitivas<\/p>\n<\/li>\n<li data-start=\"1569\" data-end=\"1634\">\n<p data-start=\"1571\" data-end=\"1634\">Personas interesadas en la <strong data-start=\"1595\" data-end=\"1634\">prevenci\u00f3n y el envejecimiento saludable<\/strong><\/p>\n<\/li>\n<li data-start=\"1635\" data-end=\"1691\">\n<p data-start=\"1637\" data-end=\"1691\">Quienes prefieren suplementos con <strong data-start=\"1666\" data-end=\"1691\">f\u00f3rmulas minimalistas<\/strong><\/p>\n<\/li>\n<\/ul>\n<p>NAD+ Puro contiene 300 mg de rib\u00f3sido de nicotinamida concentrado de alta calidad por c\u00e1psula. Se trata de una forma avanzada de vitamina B3 que act\u00faa como precursor directo del NAD+, contribuyendo a una funci\u00f3n celular \u00f3ptima y a la vitalidad diaria.<\/p>\n<p>Fabricado en la UE.<\/p>\n<p><strong>PRESENTACI\u00d3N<\/strong><\/p>\n<p>90 c\u00e1psulas<\/p>\n<p>&nbsp;<\/p>\n","protected":false},"excerpt":{"rendered":"<p>NAD+ Puro Vitalizado energ\u00eda celular pura y vitalidad diaria, fatiga f\u00edsica o mental. Suplemento centrado en la salud y el bienestar mitocondriales. [&#8230;]<\/p>\n<p><a class=\"btn btn-secondary understrap-read-more-link\" href=\"https:\/\/www.lifenatura.com\/es\/produto\/nad-puro-90-capsulas-vitalised\/\">Leer m\u00e1s&#8230;<span class=\"screen-reader-text\"> from NAD+ Puro 90 C\u00e1psulas &#8211; Vitalised<\/span><\/a><\/p>\n","protected":false},"featured_media":124585,"template":"","meta":{"_acf_changed":false},"product_brand":[8357],"product_cat":[7238,7179,7883],"product_tag":[],"class_list":{"0":"post-124676","1":"product","2":"type-product","3":"status-publish","4":"has-post-thumbnail","6":"product_brand-vitalized-es","7":"product_cat-energizante-natural","8":"product_cat-salud","9":"product_cat-suplementos-alimenticios","11":"first","12":"instock","13":"shipping-taxable","14":"purchasable","15":"product-type-simple","16":"add-to-wishlist-before_image"},"acf":[],"yoast_head":"<!-- This site is optimized with the Yoast SEO Premium plugin v27.1 (Yoast SEO v27.4) - https:\/\/yoast.com\/product\/yoast-seo-premium-wordpress\/ -->\n<title>NAD+ Puro 90 C\u00e1psulas - Vitalised - Lifenatura<\/title>\n<meta name=\"description\" content=\"NAD+ Puro Vitalizado energ\u00eda celular pura y vitalidad diaria, fatiga f\u00edsica o mental. Suplemento centrado en la salud y el bienestar mitocondriales.\" \/>\n<meta name=\"robots\" content=\"index, follow, max-snippet:-1, max-image-preview:large, max-video-preview:-1\" \/>\n<link rel=\"canonical\" href=\"https:\/\/www.lifenatura.com\/es\/produto\/nad-puro-90-capsulas-vitalised\/\" \/>\n<meta property=\"og:locale\" content=\"es_ES\" \/>\n<meta property=\"og:type\" content=\"article\" \/>\n<meta property=\"og:title\" content=\"NAD+ Puro 90 C\u00e1psulas - Vitalised - Lifenatura\" \/>\n<meta property=\"og:description\" content=\"Compre aqui o seu NAD+ Puro 90 C\u00e1psulas - Vitalised e a Lifenatura Online envia em 48 H com Portes Gratis &gt;35\u20ac de Pedido.\" \/>\n<meta property=\"og:url\" content=\"https:\/\/www.lifenatura.com\/es\/produto\/nad-puro-90-capsulas-vitalised\/\" \/>\n<meta property=\"og:site_name\" content=\"Lifenatura\" \/>\n<meta property=\"article:publisher\" content=\"https:\/\/www.facebook.com\/lifenatura\" \/>\n<meta property=\"article:modified_time\" content=\"2026-01-22T06:23:33+00:00\" \/>\n<meta property=\"og:image\" content=\"https:\/\/www.lifenatura.com\/wp-content\/uploads\/2026\/01\/nad-mais-pure-vitalized.jpg\" \/>\n\t<meta property=\"og:image:width\" content=\"1000\" \/>\n\t<meta property=\"og:image:height\" content=\"1000\" \/>\n\t<meta property=\"og:image:type\" content=\"image\/jpeg\" \/>\n<meta name=\"twitter:card\" content=\"summary_large_image\" \/>\n<meta name=\"twitter:label1\" content=\"Precio\" \/>\n\t<meta name=\"twitter:data1\" content=\"64,30&nbsp;&euro;\" \/>\n\t<meta name=\"twitter:label2\" content=\"Disponibilidad\" \/>\n\t<meta name=\"twitter:data2\" content=\"Disponible\" \/>\n<meta property=\"product:price:amount\" content=\"64.30\" \/>\n<meta property=\"product:price:currency\" content=\"EUR\" \/>\n<meta property=\"og:availability\" content=\"instock\" \/>\n<meta property=\"product:availability\" content=\"instock\" \/>\n<meta property=\"product:retailer_item_id\" content=\"8720648297960\" \/>\n<meta property=\"product:condition\" content=\"new\" \/>\n<!-- \/ Yoast SEO Premium plugin. -->","yoast_head_json":{"title":"NAD+ Puro 90 C\u00e1psulas - Vitalised - Lifenatura","description":"NAD+ Puro Vitalizado energ\u00eda celular pura y vitalidad diaria, fatiga f\u00edsica o mental. Suplemento centrado en la salud y el bienestar mitocondriales.","robots":{"index":"index","follow":"follow","max-snippet":"max-snippet:-1","max-image-preview":"max-image-preview:large","max-video-preview":"max-video-preview:-1"},"canonical":"https:\/\/www.lifenatura.com\/es\/produto\/nad-puro-90-capsulas-vitalised\/","og_locale":"es_ES","og_type":"article","og_title":"NAD+ Puro 90 C\u00e1psulas - Vitalised - Lifenatura","og_description":"Compre aqui o seu NAD+ Puro 90 C\u00e1psulas - Vitalised e a Lifenatura Online envia em 48 H com Portes Gratis >35\u20ac de Pedido.","og_url":"https:\/\/www.lifenatura.com\/es\/produto\/nad-puro-90-capsulas-vitalised\/","og_site_name":"Lifenatura","article_publisher":"https:\/\/www.facebook.com\/lifenatura","article_modified_time":"2026-01-22T06:23:33+00:00","og_image":[{"width":1000,"height":1000,"url":"https:\/\/www.lifenatura.com\/wp-content\/uploads\/2026\/01\/nad-mais-pure-vitalized.jpg","type":"image\/jpeg"}],"twitter_card":"summary_large_image","twitter_misc":{"Precio":"64,30&nbsp;&euro;","Disponibilidad":"Disponible"},"schema":{"@context":"https:\/\/schema.org","@graph":[{"@type":"WebPage","@id":"https:\/\/www.lifenatura.com\/es\/produto\/nad-puro-90-capsulas-vitalised\/","url":"https:\/\/www.lifenatura.com\/es\/produto\/nad-puro-90-capsulas-vitalised\/","name":"NAD+ Puro 90 C\u00e1psulas - Vitalised - Lifenatura","isPartOf":{"@id":"https:\/\/www.lifenatura.com\/es\/#website"},"primaryImageOfPage":{"@id":"https:\/\/www.lifenatura.com\/es\/produto\/nad-puro-90-capsulas-vitalised\/#primaryimage"},"image":{"@id":"https:\/\/www.lifenatura.com\/es\/produto\/nad-puro-90-capsulas-vitalised\/#primaryimage"},"thumbnailUrl":"https:\/\/www.lifenatura.com\/wp-content\/uploads\/2026\/01\/nad-mais-pure-vitalized.jpg","datePublished":"2026-01-19T10:30:56+00:00","dateModified":"2026-01-22T06:23:33+00:00","description":"NAD+ Puro Vitalizado energ\u00eda celular pura y vitalidad diaria, fatiga f\u00edsica o mental. Suplemento centrado en la salud y el bienestar mitocondriales.","breadcrumb":{"@id":"https:\/\/www.lifenatura.com\/es\/produto\/nad-puro-90-capsulas-vitalised\/#breadcrumb"},"inLanguage":"es","potentialAction":[{"@type":"ReadAction","target":["https:\/\/www.lifenatura.com\/es\/produto\/nad-puro-90-capsulas-vitalised\/"]}]},{"@type":"ImageObject","inLanguage":"es","@id":"https:\/\/www.lifenatura.com\/es\/produto\/nad-puro-90-capsulas-vitalised\/#primaryimage","url":"https:\/\/www.lifenatura.com\/wp-content\/uploads\/2026\/01\/nad-mais-pure-vitalized.jpg","contentUrl":"https:\/\/www.lifenatura.com\/wp-content\/uploads\/2026\/01\/nad-mais-pure-vitalized.jpg","width":1000,"height":1000,"caption":"NAD + Puro de Vitalized"},{"@type":"BreadcrumbList","@id":"https:\/\/www.lifenatura.com\/es\/produto\/nad-puro-90-capsulas-vitalised\/#breadcrumb","itemListElement":[{"@type":"ListItem","position":1,"name":"In\u00edcio","item":"https:\/\/www.lifenatura.com\/es\/"},{"@type":"ListItem","position":2,"name":"Todos los Productos","item":"https:\/\/www.lifenatura.com\/es\/tienda\/"},{"@type":"ListItem","position":3,"name":"NAD+ Puro 90 C\u00e1psulas &#8211; Vitalised"}]},{"@type":"WebSite","@id":"https:\/\/www.lifenatura.com\/es\/#website","url":"https:\/\/www.lifenatura.com\/es\/","name":"Lifenatura","description":"A Lifenatura \u00e9 uma loja de produtos naturais, cosm\u00e9tica natural e alimenta\u00e7\u00e3o Biol\u00f3gica.","publisher":{"@id":"https:\/\/www.lifenatura.com\/es\/#organization"},"potentialAction":[{"@type":"SearchAction","target":{"@type":"EntryPoint","urlTemplate":"https:\/\/www.lifenatura.com\/es\/?s={search_term_string}"},"query-input":{"@type":"PropertyValueSpecification","valueRequired":true,"valueName":"search_term_string"}}],"inLanguage":"es"},{"@type":"Organization","@id":"https:\/\/www.lifenatura.com\/es\/#organization","name":"Lifenatura","url":"https:\/\/www.lifenatura.com\/es\/","logo":{"@type":"ImageObject","inLanguage":"es","@id":"https:\/\/www.lifenatura.com\/es\/#\/schema\/logo\/image\/","url":"https:\/\/www.lifenatura.com\/wp-content\/uploads\/2021\/11\/logo.png","contentUrl":"https:\/\/www.lifenatura.com\/wp-content\/uploads\/2021\/11\/logo.png","width":175,"height":55,"caption":"Lifenatura"},"image":{"@id":"https:\/\/www.lifenatura.com\/es\/#\/schema\/logo\/image\/"},"sameAs":["https:\/\/www.facebook.com\/lifenatura","https:\/\/www.instagram.com\/lifenaturapt\/"]}]},"product_price_amount":"64.30","product_price_currency":"EUR","og_availability":"instock","product_availability":"instock","product_retailer_item_id":"8720648297960","product_condition":"new"},"df_price":64.3,"df_sale_price":"","df_regular_price":64.3,"df_image_link":"https:\/\/www.lifenatura.com\/wp-content\/uploads\/2026\/01\/nad-mais-pure-vitalized-300x300.jpg","_links":{"self":[{"href":"https:\/\/www.lifenatura.com\/es\/wp-json\/wp\/v2\/product\/124676","targetHints":{"allow":["GET"]}}],"collection":[{"href":"https:\/\/www.lifenatura.com\/es\/wp-json\/wp\/v2\/product"}],"about":[{"href":"https:\/\/www.lifenatura.com\/es\/wp-json\/wp\/v2\/types\/product"}],"wp:featuredmedia":[{"embeddable":true,"href":"https:\/\/www.lifenatura.com\/es\/wp-json\/wp\/v2\/media\/124585"}],"wp:attachment":[{"href":"https:\/\/www.lifenatura.com\/es\/wp-json\/wp\/v2\/media?parent=124676"}],"wp:term":[{"taxonomy":"product_brand","embeddable":true,"href":"https:\/\/www.lifenatura.com\/es\/wp-json\/wp\/v2\/product_brand?post=124676"},{"taxonomy":"product_cat","embeddable":true,"href":"https:\/\/www.lifenatura.com\/es\/wp-json\/wp\/v2\/product_cat?post=124676"},{"taxonomy":"product_tag","embeddable":true,"href":"https:\/\/www.lifenatura.com\/es\/wp-json\/wp\/v2\/product_tag?post=124676"}],"curies":[{"name":"wp","href":"https:\/\/api.w.org\/{rel}","templated":true}]}}