{"id":124674,"date":"2026-01-19T09:18:54","date_gmt":"2026-01-19T09:18:54","guid":{"rendered":"https:\/\/www.lifenatura.com\/produto\/nad-prime-30-capsulas-vitalised\/"},"modified":"2026-01-22T06:24:19","modified_gmt":"2026-01-22T06:24:19","slug":"nad-prime-30-capsulas-vitalised","status":"publish","type":"product","link":"https:\/\/www.lifenatura.com\/es\/produto\/nad-prime-30-capsulas-vitalised\/","title":{"rendered":"NAD+ Prime 30 C\u00e1psulas &#8211; Vitalised"},"content":{"rendered":"<h2 style=\"text-align: left;\" data-start=\"198\" data-end=\"284\"><strong data-start=\"201\" data-end=\"284\">NAD+ Prime Vitalizado para la Energ\u00eda Celular, la Longevidad y el Rendimiento Mental<\/strong><\/h2>\n<p>&nbsp;<\/p>\n<p data-start=\"321\" data-end=\"742\"><strong data-start=\"323\" data-end=\"337\">NAD+ Prime<\/strong> de <strong data-start=\"341\" data-end=\"382\"><span class=\"hover:entity-accent entity-underline inline cursor-pointer align-baseline\"><span class=\"whitespace-normal\">Vitalised<\/span><\/span><\/strong> es un complemento alimenticio avanzado dise\u00f1ado para apoyar <strong data-start=\"446\" data-end=\"465\">la energ\u00eda celular<\/strong>, el metabolismo y el envejecimiento saludable. Su f\u00f3rmula est\u00e1 dise\u00f1ada para ayudar a aumentar los niveles de <strong data-start=\"574\" data-end=\"618\">NAD+ (Nicotinamida Adenina Dinucle\u00f3tido)<\/strong>, una coenzima esencial presente en todas las c\u00e9lulas del organismo y fundamental para la producci\u00f3n de energ\u00eda y la reparaci\u00f3n celular.<\/p>\n<p data-start=\"744\" data-end=\"1013\">Con el tiempo, los niveles naturales de NAD+ disminuyen, lo que puede afectar a la vitalidad, la funci\u00f3n cognitiva y el rendimiento f\u00edsico. NAD+ Prime es ideal para cualquiera que busque apoyar la salud celular de forma eficaz y cient\u00edfica, promoviendo m\u00e1s energ\u00eda y bienestar general.<\/p>\n<h3 data-start=\"1020\" data-end=\"1049\"><strong data-start=\"1024\" data-end=\"1049\">Principales ventajas<\/strong><\/h3>\n<ul data-start=\"1050\" data-end=\"1381\">\n<li data-start=\"1050\" data-end=\"1091\">\n<p data-start=\"1052\" data-end=\"1091\">Favorece <strong data-start=\"1060\" data-end=\"1091\">la producci\u00f3n de energ\u00eda celular<\/strong><\/p>\n<\/li>\n<li data-start=\"1092\" data-end=\"1133\">\n<p data-start=\"1094\" data-end=\"1133\">Contribuye a la <strong data-start=\"1111\" data-end=\"1133\">salud mitocondrial<\/strong><\/p>\n<\/li>\n<li data-start=\"1134\" data-end=\"1182\">\n<p data-start=\"1136\" data-end=\"1182\">Ayuda a combatir <strong data-start=\"1155\" data-end=\"1182\">el cansancio f\u00edsico y mental<\/strong><\/p>\n<\/li>\n<li data-start=\"1183\" data-end=\"1220\">\n<p data-start=\"1185\" data-end=\"1220\">Favorece <strong data-start=\"1193\" data-end=\"1220\">un envejecimiento saludable<\/strong><\/p>\n<\/li>\n<li data-start=\"1221\" data-end=\"1273\">\n<p data-start=\"1223\" data-end=\"1273\">Contribuye al <strong data-start=\"1240\" data-end=\"1273\">rendimiento cognitivo y mental<\/strong><\/p>\n<\/li>\n<li data-start=\"1274\" data-end=\"1328\">\n<p data-start=\"1276\" data-end=\"1328\">Favorece los procesos naturales de <strong data-start=\"1307\" data-end=\"1328\">reparaci\u00f3n celular<\/strong><\/p>\n<\/li>\n<li data-start=\"1329\" data-end=\"1381\">\n<p data-start=\"1331\" data-end=\"1381\">Ideal para rutinas de <strong data-start=\"1353\" data-end=\"1381\">biohacking y longevidad<\/strong><\/p>\n<\/li>\n<\/ul>\n<h3 data-start=\"1388\" data-end=\"1419\"><strong data-start=\"1392\" data-end=\"1419\">A qui\u00e9n va dirigido<\/strong><\/h3>\n<p data-start=\"1420\" data-end=\"1452\">Este suplemento est\u00e1 indicado para<\/p>\n<ul data-start=\"1453\" data-end=\"1749\">\n<li data-start=\"1453\" data-end=\"1505\">\n<p data-start=\"1455\" data-end=\"1505\">Adultos que buscan <strong data-start=\"1476\" data-end=\"1505\">m\u00e1s energ\u00eda y vitalidad<\/strong><\/p>\n<\/li>\n<li data-start=\"1506\" data-end=\"1547\">\n<p data-start=\"1508\" data-end=\"1547\">Personas con <strong data-start=\"1520\" data-end=\"1547\">fatiga f\u00edsica o mental<\/strong><\/p>\n<\/li>\n<li data-start=\"1548\" data-end=\"1600\">\n<p data-start=\"1550\" data-end=\"1600\">Qui\u00e9n quiere apoyar <strong data-start=\"1573\" data-end=\"1600\">un envejecimiento saludable<\/strong><\/p>\n<\/li>\n<li data-start=\"1601\" data-end=\"1645\">\n<p data-start=\"1603\" data-end=\"1645\">Profesionales con altas exigencias mentales<\/p>\n<\/li>\n<li data-start=\"1646\" data-end=\"1691\">\n<p data-start=\"1648\" data-end=\"1691\">Deportistas o personas f\u00edsicamente activas<\/p>\n<\/li>\n<li data-start=\"1692\" data-end=\"1749\">\n<p data-start=\"1694\" data-end=\"1749\">Personas interesadas en la <strong data-start=\"1718\" data-end=\"1749\">salud celular y la longevidad<\/strong><\/p>\n<\/li>\n<\/ul>\n<p>NAD+ Prime combina 300 mg de rib\u00f3sido de nicotinamida puro de primera calidad, un precursor directo del NAD+ celular, y 100 mg de MonaJuventa\u2122 Nu b\u00e1lsamo de abeja escarlata, el primer extracto bot\u00e1nico validado cl\u00ednicamente por sus efectos sobre marcadores de longevidad como la longitud de los tel\u00f3meros y los cambios epigen\u00e9ticos.<\/p>\n<p>Fabricado en la UE.<\/p>\n<p><strong>PRESENTACI\u00d3N<\/strong><\/p>\n<p>30 c\u00e1psulas<\/p>\n<p>&nbsp;<\/p>\n","protected":false},"excerpt":{"rendered":"<p>NAD+ Prime Vitalizado &#8211; suplemento avanzado para la energ\u00eda celular, la longevidad y el rendimiento mental. Favorece la salud mitocondrial. [&#8230;]<\/p>\n<p><a class=\"btn btn-secondary understrap-read-more-link\" href=\"https:\/\/www.lifenatura.com\/es\/produto\/nad-prime-30-capsulas-vitalised\/\">Leer m\u00e1s&#8230;<span class=\"screen-reader-text\"> from NAD+ Prime 30 C\u00e1psulas &#8211; Vitalised<\/span><\/a><\/p>\n","protected":false},"featured_media":124581,"template":"","meta":{"_acf_changed":false},"product_brand":[8357],"product_cat":[7238,7179,7883],"product_tag":[],"class_list":{"0":"post-124674","1":"product","2":"type-product","3":"status-publish","4":"has-post-thumbnail","6":"product_brand-vitalized-es","7":"product_cat-energizante-natural","8":"product_cat-salud","9":"product_cat-suplementos-alimenticios","11":"first","12":"instock","13":"shipping-taxable","14":"purchasable","15":"product-type-simple","16":"add-to-wishlist-before_image"},"acf":[],"yoast_head":"<!-- This site is optimized with the Yoast SEO Premium plugin v27.1 (Yoast SEO v27.4) - https:\/\/yoast.com\/product\/yoast-seo-premium-wordpress\/ -->\n<title>NAD+ Prime 30 C\u00e1psulas - Vitalised - Lifenatura<\/title>\n<meta name=\"description\" content=\"NAD+ Prime Vitalizado - suplemento avanzado para la energ\u00eda celular, la longevidad y el rendimiento mental. Favorece la salud mitocondrial.\" \/>\n<meta name=\"robots\" content=\"index, follow, max-snippet:-1, max-image-preview:large, max-video-preview:-1\" \/>\n<link rel=\"canonical\" href=\"https:\/\/www.lifenatura.com\/es\/produto\/nad-prime-30-capsulas-vitalised\/\" \/>\n<meta property=\"og:locale\" content=\"es_ES\" \/>\n<meta property=\"og:type\" content=\"article\" \/>\n<meta property=\"og:title\" content=\"NAD+ Prime 30 C\u00e1psulas - Vitalised - Lifenatura\" \/>\n<meta property=\"og:description\" content=\"Compre aqui o seu NAD+ Prime 30 C\u00e1psulas - Vitalised e a Lifenatura Online envia em 48 H com Portes Gratis &gt;35\u20ac de Pedido.\" \/>\n<meta property=\"og:url\" content=\"https:\/\/www.lifenatura.com\/es\/produto\/nad-prime-30-capsulas-vitalised\/\" \/>\n<meta property=\"og:site_name\" content=\"Lifenatura\" \/>\n<meta property=\"article:publisher\" content=\"https:\/\/www.facebook.com\/lifenatura\" \/>\n<meta property=\"article:modified_time\" content=\"2026-01-22T06:24:19+00:00\" \/>\n<meta property=\"og:image\" content=\"https:\/\/www.lifenatura.com\/wp-content\/uploads\/2026\/01\/nad-mais-prime-vitalized.jpg\" \/>\n\t<meta property=\"og:image:width\" content=\"1000\" \/>\n\t<meta property=\"og:image:height\" content=\"1000\" \/>\n\t<meta property=\"og:image:type\" content=\"image\/jpeg\" \/>\n<meta name=\"twitter:card\" content=\"summary_large_image\" \/>\n<meta name=\"twitter:label1\" content=\"Precio\" \/>\n\t<meta name=\"twitter:data1\" content=\"37,55&nbsp;&euro;\" \/>\n\t<meta name=\"twitter:label2\" content=\"Disponibilidad\" \/>\n\t<meta name=\"twitter:data2\" content=\"Disponible\" \/>\n<meta property=\"product:price:amount\" content=\"37.55\" \/>\n<meta property=\"product:price:currency\" content=\"EUR\" \/>\n<meta property=\"og:availability\" content=\"instock\" \/>\n<meta property=\"product:availability\" content=\"instock\" \/>\n<meta property=\"product:retailer_item_id\" content=\"8720648297953\" \/>\n<meta property=\"product:condition\" content=\"new\" \/>\n<!-- \/ Yoast SEO Premium plugin. -->","yoast_head_json":{"title":"NAD+ Prime 30 C\u00e1psulas - Vitalised - Lifenatura","description":"NAD+ Prime Vitalizado - suplemento avanzado para la energ\u00eda celular, la longevidad y el rendimiento mental. Favorece la salud mitocondrial.","robots":{"index":"index","follow":"follow","max-snippet":"max-snippet:-1","max-image-preview":"max-image-preview:large","max-video-preview":"max-video-preview:-1"},"canonical":"https:\/\/www.lifenatura.com\/es\/produto\/nad-prime-30-capsulas-vitalised\/","og_locale":"es_ES","og_type":"article","og_title":"NAD+ Prime 30 C\u00e1psulas - Vitalised - Lifenatura","og_description":"Compre aqui o seu NAD+ Prime 30 C\u00e1psulas - Vitalised e a Lifenatura Online envia em 48 H com Portes Gratis >35\u20ac de Pedido.","og_url":"https:\/\/www.lifenatura.com\/es\/produto\/nad-prime-30-capsulas-vitalised\/","og_site_name":"Lifenatura","article_publisher":"https:\/\/www.facebook.com\/lifenatura","article_modified_time":"2026-01-22T06:24:19+00:00","og_image":[{"width":1000,"height":1000,"url":"https:\/\/www.lifenatura.com\/wp-content\/uploads\/2026\/01\/nad-mais-prime-vitalized.jpg","type":"image\/jpeg"}],"twitter_card":"summary_large_image","twitter_misc":{"Precio":"37,55&nbsp;&euro;","Disponibilidad":"Disponible"},"schema":{"@context":"https:\/\/schema.org","@graph":[{"@type":"WebPage","@id":"https:\/\/www.lifenatura.com\/es\/produto\/nad-prime-30-capsulas-vitalised\/","url":"https:\/\/www.lifenatura.com\/es\/produto\/nad-prime-30-capsulas-vitalised\/","name":"NAD+ Prime 30 C\u00e1psulas - Vitalised - Lifenatura","isPartOf":{"@id":"https:\/\/www.lifenatura.com\/es\/#website"},"primaryImageOfPage":{"@id":"https:\/\/www.lifenatura.com\/es\/produto\/nad-prime-30-capsulas-vitalised\/#primaryimage"},"image":{"@id":"https:\/\/www.lifenatura.com\/es\/produto\/nad-prime-30-capsulas-vitalised\/#primaryimage"},"thumbnailUrl":"https:\/\/www.lifenatura.com\/wp-content\/uploads\/2026\/01\/nad-mais-prime-vitalized.jpg","datePublished":"2026-01-19T09:18:54+00:00","dateModified":"2026-01-22T06:24:19+00:00","description":"NAD+ Prime Vitalizado - suplemento avanzado para la energ\u00eda celular, la longevidad y el rendimiento mental. Favorece la salud mitocondrial.","breadcrumb":{"@id":"https:\/\/www.lifenatura.com\/es\/produto\/nad-prime-30-capsulas-vitalised\/#breadcrumb"},"inLanguage":"es","potentialAction":[{"@type":"ReadAction","target":["https:\/\/www.lifenatura.com\/es\/produto\/nad-prime-30-capsulas-vitalised\/"]}]},{"@type":"ImageObject","inLanguage":"es","@id":"https:\/\/www.lifenatura.com\/es\/produto\/nad-prime-30-capsulas-vitalised\/#primaryimage","url":"https:\/\/www.lifenatura.com\/wp-content\/uploads\/2026\/01\/nad-mais-prime-vitalized.jpg","contentUrl":"https:\/\/www.lifenatura.com\/wp-content\/uploads\/2026\/01\/nad-mais-prime-vitalized.jpg","width":1000,"height":1000,"caption":"NAD+ Prime de Vitalized"},{"@type":"BreadcrumbList","@id":"https:\/\/www.lifenatura.com\/es\/produto\/nad-prime-30-capsulas-vitalised\/#breadcrumb","itemListElement":[{"@type":"ListItem","position":1,"name":"In\u00edcio","item":"https:\/\/www.lifenatura.com\/es\/"},{"@type":"ListItem","position":2,"name":"Todos los Productos","item":"https:\/\/www.lifenatura.com\/es\/tienda\/"},{"@type":"ListItem","position":3,"name":"NAD+ Prime 30 C\u00e1psulas &#8211; Vitalised"}]},{"@type":"WebSite","@id":"https:\/\/www.lifenatura.com\/es\/#website","url":"https:\/\/www.lifenatura.com\/es\/","name":"Lifenatura","description":"A Lifenatura \u00e9 uma loja de produtos naturais, cosm\u00e9tica natural e alimenta\u00e7\u00e3o Biol\u00f3gica.","publisher":{"@id":"https:\/\/www.lifenatura.com\/es\/#organization"},"potentialAction":[{"@type":"SearchAction","target":{"@type":"EntryPoint","urlTemplate":"https:\/\/www.lifenatura.com\/es\/?s={search_term_string}"},"query-input":{"@type":"PropertyValueSpecification","valueRequired":true,"valueName":"search_term_string"}}],"inLanguage":"es"},{"@type":"Organization","@id":"https:\/\/www.lifenatura.com\/es\/#organization","name":"Lifenatura","url":"https:\/\/www.lifenatura.com\/es\/","logo":{"@type":"ImageObject","inLanguage":"es","@id":"https:\/\/www.lifenatura.com\/es\/#\/schema\/logo\/image\/","url":"https:\/\/www.lifenatura.com\/wp-content\/uploads\/2021\/11\/logo.png","contentUrl":"https:\/\/www.lifenatura.com\/wp-content\/uploads\/2021\/11\/logo.png","width":175,"height":55,"caption":"Lifenatura"},"image":{"@id":"https:\/\/www.lifenatura.com\/es\/#\/schema\/logo\/image\/"},"sameAs":["https:\/\/www.facebook.com\/lifenatura","https:\/\/www.instagram.com\/lifenaturapt\/"]}]},"product_price_amount":"37.55","product_price_currency":"EUR","og_availability":"instock","product_availability":"instock","product_retailer_item_id":"8720648297953","product_condition":"new"},"df_price":37.55,"df_sale_price":"","df_regular_price":37.55,"df_image_link":"https:\/\/www.lifenatura.com\/wp-content\/uploads\/2026\/01\/nad-mais-prime-vitalized-300x300.jpg","_links":{"self":[{"href":"https:\/\/www.lifenatura.com\/es\/wp-json\/wp\/v2\/product\/124674","targetHints":{"allow":["GET"]}}],"collection":[{"href":"https:\/\/www.lifenatura.com\/es\/wp-json\/wp\/v2\/product"}],"about":[{"href":"https:\/\/www.lifenatura.com\/es\/wp-json\/wp\/v2\/types\/product"}],"wp:featuredmedia":[{"embeddable":true,"href":"https:\/\/www.lifenatura.com\/es\/wp-json\/wp\/v2\/media\/124581"}],"wp:attachment":[{"href":"https:\/\/www.lifenatura.com\/es\/wp-json\/wp\/v2\/media?parent=124674"}],"wp:term":[{"taxonomy":"product_brand","embeddable":true,"href":"https:\/\/www.lifenatura.com\/es\/wp-json\/wp\/v2\/product_brand?post=124674"},{"taxonomy":"product_cat","embeddable":true,"href":"https:\/\/www.lifenatura.com\/es\/wp-json\/wp\/v2\/product_cat?post=124674"},{"taxonomy":"product_tag","embeddable":true,"href":"https:\/\/www.lifenatura.com\/es\/wp-json\/wp\/v2\/product_tag?post=124674"}],"curies":[{"name":"wp","href":"https:\/\/api.w.org\/{rel}","templated":true}]}}