{"id":124672,"date":"2026-01-19T09:06:02","date_gmt":"2026-01-19T09:06:02","guid":{"rendered":"https:\/\/www.lifenatura.com\/produto\/vitamina-c-duo-500mg-90-capsulas-vitalised\/"},"modified":"2026-01-22T06:22:32","modified_gmt":"2026-01-22T06:22:32","slug":"vitamina-c-duo-500mg-90-capsulas-vitalised","status":"publish","type":"product","link":"https:\/\/www.lifenatura.com\/es\/produto\/vitamina-c-duo-500mg-90-capsulas-vitalised\/","title":{"rendered":"Vitamina C Duo 500mg 90 C\u00e1psulas &#8211; Vitalised"},"content":{"rendered":"<h2 style=\"text-align: left;\" data-start=\"169\" data-end=\"252\"><strong data-start=\"172\" data-end=\"252\">D\u00fao de Vitamina C Vitalizada para Reforzar la Inmunidad y Reducir el Cansancio<\/strong><\/h2>\n<p>&nbsp;<\/p>\n<p data-start=\"289\" data-end=\"681\"><strong data-start=\"291\" data-end=\"309\">D\u00fao Vitamina C<\/strong> de <strong data-start=\"313\" data-end=\"354\"><span class=\"hover:entity-accent entity-underline inline cursor-pointer align-baseline\"><span class=\"whitespace-normal\">Vitalised<\/span><\/span><\/strong> es un complemento alimenticio avanzado que combina dos formas complementarias de vitamina C, garantizando <strong data-start=\"459\" data-end=\"478\">una absorci\u00f3n eficaz<\/strong> y una <strong data-start=\"485\" data-end=\"505\">acci\u00f3n prolongada<\/strong> en el organismo. Esta f\u00f3rmula se ha desarrollado para reforzar el sistema inmunitario, proteger las c\u00e9lulas contra el estr\u00e9s oxidativo y ayudar a reducir el cansancio y la fatiga.<\/p>\n<p data-start=\"683\" data-end=\"901\">La vitamina C es esencial para m\u00faltiples funciones del organismo, ya que desempe\u00f1a un papel fundamental en la producci\u00f3n de col\u00e1geno, la salud de la piel, las articulaciones y los vasos sangu\u00edneos, adem\u00e1s de contribuir al metabolismo energ\u00e9tico.<\/p>\n<h3 data-start=\"908\" data-end=\"937\"><strong data-start=\"912\" data-end=\"937\">Principales ventajas<\/strong><\/h3>\n<ul data-start=\"938\" data-end=\"1301\">\n<li data-start=\"938\" data-end=\"1003\">\n<p data-start=\"940\" data-end=\"1003\">Contribuye al <strong data-start=\"957\" data-end=\"1003\">funcionamiento normal del sistema inmunitario<\/strong><\/p>\n<\/li>\n<li data-start=\"1004\" data-end=\"1046\">\n<p data-start=\"1006\" data-end=\"1046\">Ayuda a <strong data-start=\"1014\" data-end=\"1046\">reducir el cansancio y la fatiga<\/strong><\/p>\n<\/li>\n<li data-start=\"1047\" data-end=\"1097\">\n<p data-start=\"1049\" data-end=\"1097\">Protege las c\u00e9lulas contra <strong data-start=\"1077\" data-end=\"1097\">el estr\u00e9s oxidativo<\/strong><\/p>\n<\/li>\n<li data-start=\"1098\" data-end=\"1140\">\n<p data-start=\"1100\" data-end=\"1140\">Favorece <strong data-start=\"1108\" data-end=\"1140\">la producci\u00f3n normal de col\u00e1geno<\/strong><\/p>\n<\/li>\n<li data-start=\"1141\" data-end=\"1206\">\n<p data-start=\"1143\" data-end=\"1206\">Contribuye a la salud de la <strong data-start=\"1169\" data-end=\"1206\">piel, los cart\u00edlagos, los huesos y los dientes<\/strong><\/p>\n<\/li>\n<li data-start=\"1207\" data-end=\"1239\">\n<p data-start=\"1209\" data-end=\"1239\">Ayuda a <strong data-start=\"1218\" data-end=\"1239\">absorber el hierro<\/strong><\/p>\n<\/li>\n<li data-start=\"1240\" data-end=\"1301\">\n<p data-start=\"1242\" data-end=\"1301\">F\u00f3rmula d\u00fao para una <strong data-start=\"1259\" data-end=\"1301\">liberaci\u00f3n gradual y una mejor tolerancia<\/strong><\/p>\n<\/li>\n<\/ul>\n<h3 data-start=\"1308\" data-end=\"1339\"><strong data-start=\"1312\" data-end=\"1339\">A qui\u00e9n va dirigido<\/strong><\/h3>\n<p data-start=\"1340\" data-end=\"1372\">Este suplemento est\u00e1 indicado para<\/p>\n<ul data-start=\"1373\" data-end=\"1666\">\n<li data-start=\"1373\" data-end=\"1420\">\n<p data-start=\"1375\" data-end=\"1420\">Personas que desean reforzar su <strong data-start=\"1407\" data-end=\"1420\">inmunidad<\/strong><\/p>\n<\/li>\n<li data-start=\"1421\" data-end=\"1469\">\n<p data-start=\"1423\" data-end=\"1469\">Adultos sometidos a <strong data-start=\"1442\" data-end=\"1469\">estr\u00e9s f\u00edsico o mental<\/strong><\/p>\n<\/li>\n<li data-start=\"1470\" data-end=\"1517\">\n<p data-start=\"1472\" data-end=\"1517\">Personas con fatiga frecuente o poca energ\u00eda<\/p>\n<\/li>\n<li data-start=\"1518\" data-end=\"1560\">\n<p data-start=\"1520\" data-end=\"1560\">Qui\u00e9n quiere apoyar la <strong data-start=\"1543\" data-end=\"1560\">salud de la piel<\/strong><\/p>\n<\/li>\n<li data-start=\"1561\" data-end=\"1603\">\n<p data-start=\"1563\" data-end=\"1603\">Fumadores o personas expuestas a la contaminaci\u00f3n<\/p>\n<\/li>\n<li data-start=\"1604\" data-end=\"1666\">\n<p data-start=\"1606\" data-end=\"1666\">Adultos que desean una vitamina C <strong data-start=\"1641\" data-end=\"1666\">eficaz y bien tolerada<\/strong><\/p>\n<\/li>\n<\/ul>\n<blockquote data-start=\"1668\" data-end=\"1766\">\n<p data-start=\"1670\" data-end=\"1766\">Vitamina C Duo 500 contiene la tecnolog\u00eda Pureway-C, cl\u00ednicamente estudiada, y se presenta en c\u00f3modas c\u00e1psulas que aportan 500 mg de vitamina C al d\u00eda con una biodisponibilidad excepcional.<\/p>\n<p data-start=\"1670\" data-end=\"1766\"><strong>PRESENTACI\u00d3N<\/strong><\/p>\n<p data-start=\"1670\" data-end=\"1766\">90 c\u00e1psulas<\/p>\n<p data-start=\"1670\" data-end=\"1766\">\n<\/blockquote>\n","protected":false},"excerpt":{"rendered":"<p>D\u00fao Vitamina C Vitalizada &#8211; refuerza la inmunidad, combate la fatiga y protege contra el estr\u00e9s oxidativo con una absorci\u00f3n prolongada. [&#8230;]<\/p>\n<p><a class=\"btn btn-secondary understrap-read-more-link\" href=\"https:\/\/www.lifenatura.com\/es\/produto\/vitamina-c-duo-500mg-90-capsulas-vitalised\/\">Leer m\u00e1s&#8230;<span class=\"screen-reader-text\"> from Vitamina C Duo 500mg 90 C\u00e1psulas &#8211; Vitalised<\/span><\/a><\/p>\n","protected":false},"featured_media":124577,"template":"","meta":{"_acf_changed":false},"product_brand":[8357],"product_cat":[7211,7179,7883,7260],"product_tag":[],"class_list":{"0":"post-124672","1":"product","2":"type-product","3":"status-publish","4":"has-post-thumbnail","6":"product_brand-vitalized-es","7":"product_cat-reforza-la-inmunidad-salud","8":"product_cat-salud","9":"product_cat-suplementos-alimenticios","10":"product_cat-vitamina-c-salud","12":"first","13":"instock","14":"shipping-taxable","15":"purchasable","16":"product-type-simple","17":"add-to-wishlist-before_image"},"acf":[],"yoast_head":"<!-- This site is optimized with the Yoast SEO Premium plugin v27.1 (Yoast SEO v27.4) - https:\/\/yoast.com\/product\/yoast-seo-premium-wordpress\/ -->\n<title>Vitamina C Duo 500mg 90 C\u00e1psulas - Vitalised - Lifenatura<\/title>\n<meta name=\"description\" content=\"D\u00fao Vitamina C Vitalizada - refuerza la inmunidad, combate la fatiga y protege contra el estr\u00e9s oxidativo con una absorci\u00f3n prolongada.\" \/>\n<meta name=\"robots\" content=\"index, follow, max-snippet:-1, max-image-preview:large, max-video-preview:-1\" \/>\n<link rel=\"canonical\" href=\"https:\/\/www.lifenatura.com\/es\/produto\/vitamina-c-duo-500mg-90-capsulas-vitalised\/\" \/>\n<meta property=\"og:locale\" content=\"es_ES\" \/>\n<meta property=\"og:type\" content=\"article\" \/>\n<meta property=\"og:title\" content=\"Vitamina C Duo 500mg 90 C\u00e1psulas - Vitalised - Lifenatura\" \/>\n<meta property=\"og:description\" content=\"Compre aqui o seu Vitamina C Duo 500mg 90 C\u00e1psulas - Vitalised e a Lifenatura Online envia em 48 H com Portes Gratis &gt;35\u20ac de Pedido.\" \/>\n<meta property=\"og:url\" content=\"https:\/\/www.lifenatura.com\/es\/produto\/vitamina-c-duo-500mg-90-capsulas-vitalised\/\" \/>\n<meta property=\"og:site_name\" content=\"Lifenatura\" \/>\n<meta property=\"article:publisher\" content=\"https:\/\/www.facebook.com\/lifenatura\" \/>\n<meta property=\"article:modified_time\" content=\"2026-01-22T06:22:32+00:00\" \/>\n<meta property=\"og:image\" content=\"https:\/\/www.lifenatura.com\/wp-content\/uploads\/2026\/01\/vitamin-C-duo-vitalized.jpg\" \/>\n\t<meta property=\"og:image:width\" content=\"1000\" \/>\n\t<meta property=\"og:image:height\" content=\"1000\" \/>\n\t<meta property=\"og:image:type\" content=\"image\/jpeg\" \/>\n<meta name=\"twitter:card\" content=\"summary_large_image\" \/>\n<meta name=\"twitter:label1\" content=\"Precio\" \/>\n\t<meta name=\"twitter:data1\" content=\"19,71&nbsp;&euro;\" \/>\n\t<meta name=\"twitter:label2\" content=\"Disponibilidad\" \/>\n\t<meta name=\"twitter:data2\" content=\"Disponible\" \/>\n<meta property=\"product:price:amount\" content=\"19.71\" \/>\n<meta property=\"product:price:currency\" content=\"EUR\" \/>\n<meta property=\"og:availability\" content=\"instock\" \/>\n<meta property=\"product:availability\" content=\"instock\" \/>\n<meta property=\"product:retailer_item_id\" content=\"8720648297946\" \/>\n<meta property=\"product:condition\" content=\"new\" \/>\n<!-- \/ Yoast SEO Premium plugin. -->","yoast_head_json":{"title":"Vitamina C Duo 500mg 90 C\u00e1psulas - Vitalised - Lifenatura","description":"D\u00fao Vitamina C Vitalizada - refuerza la inmunidad, combate la fatiga y protege contra el estr\u00e9s oxidativo con una absorci\u00f3n prolongada.","robots":{"index":"index","follow":"follow","max-snippet":"max-snippet:-1","max-image-preview":"max-image-preview:large","max-video-preview":"max-video-preview:-1"},"canonical":"https:\/\/www.lifenatura.com\/es\/produto\/vitamina-c-duo-500mg-90-capsulas-vitalised\/","og_locale":"es_ES","og_type":"article","og_title":"Vitamina C Duo 500mg 90 C\u00e1psulas - Vitalised - Lifenatura","og_description":"Compre aqui o seu Vitamina C Duo 500mg 90 C\u00e1psulas - Vitalised e a Lifenatura Online envia em 48 H com Portes Gratis >35\u20ac de Pedido.","og_url":"https:\/\/www.lifenatura.com\/es\/produto\/vitamina-c-duo-500mg-90-capsulas-vitalised\/","og_site_name":"Lifenatura","article_publisher":"https:\/\/www.facebook.com\/lifenatura","article_modified_time":"2026-01-22T06:22:32+00:00","og_image":[{"width":1000,"height":1000,"url":"https:\/\/www.lifenatura.com\/wp-content\/uploads\/2026\/01\/vitamin-C-duo-vitalized.jpg","type":"image\/jpeg"}],"twitter_card":"summary_large_image","twitter_misc":{"Precio":"19,71&nbsp;&euro;","Disponibilidad":"Disponible"},"schema":{"@context":"https:\/\/schema.org","@graph":[{"@type":"WebPage","@id":"https:\/\/www.lifenatura.com\/es\/produto\/vitamina-c-duo-500mg-90-capsulas-vitalised\/","url":"https:\/\/www.lifenatura.com\/es\/produto\/vitamina-c-duo-500mg-90-capsulas-vitalised\/","name":"Vitamina C Duo 500mg 90 C\u00e1psulas - Vitalised - Lifenatura","isPartOf":{"@id":"https:\/\/www.lifenatura.com\/es\/#website"},"primaryImageOfPage":{"@id":"https:\/\/www.lifenatura.com\/es\/produto\/vitamina-c-duo-500mg-90-capsulas-vitalised\/#primaryimage"},"image":{"@id":"https:\/\/www.lifenatura.com\/es\/produto\/vitamina-c-duo-500mg-90-capsulas-vitalised\/#primaryimage"},"thumbnailUrl":"https:\/\/www.lifenatura.com\/wp-content\/uploads\/2026\/01\/vitamin-C-duo-vitalized.jpg","datePublished":"2026-01-19T09:06:02+00:00","dateModified":"2026-01-22T06:22:32+00:00","description":"D\u00fao Vitamina C Vitalizada - refuerza la inmunidad, combate la fatiga y protege contra el estr\u00e9s oxidativo con una absorci\u00f3n prolongada.","breadcrumb":{"@id":"https:\/\/www.lifenatura.com\/es\/produto\/vitamina-c-duo-500mg-90-capsulas-vitalised\/#breadcrumb"},"inLanguage":"es","potentialAction":[{"@type":"ReadAction","target":["https:\/\/www.lifenatura.com\/es\/produto\/vitamina-c-duo-500mg-90-capsulas-vitalised\/"]}]},{"@type":"ImageObject","inLanguage":"es","@id":"https:\/\/www.lifenatura.com\/es\/produto\/vitamina-c-duo-500mg-90-capsulas-vitalised\/#primaryimage","url":"https:\/\/www.lifenatura.com\/wp-content\/uploads\/2026\/01\/vitamin-C-duo-vitalized.jpg","contentUrl":"https:\/\/www.lifenatura.com\/wp-content\/uploads\/2026\/01\/vitamin-C-duo-vitalized.jpg","width":1000,"height":1000,"caption":"d\u00fao de vitamina c de Vitalized"},{"@type":"BreadcrumbList","@id":"https:\/\/www.lifenatura.com\/es\/produto\/vitamina-c-duo-500mg-90-capsulas-vitalised\/#breadcrumb","itemListElement":[{"@type":"ListItem","position":1,"name":"In\u00edcio","item":"https:\/\/www.lifenatura.com\/es\/"},{"@type":"ListItem","position":2,"name":"Todos los Productos","item":"https:\/\/www.lifenatura.com\/es\/tienda\/"},{"@type":"ListItem","position":3,"name":"Vitamina C Duo 500mg 90 C\u00e1psulas &#8211; Vitalised"}]},{"@type":"WebSite","@id":"https:\/\/www.lifenatura.com\/es\/#website","url":"https:\/\/www.lifenatura.com\/es\/","name":"Lifenatura","description":"A Lifenatura \u00e9 uma loja de produtos naturais, cosm\u00e9tica natural e alimenta\u00e7\u00e3o Biol\u00f3gica.","publisher":{"@id":"https:\/\/www.lifenatura.com\/es\/#organization"},"potentialAction":[{"@type":"SearchAction","target":{"@type":"EntryPoint","urlTemplate":"https:\/\/www.lifenatura.com\/es\/?s={search_term_string}"},"query-input":{"@type":"PropertyValueSpecification","valueRequired":true,"valueName":"search_term_string"}}],"inLanguage":"es"},{"@type":"Organization","@id":"https:\/\/www.lifenatura.com\/es\/#organization","name":"Lifenatura","url":"https:\/\/www.lifenatura.com\/es\/","logo":{"@type":"ImageObject","inLanguage":"es","@id":"https:\/\/www.lifenatura.com\/es\/#\/schema\/logo\/image\/","url":"https:\/\/www.lifenatura.com\/wp-content\/uploads\/2021\/11\/logo.png","contentUrl":"https:\/\/www.lifenatura.com\/wp-content\/uploads\/2021\/11\/logo.png","width":175,"height":55,"caption":"Lifenatura"},"image":{"@id":"https:\/\/www.lifenatura.com\/es\/#\/schema\/logo\/image\/"},"sameAs":["https:\/\/www.facebook.com\/lifenatura","https:\/\/www.instagram.com\/lifenaturapt\/"]}]},"product_price_amount":"19.71","product_price_currency":"EUR","og_availability":"instock","product_availability":"instock","product_retailer_item_id":"8720648297946","product_condition":"new"},"df_price":19.71,"df_sale_price":"","df_regular_price":19.71,"df_image_link":"https:\/\/www.lifenatura.com\/wp-content\/uploads\/2026\/01\/vitamin-C-duo-vitalized-300x300.jpg","_links":{"self":[{"href":"https:\/\/www.lifenatura.com\/es\/wp-json\/wp\/v2\/product\/124672","targetHints":{"allow":["GET"]}}],"collection":[{"href":"https:\/\/www.lifenatura.com\/es\/wp-json\/wp\/v2\/product"}],"about":[{"href":"https:\/\/www.lifenatura.com\/es\/wp-json\/wp\/v2\/types\/product"}],"wp:featuredmedia":[{"embeddable":true,"href":"https:\/\/www.lifenatura.com\/es\/wp-json\/wp\/v2\/media\/124577"}],"wp:attachment":[{"href":"https:\/\/www.lifenatura.com\/es\/wp-json\/wp\/v2\/media?parent=124672"}],"wp:term":[{"taxonomy":"product_brand","embeddable":true,"href":"https:\/\/www.lifenatura.com\/es\/wp-json\/wp\/v2\/product_brand?post=124672"},{"taxonomy":"product_cat","embeddable":true,"href":"https:\/\/www.lifenatura.com\/es\/wp-json\/wp\/v2\/product_cat?post=124672"},{"taxonomy":"product_tag","embeddable":true,"href":"https:\/\/www.lifenatura.com\/es\/wp-json\/wp\/v2\/product_tag?post=124672"}],"curies":[{"name":"wp","href":"https:\/\/api.w.org\/{rel}","templated":true}]}}