{"id":124670,"date":"2026-01-19T08:39:21","date_gmt":"2026-01-19T08:39:21","guid":{"rendered":"https:\/\/www.lifenatura.com\/produto\/complejo-vitaminico-b-60-capsulas-vitalised\/"},"modified":"2026-01-22T06:19:25","modified_gmt":"2026-01-22T06:19:25","slug":"complejo-vitaminico-b-60-capsulas-vitalised","status":"publish","type":"product","link":"https:\/\/www.lifenatura.com\/es\/produto\/complejo-vitaminico-b-60-capsulas-vitalised\/","title":{"rendered":"Complejo vitam\u00ednico B 60 c\u00e1psulas &#8211; Vitalised"},"content":{"rendered":"<h2 style=\"text-align: left;\" data-start=\"167\" data-end=\"258\"><strong data-start=\"170\" data-end=\"258\">Complejo Vitam\u00ednico B Vitalizado para obtener Energ\u00eda y Reducir el Cansancio<\/strong><\/h2>\n<p>&nbsp;<\/p>\n<p data-start=\"295\" data-end=\"650\"><strong data-start=\"297\" data-end=\"319\">Complejo vitam\u00ednico B<\/strong> de <strong data-start=\"323\" data-end=\"364\"><span class=\"hover:entity-accent entity-underline inline cursor-pointer align-baseline\"><span class=\"whitespace-normal\">Vitalised<\/span><\/span><\/strong> es un complemento alimenticio completo que re\u00fane todas las vitaminas B esenciales para el buen funcionamiento del organismo. Esta f\u00f3rmula se ha desarrollado para reforzar los niveles de energ\u00eda, el sistema nervioso y el metabolismo energ\u00e9tico, ayudando a combatir el cansancio f\u00edsico y mental.<\/p>\n<p data-start=\"652\" data-end=\"900\">Las vitaminas B desempe\u00f1an un papel fundamental en la transformaci\u00f3n de los alimentos en energ\u00eda, el equilibrio emocional y la salud mental, y son especialmente importantes en periodos de estr\u00e9s, fatiga o mayor exigencia f\u00edsica e intelectual.<\/p>\n<h3 data-start=\"907\" data-end=\"936\"><strong data-start=\"911\" data-end=\"936\">Principales ventajas<\/strong><\/h3>\n<ul data-start=\"937\" data-end=\"1294\">\n<li data-start=\"937\" data-end=\"990\">\n<p data-start=\"939\" data-end=\"990\">Ayuda a <strong data-start=\"956\" data-end=\"990\">reducir el cansancio y la fatiga<\/strong><\/p>\n<\/li>\n<li data-start=\"991\" data-end=\"1034\">\n<p data-start=\"993\" data-end=\"1034\">Favorece <strong data-start=\"1001\" data-end=\"1034\">el metabolismo energ\u00e9tico normal<\/strong><\/p>\n<\/li>\n<li data-start=\"1035\" data-end=\"1082\">\n<p data-start=\"1037\" data-end=\"1082\">Ayuda <strong data-start=\"1046\" data-end=\"1082\">al funcionamiento del sistema nervioso<\/strong><\/p>\n<\/li>\n<li data-start=\"1083\" data-end=\"1138\">\n<p data-start=\"1085\" data-end=\"1138\">Contribuye al <strong data-start=\"1102\" data-end=\"1138\">rendimiento mental y a la concentraci\u00f3n<\/strong><\/p>\n<\/li>\n<li data-start=\"1139\" data-end=\"1190\">\n<p data-start=\"1141\" data-end=\"1190\">Favorece <strong data-start=\"1149\" data-end=\"1190\">la formaci\u00f3n normal de gl\u00f3bulos rojos<\/strong><\/p>\n<\/li>\n<li data-start=\"1191\" data-end=\"1246\">\n<p data-start=\"1193\" data-end=\"1246\">Ayuda a mantener <strong data-start=\"1212\" data-end=\"1246\">la piel, el pelo y las u\u00f1as sanos<\/strong><\/p>\n<\/li>\n<li data-start=\"1247\" data-end=\"1294\">\n<p data-start=\"1249\" data-end=\"1294\">Importante para reforzar el <strong data-start=\"1272\" data-end=\"1294\">sistema inmunitario<\/strong><\/p>\n<\/li>\n<\/ul>\n<h3 data-start=\"1301\" data-end=\"1332\"><strong data-start=\"1305\" data-end=\"1332\">A qui\u00e9n va dirigido<\/strong><\/h3>\n<p data-start=\"1333\" data-end=\"1365\">Este suplemento est\u00e1 indicado para<\/p>\n<ul data-start=\"1366\" data-end=\"1698\">\n<li data-start=\"1366\" data-end=\"1407\">\n<p data-start=\"1368\" data-end=\"1407\">Personas con <strong data-start=\"1380\" data-end=\"1407\">fatiga f\u00edsica o mental<\/strong><\/p>\n<\/li>\n<li data-start=\"1408\" data-end=\"1450\">\n<p data-start=\"1410\" data-end=\"1450\">Los que experimentan periodos de <strong data-start=\"1432\" data-end=\"1450\">estr\u00e9s intenso<\/strong><\/p>\n<\/li>\n<li data-start=\"1451\" data-end=\"1510\">\n<p data-start=\"1453\" data-end=\"1510\">Personas con altas exigencias profesionales o intelectuales<\/p>\n<\/li>\n<li data-start=\"1511\" data-end=\"1556\">\n<p data-start=\"1513\" data-end=\"1556\">Deportistas o personas f\u00edsicamente activas<\/p>\n<\/li>\n<li data-start=\"1557\" data-end=\"1626\">\n<p data-start=\"1559\" data-end=\"1626\">Vegetarianos y veganos (a menudo deficientes en vitaminas B)<\/p>\n<\/li>\n<li data-start=\"1627\" data-end=\"1698\">\n<p data-start=\"1629\" data-end=\"1698\">Adultos que desean apoyar <strong data-start=\"1660\" data-end=\"1698\">la energ\u00eda diaria y el bienestar general<\/strong><\/p>\n<\/li>\n<\/ul>\n<p>El complejo vitam\u00ednico B contiene altas dosis de vitaminas B bioactivas, reforzadas con 25 mg de citicolina y 25 mg de UMP para un apoyo integral del metabolismo, las funciones cognitivas y el sistema nervioso.<\/p>\n<p>Este suplemento se fabrica en la UE, es vegano, no contiene gluten ni ingredientes innecesarios, s\u00f3lo fibra de acacia como relleno natural.<\/p>\n<p><strong>PRESENTACI\u00d3N<\/strong><\/p>\n<p>60 c\u00e1psulas<\/p>\n<p>&nbsp;<\/p>\n","protected":false},"excerpt":{"rendered":"<p>Complejo Vitam\u00ednico B Vitalizado &#8211; favorece la energ\u00eda, el sistema nervioso y reduce el cansancio. Suplemento completo para el bienestar diario. [&#8230;]<\/p>\n<p><a class=\"btn btn-secondary understrap-read-more-link\" href=\"https:\/\/www.lifenatura.com\/es\/produto\/complejo-vitaminico-b-60-capsulas-vitalised\/\">Leer m\u00e1s&#8230;<span class=\"screen-reader-text\"> from Complejo vitam\u00ednico B 60 c\u00e1psulas &#8211; Vitalised<\/span><\/a><\/p>\n","protected":false},"featured_media":124570,"template":"","meta":{"_acf_changed":false},"product_brand":[8357],"product_cat":[7179,7883,7952],"product_tag":[],"class_list":{"0":"post-124670","1":"product","2":"type-product","3":"status-publish","4":"has-post-thumbnail","6":"product_brand-vitalized-es","7":"product_cat-salud","8":"product_cat-suplementos-alimenticios","9":"product_cat-vitamina-b-es","11":"first","12":"instock","13":"shipping-taxable","14":"purchasable","15":"product-type-simple","16":"add-to-wishlist-before_image"},"acf":[],"yoast_head":"<!-- This site is optimized with the Yoast SEO Premium plugin v27.1 (Yoast SEO v27.4) - https:\/\/yoast.com\/product\/yoast-seo-premium-wordpress\/ -->\n<title>Complejo vitam\u00ednico B 60 c\u00e1psulas - Vitalised - Lifenatura<\/title>\n<meta name=\"description\" content=\"Complejo Vitam\u00ednico B Vitalizado - favorece la energ\u00eda, el sistema nervioso y reduce el cansancio. Suplemento completo para el bienestar diario.\" \/>\n<meta name=\"robots\" content=\"index, follow, max-snippet:-1, max-image-preview:large, max-video-preview:-1\" \/>\n<link rel=\"canonical\" href=\"https:\/\/www.lifenatura.com\/es\/produto\/complejo-vitaminico-b-60-capsulas-vitalised\/\" \/>\n<meta property=\"og:locale\" content=\"es_ES\" \/>\n<meta property=\"og:type\" content=\"article\" \/>\n<meta property=\"og:title\" content=\"Complejo vitam\u00ednico B 60 c\u00e1psulas - Vitalised - Lifenatura\" \/>\n<meta property=\"og:description\" content=\"Compre aqui o seu Complejo vitam\u00ednico B 60 c\u00e1psulas - Vitalised e a Lifenatura Online envia em 48 H com Portes Gratis &gt;35\u20ac de Pedido.\" \/>\n<meta property=\"og:url\" content=\"https:\/\/www.lifenatura.com\/es\/produto\/complejo-vitaminico-b-60-capsulas-vitalised\/\" \/>\n<meta property=\"og:site_name\" content=\"Lifenatura\" \/>\n<meta property=\"article:publisher\" content=\"https:\/\/www.facebook.com\/lifenatura\" \/>\n<meta property=\"article:modified_time\" content=\"2026-01-22T06:19:25+00:00\" \/>\n<meta property=\"og:image\" content=\"https:\/\/www.lifenatura.com\/wp-content\/uploads\/2026\/01\/vitamina-b-complex-vitalized.jpg\" \/>\n\t<meta property=\"og:image:width\" content=\"1000\" \/>\n\t<meta property=\"og:image:height\" content=\"1000\" \/>\n\t<meta property=\"og:image:type\" content=\"image\/jpeg\" \/>\n<meta name=\"twitter:card\" content=\"summary_large_image\" \/>\n<meta name=\"twitter:label1\" content=\"Precio\" \/>\n\t<meta name=\"twitter:data1\" content=\"14,76&nbsp;&euro;\" \/>\n\t<meta name=\"twitter:label2\" content=\"Disponibilidad\" \/>\n\t<meta name=\"twitter:data2\" content=\"Disponible\" \/>\n<meta property=\"product:price:amount\" content=\"14.76\" \/>\n<meta property=\"product:price:currency\" content=\"EUR\" \/>\n<meta property=\"og:availability\" content=\"instock\" \/>\n<meta property=\"product:availability\" content=\"instock\" \/>\n<meta property=\"product:retailer_item_id\" content=\"8720648297915\" \/>\n<meta property=\"product:condition\" content=\"new\" \/>\n<!-- \/ Yoast SEO Premium plugin. -->","yoast_head_json":{"title":"Complejo vitam\u00ednico B 60 c\u00e1psulas - Vitalised - Lifenatura","description":"Complejo Vitam\u00ednico B Vitalizado - favorece la energ\u00eda, el sistema nervioso y reduce el cansancio. Suplemento completo para el bienestar diario.","robots":{"index":"index","follow":"follow","max-snippet":"max-snippet:-1","max-image-preview":"max-image-preview:large","max-video-preview":"max-video-preview:-1"},"canonical":"https:\/\/www.lifenatura.com\/es\/produto\/complejo-vitaminico-b-60-capsulas-vitalised\/","og_locale":"es_ES","og_type":"article","og_title":"Complejo vitam\u00ednico B 60 c\u00e1psulas - Vitalised - Lifenatura","og_description":"Compre aqui o seu Complejo vitam\u00ednico B 60 c\u00e1psulas - Vitalised e a Lifenatura Online envia em 48 H com Portes Gratis >35\u20ac de Pedido.","og_url":"https:\/\/www.lifenatura.com\/es\/produto\/complejo-vitaminico-b-60-capsulas-vitalised\/","og_site_name":"Lifenatura","article_publisher":"https:\/\/www.facebook.com\/lifenatura","article_modified_time":"2026-01-22T06:19:25+00:00","og_image":[{"width":1000,"height":1000,"url":"https:\/\/www.lifenatura.com\/wp-content\/uploads\/2026\/01\/vitamina-b-complex-vitalized.jpg","type":"image\/jpeg"}],"twitter_card":"summary_large_image","twitter_misc":{"Precio":"14,76&nbsp;&euro;","Disponibilidad":"Disponible"},"schema":{"@context":"https:\/\/schema.org","@graph":[{"@type":"WebPage","@id":"https:\/\/www.lifenatura.com\/es\/produto\/complejo-vitaminico-b-60-capsulas-vitalised\/","url":"https:\/\/www.lifenatura.com\/es\/produto\/complejo-vitaminico-b-60-capsulas-vitalised\/","name":"Complejo vitam\u00ednico B 60 c\u00e1psulas - Vitalised - Lifenatura","isPartOf":{"@id":"https:\/\/www.lifenatura.com\/es\/#website"},"primaryImageOfPage":{"@id":"https:\/\/www.lifenatura.com\/es\/produto\/complejo-vitaminico-b-60-capsulas-vitalised\/#primaryimage"},"image":{"@id":"https:\/\/www.lifenatura.com\/es\/produto\/complejo-vitaminico-b-60-capsulas-vitalised\/#primaryimage"},"thumbnailUrl":"https:\/\/www.lifenatura.com\/wp-content\/uploads\/2026\/01\/vitamina-b-complex-vitalized.jpg","datePublished":"2026-01-19T08:39:21+00:00","dateModified":"2026-01-22T06:19:25+00:00","description":"Complejo Vitam\u00ednico B Vitalizado - favorece la energ\u00eda, el sistema nervioso y reduce el cansancio. Suplemento completo para el bienestar diario.","breadcrumb":{"@id":"https:\/\/www.lifenatura.com\/es\/produto\/complejo-vitaminico-b-60-capsulas-vitalised\/#breadcrumb"},"inLanguage":"es","potentialAction":[{"@type":"ReadAction","target":["https:\/\/www.lifenatura.com\/es\/produto\/complejo-vitaminico-b-60-capsulas-vitalised\/"]}]},{"@type":"ImageObject","inLanguage":"es","@id":"https:\/\/www.lifenatura.com\/es\/produto\/complejo-vitaminico-b-60-capsulas-vitalised\/#primaryimage","url":"https:\/\/www.lifenatura.com\/wp-content\/uploads\/2026\/01\/vitamina-b-complex-vitalized.jpg","contentUrl":"https:\/\/www.lifenatura.com\/wp-content\/uploads\/2026\/01\/vitamina-b-complex-vitalized.jpg","width":1000,"height":1000,"caption":"Complejo vitam\u00ednico B de Vitalized"},{"@type":"BreadcrumbList","@id":"https:\/\/www.lifenatura.com\/es\/produto\/complejo-vitaminico-b-60-capsulas-vitalised\/#breadcrumb","itemListElement":[{"@type":"ListItem","position":1,"name":"In\u00edcio","item":"https:\/\/www.lifenatura.com\/es\/"},{"@type":"ListItem","position":2,"name":"Todos los Productos","item":"https:\/\/www.lifenatura.com\/es\/tienda\/"},{"@type":"ListItem","position":3,"name":"Complejo vitam\u00ednico B 60 c\u00e1psulas &#8211; Vitalised"}]},{"@type":"WebSite","@id":"https:\/\/www.lifenatura.com\/es\/#website","url":"https:\/\/www.lifenatura.com\/es\/","name":"Lifenatura","description":"A Lifenatura \u00e9 uma loja de produtos naturais, cosm\u00e9tica natural e alimenta\u00e7\u00e3o Biol\u00f3gica.","publisher":{"@id":"https:\/\/www.lifenatura.com\/es\/#organization"},"potentialAction":[{"@type":"SearchAction","target":{"@type":"EntryPoint","urlTemplate":"https:\/\/www.lifenatura.com\/es\/?s={search_term_string}"},"query-input":{"@type":"PropertyValueSpecification","valueRequired":true,"valueName":"search_term_string"}}],"inLanguage":"es"},{"@type":"Organization","@id":"https:\/\/www.lifenatura.com\/es\/#organization","name":"Lifenatura","url":"https:\/\/www.lifenatura.com\/es\/","logo":{"@type":"ImageObject","inLanguage":"es","@id":"https:\/\/www.lifenatura.com\/es\/#\/schema\/logo\/image\/","url":"https:\/\/www.lifenatura.com\/wp-content\/uploads\/2021\/11\/logo.png","contentUrl":"https:\/\/www.lifenatura.com\/wp-content\/uploads\/2021\/11\/logo.png","width":175,"height":55,"caption":"Lifenatura"},"image":{"@id":"https:\/\/www.lifenatura.com\/es\/#\/schema\/logo\/image\/"},"sameAs":["https:\/\/www.facebook.com\/lifenatura","https:\/\/www.instagram.com\/lifenaturapt\/"]}]},"product_price_amount":"14.76","product_price_currency":"EUR","og_availability":"instock","product_availability":"instock","product_retailer_item_id":"8720648297915","product_condition":"new"},"df_price":14.76,"df_sale_price":"","df_regular_price":14.76,"df_image_link":"https:\/\/www.lifenatura.com\/wp-content\/uploads\/2026\/01\/vitamina-b-complex-vitalized-300x300.jpg","_links":{"self":[{"href":"https:\/\/www.lifenatura.com\/es\/wp-json\/wp\/v2\/product\/124670","targetHints":{"allow":["GET"]}}],"collection":[{"href":"https:\/\/www.lifenatura.com\/es\/wp-json\/wp\/v2\/product"}],"about":[{"href":"https:\/\/www.lifenatura.com\/es\/wp-json\/wp\/v2\/types\/product"}],"wp:featuredmedia":[{"embeddable":true,"href":"https:\/\/www.lifenatura.com\/es\/wp-json\/wp\/v2\/media\/124570"}],"wp:attachment":[{"href":"https:\/\/www.lifenatura.com\/es\/wp-json\/wp\/v2\/media?parent=124670"}],"wp:term":[{"taxonomy":"product_brand","embeddable":true,"href":"https:\/\/www.lifenatura.com\/es\/wp-json\/wp\/v2\/product_brand?post=124670"},{"taxonomy":"product_cat","embeddable":true,"href":"https:\/\/www.lifenatura.com\/es\/wp-json\/wp\/v2\/product_cat?post=124670"},{"taxonomy":"product_tag","embeddable":true,"href":"https:\/\/www.lifenatura.com\/es\/wp-json\/wp\/v2\/product_tag?post=124670"}],"curies":[{"name":"wp","href":"https:\/\/api.w.org\/{rel}","templated":true}]}}