{"id":124669,"date":"2026-01-19T08:50:33","date_gmt":"2026-01-19T08:50:33","guid":{"rendered":"https:\/\/www.lifenatura.com\/produto\/vitamina-d-3-k-2-vegana-60-capsulas-vitalised\/"},"modified":"2026-01-22T06:20:43","modified_gmt":"2026-01-22T06:20:43","slug":"vitamina-d-3-k-2-vegana-60-capsulas-vitalised","status":"publish","type":"product","link":"https:\/\/www.lifenatura.com\/es\/produto\/vitamina-d-3-k-2-vegana-60-capsulas-vitalised\/","title":{"rendered":"Vitamina D-3 K-2 Vegana 60 C\u00e1psulas &#8211; Vitalised"},"content":{"rendered":"<h2 style=\"text-align: left;\" data-start=\"215\" data-end=\"309\"><strong data-start=\"218\" data-end=\"309\">Vitamina D3 K2 Vitalizada Vegana para Huesos Fuertes e Inmunidad<\/strong><\/h2>\n<p>&nbsp;<\/p>\n<p data-start=\"346\" data-end=\"733\"><strong data-start=\"348\" data-end=\"372\">Vitamina D3 K2 Vegana<\/strong> de <strong data-start=\"376\" data-end=\"417\"><span class=\"hover:entity-accent entity-underline inline cursor-pointer align-baseline\"><span class=\"whitespace-normal\">Vitalised<\/span><\/span><\/strong> es un complemento alimenticio de alta calidad formulado para apoyar la salud \u00f3sea, el sistema inmunitario y el funcionamiento normal del sistema cardiovascular. Combina <strong data-start=\"584\" data-end=\"617\">la Vitamina D3 de origen vegetal<\/strong> con <strong data-start=\"622\" data-end=\"637\">la Vitamina K2<\/strong>, creando una sinergia esencial para la correcta absorci\u00f3n y utilizaci\u00f3n del calcio en el organismo.<\/p>\n<p data-start=\"735\" data-end=\"1034\">Esta f\u00f3rmula vegana se ha desarrollado para garantizar una absorci\u00f3n eficaz, ayudando a dirigir el calcio a los huesos y dientes y evitando su acumulaci\u00f3n no deseada en los vasos sangu\u00edneos. Es una soluci\u00f3n ideal para quienes buscan un suplemento completo y natural acorde con un estilo de vida consciente.<\/p>\n<h3 data-start=\"1041\" data-end=\"1070\"><strong data-start=\"1045\" data-end=\"1070\">Principales ventajas<\/strong><\/h3>\n<ul data-start=\"1071\" data-end=\"1436\">\n<li data-start=\"1071\" data-end=\"1130\">\n<p data-start=\"1073\" data-end=\"1130\">Contribuye al <strong data-start=\"1090\" data-end=\"1130\">mantenimiento de huesos y dientes normales<\/strong><\/p>\n<\/li>\n<li data-start=\"1131\" data-end=\"1187\">\n<p data-start=\"1133\" data-end=\"1187\">Favorece <strong data-start=\"1141\" data-end=\"1187\">el funcionamiento normal del sistema inmunitario<\/strong><\/p>\n<\/li>\n<li data-start=\"1188\" data-end=\"1244\">\n<p data-start=\"1190\" data-end=\"1244\">Ayuda a <strong data-start=\"1199\" data-end=\"1244\">absorber y utilizar el calcio y el f\u00f3sforo<\/strong><\/p>\n<\/li>\n<li data-start=\"1245\" data-end=\"1297\">\n<p data-start=\"1247\" data-end=\"1297\">Contribuye a la <strong data-start=\"1264\" data-end=\"1297\">funci\u00f3n muscular normal<\/strong><\/p>\n<\/li>\n<li data-start=\"1298\" data-end=\"1332\">\n<p data-start=\"1300\" data-end=\"1332\">Favorece <strong data-start=\"1308\" data-end=\"1332\">la salud cardiovascular<\/strong><\/p>\n<\/li>\n<li data-start=\"1333\" data-end=\"1379\">\n<p data-start=\"1335\" data-end=\"1379\">Combinaci\u00f3n sin\u00e9rgica de <strong data-start=\"1359\" data-end=\"1379\">vitamina D3 + K2<\/strong><\/p>\n<\/li>\n<li data-start=\"1380\" data-end=\"1436\">\n<p data-start=\"1382\" data-end=\"1436\">F\u00f3rmula <strong data-start=\"1390\" data-end=\"1404\">100% vegana<\/strong>, apta para dietas vegetarianas<\/p>\n<\/li>\n<\/ul>\n<h3 data-start=\"1443\" data-end=\"1474\"><strong data-start=\"1447\" data-end=\"1474\">A qui\u00e9n va dirigido<\/strong><\/h3>\n<p data-start=\"1475\" data-end=\"1507\">Este suplemento est\u00e1 indicado para<\/p>\n<ul data-start=\"1508\" data-end=\"1771\">\n<li data-start=\"1508\" data-end=\"1547\">\n<p data-start=\"1510\" data-end=\"1547\">Personas con <strong data-start=\"1522\" data-end=\"1547\">baja exposici\u00f3n al sol<\/strong><\/p>\n<\/li>\n<li data-start=\"1548\" data-end=\"1600\">\n<p data-start=\"1550\" data-end=\"1600\">Adultos que quieren apoyar <strong data-start=\"1581\" data-end=\"1600\">la salud \u00f3sea<\/strong><\/p>\n<\/li>\n<li data-start=\"1601\" data-end=\"1653\">\n<p data-start=\"1603\" data-end=\"1653\">Personas con riesgo de <strong data-start=\"1624\" data-end=\"1653\">deficiencia de vitamina D<\/strong><\/p>\n<\/li>\n<li data-start=\"1654\" data-end=\"1678\">\n<p data-start=\"1656\" data-end=\"1678\">Veganos y vegetarianos<\/p>\n<\/li>\n<li data-start=\"1679\" data-end=\"1706\">\n<p data-start=\"1681\" data-end=\"1706\">Adultos mayores de 40 a\u00f1os<\/p>\n<\/li>\n<li data-start=\"1707\" data-end=\"1771\">\n<p data-start=\"1709\" data-end=\"1771\">Personas preocupadas por <strong data-start=\"1735\" data-end=\"1771\">la salud cardiovascular y la inmunidad<\/strong><\/p>\n<\/li>\n<\/ul>\n<p>Vitalised D3 K2 Vegano contiene 2000 UI (50 mcg) de vitamina D3 y 100 mcg de vitamina K2 todo trans MK-7, proporcionando dosis cl\u00ednicamente probadas de ambas vitaminas esenciales para una salud \u00f3sea fuerte y un apoyo inmunitario.<\/p>\n<p>El suplemento se fabrica en Europa utilizando s\u00f3lo los mejores ingredientes. Es totalmente vegano y proporciona ambas vitaminas en sus formas m\u00e1s eficaces.<\/p>\n<p><strong>PRESENTACI\u00d3N<\/strong><\/p>\n<p>60 c\u00e1psulas<\/p>\n<p>&nbsp;<\/p>\n","protected":false},"excerpt":{"rendered":"<p>Vitamina D3 K2 vegana vitalizada: ayuda a los huesos, la inmunidad y la salud cardiovascular. F\u00f3rmula vegetal de alta absorci\u00f3n. [&#8230;]<\/p>\n<p><a class=\"btn btn-secondary understrap-read-more-link\" href=\"https:\/\/www.lifenatura.com\/es\/produto\/vitamina-d-3-k-2-vegana-60-capsulas-vitalised\/\">Leer m\u00e1s&#8230;<span class=\"screen-reader-text\"> from Vitamina D-3 K-2 Vegana 60 C\u00e1psulas &#8211; Vitalised<\/span><\/a><\/p>\n","protected":false},"featured_media":124573,"template":"","meta":{"_acf_changed":false},"product_brand":[8357],"product_cat":[7207,7211,7179,7883,7261,8013],"product_tag":[],"class_list":{"0":"post-124669","1":"product","2":"type-product","3":"status-publish","4":"has-post-thumbnail","6":"product_brand-vitalized-es","7":"product_cat-osteoporosis","8":"product_cat-reforza-la-inmunidad-salud","9":"product_cat-salud","10":"product_cat-suplementos-alimenticios","11":"product_cat-vitamina-d-salud","12":"product_cat-vitamina-k-es","14":"first","15":"outofstock","16":"shipping-taxable","17":"purchasable","18":"product-type-simple","19":"add-to-wishlist-before_image"},"acf":[],"yoast_head":"<!-- This site is optimized with the Yoast SEO Premium plugin v27.1 (Yoast SEO v27.4) - https:\/\/yoast.com\/product\/yoast-seo-premium-wordpress\/ -->\n<title>Vitamina D-3 K-2 Vegana 60 C\u00e1psulas - Vitalised - Lifenatura<\/title>\n<meta name=\"description\" content=\"Vitamina D3 K2 vegana vitalizada: ayuda a los huesos, la inmunidad y la salud cardiovascular. F\u00f3rmula vegetal de alta absorci\u00f3n.\" \/>\n<meta name=\"robots\" content=\"index, follow, max-snippet:-1, max-image-preview:large, max-video-preview:-1\" \/>\n<link rel=\"canonical\" href=\"https:\/\/www.lifenatura.com\/es\/produto\/vitamina-d-3-k-2-vegana-60-capsulas-vitalised\/\" \/>\n<meta property=\"og:locale\" content=\"es_ES\" \/>\n<meta property=\"og:type\" content=\"article\" \/>\n<meta property=\"og:title\" content=\"Vitamina D-3 K-2 Vegana 60 C\u00e1psulas - Vitalised - Lifenatura\" \/>\n<meta property=\"og:description\" content=\"Compre aqui o seu Vitamina D-3 K-2 Vegana 60 C\u00e1psulas - Vitalised e a Lifenatura Online envia em 48 H com Portes Gratis &gt;35\u20ac de Pedido.\" \/>\n<meta property=\"og:url\" content=\"https:\/\/www.lifenatura.com\/es\/produto\/vitamina-d-3-k-2-vegana-60-capsulas-vitalised\/\" \/>\n<meta property=\"og:site_name\" content=\"Lifenatura\" \/>\n<meta property=\"article:publisher\" content=\"https:\/\/www.facebook.com\/lifenatura\" \/>\n<meta property=\"article:modified_time\" content=\"2026-01-22T06:20:43+00:00\" \/>\n<meta property=\"og:image\" content=\"https:\/\/www.lifenatura.com\/wp-content\/uploads\/2026\/01\/vitamina-d3-k2-vegan-vitalized.jpg\" \/>\n\t<meta property=\"og:image:width\" content=\"1000\" \/>\n\t<meta property=\"og:image:height\" content=\"1000\" \/>\n\t<meta property=\"og:image:type\" content=\"image\/jpeg\" \/>\n<meta name=\"twitter:card\" content=\"summary_large_image\" \/>\n<meta name=\"twitter:label1\" content=\"Precio\" \/>\n\t<meta name=\"twitter:data1\" content=\"17,73&nbsp;&euro;\" \/>\n\t<meta name=\"twitter:label2\" content=\"Disponibilidad\" \/>\n\t<meta name=\"twitter:data2\" content=\"Sin existencias\" \/>\n<meta property=\"product:price:amount\" content=\"17.73\" \/>\n<meta property=\"product:price:currency\" content=\"EUR\" \/>\n<meta property=\"og:availability\" content=\"out of stock\" \/>\n<meta property=\"product:availability\" content=\"out of stock\" \/>\n<meta property=\"product:retailer_item_id\" content=\"8720648297892\" \/>\n<meta property=\"product:condition\" content=\"new\" \/>\n<!-- \/ Yoast SEO Premium plugin. -->","yoast_head_json":{"title":"Vitamina D-3 K-2 Vegana 60 C\u00e1psulas - Vitalised - Lifenatura","description":"Vitamina D3 K2 vegana vitalizada: ayuda a los huesos, la inmunidad y la salud cardiovascular. F\u00f3rmula vegetal de alta absorci\u00f3n.","robots":{"index":"index","follow":"follow","max-snippet":"max-snippet:-1","max-image-preview":"max-image-preview:large","max-video-preview":"max-video-preview:-1"},"canonical":"https:\/\/www.lifenatura.com\/es\/produto\/vitamina-d-3-k-2-vegana-60-capsulas-vitalised\/","og_locale":"es_ES","og_type":"article","og_title":"Vitamina D-3 K-2 Vegana 60 C\u00e1psulas - Vitalised - Lifenatura","og_description":"Compre aqui o seu Vitamina D-3 K-2 Vegana 60 C\u00e1psulas - Vitalised e a Lifenatura Online envia em 48 H com Portes Gratis >35\u20ac de Pedido.","og_url":"https:\/\/www.lifenatura.com\/es\/produto\/vitamina-d-3-k-2-vegana-60-capsulas-vitalised\/","og_site_name":"Lifenatura","article_publisher":"https:\/\/www.facebook.com\/lifenatura","article_modified_time":"2026-01-22T06:20:43+00:00","og_image":[{"width":1000,"height":1000,"url":"https:\/\/www.lifenatura.com\/wp-content\/uploads\/2026\/01\/vitamina-d3-k2-vegan-vitalized.jpg","type":"image\/jpeg"}],"twitter_card":"summary_large_image","twitter_misc":{"Precio":"17,73&nbsp;&euro;","Disponibilidad":"Sin existencias"},"schema":{"@context":"https:\/\/schema.org","@graph":[{"@type":"WebPage","@id":"https:\/\/www.lifenatura.com\/es\/produto\/vitamina-d-3-k-2-vegana-60-capsulas-vitalised\/","url":"https:\/\/www.lifenatura.com\/es\/produto\/vitamina-d-3-k-2-vegana-60-capsulas-vitalised\/","name":"Vitamina D-3 K-2 Vegana 60 C\u00e1psulas - Vitalised - Lifenatura","isPartOf":{"@id":"https:\/\/www.lifenatura.com\/es\/#website"},"primaryImageOfPage":{"@id":"https:\/\/www.lifenatura.com\/es\/produto\/vitamina-d-3-k-2-vegana-60-capsulas-vitalised\/#primaryimage"},"image":{"@id":"https:\/\/www.lifenatura.com\/es\/produto\/vitamina-d-3-k-2-vegana-60-capsulas-vitalised\/#primaryimage"},"thumbnailUrl":"https:\/\/www.lifenatura.com\/wp-content\/uploads\/2026\/01\/vitamina-d3-k2-vegan-vitalized.jpg","datePublished":"2026-01-19T08:50:33+00:00","dateModified":"2026-01-22T06:20:43+00:00","description":"Vitamina D3 K2 vegana vitalizada: ayuda a los huesos, la inmunidad y la salud cardiovascular. F\u00f3rmula vegetal de alta absorci\u00f3n.","breadcrumb":{"@id":"https:\/\/www.lifenatura.com\/es\/produto\/vitamina-d-3-k-2-vegana-60-capsulas-vitalised\/#breadcrumb"},"inLanguage":"es","potentialAction":[{"@type":"ReadAction","target":["https:\/\/www.lifenatura.com\/es\/produto\/vitamina-d-3-k-2-vegana-60-capsulas-vitalised\/"]}]},{"@type":"ImageObject","inLanguage":"es","@id":"https:\/\/www.lifenatura.com\/es\/produto\/vitamina-d-3-k-2-vegana-60-capsulas-vitalised\/#primaryimage","url":"https:\/\/www.lifenatura.com\/wp-content\/uploads\/2026\/01\/vitamina-d3-k2-vegan-vitalized.jpg","contentUrl":"https:\/\/www.lifenatura.com\/wp-content\/uploads\/2026\/01\/vitamina-d3-k2-vegan-vitalized.jpg","width":1000,"height":1000,"caption":"Vitamina d3 k2 vegana vitalizada"},{"@type":"BreadcrumbList","@id":"https:\/\/www.lifenatura.com\/es\/produto\/vitamina-d-3-k-2-vegana-60-capsulas-vitalised\/#breadcrumb","itemListElement":[{"@type":"ListItem","position":1,"name":"In\u00edcio","item":"https:\/\/www.lifenatura.com\/es\/"},{"@type":"ListItem","position":2,"name":"Todos los Productos","item":"https:\/\/www.lifenatura.com\/es\/tienda\/"},{"@type":"ListItem","position":3,"name":"Vitamina D-3 K-2 Vegana 60 C\u00e1psulas &#8211; Vitalised"}]},{"@type":"WebSite","@id":"https:\/\/www.lifenatura.com\/es\/#website","url":"https:\/\/www.lifenatura.com\/es\/","name":"Lifenatura","description":"A Lifenatura \u00e9 uma loja de produtos naturais, cosm\u00e9tica natural e alimenta\u00e7\u00e3o Biol\u00f3gica.","publisher":{"@id":"https:\/\/www.lifenatura.com\/es\/#organization"},"potentialAction":[{"@type":"SearchAction","target":{"@type":"EntryPoint","urlTemplate":"https:\/\/www.lifenatura.com\/es\/?s={search_term_string}"},"query-input":{"@type":"PropertyValueSpecification","valueRequired":true,"valueName":"search_term_string"}}],"inLanguage":"es"},{"@type":"Organization","@id":"https:\/\/www.lifenatura.com\/es\/#organization","name":"Lifenatura","url":"https:\/\/www.lifenatura.com\/es\/","logo":{"@type":"ImageObject","inLanguage":"es","@id":"https:\/\/www.lifenatura.com\/es\/#\/schema\/logo\/image\/","url":"https:\/\/www.lifenatura.com\/wp-content\/uploads\/2021\/11\/logo.png","contentUrl":"https:\/\/www.lifenatura.com\/wp-content\/uploads\/2021\/11\/logo.png","width":175,"height":55,"caption":"Lifenatura"},"image":{"@id":"https:\/\/www.lifenatura.com\/es\/#\/schema\/logo\/image\/"},"sameAs":["https:\/\/www.facebook.com\/lifenatura","https:\/\/www.instagram.com\/lifenaturapt\/"]}]},"product_price_amount":"17.73","product_price_currency":"EUR","og_availability":"out of stock","product_availability":"out of stock","product_retailer_item_id":"8720648297892","product_condition":"new"},"df_price":17.73,"df_sale_price":"","df_regular_price":17.73,"df_image_link":"https:\/\/www.lifenatura.com\/wp-content\/uploads\/2026\/01\/vitamina-d3-k2-vegan-vitalized-300x300.jpg","_links":{"self":[{"href":"https:\/\/www.lifenatura.com\/es\/wp-json\/wp\/v2\/product\/124669","targetHints":{"allow":["GET"]}}],"collection":[{"href":"https:\/\/www.lifenatura.com\/es\/wp-json\/wp\/v2\/product"}],"about":[{"href":"https:\/\/www.lifenatura.com\/es\/wp-json\/wp\/v2\/types\/product"}],"wp:featuredmedia":[{"embeddable":true,"href":"https:\/\/www.lifenatura.com\/es\/wp-json\/wp\/v2\/media\/124573"}],"wp:attachment":[{"href":"https:\/\/www.lifenatura.com\/es\/wp-json\/wp\/v2\/media?parent=124669"}],"wp:term":[{"taxonomy":"product_brand","embeddable":true,"href":"https:\/\/www.lifenatura.com\/es\/wp-json\/wp\/v2\/product_brand?post=124669"},{"taxonomy":"product_cat","embeddable":true,"href":"https:\/\/www.lifenatura.com\/es\/wp-json\/wp\/v2\/product_cat?post=124669"},{"taxonomy":"product_tag","embeddable":true,"href":"https:\/\/www.lifenatura.com\/es\/wp-json\/wp\/v2\/product_tag?post=124669"}],"curies":[{"name":"wp","href":"https:\/\/api.w.org\/{rel}","templated":true}]}}