{"id":124667,"date":"2026-01-19T08:05:57","date_gmt":"2026-01-19T08:05:57","guid":{"rendered":"https:\/\/www.lifenatura.com\/produto\/omega-mega-epa-dha-120-sofgeles-life-extension\/"},"modified":"2026-04-15T23:41:55","modified_gmt":"2026-04-15T23:41:55","slug":"omega-mega-epa-dha-120-sofgeles-life-extension","status":"publish","type":"product","link":"https:\/\/www.lifenatura.com\/es\/produto\/omega-mega-epa-dha-120-sofgeles-life-extension\/","title":{"rendered":"Mega EPA\/DHA 120 Sofgeles &#8211; Life Extension"},"content":{"rendered":"<h2 style=\"text-align: left;\" data-start=\"0\" data-end=\"58\"><strong>Salud cardiovascular y funci\u00f3n cerebral con Mega EPA\/DHA<\/strong><\/h2>\n<p>&nbsp;<\/p>\n<p data-start=\"60\" data-end=\"551\"><strong data-start=\"62\" data-end=\"119\">Mega EPA\/DHA de <span class=\"hover:entity-accent entity-underline inline cursor-pointer align-baseline\"><span class=\"whitespace-normal\">Life<\/span><\/span> Extension<\/strong> es un complemento alimenticio con una alta concentraci\u00f3n de <strong data-start=\"173\" data-end=\"184\">omega-3<\/strong>, especialmente formulado para apoyar la salud del coraz\u00f3n, el cerebro y el sistema cardiovascular.<\/p>\n<p data-start=\"60\" data-end=\"551\">Rico en <strong data-start=\"290\" data-end=\"323\">EPA (\u00e1cido eicosapentaenoico)<\/strong> y <strong data-start=\"326\" data-end=\"358\">DHA (\u00e1cido docosahexaenoico)<\/strong>, dos \u00e1cidos grasos esenciales procedentes del aceite de pescado altamente purificado, este suplemento ofrece un apoyo nutricional eficaz y con base cient\u00edfica para el bienestar general.<\/p>\n<p data-start=\"553\" data-end=\"1095\">Los omega-3 desempe\u00f1an un papel fundamental en el mantenimiento de la funci\u00f3n cardiovascular normal, ayudando a regular los niveles de l\u00edpidos en sangre y favoreciendo la elasticidad de los vasos sangu\u00edneos.<\/p>\n<p data-start=\"553\" data-end=\"1095\">El DHA tambi\u00e9n contribuye al funcionamiento normal del cerebro y la visi\u00f3n, mientras que el EPA se asocia con el equilibrio de los procesos inflamatorios del organismo. La f\u00f3rmula Mega EPA\/DHA de Life Extension destaca por su elevada pureza, concentraci\u00f3n y riguroso control de calidad, garantizando una excelente biodisponibilidad y seguridad de uso.<\/p>\n<p data-start=\"1097\" data-end=\"1399\">Este suplemento es ideal para integrarlo en una rutina diaria de prevenci\u00f3n y cuidado de la salud, sobre todo en contextos en los que la dieta es pobre en pescado azul o en fases de mayor exigencia f\u00edsica y mental. La suplementaci\u00f3n regular contribuye al equilibrio general del organismo y a un envejecimiento m\u00e1s saludable.<\/p>\n<h3 data-start=\"1401\" data-end=\"1426\">Principales ventajas<\/h3>\n<ul data-start=\"1427\" data-end=\"1880\">\n<li data-start=\"1427\" data-end=\"1517\">\n<p data-start=\"1429\" data-end=\"1517\"><strong data-start=\"1429\" data-end=\"1461\">Favorece la salud cardiovascular<\/strong>, contribuyendo al funcionamiento normal del coraz\u00f3n.<\/p>\n<\/li>\n<li data-start=\"1518\" data-end=\"1589\">\n<p data-start=\"1520\" data-end=\"1589\"><strong data-start=\"1520\" data-end=\"1563\">Contribuye al funcionamiento normal del cerebro<\/strong> gracias a su contenido en DHA.<\/p>\n<\/li>\n<li data-start=\"1590\" data-end=\"1666\">\n<p data-start=\"1592\" data-end=\"1666\"><strong data-start=\"1592\" data-end=\"1638\">Ayuda a mantener niveles saludables de omega-3<\/strong>, esencial para el organismo.<\/p>\n<\/li>\n<li data-start=\"1667\" data-end=\"1728\">\n<p data-start=\"1669\" data-end=\"1728\"><strong data-start=\"1669\" data-end=\"1707\">Favorece el equilibrio inflamatorio<\/strong>, asociado al EPA.<\/p>\n<\/li>\n<li data-start=\"1729\" data-end=\"1810\">\n<p data-start=\"1731\" data-end=\"1810\"><strong data-start=\"1731\" data-end=\"1769\">Aceite de pescado<\/strong> altamente <strong data-start=\"1731\" data-end=\"1769\">purificado<\/strong>, de gran concentraci\u00f3n y calidad.<\/p>\n<\/li>\n<li data-start=\"1811\" data-end=\"1880\">\n<p data-start=\"1813\" data-end=\"1880\"><strong data-start=\"1813\" data-end=\"1853\">F\u00f3rmula cient\u00edficamente desarrollada<\/strong>, adecuada para el uso diario.<\/p>\n<\/li>\n<\/ul>\n<h3 data-start=\"1882\" data-end=\"1899\">Adecuado para<\/h3>\n<p data-start=\"1900\" data-end=\"1954\">Life Extension Mega EPA\/DHA est\u00e1 recomendado para:<\/p>\n<ul data-start=\"1955\" data-end=\"2290\">\n<li data-start=\"1955\" data-end=\"2024\">\n<p data-start=\"1957\" data-end=\"2024\">Adultos que quieren <strong data-start=\"1979\" data-end=\"2021\">apoyar la salud del coraz\u00f3n y del cerebro<\/strong>.<\/p>\n<\/li>\n<li data-start=\"2025\" data-end=\"2083\">\n<p data-start=\"2027\" data-end=\"2083\">Personas con <strong data-start=\"2039\" data-end=\"2065\">bajo consumo de pescado<\/strong> en su dieta.<\/p>\n<\/li>\n<li data-start=\"2084\" data-end=\"2155\">\n<p data-start=\"2086\" data-end=\"2155\">Quienes buscan apoyo nutricional para el <strong data-start=\"2124\" data-end=\"2152\">bienestar cardiovascular<\/strong>.<\/p>\n<\/li>\n<li data-start=\"2156\" data-end=\"2215\">\n<p data-start=\"2158\" data-end=\"2215\">Estilos de vida exigentes, con estr\u00e9s f\u00edsico o mental.<\/p>\n<\/li>\n<li data-start=\"2216\" data-end=\"2290\">\n<p data-start=\"2218\" data-end=\"2290\">Consumidores que valoran los suplementos de omega-3 <strong data-start=\"2271\" data-end=\"2289\">de alta calidad<\/strong>.<\/p>\n<\/li>\n<\/ul>\n<p><strong>PRESENTACI\u00d3N<\/strong><\/p>\n<p>120 c\u00e1psulas blandas<\/p>\n<p>&nbsp;<\/p>\n","protected":false},"excerpt":{"rendered":"<p>Mega EPA\/DHA Concentrado de Omega-3 Life Extension para la salud cardiovascular, la funci\u00f3n cerebral y el bienestar general. Con EPA y DHA de gran pureza. [&#8230;]<\/p>\n<p><a class=\"btn btn-secondary understrap-read-more-link\" href=\"https:\/\/www.lifenatura.com\/es\/produto\/omega-mega-epa-dha-120-sofgeles-life-extension\/\">Leer m\u00e1s&#8230;<span class=\"screen-reader-text\"> from Mega EPA\/DHA 120 Sofgeles &#8211; Life Extension<\/span><\/a><\/p>\n","protected":false},"featured_media":133488,"template":"","meta":{"_acf_changed":false},"product_brand":[8339],"product_cat":[7659,7755,7179,7883],"product_tag":[],"class_list":{"0":"post-124667","1":"product","2":"type-product","3":"status-publish","4":"has-post-thumbnail","6":"product_brand-life-extension-es","7":"product_cat-ingrediente-natural-bio","8":"product_cat-omega-3-es","9":"product_cat-salud","10":"product_cat-suplementos-alimenticios","12":"first","13":"instock","14":"sale","15":"featured","16":"shipping-taxable","17":"purchasable","18":"product-type-simple","19":"add-to-wishlist-before_image"},"acf":[],"yoast_head":"<!-- This site is optimized with the Yoast SEO Premium plugin v27.1 (Yoast SEO v27.4) - https:\/\/yoast.com\/product\/yoast-seo-premium-wordpress\/ -->\n<title>Mega EPA\/DHA 120 Sofgeles - Life Extension - Lifenatura<\/title>\n<meta name=\"description\" content=\"Mega EPA\/DHA Concentrado de Omega-3 Life Extension para la salud cardiovascular, la funci\u00f3n cerebral y el bienestar general. Con EPA y DHA de gran pureza.\" \/>\n<meta name=\"robots\" content=\"index, follow, max-snippet:-1, max-image-preview:large, max-video-preview:-1\" \/>\n<link rel=\"canonical\" href=\"https:\/\/www.lifenatura.com\/es\/produto\/omega-mega-epa-dha-120-sofgeles-life-extension\/\" \/>\n<meta property=\"og:locale\" content=\"es_ES\" \/>\n<meta property=\"og:type\" content=\"article\" \/>\n<meta property=\"og:title\" content=\"Mega EPA\/DHA 120 Sofgeles - Life Extension - Lifenatura\" \/>\n<meta property=\"og:description\" content=\"Compre aqui o seu Mega EPA\/DHA 120 Sofgeles - Life Extension e a Lifenatura Online envia em 48 H com Portes Gratis &gt;35\u20ac de Pedido.\" \/>\n<meta property=\"og:url\" content=\"https:\/\/www.lifenatura.com\/es\/produto\/omega-mega-epa-dha-120-sofgeles-life-extension\/\" \/>\n<meta property=\"og:site_name\" content=\"Lifenatura\" \/>\n<meta property=\"article:publisher\" content=\"https:\/\/www.facebook.com\/lifenatura\" \/>\n<meta property=\"article:modified_time\" content=\"2026-04-15T23:41:55+00:00\" \/>\n<meta property=\"og:image\" content=\"https:\/\/www.lifenatura.com\/wp-content\/uploads\/2026\/04\/01937eu_mega_epa_dha_eu_1-1.png\" \/>\n\t<meta property=\"og:image:width\" content=\"1396\" \/>\n\t<meta property=\"og:image:height\" content=\"1226\" \/>\n\t<meta property=\"og:image:type\" content=\"image\/png\" \/>\n<meta name=\"twitter:card\" content=\"summary_large_image\" \/>\n<meta name=\"twitter:label1\" content=\"Precio\" \/>\n\t<meta name=\"twitter:data1\" content=\"43,20&nbsp;&euro;\" \/>\n\t<meta name=\"twitter:label2\" content=\"Disponibilidad\" \/>\n\t<meta name=\"twitter:data2\" content=\"Disponible\" \/>\n<meta property=\"product:price:amount\" content=\"43.20\" \/>\n<meta property=\"product:price:currency\" content=\"EUR\" \/>\n<meta property=\"og:availability\" content=\"instock\" \/>\n<meta property=\"product:availability\" content=\"instock\" \/>\n<meta property=\"product:retailer_item_id\" content=\"737870193715\" \/>\n<meta property=\"product:condition\" content=\"new\" \/>\n<!-- \/ Yoast SEO Premium plugin. -->","yoast_head_json":{"title":"Mega EPA\/DHA 120 Sofgeles - Life Extension - Lifenatura","description":"Mega EPA\/DHA Concentrado de Omega-3 Life Extension para la salud cardiovascular, la funci\u00f3n cerebral y el bienestar general. Con EPA y DHA de gran pureza.","robots":{"index":"index","follow":"follow","max-snippet":"max-snippet:-1","max-image-preview":"max-image-preview:large","max-video-preview":"max-video-preview:-1"},"canonical":"https:\/\/www.lifenatura.com\/es\/produto\/omega-mega-epa-dha-120-sofgeles-life-extension\/","og_locale":"es_ES","og_type":"article","og_title":"Mega EPA\/DHA 120 Sofgeles - Life Extension - Lifenatura","og_description":"Compre aqui o seu Mega EPA\/DHA 120 Sofgeles - Life Extension e a Lifenatura Online envia em 48 H com Portes Gratis >35\u20ac de Pedido.","og_url":"https:\/\/www.lifenatura.com\/es\/produto\/omega-mega-epa-dha-120-sofgeles-life-extension\/","og_site_name":"Lifenatura","article_publisher":"https:\/\/www.facebook.com\/lifenatura","article_modified_time":"2026-04-15T23:41:55+00:00","og_image":[{"width":1396,"height":1226,"url":"https:\/\/www.lifenatura.com\/wp-content\/uploads\/2026\/04\/01937eu_mega_epa_dha_eu_1-1.png","type":"image\/png"}],"twitter_card":"summary_large_image","twitter_misc":{"Precio":"43,20&nbsp;&euro;","Disponibilidad":"Disponible"},"schema":{"@context":"https:\/\/schema.org","@graph":[{"@type":"WebPage","@id":"https:\/\/www.lifenatura.com\/es\/produto\/omega-mega-epa-dha-120-sofgeles-life-extension\/","url":"https:\/\/www.lifenatura.com\/es\/produto\/omega-mega-epa-dha-120-sofgeles-life-extension\/","name":"Mega EPA\/DHA 120 Sofgeles - Life Extension - Lifenatura","isPartOf":{"@id":"https:\/\/www.lifenatura.com\/es\/#website"},"primaryImageOfPage":{"@id":"https:\/\/www.lifenatura.com\/es\/produto\/omega-mega-epa-dha-120-sofgeles-life-extension\/#primaryimage"},"image":{"@id":"https:\/\/www.lifenatura.com\/es\/produto\/omega-mega-epa-dha-120-sofgeles-life-extension\/#primaryimage"},"thumbnailUrl":"https:\/\/www.lifenatura.com\/wp-content\/uploads\/2026\/04\/01937eu_mega_epa_dha_eu_1-1.png","datePublished":"2026-01-19T08:05:57+00:00","dateModified":"2026-04-15T23:41:55+00:00","description":"Mega EPA\/DHA Concentrado de Omega-3 Life Extension para la salud cardiovascular, la funci\u00f3n cerebral y el bienestar general. Con EPA y DHA de gran pureza.","breadcrumb":{"@id":"https:\/\/www.lifenatura.com\/es\/produto\/omega-mega-epa-dha-120-sofgeles-life-extension\/#breadcrumb"},"inLanguage":"es","potentialAction":[{"@type":"ReadAction","target":["https:\/\/www.lifenatura.com\/es\/produto\/omega-mega-epa-dha-120-sofgeles-life-extension\/"]}]},{"@type":"ImageObject","inLanguage":"es","@id":"https:\/\/www.lifenatura.com\/es\/produto\/omega-mega-epa-dha-120-sofgeles-life-extension\/#primaryimage","url":"https:\/\/www.lifenatura.com\/wp-content\/uploads\/2026\/04\/01937eu_mega_epa_dha_eu_1-1.png","contentUrl":"https:\/\/www.lifenatura.com\/wp-content\/uploads\/2026\/04\/01937eu_mega_epa_dha_eu_1-1.png","width":1396,"height":1226},{"@type":"BreadcrumbList","@id":"https:\/\/www.lifenatura.com\/es\/produto\/omega-mega-epa-dha-120-sofgeles-life-extension\/#breadcrumb","itemListElement":[{"@type":"ListItem","position":1,"name":"In\u00edcio","item":"https:\/\/www.lifenatura.com\/es\/"},{"@type":"ListItem","position":2,"name":"Todos los Productos","item":"https:\/\/www.lifenatura.com\/es\/tienda\/"},{"@type":"ListItem","position":3,"name":"Mega EPA\/DHA 120 Sofgeles &#8211; Life Extension"}]},{"@type":"WebSite","@id":"https:\/\/www.lifenatura.com\/es\/#website","url":"https:\/\/www.lifenatura.com\/es\/","name":"Lifenatura","description":"A Lifenatura \u00e9 uma loja de produtos naturais, cosm\u00e9tica natural e alimenta\u00e7\u00e3o Biol\u00f3gica.","publisher":{"@id":"https:\/\/www.lifenatura.com\/es\/#organization"},"potentialAction":[{"@type":"SearchAction","target":{"@type":"EntryPoint","urlTemplate":"https:\/\/www.lifenatura.com\/es\/?s={search_term_string}"},"query-input":{"@type":"PropertyValueSpecification","valueRequired":true,"valueName":"search_term_string"}}],"inLanguage":"es"},{"@type":"Organization","@id":"https:\/\/www.lifenatura.com\/es\/#organization","name":"Lifenatura","url":"https:\/\/www.lifenatura.com\/es\/","logo":{"@type":"ImageObject","inLanguage":"es","@id":"https:\/\/www.lifenatura.com\/es\/#\/schema\/logo\/image\/","url":"https:\/\/www.lifenatura.com\/wp-content\/uploads\/2021\/11\/logo.png","contentUrl":"https:\/\/www.lifenatura.com\/wp-content\/uploads\/2021\/11\/logo.png","width":175,"height":55,"caption":"Lifenatura"},"image":{"@id":"https:\/\/www.lifenatura.com\/es\/#\/schema\/logo\/image\/"},"sameAs":["https:\/\/www.facebook.com\/lifenatura","https:\/\/www.instagram.com\/lifenaturapt\/"]}]},"product_price_amount":"43.20","product_price_currency":"EUR","og_availability":"instock","product_availability":"instock","product_retailer_item_id":"737870193715","product_condition":"new"},"df_price":43.2,"df_sale_price":43.2,"df_regular_price":51.35,"df_image_link":"https:\/\/www.lifenatura.com\/wp-content\/uploads\/2026\/04\/01937eu_mega_epa_dha_eu_1-1-300x263.png","_links":{"self":[{"href":"https:\/\/www.lifenatura.com\/es\/wp-json\/wp\/v2\/product\/124667","targetHints":{"allow":["GET"]}}],"collection":[{"href":"https:\/\/www.lifenatura.com\/es\/wp-json\/wp\/v2\/product"}],"about":[{"href":"https:\/\/www.lifenatura.com\/es\/wp-json\/wp\/v2\/types\/product"}],"wp:featuredmedia":[{"embeddable":true,"href":"https:\/\/www.lifenatura.com\/es\/wp-json\/wp\/v2\/media\/133488"}],"wp:attachment":[{"href":"https:\/\/www.lifenatura.com\/es\/wp-json\/wp\/v2\/media?parent=124667"}],"wp:term":[{"taxonomy":"product_brand","embeddable":true,"href":"https:\/\/www.lifenatura.com\/es\/wp-json\/wp\/v2\/product_brand?post=124667"},{"taxonomy":"product_cat","embeddable":true,"href":"https:\/\/www.lifenatura.com\/es\/wp-json\/wp\/v2\/product_cat?post=124667"},{"taxonomy":"product_tag","embeddable":true,"href":"https:\/\/www.lifenatura.com\/es\/wp-json\/wp\/v2\/product_tag?post=124667"}],"curies":[{"name":"wp","href":"https:\/\/api.w.org\/{rel}","templated":true}]}}