{"id":123407,"date":"2025-10-02T07:27:48","date_gmt":"2025-10-02T07:27:48","guid":{"rendered":"https:\/\/www.lifenatura.com\/produto\/sinergia-tranquilidad-50-capsulas-terranova\/"},"modified":"2025-12-23T16:07:09","modified_gmt":"2025-12-23T16:07:09","slug":"sinergia-tranquilidad-50-capsulas-terranova","status":"publish","type":"product","link":"https:\/\/www.lifenatura.com\/es\/produto\/sinergia-tranquilidad-50-capsulas-terranova\/","title":{"rendered":"Sinergia Tranquilidad 50 C\u00e1psulas &#8211; TerraNova"},"content":{"rendered":"<h2 style=\"text-align: left;\" data-start=\"0\" data-end=\"80\"><strong data-start=\"3\" data-end=\"80\">Sinergia Tranquilidad &#8211; TerraNova<\/strong><\/h2>\n<p>&nbsp;<\/p>\n<p data-start=\"82\" data-end=\"521\"><strong data-start=\"84\" data-end=\"137\">La Sinergia Tranquilidad de TerraNova (50 c\u00e1psulas)<\/strong> es una f\u00f3rmula cuidadosamente desarrollada para favorecer la relajaci\u00f3n, la serenidad mental y el equilibrio emocional, de forma natural y sin provocar somnolencia. Este complemento combina plantas tradicionalmente utilizadas para calmar el sistema nervioso con el exclusivo <strong data-start=\"406\" data-end=\"428\">complejo Magnifood<\/strong>, garantizando una acci\u00f3n suave, eficaz y bien tolerada, ideal para el exigente ritmo de la vida cotidiana.<\/p>\n<p data-start=\"523\" data-end=\"1013\">La sinergia de sus ingredientes act\u00faa armoniosamente para ayudar al organismo a afrontar mejor las situaciones de estr\u00e9s, tensi\u00f3n nerviosa y agitaci\u00f3n mental. La f\u00f3rmula est\u00e1 dise\u00f1ada para apoyar la funci\u00f3n psicol\u00f3gica normal, favoreciendo un estado de tranquilidad, claridad mental y bienestar emocional. El complejo Magnifood aporta cofactores naturales procedentes de alimentos integrales y plantas, que potencian la absorci\u00f3n y eficacia de los principios activos, respetando siempre la fisiolog\u00eda del organismo.<\/p>\n<p data-start=\"1015\" data-end=\"1330\">Sin aditivos artificiales, conservantes, colorantes ni rellenos, Tranquility Synergy refleja el compromiso de TerraNova con una nutrici\u00f3n limpia, consciente y basada en los alimentos. Las c\u00e1psulas son f\u00e1ciles de integrar en la rutina diaria, permitiendo un apoyo continuo al sistema nervioso sin crear dependencia.<\/p>\n<p data-start=\"1332\" data-end=\"1361\"><strong data-start=\"1336\" data-end=\"1361\">Principales ventajas<\/strong><\/p>\n<ul data-start=\"1362\" data-end=\"1675\">\n<li data-start=\"1362\" data-end=\"1440\">\n<p data-start=\"1364\" data-end=\"1440\"><strong data-start=\"1364\" data-end=\"1414\">Favorece la relajaci\u00f3n y la tranquilidad mental<\/strong>, sin causar somnolencia.<\/p>\n<\/li>\n<li data-start=\"1441\" data-end=\"1506\">\n<p data-start=\"1443\" data-end=\"1506\"><strong data-start=\"1443\" data-end=\"1490\">Ayuda a controlar el estr\u00e9s y la tensi\u00f3n emocional de<\/strong> la vida cotidiana.<\/p>\n<\/li>\n<li data-start=\"1507\" data-end=\"1549\">\n<p data-start=\"1509\" data-end=\"1549\">Favorece el equilibrio del sistema nervioso.<\/p>\n<\/li>\n<li data-start=\"1550\" data-end=\"1617\">\n<p data-start=\"1552\" data-end=\"1617\">Contribuye a mejorar la claridad mental y el bienestar emocional.<\/p>\n<\/li>\n<li data-start=\"1618\" data-end=\"1675\">\n<p data-start=\"1620\" data-end=\"1675\">F\u00f3rmula natural potenciada por el complejo <strong data-start=\"1661\" data-end=\"1674\">Magnifood<\/strong>.<\/p>\n<\/li>\n<\/ul>\n<p data-start=\"1677\" data-end=\"1698\"><strong data-start=\"1681\" data-end=\"1698\">Adecuado para<\/strong><\/p>\n<p data-start=\"1699\" data-end=\"1742\">La Sinergia de la Tranquilidad est\u00e1 indicada para<\/p>\n<ul data-start=\"1743\" data-end=\"2057\">\n<li data-start=\"1743\" data-end=\"1810\">\n<p data-start=\"1745\" data-end=\"1810\">Personas sometidas a estr\u00e9s, ansiedad leve o tensi\u00f3n nerviosa;<\/p>\n<\/li>\n<li data-start=\"1811\" data-end=\"1873\">\n<p data-start=\"1813\" data-end=\"1873\">Cualquier persona a la que le resulte dif\u00edcil desconectar o relajarse mentalmente;<\/p>\n<\/li>\n<li data-start=\"1874\" data-end=\"1932\">\n<p data-start=\"1876\" data-end=\"1932\">Personas con rutinas exigentes o presi\u00f3n emocional;<\/p>\n<\/li>\n<li data-start=\"1933\" data-end=\"1995\">\n<p data-start=\"1935\" data-end=\"1995\">Quienes buscan un apoyo natural para el equilibrio emocional;<\/p>\n<\/li>\n<li data-start=\"1996\" data-end=\"2057\">\n<p data-start=\"1998\" data-end=\"2057\">Adultos que valoran los suplementos sin aditivos artificiales.<\/p>\n<\/li>\n<\/ul>\n<p><strong>Presentaci\u00f3n:<\/strong><\/p>\n<p>50 c\u00e1psulas<\/p>\n<p>&nbsp;<\/p>\n","protected":false},"excerpt":{"rendered":"<p>Sinergia Tranquilidade TerraNova &#8211; suplemento natural para la relajaci\u00f3n, la serenidad mental y el equilibrio emocional. Con complejo Magnifood. [&#8230;]<\/p>\n<p><a class=\"btn btn-secondary understrap-read-more-link\" href=\"https:\/\/www.lifenatura.com\/es\/produto\/sinergia-tranquilidad-50-capsulas-terranova\/\">Leer m\u00e1s&#8230;<span class=\"screen-reader-text\"> from Sinergia Tranquilidad 50 C\u00e1psulas &#8211; TerraNova<\/span><\/a><\/p>\n","protected":false},"featured_media":118289,"template":"","meta":{"_acf_changed":false},"product_brand":[8581],"product_cat":[7213,7707,7659,7179,7883],"product_tag":[],"class_list":{"0":"post-123407","1":"product","2":"type-product","3":"status-publish","4":"has-post-thumbnail","6":"product_brand-terranova","7":"product_cat-ansiedad-y-depresion","8":"product_cat-ginseng-es","9":"product_cat-ingrediente-natural-bio","10":"product_cat-salud","11":"product_cat-suplementos-alimenticios","13":"first","14":"instock","15":"sale","16":"featured","17":"shipping-taxable","18":"purchasable","19":"product-type-simple","20":"add-to-wishlist-before_image"},"acf":[],"yoast_head":"<!-- This site is optimized with the Yoast SEO Premium plugin v27.1 (Yoast SEO v27.6) - https:\/\/yoast.com\/product\/yoast-seo-premium-wordpress\/ -->\n<title>Sinergia Tranquilidad 50 C\u00e1psulas - TerraNova - Na Lifenatura ao Melhor Pre\u00e7o | Envio em 48h<\/title>\n<meta name=\"description\" content=\"Sinergia Tranquilidade TerraNova - suplemento natural para la relajaci\u00f3n, la serenidad mental y el equilibrio emocional. Con complejo Magnifood.\" \/>\n<meta name=\"robots\" content=\"index, follow, max-snippet:-1, max-image-preview:large, max-video-preview:-1\" \/>\n<link rel=\"canonical\" href=\"https:\/\/www.lifenatura.com\/es\/produto\/sinergia-tranquilidad-50-capsulas-terranova\/\" \/>\n<meta property=\"og:locale\" content=\"es_ES\" \/>\n<meta property=\"og:type\" content=\"article\" \/>\n<meta property=\"og:title\" content=\"Sinergia Tranquilidad 50 C\u00e1psulas - TerraNova - Na Lifenatura ao Melhor Pre\u00e7o | Envio 48h\" \/>\n<meta property=\"og:description\" content=\"Compre Sinergia Tranquilidad 50 C\u00e1psulas - TerraNova com envio r\u00e1pido. Entrega em 48h e portes gr\u00e1tis em compras &gt;35\u20ac. Aproveite j\u00e1 na Lifenatura\" \/>\n<meta property=\"og:url\" content=\"https:\/\/www.lifenatura.com\/es\/produto\/sinergia-tranquilidad-50-capsulas-terranova\/\" \/>\n<meta property=\"og:site_name\" content=\"Lifenatura\" \/>\n<meta property=\"article:publisher\" content=\"https:\/\/www.facebook.com\/lifenatura\" \/>\n<meta property=\"article:modified_time\" content=\"2025-12-23T16:07:09+00:00\" \/>\n<meta property=\"og:image\" content=\"https:\/\/www.lifenatura.com\/wp-content\/uploads\/2025\/10\/sinergia-tranquila-50caps-terranova.jpg\" \/>\n\t<meta property=\"og:image:width\" content=\"1000\" \/>\n\t<meta property=\"og:image:height\" content=\"1000\" \/>\n\t<meta property=\"og:image:type\" content=\"image\/jpeg\" \/>\n<meta name=\"twitter:card\" content=\"summary_large_image\" \/>\n<meta name=\"twitter:label1\" content=\"Precio\" \/>\n\t<meta name=\"twitter:data1\" content=\"32,77&nbsp;&euro;\" \/>\n\t<meta name=\"twitter:label2\" content=\"Disponibilidad\" \/>\n\t<meta name=\"twitter:data2\" content=\"Disponible\" \/>\n<script type=\"application\/ld+json\" class=\"yoast-schema-graph\">{\"@context\":\"https:\\\/\\\/schema.org\",\"@graph\":[{\"@type\":\"WebPage\",\"@id\":\"https:\\\/\\\/www.lifenatura.com\\\/es\\\/produto\\\/sinergia-tranquilidad-50-capsulas-terranova\\\/\",\"url\":\"https:\\\/\\\/www.lifenatura.com\\\/es\\\/produto\\\/sinergia-tranquilidad-50-capsulas-terranova\\\/\",\"name\":\"Sinergia Tranquilidad 50 C\u00e1psulas - TerraNova - Na Lifenatura ao Melhor Pre\u00e7o | Envio em 48h\",\"isPartOf\":{\"@id\":\"https:\\\/\\\/www.lifenatura.com\\\/es\\\/#website\"},\"primaryImageOfPage\":{\"@id\":\"https:\\\/\\\/www.lifenatura.com\\\/es\\\/produto\\\/sinergia-tranquilidad-50-capsulas-terranova\\\/#primaryimage\"},\"image\":{\"@id\":\"https:\\\/\\\/www.lifenatura.com\\\/es\\\/produto\\\/sinergia-tranquilidad-50-capsulas-terranova\\\/#primaryimage\"},\"thumbnailUrl\":\"https:\\\/\\\/www.lifenatura.com\\\/wp-content\\\/uploads\\\/2025\\\/10\\\/sinergia-tranquila-50caps-terranova.jpg\",\"datePublished\":\"2025-10-02T07:27:48+00:00\",\"dateModified\":\"2025-12-23T16:07:09+00:00\",\"description\":\"Sinergia Tranquilidade TerraNova - suplemento natural para la relajaci\u00f3n, la serenidad mental y el equilibrio emocional. Con complejo Magnifood.\",\"breadcrumb\":{\"@id\":\"https:\\\/\\\/www.lifenatura.com\\\/es\\\/produto\\\/sinergia-tranquilidad-50-capsulas-terranova\\\/#breadcrumb\"},\"inLanguage\":\"es\",\"potentialAction\":[{\"@type\":\"ReadAction\",\"target\":[\"https:\\\/\\\/www.lifenatura.com\\\/es\\\/produto\\\/sinergia-tranquilidad-50-capsulas-terranova\\\/\"]}]},{\"@type\":\"ImageObject\",\"inLanguage\":\"es\",\"@id\":\"https:\\\/\\\/www.lifenatura.com\\\/es\\\/produto\\\/sinergia-tranquilidad-50-capsulas-terranova\\\/#primaryimage\",\"url\":\"https:\\\/\\\/www.lifenatura.com\\\/wp-content\\\/uploads\\\/2025\\\/10\\\/sinergia-tranquila-50caps-terranova.jpg\",\"contentUrl\":\"https:\\\/\\\/www.lifenatura.com\\\/wp-content\\\/uploads\\\/2025\\\/10\\\/sinergia-tranquila-50caps-terranova.jpg\",\"width\":1000,\"height\":1000,\"caption\":\"tranquilidad sinergia de la marca terranova\"},{\"@type\":\"BreadcrumbList\",\"@id\":\"https:\\\/\\\/www.lifenatura.com\\\/es\\\/produto\\\/sinergia-tranquilidad-50-capsulas-terranova\\\/#breadcrumb\",\"itemListElement\":[{\"@type\":\"ListItem\",\"position\":1,\"name\":\"In\u00edcio\",\"item\":\"https:\\\/\\\/www.lifenatura.com\\\/es\\\/\"},{\"@type\":\"ListItem\",\"position\":2,\"name\":\"Todos los Productos\",\"item\":\"https:\\\/\\\/www.lifenatura.com\\\/es\\\/tienda\\\/\"},{\"@type\":\"ListItem\",\"position\":3,\"name\":\"Sinergia Tranquilidad 50 C\u00e1psulas &#8211; TerraNova\"}]},{\"@type\":\"WebSite\",\"@id\":\"https:\\\/\\\/www.lifenatura.com\\\/es\\\/#website\",\"url\":\"https:\\\/\\\/www.lifenatura.com\\\/es\\\/\",\"name\":\"Lifenatura\",\"description\":\"A Lifenatura \u00e9 uma loja de produtos naturais, cosm\u00e9tica natural e alimenta\u00e7\u00e3o Biol\u00f3gica.\",\"publisher\":{\"@id\":\"https:\\\/\\\/www.lifenatura.com\\\/es\\\/#organization\"},\"potentialAction\":[{\"@type\":\"SearchAction\",\"target\":{\"@type\":\"EntryPoint\",\"urlTemplate\":\"https:\\\/\\\/www.lifenatura.com\\\/es\\\/?s={search_term_string}\"},\"query-input\":{\"@type\":\"PropertyValueSpecification\",\"valueRequired\":true,\"valueName\":\"search_term_string\"}}],\"inLanguage\":\"es\"},{\"@type\":\"Organization\",\"@id\":\"https:\\\/\\\/www.lifenatura.com\\\/es\\\/#organization\",\"name\":\"Lifenatura\",\"url\":\"https:\\\/\\\/www.lifenatura.com\\\/es\\\/\",\"logo\":{\"@type\":\"ImageObject\",\"inLanguage\":\"es\",\"@id\":\"https:\\\/\\\/www.lifenatura.com\\\/es\\\/#\\\/schema\\\/logo\\\/image\\\/\",\"url\":\"https:\\\/\\\/www.lifenatura.com\\\/wp-content\\\/uploads\\\/2021\\\/07\\\/logo.png\",\"contentUrl\":\"https:\\\/\\\/www.lifenatura.com\\\/wp-content\\\/uploads\\\/2021\\\/07\\\/logo.png\",\"width\":175,\"height\":55,\"caption\":\"Lifenatura\"},\"image\":{\"@id\":\"https:\\\/\\\/www.lifenatura.com\\\/es\\\/#\\\/schema\\\/logo\\\/image\\\/\"},\"sameAs\":[\"https:\\\/\\\/www.facebook.com\\\/lifenatura\",\"https:\\\/\\\/www.instagram.com\\\/lifenaturapt\\\/\"],\"hasMerchantReturnPolicy\":{\"@type\":\"MerchantReturnPolicy\",\"merchantReturnLink\":\"https:\\\/\\\/www.lifenatura.com\\\/termos-condicoes-lifenatura\\\/\"}}]}<\/script>\n<meta property=\"product:price:amount\" content=\"32.77\" \/>\n<meta property=\"product:price:currency\" content=\"EUR\" \/>\n<meta property=\"og:availability\" content=\"instock\" \/>\n<meta property=\"product:availability\" content=\"instock\" \/>\n<meta property=\"product:retailer_item_id\" content=\"5060203792084\" \/>\n<meta property=\"product:condition\" content=\"new\" \/>\n<!-- \/ Yoast SEO Premium plugin. -->","yoast_head_json":{"title":"Sinergia Tranquilidad 50 C\u00e1psulas - TerraNova - Na Lifenatura ao Melhor Pre\u00e7o | Envio em 48h","description":"Sinergia Tranquilidade TerraNova - suplemento natural para la relajaci\u00f3n, la serenidad mental y el equilibrio emocional. Con complejo Magnifood.","robots":{"index":"index","follow":"follow","max-snippet":"max-snippet:-1","max-image-preview":"max-image-preview:large","max-video-preview":"max-video-preview:-1"},"canonical":"https:\/\/www.lifenatura.com\/es\/produto\/sinergia-tranquilidad-50-capsulas-terranova\/","og_locale":"es_ES","og_type":"article","og_title":"Sinergia Tranquilidad 50 C\u00e1psulas - TerraNova - Na Lifenatura ao Melhor Pre\u00e7o | Envio 48h","og_description":"Compre Sinergia Tranquilidad 50 C\u00e1psulas - TerraNova com envio r\u00e1pido. Entrega em 48h e portes gr\u00e1tis em compras >35\u20ac. Aproveite j\u00e1 na Lifenatura","og_url":"https:\/\/www.lifenatura.com\/es\/produto\/sinergia-tranquilidad-50-capsulas-terranova\/","og_site_name":"Lifenatura","article_publisher":"https:\/\/www.facebook.com\/lifenatura","article_modified_time":"2025-12-23T16:07:09+00:00","og_image":[{"width":1000,"height":1000,"url":"https:\/\/www.lifenatura.com\/wp-content\/uploads\/2025\/10\/sinergia-tranquila-50caps-terranova.jpg","type":"image\/jpeg"}],"twitter_card":"summary_large_image","twitter_misc":{"Precio":"32,77&nbsp;&euro;","Disponibilidad":"Disponible"},"schema":{"@context":"https:\/\/schema.org","@graph":[{"@type":"WebPage","@id":"https:\/\/www.lifenatura.com\/es\/produto\/sinergia-tranquilidad-50-capsulas-terranova\/","url":"https:\/\/www.lifenatura.com\/es\/produto\/sinergia-tranquilidad-50-capsulas-terranova\/","name":"Sinergia Tranquilidad 50 C\u00e1psulas - TerraNova - Na Lifenatura ao Melhor Pre\u00e7o | Envio em 48h","isPartOf":{"@id":"https:\/\/www.lifenatura.com\/es\/#website"},"primaryImageOfPage":{"@id":"https:\/\/www.lifenatura.com\/es\/produto\/sinergia-tranquilidad-50-capsulas-terranova\/#primaryimage"},"image":{"@id":"https:\/\/www.lifenatura.com\/es\/produto\/sinergia-tranquilidad-50-capsulas-terranova\/#primaryimage"},"thumbnailUrl":"https:\/\/www.lifenatura.com\/wp-content\/uploads\/2025\/10\/sinergia-tranquila-50caps-terranova.jpg","datePublished":"2025-10-02T07:27:48+00:00","dateModified":"2025-12-23T16:07:09+00:00","description":"Sinergia Tranquilidade TerraNova - suplemento natural para la relajaci\u00f3n, la serenidad mental y el equilibrio emocional. Con complejo Magnifood.","breadcrumb":{"@id":"https:\/\/www.lifenatura.com\/es\/produto\/sinergia-tranquilidad-50-capsulas-terranova\/#breadcrumb"},"inLanguage":"es","potentialAction":[{"@type":"ReadAction","target":["https:\/\/www.lifenatura.com\/es\/produto\/sinergia-tranquilidad-50-capsulas-terranova\/"]}]},{"@type":"ImageObject","inLanguage":"es","@id":"https:\/\/www.lifenatura.com\/es\/produto\/sinergia-tranquilidad-50-capsulas-terranova\/#primaryimage","url":"https:\/\/www.lifenatura.com\/wp-content\/uploads\/2025\/10\/sinergia-tranquila-50caps-terranova.jpg","contentUrl":"https:\/\/www.lifenatura.com\/wp-content\/uploads\/2025\/10\/sinergia-tranquila-50caps-terranova.jpg","width":1000,"height":1000,"caption":"tranquilidad sinergia de la marca terranova"},{"@type":"BreadcrumbList","@id":"https:\/\/www.lifenatura.com\/es\/produto\/sinergia-tranquilidad-50-capsulas-terranova\/#breadcrumb","itemListElement":[{"@type":"ListItem","position":1,"name":"In\u00edcio","item":"https:\/\/www.lifenatura.com\/es\/"},{"@type":"ListItem","position":2,"name":"Todos los Productos","item":"https:\/\/www.lifenatura.com\/es\/tienda\/"},{"@type":"ListItem","position":3,"name":"Sinergia Tranquilidad 50 C\u00e1psulas &#8211; TerraNova"}]},{"@type":"WebSite","@id":"https:\/\/www.lifenatura.com\/es\/#website","url":"https:\/\/www.lifenatura.com\/es\/","name":"Lifenatura","description":"A Lifenatura \u00e9 uma loja de produtos naturais, cosm\u00e9tica natural e alimenta\u00e7\u00e3o Biol\u00f3gica.","publisher":{"@id":"https:\/\/www.lifenatura.com\/es\/#organization"},"potentialAction":[{"@type":"SearchAction","target":{"@type":"EntryPoint","urlTemplate":"https:\/\/www.lifenatura.com\/es\/?s={search_term_string}"},"query-input":{"@type":"PropertyValueSpecification","valueRequired":true,"valueName":"search_term_string"}}],"inLanguage":"es"},{"@type":"Organization","@id":"https:\/\/www.lifenatura.com\/es\/#organization","name":"Lifenatura","url":"https:\/\/www.lifenatura.com\/es\/","logo":{"@type":"ImageObject","inLanguage":"es","@id":"https:\/\/www.lifenatura.com\/es\/#\/schema\/logo\/image\/","url":"https:\/\/www.lifenatura.com\/wp-content\/uploads\/2021\/07\/logo.png","contentUrl":"https:\/\/www.lifenatura.com\/wp-content\/uploads\/2021\/07\/logo.png","width":175,"height":55,"caption":"Lifenatura"},"image":{"@id":"https:\/\/www.lifenatura.com\/es\/#\/schema\/logo\/image\/"},"sameAs":["https:\/\/www.facebook.com\/lifenatura","https:\/\/www.instagram.com\/lifenaturapt\/"],"hasMerchantReturnPolicy":{"@type":"MerchantReturnPolicy","merchantReturnLink":"https:\/\/www.lifenatura.com\/termos-condicoes-lifenatura\/"}}]},"product_price_amount":"32.77","product_price_currency":"EUR","og_availability":"instock","product_availability":"instock","product_retailer_item_id":"5060203792084","product_condition":"new"},"df_price":32.77,"df_sale_price":32.77,"df_regular_price":36.41,"df_image_link":"https:\/\/www.lifenatura.com\/wp-content\/uploads\/2025\/10\/sinergia-tranquila-50caps-terranova-300x300.jpg","_links":{"self":[{"href":"https:\/\/www.lifenatura.com\/es\/wp-json\/wp\/v2\/product\/123407","targetHints":{"allow":["GET"]}}],"collection":[{"href":"https:\/\/www.lifenatura.com\/es\/wp-json\/wp\/v2\/product"}],"about":[{"href":"https:\/\/www.lifenatura.com\/es\/wp-json\/wp\/v2\/types\/product"}],"wp:featuredmedia":[{"embeddable":true,"href":"https:\/\/www.lifenatura.com\/es\/wp-json\/wp\/v2\/media\/118289"}],"wp:attachment":[{"href":"https:\/\/www.lifenatura.com\/es\/wp-json\/wp\/v2\/media?parent=123407"}],"wp:term":[{"taxonomy":"product_brand","embeddable":true,"href":"https:\/\/www.lifenatura.com\/es\/wp-json\/wp\/v2\/product_brand?post=123407"},{"taxonomy":"product_cat","embeddable":true,"href":"https:\/\/www.lifenatura.com\/es\/wp-json\/wp\/v2\/product_cat?post=123407"},{"taxonomy":"product_tag","embeddable":true,"href":"https:\/\/www.lifenatura.com\/es\/wp-json\/wp\/v2\/product_tag?post=123407"}],"curies":[{"name":"wp","href":"https:\/\/api.w.org\/{rel}","templated":true}]}}