{"id":123406,"date":"2025-10-02T07:27:38","date_gmt":"2025-10-02T07:27:38","guid":{"rendered":"https:\/\/www.lifenatura.com\/produto\/bisglicinato-de-hierro-20mg-100-capsulas-terranova\/"},"modified":"2025-12-23T16:19:54","modified_gmt":"2025-12-23T16:19:54","slug":"bisglicinato-de-hierro-20mg-100-capsulas-terranova","status":"publish","type":"product","link":"https:\/\/www.lifenatura.com\/es\/produto\/bisglicinato-de-hierro-20mg-100-capsulas-terranova\/","title":{"rendered":"Bisglicinato de hierro 20mg 100 C\u00e1psulas &#8211; TerraNova"},"content":{"rendered":"<h2 style=\"text-align: left;\" data-start=\"0\" data-end=\"70\"><strong data-start=\"3\" data-end=\"70\">Bisglicinato de hierro 20 mg &#8211; TerraNova<\/strong><\/h2>\n<p>&nbsp;<\/p>\n<p data-start=\"72\" data-end=\"546\"><strong data-start=\"74\" data-end=\"130\">Bisglicinato de hierro 20 mg (100 c\u00e1psulas) de TerraNova<\/strong> es un suplemento formulado para favorecer la producci\u00f3n normal de gl\u00f3bulos rojos, reducir el cansancio y promover niveles de energ\u00eda saludables, con una <strong data-start=\"276\" data-end=\"351\">forma de hierro de gran biodisponibilidad y suave para el sistema digestivo<\/strong>. El hierro bisglicinato es conocido por su excelente absorci\u00f3n y mejor tolerancia, lo que lo convierte en una opci\u00f3n adecuada para quienes necesitan aumentar los niveles de hierro sin molestias gastrointestinales.<\/p>\n<p data-start=\"548\" data-end=\"973\">Esta f\u00f3rmula est\u00e1 reforzada por el exclusivo <strong data-start=\"589\" data-end=\"611\">complejo Magnifood<\/strong> de TerraNova, una combinaci\u00f3n sin\u00e9rgica de plantas y alimentos integrales que favorece la absorci\u00f3n y utilizaci\u00f3n eficaces del hierro por el organismo. Los ingredientes naturalmente ricos en cofactores nutricionales contribuyen a una asimilaci\u00f3n equilibrada, respetando la fisiolog\u00eda natural del organismo. El resultado es un suplemento eficaz, puro y seguro, ideal para un uso continuado.<\/p>\n<p data-start=\"975\" data-end=\"1404\">El hierro desempe\u00f1a un papel esencial en el transporte de ox\u00edgeno en la sangre y en el funcionamiento normal del sistema inmunitario. Una ingesta adecuada ayuda a combatir la fatiga, la debilidad y la disminuci\u00f3n de la concentraci\u00f3n, que son frecuentes en situaciones de carencia. Sin aditivos artificiales, rellenos ni conservantes, este suplemento refleja el compromiso de TerraNova con la calidad, la transparencia y la nutrici\u00f3n basada en los alimentos.<\/p>\n<p data-start=\"1406\" data-end=\"1435\"><strong data-start=\"1410\" data-end=\"1435\">Principales ventajas<\/strong><\/p>\n<ul data-start=\"1436\" data-end=\"1801\">\n<li data-start=\"1436\" data-end=\"1530\">\n<p data-start=\"1438\" data-end=\"1530\"><strong data-start=\"1438\" data-end=\"1489\">Ayuda a reducir el cansancio y la fatiga<\/strong>, favoreciendo unos niveles de energ\u00eda saludables.<\/p>\n<\/li>\n<li data-start=\"1531\" data-end=\"1599\">\n<p data-start=\"1533\" data-end=\"1599\">Favorece <strong data-start=\"1533\" data-end=\"1596\">la formaci\u00f3n normal de gl\u00f3bulos rojos y hemoglobina<\/strong>.<\/p>\n<\/li>\n<li data-start=\"1600\" data-end=\"1677\">\n<p data-start=\"1602\" data-end=\"1677\"><strong data-start=\"1602\" data-end=\"1632\">Alta biodisponibilidad<\/strong>, con bisglicinato de hierro de absorci\u00f3n suave.<\/p>\n<\/li>\n<li data-start=\"1678\" data-end=\"1744\">\n<p data-start=\"1680\" data-end=\"1744\"><strong data-start=\"1680\" data-end=\"1713\">Favorece el sistema inmunitario<\/strong> y el transporte de ox\u00edgeno.<\/p>\n<\/li>\n<li data-start=\"1745\" data-end=\"1801\">\n<p data-start=\"1747\" data-end=\"1801\">F\u00f3rmula limpia, potenciada por el complejo <strong data-start=\"1787\" data-end=\"1800\">Magnifood<\/strong>.<\/p>\n<\/li>\n<\/ul>\n<p data-start=\"1803\" data-end=\"1824\"><strong data-start=\"1807\" data-end=\"1824\">Adecuado para<\/strong><\/p>\n<p data-start=\"1825\" data-end=\"1871\">Bisglicinato de hierro 20 mg se recomienda para:<\/p>\n<ul data-start=\"1872\" data-end=\"2134\">\n<li data-start=\"1872\" data-end=\"1921\">\n<p data-start=\"1874\" data-end=\"1921\">Personas con mayores necesidades de hierro;<\/p>\n<\/li>\n<li data-start=\"1922\" data-end=\"1988\">\n<p data-start=\"1924\" data-end=\"1988\">Personas con fatiga persistente o bajos niveles de energ\u00eda;<\/p>\n<\/li>\n<li data-start=\"1989\" data-end=\"2018\">\n<p data-start=\"1991\" data-end=\"2018\">Mujeres en edad f\u00e9rtil;<\/p>\n<\/li>\n<li data-start=\"2019\" data-end=\"2068\">\n<p data-start=\"2021\" data-end=\"2068\">Cualquiera que busque una forma de hierro bien tolerada;<\/p>\n<\/li>\n<li data-start=\"2069\" data-end=\"2134\">\n<p data-start=\"2071\" data-end=\"2134\">Consumidores que valoran los suplementos naturales y sin aditivos.<\/p>\n<\/li>\n<\/ul>\n<p><strong>Presentaci\u00f3n:<\/strong><\/p>\n<p>100 c\u00e1psulas<\/p>\n<p>&nbsp;<\/p>\n","protected":false},"excerpt":{"rendered":"<p>Bisglicinato de hierro 20 mg TerraNova &#8211; hierro altamente absorbible para la energ\u00eda, la reducci\u00f3n de la fatiga y el apoyo inmunitario. Con complejo Magnifood. [&#8230;]<\/p>\n<p><a class=\"btn btn-secondary understrap-read-more-link\" href=\"https:\/\/www.lifenatura.com\/es\/produto\/bisglicinato-de-hierro-20mg-100-capsulas-terranova\/\">Leer m\u00e1s&#8230;<span class=\"screen-reader-text\"> from Bisglicinato de hierro 20mg 100 C\u00e1psulas &#8211; TerraNova<\/span><\/a><\/p>\n","protected":false},"featured_media":118273,"template":"","meta":{"_acf_changed":false},"product_brand":[8581],"product_cat":[7220,7179,7883],"product_tag":[],"class_list":{"0":"post-123406","1":"product","2":"type-product","3":"status-publish","4":"has-post-thumbnail","6":"product_brand-terranova","7":"product_cat-anemia-salud","8":"product_cat-salud","9":"product_cat-suplementos-alimenticios","11":"first","12":"instock","13":"shipping-taxable","14":"purchasable","15":"product-type-simple","16":"add-to-wishlist-before_image"},"acf":[],"yoast_head":"<!-- This site is optimized with the Yoast SEO Premium plugin v27.1 (Yoast SEO v27.3) - https:\/\/yoast.com\/product\/yoast-seo-premium-wordpress\/ -->\n<title>Bisglicinato de hierro 20mg 100 C\u00e1psulas - TerraNova - Lifenatura<\/title>\n<meta name=\"description\" content=\"Bisglicinato de hierro 20 mg TerraNova - hierro altamente absorbible para la energ\u00eda, la reducci\u00f3n de la fatiga y el apoyo inmunitario.\" \/>\n<meta name=\"robots\" content=\"index, follow, max-snippet:-1, max-image-preview:large, max-video-preview:-1\" \/>\n<link rel=\"canonical\" href=\"https:\/\/www.lifenatura.com\/es\/produto\/bisglicinato-de-hierro-20mg-100-capsulas-terranova\/\" \/>\n<meta property=\"og:locale\" content=\"es_ES\" \/>\n<meta property=\"og:type\" content=\"article\" \/>\n<meta property=\"og:title\" content=\"Bisglicinato de hierro 20mg 100 C\u00e1psulas - TerraNova - Lifenatura\" \/>\n<meta property=\"og:description\" content=\"Compre aqui o seu Bisglicinato de hierro 20mg 100 C\u00e1psulas - TerraNova e a Lifenatura Online envia em 48 H com Portes Gratis &gt;35\u20ac de Pedido.\" \/>\n<meta property=\"og:url\" content=\"https:\/\/www.lifenatura.com\/es\/produto\/bisglicinato-de-hierro-20mg-100-capsulas-terranova\/\" \/>\n<meta property=\"og:site_name\" content=\"Lifenatura\" \/>\n<meta property=\"article:publisher\" content=\"https:\/\/www.facebook.com\/lifenatura\" \/>\n<meta property=\"article:modified_time\" content=\"2025-12-23T16:19:54+00:00\" \/>\n<meta property=\"og:image\" content=\"https:\/\/www.lifenatura.com\/wp-content\/uploads\/2025\/10\/ferro-20mg-100caps-terranova.jpg\" \/>\n\t<meta property=\"og:image:width\" content=\"1000\" \/>\n\t<meta property=\"og:image:height\" content=\"1000\" \/>\n\t<meta property=\"og:image:type\" content=\"image\/jpeg\" \/>\n<meta name=\"twitter:card\" content=\"summary_large_image\" \/>\n<meta name=\"twitter:label1\" content=\"Precio\" \/>\n\t<meta name=\"twitter:data1\" content=\"26,60&nbsp;&euro;\" \/>\n\t<meta name=\"twitter:label2\" content=\"Disponibilidad\" \/>\n\t<meta name=\"twitter:data2\" content=\"Disponible\" \/>\n<meta property=\"product:price:amount\" content=\"26.60\" \/>\n<meta property=\"product:price:currency\" content=\"EUR\" \/>\n<meta property=\"og:availability\" content=\"instock\" \/>\n<meta property=\"product:availability\" content=\"instock\" \/>\n<meta property=\"product:retailer_item_id\" content=\"5060203791100\" \/>\n<meta property=\"product:condition\" content=\"new\" \/>\n<!-- \/ Yoast SEO Premium plugin. -->","yoast_head_json":{"title":"Bisglicinato de hierro 20mg 100 C\u00e1psulas - TerraNova - Lifenatura","description":"Bisglicinato de hierro 20 mg TerraNova - hierro altamente absorbible para la energ\u00eda, la reducci\u00f3n de la fatiga y el apoyo inmunitario.","robots":{"index":"index","follow":"follow","max-snippet":"max-snippet:-1","max-image-preview":"max-image-preview:large","max-video-preview":"max-video-preview:-1"},"canonical":"https:\/\/www.lifenatura.com\/es\/produto\/bisglicinato-de-hierro-20mg-100-capsulas-terranova\/","og_locale":"es_ES","og_type":"article","og_title":"Bisglicinato de hierro 20mg 100 C\u00e1psulas - TerraNova - Lifenatura","og_description":"Compre aqui o seu Bisglicinato de hierro 20mg 100 C\u00e1psulas - TerraNova e a Lifenatura Online envia em 48 H com Portes Gratis >35\u20ac de Pedido.","og_url":"https:\/\/www.lifenatura.com\/es\/produto\/bisglicinato-de-hierro-20mg-100-capsulas-terranova\/","og_site_name":"Lifenatura","article_publisher":"https:\/\/www.facebook.com\/lifenatura","article_modified_time":"2025-12-23T16:19:54+00:00","og_image":[{"width":1000,"height":1000,"url":"https:\/\/www.lifenatura.com\/wp-content\/uploads\/2025\/10\/ferro-20mg-100caps-terranova.jpg","type":"image\/jpeg"}],"twitter_card":"summary_large_image","twitter_misc":{"Precio":"26,60&nbsp;&euro;","Disponibilidad":"Disponible"},"schema":{"@context":"https:\/\/schema.org","@graph":[{"@type":"WebPage","@id":"https:\/\/www.lifenatura.com\/es\/produto\/bisglicinato-de-hierro-20mg-100-capsulas-terranova\/","url":"https:\/\/www.lifenatura.com\/es\/produto\/bisglicinato-de-hierro-20mg-100-capsulas-terranova\/","name":"Bisglicinato de hierro 20mg 100 C\u00e1psulas - TerraNova - Lifenatura","isPartOf":{"@id":"https:\/\/www.lifenatura.com\/es\/#website"},"primaryImageOfPage":{"@id":"https:\/\/www.lifenatura.com\/es\/produto\/bisglicinato-de-hierro-20mg-100-capsulas-terranova\/#primaryimage"},"image":{"@id":"https:\/\/www.lifenatura.com\/es\/produto\/bisglicinato-de-hierro-20mg-100-capsulas-terranova\/#primaryimage"},"thumbnailUrl":"https:\/\/www.lifenatura.com\/wp-content\/uploads\/2025\/10\/ferro-20mg-100caps-terranova.jpg","datePublished":"2025-10-02T07:27:38+00:00","dateModified":"2025-12-23T16:19:54+00:00","description":"Bisglicinato de hierro 20 mg TerraNova - hierro altamente absorbible para la energ\u00eda, la reducci\u00f3n de la fatiga y el apoyo inmunitario.","breadcrumb":{"@id":"https:\/\/www.lifenatura.com\/es\/produto\/bisglicinato-de-hierro-20mg-100-capsulas-terranova\/#breadcrumb"},"inLanguage":"es","potentialAction":[{"@type":"ReadAction","target":["https:\/\/www.lifenatura.com\/es\/produto\/bisglicinato-de-hierro-20mg-100-capsulas-terranova\/"]}]},{"@type":"ImageObject","inLanguage":"es","@id":"https:\/\/www.lifenatura.com\/es\/produto\/bisglicinato-de-hierro-20mg-100-capsulas-terranova\/#primaryimage","url":"https:\/\/www.lifenatura.com\/wp-content\/uploads\/2025\/10\/ferro-20mg-100caps-terranova.jpg","contentUrl":"https:\/\/www.lifenatura.com\/wp-content\/uploads\/2025\/10\/ferro-20mg-100caps-terranova.jpg","width":1000,"height":1000,"caption":"hierro marca terranova 20mg"},{"@type":"BreadcrumbList","@id":"https:\/\/www.lifenatura.com\/es\/produto\/bisglicinato-de-hierro-20mg-100-capsulas-terranova\/#breadcrumb","itemListElement":[{"@type":"ListItem","position":1,"name":"In\u00edcio","item":"https:\/\/www.lifenatura.com\/es\/"},{"@type":"ListItem","position":2,"name":"Todos los Productos","item":"https:\/\/www.lifenatura.com\/es\/tienda\/"},{"@type":"ListItem","position":3,"name":"Bisglicinato de hierro 20mg 100 C\u00e1psulas &#8211; TerraNova"}]},{"@type":"WebSite","@id":"https:\/\/www.lifenatura.com\/es\/#website","url":"https:\/\/www.lifenatura.com\/es\/","name":"Lifenatura","description":"A Lifenatura \u00e9 uma loja de produtos naturais, cosm\u00e9tica natural e alimenta\u00e7\u00e3o Biol\u00f3gica.","publisher":{"@id":"https:\/\/www.lifenatura.com\/es\/#organization"},"potentialAction":[{"@type":"SearchAction","target":{"@type":"EntryPoint","urlTemplate":"https:\/\/www.lifenatura.com\/es\/?s={search_term_string}"},"query-input":{"@type":"PropertyValueSpecification","valueRequired":true,"valueName":"search_term_string"}}],"inLanguage":"es"},{"@type":"Organization","@id":"https:\/\/www.lifenatura.com\/es\/#organization","name":"Lifenatura","url":"https:\/\/www.lifenatura.com\/es\/","logo":{"@type":"ImageObject","inLanguage":"es","@id":"https:\/\/www.lifenatura.com\/es\/#\/schema\/logo\/image\/","url":"https:\/\/www.lifenatura.com\/wp-content\/uploads\/2021\/11\/logo.png","contentUrl":"https:\/\/www.lifenatura.com\/wp-content\/uploads\/2021\/11\/logo.png","width":175,"height":55,"caption":"Lifenatura"},"image":{"@id":"https:\/\/www.lifenatura.com\/es\/#\/schema\/logo\/image\/"},"sameAs":["https:\/\/www.facebook.com\/lifenatura","https:\/\/www.instagram.com\/lifenaturapt\/"]}]},"product_price_amount":"26.60","product_price_currency":"EUR","og_availability":"instock","product_availability":"instock","product_retailer_item_id":"5060203791100","product_condition":"new"},"df_price":26.6,"df_sale_price":"","df_regular_price":26.6,"df_image_link":"https:\/\/www.lifenatura.com\/wp-content\/uploads\/2025\/10\/ferro-20mg-100caps-terranova-300x300.jpg","_links":{"self":[{"href":"https:\/\/www.lifenatura.com\/es\/wp-json\/wp\/v2\/product\/123406","targetHints":{"allow":["GET"]}}],"collection":[{"href":"https:\/\/www.lifenatura.com\/es\/wp-json\/wp\/v2\/product"}],"about":[{"href":"https:\/\/www.lifenatura.com\/es\/wp-json\/wp\/v2\/types\/product"}],"wp:featuredmedia":[{"embeddable":true,"href":"https:\/\/www.lifenatura.com\/es\/wp-json\/wp\/v2\/media\/118273"}],"wp:attachment":[{"href":"https:\/\/www.lifenatura.com\/es\/wp-json\/wp\/v2\/media?parent=123406"}],"wp:term":[{"taxonomy":"product_brand","embeddable":true,"href":"https:\/\/www.lifenatura.com\/es\/wp-json\/wp\/v2\/product_brand?post=123406"},{"taxonomy":"product_cat","embeddable":true,"href":"https:\/\/www.lifenatura.com\/es\/wp-json\/wp\/v2\/product_cat?post=123406"},{"taxonomy":"product_tag","embeddable":true,"href":"https:\/\/www.lifenatura.com\/es\/wp-json\/wp\/v2\/product_tag?post=123406"}],"curies":[{"name":"wp","href":"https:\/\/api.w.org\/{rel}","templated":true}]}}