{"id":123402,"date":"2025-12-22T17:37:30","date_gmt":"2025-12-22T17:37:30","guid":{"rendered":"https:\/\/www.lifenatura.com\/produto\/gel-de-ducha-mango-y-lima-300ml-ancient-wisdom\/"},"modified":"2025-12-23T15:58:48","modified_gmt":"2025-12-23T15:58:48","slug":"gel-de-ducha-mango-y-lima-300ml-ancient-wisdom","status":"publish","type":"product","link":"https:\/\/www.lifenatura.com\/es\/produto\/gel-de-ducha-mango-y-lima-300ml-ancient-wisdom\/","title":{"rendered":"Gel de Ducha Mango y Lima 300ml &#8211; Ancient Wisdom"},"content":{"rendered":"<h2 style=\"text-align: left;\" data-start=\"0\" data-end=\"58\"><strong>Limpieza Refrescante y Energ\u00eda Tropical con Mango y Lima<\/strong><\/h2>\n<p>&nbsp;<\/p>\n<p data-start=\"60\" data-end=\"606\"><strong data-start=\"62\" data-end=\"132\">El Gel de Ducha de Mango y Lima de <span class=\"hover:entity-accent entity-underline inline cursor-pointer align-baseline\"><span class=\"whitespace-normal\">Ancient Wisdom<\/span><\/span><\/strong> es un producto de cuidado diario vibrante y revitalizante, dise\u00f1ado para limpiar suavemente la piel al tiempo que proporciona una sensaci\u00f3n inmediata de frescor y energ\u00eda. Inspirado en una combinaci\u00f3n tropical y c\u00edtrica, este gel de ducha combina el aroma dulce y ex\u00f3tico del mango con la frescura estimulante de la lima, transformando el momento del ba\u00f1o en una experiencia sensorial vigorizante. Su f\u00f3rmula equilibrada crea una espuma ligera y agradable, eliminando las impurezas sin da\u00f1ar ni resecar la piel.<\/p>\n<p data-start=\"608\" data-end=\"1094\">Su fragancia natural y afrutada despierta los sentidos y ayuda a renovar la energ\u00eda, por lo que es ideal para empezar el d\u00eda con vitalidad o para recuperar la sensaci\u00f3n de frescor tras una jornada intensa. Enriquecido con agentes limpiadores suaves, este gel de ducha respeta el equilibrio natural de la piel, dej\u00e1ndola limpia, suave y c\u00f3modamente perfumada. Su textura fluida se extiende f\u00e1cilmente y es adecuada para el uso diario, lo que hace de este producto una elecci\u00f3n pr\u00e1ctica y agradable para toda la familia.<\/p>\n<p data-start=\"1096\" data-end=\"1287\">El Gel de Ducha de Mango y Lima de Ancient Wisdom es perfecto para quienes buscan un cuidado corporal sencillo y eficaz con un toque ex\u00f3tico, combinado con una experiencia arom\u00e1tica alegre y energizante.<\/p>\n<h3 data-start=\"1289\" data-end=\"1314\">Principales ventajas<\/h3>\n<ul data-start=\"1315\" data-end=\"1720\">\n<li data-start=\"1315\" data-end=\"1372\">\n<p data-start=\"1317\" data-end=\"1372\"><strong data-start=\"1317\" data-end=\"1343\">Limpieza suave y eficaz<\/strong>, adecuada para uso diario.<\/p>\n<\/li>\n<li data-start=\"1373\" data-end=\"1455\">\n<p data-start=\"1375\" data-end=\"1455\"><strong data-start=\"1375\" data-end=\"1415\">Sensaci\u00f3n refrescante y revitalizante<\/strong> gracias a la combinaci\u00f3n de mango y lima.<\/p>\n<\/li>\n<li data-start=\"1456\" data-end=\"1523\">\n<p data-start=\"1458\" data-end=\"1523\"><strong data-start=\"1458\" data-end=\"1499\">Respeta el equilibrio natural de la piel<\/strong> sin provocar sequedad.<\/p>\n<\/li>\n<li data-start=\"1524\" data-end=\"1575\">\n<p data-start=\"1526\" data-end=\"1575\"><strong data-start=\"1526\" data-end=\"1553\">Espuma ligera y agradable<\/strong>, f\u00e1cil de aclarar.<\/p>\n<\/li>\n<li data-start=\"1576\" data-end=\"1657\">\n<p data-start=\"1578\" data-end=\"1657\"><strong data-start=\"1578\" data-end=\"1606\">Aroma tropical y c\u00edtrico<\/strong> que despierta los sentidos y mejora el bienestar.<\/p>\n<\/li>\n<li data-start=\"1658\" data-end=\"1720\">\n<p data-start=\"1660\" data-end=\"1720\"><strong data-start=\"1660\" data-end=\"1689\">Ideal para toda la familia<\/strong> como producto de cuidado corporal diario.<\/p>\n<\/li>\n<\/ul>\n<h3 data-start=\"1722\" data-end=\"1739\">Adecuado para<\/h3>\n<p data-start=\"1740\" data-end=\"1804\">El Gel de Ba\u00f1o de Mango y Lima de Ancient Wisdom es adecuado para:<\/p>\n<ul data-start=\"1805\" data-end=\"2029\">\n<li data-start=\"1805\" data-end=\"1836\">\n<p data-start=\"1807\" data-end=\"1836\">Piel <strong data-start=\"1813\" data-end=\"1833\">normal a mixta<\/strong>.<\/p>\n<\/li>\n<li data-start=\"1837\" data-end=\"1896\">\n<p data-start=\"1839\" data-end=\"1896\">Los que buscan un gel de ducha refrescante y energizante.<\/p>\n<\/li>\n<li data-start=\"1897\" data-end=\"1949\">\n<p data-start=\"1899\" data-end=\"1949\">Personas a las que les gustan los sabores afrutados y c\u00edtricos.<\/p>\n<\/li>\n<li data-start=\"1950\" data-end=\"2029\">\n<p data-start=\"1952\" data-end=\"2029\">Consumidores que valoran un cuidado corporal sencillo, eficaz y agradable.<\/p>\n<\/li>\n<\/ul>\n<p><strong>El Gel de Manos y Cuerpo de Mango y Lima 300 ml<\/strong> es un gel de manos y ba\u00f1o refrescante y energizante, formulado para limpiar y nutrir suavemente la piel, a la vez que envuelve los sentidos en un irresistible aroma tropical.<\/p>\n<p>La dulzura ex\u00f3tica del mango aporta una <strong>sensaci\u00f3n afrutada y tropical<\/strong>, mientras que el sabor c\u00edtrico de la lima a\u00f1ade frescor y energ\u00eda, creando una combinaci\u00f3n perfecta para revitalizar cuerpo y mente.<\/p>\n<p><strong>PRESENTACI\u00d3N<\/strong><\/p>\n<p>300 ml<\/p>\n<p>&nbsp;<\/p>\n","protected":false},"excerpt":{"rendered":"<p>Gel de Ducha de Mango y Lima Limpieza suave, frescor tropical y aroma c\u00edtrico revitalizante. Ideal para uso diario y para una piel limpia, suave y llena de energ\u00eda. [&#8230;]<\/p>\n<p><a class=\"btn btn-secondary understrap-read-more-link\" href=\"https:\/\/www.lifenatura.com\/es\/produto\/gel-de-ducha-mango-y-lima-300ml-ancient-wisdom\/\">Leer m\u00e1s&#8230;<span class=\"screen-reader-text\"> from Gel de Ducha Mango y Lima 300ml &#8211; Ancient Wisdom<\/span><\/a><\/p>\n","protected":false},"featured_media":123302,"template":"","meta":{"_acf_changed":false},"product_brand":[8583],"product_cat":[7653,7102,7109],"product_tag":[],"class_list":{"0":"post-123402","1":"product","2":"type-product","3":"status-publish","4":"has-post-thumbnail","6":"product_brand-ancient-wisdom","7":"product_cat-cosmetica-natural-lifenatura","8":"product_cat-cuidado-del-cuerpo","9":"product_cat-gel-de-bano","11":"first","12":"instock","13":"shipping-taxable","14":"purchasable","15":"product-type-simple","16":"add-to-wishlist-before_image"},"acf":[],"yoast_head":"<!-- This site is optimized with the Yoast SEO Premium plugin v27.1 (Yoast SEO v27.3) - https:\/\/yoast.com\/product\/yoast-seo-premium-wordpress\/ -->\n<title>Gel de Ducha Mango y Lima 300ml - Ancient Wisdom - Lifenatura<\/title>\n<meta name=\"description\" content=\"Gel de Ducha de Mango y Lima Limpieza suave, frescor tropical y aroma c\u00edtrico revitalizante. Ideal para uso diario y para una piel limpia y suave.\" \/>\n<meta name=\"robots\" content=\"index, follow, max-snippet:-1, max-image-preview:large, max-video-preview:-1\" \/>\n<link rel=\"canonical\" href=\"https:\/\/www.lifenatura.com\/es\/produto\/gel-de-ducha-mango-y-lima-300ml-ancient-wisdom\/\" \/>\n<meta property=\"og:locale\" content=\"es_ES\" \/>\n<meta property=\"og:type\" content=\"article\" \/>\n<meta property=\"og:title\" content=\"Gel de Ducha Mango y Lima 300ml - Ancient Wisdom - Lifenatura\" \/>\n<meta property=\"og:description\" content=\"Compre aqui o seu Gel de Ducha Mango y Lima 300ml - Ancient Wisdom e a Lifenatura Online envia em 48 H com Portes Gratis &gt;35\u20ac de Pedido.\" \/>\n<meta property=\"og:url\" content=\"https:\/\/www.lifenatura.com\/es\/produto\/gel-de-ducha-mango-y-lima-300ml-ancient-wisdom\/\" \/>\n<meta property=\"og:site_name\" content=\"Lifenatura\" \/>\n<meta property=\"article:publisher\" content=\"https:\/\/www.facebook.com\/lifenatura\" \/>\n<meta property=\"article:modified_time\" content=\"2025-12-23T15:58:48+00:00\" \/>\n<meta property=\"og:image\" content=\"https:\/\/www.lifenatura.com\/wp-content\/uploads\/2025\/12\/gel-banho-manga-limao-ancient-wisdom.jpg\" \/>\n\t<meta property=\"og:image:width\" content=\"1000\" \/>\n\t<meta property=\"og:image:height\" content=\"1000\" \/>\n\t<meta property=\"og:image:type\" content=\"image\/jpeg\" \/>\n<meta name=\"twitter:card\" content=\"summary_large_image\" \/>\n<meta name=\"twitter:label1\" content=\"Precio\" \/>\n\t<meta name=\"twitter:data1\" content=\"8,46&nbsp;&euro;\" \/>\n\t<meta name=\"twitter:label2\" content=\"Disponibilidad\" \/>\n\t<meta name=\"twitter:data2\" content=\"Disponible\" \/>\n<meta property=\"product:price:amount\" content=\"8.46\" \/>\n<meta property=\"product:price:currency\" content=\"EUR\" \/>\n<meta property=\"og:availability\" content=\"instock\" \/>\n<meta property=\"product:availability\" content=\"instock\" \/>\n<meta property=\"product:retailer_item_id\" content=\"5056422988438\" \/>\n<meta property=\"product:condition\" content=\"new\" \/>\n<!-- \/ Yoast SEO Premium plugin. -->","yoast_head_json":{"title":"Gel de Ducha Mango y Lima 300ml - Ancient Wisdom - Lifenatura","description":"Gel de Ducha de Mango y Lima Limpieza suave, frescor tropical y aroma c\u00edtrico revitalizante. Ideal para uso diario y para una piel limpia y suave.","robots":{"index":"index","follow":"follow","max-snippet":"max-snippet:-1","max-image-preview":"max-image-preview:large","max-video-preview":"max-video-preview:-1"},"canonical":"https:\/\/www.lifenatura.com\/es\/produto\/gel-de-ducha-mango-y-lima-300ml-ancient-wisdom\/","og_locale":"es_ES","og_type":"article","og_title":"Gel de Ducha Mango y Lima 300ml - Ancient Wisdom - Lifenatura","og_description":"Compre aqui o seu Gel de Ducha Mango y Lima 300ml - Ancient Wisdom e a Lifenatura Online envia em 48 H com Portes Gratis >35\u20ac de Pedido.","og_url":"https:\/\/www.lifenatura.com\/es\/produto\/gel-de-ducha-mango-y-lima-300ml-ancient-wisdom\/","og_site_name":"Lifenatura","article_publisher":"https:\/\/www.facebook.com\/lifenatura","article_modified_time":"2025-12-23T15:58:48+00:00","og_image":[{"width":1000,"height":1000,"url":"https:\/\/www.lifenatura.com\/wp-content\/uploads\/2025\/12\/gel-banho-manga-limao-ancient-wisdom.jpg","type":"image\/jpeg"}],"twitter_card":"summary_large_image","twitter_misc":{"Precio":"8,46&nbsp;&euro;","Disponibilidad":"Disponible"},"schema":{"@context":"https:\/\/schema.org","@graph":[{"@type":"WebPage","@id":"https:\/\/www.lifenatura.com\/es\/produto\/gel-de-ducha-mango-y-lima-300ml-ancient-wisdom\/","url":"https:\/\/www.lifenatura.com\/es\/produto\/gel-de-ducha-mango-y-lima-300ml-ancient-wisdom\/","name":"Gel de Ducha Mango y Lima 300ml - Ancient Wisdom - Lifenatura","isPartOf":{"@id":"https:\/\/www.lifenatura.com\/es\/#website"},"primaryImageOfPage":{"@id":"https:\/\/www.lifenatura.com\/es\/produto\/gel-de-ducha-mango-y-lima-300ml-ancient-wisdom\/#primaryimage"},"image":{"@id":"https:\/\/www.lifenatura.com\/es\/produto\/gel-de-ducha-mango-y-lima-300ml-ancient-wisdom\/#primaryimage"},"thumbnailUrl":"https:\/\/www.lifenatura.com\/wp-content\/uploads\/2025\/12\/gel-banho-manga-limao-ancient-wisdom.jpg","datePublished":"2025-12-22T17:37:30+00:00","dateModified":"2025-12-23T15:58:48+00:00","description":"Gel de Ducha de Mango y Lima Limpieza suave, frescor tropical y aroma c\u00edtrico revitalizante. Ideal para uso diario y para una piel limpia y suave.","breadcrumb":{"@id":"https:\/\/www.lifenatura.com\/es\/produto\/gel-de-ducha-mango-y-lima-300ml-ancient-wisdom\/#breadcrumb"},"inLanguage":"es","potentialAction":[{"@type":"ReadAction","target":["https:\/\/www.lifenatura.com\/es\/produto\/gel-de-ducha-mango-y-lima-300ml-ancient-wisdom\/"]}]},{"@type":"ImageObject","inLanguage":"es","@id":"https:\/\/www.lifenatura.com\/es\/produto\/gel-de-ducha-mango-y-lima-300ml-ancient-wisdom\/#primaryimage","url":"https:\/\/www.lifenatura.com\/wp-content\/uploads\/2025\/12\/gel-banho-manga-limao-ancient-wisdom.jpg","contentUrl":"https:\/\/www.lifenatura.com\/wp-content\/uploads\/2025\/12\/gel-banho-manga-limao-ancient-wisdom.jpg","width":1000,"height":1000,"caption":"gel de ducha mango lim\u00f3n sabidur\u00eda antigua"},{"@type":"BreadcrumbList","@id":"https:\/\/www.lifenatura.com\/es\/produto\/gel-de-ducha-mango-y-lima-300ml-ancient-wisdom\/#breadcrumb","itemListElement":[{"@type":"ListItem","position":1,"name":"In\u00edcio","item":"https:\/\/www.lifenatura.com\/es\/"},{"@type":"ListItem","position":2,"name":"Todos los Productos","item":"https:\/\/www.lifenatura.com\/es\/tienda\/"},{"@type":"ListItem","position":3,"name":"Gel de Ducha Mango y Lima 300ml &#8211; Ancient Wisdom"}]},{"@type":"WebSite","@id":"https:\/\/www.lifenatura.com\/es\/#website","url":"https:\/\/www.lifenatura.com\/es\/","name":"Lifenatura","description":"A Lifenatura \u00e9 uma loja de produtos naturais, cosm\u00e9tica natural e alimenta\u00e7\u00e3o Biol\u00f3gica.","publisher":{"@id":"https:\/\/www.lifenatura.com\/es\/#organization"},"potentialAction":[{"@type":"SearchAction","target":{"@type":"EntryPoint","urlTemplate":"https:\/\/www.lifenatura.com\/es\/?s={search_term_string}"},"query-input":{"@type":"PropertyValueSpecification","valueRequired":true,"valueName":"search_term_string"}}],"inLanguage":"es"},{"@type":"Organization","@id":"https:\/\/www.lifenatura.com\/es\/#organization","name":"Lifenatura","url":"https:\/\/www.lifenatura.com\/es\/","logo":{"@type":"ImageObject","inLanguage":"es","@id":"https:\/\/www.lifenatura.com\/es\/#\/schema\/logo\/image\/","url":"https:\/\/www.lifenatura.com\/wp-content\/uploads\/2021\/11\/logo.png","contentUrl":"https:\/\/www.lifenatura.com\/wp-content\/uploads\/2021\/11\/logo.png","width":175,"height":55,"caption":"Lifenatura"},"image":{"@id":"https:\/\/www.lifenatura.com\/es\/#\/schema\/logo\/image\/"},"sameAs":["https:\/\/www.facebook.com\/lifenatura","https:\/\/www.instagram.com\/lifenaturapt\/"]}]},"product_price_amount":"8.46","product_price_currency":"EUR","og_availability":"instock","product_availability":"instock","product_retailer_item_id":"5056422988438","product_condition":"new"},"df_price":8.46,"df_sale_price":"","df_regular_price":8.46,"df_image_link":"https:\/\/www.lifenatura.com\/wp-content\/uploads\/2025\/12\/gel-banho-manga-limao-ancient-wisdom-300x300.jpg","_links":{"self":[{"href":"https:\/\/www.lifenatura.com\/es\/wp-json\/wp\/v2\/product\/123402","targetHints":{"allow":["GET"]}}],"collection":[{"href":"https:\/\/www.lifenatura.com\/es\/wp-json\/wp\/v2\/product"}],"about":[{"href":"https:\/\/www.lifenatura.com\/es\/wp-json\/wp\/v2\/types\/product"}],"wp:featuredmedia":[{"embeddable":true,"href":"https:\/\/www.lifenatura.com\/es\/wp-json\/wp\/v2\/media\/123302"}],"wp:attachment":[{"href":"https:\/\/www.lifenatura.com\/es\/wp-json\/wp\/v2\/media?parent=123402"}],"wp:term":[{"taxonomy":"product_brand","embeddable":true,"href":"https:\/\/www.lifenatura.com\/es\/wp-json\/wp\/v2\/product_brand?post=123402"},{"taxonomy":"product_cat","embeddable":true,"href":"https:\/\/www.lifenatura.com\/es\/wp-json\/wp\/v2\/product_cat?post=123402"},{"taxonomy":"product_tag","embeddable":true,"href":"https:\/\/www.lifenatura.com\/es\/wp-json\/wp\/v2\/product_tag?post=123402"}],"curies":[{"name":"wp","href":"https:\/\/api.w.org\/{rel}","templated":true}]}}