{"id":123401,"date":"2025-12-22T17:37:29","date_gmt":"2025-12-22T17:37:29","guid":{"rendered":"https:\/\/www.lifenatura.com\/produto\/gel-de-ducha-de-mora-y-almendra-300ml-ancient-wisdom\/"},"modified":"2025-12-23T16:00:57","modified_gmt":"2025-12-23T16:00:57","slug":"gel-de-ducha-de-mora-y-almendra-300ml-ancient-wisdom","status":"publish","type":"product","link":"https:\/\/www.lifenatura.com\/es\/produto\/gel-de-ducha-de-mora-y-almendra-300ml-ancient-wisdom\/","title":{"rendered":"Gel de Ducha de Mora y Almendra 300ml &#8211; Ancient Wisdom"},"content":{"rendered":"<h2 style=\"text-align: left;\" data-start=\"0\" data-end=\"56\"><strong>Limpieza Suave y Nutrici\u00f3n Delicada con Morera y Almendra<\/strong><\/h2>\n<p>&nbsp;<\/p>\n<p data-start=\"58\" data-end=\"598\"><strong data-start=\"60\" data-end=\"133\">El Gel de Ducha de Mora y Almendra de <span class=\"hover:entity-accent entity-underline inline cursor-pointer align-baseline\"><span class=\"whitespace-normal\">Ancient Wisdom<\/span><\/span><\/strong> es un producto de cuidado diario envolvente y nutritivo, formulado para limpiar suavemente la piel, a la vez que proporciona hidrataci\u00f3n, confort y una delicada experiencia sensorial. Combinando el aroma afrutado de la <strong data-start=\"331\" data-end=\"340\">mora<\/strong> con la reconfortante suavidad de <strong data-start=\"374\" data-end=\"385\">la almendra<\/strong>, este gel de ducha transforma el momento de la ducha en un verdadero ritual de bienestar. Su f\u00f3rmula equilibrada elimina eficazmente las impurezas sin da\u00f1ar ni resecar la piel, respetando su equilibrio natural.<\/p>\n<p data-start=\"600\" data-end=\"1070\">La morera es apreciada por sus propiedades antioxidantes y revitalizantes, que ayudan a proteger la piel contra el estr\u00e9s ambiental y a mantenerla con un aspecto m\u00e1s fresco y saludable. La Almendra, por su parte, es conocida por sus cualidades nutritivas y suavizantes, que contribuyen a una piel m\u00e1s suave, confortable y cuidada. La textura ligera y la espuma cremosa proporcionan una limpieza agradable, dejando la piel limpia, suave y delicadamente perfumada despu\u00e9s de cada uso.<\/p>\n<p data-start=\"1072\" data-end=\"1398\">Ideal para uso diario, el Gel de Ducha de Mora y Almendra es adecuado para toda la familia y todo tipo de pieles, incluidas las secas o sensibles. Su aroma dulce y envolvente crea una sensaci\u00f3n de confort y relajaci\u00f3n, perfecta para empezar el d\u00eda con energ\u00eda o terminar la rutina diaria con un momento de cuidado personal.<\/p>\n<h3 data-start=\"1400\" data-end=\"1425\">Principales ventajas<\/h3>\n<ul data-start=\"1426\" data-end=\"1808\">\n<li data-start=\"1426\" data-end=\"1478\">\n<p data-start=\"1428\" data-end=\"1478\"><strong data-start=\"1428\" data-end=\"1454\">Limpieza suave y eficaz<\/strong> sin resecar la piel.<\/p>\n<\/li>\n<li data-start=\"1479\" data-end=\"1551\">\n<p data-start=\"1481\" data-end=\"1551\"><strong data-start=\"1481\" data-end=\"1520\">Ayuda a mantener la hidrataci\u00f3n natural<\/strong>, favoreciendo el confort diario.<\/p>\n<\/li>\n<li data-start=\"1552\" data-end=\"1594\">\n<p data-start=\"1554\" data-end=\"1594\"><strong data-start=\"1554\" data-end=\"1575\">Acci\u00f3n antioxidante<\/strong>, gracias a la mora.<\/p>\n<\/li>\n<li data-start=\"1595\" data-end=\"1670\">\n<p data-start=\"1597\" data-end=\"1670\"><strong data-start=\"1597\" data-end=\"1638\">Propiedades nutritivas y suavizantes<\/strong> aportadas por las almendras.<\/p>\n<\/li>\n<li data-start=\"1671\" data-end=\"1732\">\n<p data-start=\"1673\" data-end=\"1732\"><strong data-start=\"1673\" data-end=\"1706\">Espuma cremosa y textura ligera<\/strong>, ideal para el uso diario.<\/p>\n<\/li>\n<li data-start=\"1733\" data-end=\"1808\">\n<p data-start=\"1735\" data-end=\"1808\">Un <strong data-start=\"1735\" data-end=\"1765\">aroma dulce y reconfortante<\/strong> para una agradable experiencia sensorial.<\/p>\n<\/li>\n<\/ul>\n<h3 data-start=\"1810\" data-end=\"1827\">Adecuado para<\/h3>\n<p data-start=\"1828\" data-end=\"1895\">El Gel de Ducha de Mora y Almendra de Ancient Wisdom es adecuado para<\/p>\n<ul data-start=\"1896\" data-end=\"2138\">\n<li data-start=\"1896\" data-end=\"1960\">\n<p data-start=\"1898\" data-end=\"1960\">Todo tipo de pieles, incluidas <strong data-start=\"1932\" data-end=\"1957\">las secas o sensibles<\/strong>.<\/p>\n<\/li>\n<li data-start=\"1961\" data-end=\"2023\">\n<p data-start=\"1963\" data-end=\"2023\">Los que buscan un gel de ducha suave, nutritivo y perfumado.<\/p>\n<\/li>\n<li data-start=\"2024\" data-end=\"2058\">\n<p data-start=\"2026\" data-end=\"2058\">Uso diario por toda la familia.<\/p>\n<\/li>\n<li data-start=\"2059\" data-end=\"2138\">\n<p data-start=\"2061\" data-end=\"2138\">Consumidores que valoran un cuidado corporal sencillo, eficaz y agradable.<\/p>\n<\/li>\n<\/ul>\n<p>El <strong>Gel de Manos y Cuerpo de Morera y Almendra 300 ml<\/strong> es un lujoso y nutritivo gel de manos y ba\u00f1o dise\u00f1ado para limpiar e hidratar suavemente la piel, dej\u00e1ndola suave y envuelta en una dulce y agradable fragancia.<\/p>\n<p>La mora aporta un<strong> aroma afrutado y refrescante,<\/strong> mientras que la almendra a\u00f1ade una nota c\u00e1lida y aterciopelada, creando una combinaci\u00f3n \u00fanica que es reconfortante e indulgente a la vez.<\/p>\n<p><strong>PRESENTACI\u00d3N<\/strong><\/p>\n<p>300 ml<\/p>\n<p>&nbsp;<\/p>\n","protected":false},"excerpt":{"rendered":"<p>Gel de Ducha de Mora y Almendra Ancient Wisdom: limpieza suave, hidrataci\u00f3n y un reconfortante aroma dulce. Ideal para uso diario y para todo tipo de pieles. [&#8230;]<\/p>\n<p><a class=\"btn btn-secondary understrap-read-more-link\" href=\"https:\/\/www.lifenatura.com\/es\/produto\/gel-de-ducha-de-mora-y-almendra-300ml-ancient-wisdom\/\">Leer m\u00e1s&#8230;<span class=\"screen-reader-text\"> from Gel de Ducha de Mora y Almendra 300ml &#8211; Ancient Wisdom<\/span><\/a><\/p>\n","protected":false},"featured_media":123296,"template":"","meta":{"_acf_changed":false},"product_brand":[8583],"product_cat":[7653,7102,7109],"product_tag":[],"class_list":{"0":"post-123401","1":"product","2":"type-product","3":"status-publish","4":"has-post-thumbnail","6":"product_brand-ancient-wisdom","7":"product_cat-cosmetica-natural-lifenatura","8":"product_cat-cuidado-del-cuerpo","9":"product_cat-gel-de-bano","11":"first","12":"instock","13":"shipping-taxable","14":"purchasable","15":"product-type-simple","16":"add-to-wishlist-before_image"},"acf":[],"yoast_head":"<!-- This site is optimized with the Yoast SEO Premium plugin v27.1 (Yoast SEO v27.3) - https:\/\/yoast.com\/product\/yoast-seo-premium-wordpress\/ -->\n<title>Gel de Ducha de Mora y Almendra 300ml - Ancient Wisdom - Lifenatura<\/title>\n<meta name=\"description\" content=\"Gel de Ducha de Mora y Almendra Ancient Wisdom: limpieza suave, hidrataci\u00f3n y un reconfortante aroma dulce. Ideal para uso diario para todo tipo de pieles.\" \/>\n<meta name=\"robots\" content=\"index, follow, max-snippet:-1, max-image-preview:large, max-video-preview:-1\" \/>\n<link rel=\"canonical\" href=\"https:\/\/www.lifenatura.com\/es\/produto\/gel-de-ducha-de-mora-y-almendra-300ml-ancient-wisdom\/\" \/>\n<meta property=\"og:locale\" content=\"es_ES\" \/>\n<meta property=\"og:type\" content=\"article\" \/>\n<meta property=\"og:title\" content=\"Gel de Ducha de Mora y Almendra 300ml - Ancient Wisdom - Lifenatura\" \/>\n<meta property=\"og:description\" content=\"Compre aqui o seu Gel de Ducha de Mora y Almendra 300ml - Ancient Wisdom e a Lifenatura Online envia em 48 H com Portes Gratis &gt;35\u20ac de Pedido.\" \/>\n<meta property=\"og:url\" content=\"https:\/\/www.lifenatura.com\/es\/produto\/gel-de-ducha-de-mora-y-almendra-300ml-ancient-wisdom\/\" \/>\n<meta property=\"og:site_name\" content=\"Lifenatura\" \/>\n<meta property=\"article:publisher\" content=\"https:\/\/www.facebook.com\/lifenatura\" \/>\n<meta property=\"article:modified_time\" content=\"2025-12-23T16:00:57+00:00\" \/>\n<meta property=\"og:image\" content=\"https:\/\/www.lifenatura.com\/wp-content\/uploads\/2025\/12\/gel-banho-amora-amendoa-ancient-wisdom.jpg\" \/>\n\t<meta property=\"og:image:width\" content=\"1000\" \/>\n\t<meta property=\"og:image:height\" content=\"1000\" \/>\n\t<meta property=\"og:image:type\" content=\"image\/jpeg\" \/>\n<meta name=\"twitter:card\" content=\"summary_large_image\" \/>\n<meta name=\"twitter:label1\" content=\"Precio\" \/>\n\t<meta name=\"twitter:data1\" content=\"8,46&nbsp;&euro;\" \/>\n\t<meta name=\"twitter:label2\" content=\"Disponibilidad\" \/>\n\t<meta name=\"twitter:data2\" content=\"Disponible\" \/>\n<meta property=\"product:price:amount\" content=\"8.46\" \/>\n<meta property=\"product:price:currency\" content=\"EUR\" \/>\n<meta property=\"og:availability\" content=\"instock\" \/>\n<meta property=\"product:availability\" content=\"instock\" \/>\n<meta property=\"product:retailer_item_id\" content=\"5056422988407\" \/>\n<meta property=\"product:condition\" content=\"new\" \/>\n<!-- \/ Yoast SEO Premium plugin. -->","yoast_head_json":{"title":"Gel de Ducha de Mora y Almendra 300ml - Ancient Wisdom - Lifenatura","description":"Gel de Ducha de Mora y Almendra Ancient Wisdom: limpieza suave, hidrataci\u00f3n y un reconfortante aroma dulce. Ideal para uso diario para todo tipo de pieles.","robots":{"index":"index","follow":"follow","max-snippet":"max-snippet:-1","max-image-preview":"max-image-preview:large","max-video-preview":"max-video-preview:-1"},"canonical":"https:\/\/www.lifenatura.com\/es\/produto\/gel-de-ducha-de-mora-y-almendra-300ml-ancient-wisdom\/","og_locale":"es_ES","og_type":"article","og_title":"Gel de Ducha de Mora y Almendra 300ml - Ancient Wisdom - Lifenatura","og_description":"Compre aqui o seu Gel de Ducha de Mora y Almendra 300ml - Ancient Wisdom e a Lifenatura Online envia em 48 H com Portes Gratis >35\u20ac de Pedido.","og_url":"https:\/\/www.lifenatura.com\/es\/produto\/gel-de-ducha-de-mora-y-almendra-300ml-ancient-wisdom\/","og_site_name":"Lifenatura","article_publisher":"https:\/\/www.facebook.com\/lifenatura","article_modified_time":"2025-12-23T16:00:57+00:00","og_image":[{"width":1000,"height":1000,"url":"https:\/\/www.lifenatura.com\/wp-content\/uploads\/2025\/12\/gel-banho-amora-amendoa-ancient-wisdom.jpg","type":"image\/jpeg"}],"twitter_card":"summary_large_image","twitter_misc":{"Precio":"8,46&nbsp;&euro;","Disponibilidad":"Disponible"},"schema":{"@context":"https:\/\/schema.org","@graph":[{"@type":"WebPage","@id":"https:\/\/www.lifenatura.com\/es\/produto\/gel-de-ducha-de-mora-y-almendra-300ml-ancient-wisdom\/","url":"https:\/\/www.lifenatura.com\/es\/produto\/gel-de-ducha-de-mora-y-almendra-300ml-ancient-wisdom\/","name":"Gel de Ducha de Mora y Almendra 300ml - Ancient Wisdom - Lifenatura","isPartOf":{"@id":"https:\/\/www.lifenatura.com\/es\/#website"},"primaryImageOfPage":{"@id":"https:\/\/www.lifenatura.com\/es\/produto\/gel-de-ducha-de-mora-y-almendra-300ml-ancient-wisdom\/#primaryimage"},"image":{"@id":"https:\/\/www.lifenatura.com\/es\/produto\/gel-de-ducha-de-mora-y-almendra-300ml-ancient-wisdom\/#primaryimage"},"thumbnailUrl":"https:\/\/www.lifenatura.com\/wp-content\/uploads\/2025\/12\/gel-banho-amora-amendoa-ancient-wisdom.jpg","datePublished":"2025-12-22T17:37:29+00:00","dateModified":"2025-12-23T16:00:57+00:00","description":"Gel de Ducha de Mora y Almendra Ancient Wisdom: limpieza suave, hidrataci\u00f3n y un reconfortante aroma dulce. Ideal para uso diario para todo tipo de pieles.","breadcrumb":{"@id":"https:\/\/www.lifenatura.com\/es\/produto\/gel-de-ducha-de-mora-y-almendra-300ml-ancient-wisdom\/#breadcrumb"},"inLanguage":"es","potentialAction":[{"@type":"ReadAction","target":["https:\/\/www.lifenatura.com\/es\/produto\/gel-de-ducha-de-mora-y-almendra-300ml-ancient-wisdom\/"]}]},{"@type":"ImageObject","inLanguage":"es","@id":"https:\/\/www.lifenatura.com\/es\/produto\/gel-de-ducha-de-mora-y-almendra-300ml-ancient-wisdom\/#primaryimage","url":"https:\/\/www.lifenatura.com\/wp-content\/uploads\/2025\/12\/gel-banho-amora-amendoa-ancient-wisdom.jpg","contentUrl":"https:\/\/www.lifenatura.com\/wp-content\/uploads\/2025\/12\/gel-banho-amora-amendoa-ancient-wisdom.jpg","width":1000,"height":1000,"caption":"gel de ducha mora y almendra sabidur\u00eda antigua"},{"@type":"BreadcrumbList","@id":"https:\/\/www.lifenatura.com\/es\/produto\/gel-de-ducha-de-mora-y-almendra-300ml-ancient-wisdom\/#breadcrumb","itemListElement":[{"@type":"ListItem","position":1,"name":"In\u00edcio","item":"https:\/\/www.lifenatura.com\/es\/"},{"@type":"ListItem","position":2,"name":"Todos los Productos","item":"https:\/\/www.lifenatura.com\/es\/tienda\/"},{"@type":"ListItem","position":3,"name":"Gel de Ducha de Mora y Almendra 300ml &#8211; Ancient Wisdom"}]},{"@type":"WebSite","@id":"https:\/\/www.lifenatura.com\/es\/#website","url":"https:\/\/www.lifenatura.com\/es\/","name":"Lifenatura","description":"A Lifenatura \u00e9 uma loja de produtos naturais, cosm\u00e9tica natural e alimenta\u00e7\u00e3o Biol\u00f3gica.","publisher":{"@id":"https:\/\/www.lifenatura.com\/es\/#organization"},"potentialAction":[{"@type":"SearchAction","target":{"@type":"EntryPoint","urlTemplate":"https:\/\/www.lifenatura.com\/es\/?s={search_term_string}"},"query-input":{"@type":"PropertyValueSpecification","valueRequired":true,"valueName":"search_term_string"}}],"inLanguage":"es"},{"@type":"Organization","@id":"https:\/\/www.lifenatura.com\/es\/#organization","name":"Lifenatura","url":"https:\/\/www.lifenatura.com\/es\/","logo":{"@type":"ImageObject","inLanguage":"es","@id":"https:\/\/www.lifenatura.com\/es\/#\/schema\/logo\/image\/","url":"https:\/\/www.lifenatura.com\/wp-content\/uploads\/2021\/11\/logo.png","contentUrl":"https:\/\/www.lifenatura.com\/wp-content\/uploads\/2021\/11\/logo.png","width":175,"height":55,"caption":"Lifenatura"},"image":{"@id":"https:\/\/www.lifenatura.com\/es\/#\/schema\/logo\/image\/"},"sameAs":["https:\/\/www.facebook.com\/lifenatura","https:\/\/www.instagram.com\/lifenaturapt\/"]}]},"product_price_amount":"8.46","product_price_currency":"EUR","og_availability":"instock","product_availability":"instock","product_retailer_item_id":"5056422988407","product_condition":"new"},"df_price":8.46,"df_sale_price":"","df_regular_price":8.46,"df_image_link":"https:\/\/www.lifenatura.com\/wp-content\/uploads\/2025\/12\/gel-banho-amora-amendoa-ancient-wisdom-300x300.jpg","_links":{"self":[{"href":"https:\/\/www.lifenatura.com\/es\/wp-json\/wp\/v2\/product\/123401","targetHints":{"allow":["GET"]}}],"collection":[{"href":"https:\/\/www.lifenatura.com\/es\/wp-json\/wp\/v2\/product"}],"about":[{"href":"https:\/\/www.lifenatura.com\/es\/wp-json\/wp\/v2\/types\/product"}],"wp:featuredmedia":[{"embeddable":true,"href":"https:\/\/www.lifenatura.com\/es\/wp-json\/wp\/v2\/media\/123296"}],"wp:attachment":[{"href":"https:\/\/www.lifenatura.com\/es\/wp-json\/wp\/v2\/media?parent=123401"}],"wp:term":[{"taxonomy":"product_brand","embeddable":true,"href":"https:\/\/www.lifenatura.com\/es\/wp-json\/wp\/v2\/product_brand?post=123401"},{"taxonomy":"product_cat","embeddable":true,"href":"https:\/\/www.lifenatura.com\/es\/wp-json\/wp\/v2\/product_cat?post=123401"},{"taxonomy":"product_tag","embeddable":true,"href":"https:\/\/www.lifenatura.com\/es\/wp-json\/wp\/v2\/product_tag?post=123401"}],"curies":[{"name":"wp","href":"https:\/\/api.w.org\/{rel}","templated":true}]}}