{"id":123395,"date":"2025-12-22T17:37:35","date_gmt":"2025-12-22T17:37:35","guid":{"rendered":"https:\/\/www.lifenatura.com\/produto\/locion-corporal-hidratante-de-mango-y-limon-ancient-wisdom\/"},"modified":"2025-12-23T15:55:36","modified_gmt":"2025-12-23T15:55:36","slug":"locion-corporal-hidratante-de-mango-y-limon-ancient-wisdom","status":"publish","type":"product","link":"https:\/\/www.lifenatura.com\/es\/produto\/locion-corporal-hidratante-de-mango-y-limon-ancient-wisdom\/","title":{"rendered":"Loci\u00f3n corporal hidratante de mango y lim\u00f3n &#8211; Ancient Wisdom"},"content":{"rendered":"<h2 style=\"text-align: left;\" data-start=\"0\" data-end=\"65\"><strong>Hidrataci\u00f3n revitalizante y frescor tropical con mango y lim\u00f3n<\/strong><\/h2>\n<p>&nbsp;<\/p>\n<p data-start=\"67\" data-end=\"647\"><strong data-start=\"69\" data-end=\"153\">La Loci\u00f3n Corporal Hidratante de Mango y Lim\u00f3n de <span class=\"hover:entity-accent entity-underline inline cursor-pointer align-baseline\"><span class=\"whitespace-normal\">Ancient Wisdom<\/span><\/span><\/strong> es un producto de cuidado diario ligero y nutritivo, formulado para hidratar la piel en profundidad, al tiempo que proporciona una sensaci\u00f3n inmediata de frescor y energ\u00eda. Con una vibrante combinaci\u00f3n arom\u00e1tica de jugoso mango y refrescante lim\u00f3n, esta loci\u00f3n ayuda a revitalizar la piel, dej\u00e1ndola suave, radiante y c\u00f3modamente hidratada durante todo el d\u00eda.<\/p>\n<p data-start=\"67\" data-end=\"647\">Su textura cremosa y de r\u00e1pida absorci\u00f3n se extiende f\u00e1cilmente sin dejar residuos grasos, por lo que es ideal para integrarla en tu rutina diaria para despu\u00e9s de la ducha.<\/p>\n<p data-start=\"649\" data-end=\"1131\">El mango es reconocido por sus propiedades nutritivas y suavizantes, que ayudan a mejorar la elasticidad y el tacto sedoso de la piel. El Lim\u00f3n, con su aroma c\u00edtrico y estimulante, ofrece una sensaci\u00f3n tonificante y ayuda a despertar los sentidos, haciendo de cada aplicaci\u00f3n un agradable momento de cuidado personal.<\/p>\n<p data-start=\"649\" data-end=\"1131\">Junto con agentes hidratantes y emolientes cuidadosamente seleccionados, esta loci\u00f3n favorece el mantenimiento de la barrera cut\u00e1nea y ayuda a prevenir la deshidrataci\u00f3n.<\/p>\n<p data-start=\"1133\" data-end=\"1323\">De uso regular, la Loci\u00f3n Corporal Hidratante de Mango y Lim\u00f3n es perfecta para quienes buscan un cuidado corporal eficaz y ligero con un aroma fresco y tropical, ideal para todas las estaciones.<\/p>\n<h3 data-start=\"1325\" data-end=\"1350\">Principales ventajas<\/h3>\n<ul data-start=\"1351\" data-end=\"1767\">\n<li data-start=\"1351\" data-end=\"1412\">\n<p data-start=\"1353\" data-end=\"1412\"><strong data-start=\"1353\" data-end=\"1386\">Hidrataci\u00f3n eficaz y duradera<\/strong>, ideal para uso diario.<\/p>\n<\/li>\n<li data-start=\"1413\" data-end=\"1498\">\n<p data-start=\"1415\" data-end=\"1498\"><strong data-start=\"1415\" data-end=\"1461\">Mejora la suavidad y elasticidad de la piel<\/strong> gracias a la acci\u00f3n nutritiva del mango.<\/p>\n<\/li>\n<li data-start=\"1499\" data-end=\"1568\">\n<p data-start=\"1501\" data-end=\"1568\"><strong data-start=\"1501\" data-end=\"1539\">Sensaci\u00f3n refrescante y energizante<\/strong> proporcionada por el lim\u00f3n.<\/p>\n<\/li>\n<li data-start=\"1569\" data-end=\"1634\">\n<p data-start=\"1571\" data-end=\"1634\"><strong data-start=\"1571\" data-end=\"1608\">Textura ligera y de r\u00e1pida absorci\u00f3n<\/strong>, sin sensaci\u00f3n pegajosa.<\/p>\n<\/li>\n<li data-start=\"1635\" data-end=\"1698\">\n<p data-start=\"1637\" data-end=\"1698\"><strong data-start=\"1637\" data-end=\"1665\">Aroma tropical y c\u00edtrico<\/strong> que revitaliza el cuerpo y la mente.<\/p>\n<\/li>\n<li data-start=\"1699\" data-end=\"1767\">\n<p data-start=\"1701\" data-end=\"1767\"><strong data-start=\"1701\" data-end=\"1737\">Ayuda a proteger contra la sequedad<\/strong>, manteniendo la piel confortable.<\/p>\n<\/li>\n<\/ul>\n<h3 data-start=\"1769\" data-end=\"1786\">Adecuado para<\/h3>\n<p data-start=\"1787\" data-end=\"1865\">La Loci\u00f3n Corporal Hidratante de Mango y Lim\u00f3n de Ancient Wisdom es adecuada para:<\/p>\n<ul data-start=\"1866\" data-end=\"2125\">\n<li data-start=\"1866\" data-end=\"1932\">\n<p data-start=\"1868\" data-end=\"1932\">Piel <strong data-start=\"1874\" data-end=\"1893\">normal a seca<\/strong> que necesita hidrataci\u00f3n diaria.<\/p>\n<\/li>\n<li data-start=\"1933\" data-end=\"1990\">\n<p data-start=\"1935\" data-end=\"1990\">A los que les gustan los aromas frescos, afrutados y energizantes.<\/p>\n<\/li>\n<li data-start=\"1991\" data-end=\"2049\">\n<p data-start=\"1993\" data-end=\"2049\">Personas que buscan una loci\u00f3n corporal ligera y eficaz.<\/p>\n<\/li>\n<li data-start=\"2050\" data-end=\"2125\">\n<p data-start=\"2052\" data-end=\"2125\">Consumidores que valoran los cuidados sencillos, agradables y revitalizantes.<\/p>\n<\/li>\n<\/ul>\n<p>Nuestras lociones se crean <strong>centr\u00e1ndose en la calidad y la sostenibilidad. <\/strong>Producidas en el Reino Unido con <strong>ingredientes veganos y de origen \u00e9tico, no contienen parabenos, sulfatos ni otros productos qu\u00edmicos agresivos. <\/strong>Adem\u00e1s, somos una empresa orgullosamente libre de crueldad, lo que garantiza que nuestros productos nunca se prueban en animales.<\/p>\n<p><strong>PRESENTACI\u00d3N<\/strong><\/p>\n<p>300 ml<\/p>\n<p>&nbsp;<\/p>\n","protected":false},"excerpt":{"rendered":"<p>Loci\u00f3n Corporal Hidratante de Mango y Lim\u00f3n Hidrataci\u00f3n diaria, piel suave y un refrescante aroma tropical. Textura ligera, r\u00e1pida absorci\u00f3n y cuidado revitalizante. [&#8230;]<\/p>\n<p><a class=\"btn btn-secondary understrap-read-more-link\" href=\"https:\/\/www.lifenatura.com\/es\/produto\/locion-corporal-hidratante-de-mango-y-limon-ancient-wisdom\/\">Leer m\u00e1s&#8230;<span class=\"screen-reader-text\"> from Loci\u00f3n corporal hidratante de mango y lim\u00f3n &#8211; Ancient Wisdom<\/span><\/a><\/p>\n","protected":false},"featured_media":123316,"template":"","meta":{"_acf_changed":false},"product_brand":[8583],"product_cat":[7653,7105,7102],"product_tag":[],"class_list":{"0":"post-123395","1":"product","2":"type-product","3":"status-publish","4":"has-post-thumbnail","6":"product_brand-ancient-wisdom","7":"product_cat-cosmetica-natural-lifenatura","8":"product_cat-crema-hidratante","9":"product_cat-cuidado-del-cuerpo","11":"first","12":"instock","13":"shipping-taxable","14":"purchasable","15":"product-type-simple","16":"add-to-wishlist-before_image"},"acf":[],"yoast_head":"<!-- This site is optimized with the Yoast SEO Premium plugin v27.1 (Yoast SEO v27.3) - https:\/\/yoast.com\/product\/yoast-seo-premium-wordpress\/ -->\n<title>Loci\u00f3n corporal hidratante de mango y lim\u00f3n - Ancient Wisdom - Lifenatura<\/title>\n<meta name=\"description\" content=\"Loci\u00f3n Corporal Hidratante de Mango y Lim\u00f3n Hidrataci\u00f3n diaria, piel suave y un refrescante aroma tropical. Textura ligera, r\u00e1pida absorci\u00f3n.\" \/>\n<meta name=\"robots\" content=\"index, follow, max-snippet:-1, max-image-preview:large, max-video-preview:-1\" \/>\n<link rel=\"canonical\" href=\"https:\/\/www.lifenatura.com\/es\/produto\/locion-corporal-hidratante-de-mango-y-limon-ancient-wisdom\/\" \/>\n<meta property=\"og:locale\" content=\"es_ES\" \/>\n<meta property=\"og:type\" content=\"article\" \/>\n<meta property=\"og:title\" content=\"Loci\u00f3n corporal hidratante de mango y lim\u00f3n - Ancient Wisdom - Lifenatura\" \/>\n<meta property=\"og:description\" content=\"Compre aqui o seu Loci\u00f3n corporal hidratante de mango y lim\u00f3n - Ancient Wisdom e a Lifenatura Online envia em 48 H com Portes Gratis &gt;35\u20ac de Pedido.\" \/>\n<meta property=\"og:url\" content=\"https:\/\/www.lifenatura.com\/es\/produto\/locion-corporal-hidratante-de-mango-y-limon-ancient-wisdom\/\" \/>\n<meta property=\"og:site_name\" content=\"Lifenatura\" \/>\n<meta property=\"article:publisher\" content=\"https:\/\/www.facebook.com\/lifenatura\" \/>\n<meta property=\"article:modified_time\" content=\"2025-12-23T15:55:36+00:00\" \/>\n<meta property=\"og:image\" content=\"https:\/\/www.lifenatura.com\/wp-content\/uploads\/2025\/12\/locao-hidratante-manga-limao-ancient-wisdom.jpg\" \/>\n\t<meta property=\"og:image:width\" content=\"1000\" \/>\n\t<meta property=\"og:image:height\" content=\"1000\" \/>\n\t<meta property=\"og:image:type\" content=\"image\/jpeg\" \/>\n<meta name=\"twitter:card\" content=\"summary_large_image\" \/>\n<meta name=\"twitter:label1\" content=\"Precio\" \/>\n\t<meta name=\"twitter:data1\" content=\"7,45&nbsp;&euro;\" \/>\n\t<meta name=\"twitter:label2\" content=\"Disponibilidad\" \/>\n\t<meta name=\"twitter:data2\" content=\"Disponible\" \/>\n<meta property=\"product:price:amount\" content=\"7.45\" \/>\n<meta property=\"product:price:currency\" content=\"EUR\" \/>\n<meta property=\"og:availability\" content=\"instock\" \/>\n<meta property=\"product:availability\" content=\"instock\" \/>\n<meta property=\"product:retailer_item_id\" content=\"5056422986922\" \/>\n<meta property=\"product:condition\" content=\"new\" \/>\n<!-- \/ Yoast SEO Premium plugin. -->","yoast_head_json":{"title":"Loci\u00f3n corporal hidratante de mango y lim\u00f3n - Ancient Wisdom - Lifenatura","description":"Loci\u00f3n Corporal Hidratante de Mango y Lim\u00f3n Hidrataci\u00f3n diaria, piel suave y un refrescante aroma tropical. Textura ligera, r\u00e1pida absorci\u00f3n.","robots":{"index":"index","follow":"follow","max-snippet":"max-snippet:-1","max-image-preview":"max-image-preview:large","max-video-preview":"max-video-preview:-1"},"canonical":"https:\/\/www.lifenatura.com\/es\/produto\/locion-corporal-hidratante-de-mango-y-limon-ancient-wisdom\/","og_locale":"es_ES","og_type":"article","og_title":"Loci\u00f3n corporal hidratante de mango y lim\u00f3n - Ancient Wisdom - Lifenatura","og_description":"Compre aqui o seu Loci\u00f3n corporal hidratante de mango y lim\u00f3n - Ancient Wisdom e a Lifenatura Online envia em 48 H com Portes Gratis >35\u20ac de Pedido.","og_url":"https:\/\/www.lifenatura.com\/es\/produto\/locion-corporal-hidratante-de-mango-y-limon-ancient-wisdom\/","og_site_name":"Lifenatura","article_publisher":"https:\/\/www.facebook.com\/lifenatura","article_modified_time":"2025-12-23T15:55:36+00:00","og_image":[{"width":1000,"height":1000,"url":"https:\/\/www.lifenatura.com\/wp-content\/uploads\/2025\/12\/locao-hidratante-manga-limao-ancient-wisdom.jpg","type":"image\/jpeg"}],"twitter_card":"summary_large_image","twitter_misc":{"Precio":"7,45&nbsp;&euro;","Disponibilidad":"Disponible"},"schema":{"@context":"https:\/\/schema.org","@graph":[{"@type":"WebPage","@id":"https:\/\/www.lifenatura.com\/es\/produto\/locion-corporal-hidratante-de-mango-y-limon-ancient-wisdom\/","url":"https:\/\/www.lifenatura.com\/es\/produto\/locion-corporal-hidratante-de-mango-y-limon-ancient-wisdom\/","name":"Loci\u00f3n corporal hidratante de mango y lim\u00f3n - Ancient Wisdom - Lifenatura","isPartOf":{"@id":"https:\/\/www.lifenatura.com\/es\/#website"},"primaryImageOfPage":{"@id":"https:\/\/www.lifenatura.com\/es\/produto\/locion-corporal-hidratante-de-mango-y-limon-ancient-wisdom\/#primaryimage"},"image":{"@id":"https:\/\/www.lifenatura.com\/es\/produto\/locion-corporal-hidratante-de-mango-y-limon-ancient-wisdom\/#primaryimage"},"thumbnailUrl":"https:\/\/www.lifenatura.com\/wp-content\/uploads\/2025\/12\/locao-hidratante-manga-limao-ancient-wisdom.jpg","datePublished":"2025-12-22T17:37:35+00:00","dateModified":"2025-12-23T15:55:36+00:00","description":"Loci\u00f3n Corporal Hidratante de Mango y Lim\u00f3n Hidrataci\u00f3n diaria, piel suave y un refrescante aroma tropical. Textura ligera, r\u00e1pida absorci\u00f3n.","breadcrumb":{"@id":"https:\/\/www.lifenatura.com\/es\/produto\/locion-corporal-hidratante-de-mango-y-limon-ancient-wisdom\/#breadcrumb"},"inLanguage":"es","potentialAction":[{"@type":"ReadAction","target":["https:\/\/www.lifenatura.com\/es\/produto\/locion-corporal-hidratante-de-mango-y-limon-ancient-wisdom\/"]}]},{"@type":"ImageObject","inLanguage":"es","@id":"https:\/\/www.lifenatura.com\/es\/produto\/locion-corporal-hidratante-de-mango-y-limon-ancient-wisdom\/#primaryimage","url":"https:\/\/www.lifenatura.com\/wp-content\/uploads\/2025\/12\/locao-hidratante-manga-limao-ancient-wisdom.jpg","contentUrl":"https:\/\/www.lifenatura.com\/wp-content\/uploads\/2025\/12\/locao-hidratante-manga-limao-ancient-wisdom.jpg","width":1000,"height":1000,"caption":"locion corporal mango limon de la sabiduria antigua"},{"@type":"BreadcrumbList","@id":"https:\/\/www.lifenatura.com\/es\/produto\/locion-corporal-hidratante-de-mango-y-limon-ancient-wisdom\/#breadcrumb","itemListElement":[{"@type":"ListItem","position":1,"name":"In\u00edcio","item":"https:\/\/www.lifenatura.com\/es\/"},{"@type":"ListItem","position":2,"name":"Todos los Productos","item":"https:\/\/www.lifenatura.com\/es\/tienda\/"},{"@type":"ListItem","position":3,"name":"Loci\u00f3n corporal hidratante de mango y lim\u00f3n &#8211; Ancient Wisdom"}]},{"@type":"WebSite","@id":"https:\/\/www.lifenatura.com\/es\/#website","url":"https:\/\/www.lifenatura.com\/es\/","name":"Lifenatura","description":"A Lifenatura \u00e9 uma loja de produtos naturais, cosm\u00e9tica natural e alimenta\u00e7\u00e3o Biol\u00f3gica.","publisher":{"@id":"https:\/\/www.lifenatura.com\/es\/#organization"},"potentialAction":[{"@type":"SearchAction","target":{"@type":"EntryPoint","urlTemplate":"https:\/\/www.lifenatura.com\/es\/?s={search_term_string}"},"query-input":{"@type":"PropertyValueSpecification","valueRequired":true,"valueName":"search_term_string"}}],"inLanguage":"es"},{"@type":"Organization","@id":"https:\/\/www.lifenatura.com\/es\/#organization","name":"Lifenatura","url":"https:\/\/www.lifenatura.com\/es\/","logo":{"@type":"ImageObject","inLanguage":"es","@id":"https:\/\/www.lifenatura.com\/es\/#\/schema\/logo\/image\/","url":"https:\/\/www.lifenatura.com\/wp-content\/uploads\/2021\/11\/logo.png","contentUrl":"https:\/\/www.lifenatura.com\/wp-content\/uploads\/2021\/11\/logo.png","width":175,"height":55,"caption":"Lifenatura"},"image":{"@id":"https:\/\/www.lifenatura.com\/es\/#\/schema\/logo\/image\/"},"sameAs":["https:\/\/www.facebook.com\/lifenatura","https:\/\/www.instagram.com\/lifenaturapt\/"]}]},"product_price_amount":"7.45","product_price_currency":"EUR","og_availability":"instock","product_availability":"instock","product_retailer_item_id":"5056422986922","product_condition":"new"},"df_price":7.45,"df_sale_price":"","df_regular_price":7.45,"df_image_link":"https:\/\/www.lifenatura.com\/wp-content\/uploads\/2025\/12\/locao-hidratante-manga-limao-ancient-wisdom-300x300.jpg","_links":{"self":[{"href":"https:\/\/www.lifenatura.com\/es\/wp-json\/wp\/v2\/product\/123395","targetHints":{"allow":["GET"]}}],"collection":[{"href":"https:\/\/www.lifenatura.com\/es\/wp-json\/wp\/v2\/product"}],"about":[{"href":"https:\/\/www.lifenatura.com\/es\/wp-json\/wp\/v2\/types\/product"}],"wp:featuredmedia":[{"embeddable":true,"href":"https:\/\/www.lifenatura.com\/es\/wp-json\/wp\/v2\/media\/123316"}],"wp:attachment":[{"href":"https:\/\/www.lifenatura.com\/es\/wp-json\/wp\/v2\/media?parent=123395"}],"wp:term":[{"taxonomy":"product_brand","embeddable":true,"href":"https:\/\/www.lifenatura.com\/es\/wp-json\/wp\/v2\/product_brand?post=123395"},{"taxonomy":"product_cat","embeddable":true,"href":"https:\/\/www.lifenatura.com\/es\/wp-json\/wp\/v2\/product_cat?post=123395"},{"taxonomy":"product_tag","embeddable":true,"href":"https:\/\/www.lifenatura.com\/es\/wp-json\/wp\/v2\/product_tag?post=123395"}],"curies":[{"name":"wp","href":"https:\/\/api.w.org\/{rel}","templated":true}]}}