{"id":123390,"date":"2025-12-22T17:37:37","date_gmt":"2025-12-22T17:37:37","guid":{"rendered":"https:\/\/www.lifenatura.com\/produto\/locion-corporal-hidratante-de-frambuesa-y-granada-ancient-wisdom\/"},"modified":"2025-12-23T15:53:51","modified_gmt":"2025-12-23T15:53:51","slug":"locion-corporal-hidratante-de-frambuesa-y-granada-ancient-wisdom","status":"publish","type":"product","link":"https:\/\/www.lifenatura.com\/es\/produto\/locion-corporal-hidratante-de-frambuesa-y-granada-ancient-wisdom\/","title":{"rendered":"Loci\u00f3n Corporal Hidratante de Frambuesa y Granada &#8211; Ancient Wisdom"},"content":{"rendered":"<h2 style=\"text-align: left;\" data-start=\"0\" data-end=\"65\"><strong>Hidrataci\u00f3n nutritiva y vitalidad afrutada con frambuesa y granada<\/strong><\/h2>\n<p>&nbsp;<\/p>\n<p data-start=\"67\" data-end=\"636\"><strong data-start=\"69\" data-end=\"156\">La Loci\u00f3n Corporal Hidratante de Frambuesa y Granada de <span class=\"hover:entity-accent entity-underline inline cursor-pointer align-baseline\"><span class=\"whitespace-normal\">Ancient Wisdom<\/span><\/span><\/strong> es un producto de cuidado corporal diario que combina una hidrataci\u00f3n eficaz con una experiencia sensorial envolvente y afrutada. Desarrollada para nutrir la piel en profundidad, esta loci\u00f3n ayuda a mantener la hidrataci\u00f3n natural, dejando la piel m\u00e1s suave, flexible y con un aspecto saludable.<\/p>\n<p data-start=\"67\" data-end=\"636\">Su textura ligera y cremosa se extiende con facilidad y se absorbe r\u00e1pidamente sin dejar sensaci\u00f3n grasa, por lo que es ideal para usar a diario despu\u00e9s de la ducha o siempre que tu piel necesite un confort extra.<\/p>\n<p data-start=\"638\" data-end=\"1187\">La frambuesa y la granada son ingredientes apreciados por sus propiedades antioxidantes y revitalizantes, que ayudan a proteger la piel contra el estr\u00e9s medioambiental y a mantener su vitalidad natural. Junto con agentes hidratantes y emolientes cuidadosamente seleccionados, esta loci\u00f3n ayuda a prevenir la sequedad, mejorar la suavidad y proporcionar una prolongada sensaci\u00f3n de confort.<\/p>\n<p data-start=\"638\" data-end=\"1187\">El aroma dulce y afrutado convierte la aplicaci\u00f3n en un agradable momento de autocuidado, despertando los sentidos y proporcionando bienestar durante todo el d\u00eda.<\/p>\n<p data-start=\"1189\" data-end=\"1403\">De uso regular, la Loci\u00f3n Corporal Hidratante de Frambuesa y Granada de Ancient Wisdom es perfecta para quienes buscan un cuidado corporal sencillo y eficaz con una fragancia llamativa que combine hidrataci\u00f3n y placer sensorial.<\/p>\n<h3 data-start=\"1405\" data-end=\"1430\">Principales ventajas<\/h3>\n<ul data-start=\"1431\" data-end=\"1845\">\n<li data-start=\"1431\" data-end=\"1494\">\n<p data-start=\"1433\" data-end=\"1494\"><strong data-start=\"1433\" data-end=\"1468\">Hidrataci\u00f3n profunda y duradera<\/strong>, ideal para uso diario.<\/p>\n<\/li>\n<li data-start=\"1495\" data-end=\"1569\">\n<p data-start=\"1497\" data-end=\"1569\"><strong data-start=\"1497\" data-end=\"1535\">Ayuda a suavizar y nutrir la piel<\/strong>, mejorando su elasticidad.<\/p>\n<\/li>\n<li data-start=\"1570\" data-end=\"1625\">\n<p data-start=\"1572\" data-end=\"1625\"><strong data-start=\"1572\" data-end=\"1593\">Acci\u00f3n antioxidante<\/strong>, gracias a las frambuesas y las granadas.<\/p>\n<\/li>\n<li data-start=\"1626\" data-end=\"1691\">\n<p data-start=\"1628\" data-end=\"1691\"><strong data-start=\"1628\" data-end=\"1665\">Textura ligera y de r\u00e1pida absorci\u00f3n<\/strong>, sin sensaci\u00f3n pegajosa.<\/p>\n<\/li>\n<li data-start=\"1692\" data-end=\"1780\">\n<p data-start=\"1694\" data-end=\"1780\">Un <strong data-start=\"1694\" data-end=\"1724\">aroma afrutado y envolvente<\/strong> que proporciona una agradable experiencia sensorial.<\/p>\n<\/li>\n<li data-start=\"1781\" data-end=\"1845\">\n<p data-start=\"1783\" data-end=\"1845\"><strong data-start=\"1783\" data-end=\"1844\">Contribuye a una piel m\u00e1s suave, confortable y cuidada<\/strong>.<\/p>\n<\/li>\n<\/ul>\n<h3 data-start=\"1847\" data-end=\"1864\">Adecuado para<\/h3>\n<p data-start=\"1865\" data-end=\"1946\">La Loci\u00f3n Corporal Hidratante de Frambuesa y Granada de Ancient Wisdom es adecuada para..:<\/p>\n<ul data-start=\"1947\" data-end=\"2205\">\n<li data-start=\"1947\" data-end=\"2009\">\n<p data-start=\"1949\" data-end=\"2009\">Piel <strong data-start=\"1955\" data-end=\"1974\">normal a seca<\/strong> o con tendencia a la deshidrataci\u00f3n.<\/p>\n<\/li>\n<li data-start=\"2010\" data-end=\"2080\">\n<p data-start=\"2012\" data-end=\"2080\">Quienes buscan una loci\u00f3n corporal hidratante con fragancia afrutada.<\/p>\n<\/li>\n<li data-start=\"2081\" data-end=\"2125\">\n<p data-start=\"2083\" data-end=\"2125\">Uso diario, en todas las estaciones.<\/p>\n<\/li>\n<li data-start=\"2126\" data-end=\"2205\">\n<p data-start=\"2128\" data-end=\"2205\">Consumidores que valoran el cuidado corporal sencillo, eficaz y sensorial.<\/p>\n<\/li>\n<\/ul>\n<p>Nuestras lociones se crean <strong>centr\u00e1ndose en la calidad y la sostenibilidad. <\/strong>Producidas en el Reino Unido con <strong>ingredientes veganos y de origen \u00e9tico, no contienen parabenos, sulfatos ni otros productos qu\u00edmicos agresivos. <\/strong>Adem\u00e1s, somos una empresa orgullosamente libre de crueldad, lo que garantiza que nuestros productos nunca se prueban en animales.<\/p>\n<p><strong>PRESENTACI\u00d3N<\/strong><\/p>\n<p>300 ml<\/p>\n<p>&nbsp;<\/p>\n","protected":false},"excerpt":{"rendered":"<p>Loci\u00f3n Corporal Hidratante de Frambuesa y Granada Hidrataci\u00f3n profunda, piel suave y un envolvente aroma afrutado. Ideal para un uso diario y un confort duradero. [&#8230;]<\/p>\n<p><a class=\"btn btn-secondary understrap-read-more-link\" href=\"https:\/\/www.lifenatura.com\/es\/produto\/locion-corporal-hidratante-de-frambuesa-y-granada-ancient-wisdom\/\">Leer m\u00e1s&#8230;<span class=\"screen-reader-text\"> from Loci\u00f3n Corporal Hidratante de Frambuesa y Granada &#8211; Ancient Wisdom<\/span><\/a><\/p>\n","protected":false},"featured_media":123310,"template":"","meta":{"_acf_changed":false},"product_brand":[8583],"product_cat":[7653,7105,7102],"product_tag":[],"class_list":{"0":"post-123390","1":"product","2":"type-product","3":"status-publish","4":"has-post-thumbnail","6":"product_brand-ancient-wisdom","7":"product_cat-cosmetica-natural-lifenatura","8":"product_cat-crema-hidratante","9":"product_cat-cuidado-del-cuerpo","11":"first","12":"instock","13":"shipping-taxable","14":"purchasable","15":"product-type-simple","16":"add-to-wishlist-before_image"},"acf":[],"yoast_head":"<!-- This site is optimized with the Yoast SEO Premium plugin v27.1 (Yoast SEO v27.3) - https:\/\/yoast.com\/product\/yoast-seo-premium-wordpress\/ -->\n<title>Loci\u00f3n Hidratante Frambuesa y Granada Ancient W - Lifenatura<\/title>\n<meta name=\"description\" content=\"Loci\u00f3n Corporal Hidratante de Frambuesa y Granada Hidrataci\u00f3n profunda, piel suave y un envolvente aroma afrutado. Ideal para un uso diario.\" \/>\n<meta name=\"robots\" content=\"index, follow, max-snippet:-1, max-image-preview:large, max-video-preview:-1\" \/>\n<link rel=\"canonical\" href=\"https:\/\/www.lifenatura.com\/es\/produto\/locion-corporal-hidratante-de-frambuesa-y-granada-ancient-wisdom\/\" \/>\n<meta property=\"og:locale\" content=\"es_ES\" \/>\n<meta property=\"og:type\" content=\"article\" \/>\n<meta property=\"og:title\" content=\"Loci\u00f3n Corporal Hidratante de Frambuesa y Granada - Ancient Wisdom - Lifenatura\" \/>\n<meta property=\"og:description\" content=\"Compre aqui o seu Loci\u00f3n Corporal Hidratante de Frambuesa y Granada - Ancient Wisdom e a Lifenatura Online envia em 48 H com Portes Gratis &gt;35\u20ac de Pedido.\" \/>\n<meta property=\"og:url\" content=\"https:\/\/www.lifenatura.com\/es\/produto\/locion-corporal-hidratante-de-frambuesa-y-granada-ancient-wisdom\/\" \/>\n<meta property=\"og:site_name\" content=\"Lifenatura\" \/>\n<meta property=\"article:publisher\" content=\"https:\/\/www.facebook.com\/lifenatura\" \/>\n<meta property=\"article:modified_time\" content=\"2025-12-23T15:53:51+00:00\" \/>\n<meta property=\"og:image\" content=\"https:\/\/www.lifenatura.com\/wp-content\/uploads\/2025\/12\/locao-hidratante-frambuesa-roma-ancient-wisdom.jpg\" \/>\n\t<meta property=\"og:image:width\" content=\"1000\" \/>\n\t<meta property=\"og:image:height\" content=\"1000\" \/>\n\t<meta property=\"og:image:type\" content=\"image\/jpeg\" \/>\n<meta name=\"twitter:card\" content=\"summary_large_image\" \/>\n<meta name=\"twitter:label1\" content=\"Precio\" \/>\n\t<meta name=\"twitter:data1\" content=\"7,45&nbsp;&euro;\" \/>\n\t<meta name=\"twitter:label2\" content=\"Disponibilidad\" \/>\n\t<meta name=\"twitter:data2\" content=\"Disponible\" \/>\n<meta property=\"product:price:amount\" content=\"7.45\" \/>\n<meta property=\"product:price:currency\" content=\"EUR\" \/>\n<meta property=\"og:availability\" content=\"instock\" \/>\n<meta property=\"product:availability\" content=\"instock\" \/>\n<meta property=\"product:retailer_item_id\" content=\"5056422986939\" \/>\n<meta property=\"product:condition\" content=\"new\" \/>\n<!-- \/ Yoast SEO Premium plugin. -->","yoast_head_json":{"title":"Loci\u00f3n Hidratante Frambuesa y Granada Ancient W - Lifenatura","description":"Loci\u00f3n Corporal Hidratante de Frambuesa y Granada Hidrataci\u00f3n profunda, piel suave y un envolvente aroma afrutado. Ideal para un uso diario.","robots":{"index":"index","follow":"follow","max-snippet":"max-snippet:-1","max-image-preview":"max-image-preview:large","max-video-preview":"max-video-preview:-1"},"canonical":"https:\/\/www.lifenatura.com\/es\/produto\/locion-corporal-hidratante-de-frambuesa-y-granada-ancient-wisdom\/","og_locale":"es_ES","og_type":"article","og_title":"Loci\u00f3n Corporal Hidratante de Frambuesa y Granada - Ancient Wisdom - Lifenatura","og_description":"Compre aqui o seu Loci\u00f3n Corporal Hidratante de Frambuesa y Granada - Ancient Wisdom e a Lifenatura Online envia em 48 H com Portes Gratis >35\u20ac de Pedido.","og_url":"https:\/\/www.lifenatura.com\/es\/produto\/locion-corporal-hidratante-de-frambuesa-y-granada-ancient-wisdom\/","og_site_name":"Lifenatura","article_publisher":"https:\/\/www.facebook.com\/lifenatura","article_modified_time":"2025-12-23T15:53:51+00:00","og_image":[{"width":1000,"height":1000,"url":"https:\/\/www.lifenatura.com\/wp-content\/uploads\/2025\/12\/locao-hidratante-frambuesa-roma-ancient-wisdom.jpg","type":"image\/jpeg"}],"twitter_card":"summary_large_image","twitter_misc":{"Precio":"7,45&nbsp;&euro;","Disponibilidad":"Disponible"},"schema":{"@context":"https:\/\/schema.org","@graph":[{"@type":"WebPage","@id":"https:\/\/www.lifenatura.com\/es\/produto\/locion-corporal-hidratante-de-frambuesa-y-granada-ancient-wisdom\/","url":"https:\/\/www.lifenatura.com\/es\/produto\/locion-corporal-hidratante-de-frambuesa-y-granada-ancient-wisdom\/","name":"Loci\u00f3n Hidratante Frambuesa y Granada Ancient W - Lifenatura","isPartOf":{"@id":"https:\/\/www.lifenatura.com\/es\/#website"},"primaryImageOfPage":{"@id":"https:\/\/www.lifenatura.com\/es\/produto\/locion-corporal-hidratante-de-frambuesa-y-granada-ancient-wisdom\/#primaryimage"},"image":{"@id":"https:\/\/www.lifenatura.com\/es\/produto\/locion-corporal-hidratante-de-frambuesa-y-granada-ancient-wisdom\/#primaryimage"},"thumbnailUrl":"https:\/\/www.lifenatura.com\/wp-content\/uploads\/2025\/12\/locao-hidratante-frambuesa-roma-ancient-wisdom.jpg","datePublished":"2025-12-22T17:37:37+00:00","dateModified":"2025-12-23T15:53:51+00:00","description":"Loci\u00f3n Corporal Hidratante de Frambuesa y Granada Hidrataci\u00f3n profunda, piel suave y un envolvente aroma afrutado. Ideal para un uso diario.","breadcrumb":{"@id":"https:\/\/www.lifenatura.com\/es\/produto\/locion-corporal-hidratante-de-frambuesa-y-granada-ancient-wisdom\/#breadcrumb"},"inLanguage":"es","potentialAction":[{"@type":"ReadAction","target":["https:\/\/www.lifenatura.com\/es\/produto\/locion-corporal-hidratante-de-frambuesa-y-granada-ancient-wisdom\/"]}]},{"@type":"ImageObject","inLanguage":"es","@id":"https:\/\/www.lifenatura.com\/es\/produto\/locion-corporal-hidratante-de-frambuesa-y-granada-ancient-wisdom\/#primaryimage","url":"https:\/\/www.lifenatura.com\/wp-content\/uploads\/2025\/12\/locao-hidratante-frambuesa-roma-ancient-wisdom.jpg","contentUrl":"https:\/\/www.lifenatura.com\/wp-content\/uploads\/2025\/12\/locao-hidratante-frambuesa-roma-ancient-wisdom.jpg","width":1000,"height":1000,"caption":"loci\u00f3n corporal de frambuesa y granada de ancient wisdom"},{"@type":"BreadcrumbList","@id":"https:\/\/www.lifenatura.com\/es\/produto\/locion-corporal-hidratante-de-frambuesa-y-granada-ancient-wisdom\/#breadcrumb","itemListElement":[{"@type":"ListItem","position":1,"name":"In\u00edcio","item":"https:\/\/www.lifenatura.com\/es\/"},{"@type":"ListItem","position":2,"name":"Todos los Productos","item":"https:\/\/www.lifenatura.com\/es\/tienda\/"},{"@type":"ListItem","position":3,"name":"Loci\u00f3n Corporal Hidratante de Frambuesa y Granada &#8211; Ancient Wisdom"}]},{"@type":"WebSite","@id":"https:\/\/www.lifenatura.com\/es\/#website","url":"https:\/\/www.lifenatura.com\/es\/","name":"Lifenatura","description":"A Lifenatura \u00e9 uma loja de produtos naturais, cosm\u00e9tica natural e alimenta\u00e7\u00e3o Biol\u00f3gica.","publisher":{"@id":"https:\/\/www.lifenatura.com\/es\/#organization"},"potentialAction":[{"@type":"SearchAction","target":{"@type":"EntryPoint","urlTemplate":"https:\/\/www.lifenatura.com\/es\/?s={search_term_string}"},"query-input":{"@type":"PropertyValueSpecification","valueRequired":true,"valueName":"search_term_string"}}],"inLanguage":"es"},{"@type":"Organization","@id":"https:\/\/www.lifenatura.com\/es\/#organization","name":"Lifenatura","url":"https:\/\/www.lifenatura.com\/es\/","logo":{"@type":"ImageObject","inLanguage":"es","@id":"https:\/\/www.lifenatura.com\/es\/#\/schema\/logo\/image\/","url":"https:\/\/www.lifenatura.com\/wp-content\/uploads\/2021\/11\/logo.png","contentUrl":"https:\/\/www.lifenatura.com\/wp-content\/uploads\/2021\/11\/logo.png","width":175,"height":55,"caption":"Lifenatura"},"image":{"@id":"https:\/\/www.lifenatura.com\/es\/#\/schema\/logo\/image\/"},"sameAs":["https:\/\/www.facebook.com\/lifenatura","https:\/\/www.instagram.com\/lifenaturapt\/"]}]},"product_price_amount":"7.45","product_price_currency":"EUR","og_availability":"instock","product_availability":"instock","product_retailer_item_id":"5056422986939","product_condition":"new"},"df_price":7.45,"df_sale_price":"","df_regular_price":7.45,"df_image_link":"https:\/\/www.lifenatura.com\/wp-content\/uploads\/2025\/12\/locao-hidratante-frambuesa-roma-ancient-wisdom-300x300.jpg","_links":{"self":[{"href":"https:\/\/www.lifenatura.com\/es\/wp-json\/wp\/v2\/product\/123390","targetHints":{"allow":["GET"]}}],"collection":[{"href":"https:\/\/www.lifenatura.com\/es\/wp-json\/wp\/v2\/product"}],"about":[{"href":"https:\/\/www.lifenatura.com\/es\/wp-json\/wp\/v2\/types\/product"}],"wp:featuredmedia":[{"embeddable":true,"href":"https:\/\/www.lifenatura.com\/es\/wp-json\/wp\/v2\/media\/123310"}],"wp:attachment":[{"href":"https:\/\/www.lifenatura.com\/es\/wp-json\/wp\/v2\/media?parent=123390"}],"wp:term":[{"taxonomy":"product_brand","embeddable":true,"href":"https:\/\/www.lifenatura.com\/es\/wp-json\/wp\/v2\/product_brand?post=123390"},{"taxonomy":"product_cat","embeddable":true,"href":"https:\/\/www.lifenatura.com\/es\/wp-json\/wp\/v2\/product_cat?post=123390"},{"taxonomy":"product_tag","embeddable":true,"href":"https:\/\/www.lifenatura.com\/es\/wp-json\/wp\/v2\/product_tag?post=123390"}],"curies":[{"name":"wp","href":"https:\/\/api.w.org\/{rel}","templated":true}]}}