{"id":123389,"date":"2025-12-22T17:37:49","date_gmt":"2025-12-22T17:37:49","guid":{"rendered":"https:\/\/www.lifenatura.com\/produto\/gel-de-bano-de-aromaterapia-con-vitamina-c-ancient-wisdom\/"},"modified":"2025-12-23T01:36:23","modified_gmt":"2025-12-23T01:36:23","slug":"gel-de-bano-de-aromaterapia-con-vitamina-c-ancient-wisdom","status":"publish","type":"product","link":"https:\/\/www.lifenatura.com\/es\/produto\/gel-de-bano-de-aromaterapia-con-vitamina-c-ancient-wisdom\/","title":{"rendered":"Gel de Ba\u00f1o de Aromaterapia con Vitamina C &#8211; Ancient Wisdom"},"content":{"rendered":"<h2 style=\"text-align: left;\" data-start=\"0\" data-end=\"62\"><strong>Gel de Ducha Revitalizante y Resplandor Natural con Vitamina C<\/strong><\/h2>\n<p>&nbsp;<\/p>\n<p data-start=\"64\" data-end=\"606\"><strong data-start=\"66\" data-end=\"115\">El Gel de Ducha con Vitamina C de Ancient Wisdom<\/strong> es un producto de cuidado diario refrescante y revitalizante, formulado para limpiar suavemente la piel al tiempo que ayuda a restaurar su luminosidad, frescor y vitalidad. Enriquecido con <strong data-start=\"284\" data-end=\"298\">vitamina C<\/strong>, conocida por sus propiedades antioxidantes y energizantes, este gel de ducha contribuye a que la piel tenga un aspecto m\u00e1s sano, uniforme y radiante desde el primer uso. Su textura ligera y su delicada espuma eliminan las impurezas sin resecar, proporcionando una sensaci\u00f3n inmediata de confort y frescor.<\/p>\n<p data-start=\"608\" data-end=\"1112\">La vitamina C ayuda a proteger la piel contra los efectos del estr\u00e9s ambiental, al tiempo que estimula la luminosidad natural y favorece un aspecto m\u00e1s despierto y revitalizado. Su f\u00f3rmula equilibrada es ideal para el uso diario, ya que respeta el equilibrio natural de la piel y la deja suave, tersa y agradablemente perfumada. El aroma fresco y c\u00edtrico transforma la ducha en un momento energizante, perfecto para empezar el d\u00eda con vitalidad o para recuperar la sensaci\u00f3n de frescor tras una jornada intensa.<\/p>\n<h3 data-start=\"1114\" data-end=\"1139\">Principales ventajas<\/h3>\n<ul data-start=\"1140\" data-end=\"1550\">\n<li data-start=\"1140\" data-end=\"1197\">\n<p data-start=\"1142\" data-end=\"1197\"><strong data-start=\"1142\" data-end=\"1168\">Limpieza suave y eficaz<\/strong>, adecuada para uso diario.<\/p>\n<\/li>\n<li data-start=\"1198\" data-end=\"1245\">\n<p data-start=\"1200\" data-end=\"1245\"><strong data-start=\"1200\" data-end=\"1221\">Acci\u00f3n antioxidante<\/strong>, gracias a la vitamina C.<\/p>\n<\/li>\n<li data-start=\"1246\" data-end=\"1328\">\n<p data-start=\"1248\" data-end=\"1328\"><strong data-start=\"1248\" data-end=\"1289\">Ayuda a iluminar y revitalizar la piel<\/strong>, favoreciendo un aspecto m\u00e1s saludable.<\/p>\n<\/li>\n<li data-start=\"1329\" data-end=\"1402\">\n<p data-start=\"1331\" data-end=\"1402\"><strong data-start=\"1331\" data-end=\"1369\">Sensaci\u00f3n refrescante y energizante<\/strong>, ideal para combatir la fatiga.<\/p>\n<\/li>\n<li data-start=\"1403\" data-end=\"1466\">\n<p data-start=\"1405\" data-end=\"1466\"><strong data-start=\"1405\" data-end=\"1439\">Textura ligera y espuma delicada<\/strong> que no reseca la piel.<\/p>\n<\/li>\n<li data-start=\"1467\" data-end=\"1550\">\n<p data-start=\"1469\" data-end=\"1550\"><strong data-start=\"1469\" data-end=\"1495\">Aroma fresco y c\u00edtrico<\/strong>, que proporciona una experiencia sensorial vigorizante.<\/p>\n<\/li>\n<\/ul>\n<h3 data-start=\"1552\" data-end=\"1569\">Adecuado para<\/h3>\n<p data-start=\"1570\" data-end=\"1639\">El Gel de Ba\u00f1o Ancient Wisdom Vitamina C est\u00e1 recomendado para:<\/p>\n<ul data-start=\"1640\" data-end=\"1899\">\n<li data-start=\"1640\" data-end=\"1710\">\n<p data-start=\"1642\" data-end=\"1710\">Pieles <strong data-start=\"1648\" data-end=\"1667\">normales a apagadas<\/strong> que necesitan vitalidad y frescor.<\/p>\n<\/li>\n<li data-start=\"1711\" data-end=\"1772\">\n<p data-start=\"1713\" data-end=\"1772\">Cualquiera que busque un gel de ducha energizante para uso diario.<\/p>\n<\/li>\n<li data-start=\"1773\" data-end=\"1825\">\n<p data-start=\"1775\" data-end=\"1825\">Personas expuestas al estr\u00e9s ambiental y a la contaminaci\u00f3n.<\/p>\n<\/li>\n<li data-start=\"1826\" data-end=\"1899\">\n<p data-start=\"1828\" data-end=\"1899\">Consumidores que valoran un cuidado sencillo, eficaz y revitalizante.<\/p>\n<\/li>\n<\/ul>\n<p>Revitaliza tu ba\u00f1o diario con nuestro <strong>Gel de Ba\u00f1o de Aromaterapia con Vitamina C &#8211; Naranja y Lim\u00f3n.<\/strong><\/p>\n<p>Formulado para proporcionar una experiencia de ba\u00f1o refrescante y energizante, este gel combina los beneficios antioxidantes de la vitamina C con los vibrantes aromas de la naranja y el lim\u00f3n.<\/p>\n<p><strong>PRESENTACI\u00d3N<\/strong><\/p>\n<p>300 ml<\/p>\n<p>&nbsp;<\/p>\n","protected":false},"excerpt":{"rendered":"<p>Gel de Ducha Ancient Wisdom Vitamina C: limpieza suave, acci\u00f3n antioxidante y piel m\u00e1s luminosa. F\u00f3rmula refrescante y energizante ideal para uso diario. [&#8230;]<\/p>\n<p><a class=\"btn btn-secondary understrap-read-more-link\" href=\"https:\/\/www.lifenatura.com\/es\/produto\/gel-de-bano-de-aromaterapia-con-vitamina-c-ancient-wisdom\/\">Leer m\u00e1s&#8230;<span class=\"screen-reader-text\"> from Gel de Ba\u00f1o de Aromaterapia con Vitamina C &#8211; Ancient Wisdom<\/span><\/a><\/p>\n","protected":false},"featured_media":123304,"template":"","meta":{"_acf_changed":false},"product_brand":[8583],"product_cat":[7653,7102,7109],"product_tag":[],"class_list":{"0":"post-123389","1":"product","2":"type-product","3":"status-publish","4":"has-post-thumbnail","6":"product_brand-ancient-wisdom","7":"product_cat-cosmetica-natural-lifenatura","8":"product_cat-cuidado-del-cuerpo","9":"product_cat-gel-de-bano","11":"first","12":"instock","13":"shipping-taxable","14":"purchasable","15":"product-type-simple","16":"add-to-wishlist-before_image"},"acf":[],"yoast_head":"<!-- This site is optimized with the Yoast SEO Premium plugin v27.1 (Yoast SEO v27.6) - https:\/\/yoast.com\/product\/yoast-seo-premium-wordpress\/ -->\n<title>Gel de Ba\u00f1o de Aromaterapia con Vitamina C - Ancient Wisdom - Na Lifenatura ao Melhor Pre\u00e7o | Envio em 48h<\/title>\n<meta name=\"description\" content=\"Gel de Ducha Ancient Wisdom Vitamina C: limpieza suave, acci\u00f3n antioxidante y piel m\u00e1s luminosa. F\u00f3rmula refrescante y energizante ideal para uso diario.\" \/>\n<meta name=\"robots\" content=\"index, follow, max-snippet:-1, max-image-preview:large, max-video-preview:-1\" \/>\n<link rel=\"canonical\" href=\"https:\/\/www.lifenatura.com\/es\/produto\/gel-de-bano-de-aromaterapia-con-vitamina-c-ancient-wisdom\/\" \/>\n<meta property=\"og:locale\" content=\"es_ES\" \/>\n<meta property=\"og:type\" content=\"article\" \/>\n<meta property=\"og:title\" content=\"Gel de Ba\u00f1o de Aromaterapia con Vitamina C - Ancient Wisdom - Na Lifenatura ao Melhor Pre\u00e7o | Envio 48h\" \/>\n<meta property=\"og:description\" content=\"Compre Gel de Ba\u00f1o de Aromaterapia con Vitamina C - Ancient Wisdom com envio r\u00e1pido. Entrega em 48h e portes gr\u00e1tis em compras &gt;35\u20ac. Aproveite j\u00e1 na Lifenatura\" \/>\n<meta property=\"og:url\" content=\"https:\/\/www.lifenatura.com\/es\/produto\/gel-de-bano-de-aromaterapia-con-vitamina-c-ancient-wisdom\/\" \/>\n<meta property=\"og:site_name\" content=\"Lifenatura\" \/>\n<meta property=\"article:publisher\" content=\"https:\/\/www.facebook.com\/lifenatura\" \/>\n<meta property=\"article:modified_time\" content=\"2025-12-23T01:36:23+00:00\" \/>\n<meta property=\"og:image\" content=\"https:\/\/www.lifenatura.com\/wp-content\/uploads\/2025\/12\/gel-banho-vitamina-c-ancient-wisdom.jpg\" \/>\n\t<meta property=\"og:image:width\" content=\"1000\" \/>\n\t<meta property=\"og:image:height\" content=\"1000\" \/>\n\t<meta property=\"og:image:type\" content=\"image\/jpeg\" \/>\n<meta name=\"twitter:card\" content=\"summary_large_image\" \/>\n<meta name=\"twitter:label1\" content=\"Precio\" \/>\n\t<meta name=\"twitter:data1\" content=\"9,34&nbsp;&euro;\" \/>\n\t<meta name=\"twitter:label2\" content=\"Disponibilidad\" \/>\n\t<meta name=\"twitter:data2\" content=\"Disponible\" \/>\n<script type=\"application\/ld+json\" class=\"yoast-schema-graph\">{\"@context\":\"https:\\\/\\\/schema.org\",\"@graph\":[{\"@type\":\"WebPage\",\"@id\":\"https:\\\/\\\/www.lifenatura.com\\\/es\\\/produto\\\/gel-de-bano-de-aromaterapia-con-vitamina-c-ancient-wisdom\\\/\",\"url\":\"https:\\\/\\\/www.lifenatura.com\\\/es\\\/produto\\\/gel-de-bano-de-aromaterapia-con-vitamina-c-ancient-wisdom\\\/\",\"name\":\"Gel de Ba\u00f1o de Aromaterapia con Vitamina C - Ancient Wisdom - Na Lifenatura ao Melhor Pre\u00e7o | Envio em 48h\",\"isPartOf\":{\"@id\":\"https:\\\/\\\/www.lifenatura.com\\\/es\\\/#website\"},\"primaryImageOfPage\":{\"@id\":\"https:\\\/\\\/www.lifenatura.com\\\/es\\\/produto\\\/gel-de-bano-de-aromaterapia-con-vitamina-c-ancient-wisdom\\\/#primaryimage\"},\"image\":{\"@id\":\"https:\\\/\\\/www.lifenatura.com\\\/es\\\/produto\\\/gel-de-bano-de-aromaterapia-con-vitamina-c-ancient-wisdom\\\/#primaryimage\"},\"thumbnailUrl\":\"https:\\\/\\\/www.lifenatura.com\\\/wp-content\\\/uploads\\\/2025\\\/12\\\/gel-banho-vitamina-c-ancient-wisdom.jpg\",\"datePublished\":\"2025-12-22T17:37:49+00:00\",\"dateModified\":\"2025-12-23T01:36:23+00:00\",\"description\":\"Gel de Ducha Ancient Wisdom Vitamina C: limpieza suave, acci\u00f3n antioxidante y piel m\u00e1s luminosa. F\u00f3rmula refrescante y energizante ideal para uso diario.\",\"breadcrumb\":{\"@id\":\"https:\\\/\\\/www.lifenatura.com\\\/es\\\/produto\\\/gel-de-bano-de-aromaterapia-con-vitamina-c-ancient-wisdom\\\/#breadcrumb\"},\"inLanguage\":\"es\",\"potentialAction\":[{\"@type\":\"ReadAction\",\"target\":[\"https:\\\/\\\/www.lifenatura.com\\\/es\\\/produto\\\/gel-de-bano-de-aromaterapia-con-vitamina-c-ancient-wisdom\\\/\"]}]},{\"@type\":\"ImageObject\",\"inLanguage\":\"es\",\"@id\":\"https:\\\/\\\/www.lifenatura.com\\\/es\\\/produto\\\/gel-de-bano-de-aromaterapia-con-vitamina-c-ancient-wisdom\\\/#primaryimage\",\"url\":\"https:\\\/\\\/www.lifenatura.com\\\/wp-content\\\/uploads\\\/2025\\\/12\\\/gel-banho-vitamina-c-ancient-wisdom.jpg\",\"contentUrl\":\"https:\\\/\\\/www.lifenatura.com\\\/wp-content\\\/uploads\\\/2025\\\/12\\\/gel-banho-vitamina-c-ancient-wisdom.jpg\",\"width\":1000,\"height\":1000,\"caption\":\"gel de ducha ancient wisdom vitamina C\"},{\"@type\":\"BreadcrumbList\",\"@id\":\"https:\\\/\\\/www.lifenatura.com\\\/es\\\/produto\\\/gel-de-bano-de-aromaterapia-con-vitamina-c-ancient-wisdom\\\/#breadcrumb\",\"itemListElement\":[{\"@type\":\"ListItem\",\"position\":1,\"name\":\"In\u00edcio\",\"item\":\"https:\\\/\\\/www.lifenatura.com\\\/es\\\/\"},{\"@type\":\"ListItem\",\"position\":2,\"name\":\"Todos los Productos\",\"item\":\"https:\\\/\\\/www.lifenatura.com\\\/es\\\/tienda\\\/\"},{\"@type\":\"ListItem\",\"position\":3,\"name\":\"Gel de Ba\u00f1o de Aromaterapia con Vitamina C &#8211; Ancient Wisdom\"}]},{\"@type\":\"WebSite\",\"@id\":\"https:\\\/\\\/www.lifenatura.com\\\/es\\\/#website\",\"url\":\"https:\\\/\\\/www.lifenatura.com\\\/es\\\/\",\"name\":\"Lifenatura\",\"description\":\"A Lifenatura \u00e9 uma loja de produtos naturais, cosm\u00e9tica natural e alimenta\u00e7\u00e3o Biol\u00f3gica.\",\"publisher\":{\"@id\":\"https:\\\/\\\/www.lifenatura.com\\\/es\\\/#organization\"},\"potentialAction\":[{\"@type\":\"SearchAction\",\"target\":{\"@type\":\"EntryPoint\",\"urlTemplate\":\"https:\\\/\\\/www.lifenatura.com\\\/es\\\/?s={search_term_string}\"},\"query-input\":{\"@type\":\"PropertyValueSpecification\",\"valueRequired\":true,\"valueName\":\"search_term_string\"}}],\"inLanguage\":\"es\"},{\"@type\":\"Organization\",\"@id\":\"https:\\\/\\\/www.lifenatura.com\\\/es\\\/#organization\",\"name\":\"Lifenatura\",\"url\":\"https:\\\/\\\/www.lifenatura.com\\\/es\\\/\",\"logo\":{\"@type\":\"ImageObject\",\"inLanguage\":\"es\",\"@id\":\"https:\\\/\\\/www.lifenatura.com\\\/es\\\/#\\\/schema\\\/logo\\\/image\\\/\",\"url\":\"https:\\\/\\\/www.lifenatura.com\\\/wp-content\\\/uploads\\\/2021\\\/07\\\/logo.png\",\"contentUrl\":\"https:\\\/\\\/www.lifenatura.com\\\/wp-content\\\/uploads\\\/2021\\\/07\\\/logo.png\",\"width\":175,\"height\":55,\"caption\":\"Lifenatura\"},\"image\":{\"@id\":\"https:\\\/\\\/www.lifenatura.com\\\/es\\\/#\\\/schema\\\/logo\\\/image\\\/\"},\"sameAs\":[\"https:\\\/\\\/www.facebook.com\\\/lifenatura\",\"https:\\\/\\\/www.instagram.com\\\/lifenaturapt\\\/\"],\"hasMerchantReturnPolicy\":{\"@type\":\"MerchantReturnPolicy\",\"merchantReturnLink\":\"https:\\\/\\\/www.lifenatura.com\\\/termos-condicoes-lifenatura\\\/\"}}]}<\/script>\n<meta property=\"product:price:amount\" content=\"9.34\" \/>\n<meta property=\"product:price:currency\" content=\"EUR\" \/>\n<meta property=\"og:availability\" content=\"instock\" \/>\n<meta property=\"product:availability\" content=\"instock\" \/>\n<meta property=\"product:retailer_item_id\" content=\"5056422996075\" \/>\n<meta property=\"product:condition\" content=\"new\" \/>\n<!-- \/ Yoast SEO Premium plugin. -->","yoast_head_json":{"title":"Gel de Ba\u00f1o de Aromaterapia con Vitamina C - Ancient Wisdom - Na Lifenatura ao Melhor Pre\u00e7o | Envio em 48h","description":"Gel de Ducha Ancient Wisdom Vitamina C: limpieza suave, acci\u00f3n antioxidante y piel m\u00e1s luminosa. F\u00f3rmula refrescante y energizante ideal para uso diario.","robots":{"index":"index","follow":"follow","max-snippet":"max-snippet:-1","max-image-preview":"max-image-preview:large","max-video-preview":"max-video-preview:-1"},"canonical":"https:\/\/www.lifenatura.com\/es\/produto\/gel-de-bano-de-aromaterapia-con-vitamina-c-ancient-wisdom\/","og_locale":"es_ES","og_type":"article","og_title":"Gel de Ba\u00f1o de Aromaterapia con Vitamina C - Ancient Wisdom - Na Lifenatura ao Melhor Pre\u00e7o | Envio 48h","og_description":"Compre Gel de Ba\u00f1o de Aromaterapia con Vitamina C - Ancient Wisdom com envio r\u00e1pido. Entrega em 48h e portes gr\u00e1tis em compras >35\u20ac. Aproveite j\u00e1 na Lifenatura","og_url":"https:\/\/www.lifenatura.com\/es\/produto\/gel-de-bano-de-aromaterapia-con-vitamina-c-ancient-wisdom\/","og_site_name":"Lifenatura","article_publisher":"https:\/\/www.facebook.com\/lifenatura","article_modified_time":"2025-12-23T01:36:23+00:00","og_image":[{"width":1000,"height":1000,"url":"https:\/\/www.lifenatura.com\/wp-content\/uploads\/2025\/12\/gel-banho-vitamina-c-ancient-wisdom.jpg","type":"image\/jpeg"}],"twitter_card":"summary_large_image","twitter_misc":{"Precio":"9,34&nbsp;&euro;","Disponibilidad":"Disponible"},"schema":{"@context":"https:\/\/schema.org","@graph":[{"@type":"WebPage","@id":"https:\/\/www.lifenatura.com\/es\/produto\/gel-de-bano-de-aromaterapia-con-vitamina-c-ancient-wisdom\/","url":"https:\/\/www.lifenatura.com\/es\/produto\/gel-de-bano-de-aromaterapia-con-vitamina-c-ancient-wisdom\/","name":"Gel de Ba\u00f1o de Aromaterapia con Vitamina C - Ancient Wisdom - Na Lifenatura ao Melhor Pre\u00e7o | Envio em 48h","isPartOf":{"@id":"https:\/\/www.lifenatura.com\/es\/#website"},"primaryImageOfPage":{"@id":"https:\/\/www.lifenatura.com\/es\/produto\/gel-de-bano-de-aromaterapia-con-vitamina-c-ancient-wisdom\/#primaryimage"},"image":{"@id":"https:\/\/www.lifenatura.com\/es\/produto\/gel-de-bano-de-aromaterapia-con-vitamina-c-ancient-wisdom\/#primaryimage"},"thumbnailUrl":"https:\/\/www.lifenatura.com\/wp-content\/uploads\/2025\/12\/gel-banho-vitamina-c-ancient-wisdom.jpg","datePublished":"2025-12-22T17:37:49+00:00","dateModified":"2025-12-23T01:36:23+00:00","description":"Gel de Ducha Ancient Wisdom Vitamina C: limpieza suave, acci\u00f3n antioxidante y piel m\u00e1s luminosa. F\u00f3rmula refrescante y energizante ideal para uso diario.","breadcrumb":{"@id":"https:\/\/www.lifenatura.com\/es\/produto\/gel-de-bano-de-aromaterapia-con-vitamina-c-ancient-wisdom\/#breadcrumb"},"inLanguage":"es","potentialAction":[{"@type":"ReadAction","target":["https:\/\/www.lifenatura.com\/es\/produto\/gel-de-bano-de-aromaterapia-con-vitamina-c-ancient-wisdom\/"]}]},{"@type":"ImageObject","inLanguage":"es","@id":"https:\/\/www.lifenatura.com\/es\/produto\/gel-de-bano-de-aromaterapia-con-vitamina-c-ancient-wisdom\/#primaryimage","url":"https:\/\/www.lifenatura.com\/wp-content\/uploads\/2025\/12\/gel-banho-vitamina-c-ancient-wisdom.jpg","contentUrl":"https:\/\/www.lifenatura.com\/wp-content\/uploads\/2025\/12\/gel-banho-vitamina-c-ancient-wisdom.jpg","width":1000,"height":1000,"caption":"gel de ducha ancient wisdom vitamina C"},{"@type":"BreadcrumbList","@id":"https:\/\/www.lifenatura.com\/es\/produto\/gel-de-bano-de-aromaterapia-con-vitamina-c-ancient-wisdom\/#breadcrumb","itemListElement":[{"@type":"ListItem","position":1,"name":"In\u00edcio","item":"https:\/\/www.lifenatura.com\/es\/"},{"@type":"ListItem","position":2,"name":"Todos los Productos","item":"https:\/\/www.lifenatura.com\/es\/tienda\/"},{"@type":"ListItem","position":3,"name":"Gel de Ba\u00f1o de Aromaterapia con Vitamina C &#8211; Ancient Wisdom"}]},{"@type":"WebSite","@id":"https:\/\/www.lifenatura.com\/es\/#website","url":"https:\/\/www.lifenatura.com\/es\/","name":"Lifenatura","description":"A Lifenatura \u00e9 uma loja de produtos naturais, cosm\u00e9tica natural e alimenta\u00e7\u00e3o Biol\u00f3gica.","publisher":{"@id":"https:\/\/www.lifenatura.com\/es\/#organization"},"potentialAction":[{"@type":"SearchAction","target":{"@type":"EntryPoint","urlTemplate":"https:\/\/www.lifenatura.com\/es\/?s={search_term_string}"},"query-input":{"@type":"PropertyValueSpecification","valueRequired":true,"valueName":"search_term_string"}}],"inLanguage":"es"},{"@type":"Organization","@id":"https:\/\/www.lifenatura.com\/es\/#organization","name":"Lifenatura","url":"https:\/\/www.lifenatura.com\/es\/","logo":{"@type":"ImageObject","inLanguage":"es","@id":"https:\/\/www.lifenatura.com\/es\/#\/schema\/logo\/image\/","url":"https:\/\/www.lifenatura.com\/wp-content\/uploads\/2021\/07\/logo.png","contentUrl":"https:\/\/www.lifenatura.com\/wp-content\/uploads\/2021\/07\/logo.png","width":175,"height":55,"caption":"Lifenatura"},"image":{"@id":"https:\/\/www.lifenatura.com\/es\/#\/schema\/logo\/image\/"},"sameAs":["https:\/\/www.facebook.com\/lifenatura","https:\/\/www.instagram.com\/lifenaturapt\/"],"hasMerchantReturnPolicy":{"@type":"MerchantReturnPolicy","merchantReturnLink":"https:\/\/www.lifenatura.com\/termos-condicoes-lifenatura\/"}}]},"product_price_amount":"9.34","product_price_currency":"EUR","og_availability":"instock","product_availability":"instock","product_retailer_item_id":"5056422996075","product_condition":"new"},"df_price":9.34,"df_sale_price":"","df_regular_price":9.34,"df_image_link":"https:\/\/www.lifenatura.com\/wp-content\/uploads\/2025\/12\/gel-banho-vitamina-c-ancient-wisdom-300x300.jpg","_links":{"self":[{"href":"https:\/\/www.lifenatura.com\/es\/wp-json\/wp\/v2\/product\/123389","targetHints":{"allow":["GET"]}}],"collection":[{"href":"https:\/\/www.lifenatura.com\/es\/wp-json\/wp\/v2\/product"}],"about":[{"href":"https:\/\/www.lifenatura.com\/es\/wp-json\/wp\/v2\/types\/product"}],"wp:featuredmedia":[{"embeddable":true,"href":"https:\/\/www.lifenatura.com\/es\/wp-json\/wp\/v2\/media\/123304"}],"wp:attachment":[{"href":"https:\/\/www.lifenatura.com\/es\/wp-json\/wp\/v2\/media?parent=123389"}],"wp:term":[{"taxonomy":"product_brand","embeddable":true,"href":"https:\/\/www.lifenatura.com\/es\/wp-json\/wp\/v2\/product_brand?post=123389"},{"taxonomy":"product_cat","embeddable":true,"href":"https:\/\/www.lifenatura.com\/es\/wp-json\/wp\/v2\/product_cat?post=123389"},{"taxonomy":"product_tag","embeddable":true,"href":"https:\/\/www.lifenatura.com\/es\/wp-json\/wp\/v2\/product_tag?post=123389"}],"curies":[{"name":"wp","href":"https:\/\/api.w.org\/{rel}","templated":true}]}}