{"id":123385,"date":"2025-12-22T17:37:39","date_gmt":"2025-12-22T17:37:39","guid":{"rendered":"https:\/\/www.lifenatura.com\/produto\/locion-corporal-hidratante-de-oregano-y-tomillo-ancient-wisdom\/"},"modified":"2025-12-23T15:52:10","modified_gmt":"2025-12-23T15:52:10","slug":"locion-corporal-hidratante-de-oregano-y-tomillo-ancient-wisdom","status":"publish","type":"product","link":"https:\/\/www.lifenatura.com\/es\/produto\/locion-corporal-hidratante-de-oregano-y-tomillo-ancient-wisdom\/","title":{"rendered":"Loci\u00f3n corporal hidratante de or\u00e9gano y tomillo &#8211; Ancient Wisdom"},"content":{"rendered":"<h2 data-start=\"0\" data-end=\"71\"><strong>Hidrataci\u00f3n Revitalizante y Sensaci\u00f3n Purificante con Or\u00e9gano y Tomillo<\/strong><\/h2>\n<p>&nbsp;<\/p>\n<p data-start=\"73\" data-end=\"565\"><strong data-start=\"75\" data-end=\"151\">La Loci\u00f3n Corporal de Or\u00e9gano y Tomillo de <span class=\"hover:entity-accent entity-underline inline cursor-pointer align-baseline\"><span class=\"whitespace-normal\">Ancient Wisdom<\/span><\/span><\/strong> es un producto de cuidado corporal nutritivo y revitalizante, formulado para hidratar la piel en profundidad, al tiempo que proporciona una sensaci\u00f3n purificante y de frescor natural. Inspirada en las propiedades arom\u00e1ticas y tradicionales de estas plantas mediterr\u00e1neas, esta loci\u00f3n combina el car\u00e1cter estimulante del or\u00e9gano con la acci\u00f3n equilibrante y reconfortante del tomillo, dando como resultado una f\u00f3rmula ideal para el cuidado diario de la piel.<\/p>\n<p data-start=\"567\" data-end=\"1021\">Con una textura ligera y cremosa, se extiende f\u00e1cilmente y se absorbe con rapidez, dejando la piel suave, confortable y sin grasa. Los extractos bot\u00e1nicos y los agentes hidratantes de la f\u00f3rmula ayudan a reforzar la barrera cut\u00e1nea, evitan la deshidrataci\u00f3n y mejoran la elasticidad de la piel. El aroma herbal, fresco y ligeramente picante crea una experiencia sensorial \u00fanica, perfecta para quienes disfrutan con las fragancias naturales y vigorizantes.<\/p>\n<p data-start=\"1023\" data-end=\"1312\">Apta para uso diario, esta loci\u00f3n corporal ayuda a mantener la piel hidratada, equilibrada y con un aspecto saludable. Se puede utilizar despu\u00e9s del ba\u00f1o o siempre que tu piel necesite un cuidado extra, convirtiendo tu rutina de hidrataci\u00f3n en un momento de bienestar y conexi\u00f3n con la naturaleza.<\/p>\n<h3 data-start=\"1314\" data-end=\"1339\">Principales ventajas<\/h3>\n<ul data-start=\"1340\" data-end=\"1745\">\n<li data-start=\"1340\" data-end=\"1403\">\n<p data-start=\"1342\" data-end=\"1403\"><strong data-start=\"1342\" data-end=\"1377\">Hidrataci\u00f3n profunda y duradera<\/strong>, ideal para uso diario.<\/p>\n<\/li>\n<li data-start=\"1404\" data-end=\"1469\">\n<p data-start=\"1406\" data-end=\"1469\"><strong data-start=\"1406\" data-end=\"1445\">Ayuda a reforzar la barrera cut\u00e1nea<\/strong>, evitando la sequedad.<\/p>\n<\/li>\n<li data-start=\"1470\" data-end=\"1525\">\n<p data-start=\"1472\" data-end=\"1525\"><strong data-start=\"1472\" data-end=\"1500\">Aroma de hierbas purificadoras<\/strong> con or\u00e9gano y tomillo.<\/p>\n<\/li>\n<li data-start=\"1526\" data-end=\"1597\">\n<p data-start=\"1528\" data-end=\"1597\"><strong data-start=\"1528\" data-end=\"1568\">Una sensaci\u00f3n revitalizante y refrescante<\/strong> que estimula los sentidos.<\/p>\n<\/li>\n<li data-start=\"1598\" data-end=\"1666\">\n<p data-start=\"1600\" data-end=\"1666\"><strong data-start=\"1600\" data-end=\"1637\">Textura ligera y de r\u00e1pida absorci\u00f3n<\/strong> que no deja la piel con sensaci\u00f3n grasa.<\/p>\n<\/li>\n<li data-start=\"1667\" data-end=\"1745\">\n<p data-start=\"1669\" data-end=\"1745\"><strong data-start=\"1669\" data-end=\"1715\">F\u00f3rmula inspirada en ingredientes naturales<\/strong> para un cuidado equilibrado.<\/p>\n<\/li>\n<\/ul>\n<h3 data-start=\"1747\" data-end=\"1764\">Adecuado para<\/h3>\n<p data-start=\"1765\" data-end=\"1835\">La Loci\u00f3n Corporal de Or\u00e9gano y Tomillo de Ancient Wisdom es adecuada para..:<\/p>\n<ul data-start=\"1836\" data-end=\"2097\">\n<li data-start=\"1836\" data-end=\"1906\">\n<p data-start=\"1838\" data-end=\"1906\">Pieles <strong data-start=\"1844\" data-end=\"1863\">normales a secas<\/strong> que necesitan hidrataci\u00f3n y confort.<\/p>\n<\/li>\n<li data-start=\"1907\" data-end=\"1975\">\n<p data-start=\"1909\" data-end=\"1975\">Los que buscan una loci\u00f3n corporal con una fragancia natural y herbal.<\/p>\n<\/li>\n<li data-start=\"1976\" data-end=\"2036\">\n<p data-start=\"1978\" data-end=\"2036\">Personas que valoran el cuidado revitalizante del cuerpo.<\/p>\n<\/li>\n<li data-start=\"2037\" data-end=\"2097\">\n<p data-start=\"2039\" data-end=\"2097\">Consumidores que prefieren productos inspirados en la naturaleza.<\/p>\n<\/li>\n<\/ul>\n<div id=\"blackboard_text_1648114379497\" class=\"blackboard_text _au_vw_\">\n<p>Todas las cremas se basan en <strong>aceite 100% puro y natural<\/strong>, sin fragancias artificiales.<\/p>\n<p>Los aceites esenciales se han utilizado en cosmetolog\u00eda desde la antig\u00fcedad. No s\u00f3lo por su fragancia, sino tambi\u00e9n por sus propiedades para el cuidado de la piel.<\/p>\n<p><strong>PRESENTACI\u00d3N<\/strong><\/p>\n<p>250 ml<\/p>\n<p>&nbsp;<\/p>\n<\/div>\n","protected":false},"excerpt":{"rendered":"<p>La Loci\u00f3n Corporal de Or\u00e9gano y Tomillo hidrata en profundidad, con un aroma herbal purificante y una piel suave. Cuidado corporal revitalizante de textura ligera. [&#8230;]<\/p>\n<p><a class=\"btn btn-secondary understrap-read-more-link\" href=\"https:\/\/www.lifenatura.com\/es\/produto\/locion-corporal-hidratante-de-oregano-y-tomillo-ancient-wisdom\/\">Leer m\u00e1s&#8230;<span class=\"screen-reader-text\"> from Loci\u00f3n corporal hidratante de or\u00e9gano y tomillo &#8211; Ancient Wisdom<\/span><\/a><\/p>\n","protected":false},"featured_media":123318,"template":"","meta":{"_acf_changed":false},"product_brand":[8583],"product_cat":[7653,7105,7102],"product_tag":[],"class_list":{"0":"post-123385","1":"product","2":"type-product","3":"status-publish","4":"has-post-thumbnail","6":"product_brand-ancient-wisdom","7":"product_cat-cosmetica-natural-lifenatura","8":"product_cat-crema-hidratante","9":"product_cat-cuidado-del-cuerpo","11":"first","12":"instock","13":"shipping-taxable","14":"purchasable","15":"product-type-simple","16":"add-to-wishlist-before_image"},"acf":[],"yoast_head":"<!-- This site is optimized with the Yoast SEO Premium plugin v27.1 (Yoast SEO v27.3) - https:\/\/yoast.com\/product\/yoast-seo-premium-wordpress\/ -->\n<title>Loci\u00f3n corporal hidratante de or\u00e9gano y tomillo - Ancient Wisdom - Lifenatura<\/title>\n<meta name=\"description\" content=\"La Loci\u00f3n Corporal de Or\u00e9gano y Tomillo hidrata en profundidad, con un aroma herbal purificante y una piel suave. Cuidado corporal revitalizante.\" \/>\n<meta name=\"robots\" content=\"index, follow, max-snippet:-1, max-image-preview:large, max-video-preview:-1\" \/>\n<link rel=\"canonical\" href=\"https:\/\/www.lifenatura.com\/es\/produto\/locion-corporal-hidratante-de-oregano-y-tomillo-ancient-wisdom\/\" \/>\n<meta property=\"og:locale\" content=\"es_ES\" \/>\n<meta property=\"og:type\" content=\"article\" \/>\n<meta property=\"og:title\" content=\"Loci\u00f3n corporal hidratante de or\u00e9gano y tomillo - Ancient Wisdom - Lifenatura\" \/>\n<meta property=\"og:description\" content=\"Compre aqui o seu Loci\u00f3n corporal hidratante de or\u00e9gano y tomillo - Ancient Wisdom e a Lifenatura Online envia em 48 H com Portes Gratis &gt;35\u20ac de Pedido.\" \/>\n<meta property=\"og:url\" content=\"https:\/\/www.lifenatura.com\/es\/produto\/locion-corporal-hidratante-de-oregano-y-tomillo-ancient-wisdom\/\" \/>\n<meta property=\"og:site_name\" content=\"Lifenatura\" \/>\n<meta property=\"article:publisher\" content=\"https:\/\/www.facebook.com\/lifenatura\" \/>\n<meta property=\"article:modified_time\" content=\"2025-12-23T15:52:10+00:00\" \/>\n<meta property=\"og:image\" content=\"https:\/\/www.lifenatura.com\/wp-content\/uploads\/2025\/12\/locao-hidratante-oregao-tomilho-ancient-wisdom.jpg\" \/>\n\t<meta property=\"og:image:width\" content=\"1000\" \/>\n\t<meta property=\"og:image:height\" content=\"1000\" \/>\n\t<meta property=\"og:image:type\" content=\"image\/jpeg\" \/>\n<meta name=\"twitter:card\" content=\"summary_large_image\" \/>\n<meta name=\"twitter:label1\" content=\"Precio\" \/>\n\t<meta name=\"twitter:data1\" content=\"9,72&nbsp;&euro;\" \/>\n\t<meta name=\"twitter:label2\" content=\"Disponibilidad\" \/>\n\t<meta name=\"twitter:data2\" content=\"Disponible\" \/>\n<meta property=\"product:price:amount\" content=\"9.72\" \/>\n<meta property=\"product:price:currency\" content=\"EUR\" \/>\n<meta property=\"og:availability\" content=\"instock\" \/>\n<meta property=\"product:availability\" content=\"instock\" \/>\n<meta property=\"product:retailer_item_id\" content=\"5056422986397\" \/>\n<meta property=\"product:condition\" content=\"new\" \/>\n<!-- \/ Yoast SEO Premium plugin. -->","yoast_head_json":{"title":"Loci\u00f3n corporal hidratante de or\u00e9gano y tomillo - Ancient Wisdom - Lifenatura","description":"La Loci\u00f3n Corporal de Or\u00e9gano y Tomillo hidrata en profundidad, con un aroma herbal purificante y una piel suave. Cuidado corporal revitalizante.","robots":{"index":"index","follow":"follow","max-snippet":"max-snippet:-1","max-image-preview":"max-image-preview:large","max-video-preview":"max-video-preview:-1"},"canonical":"https:\/\/www.lifenatura.com\/es\/produto\/locion-corporal-hidratante-de-oregano-y-tomillo-ancient-wisdom\/","og_locale":"es_ES","og_type":"article","og_title":"Loci\u00f3n corporal hidratante de or\u00e9gano y tomillo - Ancient Wisdom - Lifenatura","og_description":"Compre aqui o seu Loci\u00f3n corporal hidratante de or\u00e9gano y tomillo - Ancient Wisdom e a Lifenatura Online envia em 48 H com Portes Gratis >35\u20ac de Pedido.","og_url":"https:\/\/www.lifenatura.com\/es\/produto\/locion-corporal-hidratante-de-oregano-y-tomillo-ancient-wisdom\/","og_site_name":"Lifenatura","article_publisher":"https:\/\/www.facebook.com\/lifenatura","article_modified_time":"2025-12-23T15:52:10+00:00","og_image":[{"width":1000,"height":1000,"url":"https:\/\/www.lifenatura.com\/wp-content\/uploads\/2025\/12\/locao-hidratante-oregao-tomilho-ancient-wisdom.jpg","type":"image\/jpeg"}],"twitter_card":"summary_large_image","twitter_misc":{"Precio":"9,72&nbsp;&euro;","Disponibilidad":"Disponible"},"schema":{"@context":"https:\/\/schema.org","@graph":[{"@type":"WebPage","@id":"https:\/\/www.lifenatura.com\/es\/produto\/locion-corporal-hidratante-de-oregano-y-tomillo-ancient-wisdom\/","url":"https:\/\/www.lifenatura.com\/es\/produto\/locion-corporal-hidratante-de-oregano-y-tomillo-ancient-wisdom\/","name":"Loci\u00f3n corporal hidratante de or\u00e9gano y tomillo - Ancient Wisdom - Lifenatura","isPartOf":{"@id":"https:\/\/www.lifenatura.com\/es\/#website"},"primaryImageOfPage":{"@id":"https:\/\/www.lifenatura.com\/es\/produto\/locion-corporal-hidratante-de-oregano-y-tomillo-ancient-wisdom\/#primaryimage"},"image":{"@id":"https:\/\/www.lifenatura.com\/es\/produto\/locion-corporal-hidratante-de-oregano-y-tomillo-ancient-wisdom\/#primaryimage"},"thumbnailUrl":"https:\/\/www.lifenatura.com\/wp-content\/uploads\/2025\/12\/locao-hidratante-oregao-tomilho-ancient-wisdom.jpg","datePublished":"2025-12-22T17:37:39+00:00","dateModified":"2025-12-23T15:52:10+00:00","description":"La Loci\u00f3n Corporal de Or\u00e9gano y Tomillo hidrata en profundidad, con un aroma herbal purificante y una piel suave. Cuidado corporal revitalizante.","breadcrumb":{"@id":"https:\/\/www.lifenatura.com\/es\/produto\/locion-corporal-hidratante-de-oregano-y-tomillo-ancient-wisdom\/#breadcrumb"},"inLanguage":"es","potentialAction":[{"@type":"ReadAction","target":["https:\/\/www.lifenatura.com\/es\/produto\/locion-corporal-hidratante-de-oregano-y-tomillo-ancient-wisdom\/"]}]},{"@type":"ImageObject","inLanguage":"es","@id":"https:\/\/www.lifenatura.com\/es\/produto\/locion-corporal-hidratante-de-oregano-y-tomillo-ancient-wisdom\/#primaryimage","url":"https:\/\/www.lifenatura.com\/wp-content\/uploads\/2025\/12\/locao-hidratante-oregao-tomilho-ancient-wisdom.jpg","contentUrl":"https:\/\/www.lifenatura.com\/wp-content\/uploads\/2025\/12\/locao-hidratante-oregao-tomilho-ancient-wisdom.jpg","width":1000,"height":1000,"caption":"loci\u00f3n corporal de or\u00e9gano de la antigua sabidur\u00eda"},{"@type":"BreadcrumbList","@id":"https:\/\/www.lifenatura.com\/es\/produto\/locion-corporal-hidratante-de-oregano-y-tomillo-ancient-wisdom\/#breadcrumb","itemListElement":[{"@type":"ListItem","position":1,"name":"In\u00edcio","item":"https:\/\/www.lifenatura.com\/es\/"},{"@type":"ListItem","position":2,"name":"Todos los Productos","item":"https:\/\/www.lifenatura.com\/es\/tienda\/"},{"@type":"ListItem","position":3,"name":"Loci\u00f3n corporal hidratante de or\u00e9gano y tomillo &#8211; Ancient Wisdom"}]},{"@type":"WebSite","@id":"https:\/\/www.lifenatura.com\/es\/#website","url":"https:\/\/www.lifenatura.com\/es\/","name":"Lifenatura","description":"A Lifenatura \u00e9 uma loja de produtos naturais, cosm\u00e9tica natural e alimenta\u00e7\u00e3o Biol\u00f3gica.","publisher":{"@id":"https:\/\/www.lifenatura.com\/es\/#organization"},"potentialAction":[{"@type":"SearchAction","target":{"@type":"EntryPoint","urlTemplate":"https:\/\/www.lifenatura.com\/es\/?s={search_term_string}"},"query-input":{"@type":"PropertyValueSpecification","valueRequired":true,"valueName":"search_term_string"}}],"inLanguage":"es"},{"@type":"Organization","@id":"https:\/\/www.lifenatura.com\/es\/#organization","name":"Lifenatura","url":"https:\/\/www.lifenatura.com\/es\/","logo":{"@type":"ImageObject","inLanguage":"es","@id":"https:\/\/www.lifenatura.com\/es\/#\/schema\/logo\/image\/","url":"https:\/\/www.lifenatura.com\/wp-content\/uploads\/2021\/11\/logo.png","contentUrl":"https:\/\/www.lifenatura.com\/wp-content\/uploads\/2021\/11\/logo.png","width":175,"height":55,"caption":"Lifenatura"},"image":{"@id":"https:\/\/www.lifenatura.com\/es\/#\/schema\/logo\/image\/"},"sameAs":["https:\/\/www.facebook.com\/lifenatura","https:\/\/www.instagram.com\/lifenaturapt\/"]}]},"product_price_amount":"9.72","product_price_currency":"EUR","og_availability":"instock","product_availability":"instock","product_retailer_item_id":"5056422986397","product_condition":"new"},"df_price":9.72,"df_sale_price":"","df_regular_price":9.72,"df_image_link":"https:\/\/www.lifenatura.com\/wp-content\/uploads\/2025\/12\/locao-hidratante-oregao-tomilho-ancient-wisdom-300x300.jpg","_links":{"self":[{"href":"https:\/\/www.lifenatura.com\/es\/wp-json\/wp\/v2\/product\/123385","targetHints":{"allow":["GET"]}}],"collection":[{"href":"https:\/\/www.lifenatura.com\/es\/wp-json\/wp\/v2\/product"}],"about":[{"href":"https:\/\/www.lifenatura.com\/es\/wp-json\/wp\/v2\/types\/product"}],"wp:featuredmedia":[{"embeddable":true,"href":"https:\/\/www.lifenatura.com\/es\/wp-json\/wp\/v2\/media\/123318"}],"wp:attachment":[{"href":"https:\/\/www.lifenatura.com\/es\/wp-json\/wp\/v2\/media?parent=123385"}],"wp:term":[{"taxonomy":"product_brand","embeddable":true,"href":"https:\/\/www.lifenatura.com\/es\/wp-json\/wp\/v2\/product_brand?post=123385"},{"taxonomy":"product_cat","embeddable":true,"href":"https:\/\/www.lifenatura.com\/es\/wp-json\/wp\/v2\/product_cat?post=123385"},{"taxonomy":"product_tag","embeddable":true,"href":"https:\/\/www.lifenatura.com\/es\/wp-json\/wp\/v2\/product_tag?post=123385"}],"curies":[{"name":"wp","href":"https:\/\/api.w.org\/{rel}","templated":true}]}}