{"id":122861,"date":"2025-10-02T07:27:36","date_gmt":"2025-10-02T07:27:36","guid":{"rendered":"https:\/\/www.lifenatura.com\/produto\/dong-quai-y-brotes-de-soja-100-capsulas-terranova\/"},"modified":"2025-12-11T10:17:44","modified_gmt":"2025-12-11T10:17:44","slug":"dong-quai-y-brotes-de-soja-100-capsulas-terranova","status":"publish","type":"product","link":"https:\/\/www.lifenatura.com\/es\/produto\/dong-quai-y-brotes-de-soja-100-capsulas-terranova\/","title":{"rendered":"Dong Quai y Brotes de Soja 100 C\u00e1psulas &#8211; TerraNova"},"content":{"rendered":"<h2 style=\"text-align: left;\" data-start=\"0\" data-end=\"85\"><strong data-start=\"3\" data-end=\"85\">Dong Quai y Brotes de Soja &#8211; TerraNova<\/strong><\/h2>\n<p>&nbsp;<\/p>\n<p data-start=\"87\" data-end=\"569\"><strong data-start=\"89\" data-end=\"149\">Dong Quai y Brotes de Soja (100 c\u00e1psulas) de TerraNova<\/strong> es una f\u00f3rmula sin\u00e9rgica desarrollada para favorecer el equilibrio hormonal femenino y proporcionar un mayor bienestar durante las fases de cambio, como la menopausia y la premenopausia. Combinando <em data-start=\"336\" data-end=\"355\">Angelica sinensis<\/em> (Dong Quai) -una planta utilizada tradicionalmente en la medicina oriental- con brotes de soja ricos en fitoestr\u00f3genos naturales, este suplemento ofrece un enfoque completo y eficaz del bienestar femenino.<\/p>\n<p data-start=\"571\" data-end=\"1117\">El Dong Quai est\u00e1 reconocido por su acci\u00f3n armonizadora del ciclo femenino, que ayuda a reducir las molestias asociadas a las irregularidades y fluctuaciones hormonales. La soja aporta isoflavonas, compuestos vegetales que imitan suavemente la acci\u00f3n de los estr\u00f3genos, ayudando a aliviar los sofocos, los sudores nocturnos y los cambios de humor t\u00edpicos de la menopausia. Como es caracter\u00edstico de TerraNova, la f\u00f3rmula est\u00e1 enriquecida con el exclusivo <strong data-start=\"1022\" data-end=\"1044\">complejo Magnifood<\/strong>, que garantiza una absorci\u00f3n superior y potencia la eficacia de los ingredientes.<\/p>\n<p data-start=\"1119\" data-end=\"1267\">Sin aditivos artificiales, excipientes ni rellenos, este suplemento ha sido dise\u00f1ado para ofrecer pureza, seguridad y resultados naturales.<\/p>\n<p data-start=\"1269\" data-end=\"1298\"><strong data-start=\"1273\" data-end=\"1298\">Principales ventajas<\/strong><\/p>\n<ul data-start=\"1299\" data-end=\"1617\">\n<li data-start=\"1299\" data-end=\"1379\">\n<p data-start=\"1301\" data-end=\"1379\"><strong data-start=\"1301\" data-end=\"1341\">Favorece el equilibrio hormonal femenino<\/strong>, especialmente durante la menopausia.<\/p>\n<\/li>\n<li data-start=\"1380\" data-end=\"1440\">\n<p data-start=\"1382\" data-end=\"1440\"><strong data-start=\"1382\" data-end=\"1437\">Ayuda a reducir los sofocos y los cambios de humor<\/strong>.<\/p>\n<\/li>\n<li data-start=\"1441\" data-end=\"1490\">\n<p data-start=\"1443\" data-end=\"1490\">Favorece la comodidad menstrual y el bienestar general.<\/p>\n<\/li>\n<li data-start=\"1491\" data-end=\"1561\">\n<p data-start=\"1493\" data-end=\"1561\">Rico en <strong data-start=\"1501\" data-end=\"1524\">isoflavonas de soja<\/strong>, con acci\u00f3n fitoestrog\u00e9nica natural.<\/p>\n<\/li>\n<li data-start=\"1562\" data-end=\"1617\">\n<p data-start=\"1564\" data-end=\"1617\">F\u00f3rmula pura, potenciada por el complejo <strong data-start=\"1603\" data-end=\"1616\">Magnifood<\/strong>.<\/p>\n<\/li>\n<\/ul>\n<p data-start=\"1619\" data-end=\"1640\"><strong data-start=\"1623\" data-end=\"1640\">Adecuado para<\/strong><\/p>\n<p data-start=\"1641\" data-end=\"1691\">Se recomienda Dong Quai y Brotes de Soja para:<\/p>\n<ul data-start=\"1692\" data-end=\"1998\">\n<li data-start=\"1692\" data-end=\"1735\">\n<p data-start=\"1694\" data-end=\"1735\">Mujeres menop\u00e1usicas o premenop\u00e1usicas;<\/p>\n<\/li>\n<li data-start=\"1736\" data-end=\"1803\">\n<p data-start=\"1738\" data-end=\"1803\">Cualquier persona que sufra sofocos, sudores nocturnos o irritabilidad;<\/p>\n<\/li>\n<li data-start=\"1804\" data-end=\"1875\">\n<p data-start=\"1806\" data-end=\"1875\">Personas que buscan una soluci\u00f3n natural para el equilibrio hormonal;<\/p>\n<\/li>\n<li data-start=\"1876\" data-end=\"1936\">\n<p data-start=\"1878\" data-end=\"1936\">Mujeres con molestias asociadas a ciclos irregulares;<\/p>\n<\/li>\n<li data-start=\"1937\" data-end=\"1998\">\n<p data-start=\"1939\" data-end=\"1998\">Quienes valoran los suplementos sin aditivos y de alta calidad.<\/p>\n<\/li>\n<\/ul>\n<p><strong>Presentaci\u00f3n:<\/strong><\/p>\n<p>100 c\u00e1psulas<\/p>\n<p>&nbsp;<\/p>\n","protected":false},"excerpt":{"rendered":"<p>Dong Quai y Brotes de Soja TerraNova &#8211; apoyo natural para el equilibrio hormonal y el bienestar femenino. Con isoflavonas y complejo Magnifood. [&#8230;]<\/p>\n<p><a class=\"btn btn-secondary understrap-read-more-link\" href=\"https:\/\/www.lifenatura.com\/es\/produto\/dong-quai-y-brotes-de-soja-100-capsulas-terranova\/\">Leer m\u00e1s&#8230;<span class=\"screen-reader-text\"> from Dong Quai y Brotes de Soja 100 C\u00e1psulas &#8211; TerraNova<\/span><\/a><\/p>\n","protected":false},"featured_media":118269,"template":"","meta":{"_acf_changed":false},"product_brand":[8581],"product_cat":[7243,7179],"product_tag":[],"class_list":{"0":"post-122861","1":"product","2":"type-product","3":"status-publish","4":"has-post-thumbnail","6":"product_brand-terranova","7":"product_cat-menopausia","8":"product_cat-salud","10":"first","11":"instock","12":"shipping-taxable","13":"purchasable","14":"product-type-simple","15":"add-to-wishlist-before_image"},"acf":[],"yoast_head":"<!-- This site is optimized with the Yoast SEO Premium plugin v27.1 (Yoast SEO v27.5) - https:\/\/yoast.com\/product\/yoast-seo-premium-wordpress\/ -->\n<title>Dong Quai y Brotes de Soja 100 C\u00e1psulas - TerraNova - Na Lifenatura ao Melhor Pre\u00e7o | Envio em 48h<\/title>\n<meta name=\"description\" content=\"Dong Quai y Brotes de Soja TerraNova - apoyo natural para el equilibrio hormonal y el bienestar femenino. Con isoflavonas y complejo Magnifood.\" \/>\n<meta name=\"robots\" content=\"index, follow, max-snippet:-1, max-image-preview:large, max-video-preview:-1\" \/>\n<link rel=\"canonical\" href=\"https:\/\/www.lifenatura.com\/es\/produto\/dong-quai-y-brotes-de-soja-100-capsulas-terranova\/\" \/>\n<meta property=\"og:locale\" content=\"es_ES\" \/>\n<meta property=\"og:type\" content=\"article\" \/>\n<meta property=\"og:title\" content=\"Dong Quai y Brotes de Soja 100 C\u00e1psulas - TerraNova - Na Lifenatura ao Melhor Pre\u00e7o | Envio 48h\" \/>\n<meta property=\"og:description\" content=\"Compre Dong Quai y Brotes de Soja 100 C\u00e1psulas - TerraNova com envio r\u00e1pido. Entrega em 48h e portes gr\u00e1tis em compras &gt;35\u20ac. Aproveite j\u00e1 na Lifenatura\" \/>\n<meta property=\"og:url\" content=\"https:\/\/www.lifenatura.com\/es\/produto\/dong-quai-y-brotes-de-soja-100-capsulas-terranova\/\" \/>\n<meta property=\"og:site_name\" content=\"Lifenatura\" \/>\n<meta property=\"article:publisher\" content=\"https:\/\/www.facebook.com\/lifenatura\" \/>\n<meta property=\"article:modified_time\" content=\"2025-12-11T10:17:44+00:00\" \/>\n<meta property=\"og:image\" content=\"https:\/\/www.lifenatura.com\/wp-content\/uploads\/2025\/10\/dong-quai-complex-terranova.jpg\" \/>\n\t<meta property=\"og:image:width\" content=\"1000\" \/>\n\t<meta property=\"og:image:height\" content=\"1000\" \/>\n\t<meta property=\"og:image:type\" content=\"image\/jpeg\" \/>\n<meta name=\"twitter:card\" content=\"summary_large_image\" \/>\n<meta name=\"twitter:label1\" content=\"Precio\" \/>\n\t<meta name=\"twitter:data1\" content=\"52,68&nbsp;&euro;\" \/>\n\t<meta name=\"twitter:label2\" content=\"Disponibilidad\" \/>\n\t<meta name=\"twitter:data2\" content=\"Disponible\" \/>\n<script type=\"application\/ld+json\" class=\"yoast-schema-graph\">{\"@context\":\"https:\\\/\\\/schema.org\",\"@graph\":[{\"@type\":\"WebPage\",\"@id\":\"https:\\\/\\\/www.lifenatura.com\\\/es\\\/produto\\\/dong-quai-y-brotes-de-soja-100-capsulas-terranova\\\/\",\"url\":\"https:\\\/\\\/www.lifenatura.com\\\/es\\\/produto\\\/dong-quai-y-brotes-de-soja-100-capsulas-terranova\\\/\",\"name\":\"Dong Quai y Brotes de Soja 100 C\u00e1psulas - TerraNova - Na Lifenatura ao Melhor Pre\u00e7o | Envio em 48h\",\"isPartOf\":{\"@id\":\"https:\\\/\\\/www.lifenatura.com\\\/es\\\/#website\"},\"primaryImageOfPage\":{\"@id\":\"https:\\\/\\\/www.lifenatura.com\\\/es\\\/produto\\\/dong-quai-y-brotes-de-soja-100-capsulas-terranova\\\/#primaryimage\"},\"image\":{\"@id\":\"https:\\\/\\\/www.lifenatura.com\\\/es\\\/produto\\\/dong-quai-y-brotes-de-soja-100-capsulas-terranova\\\/#primaryimage\"},\"thumbnailUrl\":\"https:\\\/\\\/www.lifenatura.com\\\/wp-content\\\/uploads\\\/2025\\\/10\\\/dong-quai-complex-terranova.jpg\",\"datePublished\":\"2025-10-02T07:27:36+00:00\",\"dateModified\":\"2025-12-11T10:17:44+00:00\",\"description\":\"Dong Quai y Brotes de Soja TerraNova - apoyo natural para el equilibrio hormonal y el bienestar femenino. Con isoflavonas y complejo Magnifood.\",\"breadcrumb\":{\"@id\":\"https:\\\/\\\/www.lifenatura.com\\\/es\\\/produto\\\/dong-quai-y-brotes-de-soja-100-capsulas-terranova\\\/#breadcrumb\"},\"inLanguage\":\"es\",\"potentialAction\":[{\"@type\":\"ReadAction\",\"target\":[\"https:\\\/\\\/www.lifenatura.com\\\/es\\\/produto\\\/dong-quai-y-brotes-de-soja-100-capsulas-terranova\\\/\"]}]},{\"@type\":\"ImageObject\",\"inLanguage\":\"es\",\"@id\":\"https:\\\/\\\/www.lifenatura.com\\\/es\\\/produto\\\/dong-quai-y-brotes-de-soja-100-capsulas-terranova\\\/#primaryimage\",\"url\":\"https:\\\/\\\/www.lifenatura.com\\\/wp-content\\\/uploads\\\/2025\\\/10\\\/dong-quai-complex-terranova.jpg\",\"contentUrl\":\"https:\\\/\\\/www.lifenatura.com\\\/wp-content\\\/uploads\\\/2025\\\/10\\\/dong-quai-complex-terranova.jpg\",\"width\":1000,\"height\":1000,\"caption\":\"Dong Quai de terranova\"},{\"@type\":\"BreadcrumbList\",\"@id\":\"https:\\\/\\\/www.lifenatura.com\\\/es\\\/produto\\\/dong-quai-y-brotes-de-soja-100-capsulas-terranova\\\/#breadcrumb\",\"itemListElement\":[{\"@type\":\"ListItem\",\"position\":1,\"name\":\"In\u00edcio\",\"item\":\"https:\\\/\\\/www.lifenatura.com\\\/es\\\/\"},{\"@type\":\"ListItem\",\"position\":2,\"name\":\"Todos los Productos\",\"item\":\"https:\\\/\\\/www.lifenatura.com\\\/es\\\/tienda\\\/\"},{\"@type\":\"ListItem\",\"position\":3,\"name\":\"Dong Quai y Brotes de Soja 100 C\u00e1psulas &#8211; TerraNova\"}]},{\"@type\":\"WebSite\",\"@id\":\"https:\\\/\\\/www.lifenatura.com\\\/es\\\/#website\",\"url\":\"https:\\\/\\\/www.lifenatura.com\\\/es\\\/\",\"name\":\"Lifenatura\",\"description\":\"A Lifenatura \u00e9 uma loja de produtos naturais, cosm\u00e9tica natural e alimenta\u00e7\u00e3o Biol\u00f3gica.\",\"publisher\":{\"@id\":\"https:\\\/\\\/www.lifenatura.com\\\/es\\\/#organization\"},\"potentialAction\":[{\"@type\":\"SearchAction\",\"target\":{\"@type\":\"EntryPoint\",\"urlTemplate\":\"https:\\\/\\\/www.lifenatura.com\\\/es\\\/?s={search_term_string}\"},\"query-input\":{\"@type\":\"PropertyValueSpecification\",\"valueRequired\":true,\"valueName\":\"search_term_string\"}}],\"inLanguage\":\"es\"},{\"@type\":\"Organization\",\"@id\":\"https:\\\/\\\/www.lifenatura.com\\\/es\\\/#organization\",\"name\":\"Lifenatura\",\"url\":\"https:\\\/\\\/www.lifenatura.com\\\/es\\\/\",\"logo\":{\"@type\":\"ImageObject\",\"inLanguage\":\"es\",\"@id\":\"https:\\\/\\\/www.lifenatura.com\\\/es\\\/#\\\/schema\\\/logo\\\/image\\\/\",\"url\":\"https:\\\/\\\/www.lifenatura.com\\\/wp-content\\\/uploads\\\/2021\\\/07\\\/logo.png\",\"contentUrl\":\"https:\\\/\\\/www.lifenatura.com\\\/wp-content\\\/uploads\\\/2021\\\/07\\\/logo.png\",\"width\":175,\"height\":55,\"caption\":\"Lifenatura\"},\"image\":{\"@id\":\"https:\\\/\\\/www.lifenatura.com\\\/es\\\/#\\\/schema\\\/logo\\\/image\\\/\"},\"sameAs\":[\"https:\\\/\\\/www.facebook.com\\\/lifenatura\",\"https:\\\/\\\/www.instagram.com\\\/lifenaturapt\\\/\"],\"hasMerchantReturnPolicy\":{\"@type\":\"MerchantReturnPolicy\",\"merchantReturnLink\":\"https:\\\/\\\/www.lifenatura.com\\\/termos-condicoes-lifenatura\\\/\"}}]}<\/script>\n<meta property=\"product:price:amount\" content=\"52.68\" \/>\n<meta property=\"product:price:currency\" content=\"EUR\" \/>\n<meta property=\"og:availability\" content=\"instock\" \/>\n<meta property=\"product:availability\" content=\"instock\" \/>\n<meta property=\"product:retailer_item_id\" content=\"5060203791667\" \/>\n<meta property=\"product:condition\" content=\"new\" \/>\n<!-- \/ Yoast SEO Premium plugin. -->","yoast_head_json":{"title":"Dong Quai y Brotes de Soja 100 C\u00e1psulas - TerraNova - Na Lifenatura ao Melhor Pre\u00e7o | Envio em 48h","description":"Dong Quai y Brotes de Soja TerraNova - apoyo natural para el equilibrio hormonal y el bienestar femenino. Con isoflavonas y complejo Magnifood.","robots":{"index":"index","follow":"follow","max-snippet":"max-snippet:-1","max-image-preview":"max-image-preview:large","max-video-preview":"max-video-preview:-1"},"canonical":"https:\/\/www.lifenatura.com\/es\/produto\/dong-quai-y-brotes-de-soja-100-capsulas-terranova\/","og_locale":"es_ES","og_type":"article","og_title":"Dong Quai y Brotes de Soja 100 C\u00e1psulas - TerraNova - Na Lifenatura ao Melhor Pre\u00e7o | Envio 48h","og_description":"Compre Dong Quai y Brotes de Soja 100 C\u00e1psulas - TerraNova com envio r\u00e1pido. Entrega em 48h e portes gr\u00e1tis em compras >35\u20ac. Aproveite j\u00e1 na Lifenatura","og_url":"https:\/\/www.lifenatura.com\/es\/produto\/dong-quai-y-brotes-de-soja-100-capsulas-terranova\/","og_site_name":"Lifenatura","article_publisher":"https:\/\/www.facebook.com\/lifenatura","article_modified_time":"2025-12-11T10:17:44+00:00","og_image":[{"width":1000,"height":1000,"url":"https:\/\/www.lifenatura.com\/wp-content\/uploads\/2025\/10\/dong-quai-complex-terranova.jpg","type":"image\/jpeg"}],"twitter_card":"summary_large_image","twitter_misc":{"Precio":"52,68&nbsp;&euro;","Disponibilidad":"Disponible"},"schema":{"@context":"https:\/\/schema.org","@graph":[{"@type":"WebPage","@id":"https:\/\/www.lifenatura.com\/es\/produto\/dong-quai-y-brotes-de-soja-100-capsulas-terranova\/","url":"https:\/\/www.lifenatura.com\/es\/produto\/dong-quai-y-brotes-de-soja-100-capsulas-terranova\/","name":"Dong Quai y Brotes de Soja 100 C\u00e1psulas - TerraNova - Na Lifenatura ao Melhor Pre\u00e7o | Envio em 48h","isPartOf":{"@id":"https:\/\/www.lifenatura.com\/es\/#website"},"primaryImageOfPage":{"@id":"https:\/\/www.lifenatura.com\/es\/produto\/dong-quai-y-brotes-de-soja-100-capsulas-terranova\/#primaryimage"},"image":{"@id":"https:\/\/www.lifenatura.com\/es\/produto\/dong-quai-y-brotes-de-soja-100-capsulas-terranova\/#primaryimage"},"thumbnailUrl":"https:\/\/www.lifenatura.com\/wp-content\/uploads\/2025\/10\/dong-quai-complex-terranova.jpg","datePublished":"2025-10-02T07:27:36+00:00","dateModified":"2025-12-11T10:17:44+00:00","description":"Dong Quai y Brotes de Soja TerraNova - apoyo natural para el equilibrio hormonal y el bienestar femenino. Con isoflavonas y complejo Magnifood.","breadcrumb":{"@id":"https:\/\/www.lifenatura.com\/es\/produto\/dong-quai-y-brotes-de-soja-100-capsulas-terranova\/#breadcrumb"},"inLanguage":"es","potentialAction":[{"@type":"ReadAction","target":["https:\/\/www.lifenatura.com\/es\/produto\/dong-quai-y-brotes-de-soja-100-capsulas-terranova\/"]}]},{"@type":"ImageObject","inLanguage":"es","@id":"https:\/\/www.lifenatura.com\/es\/produto\/dong-quai-y-brotes-de-soja-100-capsulas-terranova\/#primaryimage","url":"https:\/\/www.lifenatura.com\/wp-content\/uploads\/2025\/10\/dong-quai-complex-terranova.jpg","contentUrl":"https:\/\/www.lifenatura.com\/wp-content\/uploads\/2025\/10\/dong-quai-complex-terranova.jpg","width":1000,"height":1000,"caption":"Dong Quai de terranova"},{"@type":"BreadcrumbList","@id":"https:\/\/www.lifenatura.com\/es\/produto\/dong-quai-y-brotes-de-soja-100-capsulas-terranova\/#breadcrumb","itemListElement":[{"@type":"ListItem","position":1,"name":"In\u00edcio","item":"https:\/\/www.lifenatura.com\/es\/"},{"@type":"ListItem","position":2,"name":"Todos los Productos","item":"https:\/\/www.lifenatura.com\/es\/tienda\/"},{"@type":"ListItem","position":3,"name":"Dong Quai y Brotes de Soja 100 C\u00e1psulas &#8211; TerraNova"}]},{"@type":"WebSite","@id":"https:\/\/www.lifenatura.com\/es\/#website","url":"https:\/\/www.lifenatura.com\/es\/","name":"Lifenatura","description":"A Lifenatura \u00e9 uma loja de produtos naturais, cosm\u00e9tica natural e alimenta\u00e7\u00e3o Biol\u00f3gica.","publisher":{"@id":"https:\/\/www.lifenatura.com\/es\/#organization"},"potentialAction":[{"@type":"SearchAction","target":{"@type":"EntryPoint","urlTemplate":"https:\/\/www.lifenatura.com\/es\/?s={search_term_string}"},"query-input":{"@type":"PropertyValueSpecification","valueRequired":true,"valueName":"search_term_string"}}],"inLanguage":"es"},{"@type":"Organization","@id":"https:\/\/www.lifenatura.com\/es\/#organization","name":"Lifenatura","url":"https:\/\/www.lifenatura.com\/es\/","logo":{"@type":"ImageObject","inLanguage":"es","@id":"https:\/\/www.lifenatura.com\/es\/#\/schema\/logo\/image\/","url":"https:\/\/www.lifenatura.com\/wp-content\/uploads\/2021\/07\/logo.png","contentUrl":"https:\/\/www.lifenatura.com\/wp-content\/uploads\/2021\/07\/logo.png","width":175,"height":55,"caption":"Lifenatura"},"image":{"@id":"https:\/\/www.lifenatura.com\/es\/#\/schema\/logo\/image\/"},"sameAs":["https:\/\/www.facebook.com\/lifenatura","https:\/\/www.instagram.com\/lifenaturapt\/"],"hasMerchantReturnPolicy":{"@type":"MerchantReturnPolicy","merchantReturnLink":"https:\/\/www.lifenatura.com\/termos-condicoes-lifenatura\/"}}]},"product_price_amount":"52.68","product_price_currency":"EUR","og_availability":"instock","product_availability":"instock","product_retailer_item_id":"5060203791667","product_condition":"new"},"df_price":52.68,"df_sale_price":"","df_regular_price":52.68,"df_image_link":"https:\/\/www.lifenatura.com\/wp-content\/uploads\/2025\/10\/dong-quai-complex-terranova-300x300.jpg","_links":{"self":[{"href":"https:\/\/www.lifenatura.com\/es\/wp-json\/wp\/v2\/product\/122861","targetHints":{"allow":["GET"]}}],"collection":[{"href":"https:\/\/www.lifenatura.com\/es\/wp-json\/wp\/v2\/product"}],"about":[{"href":"https:\/\/www.lifenatura.com\/es\/wp-json\/wp\/v2\/types\/product"}],"wp:featuredmedia":[{"embeddable":true,"href":"https:\/\/www.lifenatura.com\/es\/wp-json\/wp\/v2\/media\/118269"}],"wp:attachment":[{"href":"https:\/\/www.lifenatura.com\/es\/wp-json\/wp\/v2\/media?parent=122861"}],"wp:term":[{"taxonomy":"product_brand","embeddable":true,"href":"https:\/\/www.lifenatura.com\/es\/wp-json\/wp\/v2\/product_brand?post=122861"},{"taxonomy":"product_cat","embeddable":true,"href":"https:\/\/www.lifenatura.com\/es\/wp-json\/wp\/v2\/product_cat?post=122861"},{"taxonomy":"product_tag","embeddable":true,"href":"https:\/\/www.lifenatura.com\/es\/wp-json\/wp\/v2\/product_tag?post=122861"}],"curies":[{"name":"wp","href":"https:\/\/api.w.org\/{rel}","templated":true}]}}