{"id":122229,"date":"2025-10-27T19:21:21","date_gmt":"2025-10-27T19:21:21","guid":{"rendered":"https:\/\/www.lifenatura.com\/produto\/espirulina-bio-200-comprimidos-physalis\/"},"modified":"2025-12-03T19:54:12","modified_gmt":"2025-12-03T19:54:12","slug":"espirulina-bio-200-comprimidos-physalis","status":"publish","type":"product","link":"https:\/\/www.lifenatura.com\/es\/produto\/espirulina-bio-200-comprimidos-physalis\/","title":{"rendered":"Espirulina Bio 200 Comprimidos &#8211; Physalis"},"content":{"rendered":"<h2 style=\"text-align: left;\" data-start=\"158\" data-end=\"229\"><strong data-start=\"161\" data-end=\"229\">Espirulina Bio excepcional perfil nutricional Physalis<\/strong><\/h2>\n<p>&nbsp;<\/p>\n<p data-start=\"231\" data-end=\"659\"><strong data-start=\"233\" data-end=\"280\">Physalis Espirulina Bio (200 comprimidos<\/strong> ) es un suplemento 100% natural y ecol\u00f3gico elaborado a partir de la microalga <em data-start=\"355\" data-end=\"378\">Arthrospira platensis<\/em>, reconocida por su excepcional perfil nutricional. Rica en prote\u00ednas de alta calidad, vitaminas, minerales y fitonutrientes, la espirulina es un aut\u00e9ntico &#8220;superalimento&#8221;, ideal para potenciar la vitalidad y apoyar al organismo en periodos de mayor exigencia f\u00edsica o mental.<\/p>\n<p data-start=\"661\" data-end=\"1063\">La espirulina Physalis se cultiva de forma natural y sostenible, sin pesticidas ni aditivos, lo que garantiza un suplemento puro, seguro y altamente nutritivo. Su composici\u00f3n apoya el metabolismo energ\u00e9tico, contribuye al tono y la resistencia corporal, y favorece el equilibrio general. Adem\u00e1s, es una excelente opci\u00f3n para complementar dietas con un menor aporte de prote\u00ednas o nutrientes esenciales.<\/p>\n<p data-start=\"1065\" data-end=\"1250\">Comprimidos f\u00e1ciles de tomar, perfectos para incorporar a tu rutina diaria, hacen de esta espirulina org\u00e1nica un aliado pr\u00e1ctico y eficaz para cualquiera que busque potenciar su bienestar de forma natural.<\/p>\n<p data-start=\"1252\" data-end=\"1281\"><strong data-start=\"1256\" data-end=\"1281\">Principales ventajas<\/strong><\/p>\n<ul data-start=\"1282\" data-end=\"1745\">\n<li data-start=\"1282\" data-end=\"1367\">\n<p data-start=\"1284\" data-end=\"1367\"><strong data-start=\"1284\" data-end=\"1318\">Aumenta la energ\u00eda y la vitalidad<\/strong>, ayudando a reducir el cansancio f\u00edsico y mental.<\/p>\n<\/li>\n<li data-start=\"1368\" data-end=\"1459\">\n<p data-start=\"1370\" data-end=\"1459\"><strong data-start=\"1370\" data-end=\"1400\">Fuente natural de prote\u00ednas<\/strong>, ideal para complementar dietas vegetarianas o veganas.<\/p>\n<\/li>\n<li data-start=\"1460\" data-end=\"1554\">\n<p data-start=\"1462\" data-end=\"1554\">Favorece <strong data-start=\"1462\" data-end=\"1514\">el metabolismo y la resistencia del organismo<\/strong>, favoreciendo un mayor rendimiento diario.<\/p>\n<\/li>\n<li data-start=\"1555\" data-end=\"1657\">\n<p data-start=\"1557\" data-end=\"1657\"><strong data-start=\"1557\" data-end=\"1595\">Rico en micronutrientes esenciales<\/strong>, como vitaminas y minerales, que favorecen el equilibrio general.<\/p>\n<\/li>\n<li data-start=\"1658\" data-end=\"1745\">\n<p data-start=\"1660\" data-end=\"1745\"><strong data-start=\"1660\" data-end=\"1688\">Producto ecol\u00f3gico y puro<\/strong>, sin aditivos artificiales y obtenido de forma sostenible.<\/p>\n<\/li>\n<\/ul>\n<p data-start=\"1747\" data-end=\"1768\"><strong data-start=\"1751\" data-end=\"1768\">Adecuado para<\/strong><\/p>\n<p data-start=\"1769\" data-end=\"1818\">Physalis Spirulina Bio se recomienda para:<\/p>\n<ul data-start=\"1819\" data-end=\"2145\">\n<li data-start=\"1819\" data-end=\"1893\">\n<p data-start=\"1821\" data-end=\"1893\">Adultos que buscan aumentar la energ\u00eda, la resistencia y el bienestar general.<\/p>\n<\/li>\n<li data-start=\"1894\" data-end=\"1978\">\n<p data-start=\"1896\" data-end=\"1978\">Personas con dietas bajas en prote\u00ednas o que siguen reg\u00edmenes vegetarianos\/veganos.<\/p>\n<\/li>\n<li data-start=\"1979\" data-end=\"2059\">\n<p data-start=\"1981\" data-end=\"2059\">Los que experimentan periodos de gran esfuerzo f\u00edsico, intelectual o emocional.<\/p>\n<\/li>\n<li data-start=\"2060\" data-end=\"2145\">\n<p data-start=\"2062\" data-end=\"2145\">Cualquier persona que desee complementar su alimentaci\u00f3n diaria con un superalimento natural y completo.<\/p>\n<\/li>\n<\/ul>\n<p><strong>Presentaci\u00f3n:<\/strong><\/p>\n<p>200 comprimidos.<\/p>\n<p>&nbsp;<\/p>\n","protected":false},"excerpt":{"rendered":"<p>Espirulina Bio Physalis &#8211; superalimento natural para la energ\u00eda, la vitalidad y una nutrici\u00f3n equilibrada. Rico en prote\u00ednas y micronutrientes. 200 comprimidos. [&#8230;]<\/p>\n<p><a class=\"btn btn-secondary understrap-read-more-link\" href=\"https:\/\/www.lifenatura.com\/es\/produto\/espirulina-bio-200-comprimidos-physalis\/\">Leer m\u00e1s&#8230;<span class=\"screen-reader-text\"> from Espirulina Bio 200 Comprimidos &#8211; Physalis<\/span><\/a><\/p>\n","protected":false},"featured_media":119858,"template":"","meta":{"_acf_changed":false},"product_brand":[8318],"product_cat":[7190,7238,7194,7179,7883],"product_tag":[],"class_list":{"0":"post-122229","1":"product","2":"type-product","3":"status-publish","4":"has-post-thumbnail","6":"product_brand-physalis-es","7":"product_cat-adelgazar","8":"product_cat-energizante-natural","9":"product_cat-saciante","10":"product_cat-salud","11":"product_cat-suplementos-alimenticios","13":"first","14":"instock","15":"shipping-taxable","16":"purchasable","17":"product-type-simple","18":"add-to-wishlist-before_image"},"acf":[],"yoast_head":"<!-- This site is optimized with the Yoast SEO Premium plugin v27.1 (Yoast SEO v27.5) - https:\/\/yoast.com\/product\/yoast-seo-premium-wordpress\/ -->\n<title>Espirulina Bio 200 Comprimidos - Physalis - Na Lifenatura ao Melhor Pre\u00e7o | Envio em 48h<\/title>\n<meta name=\"description\" content=\"Espirulina Bio Physalis superalimento para la energ\u00eda, la vitalidad y una nutrici\u00f3n equilibrada. Rico en prote\u00ednas y micronutrientes. 200 comprimidos.\" \/>\n<meta name=\"robots\" content=\"index, follow, max-snippet:-1, max-image-preview:large, max-video-preview:-1\" \/>\n<link rel=\"canonical\" href=\"https:\/\/www.lifenatura.com\/es\/produto\/espirulina-bio-200-comprimidos-physalis\/\" \/>\n<meta property=\"og:locale\" content=\"es_ES\" \/>\n<meta property=\"og:type\" content=\"article\" \/>\n<meta property=\"og:title\" content=\"Espirulina Bio 200 Comprimidos - Physalis - Na Lifenatura ao Melhor Pre\u00e7o | Envio 48h\" \/>\n<meta property=\"og:description\" content=\"Compre Espirulina Bio 200 Comprimidos - Physalis com envio r\u00e1pido. Entrega em 48h e portes gr\u00e1tis em compras &gt;35\u20ac. Aproveite j\u00e1 na Lifenatura\" \/>\n<meta property=\"og:url\" content=\"https:\/\/www.lifenatura.com\/es\/produto\/espirulina-bio-200-comprimidos-physalis\/\" \/>\n<meta property=\"og:site_name\" content=\"Lifenatura\" \/>\n<meta property=\"article:publisher\" content=\"https:\/\/www.facebook.com\/lifenatura\" \/>\n<meta property=\"article:modified_time\" content=\"2025-12-03T19:54:12+00:00\" \/>\n<meta property=\"og:image\" content=\"https:\/\/www.lifenatura.com\/wp-content\/uploads\/2025\/10\/spirulina-200-comprimidos-physalis.jpg\" \/>\n\t<meta property=\"og:image:width\" content=\"1000\" \/>\n\t<meta property=\"og:image:height\" content=\"1000\" \/>\n\t<meta property=\"og:image:type\" content=\"image\/jpeg\" \/>\n<meta name=\"twitter:card\" content=\"summary_large_image\" \/>\n<meta name=\"twitter:label1\" content=\"Precio\" \/>\n\t<meta name=\"twitter:data1\" content=\"17,85&nbsp;&euro;\" \/>\n\t<meta name=\"twitter:label2\" content=\"Disponibilidad\" \/>\n\t<meta name=\"twitter:data2\" content=\"Disponible\" \/>\n<script type=\"application\/ld+json\" class=\"yoast-schema-graph\">{\"@context\":\"https:\\\/\\\/schema.org\",\"@graph\":[{\"@type\":\"WebPage\",\"@id\":\"https:\\\/\\\/www.lifenatura.com\\\/es\\\/produto\\\/espirulina-bio-200-comprimidos-physalis\\\/\",\"url\":\"https:\\\/\\\/www.lifenatura.com\\\/es\\\/produto\\\/espirulina-bio-200-comprimidos-physalis\\\/\",\"name\":\"Espirulina Bio 200 Comprimidos - Physalis - Na Lifenatura ao Melhor Pre\u00e7o | Envio em 48h\",\"isPartOf\":{\"@id\":\"https:\\\/\\\/www.lifenatura.com\\\/es\\\/#website\"},\"primaryImageOfPage\":{\"@id\":\"https:\\\/\\\/www.lifenatura.com\\\/es\\\/produto\\\/espirulina-bio-200-comprimidos-physalis\\\/#primaryimage\"},\"image\":{\"@id\":\"https:\\\/\\\/www.lifenatura.com\\\/es\\\/produto\\\/espirulina-bio-200-comprimidos-physalis\\\/#primaryimage\"},\"thumbnailUrl\":\"https:\\\/\\\/www.lifenatura.com\\\/wp-content\\\/uploads\\\/2025\\\/10\\\/spirulina-200-comprimidos-physalis.jpg\",\"datePublished\":\"2025-10-27T19:21:21+00:00\",\"dateModified\":\"2025-12-03T19:54:12+00:00\",\"description\":\"Espirulina Bio Physalis superalimento para la energ\u00eda, la vitalidad y una nutrici\u00f3n equilibrada. Rico en prote\u00ednas y micronutrientes. 200 comprimidos.\",\"breadcrumb\":{\"@id\":\"https:\\\/\\\/www.lifenatura.com\\\/es\\\/produto\\\/espirulina-bio-200-comprimidos-physalis\\\/#breadcrumb\"},\"inLanguage\":\"es\",\"potentialAction\":[{\"@type\":\"ReadAction\",\"target\":[\"https:\\\/\\\/www.lifenatura.com\\\/es\\\/produto\\\/espirulina-bio-200-comprimidos-physalis\\\/\"]}]},{\"@type\":\"ImageObject\",\"inLanguage\":\"es\",\"@id\":\"https:\\\/\\\/www.lifenatura.com\\\/es\\\/produto\\\/espirulina-bio-200-comprimidos-physalis\\\/#primaryimage\",\"url\":\"https:\\\/\\\/www.lifenatura.com\\\/wp-content\\\/uploads\\\/2025\\\/10\\\/spirulina-200-comprimidos-physalis.jpg\",\"contentUrl\":\"https:\\\/\\\/www.lifenatura.com\\\/wp-content\\\/uploads\\\/2025\\\/10\\\/spirulina-200-comprimidos-physalis.jpg\",\"width\":1000,\"height\":1000,\"caption\":\"pastillas de espirulina physalis\"},{\"@type\":\"BreadcrumbList\",\"@id\":\"https:\\\/\\\/www.lifenatura.com\\\/es\\\/produto\\\/espirulina-bio-200-comprimidos-physalis\\\/#breadcrumb\",\"itemListElement\":[{\"@type\":\"ListItem\",\"position\":1,\"name\":\"In\u00edcio\",\"item\":\"https:\\\/\\\/www.lifenatura.com\\\/es\\\/\"},{\"@type\":\"ListItem\",\"position\":2,\"name\":\"Todos los Productos\",\"item\":\"https:\\\/\\\/www.lifenatura.com\\\/es\\\/tienda\\\/\"},{\"@type\":\"ListItem\",\"position\":3,\"name\":\"Espirulina Bio 200 Comprimidos &#8211; Physalis\"}]},{\"@type\":\"WebSite\",\"@id\":\"https:\\\/\\\/www.lifenatura.com\\\/es\\\/#website\",\"url\":\"https:\\\/\\\/www.lifenatura.com\\\/es\\\/\",\"name\":\"Lifenatura\",\"description\":\"A Lifenatura \u00e9 uma loja de produtos naturais, cosm\u00e9tica natural e alimenta\u00e7\u00e3o Biol\u00f3gica.\",\"publisher\":{\"@id\":\"https:\\\/\\\/www.lifenatura.com\\\/es\\\/#organization\"},\"potentialAction\":[{\"@type\":\"SearchAction\",\"target\":{\"@type\":\"EntryPoint\",\"urlTemplate\":\"https:\\\/\\\/www.lifenatura.com\\\/es\\\/?s={search_term_string}\"},\"query-input\":{\"@type\":\"PropertyValueSpecification\",\"valueRequired\":true,\"valueName\":\"search_term_string\"}}],\"inLanguage\":\"es\"},{\"@type\":\"Organization\",\"@id\":\"https:\\\/\\\/www.lifenatura.com\\\/es\\\/#organization\",\"name\":\"Lifenatura\",\"url\":\"https:\\\/\\\/www.lifenatura.com\\\/es\\\/\",\"logo\":{\"@type\":\"ImageObject\",\"inLanguage\":\"es\",\"@id\":\"https:\\\/\\\/www.lifenatura.com\\\/es\\\/#\\\/schema\\\/logo\\\/image\\\/\",\"url\":\"https:\\\/\\\/www.lifenatura.com\\\/wp-content\\\/uploads\\\/2021\\\/07\\\/logo.png\",\"contentUrl\":\"https:\\\/\\\/www.lifenatura.com\\\/wp-content\\\/uploads\\\/2021\\\/07\\\/logo.png\",\"width\":175,\"height\":55,\"caption\":\"Lifenatura\"},\"image\":{\"@id\":\"https:\\\/\\\/www.lifenatura.com\\\/es\\\/#\\\/schema\\\/logo\\\/image\\\/\"},\"sameAs\":[\"https:\\\/\\\/www.facebook.com\\\/lifenatura\",\"https:\\\/\\\/www.instagram.com\\\/lifenaturapt\\\/\"],\"hasMerchantReturnPolicy\":{\"@type\":\"MerchantReturnPolicy\",\"merchantReturnLink\":\"https:\\\/\\\/www.lifenatura.com\\\/termos-condicoes-lifenatura\\\/\"}}]}<\/script>\n<meta property=\"product:price:amount\" content=\"17.85\" \/>\n<meta property=\"product:price:currency\" content=\"EUR\" \/>\n<meta property=\"og:availability\" content=\"instock\" \/>\n<meta property=\"product:availability\" content=\"instock\" \/>\n<meta property=\"product:retailer_item_id\" content=\"5412360013425\" \/>\n<meta property=\"product:condition\" content=\"new\" \/>\n<!-- \/ Yoast SEO Premium plugin. -->","yoast_head_json":{"title":"Espirulina Bio 200 Comprimidos - Physalis - Na Lifenatura ao Melhor Pre\u00e7o | Envio em 48h","description":"Espirulina Bio Physalis superalimento para la energ\u00eda, la vitalidad y una nutrici\u00f3n equilibrada. Rico en prote\u00ednas y micronutrientes. 200 comprimidos.","robots":{"index":"index","follow":"follow","max-snippet":"max-snippet:-1","max-image-preview":"max-image-preview:large","max-video-preview":"max-video-preview:-1"},"canonical":"https:\/\/www.lifenatura.com\/es\/produto\/espirulina-bio-200-comprimidos-physalis\/","og_locale":"es_ES","og_type":"article","og_title":"Espirulina Bio 200 Comprimidos - Physalis - Na Lifenatura ao Melhor Pre\u00e7o | Envio 48h","og_description":"Compre Espirulina Bio 200 Comprimidos - Physalis com envio r\u00e1pido. Entrega em 48h e portes gr\u00e1tis em compras >35\u20ac. Aproveite j\u00e1 na Lifenatura","og_url":"https:\/\/www.lifenatura.com\/es\/produto\/espirulina-bio-200-comprimidos-physalis\/","og_site_name":"Lifenatura","article_publisher":"https:\/\/www.facebook.com\/lifenatura","article_modified_time":"2025-12-03T19:54:12+00:00","og_image":[{"width":1000,"height":1000,"url":"https:\/\/www.lifenatura.com\/wp-content\/uploads\/2025\/10\/spirulina-200-comprimidos-physalis.jpg","type":"image\/jpeg"}],"twitter_card":"summary_large_image","twitter_misc":{"Precio":"17,85&nbsp;&euro;","Disponibilidad":"Disponible"},"schema":{"@context":"https:\/\/schema.org","@graph":[{"@type":"WebPage","@id":"https:\/\/www.lifenatura.com\/es\/produto\/espirulina-bio-200-comprimidos-physalis\/","url":"https:\/\/www.lifenatura.com\/es\/produto\/espirulina-bio-200-comprimidos-physalis\/","name":"Espirulina Bio 200 Comprimidos - Physalis - Na Lifenatura ao Melhor Pre\u00e7o | Envio em 48h","isPartOf":{"@id":"https:\/\/www.lifenatura.com\/es\/#website"},"primaryImageOfPage":{"@id":"https:\/\/www.lifenatura.com\/es\/produto\/espirulina-bio-200-comprimidos-physalis\/#primaryimage"},"image":{"@id":"https:\/\/www.lifenatura.com\/es\/produto\/espirulina-bio-200-comprimidos-physalis\/#primaryimage"},"thumbnailUrl":"https:\/\/www.lifenatura.com\/wp-content\/uploads\/2025\/10\/spirulina-200-comprimidos-physalis.jpg","datePublished":"2025-10-27T19:21:21+00:00","dateModified":"2025-12-03T19:54:12+00:00","description":"Espirulina Bio Physalis superalimento para la energ\u00eda, la vitalidad y una nutrici\u00f3n equilibrada. Rico en prote\u00ednas y micronutrientes. 200 comprimidos.","breadcrumb":{"@id":"https:\/\/www.lifenatura.com\/es\/produto\/espirulina-bio-200-comprimidos-physalis\/#breadcrumb"},"inLanguage":"es","potentialAction":[{"@type":"ReadAction","target":["https:\/\/www.lifenatura.com\/es\/produto\/espirulina-bio-200-comprimidos-physalis\/"]}]},{"@type":"ImageObject","inLanguage":"es","@id":"https:\/\/www.lifenatura.com\/es\/produto\/espirulina-bio-200-comprimidos-physalis\/#primaryimage","url":"https:\/\/www.lifenatura.com\/wp-content\/uploads\/2025\/10\/spirulina-200-comprimidos-physalis.jpg","contentUrl":"https:\/\/www.lifenatura.com\/wp-content\/uploads\/2025\/10\/spirulina-200-comprimidos-physalis.jpg","width":1000,"height":1000,"caption":"pastillas de espirulina physalis"},{"@type":"BreadcrumbList","@id":"https:\/\/www.lifenatura.com\/es\/produto\/espirulina-bio-200-comprimidos-physalis\/#breadcrumb","itemListElement":[{"@type":"ListItem","position":1,"name":"In\u00edcio","item":"https:\/\/www.lifenatura.com\/es\/"},{"@type":"ListItem","position":2,"name":"Todos los Productos","item":"https:\/\/www.lifenatura.com\/es\/tienda\/"},{"@type":"ListItem","position":3,"name":"Espirulina Bio 200 Comprimidos &#8211; Physalis"}]},{"@type":"WebSite","@id":"https:\/\/www.lifenatura.com\/es\/#website","url":"https:\/\/www.lifenatura.com\/es\/","name":"Lifenatura","description":"A Lifenatura \u00e9 uma loja de produtos naturais, cosm\u00e9tica natural e alimenta\u00e7\u00e3o Biol\u00f3gica.","publisher":{"@id":"https:\/\/www.lifenatura.com\/es\/#organization"},"potentialAction":[{"@type":"SearchAction","target":{"@type":"EntryPoint","urlTemplate":"https:\/\/www.lifenatura.com\/es\/?s={search_term_string}"},"query-input":{"@type":"PropertyValueSpecification","valueRequired":true,"valueName":"search_term_string"}}],"inLanguage":"es"},{"@type":"Organization","@id":"https:\/\/www.lifenatura.com\/es\/#organization","name":"Lifenatura","url":"https:\/\/www.lifenatura.com\/es\/","logo":{"@type":"ImageObject","inLanguage":"es","@id":"https:\/\/www.lifenatura.com\/es\/#\/schema\/logo\/image\/","url":"https:\/\/www.lifenatura.com\/wp-content\/uploads\/2021\/07\/logo.png","contentUrl":"https:\/\/www.lifenatura.com\/wp-content\/uploads\/2021\/07\/logo.png","width":175,"height":55,"caption":"Lifenatura"},"image":{"@id":"https:\/\/www.lifenatura.com\/es\/#\/schema\/logo\/image\/"},"sameAs":["https:\/\/www.facebook.com\/lifenatura","https:\/\/www.instagram.com\/lifenaturapt\/"],"hasMerchantReturnPolicy":{"@type":"MerchantReturnPolicy","merchantReturnLink":"https:\/\/www.lifenatura.com\/termos-condicoes-lifenatura\/"}}]},"product_price_amount":"17.85","product_price_currency":"EUR","og_availability":"instock","product_availability":"instock","product_retailer_item_id":"5412360013425","product_condition":"new"},"df_price":17.85,"df_sale_price":"","df_regular_price":17.85,"df_image_link":"https:\/\/www.lifenatura.com\/wp-content\/uploads\/2025\/10\/spirulina-200-comprimidos-physalis-300x300.jpg","_links":{"self":[{"href":"https:\/\/www.lifenatura.com\/es\/wp-json\/wp\/v2\/product\/122229","targetHints":{"allow":["GET"]}}],"collection":[{"href":"https:\/\/www.lifenatura.com\/es\/wp-json\/wp\/v2\/product"}],"about":[{"href":"https:\/\/www.lifenatura.com\/es\/wp-json\/wp\/v2\/types\/product"}],"wp:featuredmedia":[{"embeddable":true,"href":"https:\/\/www.lifenatura.com\/es\/wp-json\/wp\/v2\/media\/119858"}],"wp:attachment":[{"href":"https:\/\/www.lifenatura.com\/es\/wp-json\/wp\/v2\/media?parent=122229"}],"wp:term":[{"taxonomy":"product_brand","embeddable":true,"href":"https:\/\/www.lifenatura.com\/es\/wp-json\/wp\/v2\/product_brand?post=122229"},{"taxonomy":"product_cat","embeddable":true,"href":"https:\/\/www.lifenatura.com\/es\/wp-json\/wp\/v2\/product_cat?post=122229"},{"taxonomy":"product_tag","embeddable":true,"href":"https:\/\/www.lifenatura.com\/es\/wp-json\/wp\/v2\/product_tag?post=122229"}],"curies":[{"name":"wp","href":"https:\/\/api.w.org\/{rel}","templated":true}]}}