{"id":122228,"date":"2025-10-27T19:21:33","date_gmt":"2025-10-27T19:21:33","guid":{"rendered":"https:\/\/www.lifenatura.com\/produto\/cardioplex-bio-75ml-physalis\/"},"modified":"2025-12-03T19:44:14","modified_gmt":"2025-12-03T19:44:14","slug":"cardioplex-bio-75ml-physalis","status":"publish","type":"product","link":"https:\/\/www.lifenatura.com\/es\/produto\/cardioplex-bio-75ml-physalis\/","title":{"rendered":"Cardioplex Bio 75ml &#8211; Physalis"},"content":{"rendered":"<h2 style=\"text-align: left;\" data-start=\"0\" data-end=\"81\"><strong data-start=\"3\" data-end=\"81\">Cardioplex Bio dise\u00f1ado para apoyar el coraz\u00f3n de Phisalys<\/strong><\/h2>\n<p>&nbsp;<\/p>\n<p data-start=\"83\" data-end=\"567\"><strong data-start=\"85\" data-end=\"123\">Physalis Cardioplex Bio (75 ml)<\/strong> es un suplemento l\u00edquido org\u00e1nico dise\u00f1ado para apoyar el coraz\u00f3n y la circulaci\u00f3n de forma natural, suave y eficaz. Su f\u00f3rmula concentra extractos de plantas cuidadosamente seleccionadas -como el espino blanco, la hoja de olivo, la vid roja y el ginkgo biloba-, todas ellas de origen ecol\u00f3gico certificado, que ofrecen un cuidado integral para quienes desean fomentar el bienestar cardiovascular y mantener una circulaci\u00f3n equilibrada a diario.<\/p>\n<p data-start=\"569\" data-end=\"1170\">El espino blanco se asocia tradicionalmente con el mantenimiento del ritmo cardiaco y el fortalecimiento del m\u00fasculo cardiaco. La hoja de olivo, rica en oleurope\u00edna, ayuda a mantener la tensi\u00f3n arterial normal y se utiliza mucho en f\u00f3rmulas dedicadas a la tensi\u00f3n y el equilibrio vascular. La vid roja y el ginkgo biloba completan la acci\u00f3n aportando beneficios a la microcirculaci\u00f3n, protegiendo los vasos sangu\u00edneos y favoreciendo la oxigenaci\u00f3n celular. Con una pr\u00e1ctica presentaci\u00f3n l\u00edquida, Cardioplex Bio permite una absorci\u00f3n r\u00e1pida y un uso c\u00f3modo, ideal para incluirlo en tu rutina diaria.<\/p>\n<p data-start=\"1172\" data-end=\"1201\"><strong data-start=\"1176\" data-end=\"1201\">Principales ventajas<\/strong><\/p>\n<ul data-start=\"1202\" data-end=\"1739\">\n<li data-start=\"1202\" data-end=\"1318\">\n<p data-start=\"1204\" data-end=\"1318\"><strong data-start=\"1204\" data-end=\"1249\">Favorece la funci\u00f3n cardiaca y cardiovascular<\/strong> gracias a la acci\u00f3n natural del espino blanco y la hoja de olivo.<\/p>\n<\/li>\n<li data-start=\"1319\" data-end=\"1437\">\n<p data-start=\"1321\" data-end=\"1437\">Contribuye <strong data-start=\"1321\" data-end=\"1361\">a una circulaci\u00f3n sana<\/strong>, favoreciendo el flujo sangu\u00edneo y reduciendo la sensaci\u00f3n de pesadez en las piernas.<\/p>\n<\/li>\n<li data-start=\"1438\" data-end=\"1530\">\n<p data-start=\"1440\" data-end=\"1530\"><strong data-start=\"1440\" data-end=\"1471\">Protege los vasos sangu\u00edneos<\/strong> con la acci\u00f3n antioxidante y vascular de la vid roja.<\/p>\n<\/li>\n<li data-start=\"1531\" data-end=\"1643\">\n<p data-start=\"1533\" data-end=\"1643\"><strong data-start=\"1533\" data-end=\"1566\">Favorece la oxigenaci\u00f3n cerebral<\/strong> gracias al ginkgo biloba, reconocido por su impacto en la microcirculaci\u00f3n.<\/p>\n<\/li>\n<li data-start=\"1644\" data-end=\"1739\">\n<p data-start=\"1646\" data-end=\"1739\">F\u00f3rmula <strong data-start=\"1654\" data-end=\"1686\">ecol\u00f3gica, natural y l\u00edquida<\/strong>, de r\u00e1pida absorci\u00f3n y f\u00e1cil de integrar en la vida cotidiana.<\/p>\n<\/li>\n<\/ul>\n<p data-start=\"1741\" data-end=\"1762\"><strong data-start=\"1745\" data-end=\"1762\">Adecuado para<\/strong><\/p>\n<p data-start=\"1763\" data-end=\"1812\">Este suplemento est\u00e1 recomendado para adultos que<\/p>\n<ul data-start=\"1813\" data-end=\"2204\">\n<li data-start=\"1813\" data-end=\"1909\">\n<p data-start=\"1815\" data-end=\"1909\">Quieren potenciar el bienestar cardiovascular y mantener equilibrados los niveles de tensi\u00f3n arterial.<\/p>\n<\/li>\n<li data-start=\"1910\" data-end=\"2023\">\n<p data-start=\"1912\" data-end=\"2023\">Su objetivo es mejorar la circulaci\u00f3n y reducir las molestias asociadas, como la pesadez de piernas o la fatiga circulatoria.<\/p>\n<\/li>\n<li data-start=\"2024\" data-end=\"2102\">\n<p data-start=\"2026\" data-end=\"2102\">Valoran los extractos de plantas 100% ecol\u00f3gicas en un pr\u00e1ctico formato l\u00edquido.<\/p>\n<\/li>\n<li data-start=\"2103\" data-end=\"2204\">\n<p data-start=\"2105\" data-end=\"2204\">Quieren un apoyo diario que complemente una dieta equilibrada y un estilo de vida sano.<\/p>\n<\/li>\n<\/ul>\n<p><strong>Presentaci\u00f3n:<\/strong><\/p>\n<p>75 ml<\/p>\n<p>&nbsp;<\/p>\n","protected":false},"excerpt":{"rendered":"<p>Cardioplex Bio Physalis &#8211; f\u00f3rmula l\u00edquida ecol\u00f3gica con espino blanco, hoja de olivo, vid roja y ginkgo para un coraz\u00f3n y una circulaci\u00f3n sanos. [&#8230;]<\/p>\n<p><a class=\"btn btn-secondary understrap-read-more-link\" href=\"https:\/\/www.lifenatura.com\/es\/produto\/cardioplex-bio-75ml-physalis\/\">Leer m\u00e1s&#8230;<span class=\"screen-reader-text\"> from Cardioplex Bio 75ml &#8211; Physalis<\/span><\/a><\/p>\n","protected":false},"featured_media":119867,"template":"","meta":{"_acf_changed":false},"product_brand":[8318],"product_cat":[7221,7704,7659,7179,7883],"product_tag":[],"class_list":{"0":"post-122228","1":"product","2":"type-product","3":"status-publish","4":"has-post-thumbnail","6":"product_brand-physalis-es","7":"product_cat-sistema-circulatorio","8":"product_cat-ginkgo-biloba-es","9":"product_cat-ingrediente-natural-bio","10":"product_cat-salud","11":"product_cat-suplementos-alimenticios","13":"first","14":"instock","15":"shipping-taxable","16":"purchasable","17":"product-type-simple","18":"add-to-wishlist-before_image"},"acf":[],"yoast_head":"<!-- This site is optimized with the Yoast SEO Premium plugin v27.1 (Yoast SEO v27.4) - https:\/\/yoast.com\/product\/yoast-seo-premium-wordpress\/ -->\n<title>Cardioplex Bio 75ml - Physalis - Na Lifenatura ao Melhor Pre\u00e7o | Envio em 48h<\/title>\n<meta name=\"description\" content=\"Cardioplex Bio Physalis - f\u00f3rmula l\u00edquida ecol\u00f3gica con espino blanco, hoja de olivo, vid roja y ginkgo para un coraz\u00f3n y una circulaci\u00f3n sanos.\" \/>\n<meta name=\"robots\" content=\"index, follow, max-snippet:-1, max-image-preview:large, max-video-preview:-1\" \/>\n<link rel=\"canonical\" href=\"https:\/\/www.lifenatura.com\/es\/produto\/cardioplex-bio-75ml-physalis\/\" \/>\n<meta property=\"og:locale\" content=\"es_ES\" \/>\n<meta property=\"og:type\" content=\"article\" \/>\n<meta property=\"og:title\" content=\"Cardioplex Bio 75ml - Physalis - Na Lifenatura ao Melhor Pre\u00e7o | Envio 48h\" \/>\n<meta property=\"og:description\" content=\"Compre Cardioplex Bio 75ml - Physalis com envio r\u00e1pido. Entrega em 48h e portes gr\u00e1tis em compras &gt;35\u20ac. Aproveite j\u00e1 na Lifenatura\" \/>\n<meta property=\"og:url\" content=\"https:\/\/www.lifenatura.com\/es\/produto\/cardioplex-bio-75ml-physalis\/\" \/>\n<meta property=\"og:site_name\" content=\"Lifenatura\" \/>\n<meta property=\"article:publisher\" content=\"https:\/\/www.facebook.com\/lifenatura\" \/>\n<meta property=\"article:modified_time\" content=\"2025-12-03T19:44:14+00:00\" \/>\n<meta property=\"og:image\" content=\"https:\/\/www.lifenatura.com\/wp-content\/uploads\/2025\/10\/cardioplex-physalis.jpg\" \/>\n\t<meta property=\"og:image:width\" content=\"1000\" \/>\n\t<meta property=\"og:image:height\" content=\"1000\" \/>\n\t<meta property=\"og:image:type\" content=\"image\/jpeg\" \/>\n<meta name=\"twitter:card\" content=\"summary_large_image\" \/>\n<meta name=\"twitter:label1\" content=\"Precio\" \/>\n\t<meta name=\"twitter:data1\" content=\"19,47&nbsp;&euro;\" \/>\n\t<meta name=\"twitter:label2\" content=\"Disponibilidad\" \/>\n\t<meta name=\"twitter:data2\" content=\"Disponible\" \/>\n<script type=\"application\/ld+json\" class=\"yoast-schema-graph\">{\"@context\":\"https:\\\/\\\/schema.org\",\"@graph\":[{\"@type\":\"WebPage\",\"@id\":\"https:\\\/\\\/www.lifenatura.com\\\/es\\\/produto\\\/cardioplex-bio-75ml-physalis\\\/\",\"url\":\"https:\\\/\\\/www.lifenatura.com\\\/es\\\/produto\\\/cardioplex-bio-75ml-physalis\\\/\",\"name\":\"Cardioplex Bio 75ml - Physalis - Na Lifenatura ao Melhor Pre\u00e7o | Envio em 48h\",\"isPartOf\":{\"@id\":\"https:\\\/\\\/www.lifenatura.com\\\/es\\\/#website\"},\"primaryImageOfPage\":{\"@id\":\"https:\\\/\\\/www.lifenatura.com\\\/es\\\/produto\\\/cardioplex-bio-75ml-physalis\\\/#primaryimage\"},\"image\":{\"@id\":\"https:\\\/\\\/www.lifenatura.com\\\/es\\\/produto\\\/cardioplex-bio-75ml-physalis\\\/#primaryimage\"},\"thumbnailUrl\":\"https:\\\/\\\/www.lifenatura.com\\\/wp-content\\\/uploads\\\/2025\\\/10\\\/cardioplex-physalis.jpg\",\"datePublished\":\"2025-10-27T19:21:33+00:00\",\"dateModified\":\"2025-12-03T19:44:14+00:00\",\"description\":\"Cardioplex Bio Physalis - f\u00f3rmula l\u00edquida ecol\u00f3gica con espino blanco, hoja de olivo, vid roja y ginkgo para un coraz\u00f3n y una circulaci\u00f3n sanos.\",\"breadcrumb\":{\"@id\":\"https:\\\/\\\/www.lifenatura.com\\\/es\\\/produto\\\/cardioplex-bio-75ml-physalis\\\/#breadcrumb\"},\"inLanguage\":\"es\",\"potentialAction\":[{\"@type\":\"ReadAction\",\"target\":[\"https:\\\/\\\/www.lifenatura.com\\\/es\\\/produto\\\/cardioplex-bio-75ml-physalis\\\/\"]}]},{\"@type\":\"ImageObject\",\"inLanguage\":\"es\",\"@id\":\"https:\\\/\\\/www.lifenatura.com\\\/es\\\/produto\\\/cardioplex-bio-75ml-physalis\\\/#primaryimage\",\"url\":\"https:\\\/\\\/www.lifenatura.com\\\/wp-content\\\/uploads\\\/2025\\\/10\\\/cardioplex-physalis.jpg\",\"contentUrl\":\"https:\\\/\\\/www.lifenatura.com\\\/wp-content\\\/uploads\\\/2025\\\/10\\\/cardioplex-physalis.jpg\",\"width\":1000,\"height\":1000,\"caption\":\"Cardioplex Physalis\"},{\"@type\":\"BreadcrumbList\",\"@id\":\"https:\\\/\\\/www.lifenatura.com\\\/es\\\/produto\\\/cardioplex-bio-75ml-physalis\\\/#breadcrumb\",\"itemListElement\":[{\"@type\":\"ListItem\",\"position\":1,\"name\":\"In\u00edcio\",\"item\":\"https:\\\/\\\/www.lifenatura.com\\\/es\\\/\"},{\"@type\":\"ListItem\",\"position\":2,\"name\":\"Todos los Productos\",\"item\":\"https:\\\/\\\/www.lifenatura.com\\\/es\\\/tienda\\\/\"},{\"@type\":\"ListItem\",\"position\":3,\"name\":\"Cardioplex Bio 75ml &#8211; Physalis\"}]},{\"@type\":\"WebSite\",\"@id\":\"https:\\\/\\\/www.lifenatura.com\\\/es\\\/#website\",\"url\":\"https:\\\/\\\/www.lifenatura.com\\\/es\\\/\",\"name\":\"Lifenatura\",\"description\":\"A Lifenatura \u00e9 uma loja de produtos naturais, cosm\u00e9tica natural e alimenta\u00e7\u00e3o Biol\u00f3gica.\",\"publisher\":{\"@id\":\"https:\\\/\\\/www.lifenatura.com\\\/es\\\/#organization\"},\"potentialAction\":[{\"@type\":\"SearchAction\",\"target\":{\"@type\":\"EntryPoint\",\"urlTemplate\":\"https:\\\/\\\/www.lifenatura.com\\\/es\\\/?s={search_term_string}\"},\"query-input\":{\"@type\":\"PropertyValueSpecification\",\"valueRequired\":true,\"valueName\":\"search_term_string\"}}],\"inLanguage\":\"es\"},{\"@type\":\"Organization\",\"@id\":\"https:\\\/\\\/www.lifenatura.com\\\/es\\\/#organization\",\"name\":\"Lifenatura\",\"url\":\"https:\\\/\\\/www.lifenatura.com\\\/es\\\/\",\"logo\":{\"@type\":\"ImageObject\",\"inLanguage\":\"es\",\"@id\":\"https:\\\/\\\/www.lifenatura.com\\\/es\\\/#\\\/schema\\\/logo\\\/image\\\/\",\"url\":\"https:\\\/\\\/www.lifenatura.com\\\/wp-content\\\/uploads\\\/2021\\\/07\\\/logo.png\",\"contentUrl\":\"https:\\\/\\\/www.lifenatura.com\\\/wp-content\\\/uploads\\\/2021\\\/07\\\/logo.png\",\"width\":175,\"height\":55,\"caption\":\"Lifenatura\"},\"image\":{\"@id\":\"https:\\\/\\\/www.lifenatura.com\\\/es\\\/#\\\/schema\\\/logo\\\/image\\\/\"},\"sameAs\":[\"https:\\\/\\\/www.facebook.com\\\/lifenatura\",\"https:\\\/\\\/www.instagram.com\\\/lifenaturapt\\\/\"],\"hasMerchantReturnPolicy\":{\"@type\":\"MerchantReturnPolicy\",\"merchantReturnLink\":\"https:\\\/\\\/www.lifenatura.com\\\/termos-condicoes-lifenatura\\\/\"}}]}<\/script>\n<meta property=\"product:price:amount\" content=\"19.47\" \/>\n<meta property=\"product:price:currency\" content=\"EUR\" \/>\n<meta property=\"og:availability\" content=\"instock\" \/>\n<meta property=\"product:availability\" content=\"instock\" \/>\n<meta property=\"product:retailer_item_id\" content=\"5412360013760\" \/>\n<meta property=\"product:condition\" content=\"new\" \/>\n<!-- \/ Yoast SEO Premium plugin. -->","yoast_head_json":{"title":"Cardioplex Bio 75ml - Physalis - Na Lifenatura ao Melhor Pre\u00e7o | Envio em 48h","description":"Cardioplex Bio Physalis - f\u00f3rmula l\u00edquida ecol\u00f3gica con espino blanco, hoja de olivo, vid roja y ginkgo para un coraz\u00f3n y una circulaci\u00f3n sanos.","robots":{"index":"index","follow":"follow","max-snippet":"max-snippet:-1","max-image-preview":"max-image-preview:large","max-video-preview":"max-video-preview:-1"},"canonical":"https:\/\/www.lifenatura.com\/es\/produto\/cardioplex-bio-75ml-physalis\/","og_locale":"es_ES","og_type":"article","og_title":"Cardioplex Bio 75ml - Physalis - Na Lifenatura ao Melhor Pre\u00e7o | Envio 48h","og_description":"Compre Cardioplex Bio 75ml - Physalis com envio r\u00e1pido. Entrega em 48h e portes gr\u00e1tis em compras >35\u20ac. Aproveite j\u00e1 na Lifenatura","og_url":"https:\/\/www.lifenatura.com\/es\/produto\/cardioplex-bio-75ml-physalis\/","og_site_name":"Lifenatura","article_publisher":"https:\/\/www.facebook.com\/lifenatura","article_modified_time":"2025-12-03T19:44:14+00:00","og_image":[{"width":1000,"height":1000,"url":"https:\/\/www.lifenatura.com\/wp-content\/uploads\/2025\/10\/cardioplex-physalis.jpg","type":"image\/jpeg"}],"twitter_card":"summary_large_image","twitter_misc":{"Precio":"19,47&nbsp;&euro;","Disponibilidad":"Disponible"},"schema":{"@context":"https:\/\/schema.org","@graph":[{"@type":"WebPage","@id":"https:\/\/www.lifenatura.com\/es\/produto\/cardioplex-bio-75ml-physalis\/","url":"https:\/\/www.lifenatura.com\/es\/produto\/cardioplex-bio-75ml-physalis\/","name":"Cardioplex Bio 75ml - Physalis - Na Lifenatura ao Melhor Pre\u00e7o | Envio em 48h","isPartOf":{"@id":"https:\/\/www.lifenatura.com\/es\/#website"},"primaryImageOfPage":{"@id":"https:\/\/www.lifenatura.com\/es\/produto\/cardioplex-bio-75ml-physalis\/#primaryimage"},"image":{"@id":"https:\/\/www.lifenatura.com\/es\/produto\/cardioplex-bio-75ml-physalis\/#primaryimage"},"thumbnailUrl":"https:\/\/www.lifenatura.com\/wp-content\/uploads\/2025\/10\/cardioplex-physalis.jpg","datePublished":"2025-10-27T19:21:33+00:00","dateModified":"2025-12-03T19:44:14+00:00","description":"Cardioplex Bio Physalis - f\u00f3rmula l\u00edquida ecol\u00f3gica con espino blanco, hoja de olivo, vid roja y ginkgo para un coraz\u00f3n y una circulaci\u00f3n sanos.","breadcrumb":{"@id":"https:\/\/www.lifenatura.com\/es\/produto\/cardioplex-bio-75ml-physalis\/#breadcrumb"},"inLanguage":"es","potentialAction":[{"@type":"ReadAction","target":["https:\/\/www.lifenatura.com\/es\/produto\/cardioplex-bio-75ml-physalis\/"]}]},{"@type":"ImageObject","inLanguage":"es","@id":"https:\/\/www.lifenatura.com\/es\/produto\/cardioplex-bio-75ml-physalis\/#primaryimage","url":"https:\/\/www.lifenatura.com\/wp-content\/uploads\/2025\/10\/cardioplex-physalis.jpg","contentUrl":"https:\/\/www.lifenatura.com\/wp-content\/uploads\/2025\/10\/cardioplex-physalis.jpg","width":1000,"height":1000,"caption":"Cardioplex Physalis"},{"@type":"BreadcrumbList","@id":"https:\/\/www.lifenatura.com\/es\/produto\/cardioplex-bio-75ml-physalis\/#breadcrumb","itemListElement":[{"@type":"ListItem","position":1,"name":"In\u00edcio","item":"https:\/\/www.lifenatura.com\/es\/"},{"@type":"ListItem","position":2,"name":"Todos los Productos","item":"https:\/\/www.lifenatura.com\/es\/tienda\/"},{"@type":"ListItem","position":3,"name":"Cardioplex Bio 75ml &#8211; Physalis"}]},{"@type":"WebSite","@id":"https:\/\/www.lifenatura.com\/es\/#website","url":"https:\/\/www.lifenatura.com\/es\/","name":"Lifenatura","description":"A Lifenatura \u00e9 uma loja de produtos naturais, cosm\u00e9tica natural e alimenta\u00e7\u00e3o Biol\u00f3gica.","publisher":{"@id":"https:\/\/www.lifenatura.com\/es\/#organization"},"potentialAction":[{"@type":"SearchAction","target":{"@type":"EntryPoint","urlTemplate":"https:\/\/www.lifenatura.com\/es\/?s={search_term_string}"},"query-input":{"@type":"PropertyValueSpecification","valueRequired":true,"valueName":"search_term_string"}}],"inLanguage":"es"},{"@type":"Organization","@id":"https:\/\/www.lifenatura.com\/es\/#organization","name":"Lifenatura","url":"https:\/\/www.lifenatura.com\/es\/","logo":{"@type":"ImageObject","inLanguage":"es","@id":"https:\/\/www.lifenatura.com\/es\/#\/schema\/logo\/image\/","url":"https:\/\/www.lifenatura.com\/wp-content\/uploads\/2021\/07\/logo.png","contentUrl":"https:\/\/www.lifenatura.com\/wp-content\/uploads\/2021\/07\/logo.png","width":175,"height":55,"caption":"Lifenatura"},"image":{"@id":"https:\/\/www.lifenatura.com\/es\/#\/schema\/logo\/image\/"},"sameAs":["https:\/\/www.facebook.com\/lifenatura","https:\/\/www.instagram.com\/lifenaturapt\/"],"hasMerchantReturnPolicy":{"@type":"MerchantReturnPolicy","merchantReturnLink":"https:\/\/www.lifenatura.com\/termos-condicoes-lifenatura\/"}}]},"product_price_amount":"19.47","product_price_currency":"EUR","og_availability":"instock","product_availability":"instock","product_retailer_item_id":"5412360013760","product_condition":"new"},"df_price":19.47,"df_sale_price":"","df_regular_price":19.47,"df_image_link":"https:\/\/www.lifenatura.com\/wp-content\/uploads\/2025\/10\/cardioplex-physalis-300x300.jpg","_links":{"self":[{"href":"https:\/\/www.lifenatura.com\/es\/wp-json\/wp\/v2\/product\/122228","targetHints":{"allow":["GET"]}}],"collection":[{"href":"https:\/\/www.lifenatura.com\/es\/wp-json\/wp\/v2\/product"}],"about":[{"href":"https:\/\/www.lifenatura.com\/es\/wp-json\/wp\/v2\/types\/product"}],"wp:featuredmedia":[{"embeddable":true,"href":"https:\/\/www.lifenatura.com\/es\/wp-json\/wp\/v2\/media\/119867"}],"wp:attachment":[{"href":"https:\/\/www.lifenatura.com\/es\/wp-json\/wp\/v2\/media?parent=122228"}],"wp:term":[{"taxonomy":"product_brand","embeddable":true,"href":"https:\/\/www.lifenatura.com\/es\/wp-json\/wp\/v2\/product_brand?post=122228"},{"taxonomy":"product_cat","embeddable":true,"href":"https:\/\/www.lifenatura.com\/es\/wp-json\/wp\/v2\/product_cat?post=122228"},{"taxonomy":"product_tag","embeddable":true,"href":"https:\/\/www.lifenatura.com\/es\/wp-json\/wp\/v2\/product_tag?post=122228"}],"curies":[{"name":"wp","href":"https:\/\/api.w.org\/{rel}","templated":true}]}}