{"id":122227,"date":"2025-10-27T19:21:16","date_gmt":"2025-10-27T19:21:16","guid":{"rendered":"https:\/\/www.lifenatura.com\/produto\/te-verde-30-comprimidos-physalis\/"},"modified":"2025-12-03T19:51:07","modified_gmt":"2025-12-03T19:51:07","slug":"te-verde-30-comprimidos-physalis","status":"publish","type":"product","link":"https:\/\/www.lifenatura.com\/es\/produto\/te-verde-30-comprimidos-physalis\/","title":{"rendered":"T\u00e9 Verde 30 Comprimidos &#8211; Physalis"},"content":{"rendered":"<h2 style=\"text-align: left;\" data-start=\"0\" data-end=\"73\"><strong data-start=\"3\" data-end=\"73\">T\u00e9 verde vitalidad y la protecci\u00f3n antioxidante con Physalis<\/strong><\/h2>\n<p>&nbsp;<\/p>\n<p data-start=\"75\" data-end=\"579\"><strong data-start=\"77\" data-end=\"119\">El T\u00e9 Verde Physalis (30 comprimidos<\/strong> ) es un suplemento dise\u00f1ado para quienes desean beneficiarse de las propiedades naturales de esta planta milenaria, reconocida por su impacto positivo sobre el metabolismo, la vitalidad y la protecci\u00f3n antioxidante. El extracto de t\u00e9 verde (Camellia sinensis) es rico en catequinas y polifenoles -en particular EGCG-, compuestos que contribuyen a quemar grasas, mantener equilibrados los niveles de energ\u00eda y proteger las c\u00e9lulas contra el estr\u00e9s oxidativo.<\/p>\n<p data-start=\"581\" data-end=\"1033\">Physalis utiliza extractos concentrados de alta calidad, que garantizan un suplemento eficaz y f\u00e1cil de integrar en tu rutina diaria. El t\u00e9 verde es especialmente apreciado por las personas que buscan potenciar el control del peso, mantener la energ\u00eda a lo largo del d\u00eda o reducir el impacto de los radicales libres, que aceleran el envejecimiento celular. Su suave acci\u00f3n termog\u00e9nica hace de este suplemento una elecci\u00f3n natural para complementar un estilo de vida saludable.<\/p>\n<p data-start=\"1035\" data-end=\"1064\"><strong data-start=\"1039\" data-end=\"1064\">Principales ventajas<\/strong><\/p>\n<ul data-start=\"1065\" data-end=\"1577\">\n<li data-start=\"1065\" data-end=\"1155\">\n<p data-start=\"1067\" data-end=\"1155\"><strong data-start=\"1067\" data-end=\"1093\">Estimula el metabolismo<\/strong>, ayudando a promover la quema natural de grasas.<\/p>\n<\/li>\n<li data-start=\"1156\" data-end=\"1230\">\n<p data-start=\"1158\" data-end=\"1230\">Ayuda a <strong data-start=\"1173\" data-end=\"1195\">aumentar la energ\u00eda<\/strong> y la vitalidad a diario.<\/p>\n<\/li>\n<li data-start=\"1231\" data-end=\"1336\">\n<p data-start=\"1233\" data-end=\"1336\"><strong data-start=\"1238\" data-end=\"1262\">Intensa<\/strong> acci\u00f3n <strong data-start=\"1238\" data-end=\"1262\">antioxidante<\/strong>, que protege las c\u00e9lulas contra los radicales libres y el envejecimiento prematuro.<\/p>\n<\/li>\n<li data-start=\"1337\" data-end=\"1455\">\n<p data-start=\"1339\" data-end=\"1455\">Ayuda <strong data-start=\"1347\" data-end=\"1365\">a controlar el peso<\/strong>, sobre todo si se combina con una dieta equilibrada y ejercicio regular.<\/p>\n<\/li>\n<li data-start=\"1456\" data-end=\"1577\">\n<p data-start=\"1458\" data-end=\"1577\">Pr\u00e1ctica f\u00f3rmula en comprimidos, ideal para quienes buscan los beneficios del t\u00e9 verde en una forma concentrada y c\u00f3moda.<\/p>\n<\/li>\n<\/ul>\n<p data-start=\"1579\" data-end=\"1600\"><strong data-start=\"1583\" data-end=\"1600\">Adecuado para<\/strong><\/p>\n<p data-start=\"1601\" data-end=\"1650\">Este suplemento est\u00e1 recomendado para adultos que<\/p>\n<ul data-start=\"1651\" data-end=\"2046\">\n<li data-start=\"1651\" data-end=\"1726\">\n<p data-start=\"1653\" data-end=\"1726\">Su objetivo es estimular el metabolismo y apoyar un plan de control de peso.<\/p>\n<\/li>\n<li data-start=\"1727\" data-end=\"1809\">\n<p data-start=\"1729\" data-end=\"1809\">Sienten la necesidad de aumentar su energ\u00eda y combatir la fatiga f\u00edsica o mental.<\/p>\n<\/li>\n<li data-start=\"1810\" data-end=\"1879\">\n<p data-start=\"1812\" data-end=\"1879\">Valoran una s\u00f3lida protecci\u00f3n antioxidante para la salud celular.<\/p>\n<\/li>\n<li data-start=\"1880\" data-end=\"1966\">\n<p data-start=\"1882\" data-end=\"1966\">Quieren una alternativa pr\u00e1ctica al t\u00e9 verde tradicional, con una dosis estandarizada.<\/p>\n<\/li>\n<li data-start=\"1967\" data-end=\"2046\">\n<p data-start=\"1969\" data-end=\"2046\">Pretenden complementar un estilo de vida activo y una dieta equilibrada.<\/p>\n<\/li>\n<\/ul>\n<p><strong>Presentaci\u00f3n:<\/strong><\/p>\n<p>30 comprimidos.<\/p>\n<p>&nbsp;<\/p>\n","protected":false},"excerpt":{"rendered":"<p>T\u00e9 Verde Physalis &#8211; suplemento concentrado rico en antioxidantes y catequinas, ideal para el metabolismo activo, la energ\u00eda y el control del peso. [&#8230;]<\/p>\n<p><a class=\"btn btn-secondary understrap-read-more-link\" href=\"https:\/\/www.lifenatura.com\/es\/produto\/te-verde-30-comprimidos-physalis\/\">Leer m\u00e1s&#8230;<span class=\"screen-reader-text\"> from T\u00e9 Verde 30 Comprimidos &#8211; Physalis<\/span><\/a><\/p>\n","protected":false},"featured_media":119840,"template":"","meta":{"_acf_changed":false},"product_brand":[8318],"product_cat":[7190,7221,7659,7195,7179,7883,7159],"product_tag":[],"class_list":{"0":"post-122227","1":"product","2":"type-product","3":"status-publish","4":"has-post-thumbnail","6":"product_brand-physalis-es","7":"product_cat-adelgazar","8":"product_cat-sistema-circulatorio","9":"product_cat-ingrediente-natural-bio","10":"product_cat-quemagrasas","11":"product_cat-salud","12":"product_cat-suplementos-alimenticios","13":"product_cat-te-verde","15":"first","16":"instock","17":"shipping-taxable","18":"purchasable","19":"product-type-simple","20":"add-to-wishlist-before_image"},"acf":[],"yoast_head":"<!-- This site is optimized with the Yoast SEO Premium plugin v27.1 (Yoast SEO v27.5) - https:\/\/yoast.com\/product\/yoast-seo-premium-wordpress\/ -->\n<title>T\u00e9 Verde 30 Comprimidos - Physalis - Na Lifenatura ao Melhor Pre\u00e7o | Envio em 48h<\/title>\n<meta name=\"description\" content=\"T\u00e9 Verde Physalis - suplemento concentrado rico en antioxidantes y catequinas, ideal para el metabolismo activo, la energ\u00eda y el control del peso.\" \/>\n<meta name=\"robots\" content=\"index, follow, max-snippet:-1, max-image-preview:large, max-video-preview:-1\" \/>\n<link rel=\"canonical\" href=\"https:\/\/www.lifenatura.com\/es\/produto\/te-verde-30-comprimidos-physalis\/\" \/>\n<meta property=\"og:locale\" content=\"es_ES\" \/>\n<meta property=\"og:type\" content=\"article\" \/>\n<meta property=\"og:title\" content=\"T\u00e9 Verde 30 Comprimidos - Physalis - Na Lifenatura ao Melhor Pre\u00e7o | Envio 48h\" \/>\n<meta property=\"og:description\" content=\"Compre T\u00e9 Verde 30 Comprimidos - Physalis com envio r\u00e1pido. Entrega em 48h e portes gr\u00e1tis em compras &gt;35\u20ac. Aproveite j\u00e1 na Lifenatura\" \/>\n<meta property=\"og:url\" content=\"https:\/\/www.lifenatura.com\/es\/produto\/te-verde-30-comprimidos-physalis\/\" \/>\n<meta property=\"og:site_name\" content=\"Lifenatura\" \/>\n<meta property=\"article:publisher\" content=\"https:\/\/www.facebook.com\/lifenatura\" \/>\n<meta property=\"article:modified_time\" content=\"2025-12-03T19:51:07+00:00\" \/>\n<meta property=\"og:image\" content=\"https:\/\/www.lifenatura.com\/wp-content\/uploads\/2025\/10\/cha-verde-comprimidos-physalis.jpg\" \/>\n\t<meta property=\"og:image:width\" content=\"1000\" \/>\n\t<meta property=\"og:image:height\" content=\"1000\" \/>\n\t<meta property=\"og:image:type\" content=\"image\/jpeg\" \/>\n<meta name=\"twitter:card\" content=\"summary_large_image\" \/>\n<meta name=\"twitter:label1\" content=\"Precio\" \/>\n\t<meta name=\"twitter:data1\" content=\"16,29&nbsp;&euro;\" \/>\n\t<meta name=\"twitter:label2\" content=\"Disponibilidad\" \/>\n\t<meta name=\"twitter:data2\" content=\"Disponible\" \/>\n<script type=\"application\/ld+json\" class=\"yoast-schema-graph\">{\"@context\":\"https:\\\/\\\/schema.org\",\"@graph\":[{\"@type\":\"WebPage\",\"@id\":\"https:\\\/\\\/www.lifenatura.com\\\/es\\\/produto\\\/te-verde-30-comprimidos-physalis\\\/\",\"url\":\"https:\\\/\\\/www.lifenatura.com\\\/es\\\/produto\\\/te-verde-30-comprimidos-physalis\\\/\",\"name\":\"T\u00e9 Verde 30 Comprimidos - Physalis - Na Lifenatura ao Melhor Pre\u00e7o | Envio em 48h\",\"isPartOf\":{\"@id\":\"https:\\\/\\\/www.lifenatura.com\\\/es\\\/#website\"},\"primaryImageOfPage\":{\"@id\":\"https:\\\/\\\/www.lifenatura.com\\\/es\\\/produto\\\/te-verde-30-comprimidos-physalis\\\/#primaryimage\"},\"image\":{\"@id\":\"https:\\\/\\\/www.lifenatura.com\\\/es\\\/produto\\\/te-verde-30-comprimidos-physalis\\\/#primaryimage\"},\"thumbnailUrl\":\"https:\\\/\\\/www.lifenatura.com\\\/wp-content\\\/uploads\\\/2025\\\/10\\\/cha-verde-comprimidos-physalis.jpg\",\"datePublished\":\"2025-10-27T19:21:16+00:00\",\"dateModified\":\"2025-12-03T19:51:07+00:00\",\"description\":\"T\u00e9 Verde Physalis - suplemento concentrado rico en antioxidantes y catequinas, ideal para el metabolismo activo, la energ\u00eda y el control del peso.\",\"breadcrumb\":{\"@id\":\"https:\\\/\\\/www.lifenatura.com\\\/es\\\/produto\\\/te-verde-30-comprimidos-physalis\\\/#breadcrumb\"},\"inLanguage\":\"es\",\"potentialAction\":[{\"@type\":\"ReadAction\",\"target\":[\"https:\\\/\\\/www.lifenatura.com\\\/es\\\/produto\\\/te-verde-30-comprimidos-physalis\\\/\"]}]},{\"@type\":\"ImageObject\",\"inLanguage\":\"es\",\"@id\":\"https:\\\/\\\/www.lifenatura.com\\\/es\\\/produto\\\/te-verde-30-comprimidos-physalis\\\/#primaryimage\",\"url\":\"https:\\\/\\\/www.lifenatura.com\\\/wp-content\\\/uploads\\\/2025\\\/10\\\/cha-verde-comprimidos-physalis.jpg\",\"contentUrl\":\"https:\\\/\\\/www.lifenatura.com\\\/wp-content\\\/uploads\\\/2025\\\/10\\\/cha-verde-comprimidos-physalis.jpg\",\"width\":1000,\"height\":1000,\"caption\":\"T\u00e9 verde con pastillas de physalis\"},{\"@type\":\"BreadcrumbList\",\"@id\":\"https:\\\/\\\/www.lifenatura.com\\\/es\\\/produto\\\/te-verde-30-comprimidos-physalis\\\/#breadcrumb\",\"itemListElement\":[{\"@type\":\"ListItem\",\"position\":1,\"name\":\"In\u00edcio\",\"item\":\"https:\\\/\\\/www.lifenatura.com\\\/es\\\/\"},{\"@type\":\"ListItem\",\"position\":2,\"name\":\"Todos los Productos\",\"item\":\"https:\\\/\\\/www.lifenatura.com\\\/es\\\/tienda\\\/\"},{\"@type\":\"ListItem\",\"position\":3,\"name\":\"T\u00e9 Verde 30 Comprimidos &#8211; Physalis\"}]},{\"@type\":\"WebSite\",\"@id\":\"https:\\\/\\\/www.lifenatura.com\\\/es\\\/#website\",\"url\":\"https:\\\/\\\/www.lifenatura.com\\\/es\\\/\",\"name\":\"Lifenatura\",\"description\":\"A Lifenatura \u00e9 uma loja de produtos naturais, cosm\u00e9tica natural e alimenta\u00e7\u00e3o Biol\u00f3gica.\",\"publisher\":{\"@id\":\"https:\\\/\\\/www.lifenatura.com\\\/es\\\/#organization\"},\"potentialAction\":[{\"@type\":\"SearchAction\",\"target\":{\"@type\":\"EntryPoint\",\"urlTemplate\":\"https:\\\/\\\/www.lifenatura.com\\\/es\\\/?s={search_term_string}\"},\"query-input\":{\"@type\":\"PropertyValueSpecification\",\"valueRequired\":true,\"valueName\":\"search_term_string\"}}],\"inLanguage\":\"es\"},{\"@type\":\"Organization\",\"@id\":\"https:\\\/\\\/www.lifenatura.com\\\/es\\\/#organization\",\"name\":\"Lifenatura\",\"url\":\"https:\\\/\\\/www.lifenatura.com\\\/es\\\/\",\"logo\":{\"@type\":\"ImageObject\",\"inLanguage\":\"es\",\"@id\":\"https:\\\/\\\/www.lifenatura.com\\\/es\\\/#\\\/schema\\\/logo\\\/image\\\/\",\"url\":\"https:\\\/\\\/www.lifenatura.com\\\/wp-content\\\/uploads\\\/2021\\\/07\\\/logo.png\",\"contentUrl\":\"https:\\\/\\\/www.lifenatura.com\\\/wp-content\\\/uploads\\\/2021\\\/07\\\/logo.png\",\"width\":175,\"height\":55,\"caption\":\"Lifenatura\"},\"image\":{\"@id\":\"https:\\\/\\\/www.lifenatura.com\\\/es\\\/#\\\/schema\\\/logo\\\/image\\\/\"},\"sameAs\":[\"https:\\\/\\\/www.facebook.com\\\/lifenatura\",\"https:\\\/\\\/www.instagram.com\\\/lifenaturapt\\\/\"],\"hasMerchantReturnPolicy\":{\"@type\":\"MerchantReturnPolicy\",\"merchantReturnLink\":\"https:\\\/\\\/www.lifenatura.com\\\/termos-condicoes-lifenatura\\\/\"}}]}<\/script>\n<meta property=\"product:price:amount\" content=\"16.29\" \/>\n<meta property=\"product:price:currency\" content=\"EUR\" \/>\n<meta property=\"og:availability\" content=\"instock\" \/>\n<meta property=\"product:availability\" content=\"instock\" \/>\n<meta property=\"product:retailer_item_id\" content=\"5412360020812\" \/>\n<meta property=\"product:condition\" content=\"new\" \/>\n<!-- \/ Yoast SEO Premium plugin. -->","yoast_head_json":{"title":"T\u00e9 Verde 30 Comprimidos - Physalis - Na Lifenatura ao Melhor Pre\u00e7o | Envio em 48h","description":"T\u00e9 Verde Physalis - suplemento concentrado rico en antioxidantes y catequinas, ideal para el metabolismo activo, la energ\u00eda y el control del peso.","robots":{"index":"index","follow":"follow","max-snippet":"max-snippet:-1","max-image-preview":"max-image-preview:large","max-video-preview":"max-video-preview:-1"},"canonical":"https:\/\/www.lifenatura.com\/es\/produto\/te-verde-30-comprimidos-physalis\/","og_locale":"es_ES","og_type":"article","og_title":"T\u00e9 Verde 30 Comprimidos - Physalis - Na Lifenatura ao Melhor Pre\u00e7o | Envio 48h","og_description":"Compre T\u00e9 Verde 30 Comprimidos - Physalis com envio r\u00e1pido. Entrega em 48h e portes gr\u00e1tis em compras >35\u20ac. Aproveite j\u00e1 na Lifenatura","og_url":"https:\/\/www.lifenatura.com\/es\/produto\/te-verde-30-comprimidos-physalis\/","og_site_name":"Lifenatura","article_publisher":"https:\/\/www.facebook.com\/lifenatura","article_modified_time":"2025-12-03T19:51:07+00:00","og_image":[{"width":1000,"height":1000,"url":"https:\/\/www.lifenatura.com\/wp-content\/uploads\/2025\/10\/cha-verde-comprimidos-physalis.jpg","type":"image\/jpeg"}],"twitter_card":"summary_large_image","twitter_misc":{"Precio":"16,29&nbsp;&euro;","Disponibilidad":"Disponible"},"schema":{"@context":"https:\/\/schema.org","@graph":[{"@type":"WebPage","@id":"https:\/\/www.lifenatura.com\/es\/produto\/te-verde-30-comprimidos-physalis\/","url":"https:\/\/www.lifenatura.com\/es\/produto\/te-verde-30-comprimidos-physalis\/","name":"T\u00e9 Verde 30 Comprimidos - Physalis - Na Lifenatura ao Melhor Pre\u00e7o | Envio em 48h","isPartOf":{"@id":"https:\/\/www.lifenatura.com\/es\/#website"},"primaryImageOfPage":{"@id":"https:\/\/www.lifenatura.com\/es\/produto\/te-verde-30-comprimidos-physalis\/#primaryimage"},"image":{"@id":"https:\/\/www.lifenatura.com\/es\/produto\/te-verde-30-comprimidos-physalis\/#primaryimage"},"thumbnailUrl":"https:\/\/www.lifenatura.com\/wp-content\/uploads\/2025\/10\/cha-verde-comprimidos-physalis.jpg","datePublished":"2025-10-27T19:21:16+00:00","dateModified":"2025-12-03T19:51:07+00:00","description":"T\u00e9 Verde Physalis - suplemento concentrado rico en antioxidantes y catequinas, ideal para el metabolismo activo, la energ\u00eda y el control del peso.","breadcrumb":{"@id":"https:\/\/www.lifenatura.com\/es\/produto\/te-verde-30-comprimidos-physalis\/#breadcrumb"},"inLanguage":"es","potentialAction":[{"@type":"ReadAction","target":["https:\/\/www.lifenatura.com\/es\/produto\/te-verde-30-comprimidos-physalis\/"]}]},{"@type":"ImageObject","inLanguage":"es","@id":"https:\/\/www.lifenatura.com\/es\/produto\/te-verde-30-comprimidos-physalis\/#primaryimage","url":"https:\/\/www.lifenatura.com\/wp-content\/uploads\/2025\/10\/cha-verde-comprimidos-physalis.jpg","contentUrl":"https:\/\/www.lifenatura.com\/wp-content\/uploads\/2025\/10\/cha-verde-comprimidos-physalis.jpg","width":1000,"height":1000,"caption":"T\u00e9 verde con pastillas de physalis"},{"@type":"BreadcrumbList","@id":"https:\/\/www.lifenatura.com\/es\/produto\/te-verde-30-comprimidos-physalis\/#breadcrumb","itemListElement":[{"@type":"ListItem","position":1,"name":"In\u00edcio","item":"https:\/\/www.lifenatura.com\/es\/"},{"@type":"ListItem","position":2,"name":"Todos los Productos","item":"https:\/\/www.lifenatura.com\/es\/tienda\/"},{"@type":"ListItem","position":3,"name":"T\u00e9 Verde 30 Comprimidos &#8211; Physalis"}]},{"@type":"WebSite","@id":"https:\/\/www.lifenatura.com\/es\/#website","url":"https:\/\/www.lifenatura.com\/es\/","name":"Lifenatura","description":"A Lifenatura \u00e9 uma loja de produtos naturais, cosm\u00e9tica natural e alimenta\u00e7\u00e3o Biol\u00f3gica.","publisher":{"@id":"https:\/\/www.lifenatura.com\/es\/#organization"},"potentialAction":[{"@type":"SearchAction","target":{"@type":"EntryPoint","urlTemplate":"https:\/\/www.lifenatura.com\/es\/?s={search_term_string}"},"query-input":{"@type":"PropertyValueSpecification","valueRequired":true,"valueName":"search_term_string"}}],"inLanguage":"es"},{"@type":"Organization","@id":"https:\/\/www.lifenatura.com\/es\/#organization","name":"Lifenatura","url":"https:\/\/www.lifenatura.com\/es\/","logo":{"@type":"ImageObject","inLanguage":"es","@id":"https:\/\/www.lifenatura.com\/es\/#\/schema\/logo\/image\/","url":"https:\/\/www.lifenatura.com\/wp-content\/uploads\/2021\/07\/logo.png","contentUrl":"https:\/\/www.lifenatura.com\/wp-content\/uploads\/2021\/07\/logo.png","width":175,"height":55,"caption":"Lifenatura"},"image":{"@id":"https:\/\/www.lifenatura.com\/es\/#\/schema\/logo\/image\/"},"sameAs":["https:\/\/www.facebook.com\/lifenatura","https:\/\/www.instagram.com\/lifenaturapt\/"],"hasMerchantReturnPolicy":{"@type":"MerchantReturnPolicy","merchantReturnLink":"https:\/\/www.lifenatura.com\/termos-condicoes-lifenatura\/"}}]},"product_price_amount":"16.29","product_price_currency":"EUR","og_availability":"instock","product_availability":"instock","product_retailer_item_id":"5412360020812","product_condition":"new"},"df_price":16.29,"df_sale_price":"","df_regular_price":16.29,"df_image_link":"https:\/\/www.lifenatura.com\/wp-content\/uploads\/2025\/10\/cha-verde-comprimidos-physalis-300x300.jpg","_links":{"self":[{"href":"https:\/\/www.lifenatura.com\/es\/wp-json\/wp\/v2\/product\/122227","targetHints":{"allow":["GET"]}}],"collection":[{"href":"https:\/\/www.lifenatura.com\/es\/wp-json\/wp\/v2\/product"}],"about":[{"href":"https:\/\/www.lifenatura.com\/es\/wp-json\/wp\/v2\/types\/product"}],"wp:featuredmedia":[{"embeddable":true,"href":"https:\/\/www.lifenatura.com\/es\/wp-json\/wp\/v2\/media\/119840"}],"wp:attachment":[{"href":"https:\/\/www.lifenatura.com\/es\/wp-json\/wp\/v2\/media?parent=122227"}],"wp:term":[{"taxonomy":"product_brand","embeddable":true,"href":"https:\/\/www.lifenatura.com\/es\/wp-json\/wp\/v2\/product_brand?post=122227"},{"taxonomy":"product_cat","embeddable":true,"href":"https:\/\/www.lifenatura.com\/es\/wp-json\/wp\/v2\/product_cat?post=122227"},{"taxonomy":"product_tag","embeddable":true,"href":"https:\/\/www.lifenatura.com\/es\/wp-json\/wp\/v2\/product_tag?post=122227"}],"curies":[{"name":"wp","href":"https:\/\/api.w.org\/{rel}","templated":true}]}}