{"id":122226,"date":"2025-10-27T19:21:31","date_gmt":"2025-10-27T19:21:31","guid":{"rendered":"https:\/\/www.lifenatura.com\/produto\/cardio-q10-60-comprimidos-physalis\/"},"modified":"2025-12-03T19:45:08","modified_gmt":"2025-12-03T19:45:08","slug":"cardio-q10-60-comprimidos-physalis","status":"publish","type":"product","link":"https:\/\/www.lifenatura.com\/es\/produto\/cardio-q10-60-comprimidos-physalis\/","title":{"rendered":"Cardio Q10 60 Comprimidos &#8211; Physalis"},"content":{"rendered":"<h2 style=\"text-align: left;\" data-start=\"0\" data-end=\"87\"><strong data-start=\"3\" data-end=\"87\"><span class=\"entity-underline hover:entity-accent inline cursor-pointer align-baseline\"><span class=\"whitespace-normal\">Cardio Q10 para potenciar la salud cardiovascular<\/span><\/span> de Physalis<\/strong><\/h2>\n<p>&nbsp;<\/p>\n<p data-start=\"89\" data-end=\"592\">El suplemento Cardio Q10 de Physalis (60 comprimidos) es un complejo nutricional avanzado dise\u00f1ado para potenciar la salud cardiovascular y favorecer el funcionamiento del sistema circulatorio en su conjunto. Esta f\u00f3rmula combina ingredientes de primera calidad como la coenzima Q10, extracto de hoja de olivo (rico en oleurope\u00edna), espino blanco, trans-resveratrol, astaxantina, semillas de uva, as\u00ed como vitaminas y minerales como B1, C, E, K2, magnesio, selenio y potasio.<\/p>\n<p data-start=\"594\" data-end=\"1153\">Cada comprimido contribuye al funcionamiento normal del coraz\u00f3n, manteniendo una tensi\u00f3n arterial sana y protegiendo las c\u00e9lulas contra el estr\u00e9s oxidativo. Por ejemplo, el extracto de hoja de olivo y el potasio ayudan a mantener una tensi\u00f3n arterial normal, mientras que la vitamina K2 y el magnesio complementan la f\u00f3rmula reforzando el sistema vascular y los m\u00fasculos card\u00edacos. La ingesta recomendada suele ser de un comprimido dos veces al d\u00eda, durante las comidas, con agua.<\/p>\n<p data-start=\"1155\" data-end=\"1184\"><strong data-start=\"1159\" data-end=\"1184\">Principales ventajas<\/strong><\/p>\n<ul data-start=\"1185\" data-end=\"1971\">\n<li data-start=\"1185\" data-end=\"1337\">\n<p data-start=\"1187\" data-end=\"1337\">Favorece <strong data-start=\"1195\" data-end=\"1230\">la funci\u00f3n card\u00edaca<\/strong> normal ofreciendo nutrientes espec\u00edficos que favorecen la salud del coraz\u00f3n.<\/p>\n<\/li>\n<li data-start=\"1338\" data-end=\"1495\">\n<p data-start=\"1340\" data-end=\"1495\">Contribuye a <strong data-start=\"1357\" data-end=\"1402\">mantener una tensi\u00f3n arterial normal<\/strong> gracias al potasio y al extracto de hoja de olivo.<\/p>\n<\/li>\n<li data-start=\"1496\" data-end=\"1669\">\n<p data-start=\"1498\" data-end=\"1669\">Ayuda a proteger las c\u00e9lulas contra <strong data-start=\"1535\" data-end=\"1555\">el estr\u00e9s oxidativo<\/strong> con la combinaci\u00f3n de Q10, astaxantina, selenio y vitaminas antioxidantes.<\/p>\n<\/li>\n<li data-start=\"1670\" data-end=\"1833\">\n<p data-start=\"1672\" data-end=\"1833\">Ofrece <strong data-start=\"1680\" data-end=\"1707\">un apoyo vascular global<\/strong>, reforzando la funci\u00f3n de los vasos sangu\u00edneos y la circulaci\u00f3n con ingredientes sin\u00e9rgicos.<\/p>\n<\/li>\n<li data-start=\"1834\" data-end=\"1971\">\n<p data-start=\"1836\" data-end=\"1971\">Formato tableta, f\u00e1cil de integrar en la rutina diaria, ideal para adultos que valoran un enfoque preventivo y de calidad.<\/p>\n<\/li>\n<\/ul>\n<p data-start=\"1973\" data-end=\"1994\"><strong data-start=\"1977\" data-end=\"1994\">Adecuado para<\/strong><\/p>\n<p data-start=\"1995\" data-end=\"2036\">Este suplemento est\u00e1 destinado a adultos que<\/p>\n<ul data-start=\"2037\" data-end=\"2463\">\n<li data-start=\"2037\" data-end=\"2133\">\n<p data-start=\"2039\" data-end=\"2133\">Quieren potenciar la salud cardiovascular, la circulaci\u00f3n y el bienestar general del sistema circulatorio.<\/p>\n<\/li>\n<li data-start=\"2134\" data-end=\"2261\">\n<p data-start=\"2136\" data-end=\"2261\">Se encuentran en fases de mayor exigencia para el coraz\u00f3n, por ejemplo, una dieta rica en grasas, un estilo de vida sedentario o mucho estr\u00e9s.<\/p>\n<\/li>\n<li data-start=\"2262\" data-end=\"2376\">\n<p data-start=\"2264\" data-end=\"2376\">Buscan una f\u00f3rmula nutricional completa, con varios nutrientes clave combinados para actuar sin\u00e9rgicamente.<\/p>\n<\/li>\n<li data-start=\"2377\" data-end=\"2463\">\n<p data-start=\"2379\" data-end=\"2463\">Valoran la prevenci\u00f3n y quieren integrar un suplemento de calidad en su rutina diaria.<\/p>\n<\/li>\n<\/ul>\n<p><strong>Presentaci\u00f3n:<\/strong><\/p>\n<p>60 comprimidos.<\/p>\n<p>&nbsp;<\/p>\n","protected":false},"excerpt":{"rendered":"<p>Cardio Q10 60 comprimidos de Physalis &#8211; suplemento con coenzima Q10, extracto de hoja de olivo y vitaminas para el apoyo cardiovascular y la tensi\u00f3n arterial. [&#8230;]<\/p>\n<p><a class=\"btn btn-secondary understrap-read-more-link\" href=\"https:\/\/www.lifenatura.com\/es\/produto\/cardio-q10-60-comprimidos-physalis\/\">Leer m\u00e1s&#8230;<span class=\"screen-reader-text\"> from Cardio Q10 60 Comprimidos &#8211; Physalis<\/span><\/a><\/p>\n","protected":false},"featured_media":119865,"template":"","meta":{"_acf_changed":false},"product_brand":[8318],"product_cat":[7221,7179,7883],"product_tag":[],"class_list":{"0":"post-122226","1":"product","2":"type-product","3":"status-publish","4":"has-post-thumbnail","6":"product_brand-physalis-es","7":"product_cat-sistema-circulatorio","8":"product_cat-salud","9":"product_cat-suplementos-alimenticios","11":"first","12":"instock","13":"shipping-taxable","14":"purchasable","15":"product-type-simple","16":"add-to-wishlist-before_image"},"acf":[],"yoast_head":"<!-- This site is optimized with the Yoast SEO Premium plugin v27.1 (Yoast SEO v27.5) - https:\/\/yoast.com\/product\/yoast-seo-premium-wordpress\/ -->\n<title>Cardio Q10 60 Comprimidos - Physalis - Na Lifenatura ao Melhor Pre\u00e7o | Envio em 48h<\/title>\n<meta name=\"description\" content=\"Cardio Q10 60 comprimidos de Physalis con coenzima Q10, extracto de hoja de olivo y vitaminas para el apoyo cardiovascular y la tensi\u00f3n arterial.\" \/>\n<meta name=\"robots\" content=\"index, follow, max-snippet:-1, max-image-preview:large, max-video-preview:-1\" \/>\n<link rel=\"canonical\" href=\"https:\/\/www.lifenatura.com\/es\/produto\/cardio-q10-60-comprimidos-physalis\/\" \/>\n<meta property=\"og:locale\" content=\"es_ES\" \/>\n<meta property=\"og:type\" content=\"article\" \/>\n<meta property=\"og:title\" content=\"Cardio Q10 60 Comprimidos - Physalis - Na Lifenatura ao Melhor Pre\u00e7o | Envio 48h\" \/>\n<meta property=\"og:description\" content=\"Compre Cardio Q10 60 Comprimidos - Physalis com envio r\u00e1pido. Entrega em 48h e portes gr\u00e1tis em compras &gt;35\u20ac. Aproveite j\u00e1 na Lifenatura\" \/>\n<meta property=\"og:url\" content=\"https:\/\/www.lifenatura.com\/es\/produto\/cardio-q10-60-comprimidos-physalis\/\" \/>\n<meta property=\"og:site_name\" content=\"Lifenatura\" \/>\n<meta property=\"article:publisher\" content=\"https:\/\/www.facebook.com\/lifenatura\" \/>\n<meta property=\"article:modified_time\" content=\"2025-12-03T19:45:08+00:00\" \/>\n<meta property=\"og:image\" content=\"https:\/\/www.lifenatura.com\/wp-content\/uploads\/2025\/10\/cardio-q10-physalis.jpg\" \/>\n\t<meta property=\"og:image:width\" content=\"1000\" \/>\n\t<meta property=\"og:image:height\" content=\"1000\" \/>\n\t<meta property=\"og:image:type\" content=\"image\/jpeg\" \/>\n<meta name=\"twitter:card\" content=\"summary_large_image\" \/>\n<meta name=\"twitter:label1\" content=\"Precio\" \/>\n\t<meta name=\"twitter:data1\" content=\"38,15&nbsp;&euro;\" \/>\n\t<meta name=\"twitter:label2\" content=\"Disponibilidad\" \/>\n\t<meta name=\"twitter:data2\" content=\"Disponible\" \/>\n<script type=\"application\/ld+json\" class=\"yoast-schema-graph\">{\"@context\":\"https:\\\/\\\/schema.org\",\"@graph\":[{\"@type\":\"WebPage\",\"@id\":\"https:\\\/\\\/www.lifenatura.com\\\/es\\\/produto\\\/cardio-q10-60-comprimidos-physalis\\\/\",\"url\":\"https:\\\/\\\/www.lifenatura.com\\\/es\\\/produto\\\/cardio-q10-60-comprimidos-physalis\\\/\",\"name\":\"Cardio Q10 60 Comprimidos - Physalis - Na Lifenatura ao Melhor Pre\u00e7o | Envio em 48h\",\"isPartOf\":{\"@id\":\"https:\\\/\\\/www.lifenatura.com\\\/es\\\/#website\"},\"primaryImageOfPage\":{\"@id\":\"https:\\\/\\\/www.lifenatura.com\\\/es\\\/produto\\\/cardio-q10-60-comprimidos-physalis\\\/#primaryimage\"},\"image\":{\"@id\":\"https:\\\/\\\/www.lifenatura.com\\\/es\\\/produto\\\/cardio-q10-60-comprimidos-physalis\\\/#primaryimage\"},\"thumbnailUrl\":\"https:\\\/\\\/www.lifenatura.com\\\/wp-content\\\/uploads\\\/2025\\\/10\\\/cardio-q10-physalis.jpg\",\"datePublished\":\"2025-10-27T19:21:31+00:00\",\"dateModified\":\"2025-12-03T19:45:08+00:00\",\"description\":\"Cardio Q10 60 comprimidos de Physalis con coenzima Q10, extracto de hoja de olivo y vitaminas para el apoyo cardiovascular y la tensi\u00f3n arterial.\",\"breadcrumb\":{\"@id\":\"https:\\\/\\\/www.lifenatura.com\\\/es\\\/produto\\\/cardio-q10-60-comprimidos-physalis\\\/#breadcrumb\"},\"inLanguage\":\"es\",\"potentialAction\":[{\"@type\":\"ReadAction\",\"target\":[\"https:\\\/\\\/www.lifenatura.com\\\/es\\\/produto\\\/cardio-q10-60-comprimidos-physalis\\\/\"]}]},{\"@type\":\"ImageObject\",\"inLanguage\":\"es\",\"@id\":\"https:\\\/\\\/www.lifenatura.com\\\/es\\\/produto\\\/cardio-q10-60-comprimidos-physalis\\\/#primaryimage\",\"url\":\"https:\\\/\\\/www.lifenatura.com\\\/wp-content\\\/uploads\\\/2025\\\/10\\\/cardio-q10-physalis.jpg\",\"contentUrl\":\"https:\\\/\\\/www.lifenatura.com\\\/wp-content\\\/uploads\\\/2025\\\/10\\\/cardio-q10-physalis.jpg\",\"width\":1000,\"height\":1000,\"caption\":\"Cardio Q10 Physalis\"},{\"@type\":\"BreadcrumbList\",\"@id\":\"https:\\\/\\\/www.lifenatura.com\\\/es\\\/produto\\\/cardio-q10-60-comprimidos-physalis\\\/#breadcrumb\",\"itemListElement\":[{\"@type\":\"ListItem\",\"position\":1,\"name\":\"In\u00edcio\",\"item\":\"https:\\\/\\\/www.lifenatura.com\\\/es\\\/\"},{\"@type\":\"ListItem\",\"position\":2,\"name\":\"Todos los Productos\",\"item\":\"https:\\\/\\\/www.lifenatura.com\\\/es\\\/tienda\\\/\"},{\"@type\":\"ListItem\",\"position\":3,\"name\":\"Cardio Q10 60 Comprimidos &#8211; Physalis\"}]},{\"@type\":\"WebSite\",\"@id\":\"https:\\\/\\\/www.lifenatura.com\\\/es\\\/#website\",\"url\":\"https:\\\/\\\/www.lifenatura.com\\\/es\\\/\",\"name\":\"Lifenatura\",\"description\":\"A Lifenatura \u00e9 uma loja de produtos naturais, cosm\u00e9tica natural e alimenta\u00e7\u00e3o Biol\u00f3gica.\",\"publisher\":{\"@id\":\"https:\\\/\\\/www.lifenatura.com\\\/es\\\/#organization\"},\"potentialAction\":[{\"@type\":\"SearchAction\",\"target\":{\"@type\":\"EntryPoint\",\"urlTemplate\":\"https:\\\/\\\/www.lifenatura.com\\\/es\\\/?s={search_term_string}\"},\"query-input\":{\"@type\":\"PropertyValueSpecification\",\"valueRequired\":true,\"valueName\":\"search_term_string\"}}],\"inLanguage\":\"es\"},{\"@type\":\"Organization\",\"@id\":\"https:\\\/\\\/www.lifenatura.com\\\/es\\\/#organization\",\"name\":\"Lifenatura\",\"url\":\"https:\\\/\\\/www.lifenatura.com\\\/es\\\/\",\"logo\":{\"@type\":\"ImageObject\",\"inLanguage\":\"es\",\"@id\":\"https:\\\/\\\/www.lifenatura.com\\\/es\\\/#\\\/schema\\\/logo\\\/image\\\/\",\"url\":\"https:\\\/\\\/www.lifenatura.com\\\/wp-content\\\/uploads\\\/2021\\\/07\\\/logo.png\",\"contentUrl\":\"https:\\\/\\\/www.lifenatura.com\\\/wp-content\\\/uploads\\\/2021\\\/07\\\/logo.png\",\"width\":175,\"height\":55,\"caption\":\"Lifenatura\"},\"image\":{\"@id\":\"https:\\\/\\\/www.lifenatura.com\\\/es\\\/#\\\/schema\\\/logo\\\/image\\\/\"},\"sameAs\":[\"https:\\\/\\\/www.facebook.com\\\/lifenatura\",\"https:\\\/\\\/www.instagram.com\\\/lifenaturapt\\\/\"],\"hasMerchantReturnPolicy\":{\"@type\":\"MerchantReturnPolicy\",\"merchantReturnLink\":\"https:\\\/\\\/www.lifenatura.com\\\/termos-condicoes-lifenatura\\\/\"}}]}<\/script>\n<meta property=\"product:price:amount\" content=\"38.15\" \/>\n<meta property=\"product:price:currency\" content=\"EUR\" \/>\n<meta property=\"og:availability\" content=\"instock\" \/>\n<meta property=\"product:availability\" content=\"instock\" \/>\n<meta property=\"product:retailer_item_id\" content=\"5412360008377\" \/>\n<meta property=\"product:condition\" content=\"new\" \/>\n<!-- \/ Yoast SEO Premium plugin. -->","yoast_head_json":{"title":"Cardio Q10 60 Comprimidos - Physalis - Na Lifenatura ao Melhor Pre\u00e7o | Envio em 48h","description":"Cardio Q10 60 comprimidos de Physalis con coenzima Q10, extracto de hoja de olivo y vitaminas para el apoyo cardiovascular y la tensi\u00f3n arterial.","robots":{"index":"index","follow":"follow","max-snippet":"max-snippet:-1","max-image-preview":"max-image-preview:large","max-video-preview":"max-video-preview:-1"},"canonical":"https:\/\/www.lifenatura.com\/es\/produto\/cardio-q10-60-comprimidos-physalis\/","og_locale":"es_ES","og_type":"article","og_title":"Cardio Q10 60 Comprimidos - Physalis - Na Lifenatura ao Melhor Pre\u00e7o | Envio 48h","og_description":"Compre Cardio Q10 60 Comprimidos - Physalis com envio r\u00e1pido. Entrega em 48h e portes gr\u00e1tis em compras >35\u20ac. Aproveite j\u00e1 na Lifenatura","og_url":"https:\/\/www.lifenatura.com\/es\/produto\/cardio-q10-60-comprimidos-physalis\/","og_site_name":"Lifenatura","article_publisher":"https:\/\/www.facebook.com\/lifenatura","article_modified_time":"2025-12-03T19:45:08+00:00","og_image":[{"width":1000,"height":1000,"url":"https:\/\/www.lifenatura.com\/wp-content\/uploads\/2025\/10\/cardio-q10-physalis.jpg","type":"image\/jpeg"}],"twitter_card":"summary_large_image","twitter_misc":{"Precio":"38,15&nbsp;&euro;","Disponibilidad":"Disponible"},"schema":{"@context":"https:\/\/schema.org","@graph":[{"@type":"WebPage","@id":"https:\/\/www.lifenatura.com\/es\/produto\/cardio-q10-60-comprimidos-physalis\/","url":"https:\/\/www.lifenatura.com\/es\/produto\/cardio-q10-60-comprimidos-physalis\/","name":"Cardio Q10 60 Comprimidos - Physalis - Na Lifenatura ao Melhor Pre\u00e7o | Envio em 48h","isPartOf":{"@id":"https:\/\/www.lifenatura.com\/es\/#website"},"primaryImageOfPage":{"@id":"https:\/\/www.lifenatura.com\/es\/produto\/cardio-q10-60-comprimidos-physalis\/#primaryimage"},"image":{"@id":"https:\/\/www.lifenatura.com\/es\/produto\/cardio-q10-60-comprimidos-physalis\/#primaryimage"},"thumbnailUrl":"https:\/\/www.lifenatura.com\/wp-content\/uploads\/2025\/10\/cardio-q10-physalis.jpg","datePublished":"2025-10-27T19:21:31+00:00","dateModified":"2025-12-03T19:45:08+00:00","description":"Cardio Q10 60 comprimidos de Physalis con coenzima Q10, extracto de hoja de olivo y vitaminas para el apoyo cardiovascular y la tensi\u00f3n arterial.","breadcrumb":{"@id":"https:\/\/www.lifenatura.com\/es\/produto\/cardio-q10-60-comprimidos-physalis\/#breadcrumb"},"inLanguage":"es","potentialAction":[{"@type":"ReadAction","target":["https:\/\/www.lifenatura.com\/es\/produto\/cardio-q10-60-comprimidos-physalis\/"]}]},{"@type":"ImageObject","inLanguage":"es","@id":"https:\/\/www.lifenatura.com\/es\/produto\/cardio-q10-60-comprimidos-physalis\/#primaryimage","url":"https:\/\/www.lifenatura.com\/wp-content\/uploads\/2025\/10\/cardio-q10-physalis.jpg","contentUrl":"https:\/\/www.lifenatura.com\/wp-content\/uploads\/2025\/10\/cardio-q10-physalis.jpg","width":1000,"height":1000,"caption":"Cardio Q10 Physalis"},{"@type":"BreadcrumbList","@id":"https:\/\/www.lifenatura.com\/es\/produto\/cardio-q10-60-comprimidos-physalis\/#breadcrumb","itemListElement":[{"@type":"ListItem","position":1,"name":"In\u00edcio","item":"https:\/\/www.lifenatura.com\/es\/"},{"@type":"ListItem","position":2,"name":"Todos los Productos","item":"https:\/\/www.lifenatura.com\/es\/tienda\/"},{"@type":"ListItem","position":3,"name":"Cardio Q10 60 Comprimidos &#8211; Physalis"}]},{"@type":"WebSite","@id":"https:\/\/www.lifenatura.com\/es\/#website","url":"https:\/\/www.lifenatura.com\/es\/","name":"Lifenatura","description":"A Lifenatura \u00e9 uma loja de produtos naturais, cosm\u00e9tica natural e alimenta\u00e7\u00e3o Biol\u00f3gica.","publisher":{"@id":"https:\/\/www.lifenatura.com\/es\/#organization"},"potentialAction":[{"@type":"SearchAction","target":{"@type":"EntryPoint","urlTemplate":"https:\/\/www.lifenatura.com\/es\/?s={search_term_string}"},"query-input":{"@type":"PropertyValueSpecification","valueRequired":true,"valueName":"search_term_string"}}],"inLanguage":"es"},{"@type":"Organization","@id":"https:\/\/www.lifenatura.com\/es\/#organization","name":"Lifenatura","url":"https:\/\/www.lifenatura.com\/es\/","logo":{"@type":"ImageObject","inLanguage":"es","@id":"https:\/\/www.lifenatura.com\/es\/#\/schema\/logo\/image\/","url":"https:\/\/www.lifenatura.com\/wp-content\/uploads\/2021\/07\/logo.png","contentUrl":"https:\/\/www.lifenatura.com\/wp-content\/uploads\/2021\/07\/logo.png","width":175,"height":55,"caption":"Lifenatura"},"image":{"@id":"https:\/\/www.lifenatura.com\/es\/#\/schema\/logo\/image\/"},"sameAs":["https:\/\/www.facebook.com\/lifenatura","https:\/\/www.instagram.com\/lifenaturapt\/"],"hasMerchantReturnPolicy":{"@type":"MerchantReturnPolicy","merchantReturnLink":"https:\/\/www.lifenatura.com\/termos-condicoes-lifenatura\/"}}]},"product_price_amount":"38.15","product_price_currency":"EUR","og_availability":"instock","product_availability":"instock","product_retailer_item_id":"5412360008377","product_condition":"new"},"df_price":38.15,"df_sale_price":"","df_regular_price":38.15,"df_image_link":"https:\/\/www.lifenatura.com\/wp-content\/uploads\/2025\/10\/cardio-q10-physalis-300x300.jpg","_links":{"self":[{"href":"https:\/\/www.lifenatura.com\/es\/wp-json\/wp\/v2\/product\/122226","targetHints":{"allow":["GET"]}}],"collection":[{"href":"https:\/\/www.lifenatura.com\/es\/wp-json\/wp\/v2\/product"}],"about":[{"href":"https:\/\/www.lifenatura.com\/es\/wp-json\/wp\/v2\/types\/product"}],"wp:featuredmedia":[{"embeddable":true,"href":"https:\/\/www.lifenatura.com\/es\/wp-json\/wp\/v2\/media\/119865"}],"wp:attachment":[{"href":"https:\/\/www.lifenatura.com\/es\/wp-json\/wp\/v2\/media?parent=122226"}],"wp:term":[{"taxonomy":"product_brand","embeddable":true,"href":"https:\/\/www.lifenatura.com\/es\/wp-json\/wp\/v2\/product_brand?post=122226"},{"taxonomy":"product_cat","embeddable":true,"href":"https:\/\/www.lifenatura.com\/es\/wp-json\/wp\/v2\/product_cat?post=122226"},{"taxonomy":"product_tag","embeddable":true,"href":"https:\/\/www.lifenatura.com\/es\/wp-json\/wp\/v2\/product_tag?post=122226"}],"curies":[{"name":"wp","href":"https:\/\/api.w.org\/{rel}","templated":true}]}}