{"id":122225,"date":"2025-10-27T19:21:13","date_gmt":"2025-10-27T19:21:13","guid":{"rendered":"https:\/\/www.lifenatura.com\/produto\/quemagrasas-bio-30-comprimidos-physalis\/"},"modified":"2025-12-03T19:57:24","modified_gmt":"2025-12-03T19:57:24","slug":"quemagrasas-bio-30-comprimidos-physalis","status":"publish","type":"product","link":"https:\/\/www.lifenatura.com\/es\/produto\/quemagrasas-bio-30-comprimidos-physalis\/","title":{"rendered":"Quemagrasas Bio 30 Comprimidos &#8211; Physalis"},"content":{"rendered":"<h2 style=\"text-align: left;\" data-start=\"0\" data-end=\"74\"><strong data-start=\"3\" data-end=\"74\">Quemagrasas Bio favorecer el metabolismo de las grasas Physalis<\/strong><\/h2>\n<p>&nbsp;<\/p>\n<p data-start=\"76\" data-end=\"585\">El suplemento <strong data-start=\"89\" data-end=\"163\">Quemagrasas Bio de Physalis (30 comprimidos<\/strong> ) es una f\u00f3rmula termog\u00e9nica dise\u00f1ada para favorecer el metabolismo de las grasas y contribuir al control del peso junto con una dieta equilibrada y actividad f\u00edsica. Su composici\u00f3n incluye extractos 100% org\u00e1nicos, concretamente t\u00e9 verde (Camellia sinensis), caf\u00e9 verde (Coffea canephora &#8211; Svetol\u00ae) y extracto de guindilla, que favorecen la activaci\u00f3n metab\u00f3lica y la termog\u00e9nesis.<\/p>\n<p data-start=\"587\" data-end=\"1155\">El t\u00e9 verde destaca por su contenido en catequinas y EGCG, que ayudan a acelerar el metabolismo de los l\u00edpidos. El caf\u00e9 verde, estandarizado en una f\u00f3rmula basada en los \u00e1cidos clorog\u00e9nico y 5-cafeoilqu\u00ednico, ha demostrado su eficacia para favorecer la reducci\u00f3n de la grasa corporal. El extracto de guindilla contribuye a la termog\u00e9nesis, aumentando el gasto energ\u00e9tico. Esta combinaci\u00f3n de ingredientes activos promueve una acci\u00f3n sin\u00e9rgica dirigida a quienes buscan dar un impulso extra a su control de peso y definici\u00f3n corporal.<\/p>\n<p data-start=\"1157\" data-end=\"1186\"><strong data-start=\"1161\" data-end=\"1186\">Principales ventajas<\/strong><\/p>\n<ul data-start=\"1187\" data-end=\"1800\">\n<li data-start=\"1187\" data-end=\"1318\">\n<p data-start=\"1189\" data-end=\"1318\">Favorece el <strong data-start=\"1197\" data-end=\"1225\">metabolismo de las grasas<\/strong>, facilitando su utilizaci\u00f3n como fuente de energ\u00eda.<\/p>\n<\/li>\n<li data-start=\"1319\" data-end=\"1465\">\n<p data-start=\"1321\" data-end=\"1465\">Ayuda a <strong data-start=\"1338\" data-end=\"1367\">controlar el peso corporal<\/strong> cuando se combina con una dieta equilibrada y ejercicio.<\/p>\n<\/li>\n<li data-start=\"1466\" data-end=\"1593\">\n<p data-start=\"1468\" data-end=\"1593\">Estimula <strong data-start=\"1479\" data-end=\"1494\">la termog\u00e9nesis<\/strong>, ya que la presencia de guindilla aumenta el gasto energ\u00e9tico.<\/p>\n<\/li>\n<li data-start=\"1594\" data-end=\"1712\">\n<p data-start=\"1596\" data-end=\"1712\">F\u00f3rmula ecol\u00f3gica de calidad, ideal para quienes buscan suplementos vegetales sin aditivos artificiales.<\/p>\n<\/li>\n<li data-start=\"1713\" data-end=\"1800\">\n<p data-start=\"1715\" data-end=\"1800\">Suplemento f\u00e1cil de integrar en un plan nutricional activo, con una ingesta diaria pr\u00e1ctica.<\/p>\n<\/li>\n<\/ul>\n<p data-start=\"1802\" data-end=\"1823\"><strong data-start=\"1806\" data-end=\"1823\">Adecuado para<\/strong><\/p>\n<p data-start=\"1824\" data-end=\"1870\">Este suplemento es adecuado para adultos que<\/p>\n<ul data-start=\"1871\" data-end=\"2247\">\n<li data-start=\"1871\" data-end=\"1945\">\n<p data-start=\"1873\" data-end=\"1945\">Su objetivo es favorecer de forma natural el adelgazamiento o la definici\u00f3n corporal.<\/p>\n<\/li>\n<li data-start=\"1946\" data-end=\"2057\">\n<p data-start=\"1948\" data-end=\"2057\">Quieren potenciar su metabolismo como complemento de una dieta sana y una actividad f\u00edsica regular.<\/p>\n<\/li>\n<li data-start=\"2058\" data-end=\"2132\">\n<p data-start=\"2060\" data-end=\"2132\">Favorecen las f\u00f3rmulas org\u00e1nicas con ingredientes termog\u00e9nicos naturales.<\/p>\n<\/li>\n<li data-start=\"2133\" data-end=\"2247\">\n<p data-start=\"2135\" data-end=\"2247\">Buscan una soluci\u00f3n eficaz, pr\u00e1ctica y orientada al cuerpo dentro de un estilo de vida saludable.<\/p>\n<\/li>\n<\/ul>\n<p><strong>Presentaci\u00f3n:<\/strong><\/p>\n<p>30 comprimidos.<\/p>\n<p>&nbsp;<\/p>\n","protected":false},"excerpt":{"rendered":"<p>Quemagrasas Bio Physalis &#8211; suplemento termog\u00e9nico con t\u00e9 verde, caf\u00e9 verde y extracto de guindilla para activar el metabolismo y controlar el peso. [&#8230;]<\/p>\n<p><a class=\"btn btn-secondary understrap-read-more-link\" href=\"https:\/\/www.lifenatura.com\/es\/produto\/quemagrasas-bio-30-comprimidos-physalis\/\">Leer m\u00e1s&#8230;<span class=\"screen-reader-text\"> from Quemagrasas Bio 30 Comprimidos &#8211; Physalis<\/span><\/a><\/p>\n","protected":false},"featured_media":119834,"template":"","meta":{"_acf_changed":false},"product_brand":[8318],"product_cat":[7190,7674,7659,7195,7179],"product_tag":[],"class_list":{"0":"post-122225","1":"product","2":"type-product","3":"status-publish","4":"has-post-thumbnail","6":"product_brand-physalis-es","7":"product_cat-adelgazar","8":"product_cat-cafe-verde-bio","9":"product_cat-ingrediente-natural-bio","10":"product_cat-quemagrasas","11":"product_cat-salud","13":"first","14":"instock","15":"shipping-taxable","16":"purchasable","17":"product-type-simple","18":"add-to-wishlist-before_image"},"acf":[],"yoast_head":"<!-- This site is optimized with the Yoast SEO Premium plugin v27.1 (Yoast SEO v27.5) - https:\/\/yoast.com\/product\/yoast-seo-premium-wordpress\/ -->\n<title>Quemagrasas Bio 30 Comprimidos - Physalis - Na Lifenatura ao Melhor Pre\u00e7o | Envio em 48h<\/title>\n<meta name=\"description\" content=\"Quemagrasas Bio Physalis - suplemento termog\u00e9nico con t\u00e9 verde, caf\u00e9 verde y extracto de guindilla para activar el metabolismo y controlar el peso.\" \/>\n<meta name=\"robots\" content=\"index, follow, max-snippet:-1, max-image-preview:large, max-video-preview:-1\" \/>\n<link rel=\"canonical\" href=\"https:\/\/www.lifenatura.com\/es\/produto\/quemagrasas-bio-30-comprimidos-physalis\/\" \/>\n<meta property=\"og:locale\" content=\"es_ES\" \/>\n<meta property=\"og:type\" content=\"article\" \/>\n<meta property=\"og:title\" content=\"Quemagrasas Bio 30 Comprimidos - Physalis - Na Lifenatura ao Melhor Pre\u00e7o | Envio 48h\" \/>\n<meta property=\"og:description\" content=\"Compre Quemagrasas Bio 30 Comprimidos - Physalis com envio r\u00e1pido. Entrega em 48h e portes gr\u00e1tis em compras &gt;35\u20ac. Aproveite j\u00e1 na Lifenatura\" \/>\n<meta property=\"og:url\" content=\"https:\/\/www.lifenatura.com\/es\/produto\/quemagrasas-bio-30-comprimidos-physalis\/\" \/>\n<meta property=\"og:site_name\" content=\"Lifenatura\" \/>\n<meta property=\"article:publisher\" content=\"https:\/\/www.facebook.com\/lifenatura\" \/>\n<meta property=\"article:modified_time\" content=\"2025-12-03T19:57:24+00:00\" \/>\n<meta property=\"og:image\" content=\"https:\/\/www.lifenatura.com\/wp-content\/uploads\/2025\/10\/fat-burner-comprimidos-physalis.jpg\" \/>\n\t<meta property=\"og:image:width\" content=\"1000\" \/>\n\t<meta property=\"og:image:height\" content=\"1000\" \/>\n\t<meta property=\"og:image:type\" content=\"image\/jpeg\" \/>\n<meta name=\"twitter:card\" content=\"summary_large_image\" \/>\n<meta name=\"twitter:label1\" content=\"Precio\" \/>\n\t<meta name=\"twitter:data1\" content=\"20,03&nbsp;&euro;\" \/>\n\t<meta name=\"twitter:label2\" content=\"Disponibilidad\" \/>\n\t<meta name=\"twitter:data2\" content=\"Disponible\" \/>\n<script type=\"application\/ld+json\" class=\"yoast-schema-graph\">{\"@context\":\"https:\\\/\\\/schema.org\",\"@graph\":[{\"@type\":\"WebPage\",\"@id\":\"https:\\\/\\\/www.lifenatura.com\\\/es\\\/produto\\\/quemagrasas-bio-30-comprimidos-physalis\\\/\",\"url\":\"https:\\\/\\\/www.lifenatura.com\\\/es\\\/produto\\\/quemagrasas-bio-30-comprimidos-physalis\\\/\",\"name\":\"Quemagrasas Bio 30 Comprimidos - Physalis - Na Lifenatura ao Melhor Pre\u00e7o | Envio em 48h\",\"isPartOf\":{\"@id\":\"https:\\\/\\\/www.lifenatura.com\\\/es\\\/#website\"},\"primaryImageOfPage\":{\"@id\":\"https:\\\/\\\/www.lifenatura.com\\\/es\\\/produto\\\/quemagrasas-bio-30-comprimidos-physalis\\\/#primaryimage\"},\"image\":{\"@id\":\"https:\\\/\\\/www.lifenatura.com\\\/es\\\/produto\\\/quemagrasas-bio-30-comprimidos-physalis\\\/#primaryimage\"},\"thumbnailUrl\":\"https:\\\/\\\/www.lifenatura.com\\\/wp-content\\\/uploads\\\/2025\\\/10\\\/fat-burner-comprimidos-physalis.jpg\",\"datePublished\":\"2025-10-27T19:21:13+00:00\",\"dateModified\":\"2025-12-03T19:57:24+00:00\",\"description\":\"Quemagrasas Bio Physalis - suplemento termog\u00e9nico con t\u00e9 verde, caf\u00e9 verde y extracto de guindilla para activar el metabolismo y controlar el peso.\",\"breadcrumb\":{\"@id\":\"https:\\\/\\\/www.lifenatura.com\\\/es\\\/produto\\\/quemagrasas-bio-30-comprimidos-physalis\\\/#breadcrumb\"},\"inLanguage\":\"es\",\"potentialAction\":[{\"@type\":\"ReadAction\",\"target\":[\"https:\\\/\\\/www.lifenatura.com\\\/es\\\/produto\\\/quemagrasas-bio-30-comprimidos-physalis\\\/\"]}]},{\"@type\":\"ImageObject\",\"inLanguage\":\"es\",\"@id\":\"https:\\\/\\\/www.lifenatura.com\\\/es\\\/produto\\\/quemagrasas-bio-30-comprimidos-physalis\\\/#primaryimage\",\"url\":\"https:\\\/\\\/www.lifenatura.com\\\/wp-content\\\/uploads\\\/2025\\\/10\\\/fat-burner-comprimidos-physalis.jpg\",\"contentUrl\":\"https:\\\/\\\/www.lifenatura.com\\\/wp-content\\\/uploads\\\/2025\\\/10\\\/fat-burner-comprimidos-physalis.jpg\",\"width\":1000,\"height\":1000,\"caption\":\"Quemagrasas comprimidos physalis\"},{\"@type\":\"BreadcrumbList\",\"@id\":\"https:\\\/\\\/www.lifenatura.com\\\/es\\\/produto\\\/quemagrasas-bio-30-comprimidos-physalis\\\/#breadcrumb\",\"itemListElement\":[{\"@type\":\"ListItem\",\"position\":1,\"name\":\"In\u00edcio\",\"item\":\"https:\\\/\\\/www.lifenatura.com\\\/es\\\/\"},{\"@type\":\"ListItem\",\"position\":2,\"name\":\"Todos los Productos\",\"item\":\"https:\\\/\\\/www.lifenatura.com\\\/es\\\/tienda\\\/\"},{\"@type\":\"ListItem\",\"position\":3,\"name\":\"Quemagrasas Bio 30 Comprimidos &#8211; Physalis\"}]},{\"@type\":\"WebSite\",\"@id\":\"https:\\\/\\\/www.lifenatura.com\\\/es\\\/#website\",\"url\":\"https:\\\/\\\/www.lifenatura.com\\\/es\\\/\",\"name\":\"Lifenatura\",\"description\":\"A Lifenatura \u00e9 uma loja de produtos naturais, cosm\u00e9tica natural e alimenta\u00e7\u00e3o Biol\u00f3gica.\",\"publisher\":{\"@id\":\"https:\\\/\\\/www.lifenatura.com\\\/es\\\/#organization\"},\"potentialAction\":[{\"@type\":\"SearchAction\",\"target\":{\"@type\":\"EntryPoint\",\"urlTemplate\":\"https:\\\/\\\/www.lifenatura.com\\\/es\\\/?s={search_term_string}\"},\"query-input\":{\"@type\":\"PropertyValueSpecification\",\"valueRequired\":true,\"valueName\":\"search_term_string\"}}],\"inLanguage\":\"es\"},{\"@type\":\"Organization\",\"@id\":\"https:\\\/\\\/www.lifenatura.com\\\/es\\\/#organization\",\"name\":\"Lifenatura\",\"url\":\"https:\\\/\\\/www.lifenatura.com\\\/es\\\/\",\"logo\":{\"@type\":\"ImageObject\",\"inLanguage\":\"es\",\"@id\":\"https:\\\/\\\/www.lifenatura.com\\\/es\\\/#\\\/schema\\\/logo\\\/image\\\/\",\"url\":\"https:\\\/\\\/www.lifenatura.com\\\/wp-content\\\/uploads\\\/2021\\\/07\\\/logo.png\",\"contentUrl\":\"https:\\\/\\\/www.lifenatura.com\\\/wp-content\\\/uploads\\\/2021\\\/07\\\/logo.png\",\"width\":175,\"height\":55,\"caption\":\"Lifenatura\"},\"image\":{\"@id\":\"https:\\\/\\\/www.lifenatura.com\\\/es\\\/#\\\/schema\\\/logo\\\/image\\\/\"},\"sameAs\":[\"https:\\\/\\\/www.facebook.com\\\/lifenatura\",\"https:\\\/\\\/www.instagram.com\\\/lifenaturapt\\\/\"],\"hasMerchantReturnPolicy\":{\"@type\":\"MerchantReturnPolicy\",\"merchantReturnLink\":\"https:\\\/\\\/www.lifenatura.com\\\/termos-condicoes-lifenatura\\\/\"}}]}<\/script>\n<meta property=\"product:price:amount\" content=\"20.03\" \/>\n<meta property=\"product:price:currency\" content=\"EUR\" \/>\n<meta property=\"og:availability\" content=\"instock\" \/>\n<meta property=\"product:availability\" content=\"instock\" \/>\n<meta property=\"product:retailer_item_id\" content=\"5412360000821\" \/>\n<meta property=\"product:condition\" content=\"new\" \/>\n<!-- \/ Yoast SEO Premium plugin. -->","yoast_head_json":{"title":"Quemagrasas Bio 30 Comprimidos - Physalis - Na Lifenatura ao Melhor Pre\u00e7o | Envio em 48h","description":"Quemagrasas Bio Physalis - suplemento termog\u00e9nico con t\u00e9 verde, caf\u00e9 verde y extracto de guindilla para activar el metabolismo y controlar el peso.","robots":{"index":"index","follow":"follow","max-snippet":"max-snippet:-1","max-image-preview":"max-image-preview:large","max-video-preview":"max-video-preview:-1"},"canonical":"https:\/\/www.lifenatura.com\/es\/produto\/quemagrasas-bio-30-comprimidos-physalis\/","og_locale":"es_ES","og_type":"article","og_title":"Quemagrasas Bio 30 Comprimidos - Physalis - Na Lifenatura ao Melhor Pre\u00e7o | Envio 48h","og_description":"Compre Quemagrasas Bio 30 Comprimidos - Physalis com envio r\u00e1pido. Entrega em 48h e portes gr\u00e1tis em compras >35\u20ac. Aproveite j\u00e1 na Lifenatura","og_url":"https:\/\/www.lifenatura.com\/es\/produto\/quemagrasas-bio-30-comprimidos-physalis\/","og_site_name":"Lifenatura","article_publisher":"https:\/\/www.facebook.com\/lifenatura","article_modified_time":"2025-12-03T19:57:24+00:00","og_image":[{"width":1000,"height":1000,"url":"https:\/\/www.lifenatura.com\/wp-content\/uploads\/2025\/10\/fat-burner-comprimidos-physalis.jpg","type":"image\/jpeg"}],"twitter_card":"summary_large_image","twitter_misc":{"Precio":"20,03&nbsp;&euro;","Disponibilidad":"Disponible"},"schema":{"@context":"https:\/\/schema.org","@graph":[{"@type":"WebPage","@id":"https:\/\/www.lifenatura.com\/es\/produto\/quemagrasas-bio-30-comprimidos-physalis\/","url":"https:\/\/www.lifenatura.com\/es\/produto\/quemagrasas-bio-30-comprimidos-physalis\/","name":"Quemagrasas Bio 30 Comprimidos - Physalis - Na Lifenatura ao Melhor Pre\u00e7o | Envio em 48h","isPartOf":{"@id":"https:\/\/www.lifenatura.com\/es\/#website"},"primaryImageOfPage":{"@id":"https:\/\/www.lifenatura.com\/es\/produto\/quemagrasas-bio-30-comprimidos-physalis\/#primaryimage"},"image":{"@id":"https:\/\/www.lifenatura.com\/es\/produto\/quemagrasas-bio-30-comprimidos-physalis\/#primaryimage"},"thumbnailUrl":"https:\/\/www.lifenatura.com\/wp-content\/uploads\/2025\/10\/fat-burner-comprimidos-physalis.jpg","datePublished":"2025-10-27T19:21:13+00:00","dateModified":"2025-12-03T19:57:24+00:00","description":"Quemagrasas Bio Physalis - suplemento termog\u00e9nico con t\u00e9 verde, caf\u00e9 verde y extracto de guindilla para activar el metabolismo y controlar el peso.","breadcrumb":{"@id":"https:\/\/www.lifenatura.com\/es\/produto\/quemagrasas-bio-30-comprimidos-physalis\/#breadcrumb"},"inLanguage":"es","potentialAction":[{"@type":"ReadAction","target":["https:\/\/www.lifenatura.com\/es\/produto\/quemagrasas-bio-30-comprimidos-physalis\/"]}]},{"@type":"ImageObject","inLanguage":"es","@id":"https:\/\/www.lifenatura.com\/es\/produto\/quemagrasas-bio-30-comprimidos-physalis\/#primaryimage","url":"https:\/\/www.lifenatura.com\/wp-content\/uploads\/2025\/10\/fat-burner-comprimidos-physalis.jpg","contentUrl":"https:\/\/www.lifenatura.com\/wp-content\/uploads\/2025\/10\/fat-burner-comprimidos-physalis.jpg","width":1000,"height":1000,"caption":"Quemagrasas comprimidos physalis"},{"@type":"BreadcrumbList","@id":"https:\/\/www.lifenatura.com\/es\/produto\/quemagrasas-bio-30-comprimidos-physalis\/#breadcrumb","itemListElement":[{"@type":"ListItem","position":1,"name":"In\u00edcio","item":"https:\/\/www.lifenatura.com\/es\/"},{"@type":"ListItem","position":2,"name":"Todos los Productos","item":"https:\/\/www.lifenatura.com\/es\/tienda\/"},{"@type":"ListItem","position":3,"name":"Quemagrasas Bio 30 Comprimidos &#8211; Physalis"}]},{"@type":"WebSite","@id":"https:\/\/www.lifenatura.com\/es\/#website","url":"https:\/\/www.lifenatura.com\/es\/","name":"Lifenatura","description":"A Lifenatura \u00e9 uma loja de produtos naturais, cosm\u00e9tica natural e alimenta\u00e7\u00e3o Biol\u00f3gica.","publisher":{"@id":"https:\/\/www.lifenatura.com\/es\/#organization"},"potentialAction":[{"@type":"SearchAction","target":{"@type":"EntryPoint","urlTemplate":"https:\/\/www.lifenatura.com\/es\/?s={search_term_string}"},"query-input":{"@type":"PropertyValueSpecification","valueRequired":true,"valueName":"search_term_string"}}],"inLanguage":"es"},{"@type":"Organization","@id":"https:\/\/www.lifenatura.com\/es\/#organization","name":"Lifenatura","url":"https:\/\/www.lifenatura.com\/es\/","logo":{"@type":"ImageObject","inLanguage":"es","@id":"https:\/\/www.lifenatura.com\/es\/#\/schema\/logo\/image\/","url":"https:\/\/www.lifenatura.com\/wp-content\/uploads\/2021\/07\/logo.png","contentUrl":"https:\/\/www.lifenatura.com\/wp-content\/uploads\/2021\/07\/logo.png","width":175,"height":55,"caption":"Lifenatura"},"image":{"@id":"https:\/\/www.lifenatura.com\/es\/#\/schema\/logo\/image\/"},"sameAs":["https:\/\/www.facebook.com\/lifenatura","https:\/\/www.instagram.com\/lifenaturapt\/"],"hasMerchantReturnPolicy":{"@type":"MerchantReturnPolicy","merchantReturnLink":"https:\/\/www.lifenatura.com\/termos-condicoes-lifenatura\/"}}]},"product_price_amount":"20.03","product_price_currency":"EUR","og_availability":"instock","product_availability":"instock","product_retailer_item_id":"5412360000821","product_condition":"new"},"df_price":20.03,"df_sale_price":"","df_regular_price":20.03,"df_image_link":"https:\/\/www.lifenatura.com\/wp-content\/uploads\/2025\/10\/fat-burner-comprimidos-physalis-300x300.jpg","_links":{"self":[{"href":"https:\/\/www.lifenatura.com\/es\/wp-json\/wp\/v2\/product\/122225","targetHints":{"allow":["GET"]}}],"collection":[{"href":"https:\/\/www.lifenatura.com\/es\/wp-json\/wp\/v2\/product"}],"about":[{"href":"https:\/\/www.lifenatura.com\/es\/wp-json\/wp\/v2\/types\/product"}],"wp:featuredmedia":[{"embeddable":true,"href":"https:\/\/www.lifenatura.com\/es\/wp-json\/wp\/v2\/media\/119834"}],"wp:attachment":[{"href":"https:\/\/www.lifenatura.com\/es\/wp-json\/wp\/v2\/media?parent=122225"}],"wp:term":[{"taxonomy":"product_brand","embeddable":true,"href":"https:\/\/www.lifenatura.com\/es\/wp-json\/wp\/v2\/product_brand?post=122225"},{"taxonomy":"product_cat","embeddable":true,"href":"https:\/\/www.lifenatura.com\/es\/wp-json\/wp\/v2\/product_cat?post=122225"},{"taxonomy":"product_tag","embeddable":true,"href":"https:\/\/www.lifenatura.com\/es\/wp-json\/wp\/v2\/product_tag?post=122225"}],"curies":[{"name":"wp","href":"https:\/\/api.w.org\/{rel}","templated":true}]}}