{"id":122224,"date":"2025-10-27T19:21:28","date_gmt":"2025-10-27T19:21:28","guid":{"rendered":"https:\/\/www.lifenatura.com\/produto\/ajo-negro-30-comprimidos-physalis\/"},"modified":"2025-12-03T19:47:50","modified_gmt":"2025-12-03T19:47:50","slug":"ajo-negro-30-comprimidos-physalis","status":"publish","type":"product","link":"https:\/\/www.lifenatura.com\/es\/produto\/ajo-negro-30-comprimidos-physalis\/","title":{"rendered":"Ajo Negro 30 Comprimidos &#8211; Physalis"},"content":{"rendered":"<h2 style=\"text-align: left;\" data-start=\"0\" data-end=\"64\"><strong data-start=\"3\" data-end=\"64\">Ajo negro apoyar la salud cardiovascular con Physalis<\/strong><\/h2>\n<p>&nbsp;<\/p>\n<p data-start=\"66\" data-end=\"680\"><strong data-start=\"68\" data-end=\"111\">El Ajo Negro Physalis (30 comprimidos<\/strong> ) es un suplemento dise\u00f1ado para quienes buscan apoyar la salud cardiovascular mediante una soluci\u00f3n natural, eficaz y bien tolerada. Obtenido mediante un proceso de fermentaci\u00f3n controlada del ajo tradicional, el ajo negro se vuelve m\u00e1s concentrado en compuestos activos como la S-alilciste\u00edna (SAC), conocida por su alta biodisponibilidad y su contribuci\u00f3n al equilibrio del colesterol, la circulaci\u00f3n y el bienestar general. Adem\u00e1s, este proceso confiere al ajo un sabor m\u00e1s suave y elimina su fuerte olor caracter\u00edstico, lo que facilita su consumo diario.<\/p>\n<p data-start=\"682\" data-end=\"1067\">Este suplemento destaca por su acci\u00f3n antioxidante reforzada, que ayuda a proteger las c\u00e9lulas contra el da\u00f1o oxidativo, que puede afectar al sistema cardiovascular. Physalis, marca reconocida por su calidad en el campo de los suplementos naturales, ofrece una f\u00f3rmula pura y concentrada, adecuada para quienes desean reforzar la protecci\u00f3n de los vasos sangu\u00edneos y mantener estables sus niveles de energ\u00eda.<\/p>\n<p data-start=\"1069\" data-end=\"1098\"><strong data-start=\"1073\" data-end=\"1098\">Principales ventajas<\/strong><\/p>\n<ul data-start=\"1099\" data-end=\"1591\">\n<li data-start=\"1099\" data-end=\"1201\">\n<p data-start=\"1101\" data-end=\"1201\">Contribuye al <strong data-start=\"1118\" data-end=\"1146\">bienestar cardiovascular<\/strong> favoreciendo la salud del coraz\u00f3n y los vasos sangu\u00edneos.<\/p>\n<\/li>\n<li data-start=\"1202\" data-end=\"1314\">\n<p data-start=\"1204\" data-end=\"1314\">Ayuda a <strong data-start=\"1213\" data-end=\"1264\">mantener equilibrados los niveles de colesterol<\/strong>, contribuyendo a un perfil lip\u00eddico saludable.<\/p>\n<\/li>\n<li data-start=\"1315\" data-end=\"1420\">\n<p data-start=\"1317\" data-end=\"1420\"><strong data-start=\"1322\" data-end=\"1347\">Potente<\/strong> acci\u00f3n <strong data-start=\"1322\" data-end=\"1347\">antioxidante<\/strong> gracias a la concentraci\u00f3n de compuestos activos resultantes de la fermentaci\u00f3n.<\/p>\n<\/li>\n<li data-start=\"1421\" data-end=\"1531\">\n<p data-start=\"1423\" data-end=\"1531\">Favorece <strong data-start=\"1431\" data-end=\"1464\">una circulaci\u00f3n sangu\u00ednea adecuada<\/strong>, reduciendo la sensaci\u00f3n de cansancio y favoreciendo la vitalidad diaria.<\/p>\n<\/li>\n<li data-start=\"1532\" data-end=\"1591\">\n<p data-start=\"1534\" data-end=\"1591\">F\u00f3rmula inodora y f\u00e1cil de tomar, ideal para uso regular.<\/p>\n<\/li>\n<\/ul>\n<p data-start=\"1593\" data-end=\"1614\"><strong data-start=\"1597\" data-end=\"1614\">Adecuado para<\/strong><\/p>\n<p data-start=\"1615\" data-end=\"1661\">Este suplemento es adecuado para adultos que<\/p>\n<ul data-start=\"1662\" data-end=\"1994\">\n<li data-start=\"1662\" data-end=\"1734\">\n<p data-start=\"1664\" data-end=\"1734\">Quieren potenciar su salud cardiovascular de forma natural y continuada.<\/p>\n<\/li>\n<li data-start=\"1735\" data-end=\"1815\">\n<p data-start=\"1737\" data-end=\"1815\">Buscan una alternativa al ajo tradicional que sea m\u00e1s suave, eficaz e inodora.<\/p>\n<\/li>\n<li data-start=\"1816\" data-end=\"1888\">\n<p data-start=\"1818\" data-end=\"1888\">Su objetivo es favorecer la circulaci\u00f3n y mantener niveles normales de colesterol.<\/p>\n<\/li>\n<li data-start=\"1889\" data-end=\"1994\">\n<p data-start=\"1891\" data-end=\"1994\">Valoran las soluciones naturales como complemento de una dieta equilibrada y un estilo de vida sano.<\/p>\n<\/li>\n<\/ul>\n<p><strong>Presentaci\u00f3n:<\/strong><\/p>\n<p>30 comprimidos.<\/p>\n<p>&nbsp;<\/p>\n","protected":false},"excerpt":{"rendered":"<p>Physalis Ajo Negro &#8211; apoyo cardiovascular natural, con acci\u00f3n antioxidante y ayuda a mantener el colesterol. F\u00f3rmula inodora. [&#8230;]<\/p>\n<p><a class=\"btn btn-secondary understrap-read-more-link\" href=\"https:\/\/www.lifenatura.com\/es\/produto\/ajo-negro-30-comprimidos-physalis\/\">Leer m\u00e1s&#8230;<span class=\"screen-reader-text\"> from Ajo Negro 30 Comprimidos &#8211; Physalis<\/span><\/a><\/p>\n","protected":false},"featured_media":119871,"template":"","meta":{"_acf_changed":false},"product_brand":[8318],"product_cat":[7147,7221,7222,7659,7179,7883],"product_tag":[],"class_list":{"0":"post-122224","1":"product","2":"type-product","3":"status-publish","4":"has-post-thumbnail","6":"product_brand-physalis-es","7":"product_cat-ajo","8":"product_cat-sistema-circulatorio","9":"product_cat-colesterol-salud","10":"product_cat-ingrediente-natural-bio","11":"product_cat-salud","12":"product_cat-suplementos-alimenticios","14":"first","15":"instock","16":"shipping-taxable","17":"purchasable","18":"product-type-simple","19":"add-to-wishlist-before_image"},"acf":[],"yoast_head":"<!-- This site is optimized with the Yoast SEO Premium plugin v27.1 (Yoast SEO v27.4) - https:\/\/yoast.com\/product\/yoast-seo-premium-wordpress\/ -->\n<title>Ajo Negro 30 Comprimidos - Physalis - Lifenatura<\/title>\n<meta name=\"description\" content=\"Physalis Ajo Negro - apoyo cardiovascular natural, con acci\u00f3n antioxidante y ayuda a mantener el colesterol. F\u00f3rmula inodora.\" \/>\n<meta name=\"robots\" content=\"index, follow, max-snippet:-1, max-image-preview:large, max-video-preview:-1\" \/>\n<link rel=\"canonical\" href=\"https:\/\/www.lifenatura.com\/es\/produto\/ajo-negro-30-comprimidos-physalis\/\" \/>\n<meta property=\"og:locale\" content=\"es_ES\" \/>\n<meta property=\"og:type\" content=\"article\" \/>\n<meta property=\"og:title\" content=\"Ajo Negro 30 Comprimidos - Physalis - Lifenatura\" \/>\n<meta property=\"og:description\" content=\"Compre aqui o seu Ajo Negro 30 Comprimidos - Physalis e a Lifenatura Online envia em 48 H com Portes Gratis &gt;35\u20ac de Pedido.\" \/>\n<meta property=\"og:url\" content=\"https:\/\/www.lifenatura.com\/es\/produto\/ajo-negro-30-comprimidos-physalis\/\" \/>\n<meta property=\"og:site_name\" content=\"Lifenatura\" \/>\n<meta property=\"article:publisher\" content=\"https:\/\/www.facebook.com\/lifenatura\" \/>\n<meta property=\"article:modified_time\" content=\"2025-12-03T19:47:50+00:00\" \/>\n<meta property=\"og:image\" content=\"https:\/\/www.lifenatura.com\/wp-content\/uploads\/2025\/10\/alho-negro-fermentado-physalis.jpg\" \/>\n\t<meta property=\"og:image:width\" content=\"1000\" \/>\n\t<meta property=\"og:image:height\" content=\"1000\" \/>\n\t<meta property=\"og:image:type\" content=\"image\/jpeg\" \/>\n<meta name=\"twitter:card\" content=\"summary_large_image\" \/>\n<meta name=\"twitter:label1\" content=\"Precio\" \/>\n\t<meta name=\"twitter:data1\" content=\"20,21&nbsp;&euro;\" \/>\n\t<meta name=\"twitter:label2\" content=\"Disponibilidad\" \/>\n\t<meta name=\"twitter:data2\" content=\"Disponible\" \/>\n<meta property=\"product:price:amount\" content=\"20.21\" \/>\n<meta property=\"product:price:currency\" content=\"EUR\" \/>\n<meta property=\"og:availability\" content=\"instock\" \/>\n<meta property=\"product:availability\" content=\"instock\" \/>\n<meta property=\"product:retailer_item_id\" content=\"5412360022618\" \/>\n<meta property=\"product:condition\" content=\"new\" \/>\n<!-- \/ Yoast SEO Premium plugin. -->","yoast_head_json":{"title":"Ajo Negro 30 Comprimidos - Physalis - Lifenatura","description":"Physalis Ajo Negro - apoyo cardiovascular natural, con acci\u00f3n antioxidante y ayuda a mantener el colesterol. F\u00f3rmula inodora.","robots":{"index":"index","follow":"follow","max-snippet":"max-snippet:-1","max-image-preview":"max-image-preview:large","max-video-preview":"max-video-preview:-1"},"canonical":"https:\/\/www.lifenatura.com\/es\/produto\/ajo-negro-30-comprimidos-physalis\/","og_locale":"es_ES","og_type":"article","og_title":"Ajo Negro 30 Comprimidos - Physalis - Lifenatura","og_description":"Compre aqui o seu Ajo Negro 30 Comprimidos - Physalis e a Lifenatura Online envia em 48 H com Portes Gratis >35\u20ac de Pedido.","og_url":"https:\/\/www.lifenatura.com\/es\/produto\/ajo-negro-30-comprimidos-physalis\/","og_site_name":"Lifenatura","article_publisher":"https:\/\/www.facebook.com\/lifenatura","article_modified_time":"2025-12-03T19:47:50+00:00","og_image":[{"width":1000,"height":1000,"url":"https:\/\/www.lifenatura.com\/wp-content\/uploads\/2025\/10\/alho-negro-fermentado-physalis.jpg","type":"image\/jpeg"}],"twitter_card":"summary_large_image","twitter_misc":{"Precio":"20,21&nbsp;&euro;","Disponibilidad":"Disponible"},"schema":{"@context":"https:\/\/schema.org","@graph":[{"@type":"WebPage","@id":"https:\/\/www.lifenatura.com\/es\/produto\/ajo-negro-30-comprimidos-physalis\/","url":"https:\/\/www.lifenatura.com\/es\/produto\/ajo-negro-30-comprimidos-physalis\/","name":"Ajo Negro 30 Comprimidos - Physalis - Lifenatura","isPartOf":{"@id":"https:\/\/www.lifenatura.com\/es\/#website"},"primaryImageOfPage":{"@id":"https:\/\/www.lifenatura.com\/es\/produto\/ajo-negro-30-comprimidos-physalis\/#primaryimage"},"image":{"@id":"https:\/\/www.lifenatura.com\/es\/produto\/ajo-negro-30-comprimidos-physalis\/#primaryimage"},"thumbnailUrl":"https:\/\/www.lifenatura.com\/wp-content\/uploads\/2025\/10\/alho-negro-fermentado-physalis.jpg","datePublished":"2025-10-27T19:21:28+00:00","dateModified":"2025-12-03T19:47:50+00:00","description":"Physalis Ajo Negro - apoyo cardiovascular natural, con acci\u00f3n antioxidante y ayuda a mantener el colesterol. F\u00f3rmula inodora.","breadcrumb":{"@id":"https:\/\/www.lifenatura.com\/es\/produto\/ajo-negro-30-comprimidos-physalis\/#breadcrumb"},"inLanguage":"es","potentialAction":[{"@type":"ReadAction","target":["https:\/\/www.lifenatura.com\/es\/produto\/ajo-negro-30-comprimidos-physalis\/"]}]},{"@type":"ImageObject","inLanguage":"es","@id":"https:\/\/www.lifenatura.com\/es\/produto\/ajo-negro-30-comprimidos-physalis\/#primaryimage","url":"https:\/\/www.lifenatura.com\/wp-content\/uploads\/2025\/10\/alho-negro-fermentado-physalis.jpg","contentUrl":"https:\/\/www.lifenatura.com\/wp-content\/uploads\/2025\/10\/alho-negro-fermentado-physalis.jpg","width":1000,"height":1000,"caption":"Ajo negro fermentado Physalis"},{"@type":"BreadcrumbList","@id":"https:\/\/www.lifenatura.com\/es\/produto\/ajo-negro-30-comprimidos-physalis\/#breadcrumb","itemListElement":[{"@type":"ListItem","position":1,"name":"In\u00edcio","item":"https:\/\/www.lifenatura.com\/es\/"},{"@type":"ListItem","position":2,"name":"Todos los Productos","item":"https:\/\/www.lifenatura.com\/es\/tienda\/"},{"@type":"ListItem","position":3,"name":"Ajo Negro 30 Comprimidos &#8211; Physalis"}]},{"@type":"WebSite","@id":"https:\/\/www.lifenatura.com\/es\/#website","url":"https:\/\/www.lifenatura.com\/es\/","name":"Lifenatura","description":"A Lifenatura \u00e9 uma loja de produtos naturais, cosm\u00e9tica natural e alimenta\u00e7\u00e3o Biol\u00f3gica.","publisher":{"@id":"https:\/\/www.lifenatura.com\/es\/#organization"},"potentialAction":[{"@type":"SearchAction","target":{"@type":"EntryPoint","urlTemplate":"https:\/\/www.lifenatura.com\/es\/?s={search_term_string}"},"query-input":{"@type":"PropertyValueSpecification","valueRequired":true,"valueName":"search_term_string"}}],"inLanguage":"es"},{"@type":"Organization","@id":"https:\/\/www.lifenatura.com\/es\/#organization","name":"Lifenatura","url":"https:\/\/www.lifenatura.com\/es\/","logo":{"@type":"ImageObject","inLanguage":"es","@id":"https:\/\/www.lifenatura.com\/es\/#\/schema\/logo\/image\/","url":"https:\/\/www.lifenatura.com\/wp-content\/uploads\/2021\/11\/logo.png","contentUrl":"https:\/\/www.lifenatura.com\/wp-content\/uploads\/2021\/11\/logo.png","width":175,"height":55,"caption":"Lifenatura"},"image":{"@id":"https:\/\/www.lifenatura.com\/es\/#\/schema\/logo\/image\/"},"sameAs":["https:\/\/www.facebook.com\/lifenatura","https:\/\/www.instagram.com\/lifenaturapt\/"]}]},"product_price_amount":"20.21","product_price_currency":"EUR","og_availability":"instock","product_availability":"instock","product_retailer_item_id":"5412360022618","product_condition":"new"},"df_price":20.21,"df_sale_price":"","df_regular_price":20.21,"df_image_link":"https:\/\/www.lifenatura.com\/wp-content\/uploads\/2025\/10\/alho-negro-fermentado-physalis-300x300.jpg","_links":{"self":[{"href":"https:\/\/www.lifenatura.com\/es\/wp-json\/wp\/v2\/product\/122224","targetHints":{"allow":["GET"]}}],"collection":[{"href":"https:\/\/www.lifenatura.com\/es\/wp-json\/wp\/v2\/product"}],"about":[{"href":"https:\/\/www.lifenatura.com\/es\/wp-json\/wp\/v2\/types\/product"}],"wp:featuredmedia":[{"embeddable":true,"href":"https:\/\/www.lifenatura.com\/es\/wp-json\/wp\/v2\/media\/119871"}],"wp:attachment":[{"href":"https:\/\/www.lifenatura.com\/es\/wp-json\/wp\/v2\/media?parent=122224"}],"wp:term":[{"taxonomy":"product_brand","embeddable":true,"href":"https:\/\/www.lifenatura.com\/es\/wp-json\/wp\/v2\/product_brand?post=122224"},{"taxonomy":"product_cat","embeddable":true,"href":"https:\/\/www.lifenatura.com\/es\/wp-json\/wp\/v2\/product_cat?post=122224"},{"taxonomy":"product_tag","embeddable":true,"href":"https:\/\/www.lifenatura.com\/es\/wp-json\/wp\/v2\/product_tag?post=122224"}],"curies":[{"name":"wp","href":"https:\/\/api.w.org\/{rel}","templated":true}]}}