{"id":122221,"date":"2025-10-27T19:21:23","date_gmt":"2025-10-27T19:21:23","guid":{"rendered":"https:\/\/www.lifenatura.com\/produto\/vientre-plano-bio-45-comprimidos-physalis\/"},"modified":"2025-12-03T19:52:18","modified_gmt":"2025-12-03T19:52:18","slug":"vientre-plano-bio-45-comprimidos-physalis","status":"publish","type":"product","link":"https:\/\/www.lifenatura.com\/es\/produto\/vientre-plano-bio-45-comprimidos-physalis\/","title":{"rendered":"Vientre Plano Bio 45 Comprimidos &#8211; Physalis"},"content":{"rendered":"<h2 style=\"text-align: left;\" data-start=\"0\" data-end=\"84\"><strong data-start=\"3\" data-end=\"84\">Vientre Plano Bio ayudar a mantener el abdomen m\u00e1s ligero Physalis<\/strong><\/h2>\n<p>&nbsp;<\/p>\n<p data-start=\"86\" data-end=\"521\">El suplemento <strong data-start=\"99\" data-end=\"148\">Physalis Bio Vientre Plano (45 comprimidos<\/strong> ) ha sido desarrollado para favorecer el bienestar digestivo y ayudar a mantener el abdomen m\u00e1s ligero y equilibrado. Seg\u00fan la informaci\u00f3n oficial de la marca, esta f\u00f3rmula combina extractos vegetales seleccionados, utilizados tradicionalmente por sus efectos digestivos, drenantes y de ayuda al tr\u00e1nsito intestinal, con el fin de favorecer una sensaci\u00f3n de ligereza y bienestar interno.<\/p>\n<p data-start=\"523\" data-end=\"1008\">Al optar por Ventre Plano Bio, el organismo recibe nutrientes que ayudan a facilitar la digesti\u00f3n, la evacuaci\u00f3n regular y la eliminaci\u00f3n de residuos, contribuyendo a reducir la sensaci\u00f3n de hinchaz\u00f3n y las molestias abdominales. Su consumo regular puede ser un complemento eficaz de un estilo de vida saludable, sobre todo en momentos de dieta desequilibrada, exceso de volumen de comida o sedentarismo, situaciones en las que el sistema digestivo y el equilibrio interno pueden verse comprometidos.<\/p>\n<p data-start=\"1010\" data-end=\"1039\"><strong data-start=\"1014\" data-end=\"1039\">Principales ventajas<\/strong><\/p>\n<ul data-start=\"1040\" data-end=\"1546\">\n<li data-start=\"1040\" data-end=\"1130\">\n<p data-start=\"1042\" data-end=\"1130\">Favorece <strong data-start=\"1052\" data-end=\"1085\">una digesti\u00f3n equilibrada y eficaz<\/strong>, contribuyendo al bienestar digestivo.<\/p>\n<\/li>\n<li data-start=\"1131\" data-end=\"1230\">\n<p data-start=\"1133\" data-end=\"1230\">Ayuda a <strong data-start=\"1141\" data-end=\"1185\">mantener el abdomen m\u00e1s ligero y c\u00f3modo<\/strong>, reduciendo la sensaci\u00f3n de hinchaz\u00f3n o pesadez.<\/p>\n<\/li>\n<li data-start=\"1231\" data-end=\"1329\">\n<p data-start=\"1233\" data-end=\"1329\">Favorece <strong data-start=\"1244\" data-end=\"1275\">un tr\u00e1nsito intestinal regular<\/strong>, esencial para la correcta eliminaci\u00f3n de los residuos.<\/p>\n<\/li>\n<li data-start=\"1330\" data-end=\"1435\">\n<p data-start=\"1332\" data-end=\"1435\">Ayuda a la <strong data-start=\"1342\" data-end=\"1386\">eliminaci\u00f3n natural de toxinas y l\u00edquidos<\/strong>, contribuyendo al equilibrio del organismo.<\/p>\n<\/li>\n<li data-start=\"1436\" data-end=\"1546\">\n<p data-start=\"1438\" data-end=\"1546\">F\u00f3rmula dise\u00f1ada para un uso regular, ideal para quienes buscan mantener el confort digestivo y una sensaci\u00f3n de ligereza.<\/p>\n<\/li>\n<\/ul>\n<p data-start=\"1548\" data-end=\"1569\"><strong data-start=\"1552\" data-end=\"1569\">Adecuado para<\/strong><\/p>\n<p data-start=\"1570\" data-end=\"1616\">Este suplemento es adecuado para adultos que<\/p>\n<ul data-start=\"1617\" data-end=\"1992\">\n<li data-start=\"1617\" data-end=\"1704\">\n<p data-start=\"1619\" data-end=\"1704\">A menudo experimentan molestias abdominales, hinchaz\u00f3n o sensaci\u00f3n de pesadez;<\/p>\n<\/li>\n<li data-start=\"1705\" data-end=\"1769\">\n<p data-start=\"1707\" data-end=\"1769\">Sufren un tr\u00e1nsito intestinal irregular o una digesti\u00f3n lenta;<\/p>\n<\/li>\n<li data-start=\"1770\" data-end=\"1840\">\n<p data-start=\"1772\" data-end=\"1840\">Quieren favorecer la digesti\u00f3n y el equilibrio interno de forma natural;<\/p>\n<\/li>\n<li data-start=\"1841\" data-end=\"1917\">\n<p data-start=\"1843\" data-end=\"1917\">Buscan un complemento natural a las dietas o planes de desintoxicaci\u00f3n;<\/p>\n<\/li>\n<li data-start=\"1918\" data-end=\"1992\">\n<p data-start=\"1920\" data-end=\"1992\">Quieren mantener el bienestar digestivo y una sensaci\u00f3n de ligereza en su vida cotidiana.<\/p>\n<\/li>\n<\/ul>\n<p><strong>Presentaci\u00f3n:<\/strong><\/p>\n<p>45 comprimidos.<\/p>\n<p>&nbsp;<\/p>\n","protected":false},"excerpt":{"rendered":"<p>Vientre Plano Bio Physalis &#8211; suplemento natural para una digesti\u00f3n equilibrada, un tr\u00e1nsito intestinal regular y un abdomen m\u00e1s ligero. [&#8230;]<\/p>\n<p><a class=\"btn btn-secondary understrap-read-more-link\" href=\"https:\/\/www.lifenatura.com\/es\/produto\/vientre-plano-bio-45-comprimidos-physalis\/\">Leer m\u00e1s&#8230;<span class=\"screen-reader-text\"> from Vientre Plano Bio 45 Comprimidos &#8211; Physalis<\/span><\/a><\/p>\n","protected":false},"featured_media":119836,"template":"","meta":{"_acf_changed":false},"product_brand":[8318],"product_cat":[7145,7253,7659,7179,7883],"product_tag":[],"class_list":{"0":"post-122221","1":"product","2":"type-product","3":"status-publish","4":"has-post-thumbnail","6":"product_brand-physalis-es","7":"product_cat-alcachofa","8":"product_cat-digestion","9":"product_cat-ingrediente-natural-bio","10":"product_cat-salud","11":"product_cat-suplementos-alimenticios","13":"first","14":"instock","15":"shipping-taxable","16":"purchasable","17":"product-type-simple","18":"add-to-wishlist-before_image"},"acf":[],"yoast_head":"<!-- This site is optimized with the Yoast SEO Premium plugin v27.1 (Yoast SEO v27.5) - https:\/\/yoast.com\/product\/yoast-seo-premium-wordpress\/ -->\n<title>Vientre Plano Bio 45 Comprimidos - Physalis - Na Lifenatura ao Melhor Pre\u00e7o | Envio em 48h<\/title>\n<meta name=\"description\" content=\"Vientre Plano Bio Physalis - suplemento natural para una digesti\u00f3n equilibrada, un tr\u00e1nsito intestinal regular y un abdomen m\u00e1s ligero.\" \/>\n<meta name=\"robots\" content=\"index, follow, max-snippet:-1, max-image-preview:large, max-video-preview:-1\" \/>\n<link rel=\"canonical\" href=\"https:\/\/www.lifenatura.com\/es\/produto\/vientre-plano-bio-45-comprimidos-physalis\/\" \/>\n<meta property=\"og:locale\" content=\"es_ES\" \/>\n<meta property=\"og:type\" content=\"article\" \/>\n<meta property=\"og:title\" content=\"Vientre Plano Bio 45 Comprimidos - Physalis - Na Lifenatura ao Melhor Pre\u00e7o | Envio 48h\" \/>\n<meta property=\"og:description\" content=\"Compre Vientre Plano Bio 45 Comprimidos - Physalis com envio r\u00e1pido. Entrega em 48h e portes gr\u00e1tis em compras &gt;35\u20ac. Aproveite j\u00e1 na Lifenatura\" \/>\n<meta property=\"og:url\" content=\"https:\/\/www.lifenatura.com\/es\/produto\/vientre-plano-bio-45-comprimidos-physalis\/\" \/>\n<meta property=\"og:site_name\" content=\"Lifenatura\" \/>\n<meta property=\"article:publisher\" content=\"https:\/\/www.facebook.com\/lifenatura\" \/>\n<meta property=\"article:modified_time\" content=\"2025-12-03T19:52:18+00:00\" \/>\n<meta property=\"og:image\" content=\"https:\/\/www.lifenatura.com\/wp-content\/uploads\/2025\/10\/ventre-plano-comprimidos-physalis.jpg\" \/>\n\t<meta property=\"og:image:width\" content=\"1000\" \/>\n\t<meta property=\"og:image:height\" content=\"1000\" \/>\n\t<meta property=\"og:image:type\" content=\"image\/jpeg\" \/>\n<meta name=\"twitter:card\" content=\"summary_large_image\" \/>\n<meta name=\"twitter:label1\" content=\"Precio\" \/>\n\t<meta name=\"twitter:data1\" content=\"19,00&nbsp;&euro;\" \/>\n\t<meta name=\"twitter:label2\" content=\"Disponibilidad\" \/>\n\t<meta name=\"twitter:data2\" content=\"Disponible\" \/>\n<script type=\"application\/ld+json\" class=\"yoast-schema-graph\">{\"@context\":\"https:\\\/\\\/schema.org\",\"@graph\":[{\"@type\":\"WebPage\",\"@id\":\"https:\\\/\\\/www.lifenatura.com\\\/es\\\/produto\\\/vientre-plano-bio-45-comprimidos-physalis\\\/\",\"url\":\"https:\\\/\\\/www.lifenatura.com\\\/es\\\/produto\\\/vientre-plano-bio-45-comprimidos-physalis\\\/\",\"name\":\"Vientre Plano Bio 45 Comprimidos - Physalis - Na Lifenatura ao Melhor Pre\u00e7o | Envio em 48h\",\"isPartOf\":{\"@id\":\"https:\\\/\\\/www.lifenatura.com\\\/es\\\/#website\"},\"primaryImageOfPage\":{\"@id\":\"https:\\\/\\\/www.lifenatura.com\\\/es\\\/produto\\\/vientre-plano-bio-45-comprimidos-physalis\\\/#primaryimage\"},\"image\":{\"@id\":\"https:\\\/\\\/www.lifenatura.com\\\/es\\\/produto\\\/vientre-plano-bio-45-comprimidos-physalis\\\/#primaryimage\"},\"thumbnailUrl\":\"https:\\\/\\\/www.lifenatura.com\\\/wp-content\\\/uploads\\\/2025\\\/10\\\/ventre-plano-comprimidos-physalis.jpg\",\"datePublished\":\"2025-10-27T19:21:23+00:00\",\"dateModified\":\"2025-12-03T19:52:18+00:00\",\"description\":\"Vientre Plano Bio Physalis - suplemento natural para una digesti\u00f3n equilibrada, un tr\u00e1nsito intestinal regular y un abdomen m\u00e1s ligero.\",\"breadcrumb\":{\"@id\":\"https:\\\/\\\/www.lifenatura.com\\\/es\\\/produto\\\/vientre-plano-bio-45-comprimidos-physalis\\\/#breadcrumb\"},\"inLanguage\":\"es\",\"potentialAction\":[{\"@type\":\"ReadAction\",\"target\":[\"https:\\\/\\\/www.lifenatura.com\\\/es\\\/produto\\\/vientre-plano-bio-45-comprimidos-physalis\\\/\"]}]},{\"@type\":\"ImageObject\",\"inLanguage\":\"es\",\"@id\":\"https:\\\/\\\/www.lifenatura.com\\\/es\\\/produto\\\/vientre-plano-bio-45-comprimidos-physalis\\\/#primaryimage\",\"url\":\"https:\\\/\\\/www.lifenatura.com\\\/wp-content\\\/uploads\\\/2025\\\/10\\\/ventre-plano-comprimidos-physalis.jpg\",\"contentUrl\":\"https:\\\/\\\/www.lifenatura.com\\\/wp-content\\\/uploads\\\/2025\\\/10\\\/ventre-plano-comprimidos-physalis.jpg\",\"width\":1000,\"height\":1000,\"caption\":\"Comprimidos physalis vientre plano\"},{\"@type\":\"BreadcrumbList\",\"@id\":\"https:\\\/\\\/www.lifenatura.com\\\/es\\\/produto\\\/vientre-plano-bio-45-comprimidos-physalis\\\/#breadcrumb\",\"itemListElement\":[{\"@type\":\"ListItem\",\"position\":1,\"name\":\"In\u00edcio\",\"item\":\"https:\\\/\\\/www.lifenatura.com\\\/es\\\/\"},{\"@type\":\"ListItem\",\"position\":2,\"name\":\"Todos los Productos\",\"item\":\"https:\\\/\\\/www.lifenatura.com\\\/es\\\/tienda\\\/\"},{\"@type\":\"ListItem\",\"position\":3,\"name\":\"Vientre Plano Bio 45 Comprimidos &#8211; Physalis\"}]},{\"@type\":\"WebSite\",\"@id\":\"https:\\\/\\\/www.lifenatura.com\\\/es\\\/#website\",\"url\":\"https:\\\/\\\/www.lifenatura.com\\\/es\\\/\",\"name\":\"Lifenatura\",\"description\":\"A Lifenatura \u00e9 uma loja de produtos naturais, cosm\u00e9tica natural e alimenta\u00e7\u00e3o Biol\u00f3gica.\",\"publisher\":{\"@id\":\"https:\\\/\\\/www.lifenatura.com\\\/es\\\/#organization\"},\"potentialAction\":[{\"@type\":\"SearchAction\",\"target\":{\"@type\":\"EntryPoint\",\"urlTemplate\":\"https:\\\/\\\/www.lifenatura.com\\\/es\\\/?s={search_term_string}\"},\"query-input\":{\"@type\":\"PropertyValueSpecification\",\"valueRequired\":true,\"valueName\":\"search_term_string\"}}],\"inLanguage\":\"es\"},{\"@type\":\"Organization\",\"@id\":\"https:\\\/\\\/www.lifenatura.com\\\/es\\\/#organization\",\"name\":\"Lifenatura\",\"url\":\"https:\\\/\\\/www.lifenatura.com\\\/es\\\/\",\"logo\":{\"@type\":\"ImageObject\",\"inLanguage\":\"es\",\"@id\":\"https:\\\/\\\/www.lifenatura.com\\\/es\\\/#\\\/schema\\\/logo\\\/image\\\/\",\"url\":\"https:\\\/\\\/www.lifenatura.com\\\/wp-content\\\/uploads\\\/2021\\\/07\\\/logo.png\",\"contentUrl\":\"https:\\\/\\\/www.lifenatura.com\\\/wp-content\\\/uploads\\\/2021\\\/07\\\/logo.png\",\"width\":175,\"height\":55,\"caption\":\"Lifenatura\"},\"image\":{\"@id\":\"https:\\\/\\\/www.lifenatura.com\\\/es\\\/#\\\/schema\\\/logo\\\/image\\\/\"},\"sameAs\":[\"https:\\\/\\\/www.facebook.com\\\/lifenatura\",\"https:\\\/\\\/www.instagram.com\\\/lifenaturapt\\\/\"],\"hasMerchantReturnPolicy\":{\"@type\":\"MerchantReturnPolicy\",\"merchantReturnLink\":\"https:\\\/\\\/www.lifenatura.com\\\/termos-condicoes-lifenatura\\\/\"}}]}<\/script>\n<meta property=\"product:price:amount\" content=\"19.00\" \/>\n<meta property=\"product:price:currency\" content=\"EUR\" \/>\n<meta property=\"og:availability\" content=\"instock\" \/>\n<meta property=\"product:availability\" content=\"instock\" \/>\n<meta property=\"product:retailer_item_id\" content=\"5412360009817\" \/>\n<meta property=\"product:condition\" content=\"new\" \/>\n<!-- \/ Yoast SEO Premium plugin. -->","yoast_head_json":{"title":"Vientre Plano Bio 45 Comprimidos - Physalis - Na Lifenatura ao Melhor Pre\u00e7o | Envio em 48h","description":"Vientre Plano Bio Physalis - suplemento natural para una digesti\u00f3n equilibrada, un tr\u00e1nsito intestinal regular y un abdomen m\u00e1s ligero.","robots":{"index":"index","follow":"follow","max-snippet":"max-snippet:-1","max-image-preview":"max-image-preview:large","max-video-preview":"max-video-preview:-1"},"canonical":"https:\/\/www.lifenatura.com\/es\/produto\/vientre-plano-bio-45-comprimidos-physalis\/","og_locale":"es_ES","og_type":"article","og_title":"Vientre Plano Bio 45 Comprimidos - Physalis - Na Lifenatura ao Melhor Pre\u00e7o | Envio 48h","og_description":"Compre Vientre Plano Bio 45 Comprimidos - Physalis com envio r\u00e1pido. Entrega em 48h e portes gr\u00e1tis em compras >35\u20ac. Aproveite j\u00e1 na Lifenatura","og_url":"https:\/\/www.lifenatura.com\/es\/produto\/vientre-plano-bio-45-comprimidos-physalis\/","og_site_name":"Lifenatura","article_publisher":"https:\/\/www.facebook.com\/lifenatura","article_modified_time":"2025-12-03T19:52:18+00:00","og_image":[{"width":1000,"height":1000,"url":"https:\/\/www.lifenatura.com\/wp-content\/uploads\/2025\/10\/ventre-plano-comprimidos-physalis.jpg","type":"image\/jpeg"}],"twitter_card":"summary_large_image","twitter_misc":{"Precio":"19,00&nbsp;&euro;","Disponibilidad":"Disponible"},"schema":{"@context":"https:\/\/schema.org","@graph":[{"@type":"WebPage","@id":"https:\/\/www.lifenatura.com\/es\/produto\/vientre-plano-bio-45-comprimidos-physalis\/","url":"https:\/\/www.lifenatura.com\/es\/produto\/vientre-plano-bio-45-comprimidos-physalis\/","name":"Vientre Plano Bio 45 Comprimidos - Physalis - Na Lifenatura ao Melhor Pre\u00e7o | Envio em 48h","isPartOf":{"@id":"https:\/\/www.lifenatura.com\/es\/#website"},"primaryImageOfPage":{"@id":"https:\/\/www.lifenatura.com\/es\/produto\/vientre-plano-bio-45-comprimidos-physalis\/#primaryimage"},"image":{"@id":"https:\/\/www.lifenatura.com\/es\/produto\/vientre-plano-bio-45-comprimidos-physalis\/#primaryimage"},"thumbnailUrl":"https:\/\/www.lifenatura.com\/wp-content\/uploads\/2025\/10\/ventre-plano-comprimidos-physalis.jpg","datePublished":"2025-10-27T19:21:23+00:00","dateModified":"2025-12-03T19:52:18+00:00","description":"Vientre Plano Bio Physalis - suplemento natural para una digesti\u00f3n equilibrada, un tr\u00e1nsito intestinal regular y un abdomen m\u00e1s ligero.","breadcrumb":{"@id":"https:\/\/www.lifenatura.com\/es\/produto\/vientre-plano-bio-45-comprimidos-physalis\/#breadcrumb"},"inLanguage":"es","potentialAction":[{"@type":"ReadAction","target":["https:\/\/www.lifenatura.com\/es\/produto\/vientre-plano-bio-45-comprimidos-physalis\/"]}]},{"@type":"ImageObject","inLanguage":"es","@id":"https:\/\/www.lifenatura.com\/es\/produto\/vientre-plano-bio-45-comprimidos-physalis\/#primaryimage","url":"https:\/\/www.lifenatura.com\/wp-content\/uploads\/2025\/10\/ventre-plano-comprimidos-physalis.jpg","contentUrl":"https:\/\/www.lifenatura.com\/wp-content\/uploads\/2025\/10\/ventre-plano-comprimidos-physalis.jpg","width":1000,"height":1000,"caption":"Comprimidos physalis vientre plano"},{"@type":"BreadcrumbList","@id":"https:\/\/www.lifenatura.com\/es\/produto\/vientre-plano-bio-45-comprimidos-physalis\/#breadcrumb","itemListElement":[{"@type":"ListItem","position":1,"name":"In\u00edcio","item":"https:\/\/www.lifenatura.com\/es\/"},{"@type":"ListItem","position":2,"name":"Todos los Productos","item":"https:\/\/www.lifenatura.com\/es\/tienda\/"},{"@type":"ListItem","position":3,"name":"Vientre Plano Bio 45 Comprimidos &#8211; Physalis"}]},{"@type":"WebSite","@id":"https:\/\/www.lifenatura.com\/es\/#website","url":"https:\/\/www.lifenatura.com\/es\/","name":"Lifenatura","description":"A Lifenatura \u00e9 uma loja de produtos naturais, cosm\u00e9tica natural e alimenta\u00e7\u00e3o Biol\u00f3gica.","publisher":{"@id":"https:\/\/www.lifenatura.com\/es\/#organization"},"potentialAction":[{"@type":"SearchAction","target":{"@type":"EntryPoint","urlTemplate":"https:\/\/www.lifenatura.com\/es\/?s={search_term_string}"},"query-input":{"@type":"PropertyValueSpecification","valueRequired":true,"valueName":"search_term_string"}}],"inLanguage":"es"},{"@type":"Organization","@id":"https:\/\/www.lifenatura.com\/es\/#organization","name":"Lifenatura","url":"https:\/\/www.lifenatura.com\/es\/","logo":{"@type":"ImageObject","inLanguage":"es","@id":"https:\/\/www.lifenatura.com\/es\/#\/schema\/logo\/image\/","url":"https:\/\/www.lifenatura.com\/wp-content\/uploads\/2021\/07\/logo.png","contentUrl":"https:\/\/www.lifenatura.com\/wp-content\/uploads\/2021\/07\/logo.png","width":175,"height":55,"caption":"Lifenatura"},"image":{"@id":"https:\/\/www.lifenatura.com\/es\/#\/schema\/logo\/image\/"},"sameAs":["https:\/\/www.facebook.com\/lifenatura","https:\/\/www.instagram.com\/lifenaturapt\/"],"hasMerchantReturnPolicy":{"@type":"MerchantReturnPolicy","merchantReturnLink":"https:\/\/www.lifenatura.com\/termos-condicoes-lifenatura\/"}}]},"product_price_amount":"19.00","product_price_currency":"EUR","og_availability":"instock","product_availability":"instock","product_retailer_item_id":"5412360009817","product_condition":"new"},"df_price":19,"df_sale_price":"","df_regular_price":19,"df_image_link":"https:\/\/www.lifenatura.com\/wp-content\/uploads\/2025\/10\/ventre-plano-comprimidos-physalis-300x300.jpg","_links":{"self":[{"href":"https:\/\/www.lifenatura.com\/es\/wp-json\/wp\/v2\/product\/122221","targetHints":{"allow":["GET"]}}],"collection":[{"href":"https:\/\/www.lifenatura.com\/es\/wp-json\/wp\/v2\/product"}],"about":[{"href":"https:\/\/www.lifenatura.com\/es\/wp-json\/wp\/v2\/types\/product"}],"wp:featuredmedia":[{"embeddable":true,"href":"https:\/\/www.lifenatura.com\/es\/wp-json\/wp\/v2\/media\/119836"}],"wp:attachment":[{"href":"https:\/\/www.lifenatura.com\/es\/wp-json\/wp\/v2\/media?parent=122221"}],"wp:term":[{"taxonomy":"product_brand","embeddable":true,"href":"https:\/\/www.lifenatura.com\/es\/wp-json\/wp\/v2\/product_brand?post=122221"},{"taxonomy":"product_cat","embeddable":true,"href":"https:\/\/www.lifenatura.com\/es\/wp-json\/wp\/v2\/product_cat?post=122221"},{"taxonomy":"product_tag","embeddable":true,"href":"https:\/\/www.lifenatura.com\/es\/wp-json\/wp\/v2\/product_tag?post=122221"}],"curies":[{"name":"wp","href":"https:\/\/api.w.org\/{rel}","templated":true}]}}