{"id":122219,"date":"2025-10-27T19:21:09","date_gmt":"2025-10-27T19:21:09","guid":{"rendered":"https:\/\/www.lifenatura.com\/produto\/chlorella-spirulina-bio-200-comprimidos-physalis\/"},"modified":"2025-11-28T11:50:39","modified_gmt":"2025-11-28T11:50:39","slug":"chlorella-spirulina-bio-200-comprimidos-physalis","status":"publish","type":"product","link":"https:\/\/www.lifenatura.com\/es\/produto\/chlorella-spirulina-bio-200-comprimidos-physalis\/","title":{"rendered":"Chlorella + Spirulina Bio 200 Comprimidos &#8211; Physalis"},"content":{"rendered":"<h2 style=\"text-align: left;\" data-start=\"0\" data-end=\"72\"><strong data-start=\"3\" data-end=\"72\">Chlorella + Spirulina Bio &#8211; Physalis<\/strong><\/h2>\n<p>&nbsp;<\/p>\n<p data-start=\"74\" data-end=\"613\"><strong data-start=\"76\" data-end=\"133\">Physalis Chlorella + Spirulina Bio (200 comprimidos)<\/strong> es un suplemento completo, 100 % org\u00e1nico, ideal para quien desee aumentar la energ\u00eda, favorecer la vitalidad general y promover la depuraci\u00f3n natural del organismo. Esta f\u00f3rmula combina dos superalimentos excepcionales -la chlorella y la espirulina-, ambos conocidos por su riqueza nutricional, alto contenido en prote\u00ednas, clorofila, vitaminas, minerales y antioxidantes. Juntas, estas microalgas ofrecen un apoyo diario vers\u00e1til y equilibrado, que contribuye al bienestar f\u00edsico y mental.<\/p>\n<p data-start=\"615\" data-end=\"1151\">La clorela es apreciada por su capacidad para favorecer la eliminaci\u00f3n de toxinas y metales pesados, lo que la convierte en una excelente aliada en los procesos de depuraci\u00f3n. La espirulina destaca por su perfil proteico completo, la presencia de ficocianina y por favorecer la energ\u00eda, la resistencia y la recuperaci\u00f3n. La combinaci\u00f3n de estas dos algas ofrece un refuerzo natural del sistema inmunitario, favorece el metabolismo y mejora la respuesta al estr\u00e9s f\u00edsico. En formato de comprimidos, este suplemento es pr\u00e1ctico, f\u00e1cil de tomar y adecuado para rutinas intensas.<\/p>\n<p data-start=\"1153\" data-end=\"1182\"><strong data-start=\"1157\" data-end=\"1182\">Principales ventajas<\/strong><\/p>\n<ul data-start=\"1183\" data-end=\"1663\">\n<li data-start=\"1183\" data-end=\"1293\">\n<p data-start=\"1185\" data-end=\"1293\"><strong data-start=\"1185\" data-end=\"1214\">Favorece la depuraci\u00f3n natural<\/strong>, ayudando a eliminar toxinas y a mejorar el equilibrio interno.<\/p>\n<\/li>\n<li data-start=\"1294\" data-end=\"1387\">\n<p data-start=\"1296\" data-end=\"1387\"><strong data-start=\"1296\" data-end=\"1331\">Aumenta la energ\u00eda y la vitalidad<\/strong> gracias a los densos nutrientes de la espirulina.<\/p>\n<\/li>\n<li data-start=\"1388\" data-end=\"1484\">\n<p data-start=\"1390\" data-end=\"1484\"><strong data-start=\"1390\" data-end=\"1412\">Apoyo inmunitario<\/strong>, con acci\u00f3n antioxidante y nutritiva que refuerza las defensas naturales.<\/p>\n<\/li>\n<li data-start=\"1485\" data-end=\"1568\">\n<p data-start=\"1487\" data-end=\"1568\"><strong data-start=\"1487\" data-end=\"1528\">Ayuda al metabolismo y a la recuperaci\u00f3n<\/strong>, promoviendo una mayor resistencia f\u00edsica.<\/p>\n<\/li>\n<li data-start=\"1569\" data-end=\"1663\">\n<p data-start=\"1571\" data-end=\"1663\">F\u00f3rmula <strong data-start=\"1579\" data-end=\"1597\">100% ecol\u00f3gica<\/strong>, sin aditivos artificiales y apta para vegetarianos y veganos.<\/p>\n<\/li>\n<\/ul>\n<p data-start=\"1665\" data-end=\"1686\"><strong data-start=\"1669\" data-end=\"1686\">Adecuado para<\/strong><\/p>\n<p data-start=\"1687\" data-end=\"1736\">Este suplemento est\u00e1 recomendado para adultos que<\/p>\n<ul data-start=\"1737\" data-end=\"2086\">\n<li data-start=\"1737\" data-end=\"1811\">\n<p data-start=\"1739\" data-end=\"1811\">Sienten la necesidad de aumentar su energ\u00eda y vitalidad a lo largo del d\u00eda.<\/p>\n<\/li>\n<li data-start=\"1812\" data-end=\"1867\">\n<p data-start=\"1814\" data-end=\"1867\">Buscan una ayuda natural para depurar el organismo.<\/p>\n<\/li>\n<li data-start=\"1868\" data-end=\"1972\">\n<p data-start=\"1870\" data-end=\"1972\">Quieren aumentar su ingesta de nutrientes esenciales, sobre todo en las dietas vegetarianas o veganas.<\/p>\n<\/li>\n<li data-start=\"1973\" data-end=\"2086\">\n<p data-start=\"1975\" data-end=\"2086\">Hacen ejercicio o tienen rutinas exigentes y necesitan apoyo adicional para el rendimiento y la recuperaci\u00f3n.<\/p>\n<\/li>\n<\/ul>\n<p><strong>Presentaci\u00f3n:<\/strong><\/p>\n<p>200 comprimidos.<\/p>\n<p>&nbsp;<\/p>\n","protected":false},"excerpt":{"rendered":"<p>Chlorella + Spirulina Bio Physalis &#8211; superalimentos ecol\u00f3gicos para la energ\u00eda, la vitalidad, la depuraci\u00f3n natural y el apoyo inmunitario. [&#8230;]<\/p>\n<p><a class=\"btn btn-secondary understrap-read-more-link\" href=\"https:\/\/www.lifenatura.com\/es\/produto\/chlorella-spirulina-bio-200-comprimidos-physalis\/\">Leer m\u00e1s&#8230;<span class=\"screen-reader-text\"> from Chlorella + Spirulina Bio 200 Comprimidos &#8211; Physalis<\/span><\/a><\/p>\n","protected":false},"featured_media":119842,"template":"","meta":{"_acf_changed":false},"product_brand":[8318],"product_cat":[7190,7160,7193,7238,7659,7179,7883],"product_tag":[],"class_list":{"0":"post-122219","1":"product","2":"type-product","3":"status-publish","4":"has-post-thumbnail","6":"product_brand-physalis-es","7":"product_cat-adelgazar","8":"product_cat-chlorella","9":"product_cat-drenante-y-detox","10":"product_cat-energizante-natural","11":"product_cat-ingrediente-natural-bio","12":"product_cat-salud","13":"product_cat-suplementos-alimenticios","15":"first","16":"instock","17":"shipping-taxable","18":"purchasable","19":"product-type-simple","20":"add-to-wishlist-before_image"},"acf":[],"yoast_head":"<!-- This site is optimized with the Yoast SEO Premium plugin v27.1 (Yoast SEO v27.5) - https:\/\/yoast.com\/product\/yoast-seo-premium-wordpress\/ -->\n<title>Chlorella + Spirulina Bio 200 Comprimidos - Physalis - Na Lifenatura ao Melhor Pre\u00e7o | Envio em 48h<\/title>\n<meta name=\"description\" content=\"Chlorella + Spirulina Bio Physalis - superalimentos ecol\u00f3gicos para la energ\u00eda, la vitalidad, la depuraci\u00f3n natural y el apoyo inmunitario.\" \/>\n<meta name=\"robots\" content=\"index, follow, max-snippet:-1, max-image-preview:large, max-video-preview:-1\" \/>\n<link rel=\"canonical\" href=\"https:\/\/www.lifenatura.com\/es\/produto\/chlorella-spirulina-bio-200-comprimidos-physalis\/\" \/>\n<meta property=\"og:locale\" content=\"es_ES\" \/>\n<meta property=\"og:type\" content=\"article\" \/>\n<meta property=\"og:title\" content=\"Chlorella + Spirulina Bio 200 Comprimidos - Physalis - Na Lifenatura ao Melhor Pre\u00e7o | Envio 48h\" \/>\n<meta property=\"og:description\" content=\"Compre Chlorella + Spirulina Bio 200 Comprimidos - Physalis com envio r\u00e1pido. Entrega em 48h e portes gr\u00e1tis em compras &gt;35\u20ac. Aproveite j\u00e1 na Lifenatura\" \/>\n<meta property=\"og:url\" content=\"https:\/\/www.lifenatura.com\/es\/produto\/chlorella-spirulina-bio-200-comprimidos-physalis\/\" \/>\n<meta property=\"og:site_name\" content=\"Lifenatura\" \/>\n<meta property=\"article:publisher\" content=\"https:\/\/www.facebook.com\/lifenatura\" \/>\n<meta property=\"article:modified_time\" content=\"2025-11-28T11:50:39+00:00\" \/>\n<meta property=\"og:image\" content=\"https:\/\/www.lifenatura.com\/wp-content\/uploads\/2025\/10\/clorela-spirulina-comprimidos-physalis.jpg\" \/>\n\t<meta property=\"og:image:width\" content=\"1000\" \/>\n\t<meta property=\"og:image:height\" content=\"1000\" \/>\n\t<meta property=\"og:image:type\" content=\"image\/jpeg\" \/>\n<meta name=\"twitter:card\" content=\"summary_large_image\" \/>\n<meta name=\"twitter:label1\" content=\"Precio\" \/>\n\t<meta name=\"twitter:data1\" content=\"22,13&nbsp;&euro;\" \/>\n\t<meta name=\"twitter:label2\" content=\"Disponibilidad\" \/>\n\t<meta name=\"twitter:data2\" content=\"Disponible\" \/>\n<script type=\"application\/ld+json\" class=\"yoast-schema-graph\">{\"@context\":\"https:\\\/\\\/schema.org\",\"@graph\":[{\"@type\":\"WebPage\",\"@id\":\"https:\\\/\\\/www.lifenatura.com\\\/es\\\/produto\\\/chlorella-spirulina-bio-200-comprimidos-physalis\\\/\",\"url\":\"https:\\\/\\\/www.lifenatura.com\\\/es\\\/produto\\\/chlorella-spirulina-bio-200-comprimidos-physalis\\\/\",\"name\":\"Chlorella + Spirulina Bio 200 Comprimidos - Physalis - Na Lifenatura ao Melhor Pre\u00e7o | Envio em 48h\",\"isPartOf\":{\"@id\":\"https:\\\/\\\/www.lifenatura.com\\\/es\\\/#website\"},\"primaryImageOfPage\":{\"@id\":\"https:\\\/\\\/www.lifenatura.com\\\/es\\\/produto\\\/chlorella-spirulina-bio-200-comprimidos-physalis\\\/#primaryimage\"},\"image\":{\"@id\":\"https:\\\/\\\/www.lifenatura.com\\\/es\\\/produto\\\/chlorella-spirulina-bio-200-comprimidos-physalis\\\/#primaryimage\"},\"thumbnailUrl\":\"https:\\\/\\\/www.lifenatura.com\\\/wp-content\\\/uploads\\\/2025\\\/10\\\/clorela-spirulina-comprimidos-physalis.jpg\",\"datePublished\":\"2025-10-27T19:21:09+00:00\",\"dateModified\":\"2025-11-28T11:50:39+00:00\",\"description\":\"Chlorella + Spirulina Bio Physalis - superalimentos ecol\u00f3gicos para la energ\u00eda, la vitalidad, la depuraci\u00f3n natural y el apoyo inmunitario.\",\"breadcrumb\":{\"@id\":\"https:\\\/\\\/www.lifenatura.com\\\/es\\\/produto\\\/chlorella-spirulina-bio-200-comprimidos-physalis\\\/#breadcrumb\"},\"inLanguage\":\"es\",\"potentialAction\":[{\"@type\":\"ReadAction\",\"target\":[\"https:\\\/\\\/www.lifenatura.com\\\/es\\\/produto\\\/chlorella-spirulina-bio-200-comprimidos-physalis\\\/\"]}]},{\"@type\":\"ImageObject\",\"inLanguage\":\"es\",\"@id\":\"https:\\\/\\\/www.lifenatura.com\\\/es\\\/produto\\\/chlorella-spirulina-bio-200-comprimidos-physalis\\\/#primaryimage\",\"url\":\"https:\\\/\\\/www.lifenatura.com\\\/wp-content\\\/uploads\\\/2025\\\/10\\\/clorela-spirulina-comprimidos-physalis.jpg\",\"contentUrl\":\"https:\\\/\\\/www.lifenatura.com\\\/wp-content\\\/uploads\\\/2025\\\/10\\\/clorela-spirulina-comprimidos-physalis.jpg\",\"width\":1000,\"height\":1000,\"caption\":\"Chlorella Spirulina physalis comprimidos\"},{\"@type\":\"BreadcrumbList\",\"@id\":\"https:\\\/\\\/www.lifenatura.com\\\/es\\\/produto\\\/chlorella-spirulina-bio-200-comprimidos-physalis\\\/#breadcrumb\",\"itemListElement\":[{\"@type\":\"ListItem\",\"position\":1,\"name\":\"In\u00edcio\",\"item\":\"https:\\\/\\\/www.lifenatura.com\\\/es\\\/\"},{\"@type\":\"ListItem\",\"position\":2,\"name\":\"Todos los Productos\",\"item\":\"https:\\\/\\\/www.lifenatura.com\\\/es\\\/tienda\\\/\"},{\"@type\":\"ListItem\",\"position\":3,\"name\":\"Chlorella + Spirulina Bio 200 Comprimidos &#8211; Physalis\"}]},{\"@type\":\"WebSite\",\"@id\":\"https:\\\/\\\/www.lifenatura.com\\\/es\\\/#website\",\"url\":\"https:\\\/\\\/www.lifenatura.com\\\/es\\\/\",\"name\":\"Lifenatura\",\"description\":\"A Lifenatura \u00e9 uma loja de produtos naturais, cosm\u00e9tica natural e alimenta\u00e7\u00e3o Biol\u00f3gica.\",\"publisher\":{\"@id\":\"https:\\\/\\\/www.lifenatura.com\\\/es\\\/#organization\"},\"potentialAction\":[{\"@type\":\"SearchAction\",\"target\":{\"@type\":\"EntryPoint\",\"urlTemplate\":\"https:\\\/\\\/www.lifenatura.com\\\/es\\\/?s={search_term_string}\"},\"query-input\":{\"@type\":\"PropertyValueSpecification\",\"valueRequired\":true,\"valueName\":\"search_term_string\"}}],\"inLanguage\":\"es\"},{\"@type\":\"Organization\",\"@id\":\"https:\\\/\\\/www.lifenatura.com\\\/es\\\/#organization\",\"name\":\"Lifenatura\",\"url\":\"https:\\\/\\\/www.lifenatura.com\\\/es\\\/\",\"logo\":{\"@type\":\"ImageObject\",\"inLanguage\":\"es\",\"@id\":\"https:\\\/\\\/www.lifenatura.com\\\/es\\\/#\\\/schema\\\/logo\\\/image\\\/\",\"url\":\"https:\\\/\\\/www.lifenatura.com\\\/wp-content\\\/uploads\\\/2021\\\/07\\\/logo.png\",\"contentUrl\":\"https:\\\/\\\/www.lifenatura.com\\\/wp-content\\\/uploads\\\/2021\\\/07\\\/logo.png\",\"width\":175,\"height\":55,\"caption\":\"Lifenatura\"},\"image\":{\"@id\":\"https:\\\/\\\/www.lifenatura.com\\\/es\\\/#\\\/schema\\\/logo\\\/image\\\/\"},\"sameAs\":[\"https:\\\/\\\/www.facebook.com\\\/lifenatura\",\"https:\\\/\\\/www.instagram.com\\\/lifenaturapt\\\/\"],\"hasMerchantReturnPolicy\":{\"@type\":\"MerchantReturnPolicy\",\"merchantReturnLink\":\"https:\\\/\\\/www.lifenatura.com\\\/termos-condicoes-lifenatura\\\/\"}}]}<\/script>\n<meta property=\"product:price:amount\" content=\"22.13\" \/>\n<meta property=\"product:price:currency\" content=\"EUR\" \/>\n<meta property=\"og:availability\" content=\"instock\" \/>\n<meta property=\"product:availability\" content=\"instock\" \/>\n<meta property=\"product:retailer_item_id\" content=\"5412360005598\" \/>\n<meta property=\"product:condition\" content=\"new\" \/>\n<!-- \/ Yoast SEO Premium plugin. -->","yoast_head_json":{"title":"Chlorella + Spirulina Bio 200 Comprimidos - Physalis - Na Lifenatura ao Melhor Pre\u00e7o | Envio em 48h","description":"Chlorella + Spirulina Bio Physalis - superalimentos ecol\u00f3gicos para la energ\u00eda, la vitalidad, la depuraci\u00f3n natural y el apoyo inmunitario.","robots":{"index":"index","follow":"follow","max-snippet":"max-snippet:-1","max-image-preview":"max-image-preview:large","max-video-preview":"max-video-preview:-1"},"canonical":"https:\/\/www.lifenatura.com\/es\/produto\/chlorella-spirulina-bio-200-comprimidos-physalis\/","og_locale":"es_ES","og_type":"article","og_title":"Chlorella + Spirulina Bio 200 Comprimidos - Physalis - Na Lifenatura ao Melhor Pre\u00e7o | Envio 48h","og_description":"Compre Chlorella + Spirulina Bio 200 Comprimidos - Physalis com envio r\u00e1pido. Entrega em 48h e portes gr\u00e1tis em compras >35\u20ac. Aproveite j\u00e1 na Lifenatura","og_url":"https:\/\/www.lifenatura.com\/es\/produto\/chlorella-spirulina-bio-200-comprimidos-physalis\/","og_site_name":"Lifenatura","article_publisher":"https:\/\/www.facebook.com\/lifenatura","article_modified_time":"2025-11-28T11:50:39+00:00","og_image":[{"width":1000,"height":1000,"url":"https:\/\/www.lifenatura.com\/wp-content\/uploads\/2025\/10\/clorela-spirulina-comprimidos-physalis.jpg","type":"image\/jpeg"}],"twitter_card":"summary_large_image","twitter_misc":{"Precio":"22,13&nbsp;&euro;","Disponibilidad":"Disponible"},"schema":{"@context":"https:\/\/schema.org","@graph":[{"@type":"WebPage","@id":"https:\/\/www.lifenatura.com\/es\/produto\/chlorella-spirulina-bio-200-comprimidos-physalis\/","url":"https:\/\/www.lifenatura.com\/es\/produto\/chlorella-spirulina-bio-200-comprimidos-physalis\/","name":"Chlorella + Spirulina Bio 200 Comprimidos - Physalis - Na Lifenatura ao Melhor Pre\u00e7o | Envio em 48h","isPartOf":{"@id":"https:\/\/www.lifenatura.com\/es\/#website"},"primaryImageOfPage":{"@id":"https:\/\/www.lifenatura.com\/es\/produto\/chlorella-spirulina-bio-200-comprimidos-physalis\/#primaryimage"},"image":{"@id":"https:\/\/www.lifenatura.com\/es\/produto\/chlorella-spirulina-bio-200-comprimidos-physalis\/#primaryimage"},"thumbnailUrl":"https:\/\/www.lifenatura.com\/wp-content\/uploads\/2025\/10\/clorela-spirulina-comprimidos-physalis.jpg","datePublished":"2025-10-27T19:21:09+00:00","dateModified":"2025-11-28T11:50:39+00:00","description":"Chlorella + Spirulina Bio Physalis - superalimentos ecol\u00f3gicos para la energ\u00eda, la vitalidad, la depuraci\u00f3n natural y el apoyo inmunitario.","breadcrumb":{"@id":"https:\/\/www.lifenatura.com\/es\/produto\/chlorella-spirulina-bio-200-comprimidos-physalis\/#breadcrumb"},"inLanguage":"es","potentialAction":[{"@type":"ReadAction","target":["https:\/\/www.lifenatura.com\/es\/produto\/chlorella-spirulina-bio-200-comprimidos-physalis\/"]}]},{"@type":"ImageObject","inLanguage":"es","@id":"https:\/\/www.lifenatura.com\/es\/produto\/chlorella-spirulina-bio-200-comprimidos-physalis\/#primaryimage","url":"https:\/\/www.lifenatura.com\/wp-content\/uploads\/2025\/10\/clorela-spirulina-comprimidos-physalis.jpg","contentUrl":"https:\/\/www.lifenatura.com\/wp-content\/uploads\/2025\/10\/clorela-spirulina-comprimidos-physalis.jpg","width":1000,"height":1000,"caption":"Chlorella Spirulina physalis comprimidos"},{"@type":"BreadcrumbList","@id":"https:\/\/www.lifenatura.com\/es\/produto\/chlorella-spirulina-bio-200-comprimidos-physalis\/#breadcrumb","itemListElement":[{"@type":"ListItem","position":1,"name":"In\u00edcio","item":"https:\/\/www.lifenatura.com\/es\/"},{"@type":"ListItem","position":2,"name":"Todos los Productos","item":"https:\/\/www.lifenatura.com\/es\/tienda\/"},{"@type":"ListItem","position":3,"name":"Chlorella + Spirulina Bio 200 Comprimidos &#8211; Physalis"}]},{"@type":"WebSite","@id":"https:\/\/www.lifenatura.com\/es\/#website","url":"https:\/\/www.lifenatura.com\/es\/","name":"Lifenatura","description":"A Lifenatura \u00e9 uma loja de produtos naturais, cosm\u00e9tica natural e alimenta\u00e7\u00e3o Biol\u00f3gica.","publisher":{"@id":"https:\/\/www.lifenatura.com\/es\/#organization"},"potentialAction":[{"@type":"SearchAction","target":{"@type":"EntryPoint","urlTemplate":"https:\/\/www.lifenatura.com\/es\/?s={search_term_string}"},"query-input":{"@type":"PropertyValueSpecification","valueRequired":true,"valueName":"search_term_string"}}],"inLanguage":"es"},{"@type":"Organization","@id":"https:\/\/www.lifenatura.com\/es\/#organization","name":"Lifenatura","url":"https:\/\/www.lifenatura.com\/es\/","logo":{"@type":"ImageObject","inLanguage":"es","@id":"https:\/\/www.lifenatura.com\/es\/#\/schema\/logo\/image\/","url":"https:\/\/www.lifenatura.com\/wp-content\/uploads\/2021\/07\/logo.png","contentUrl":"https:\/\/www.lifenatura.com\/wp-content\/uploads\/2021\/07\/logo.png","width":175,"height":55,"caption":"Lifenatura"},"image":{"@id":"https:\/\/www.lifenatura.com\/es\/#\/schema\/logo\/image\/"},"sameAs":["https:\/\/www.facebook.com\/lifenatura","https:\/\/www.instagram.com\/lifenaturapt\/"],"hasMerchantReturnPolicy":{"@type":"MerchantReturnPolicy","merchantReturnLink":"https:\/\/www.lifenatura.com\/termos-condicoes-lifenatura\/"}}]},"product_price_amount":"22.13","product_price_currency":"EUR","og_availability":"instock","product_availability":"instock","product_retailer_item_id":"5412360005598","product_condition":"new"},"df_price":22.13,"df_sale_price":"","df_regular_price":22.13,"df_image_link":"https:\/\/www.lifenatura.com\/wp-content\/uploads\/2025\/10\/clorela-spirulina-comprimidos-physalis-300x300.jpg","_links":{"self":[{"href":"https:\/\/www.lifenatura.com\/es\/wp-json\/wp\/v2\/product\/122219","targetHints":{"allow":["GET"]}}],"collection":[{"href":"https:\/\/www.lifenatura.com\/es\/wp-json\/wp\/v2\/product"}],"about":[{"href":"https:\/\/www.lifenatura.com\/es\/wp-json\/wp\/v2\/types\/product"}],"wp:featuredmedia":[{"embeddable":true,"href":"https:\/\/www.lifenatura.com\/es\/wp-json\/wp\/v2\/media\/119842"}],"wp:attachment":[{"href":"https:\/\/www.lifenatura.com\/es\/wp-json\/wp\/v2\/media?parent=122219"}],"wp:term":[{"taxonomy":"product_brand","embeddable":true,"href":"https:\/\/www.lifenatura.com\/es\/wp-json\/wp\/v2\/product_brand?post=122219"},{"taxonomy":"product_cat","embeddable":true,"href":"https:\/\/www.lifenatura.com\/es\/wp-json\/wp\/v2\/product_cat?post=122219"},{"taxonomy":"product_tag","embeddable":true,"href":"https:\/\/www.lifenatura.com\/es\/wp-json\/wp\/v2\/product_tag?post=122219"}],"curies":[{"name":"wp","href":"https:\/\/api.w.org\/{rel}","templated":true}]}}