{"id":122218,"date":"2025-10-27T19:21:19","date_gmt":"2025-10-27T19:21:19","guid":{"rendered":"https:\/\/www.lifenatura.com\/produto\/infusion-liver-protect-20-sobres-physalis\/"},"modified":"2025-12-03T19:55:32","modified_gmt":"2025-12-03T19:55:32","slug":"infusion-liver-protect-20-sobres-physalis","status":"publish","type":"product","link":"https:\/\/www.lifenatura.com\/es\/produto\/infusion-liver-protect-20-sobres-physalis\/","title":{"rendered":"Liver Protect Infusi\u00f3n 20 sobres &#8211; Physalis"},"content":{"rendered":"<h2 style=\"text-align: left;\" data-start=\"0\" data-end=\"78\"><strong data-start=\"3\" data-end=\"78\">Protege el h\u00edgado apoyar la funci\u00f3n hep\u00e1tica Physalis<\/strong><\/h2>\n<p>&nbsp;<\/p>\n<p data-start=\"80\" data-end=\"565\">La infusi\u00f3n <strong data-start=\"90\" data-end=\"164\">Liver Protect Bio de Physalis (20 sobres)<\/strong> es una f\u00f3rmula vegetal 100% ecol\u00f3gica, ideal para apoyar la funci\u00f3n hep\u00e1tica, favorecer la desintoxicaci\u00f3n y potenciar la sensaci\u00f3n de ligereza del organismo. La composici\u00f3n incluye plantas tradicionales como la alcachofa, la achicoria silvestre, la c\u00farcuma, el diente de le\u00f3n, el boldo, el romero, el regaliz y la menta, todas procedentes de la agricultura ecol\u00f3gica.<\/p>\n<p data-start=\"567\" data-end=\"1309\">El h\u00edgado es el principal \u00f3rgano responsable de depurar el organismo, procesar las toxinas, metabolizar las grasas y contribuir al equilibrio metab\u00f3lico. Esta infusi\u00f3n est\u00e1 dise\u00f1ada para proporcionar un apoyo natural en las fases de mayor demanda hep\u00e1tica, como despu\u00e9s de comer en exceso, en periodos de hidrataci\u00f3n reducida o de consumo de alcohol. La alcachofa contribuye a la desintoxicaci\u00f3n hep\u00e1tica, mientras que el diente de le\u00f3n y la c\u00farcuma ayudan a proteger las c\u00e9lulas hep\u00e1ticas contra los radicales libres. Su sabor dulce y agradable hace que sea f\u00e1cil de consumir y adaptar a tu rutina diaria: basta con infusionar una bolsita en agua caliente durante 5 minutos y podr\u00e1s tomar hasta 3 tazas al d\u00eda.<\/p>\n<p data-start=\"1311\" data-end=\"1340\"><strong data-start=\"1315\" data-end=\"1340\">Principales ventajas<\/strong><\/p>\n<ul data-start=\"1341\" data-end=\"1833\">\n<li data-start=\"1341\" data-end=\"1435\">\n<p data-start=\"1343\" data-end=\"1435\">Favorece <strong data-start=\"1351\" data-end=\"1378\">la funci\u00f3n hep\u00e1tica normal<\/strong>, contribuyendo a una depuraci\u00f3n eficaz y equilibrada.<\/p>\n<\/li>\n<li data-start=\"1436\" data-end=\"1538\">\n<p data-start=\"1438\" data-end=\"1538\">Ayuda a <strong data-start=\"1447\" data-end=\"1483\">eliminar las toxinas acumuladas<\/strong> con plantas como la alcachofa, el boldo y el diente de le\u00f3n.<\/p>\n<\/li>\n<li data-start=\"1539\" data-end=\"1660\">\n<p data-start=\"1541\" data-end=\"1660\">Protege <strong data-start=\"1552\" data-end=\"1599\">las c\u00e9lulas hep\u00e1ticas contra el estr\u00e9s oxidativo<\/strong> gracias a la acci\u00f3n antioxidante de la c\u00farcuma y el diente de le\u00f3n.<\/p>\n<\/li>\n<li data-start=\"1661\" data-end=\"1742\">\n<p data-start=\"1663\" data-end=\"1742\">F\u00f3rmula ecol\u00f3gica de gran pureza, 100% vegetal y sin aditivos artificiales.<\/p>\n<\/li>\n<li data-start=\"1743\" data-end=\"1833\">\n<p data-start=\"1745\" data-end=\"1833\">Es f\u00e1cil de <strong data-start=\"1757\" data-end=\"1789\">integrar en tu rutina<\/strong>, con un sabor suave y un consumo sencillo.<\/p>\n<\/li>\n<\/ul>\n<p data-start=\"1835\" data-end=\"1856\"><strong data-start=\"1839\" data-end=\"1856\">Adecuado para<\/strong><\/p>\n<p data-start=\"1857\" data-end=\"1900\">Esta infusi\u00f3n est\u00e1 indicada para adultos que<\/p>\n<ul data-start=\"1901\" data-end=\"2316\">\n<li data-start=\"1901\" data-end=\"1996\">\n<p data-start=\"1903\" data-end=\"1996\">Quieren proporcionar un apoyo natural a la salud hep\u00e1tica y al proceso de desintoxicaci\u00f3n del organismo.<\/p>\n<\/li>\n<li data-start=\"1997\" data-end=\"2115\">\n<p data-start=\"1999\" data-end=\"2115\">Pasaron por periodos de mayor carga hep\u00e1tica, como tras fines de semana m\u00e1s exigentes o comidas copiosas.<\/p>\n<\/li>\n<li data-start=\"2116\" data-end=\"2223\">\n<p data-start=\"2118\" data-end=\"2223\">Su objetivo es mejorar la sensaci\u00f3n de ligereza, reduciendo la fatiga o la hinchaz\u00f3n asociada al aparato digestivo.<\/p>\n<\/li>\n<li data-start=\"2224\" data-end=\"2316\">\n<p data-start=\"2226\" data-end=\"2316\">Prefieren f\u00f3rmulas ecol\u00f3gicas, vegetales, f\u00e1ciles de preparar y de sabor agradable.<\/p>\n<\/li>\n<\/ul>\n<p><strong>Presentaci\u00f3n:<\/strong><\/p>\n<p>20 sobres.<\/p>\n<p>&nbsp;<\/p>\n","protected":false},"excerpt":{"rendered":"<p>Bioinfusi\u00f3n Protectora del H\u00edgado Physalis &#8211; mezcla org\u00e1nica con alcachofa, diente de le\u00f3n y c\u00farcuma para el apoyo hep\u00e1tico, la desintoxicaci\u00f3n y el bienestar interno. [&#8230;]<\/p>\n<p><a class=\"btn btn-secondary understrap-read-more-link\" href=\"https:\/\/www.lifenatura.com\/es\/produto\/infusion-liver-protect-20-sobres-physalis\/\">Leer m\u00e1s&#8230;<span class=\"screen-reader-text\"> from Liver Protect Infusi\u00f3n 20 sobres &#8211; Physalis<\/span><\/a><\/p>\n","protected":false},"featured_media":119850,"template":"","meta":{"_acf_changed":false},"product_brand":[8318],"product_cat":[7064,7065,7071],"product_tag":[],"class_list":{"0":"post-122218","1":"product","2":"type-product","3":"status-publish","4":"has-post-thumbnail","6":"product_brand-physalis-es","7":"product_cat-alimentacion-sana","8":"product_cat-bebidas","9":"product_cat-tes-y-infusiones","11":"first","12":"instock","13":"shipping-taxable","14":"purchasable","15":"product-type-simple","16":"add-to-wishlist-before_image"},"acf":[],"yoast_head":"<!-- This site is optimized with the Yoast SEO Premium plugin v27.1 (Yoast SEO v27.4) - https:\/\/yoast.com\/product\/yoast-seo-premium-wordpress\/ -->\n<title>Liver Protect Infusi\u00f3n 20 sobres - Physalis - Lifenatura<\/title>\n<meta name=\"description\" content=\"Infusi\u00f3n Protectora del H\u00edgado Eco con alcachofa, diente de le\u00f3n y c\u00farcuma para el apoyo hep\u00e1tico, la desintoxicaci\u00f3n y el bienestar interno.\" \/>\n<meta name=\"robots\" content=\"index, follow, max-snippet:-1, max-image-preview:large, max-video-preview:-1\" \/>\n<link rel=\"canonical\" href=\"https:\/\/www.lifenatura.com\/es\/produto\/infusion-liver-protect-20-sobres-physalis\/\" \/>\n<meta property=\"og:locale\" content=\"es_ES\" \/>\n<meta property=\"og:type\" content=\"article\" \/>\n<meta property=\"og:title\" content=\"Liver Protect Infusi\u00f3n 20 sobres - Physalis - Lifenatura\" \/>\n<meta property=\"og:description\" content=\"Compre aqui o seu Liver Protect Infusi\u00f3n 20 sobres - Physalis e a Lifenatura Online envia em 48 H com Portes Gratis &gt;35\u20ac de Pedido.\" \/>\n<meta property=\"og:url\" content=\"https:\/\/www.lifenatura.com\/es\/produto\/infusion-liver-protect-20-sobres-physalis\/\" \/>\n<meta property=\"og:site_name\" content=\"Lifenatura\" \/>\n<meta property=\"article:publisher\" content=\"https:\/\/www.facebook.com\/lifenatura\" \/>\n<meta property=\"article:modified_time\" content=\"2025-12-03T19:55:32+00:00\" \/>\n<meta property=\"og:image\" content=\"https:\/\/www.lifenatura.com\/wp-content\/uploads\/2025\/10\/liver-protect-infusao-physalis.jpg\" \/>\n\t<meta property=\"og:image:width\" content=\"1000\" \/>\n\t<meta property=\"og:image:height\" content=\"1000\" \/>\n\t<meta property=\"og:image:type\" content=\"image\/jpeg\" \/>\n<meta name=\"twitter:card\" content=\"summary_large_image\" \/>\n<meta name=\"twitter:label1\" content=\"Precio\" \/>\n\t<meta name=\"twitter:data1\" content=\"5,51&nbsp;&euro;\" \/>\n\t<meta name=\"twitter:label2\" content=\"Disponibilidad\" \/>\n\t<meta name=\"twitter:data2\" content=\"Disponible\" \/>\n<meta property=\"product:price:amount\" content=\"5.51\" \/>\n<meta property=\"product:price:currency\" content=\"EUR\" \/>\n<meta property=\"og:availability\" content=\"instock\" \/>\n<meta property=\"product:availability\" content=\"instock\" \/>\n<meta property=\"product:retailer_item_id\" content=\"5412360020058\" \/>\n<meta property=\"product:condition\" content=\"new\" \/>\n<!-- \/ Yoast SEO Premium plugin. -->","yoast_head_json":{"title":"Liver Protect Infusi\u00f3n 20 sobres - Physalis - Lifenatura","description":"Infusi\u00f3n Protectora del H\u00edgado Eco con alcachofa, diente de le\u00f3n y c\u00farcuma para el apoyo hep\u00e1tico, la desintoxicaci\u00f3n y el bienestar interno.","robots":{"index":"index","follow":"follow","max-snippet":"max-snippet:-1","max-image-preview":"max-image-preview:large","max-video-preview":"max-video-preview:-1"},"canonical":"https:\/\/www.lifenatura.com\/es\/produto\/infusion-liver-protect-20-sobres-physalis\/","og_locale":"es_ES","og_type":"article","og_title":"Liver Protect Infusi\u00f3n 20 sobres - Physalis - Lifenatura","og_description":"Compre aqui o seu Liver Protect Infusi\u00f3n 20 sobres - Physalis e a Lifenatura Online envia em 48 H com Portes Gratis >35\u20ac de Pedido.","og_url":"https:\/\/www.lifenatura.com\/es\/produto\/infusion-liver-protect-20-sobres-physalis\/","og_site_name":"Lifenatura","article_publisher":"https:\/\/www.facebook.com\/lifenatura","article_modified_time":"2025-12-03T19:55:32+00:00","og_image":[{"width":1000,"height":1000,"url":"https:\/\/www.lifenatura.com\/wp-content\/uploads\/2025\/10\/liver-protect-infusao-physalis.jpg","type":"image\/jpeg"}],"twitter_card":"summary_large_image","twitter_misc":{"Precio":"5,51&nbsp;&euro;","Disponibilidad":"Disponible"},"schema":{"@context":"https:\/\/schema.org","@graph":[{"@type":"WebPage","@id":"https:\/\/www.lifenatura.com\/es\/produto\/infusion-liver-protect-20-sobres-physalis\/","url":"https:\/\/www.lifenatura.com\/es\/produto\/infusion-liver-protect-20-sobres-physalis\/","name":"Liver Protect Infusi\u00f3n 20 sobres - Physalis - Lifenatura","isPartOf":{"@id":"https:\/\/www.lifenatura.com\/#website"},"primaryImageOfPage":{"@id":"https:\/\/www.lifenatura.com\/es\/produto\/infusion-liver-protect-20-sobres-physalis\/#primaryimage"},"image":{"@id":"https:\/\/www.lifenatura.com\/es\/produto\/infusion-liver-protect-20-sobres-physalis\/#primaryimage"},"thumbnailUrl":"https:\/\/www.lifenatura.com\/wp-content\/uploads\/2025\/10\/liver-protect-infusao-physalis.jpg","datePublished":"2025-10-27T19:21:19+00:00","dateModified":"2025-12-03T19:55:32+00:00","description":"Infusi\u00f3n Protectora del H\u00edgado Eco con alcachofa, diente de le\u00f3n y c\u00farcuma para el apoyo hep\u00e1tico, la desintoxicaci\u00f3n y el bienestar interno.","breadcrumb":{"@id":"https:\/\/www.lifenatura.com\/es\/produto\/infusion-liver-protect-20-sobres-physalis\/#breadcrumb"},"inLanguage":"es","potentialAction":[{"@type":"ReadAction","target":["https:\/\/www.lifenatura.com\/es\/produto\/infusion-liver-protect-20-sobres-physalis\/"]}]},{"@type":"ImageObject","inLanguage":"es","@id":"https:\/\/www.lifenatura.com\/es\/produto\/infusion-liver-protect-20-sobres-physalis\/#primaryimage","url":"https:\/\/www.lifenatura.com\/wp-content\/uploads\/2025\/10\/liver-protect-infusao-physalis.jpg","contentUrl":"https:\/\/www.lifenatura.com\/wp-content\/uploads\/2025\/10\/liver-protect-infusao-physalis.jpg","width":1000,"height":1000,"caption":"H\u00edgado Proteger la infusi\u00f3n de physalis"},{"@type":"BreadcrumbList","@id":"https:\/\/www.lifenatura.com\/es\/produto\/infusion-liver-protect-20-sobres-physalis\/#breadcrumb","itemListElement":[{"@type":"ListItem","position":1,"name":"In\u00edcio","item":"https:\/\/www.lifenatura.com\/es\/"},{"@type":"ListItem","position":2,"name":"Todos los Productos","item":"https:\/\/www.lifenatura.com\/es\/tienda\/"},{"@type":"ListItem","position":3,"name":"Liver Protect Infusi\u00f3n 20 sobres &#8211; Physalis"}]},{"@type":"WebSite","@id":"https:\/\/www.lifenatura.com\/#website","url":"https:\/\/www.lifenatura.com\/","name":"Lifenatura","description":"A Lifenatura \u00e9 uma loja de produtos naturais, cosm\u00e9tica natural e alimenta\u00e7\u00e3o Biol\u00f3gica.","publisher":{"@id":"https:\/\/www.lifenatura.com\/#organization"},"potentialAction":[{"@type":"SearchAction","target":{"@type":"EntryPoint","urlTemplate":"https:\/\/www.lifenatura.com\/?s={search_term_string}"},"query-input":{"@type":"PropertyValueSpecification","valueRequired":true,"valueName":"search_term_string"}}],"inLanguage":"es"},{"@type":"Organization","@id":"https:\/\/www.lifenatura.com\/#organization","name":"Lifenatura","url":"https:\/\/www.lifenatura.com\/","logo":{"@type":"ImageObject","inLanguage":"es","@id":"https:\/\/www.lifenatura.com\/#\/schema\/logo\/image\/","url":"https:\/\/www.lifenatura.com\/wp-content\/uploads\/2021\/11\/logo.png","contentUrl":"https:\/\/www.lifenatura.com\/wp-content\/uploads\/2021\/11\/logo.png","width":175,"height":55,"caption":"Lifenatura"},"image":{"@id":"https:\/\/www.lifenatura.com\/#\/schema\/logo\/image\/"},"sameAs":["https:\/\/www.facebook.com\/lifenatura","https:\/\/www.instagram.com\/lifenaturapt\/"]}]},"product_price_amount":"5.51","product_price_currency":"EUR","og_availability":"instock","product_availability":"instock","product_retailer_item_id":"5412360020058","product_condition":"new"},"df_price":5.51,"df_sale_price":"","df_regular_price":5.51,"df_image_link":"https:\/\/www.lifenatura.com\/wp-content\/uploads\/2025\/10\/liver-protect-infusao-physalis-300x300.jpg","_links":{"self":[{"href":"https:\/\/www.lifenatura.com\/es\/wp-json\/wp\/v2\/product\/122218","targetHints":{"allow":["GET"]}}],"collection":[{"href":"https:\/\/www.lifenatura.com\/es\/wp-json\/wp\/v2\/product"}],"about":[{"href":"https:\/\/www.lifenatura.com\/es\/wp-json\/wp\/v2\/types\/product"}],"wp:featuredmedia":[{"embeddable":true,"href":"https:\/\/www.lifenatura.com\/es\/wp-json\/wp\/v2\/media\/119850"}],"wp:attachment":[{"href":"https:\/\/www.lifenatura.com\/es\/wp-json\/wp\/v2\/media?parent=122218"}],"wp:term":[{"taxonomy":"product_brand","embeddable":true,"href":"https:\/\/www.lifenatura.com\/es\/wp-json\/wp\/v2\/product_brand?post=122218"},{"taxonomy":"product_cat","embeddable":true,"href":"https:\/\/www.lifenatura.com\/es\/wp-json\/wp\/v2\/product_cat?post=122218"},{"taxonomy":"product_tag","embeddable":true,"href":"https:\/\/www.lifenatura.com\/es\/wp-json\/wp\/v2\/product_tag?post=122218"}],"curies":[{"name":"wp","href":"https:\/\/api.w.org\/{rel}","templated":true}]}}