{"id":122217,"date":"2025-10-27T19:21:17","date_gmt":"2025-10-27T19:21:17","guid":{"rendered":"https:\/\/www.lifenatura.com\/produto\/hepaplex-bio-75ml-physalis\/"},"modified":"2025-12-03T19:50:01","modified_gmt":"2025-12-03T19:50:01","slug":"hepaplex-bio-75ml-physalis","status":"publish","type":"product","link":"https:\/\/www.lifenatura.com\/es\/produto\/hepaplex-bio-75ml-physalis\/","title":{"rendered":"Hepaplex Bio 75ml &#8211; Physalis"},"content":{"rendered":"<h2 style=\"text-align: left;\" data-start=\"0\" data-end=\"76\"><strong data-start=\"3\" data-end=\"76\">Hepaplex Bio favorecer la funci\u00f3n hep\u00e1tica con Physalis<\/strong><\/h2>\n<p>&nbsp;<\/p>\n<p data-start=\"78\" data-end=\"641\">El suplemento <strong data-start=\"91\" data-end=\"154\">Hepaplex Bio de Physalis (75 ml)<\/strong> se ha formulado para favorecer la funci\u00f3n hep\u00e1tica y promover la desintoxicaci\u00f3n natural del organismo. Seg\u00fan la marca, esta f\u00f3rmula combina extractos biol\u00f3gicos como Silybum marianum (cardo mariano), Cynara scolymus (alcachofa), Taraxacum officinale (diente de le\u00f3n), Curcuma longa (c\u00farcuma), Raphanus sativus (r\u00e1bano negro), Peumus boldus (boldo) y otras plantas filtradoras, que act\u00faan sin\u00e9rgicamente para favorecer la funci\u00f3n del h\u00edgado y la ves\u00edcula biliar.<\/p>\n<p data-start=\"643\" data-end=\"1307\">El h\u00edgado es el principal \u00f3rgano responsable de metabolizar las grasas, filtrar las toxinas y proporcionar al organismo un apoyo metab\u00f3lico general. La f\u00f3rmula de esta sinergia de plantas pretende precisamente aligerar la carga del h\u00edgado, favoreciendo su funci\u00f3n depuradora y contribuyendo a un funcionamiento m\u00e1s equilibrado del organismo. El diente de le\u00f3n estimula la liberaci\u00f3n de bilis e influye positivamente en la flora intestinal, mientras que la c\u00farcuma ayuda a mantener un h\u00edgado sano y activa el metabolismo de las grasas. La versi\u00f3n &#8220;Bio&#8221; garantiza que todos los extractos son de origen org\u00e1nico, sin pesticidas ni aditivos artificiales.<\/p>\n<p data-start=\"1309\" data-end=\"1338\"><strong data-start=\"1313\" data-end=\"1338\">Principales ventajas<\/strong><\/p>\n<ul data-start=\"1339\" data-end=\"2015\">\n<li data-start=\"1339\" data-end=\"1480\">\n<p data-start=\"1341\" data-end=\"1480\">Contribuye al <strong data-start=\"1358\" data-end=\"1403\">funcionamiento normal del h\u00edgado y la ves\u00edcula biliar<\/strong>, ayudando a depurar el organismo.<\/p>\n<\/li>\n<li data-start=\"1481\" data-end=\"1638\">\n<p data-start=\"1483\" data-end=\"1638\">Ayuda a <strong data-start=\"1492\" data-end=\"1528\">eliminar las toxinas acumuladas<\/strong> mediante la acci\u00f3n combinada del cardo mariano, el boldo y el diente de le\u00f3n.<\/p>\n<\/li>\n<li data-start=\"1639\" data-end=\"1770\">\n<p data-start=\"1641\" data-end=\"1770\">Apoya <strong data-start=\"1649\" data-end=\"1677\">el metabolismo de las grasas<\/strong>, favoreciendo la funci\u00f3n hep\u00e1tica y digestiva.<\/p>\n<\/li>\n<li data-start=\"1771\" data-end=\"1908\">\n<p data-start=\"1773\" data-end=\"1908\">F\u00f3rmula ecol\u00f3gica, ideal para quienes buscan suplementos de origen natural y rigor nutricional.<\/p>\n<\/li>\n<li data-start=\"1909\" data-end=\"2015\">\n<p data-start=\"1911\" data-end=\"2015\">Un suplemento l\u00edquido f\u00e1cil de tomar que puede integrarse en una rutina de bienestar general.<\/p>\n<\/li>\n<\/ul>\n<p data-start=\"2017\" data-end=\"2038\"><strong data-start=\"2021\" data-end=\"2038\">Adecuado para<\/strong><\/p>\n<p data-start=\"2039\" data-end=\"2088\">Este suplemento est\u00e1 recomendado para adultos que<\/p>\n<ul data-start=\"2089\" data-end=\"2517\">\n<li data-start=\"2089\" data-end=\"2191\">\n<p data-start=\"2091\" data-end=\"2191\">Quieren potenciar la funci\u00f3n hep\u00e1tica y la capacidad del organismo para eliminar toxinas.<\/p>\n<\/li>\n<li data-start=\"2192\" data-end=\"2312\">\n<p data-start=\"2194\" data-end=\"2312\">Se encuentran en fases de mayor demanda metab\u00f3lica, como tras un exceso de comida, alcohol, caf\u00e9 o exposici\u00f3n a la contaminaci\u00f3n.<\/p>\n<\/li>\n<li data-start=\"2313\" data-end=\"2420\">\n<p data-start=\"2315\" data-end=\"2420\">Buscan un apoyo natural para la digesti\u00f3n, el metabolismo de los l\u00edpidos y el mantenimiento de la sensaci\u00f3n de ligereza.<\/p>\n<\/li>\n<li data-start=\"2421\" data-end=\"2517\">\n<p data-start=\"2423\" data-end=\"2517\">Valoran las f\u00f3rmulas ecol\u00f3gicas con ingredientes bot\u00e1nicos tradicionales de alta calidad.<\/p>\n<\/li>\n<\/ul>\n<p><strong>Presentaci\u00f3n:<\/strong><\/p>\n<p>75 ml.<\/p>\n<p>&nbsp;<\/p>\n","protected":false},"excerpt":{"rendered":"<p>Hepaplex Bio Physalis &#8211; sinergia de plantas org\u00e1nicas con cardo mariano, alcachofa, diente de le\u00f3n y c\u00farcuma para el apoyo hep\u00e1tico, la desintoxicaci\u00f3n y el bienestar general. [&#8230;]<\/p>\n<p><a class=\"btn btn-secondary understrap-read-more-link\" href=\"https:\/\/www.lifenatura.com\/es\/produto\/hepaplex-bio-75ml-physalis\/\">Leer m\u00e1s&#8230;<span class=\"screen-reader-text\"> from Hepaplex Bio 75ml &#8211; Physalis<\/span><\/a><\/p>\n","protected":false},"featured_media":119856,"template":"","meta":{"_acf_changed":false},"product_brand":[8318],"product_cat":[7677,7254,7659,7179,7883],"product_tag":[],"class_list":{"0":"post-122217","1":"product","2":"type-product","3":"status-publish","4":"has-post-thumbnail","6":"product_brand-physalis-es","7":"product_cat-cardo-mariano-bio","8":"product_cat-higado-vesicula","9":"product_cat-ingrediente-natural-bio","10":"product_cat-salud","11":"product_cat-suplementos-alimenticios","13":"first","14":"instock","15":"shipping-taxable","16":"purchasable","17":"product-type-simple","18":"add-to-wishlist-before_image"},"acf":[],"yoast_head":"<!-- This site is optimized with the Yoast SEO Premium plugin v27.1 (Yoast SEO v27.5) - https:\/\/yoast.com\/product\/yoast-seo-premium-wordpress\/ -->\n<title>Hepaplex Bio 75ml - Physalis - Na Lifenatura ao Melhor Pre\u00e7o | Envio em 48h<\/title>\n<meta name=\"description\" content=\"Hepaplex Bio Physalis sinergia de plantas org\u00e1nicas con cardo mariano, alcachofa, diente de le\u00f3n y c\u00farcuma para el apoyo hep\u00e1tico, la desintoxicaci\u00f3n.\" \/>\n<meta name=\"robots\" content=\"index, follow, max-snippet:-1, max-image-preview:large, max-video-preview:-1\" \/>\n<link rel=\"canonical\" href=\"https:\/\/www.lifenatura.com\/es\/produto\/hepaplex-bio-75ml-physalis\/\" \/>\n<meta property=\"og:locale\" content=\"es_ES\" \/>\n<meta property=\"og:type\" content=\"article\" \/>\n<meta property=\"og:title\" content=\"Hepaplex Bio 75ml - Physalis - Na Lifenatura ao Melhor Pre\u00e7o | Envio 48h\" \/>\n<meta property=\"og:description\" content=\"Compre Hepaplex Bio 75ml - Physalis com envio r\u00e1pido. Entrega em 48h e portes gr\u00e1tis em compras &gt;35\u20ac. Aproveite j\u00e1 na Lifenatura\" \/>\n<meta property=\"og:url\" content=\"https:\/\/www.lifenatura.com\/es\/produto\/hepaplex-bio-75ml-physalis\/\" \/>\n<meta property=\"og:site_name\" content=\"Lifenatura\" \/>\n<meta property=\"article:publisher\" content=\"https:\/\/www.facebook.com\/lifenatura\" \/>\n<meta property=\"article:modified_time\" content=\"2025-12-03T19:50:01+00:00\" \/>\n<meta property=\"og:image\" content=\"https:\/\/www.lifenatura.com\/wp-content\/uploads\/2025\/10\/hepaplex-physalis.jpg\" \/>\n\t<meta property=\"og:image:width\" content=\"1000\" \/>\n\t<meta property=\"og:image:height\" content=\"1000\" \/>\n\t<meta property=\"og:image:type\" content=\"image\/jpeg\" \/>\n<meta name=\"twitter:card\" content=\"summary_large_image\" \/>\n<meta name=\"twitter:label1\" content=\"Precio\" \/>\n\t<meta name=\"twitter:data1\" content=\"19,90&nbsp;&euro;\" \/>\n\t<meta name=\"twitter:label2\" content=\"Disponibilidad\" \/>\n\t<meta name=\"twitter:data2\" content=\"Disponible\" \/>\n<script type=\"application\/ld+json\" class=\"yoast-schema-graph\">{\"@context\":\"https:\\\/\\\/schema.org\",\"@graph\":[{\"@type\":\"WebPage\",\"@id\":\"https:\\\/\\\/www.lifenatura.com\\\/es\\\/produto\\\/hepaplex-bio-75ml-physalis\\\/\",\"url\":\"https:\\\/\\\/www.lifenatura.com\\\/es\\\/produto\\\/hepaplex-bio-75ml-physalis\\\/\",\"name\":\"Hepaplex Bio 75ml - Physalis - Na Lifenatura ao Melhor Pre\u00e7o | Envio em 48h\",\"isPartOf\":{\"@id\":\"https:\\\/\\\/www.lifenatura.com\\\/es\\\/#website\"},\"primaryImageOfPage\":{\"@id\":\"https:\\\/\\\/www.lifenatura.com\\\/es\\\/produto\\\/hepaplex-bio-75ml-physalis\\\/#primaryimage\"},\"image\":{\"@id\":\"https:\\\/\\\/www.lifenatura.com\\\/es\\\/produto\\\/hepaplex-bio-75ml-physalis\\\/#primaryimage\"},\"thumbnailUrl\":\"https:\\\/\\\/www.lifenatura.com\\\/wp-content\\\/uploads\\\/2025\\\/10\\\/hepaplex-physalis.jpg\",\"datePublished\":\"2025-10-27T19:21:17+00:00\",\"dateModified\":\"2025-12-03T19:50:01+00:00\",\"description\":\"Hepaplex Bio Physalis sinergia de plantas org\u00e1nicas con cardo mariano, alcachofa, diente de le\u00f3n y c\u00farcuma para el apoyo hep\u00e1tico, la desintoxicaci\u00f3n.\",\"breadcrumb\":{\"@id\":\"https:\\\/\\\/www.lifenatura.com\\\/es\\\/produto\\\/hepaplex-bio-75ml-physalis\\\/#breadcrumb\"},\"inLanguage\":\"es\",\"potentialAction\":[{\"@type\":\"ReadAction\",\"target\":[\"https:\\\/\\\/www.lifenatura.com\\\/es\\\/produto\\\/hepaplex-bio-75ml-physalis\\\/\"]}]},{\"@type\":\"ImageObject\",\"inLanguage\":\"es\",\"@id\":\"https:\\\/\\\/www.lifenatura.com\\\/es\\\/produto\\\/hepaplex-bio-75ml-physalis\\\/#primaryimage\",\"url\":\"https:\\\/\\\/www.lifenatura.com\\\/wp-content\\\/uploads\\\/2025\\\/10\\\/hepaplex-physalis.jpg\",\"contentUrl\":\"https:\\\/\\\/www.lifenatura.com\\\/wp-content\\\/uploads\\\/2025\\\/10\\\/hepaplex-physalis.jpg\",\"width\":1000,\"height\":1000,\"caption\":\"hepaplex physalis\"},{\"@type\":\"BreadcrumbList\",\"@id\":\"https:\\\/\\\/www.lifenatura.com\\\/es\\\/produto\\\/hepaplex-bio-75ml-physalis\\\/#breadcrumb\",\"itemListElement\":[{\"@type\":\"ListItem\",\"position\":1,\"name\":\"In\u00edcio\",\"item\":\"https:\\\/\\\/www.lifenatura.com\\\/es\\\/\"},{\"@type\":\"ListItem\",\"position\":2,\"name\":\"Todos los Productos\",\"item\":\"https:\\\/\\\/www.lifenatura.com\\\/es\\\/tienda\\\/\"},{\"@type\":\"ListItem\",\"position\":3,\"name\":\"Hepaplex Bio 75ml &#8211; Physalis\"}]},{\"@type\":\"WebSite\",\"@id\":\"https:\\\/\\\/www.lifenatura.com\\\/es\\\/#website\",\"url\":\"https:\\\/\\\/www.lifenatura.com\\\/es\\\/\",\"name\":\"Lifenatura\",\"description\":\"A Lifenatura \u00e9 uma loja de produtos naturais, cosm\u00e9tica natural e alimenta\u00e7\u00e3o Biol\u00f3gica.\",\"publisher\":{\"@id\":\"https:\\\/\\\/www.lifenatura.com\\\/es\\\/#organization\"},\"potentialAction\":[{\"@type\":\"SearchAction\",\"target\":{\"@type\":\"EntryPoint\",\"urlTemplate\":\"https:\\\/\\\/www.lifenatura.com\\\/es\\\/?s={search_term_string}\"},\"query-input\":{\"@type\":\"PropertyValueSpecification\",\"valueRequired\":true,\"valueName\":\"search_term_string\"}}],\"inLanguage\":\"es\"},{\"@type\":\"Organization\",\"@id\":\"https:\\\/\\\/www.lifenatura.com\\\/es\\\/#organization\",\"name\":\"Lifenatura\",\"url\":\"https:\\\/\\\/www.lifenatura.com\\\/es\\\/\",\"logo\":{\"@type\":\"ImageObject\",\"inLanguage\":\"es\",\"@id\":\"https:\\\/\\\/www.lifenatura.com\\\/es\\\/#\\\/schema\\\/logo\\\/image\\\/\",\"url\":\"https:\\\/\\\/www.lifenatura.com\\\/wp-content\\\/uploads\\\/2021\\\/07\\\/logo.png\",\"contentUrl\":\"https:\\\/\\\/www.lifenatura.com\\\/wp-content\\\/uploads\\\/2021\\\/07\\\/logo.png\",\"width\":175,\"height\":55,\"caption\":\"Lifenatura\"},\"image\":{\"@id\":\"https:\\\/\\\/www.lifenatura.com\\\/es\\\/#\\\/schema\\\/logo\\\/image\\\/\"},\"sameAs\":[\"https:\\\/\\\/www.facebook.com\\\/lifenatura\",\"https:\\\/\\\/www.instagram.com\\\/lifenaturapt\\\/\"],\"hasMerchantReturnPolicy\":{\"@type\":\"MerchantReturnPolicy\",\"merchantReturnLink\":\"https:\\\/\\\/www.lifenatura.com\\\/termos-condicoes-lifenatura\\\/\"}}]}<\/script>\n<meta property=\"product:price:amount\" content=\"19.90\" \/>\n<meta property=\"product:price:currency\" content=\"EUR\" \/>\n<meta property=\"og:availability\" content=\"instock\" \/>\n<meta property=\"product:availability\" content=\"instock\" \/>\n<meta property=\"product:retailer_item_id\" content=\"5412360013739\" \/>\n<meta property=\"product:condition\" content=\"new\" \/>\n<!-- \/ Yoast SEO Premium plugin. -->","yoast_head_json":{"title":"Hepaplex Bio 75ml - Physalis - Na Lifenatura ao Melhor Pre\u00e7o | Envio em 48h","description":"Hepaplex Bio Physalis sinergia de plantas org\u00e1nicas con cardo mariano, alcachofa, diente de le\u00f3n y c\u00farcuma para el apoyo hep\u00e1tico, la desintoxicaci\u00f3n.","robots":{"index":"index","follow":"follow","max-snippet":"max-snippet:-1","max-image-preview":"max-image-preview:large","max-video-preview":"max-video-preview:-1"},"canonical":"https:\/\/www.lifenatura.com\/es\/produto\/hepaplex-bio-75ml-physalis\/","og_locale":"es_ES","og_type":"article","og_title":"Hepaplex Bio 75ml - Physalis - Na Lifenatura ao Melhor Pre\u00e7o | Envio 48h","og_description":"Compre Hepaplex Bio 75ml - Physalis com envio r\u00e1pido. Entrega em 48h e portes gr\u00e1tis em compras >35\u20ac. Aproveite j\u00e1 na Lifenatura","og_url":"https:\/\/www.lifenatura.com\/es\/produto\/hepaplex-bio-75ml-physalis\/","og_site_name":"Lifenatura","article_publisher":"https:\/\/www.facebook.com\/lifenatura","article_modified_time":"2025-12-03T19:50:01+00:00","og_image":[{"width":1000,"height":1000,"url":"https:\/\/www.lifenatura.com\/wp-content\/uploads\/2025\/10\/hepaplex-physalis.jpg","type":"image\/jpeg"}],"twitter_card":"summary_large_image","twitter_misc":{"Precio":"19,90&nbsp;&euro;","Disponibilidad":"Disponible"},"schema":{"@context":"https:\/\/schema.org","@graph":[{"@type":"WebPage","@id":"https:\/\/www.lifenatura.com\/es\/produto\/hepaplex-bio-75ml-physalis\/","url":"https:\/\/www.lifenatura.com\/es\/produto\/hepaplex-bio-75ml-physalis\/","name":"Hepaplex Bio 75ml - Physalis - Na Lifenatura ao Melhor Pre\u00e7o | Envio em 48h","isPartOf":{"@id":"https:\/\/www.lifenatura.com\/es\/#website"},"primaryImageOfPage":{"@id":"https:\/\/www.lifenatura.com\/es\/produto\/hepaplex-bio-75ml-physalis\/#primaryimage"},"image":{"@id":"https:\/\/www.lifenatura.com\/es\/produto\/hepaplex-bio-75ml-physalis\/#primaryimage"},"thumbnailUrl":"https:\/\/www.lifenatura.com\/wp-content\/uploads\/2025\/10\/hepaplex-physalis.jpg","datePublished":"2025-10-27T19:21:17+00:00","dateModified":"2025-12-03T19:50:01+00:00","description":"Hepaplex Bio Physalis sinergia de plantas org\u00e1nicas con cardo mariano, alcachofa, diente de le\u00f3n y c\u00farcuma para el apoyo hep\u00e1tico, la desintoxicaci\u00f3n.","breadcrumb":{"@id":"https:\/\/www.lifenatura.com\/es\/produto\/hepaplex-bio-75ml-physalis\/#breadcrumb"},"inLanguage":"es","potentialAction":[{"@type":"ReadAction","target":["https:\/\/www.lifenatura.com\/es\/produto\/hepaplex-bio-75ml-physalis\/"]}]},{"@type":"ImageObject","inLanguage":"es","@id":"https:\/\/www.lifenatura.com\/es\/produto\/hepaplex-bio-75ml-physalis\/#primaryimage","url":"https:\/\/www.lifenatura.com\/wp-content\/uploads\/2025\/10\/hepaplex-physalis.jpg","contentUrl":"https:\/\/www.lifenatura.com\/wp-content\/uploads\/2025\/10\/hepaplex-physalis.jpg","width":1000,"height":1000,"caption":"hepaplex physalis"},{"@type":"BreadcrumbList","@id":"https:\/\/www.lifenatura.com\/es\/produto\/hepaplex-bio-75ml-physalis\/#breadcrumb","itemListElement":[{"@type":"ListItem","position":1,"name":"In\u00edcio","item":"https:\/\/www.lifenatura.com\/es\/"},{"@type":"ListItem","position":2,"name":"Todos los Productos","item":"https:\/\/www.lifenatura.com\/es\/tienda\/"},{"@type":"ListItem","position":3,"name":"Hepaplex Bio 75ml &#8211; Physalis"}]},{"@type":"WebSite","@id":"https:\/\/www.lifenatura.com\/es\/#website","url":"https:\/\/www.lifenatura.com\/es\/","name":"Lifenatura","description":"A Lifenatura \u00e9 uma loja de produtos naturais, cosm\u00e9tica natural e alimenta\u00e7\u00e3o Biol\u00f3gica.","publisher":{"@id":"https:\/\/www.lifenatura.com\/es\/#organization"},"potentialAction":[{"@type":"SearchAction","target":{"@type":"EntryPoint","urlTemplate":"https:\/\/www.lifenatura.com\/es\/?s={search_term_string}"},"query-input":{"@type":"PropertyValueSpecification","valueRequired":true,"valueName":"search_term_string"}}],"inLanguage":"es"},{"@type":"Organization","@id":"https:\/\/www.lifenatura.com\/es\/#organization","name":"Lifenatura","url":"https:\/\/www.lifenatura.com\/es\/","logo":{"@type":"ImageObject","inLanguage":"es","@id":"https:\/\/www.lifenatura.com\/es\/#\/schema\/logo\/image\/","url":"https:\/\/www.lifenatura.com\/wp-content\/uploads\/2021\/07\/logo.png","contentUrl":"https:\/\/www.lifenatura.com\/wp-content\/uploads\/2021\/07\/logo.png","width":175,"height":55,"caption":"Lifenatura"},"image":{"@id":"https:\/\/www.lifenatura.com\/es\/#\/schema\/logo\/image\/"},"sameAs":["https:\/\/www.facebook.com\/lifenatura","https:\/\/www.instagram.com\/lifenaturapt\/"],"hasMerchantReturnPolicy":{"@type":"MerchantReturnPolicy","merchantReturnLink":"https:\/\/www.lifenatura.com\/termos-condicoes-lifenatura\/"}}]},"product_price_amount":"19.90","product_price_currency":"EUR","og_availability":"instock","product_availability":"instock","product_retailer_item_id":"5412360013739","product_condition":"new"},"df_price":19.9,"df_sale_price":"","df_regular_price":19.9,"df_image_link":"https:\/\/www.lifenatura.com\/wp-content\/uploads\/2025\/10\/hepaplex-physalis-300x300.jpg","_links":{"self":[{"href":"https:\/\/www.lifenatura.com\/es\/wp-json\/wp\/v2\/product\/122217","targetHints":{"allow":["GET"]}}],"collection":[{"href":"https:\/\/www.lifenatura.com\/es\/wp-json\/wp\/v2\/product"}],"about":[{"href":"https:\/\/www.lifenatura.com\/es\/wp-json\/wp\/v2\/types\/product"}],"wp:featuredmedia":[{"embeddable":true,"href":"https:\/\/www.lifenatura.com\/es\/wp-json\/wp\/v2\/media\/119856"}],"wp:attachment":[{"href":"https:\/\/www.lifenatura.com\/es\/wp-json\/wp\/v2\/media?parent=122217"}],"wp:term":[{"taxonomy":"product_brand","embeddable":true,"href":"https:\/\/www.lifenatura.com\/es\/wp-json\/wp\/v2\/product_brand?post=122217"},{"taxonomy":"product_cat","embeddable":true,"href":"https:\/\/www.lifenatura.com\/es\/wp-json\/wp\/v2\/product_cat?post=122217"},{"taxonomy":"product_tag","embeddable":true,"href":"https:\/\/www.lifenatura.com\/es\/wp-json\/wp\/v2\/product_tag?post=122217"}],"curies":[{"name":"wp","href":"https:\/\/api.w.org\/{rel}","templated":true}]}}