{"id":122214,"date":"2025-10-27T19:21:12","date_gmt":"2025-10-27T19:21:12","guid":{"rendered":"https:\/\/www.lifenatura.com\/produto\/infusion-detox-bio-20-bolsitas-physalis\/"},"modified":"2025-11-28T11:54:52","modified_gmt":"2025-11-28T11:54:52","slug":"infusion-detox-bio-20-bolsitas-physalis","status":"publish","type":"product","link":"https:\/\/www.lifenatura.com\/es\/produto\/infusion-detox-bio-20-bolsitas-physalis\/","title":{"rendered":"Infusi\u00f3n Detox Bio 20 Bolsitas &#8211; Physalis"},"content":{"rendered":"<h2 style=\"text-align: left;\" data-start=\"0\" data-end=\"79\"><strong data-start=\"3\" data-end=\"79\">Detox Bio &#8211; Physalis<\/strong><\/h2>\n<p>&nbsp;<\/p>\n<p data-start=\"81\" data-end=\"573\">La infusi\u00f3n <strong data-start=\"91\" data-end=\"130\">Physalis Detox Bio (20 sobres)<\/strong> es una soluci\u00f3n 100% org\u00e1nica dise\u00f1ada para favorecer la eliminaci\u00f3n de toxinas, promover la funci\u00f3n saludable de los ri\u00f1ones y el h\u00edgado y potenciar la vitalidad del organismo. Esta mezcla de hierbas -que incluye abedul, ortiga, vara de oro, hierba francesa, diente de le\u00f3n, hibisco y rosa mosqueta- ha sido cuidadosamente seleccionada para actuar en los procesos de depuraci\u00f3n, drenaje y mantenimiento de la energ\u00eda interna.<\/p>\n<p data-start=\"575\" data-end=\"1092\">Para quienes se sienten pesados, apagados o faltos de dinamismo, esta infusi\u00f3n es una forma natural de revitalizar el cuerpo y restablecer el equilibrio. El abedul y la vara de oro favorecen la eliminaci\u00f3n de toxinas a trav\u00e9s de los ri\u00f1ones, mientras que el diente de le\u00f3n y la hierba francesa ayudan a limpiar el organismo. El hibisco lo complementa con una acci\u00f3n que ayuda a mantener un buen nivel de energ\u00eda y vitalidad. El sabor es suave y agradable, por lo que es ideal para el consumo diario.<\/p>\n<p data-start=\"1094\" data-end=\"1123\"><strong data-start=\"1098\" data-end=\"1123\">Principales ventajas<\/strong><\/p>\n<ul data-start=\"1124\" data-end=\"1665\">\n<li data-start=\"1124\" data-end=\"1217\">\n<p data-start=\"1126\" data-end=\"1217\">Favorece la <strong data-start=\"1134\" data-end=\"1170\">eliminaci\u00f3n de las toxinas acumuladas<\/strong>, promoviendo la funci\u00f3n de purificaci\u00f3n interna.<\/p>\n<\/li>\n<li data-start=\"1218\" data-end=\"1358\">\n<p data-start=\"1220\" data-end=\"1358\">Ayuda al <strong data-start=\"1229\" data-end=\"1279\">drenaje corporal y alivia la sensaci\u00f3n de pesadez<\/strong>, especialmente en casos de retenci\u00f3n de l\u00edquidos o malestar tras las comidas.<\/p>\n<\/li>\n<li data-start=\"1359\" data-end=\"1467\">\n<p data-start=\"1361\" data-end=\"1467\">Contribuye a <strong data-start=\"1376\" data-end=\"1406\">una mayor vitalidad y energ\u00eda<\/strong>, lo que favorece el bienestar diario y la sensaci\u00f3n de ligereza.<\/p>\n<\/li>\n<li data-start=\"1468\" data-end=\"1576\">\n<p data-start=\"1470\" data-end=\"1576\">F\u00f3rmula ecol\u00f3gica, sin aditivos artificiales, adecuada para quienes buscan suplementos naturales y sostenibles.<\/p>\n<\/li>\n<li data-start=\"1577\" data-end=\"1665\">\n<p data-start=\"1579\" data-end=\"1665\">Ideal como complemento de una dieta equilibrada y ejercicio regular.<\/p>\n<\/li>\n<\/ul>\n<p data-start=\"1667\" data-end=\"1688\"><strong data-start=\"1671\" data-end=\"1688\">Adecuado para<\/strong><\/p>\n<p data-start=\"1689\" data-end=\"1732\">Esta infusi\u00f3n est\u00e1 indicada para adultos que<\/p>\n<ul data-start=\"1733\" data-end=\"2196\">\n<li data-start=\"1733\" data-end=\"1813\">\n<p data-start=\"1735\" data-end=\"1813\">Quieren iniciar un programa de bienestar que incluya purificaci\u00f3n y renovaci\u00f3n.<\/p>\n<\/li>\n<li data-start=\"1814\" data-end=\"1910\">\n<p data-start=\"1816\" data-end=\"1910\">Experimentan fatiga, tez apagada o digesti\u00f3n lenta, y buscan un apoyo natural para recuperar su dinamismo.<\/p>\n<\/li>\n<li data-start=\"1911\" data-end=\"2040\">\n<p data-start=\"1913\" data-end=\"2040\">Atraviesan fases m\u00e1s exigentes -como despu\u00e9s del trabajo, digestiones pesadas o el cambio de estaci\u00f3n- y quieren fortalecer su cuerpo.<\/p>\n<\/li>\n<li data-start=\"2041\" data-end=\"2122\">\n<p data-start=\"2043\" data-end=\"2122\">Valoran las infusiones ecol\u00f3gicas que son f\u00e1ciles de preparar, tienen un sabor agradable y se utilizan a diario.<\/p>\n<\/li>\n<li data-start=\"2123\" data-end=\"2196\">\n<p data-start=\"2125\" data-end=\"2196\">Su objetivo es complementar un estilo de vida sano con una funci\u00f3n desintoxicante eficaz.<\/p>\n<\/li>\n<\/ul>\n<p><strong>Presentaci\u00f3n:<\/strong><\/p>\n<p>20 sobres.<\/p>\n<p>&nbsp;<\/p>\n","protected":false},"excerpt":{"rendered":"<p>Detox Bio Infusi\u00f3n Physalis &#8211; infusi\u00f3n bio con abedul, diente de le\u00f3n e hibisco para la purificaci\u00f3n, el drenaje y la energ\u00eda. 20 bolsitas. [&#8230;]<\/p>\n<p><a class=\"btn btn-secondary understrap-read-more-link\" href=\"https:\/\/www.lifenatura.com\/es\/produto\/infusion-detox-bio-20-bolsitas-physalis\/\">Leer m\u00e1s&#8230;<span class=\"screen-reader-text\"> from Infusi\u00f3n Detox Bio 20 Bolsitas &#8211; Physalis<\/span><\/a><\/p>\n","protected":false},"featured_media":119854,"template":"","meta":{"_acf_changed":false},"product_brand":[8318],"product_cat":[7064,7071],"product_tag":[],"class_list":{"0":"post-122214","1":"product","2":"type-product","3":"status-publish","4":"has-post-thumbnail","6":"product_brand-physalis-es","7":"product_cat-alimentacion-sana","8":"product_cat-tes-y-infusiones","10":"first","11":"instock","12":"shipping-taxable","13":"purchasable","14":"product-type-simple","15":"add-to-wishlist-before_image"},"acf":[],"yoast_head":"<!-- This site is optimized with the Yoast SEO Premium plugin v27.1 (Yoast SEO v27.4) - https:\/\/yoast.com\/product\/yoast-seo-premium-wordpress\/ -->\n<title>Infusi\u00f3n Detox Bio 20 Bolsitas - Physalis - Lifenatura<\/title>\n<meta name=\"description\" content=\"Detox Bio Infusi\u00f3n Physalis - infusi\u00f3n bio con abedul, diente de le\u00f3n e hibisco para la purificaci\u00f3n, el drenaje y la energ\u00eda. 20 bolsitas.\" \/>\n<meta name=\"robots\" content=\"index, follow, max-snippet:-1, max-image-preview:large, max-video-preview:-1\" \/>\n<link rel=\"canonical\" href=\"https:\/\/www.lifenatura.com\/es\/produto\/infusion-detox-bio-20-bolsitas-physalis\/\" \/>\n<meta property=\"og:locale\" content=\"es_ES\" \/>\n<meta property=\"og:type\" content=\"article\" \/>\n<meta property=\"og:title\" content=\"Infusi\u00f3n Detox Bio 20 Bolsitas - Physalis - Lifenatura\" \/>\n<meta property=\"og:description\" content=\"Compre aqui o seu Infusi\u00f3n Detox Bio 20 Bolsitas - Physalis e a Lifenatura Online envia em 48 H com Portes Gratis &gt;35\u20ac de Pedido.\" \/>\n<meta property=\"og:url\" content=\"https:\/\/www.lifenatura.com\/es\/produto\/infusion-detox-bio-20-bolsitas-physalis\/\" \/>\n<meta property=\"og:site_name\" content=\"Lifenatura\" \/>\n<meta property=\"article:publisher\" content=\"https:\/\/www.facebook.com\/lifenatura\" \/>\n<meta property=\"article:modified_time\" content=\"2025-11-28T11:54:52+00:00\" \/>\n<meta property=\"og:image\" content=\"https:\/\/www.lifenatura.com\/wp-content\/uploads\/2025\/10\/detox-mais-infusao-physalis.jpg\" \/>\n\t<meta property=\"og:image:width\" content=\"1000\" \/>\n\t<meta property=\"og:image:height\" content=\"1000\" \/>\n\t<meta property=\"og:image:type\" content=\"image\/jpeg\" \/>\n<meta name=\"twitter:card\" content=\"summary_large_image\" \/>\n<meta name=\"twitter:label1\" content=\"Precio\" \/>\n\t<meta name=\"twitter:data1\" content=\"5,51&nbsp;&euro;\" \/>\n\t<meta name=\"twitter:label2\" content=\"Disponibilidad\" \/>\n\t<meta name=\"twitter:data2\" content=\"Disponible\" \/>\n<meta property=\"product:price:amount\" content=\"5.51\" \/>\n<meta property=\"product:price:currency\" content=\"EUR\" \/>\n<meta property=\"og:availability\" content=\"instock\" \/>\n<meta property=\"product:availability\" content=\"instock\" \/>\n<meta property=\"product:retailer_item_id\" content=\"5412360003716\" \/>\n<meta property=\"product:condition\" content=\"new\" \/>\n<!-- \/ Yoast SEO Premium plugin. -->","yoast_head_json":{"title":"Infusi\u00f3n Detox Bio 20 Bolsitas - Physalis - Lifenatura","description":"Detox Bio Infusi\u00f3n Physalis - infusi\u00f3n bio con abedul, diente de le\u00f3n e hibisco para la purificaci\u00f3n, el drenaje y la energ\u00eda. 20 bolsitas.","robots":{"index":"index","follow":"follow","max-snippet":"max-snippet:-1","max-image-preview":"max-image-preview:large","max-video-preview":"max-video-preview:-1"},"canonical":"https:\/\/www.lifenatura.com\/es\/produto\/infusion-detox-bio-20-bolsitas-physalis\/","og_locale":"es_ES","og_type":"article","og_title":"Infusi\u00f3n Detox Bio 20 Bolsitas - Physalis - Lifenatura","og_description":"Compre aqui o seu Infusi\u00f3n Detox Bio 20 Bolsitas - Physalis e a Lifenatura Online envia em 48 H com Portes Gratis >35\u20ac de Pedido.","og_url":"https:\/\/www.lifenatura.com\/es\/produto\/infusion-detox-bio-20-bolsitas-physalis\/","og_site_name":"Lifenatura","article_publisher":"https:\/\/www.facebook.com\/lifenatura","article_modified_time":"2025-11-28T11:54:52+00:00","og_image":[{"width":1000,"height":1000,"url":"https:\/\/www.lifenatura.com\/wp-content\/uploads\/2025\/10\/detox-mais-infusao-physalis.jpg","type":"image\/jpeg"}],"twitter_card":"summary_large_image","twitter_misc":{"Precio":"5,51&nbsp;&euro;","Disponibilidad":"Disponible"},"schema":{"@context":"https:\/\/schema.org","@graph":[{"@type":"WebPage","@id":"https:\/\/www.lifenatura.com\/es\/produto\/infusion-detox-bio-20-bolsitas-physalis\/","url":"https:\/\/www.lifenatura.com\/es\/produto\/infusion-detox-bio-20-bolsitas-physalis\/","name":"Infusi\u00f3n Detox Bio 20 Bolsitas - Physalis - Lifenatura","isPartOf":{"@id":"https:\/\/www.lifenatura.com\/es\/#website"},"primaryImageOfPage":{"@id":"https:\/\/www.lifenatura.com\/es\/produto\/infusion-detox-bio-20-bolsitas-physalis\/#primaryimage"},"image":{"@id":"https:\/\/www.lifenatura.com\/es\/produto\/infusion-detox-bio-20-bolsitas-physalis\/#primaryimage"},"thumbnailUrl":"https:\/\/www.lifenatura.com\/wp-content\/uploads\/2025\/10\/detox-mais-infusao-physalis.jpg","datePublished":"2025-10-27T19:21:12+00:00","dateModified":"2025-11-28T11:54:52+00:00","description":"Detox Bio Infusi\u00f3n Physalis - infusi\u00f3n bio con abedul, diente de le\u00f3n e hibisco para la purificaci\u00f3n, el drenaje y la energ\u00eda. 20 bolsitas.","breadcrumb":{"@id":"https:\/\/www.lifenatura.com\/es\/produto\/infusion-detox-bio-20-bolsitas-physalis\/#breadcrumb"},"inLanguage":"es","potentialAction":[{"@type":"ReadAction","target":["https:\/\/www.lifenatura.com\/es\/produto\/infusion-detox-bio-20-bolsitas-physalis\/"]}]},{"@type":"ImageObject","inLanguage":"es","@id":"https:\/\/www.lifenatura.com\/es\/produto\/infusion-detox-bio-20-bolsitas-physalis\/#primaryimage","url":"https:\/\/www.lifenatura.com\/wp-content\/uploads\/2025\/10\/detox-mais-infusao-physalis.jpg","contentUrl":"https:\/\/www.lifenatura.com\/wp-content\/uploads\/2025\/10\/detox-mais-infusao-physalis.jpg","width":1000,"height":1000,"caption":"desintoxicaci\u00f3n m\u00e1s infusi\u00f3n de physalis"},{"@type":"BreadcrumbList","@id":"https:\/\/www.lifenatura.com\/es\/produto\/infusion-detox-bio-20-bolsitas-physalis\/#breadcrumb","itemListElement":[{"@type":"ListItem","position":1,"name":"In\u00edcio","item":"https:\/\/www.lifenatura.com\/es\/"},{"@type":"ListItem","position":2,"name":"Todos los Productos","item":"https:\/\/www.lifenatura.com\/es\/tienda\/"},{"@type":"ListItem","position":3,"name":"Infusi\u00f3n Detox Bio 20 Bolsitas &#8211; Physalis"}]},{"@type":"WebSite","@id":"https:\/\/www.lifenatura.com\/es\/#website","url":"https:\/\/www.lifenatura.com\/es\/","name":"Lifenatura","description":"A Lifenatura \u00e9 uma loja de produtos naturais, cosm\u00e9tica natural e alimenta\u00e7\u00e3o Biol\u00f3gica.","publisher":{"@id":"https:\/\/www.lifenatura.com\/es\/#organization"},"potentialAction":[{"@type":"SearchAction","target":{"@type":"EntryPoint","urlTemplate":"https:\/\/www.lifenatura.com\/es\/?s={search_term_string}"},"query-input":{"@type":"PropertyValueSpecification","valueRequired":true,"valueName":"search_term_string"}}],"inLanguage":"es"},{"@type":"Organization","@id":"https:\/\/www.lifenatura.com\/es\/#organization","name":"Lifenatura","url":"https:\/\/www.lifenatura.com\/es\/","logo":{"@type":"ImageObject","inLanguage":"es","@id":"https:\/\/www.lifenatura.com\/es\/#\/schema\/logo\/image\/","url":"https:\/\/www.lifenatura.com\/wp-content\/uploads\/2021\/11\/logo.png","contentUrl":"https:\/\/www.lifenatura.com\/wp-content\/uploads\/2021\/11\/logo.png","width":175,"height":55,"caption":"Lifenatura"},"image":{"@id":"https:\/\/www.lifenatura.com\/es\/#\/schema\/logo\/image\/"},"sameAs":["https:\/\/www.facebook.com\/lifenatura","https:\/\/www.instagram.com\/lifenaturapt\/"]}]},"product_price_amount":"5.51","product_price_currency":"EUR","og_availability":"instock","product_availability":"instock","product_retailer_item_id":"5412360003716","product_condition":"new"},"df_price":5.51,"df_sale_price":"","df_regular_price":5.51,"df_image_link":"https:\/\/www.lifenatura.com\/wp-content\/uploads\/2025\/10\/detox-mais-infusao-physalis-300x300.jpg","_links":{"self":[{"href":"https:\/\/www.lifenatura.com\/es\/wp-json\/wp\/v2\/product\/122214","targetHints":{"allow":["GET"]}}],"collection":[{"href":"https:\/\/www.lifenatura.com\/es\/wp-json\/wp\/v2\/product"}],"about":[{"href":"https:\/\/www.lifenatura.com\/es\/wp-json\/wp\/v2\/types\/product"}],"wp:featuredmedia":[{"embeddable":true,"href":"https:\/\/www.lifenatura.com\/es\/wp-json\/wp\/v2\/media\/119854"}],"wp:attachment":[{"href":"https:\/\/www.lifenatura.com\/es\/wp-json\/wp\/v2\/media?parent=122214"}],"wp:term":[{"taxonomy":"product_brand","embeddable":true,"href":"https:\/\/www.lifenatura.com\/es\/wp-json\/wp\/v2\/product_brand?post=122214"},{"taxonomy":"product_cat","embeddable":true,"href":"https:\/\/www.lifenatura.com\/es\/wp-json\/wp\/v2\/product_cat?post=122214"},{"taxonomy":"product_tag","embeddable":true,"href":"https:\/\/www.lifenatura.com\/es\/wp-json\/wp\/v2\/product_tag?post=122214"}],"curies":[{"name":"wp","href":"https:\/\/api.w.org\/{rel}","templated":true}]}}