{"id":122209,"date":"2025-10-27T19:21:39","date_gmt":"2025-10-27T19:21:39","guid":{"rendered":"https:\/\/www.lifenatura.com\/produto\/control-de-la-glucosa-30-comprimidos-physalis\/"},"modified":"2025-12-03T19:38:55","modified_gmt":"2025-12-03T19:38:55","slug":"control-de-la-glucosa-30-comprimidos-physalis","status":"publish","type":"product","link":"https:\/\/www.lifenatura.com\/es\/produto\/control-de-la-glucosa-30-comprimidos-physalis\/","title":{"rendered":"Control de la glucosa 30 comprimidos &#8211; Physalis"},"content":{"rendered":"<h2 style=\"text-align: left;\" data-start=\"0\" data-end=\"70\"><strong data-start=\"3\" data-end=\"70\">Control de la glucosa para niveles normales de az\u00facar en sangre Physalis<\/strong><\/h2>\n<p>&nbsp;<\/p>\n<p data-start=\"72\" data-end=\"627\"><strong data-start=\"74\" data-end=\"122\">Physalis Control de la Glucosa (30 comprimidos)<\/strong> es un suplemento dise\u00f1ado para favorecer el mantenimiento de niveles normales de az\u00facar en sangre, mediante una combinaci\u00f3n de extractos de plantas y micronutrientes cuidadosamente seleccionados. Seg\u00fan la informaci\u00f3n oficial de la marca, la f\u00f3rmula incorpora <strong data-start=\"369\" data-end=\"426\">canela, gimnema, cromo<\/strong> y <strong data-start=\"429\" data-end=\"443\">zincovivo\u2122<\/strong> -un complejo de zinc biodisponible- que act\u00faan sin\u00e9rgicamente para favorecer el metabolismo de los hidratos de carbono y contribuir al control gluc\u00e9mico.<\/p>\n<p data-start=\"629\" data-end=\"1256\">La canela y la gimnema son plantas utilizadas tradicionalmente por su capacidad para regular los antojos de az\u00facar y su impacto positivo en la glucemia despu\u00e9s de las comidas. La banaba, rica en \u00e1cido coros\u00f3lico, contribuye a la correcta utilizaci\u00f3n de la glucosa por las c\u00e9lulas. La bardana ayuda al h\u00edgado y a la depuraci\u00f3n natural del organismo. El cromo desempe\u00f1a un papel clave en el metabolismo de los hidratos de carbono y los l\u00edpidos, mientras que el zinc participa en el funcionamiento normal del p\u00e1ncreas y en los procesos metab\u00f3licos relacionados con la glucosa. Esta combinaci\u00f3n hace de Control de la Glucosa una soluci\u00f3n natural y eficaz para quienes necesitan un impulso metab\u00f3lico.<\/p>\n<p data-start=\"1258\" data-end=\"1287\"><strong data-start=\"1262\" data-end=\"1287\">Principales ventajas<\/strong><\/p>\n<ul data-start=\"1288\" data-end=\"1780\">\n<li data-start=\"1288\" data-end=\"1393\">\n<p data-start=\"1290\" data-end=\"1393\"><strong data-start=\"1290\" data-end=\"1343\">Ayuda a mantener niveles normales de az\u00facar en sangre<\/strong> gracias a la acci\u00f3n combinada de plantas y minerales.<\/p>\n<\/li>\n<li data-start=\"1394\" data-end=\"1493\">\n<p data-start=\"1396\" data-end=\"1493\">Contribuye <strong data-start=\"1396\" data-end=\"1462\">al metabolismo de los hidratos de carbono y los l\u00edpidos<\/strong>, con el apoyo directo del cromo.<\/p>\n<\/li>\n<li data-start=\"1494\" data-end=\"1586\">\n<p data-start=\"1496\" data-end=\"1586\"><strong data-start=\"1496\" data-end=\"1555\">Favorece la correcta utilizaci\u00f3n de la glucosa por las c\u00e9lulas<\/strong>.<\/p>\n<\/li>\n<li data-start=\"1587\" data-end=\"1657\">\n<p data-start=\"1589\" data-end=\"1657\"><strong data-start=\"1589\" data-end=\"1618\">Reduce los antojos de dulces<\/strong>, gracias a la canela y la gimnema.<\/p>\n<\/li>\n<li data-start=\"1658\" data-end=\"1780\">\n<p data-start=\"1660\" data-end=\"1780\"><strong data-start=\"1660\" data-end=\"1692\">Favorece el bienestar metab\u00f3lico<\/strong>, con zinc y bardana que contribuyen al equilibrio de las funciones hep\u00e1tica y pancre\u00e1tica.<\/p>\n<\/li>\n<\/ul>\n<p data-start=\"1782\" data-end=\"1803\"><strong data-start=\"1786\" data-end=\"1803\">Adecuado para<\/strong><\/p>\n<p data-start=\"1804\" data-end=\"1853\">Este suplemento est\u00e1 recomendado para adultos que<\/p>\n<ul data-start=\"1854\" data-end=\"2255\">\n<li data-start=\"1854\" data-end=\"1922\">\n<p data-start=\"1856\" data-end=\"1922\">Quieren mantener equilibrados los niveles de glucosa en sangre de forma natural.<\/p>\n<\/li>\n<li data-start=\"1923\" data-end=\"2007\">\n<p data-start=\"1925\" data-end=\"2007\">Intentan controlar su apetito por los dulces y regular los picos de az\u00facar despu\u00e9s de las comidas.<\/p>\n<\/li>\n<li data-start=\"2008\" data-end=\"2081\">\n<p data-start=\"2010\" data-end=\"2081\">Sienten la necesidad de reforzar su metabolismo de los hidratos de carbono.<\/p>\n<\/li>\n<li data-start=\"2082\" data-end=\"2172\">\n<p data-start=\"2084\" data-end=\"2172\">Valoran las soluciones naturales, con extractos vegetales de calidad y minerales esenciales.<\/p>\n<\/li>\n<li data-start=\"2173\" data-end=\"2255\">\n<p data-start=\"2175\" data-end=\"2255\">Complem\u00e9ntalo con una dieta equilibrada y un estilo de vida saludable.<\/p>\n<\/li>\n<\/ul>\n<p><strong>Presentaci\u00f3n:<\/strong><\/p>\n<p>30 comprimidos.<\/p>\n<p>&nbsp;<\/p>\n","protected":false},"excerpt":{"rendered":"<p>Control de la Glucosa Physalis &#8211; suplemento con canela, gimnema, banaba, bardana, cromo y zinc para equilibrar la glucemia y apoyar el metabolismo. [&#8230;]<\/p>\n<p><a class=\"btn btn-secondary understrap-read-more-link\" href=\"https:\/\/www.lifenatura.com\/es\/produto\/control-de-la-glucosa-30-comprimidos-physalis\/\">Leer m\u00e1s&#8230;<span class=\"screen-reader-text\"> from Control de la glucosa 30 comprimidos &#8211; Physalis<\/span><\/a><\/p>\n","protected":false},"featured_media":119869,"template":"","meta":{"_acf_changed":false},"product_brand":[8318],"product_cat":[7224,7179,7883],"product_tag":[],"class_list":{"0":"post-122209","1":"product","2":"type-product","3":"status-publish","4":"has-post-thumbnail","6":"product_brand-physalis-es","7":"product_cat-diabetes-salud","8":"product_cat-salud","9":"product_cat-suplementos-alimenticios","11":"first","12":"instock","13":"shipping-taxable","14":"purchasable","15":"product-type-simple","16":"add-to-wishlist-before_image"},"acf":[],"yoast_head":"<!-- This site is optimized with the Yoast SEO Premium plugin v27.1 (Yoast SEO v27.5) - https:\/\/yoast.com\/product\/yoast-seo-premium-wordpress\/ -->\n<title>Control de la glucosa 30 comprimidos - Physalis - Na Lifenatura ao Melhor Pre\u00e7o | Envio em 48h<\/title>\n<meta name=\"description\" content=\"Control de la Glucosa Physalis - suplemento con canela, gimnema, banaba, bardana, cromo y zinc para equilibrar la glucemia y apoyar el metabolismo.\" \/>\n<meta name=\"robots\" content=\"index, follow, max-snippet:-1, max-image-preview:large, max-video-preview:-1\" \/>\n<link rel=\"canonical\" href=\"https:\/\/www.lifenatura.com\/es\/produto\/control-de-la-glucosa-30-comprimidos-physalis\/\" \/>\n<meta property=\"og:locale\" content=\"es_ES\" \/>\n<meta property=\"og:type\" content=\"article\" \/>\n<meta property=\"og:title\" content=\"Control de la glucosa 30 comprimidos - Physalis - Na Lifenatura ao Melhor Pre\u00e7o | Envio 48h\" \/>\n<meta property=\"og:description\" content=\"Compre Control de la glucosa 30 comprimidos - Physalis com envio r\u00e1pido. Entrega em 48h e portes gr\u00e1tis em compras &gt;35\u20ac. Aproveite j\u00e1 na Lifenatura\" \/>\n<meta property=\"og:url\" content=\"https:\/\/www.lifenatura.com\/es\/produto\/control-de-la-glucosa-30-comprimidos-physalis\/\" \/>\n<meta property=\"og:site_name\" content=\"Lifenatura\" \/>\n<meta property=\"article:publisher\" content=\"https:\/\/www.facebook.com\/lifenatura\" \/>\n<meta property=\"article:modified_time\" content=\"2025-12-03T19:38:55+00:00\" \/>\n<meta property=\"og:image\" content=\"https:\/\/www.lifenatura.com\/wp-content\/uploads\/2025\/10\/glucose-control-comprimidos-physalis.jpg\" \/>\n\t<meta property=\"og:image:width\" content=\"1000\" \/>\n\t<meta property=\"og:image:height\" content=\"1000\" \/>\n\t<meta property=\"og:image:type\" content=\"image\/jpeg\" \/>\n<meta name=\"twitter:card\" content=\"summary_large_image\" \/>\n<meta name=\"twitter:label1\" content=\"Precio\" \/>\n\t<meta name=\"twitter:data1\" content=\"21,90&nbsp;&euro;\" \/>\n\t<meta name=\"twitter:label2\" content=\"Disponibilidad\" \/>\n\t<meta name=\"twitter:data2\" content=\"Disponible\" \/>\n<script type=\"application\/ld+json\" class=\"yoast-schema-graph\">{\"@context\":\"https:\\\/\\\/schema.org\",\"@graph\":[{\"@type\":\"WebPage\",\"@id\":\"https:\\\/\\\/www.lifenatura.com\\\/es\\\/produto\\\/control-de-la-glucosa-30-comprimidos-physalis\\\/\",\"url\":\"https:\\\/\\\/www.lifenatura.com\\\/es\\\/produto\\\/control-de-la-glucosa-30-comprimidos-physalis\\\/\",\"name\":\"Control de la glucosa 30 comprimidos - Physalis - Na Lifenatura ao Melhor Pre\u00e7o | Envio em 48h\",\"isPartOf\":{\"@id\":\"https:\\\/\\\/www.lifenatura.com\\\/es\\\/#website\"},\"primaryImageOfPage\":{\"@id\":\"https:\\\/\\\/www.lifenatura.com\\\/es\\\/produto\\\/control-de-la-glucosa-30-comprimidos-physalis\\\/#primaryimage\"},\"image\":{\"@id\":\"https:\\\/\\\/www.lifenatura.com\\\/es\\\/produto\\\/control-de-la-glucosa-30-comprimidos-physalis\\\/#primaryimage\"},\"thumbnailUrl\":\"https:\\\/\\\/www.lifenatura.com\\\/wp-content\\\/uploads\\\/2025\\\/10\\\/glucose-control-comprimidos-physalis.jpg\",\"datePublished\":\"2025-10-27T19:21:39+00:00\",\"dateModified\":\"2025-12-03T19:38:55+00:00\",\"description\":\"Control de la Glucosa Physalis - suplemento con canela, gimnema, banaba, bardana, cromo y zinc para equilibrar la glucemia y apoyar el metabolismo.\",\"breadcrumb\":{\"@id\":\"https:\\\/\\\/www.lifenatura.com\\\/es\\\/produto\\\/control-de-la-glucosa-30-comprimidos-physalis\\\/#breadcrumb\"},\"inLanguage\":\"es\",\"potentialAction\":[{\"@type\":\"ReadAction\",\"target\":[\"https:\\\/\\\/www.lifenatura.com\\\/es\\\/produto\\\/control-de-la-glucosa-30-comprimidos-physalis\\\/\"]}]},{\"@type\":\"ImageObject\",\"inLanguage\":\"es\",\"@id\":\"https:\\\/\\\/www.lifenatura.com\\\/es\\\/produto\\\/control-de-la-glucosa-30-comprimidos-physalis\\\/#primaryimage\",\"url\":\"https:\\\/\\\/www.lifenatura.com\\\/wp-content\\\/uploads\\\/2025\\\/10\\\/glucose-control-comprimidos-physalis.jpg\",\"contentUrl\":\"https:\\\/\\\/www.lifenatura.com\\\/wp-content\\\/uploads\\\/2025\\\/10\\\/glucose-control-comprimidos-physalis.jpg\",\"width\":1000,\"height\":1000,\"caption\":\"Control de la glucosa Physalis\"},{\"@type\":\"BreadcrumbList\",\"@id\":\"https:\\\/\\\/www.lifenatura.com\\\/es\\\/produto\\\/control-de-la-glucosa-30-comprimidos-physalis\\\/#breadcrumb\",\"itemListElement\":[{\"@type\":\"ListItem\",\"position\":1,\"name\":\"In\u00edcio\",\"item\":\"https:\\\/\\\/www.lifenatura.com\\\/es\\\/\"},{\"@type\":\"ListItem\",\"position\":2,\"name\":\"Todos los Productos\",\"item\":\"https:\\\/\\\/www.lifenatura.com\\\/es\\\/tienda\\\/\"},{\"@type\":\"ListItem\",\"position\":3,\"name\":\"Control de la glucosa 30 comprimidos &#8211; Physalis\"}]},{\"@type\":\"WebSite\",\"@id\":\"https:\\\/\\\/www.lifenatura.com\\\/es\\\/#website\",\"url\":\"https:\\\/\\\/www.lifenatura.com\\\/es\\\/\",\"name\":\"Lifenatura\",\"description\":\"A Lifenatura \u00e9 uma loja de produtos naturais, cosm\u00e9tica natural e alimenta\u00e7\u00e3o Biol\u00f3gica.\",\"publisher\":{\"@id\":\"https:\\\/\\\/www.lifenatura.com\\\/es\\\/#organization\"},\"potentialAction\":[{\"@type\":\"SearchAction\",\"target\":{\"@type\":\"EntryPoint\",\"urlTemplate\":\"https:\\\/\\\/www.lifenatura.com\\\/es\\\/?s={search_term_string}\"},\"query-input\":{\"@type\":\"PropertyValueSpecification\",\"valueRequired\":true,\"valueName\":\"search_term_string\"}}],\"inLanguage\":\"es\"},{\"@type\":\"Organization\",\"@id\":\"https:\\\/\\\/www.lifenatura.com\\\/es\\\/#organization\",\"name\":\"Lifenatura\",\"url\":\"https:\\\/\\\/www.lifenatura.com\\\/es\\\/\",\"logo\":{\"@type\":\"ImageObject\",\"inLanguage\":\"es\",\"@id\":\"https:\\\/\\\/www.lifenatura.com\\\/es\\\/#\\\/schema\\\/logo\\\/image\\\/\",\"url\":\"https:\\\/\\\/www.lifenatura.com\\\/wp-content\\\/uploads\\\/2021\\\/07\\\/logo.png\",\"contentUrl\":\"https:\\\/\\\/www.lifenatura.com\\\/wp-content\\\/uploads\\\/2021\\\/07\\\/logo.png\",\"width\":175,\"height\":55,\"caption\":\"Lifenatura\"},\"image\":{\"@id\":\"https:\\\/\\\/www.lifenatura.com\\\/es\\\/#\\\/schema\\\/logo\\\/image\\\/\"},\"sameAs\":[\"https:\\\/\\\/www.facebook.com\\\/lifenatura\",\"https:\\\/\\\/www.instagram.com\\\/lifenaturapt\\\/\"],\"hasMerchantReturnPolicy\":{\"@type\":\"MerchantReturnPolicy\",\"merchantReturnLink\":\"https:\\\/\\\/www.lifenatura.com\\\/termos-condicoes-lifenatura\\\/\"}}]}<\/script>\n<meta property=\"product:price:amount\" content=\"21.90\" \/>\n<meta property=\"product:price:currency\" content=\"EUR\" \/>\n<meta property=\"og:availability\" content=\"instock\" \/>\n<meta property=\"product:availability\" content=\"instock\" \/>\n<meta property=\"product:retailer_item_id\" content=\"5412360014996\" \/>\n<meta property=\"product:condition\" content=\"new\" \/>\n<!-- \/ Yoast SEO Premium plugin. -->","yoast_head_json":{"title":"Control de la glucosa 30 comprimidos - Physalis - Na Lifenatura ao Melhor Pre\u00e7o | Envio em 48h","description":"Control de la Glucosa Physalis - suplemento con canela, gimnema, banaba, bardana, cromo y zinc para equilibrar la glucemia y apoyar el metabolismo.","robots":{"index":"index","follow":"follow","max-snippet":"max-snippet:-1","max-image-preview":"max-image-preview:large","max-video-preview":"max-video-preview:-1"},"canonical":"https:\/\/www.lifenatura.com\/es\/produto\/control-de-la-glucosa-30-comprimidos-physalis\/","og_locale":"es_ES","og_type":"article","og_title":"Control de la glucosa 30 comprimidos - Physalis - Na Lifenatura ao Melhor Pre\u00e7o | Envio 48h","og_description":"Compre Control de la glucosa 30 comprimidos - Physalis com envio r\u00e1pido. Entrega em 48h e portes gr\u00e1tis em compras >35\u20ac. Aproveite j\u00e1 na Lifenatura","og_url":"https:\/\/www.lifenatura.com\/es\/produto\/control-de-la-glucosa-30-comprimidos-physalis\/","og_site_name":"Lifenatura","article_publisher":"https:\/\/www.facebook.com\/lifenatura","article_modified_time":"2025-12-03T19:38:55+00:00","og_image":[{"width":1000,"height":1000,"url":"https:\/\/www.lifenatura.com\/wp-content\/uploads\/2025\/10\/glucose-control-comprimidos-physalis.jpg","type":"image\/jpeg"}],"twitter_card":"summary_large_image","twitter_misc":{"Precio":"21,90&nbsp;&euro;","Disponibilidad":"Disponible"},"schema":{"@context":"https:\/\/schema.org","@graph":[{"@type":"WebPage","@id":"https:\/\/www.lifenatura.com\/es\/produto\/control-de-la-glucosa-30-comprimidos-physalis\/","url":"https:\/\/www.lifenatura.com\/es\/produto\/control-de-la-glucosa-30-comprimidos-physalis\/","name":"Control de la glucosa 30 comprimidos - Physalis - Na Lifenatura ao Melhor Pre\u00e7o | Envio em 48h","isPartOf":{"@id":"https:\/\/www.lifenatura.com\/es\/#website"},"primaryImageOfPage":{"@id":"https:\/\/www.lifenatura.com\/es\/produto\/control-de-la-glucosa-30-comprimidos-physalis\/#primaryimage"},"image":{"@id":"https:\/\/www.lifenatura.com\/es\/produto\/control-de-la-glucosa-30-comprimidos-physalis\/#primaryimage"},"thumbnailUrl":"https:\/\/www.lifenatura.com\/wp-content\/uploads\/2025\/10\/glucose-control-comprimidos-physalis.jpg","datePublished":"2025-10-27T19:21:39+00:00","dateModified":"2025-12-03T19:38:55+00:00","description":"Control de la Glucosa Physalis - suplemento con canela, gimnema, banaba, bardana, cromo y zinc para equilibrar la glucemia y apoyar el metabolismo.","breadcrumb":{"@id":"https:\/\/www.lifenatura.com\/es\/produto\/control-de-la-glucosa-30-comprimidos-physalis\/#breadcrumb"},"inLanguage":"es","potentialAction":[{"@type":"ReadAction","target":["https:\/\/www.lifenatura.com\/es\/produto\/control-de-la-glucosa-30-comprimidos-physalis\/"]}]},{"@type":"ImageObject","inLanguage":"es","@id":"https:\/\/www.lifenatura.com\/es\/produto\/control-de-la-glucosa-30-comprimidos-physalis\/#primaryimage","url":"https:\/\/www.lifenatura.com\/wp-content\/uploads\/2025\/10\/glucose-control-comprimidos-physalis.jpg","contentUrl":"https:\/\/www.lifenatura.com\/wp-content\/uploads\/2025\/10\/glucose-control-comprimidos-physalis.jpg","width":1000,"height":1000,"caption":"Control de la glucosa Physalis"},{"@type":"BreadcrumbList","@id":"https:\/\/www.lifenatura.com\/es\/produto\/control-de-la-glucosa-30-comprimidos-physalis\/#breadcrumb","itemListElement":[{"@type":"ListItem","position":1,"name":"In\u00edcio","item":"https:\/\/www.lifenatura.com\/es\/"},{"@type":"ListItem","position":2,"name":"Todos los Productos","item":"https:\/\/www.lifenatura.com\/es\/tienda\/"},{"@type":"ListItem","position":3,"name":"Control de la glucosa 30 comprimidos &#8211; Physalis"}]},{"@type":"WebSite","@id":"https:\/\/www.lifenatura.com\/es\/#website","url":"https:\/\/www.lifenatura.com\/es\/","name":"Lifenatura","description":"A Lifenatura \u00e9 uma loja de produtos naturais, cosm\u00e9tica natural e alimenta\u00e7\u00e3o Biol\u00f3gica.","publisher":{"@id":"https:\/\/www.lifenatura.com\/es\/#organization"},"potentialAction":[{"@type":"SearchAction","target":{"@type":"EntryPoint","urlTemplate":"https:\/\/www.lifenatura.com\/es\/?s={search_term_string}"},"query-input":{"@type":"PropertyValueSpecification","valueRequired":true,"valueName":"search_term_string"}}],"inLanguage":"es"},{"@type":"Organization","@id":"https:\/\/www.lifenatura.com\/es\/#organization","name":"Lifenatura","url":"https:\/\/www.lifenatura.com\/es\/","logo":{"@type":"ImageObject","inLanguage":"es","@id":"https:\/\/www.lifenatura.com\/es\/#\/schema\/logo\/image\/","url":"https:\/\/www.lifenatura.com\/wp-content\/uploads\/2021\/07\/logo.png","contentUrl":"https:\/\/www.lifenatura.com\/wp-content\/uploads\/2021\/07\/logo.png","width":175,"height":55,"caption":"Lifenatura"},"image":{"@id":"https:\/\/www.lifenatura.com\/es\/#\/schema\/logo\/image\/"},"sameAs":["https:\/\/www.facebook.com\/lifenatura","https:\/\/www.instagram.com\/lifenaturapt\/"],"hasMerchantReturnPolicy":{"@type":"MerchantReturnPolicy","merchantReturnLink":"https:\/\/www.lifenatura.com\/termos-condicoes-lifenatura\/"}}]},"product_price_amount":"21.90","product_price_currency":"EUR","og_availability":"instock","product_availability":"instock","product_retailer_item_id":"5412360014996","product_condition":"new"},"df_price":21.9,"df_sale_price":"","df_regular_price":21.9,"df_image_link":"https:\/\/www.lifenatura.com\/wp-content\/uploads\/2025\/10\/glucose-control-comprimidos-physalis-300x300.jpg","_links":{"self":[{"href":"https:\/\/www.lifenatura.com\/es\/wp-json\/wp\/v2\/product\/122209","targetHints":{"allow":["GET"]}}],"collection":[{"href":"https:\/\/www.lifenatura.com\/es\/wp-json\/wp\/v2\/product"}],"about":[{"href":"https:\/\/www.lifenatura.com\/es\/wp-json\/wp\/v2\/types\/product"}],"wp:featuredmedia":[{"embeddable":true,"href":"https:\/\/www.lifenatura.com\/es\/wp-json\/wp\/v2\/media\/119869"}],"wp:attachment":[{"href":"https:\/\/www.lifenatura.com\/es\/wp-json\/wp\/v2\/media?parent=122209"}],"wp:term":[{"taxonomy":"product_brand","embeddable":true,"href":"https:\/\/www.lifenatura.com\/es\/wp-json\/wp\/v2\/product_brand?post=122209"},{"taxonomy":"product_cat","embeddable":true,"href":"https:\/\/www.lifenatura.com\/es\/wp-json\/wp\/v2\/product_cat?post=122209"},{"taxonomy":"product_tag","embeddable":true,"href":"https:\/\/www.lifenatura.com\/es\/wp-json\/wp\/v2\/product_tag?post=122209"}],"curies":[{"name":"wp","href":"https:\/\/api.w.org\/{rel}","templated":true}]}}