{"id":122208,"date":"2025-10-28T20:12:17","date_gmt":"2025-10-28T20:12:17","guid":{"rendered":"https:\/\/www.lifenatura.com\/produto\/vision-ok-30-capsulas-physalis\/"},"modified":"2025-12-03T19:22:45","modified_gmt":"2025-12-03T19:22:45","slug":"vision-ok-30-capsulas-physalis","status":"publish","type":"product","link":"https:\/\/www.lifenatura.com\/es\/produto\/vision-ok-30-capsulas-physalis\/","title":{"rendered":"Visi\u00f3n ok 30 C\u00e1psulas &#8211; Physalis"},"content":{"rendered":"<h2 style=\"text-align: left;\" data-start=\"0\" data-end=\"70\"><strong data-start=\"3\" data-end=\"70\">Visi\u00f3n OK para cuidar la salud ocular de Physalis<\/strong><\/h2>\n<p>&nbsp;<\/p>\n<p data-start=\"72\" data-end=\"466\">El suplemento <strong data-start=\"85\" data-end=\"110\">Visi\u00f3n OK de Physalis<\/strong> es un complejo alimenticio dise\u00f1ado para cuidar la salud ocular y favorecer la visi\u00f3n de forma natural y equilibrada. Su f\u00f3rmula combina antioxidantes y nutrientes esenciales de origen vegetal, dise\u00f1ados para proteger los ojos contra el estr\u00e9s oxidativo y favorecer las funciones visuales normales, contribuyendo al bienestar ocular a lo largo del tiempo.<\/p>\n<p data-start=\"468\" data-end=\"850\">La acci\u00f3n de Vision OK se basa en la asociaci\u00f3n de compuestos bioactivos que nutren los tejidos oculares y favorecen su regeneraci\u00f3n y mantenimiento. Por tanto, este suplemento es una opci\u00f3n valiosa para cualquier persona que desee mantener una visi\u00f3n sana, prevenir el desgaste causado por factores ambientales (como la contaminaci\u00f3n, las pantallas o los radicales libres) o mantener una visi\u00f3n clara a medida que envejece.<\/p>\n<p data-start=\"852\" data-end=\"881\"><strong data-start=\"856\" data-end=\"881\">Principales ventajas<\/strong><\/p>\n<ul data-start=\"882\" data-end=\"1348\">\n<li data-start=\"882\" data-end=\"975\">\n<p data-start=\"884\" data-end=\"975\">Ayuda a <strong data-start=\"892\" data-end=\"939\">proteger los ojos contra el estr\u00e9s oxidativo<\/strong>, preservando los tejidos oculares.<\/p>\n<\/li>\n<li data-start=\"976\" data-end=\"1063\">\n<p data-start=\"978\" data-end=\"1063\">Ayuda a <strong data-start=\"995\" data-end=\"1025\">mantener una visi\u00f3n normal<\/strong>, favoreciendo el enfoque y la claridad visual.<\/p>\n<\/li>\n<li data-start=\"1064\" data-end=\"1162\">\n<p data-start=\"1066\" data-end=\"1162\">Apoyo antioxidante que puede ayudar a ralentizar el desgaste natural de la visi\u00f3n con el paso del tiempo.<\/p>\n<\/li>\n<li data-start=\"1163\" data-end=\"1255\">\n<p data-start=\"1165\" data-end=\"1255\">F\u00f3rmula vegetal y equilibrada, ideal para quienes buscan un cuidado natural de los ojos.<\/p>\n<\/li>\n<li data-start=\"1256\" data-end=\"1348\">\n<p data-start=\"1258\" data-end=\"1348\">Adecuado para un uso regular como complemento de unos h\u00e1bitos de vida saludables y de la protecci\u00f3n ocular.<\/p>\n<\/li>\n<\/ul>\n<p data-start=\"1350\" data-end=\"1371\"><strong data-start=\"1354\" data-end=\"1371\">Adecuado para<\/strong><\/p>\n<p data-start=\"1372\" data-end=\"1421\">Este suplemento est\u00e1 recomendado para adultos que<\/p>\n<ul data-start=\"1422\" data-end=\"1904\">\n<li data-start=\"1422\" data-end=\"1498\">\n<p data-start=\"1424\" data-end=\"1498\">Quieren cuidar sus ojos y mantener una visi\u00f3n clara y c\u00f3moda.<\/p>\n<\/li>\n<li data-start=\"1499\" data-end=\"1628\">\n<p data-start=\"1501\" data-end=\"1628\">A menudo miran pantallas, tienen rutinas de trabajo exigentes para su vista o viven en entornos contaminados\/irritantes.<\/p>\n<\/li>\n<li data-start=\"1629\" data-end=\"1739\">\n<p data-start=\"1631\" data-end=\"1739\">Buscan un suplemento natural que complemente los cuidados externos (gafas, higiene ocular, descansos oculares).<\/p>\n<\/li>\n<li data-start=\"1740\" data-end=\"1816\">\n<p data-start=\"1742\" data-end=\"1816\">Quieren prevenir el desgaste ocular ligado a la edad o al estr\u00e9s oxidativo.<\/p>\n<\/li>\n<li data-start=\"1817\" data-end=\"1904\">\n<p data-start=\"1819\" data-end=\"1904\">Valoran las soluciones suaves y eficaces con ingredientes cuidadosamente seleccionados.<\/p>\n<\/li>\n<\/ul>\n<p><strong>Presentaci\u00f3n:<\/strong><\/p>\n<p>30 c\u00e1psulas<\/p>\n<p>&nbsp;<\/p>\n","protected":false},"excerpt":{"rendered":"<p>Visi\u00f3n OK Physalis &#8211; suplemento con antioxidantes y nutrientes esenciales para la salud ocular y una visi\u00f3n clara. Protege los ojos y favorece el bienestar visual. [&#8230;]<\/p>\n<p><a class=\"btn btn-secondary understrap-read-more-link\" href=\"https:\/\/www.lifenatura.com\/es\/produto\/vision-ok-30-capsulas-physalis\/\">Leer m\u00e1s&#8230;<span class=\"screen-reader-text\"> from Visi\u00f3n ok 30 C\u00e1psulas &#8211; Physalis<\/span><\/a><\/p>\n","protected":false},"featured_media":119990,"template":"","meta":{"_acf_changed":false},"product_brand":[8318],"product_cat":[7179,7218,7883],"product_tag":[],"class_list":{"0":"post-122208","1":"product","2":"type-product","3":"status-publish","4":"has-post-thumbnail","6":"product_brand-physalis-es","7":"product_cat-salud","8":"product_cat-salud-ocular","9":"product_cat-suplementos-alimenticios","11":"first","12":"instock","13":"shipping-taxable","14":"purchasable","15":"product-type-simple","16":"add-to-wishlist-before_image"},"acf":[],"yoast_head":"<!-- This site is optimized with the Yoast SEO Premium plugin v27.1 (Yoast SEO v27.5) - https:\/\/yoast.com\/product\/yoast-seo-premium-wordpress\/ -->\n<title>Visi\u00f3n ok 30 C\u00e1psulas - Physalis - Na Lifenatura ao Melhor Pre\u00e7o | Envio em 48h<\/title>\n<meta name=\"description\" content=\"Visi\u00f3n OK Physalis con antioxidantes y nutrientes esenciales para la salud ocular y una visi\u00f3n clara. Protege los ojos y favorece el bienestar visual.\" \/>\n<meta name=\"robots\" content=\"index, follow, max-snippet:-1, max-image-preview:large, max-video-preview:-1\" \/>\n<link rel=\"canonical\" href=\"https:\/\/www.lifenatura.com\/es\/produto\/vision-ok-30-capsulas-physalis\/\" \/>\n<meta property=\"og:locale\" content=\"es_ES\" \/>\n<meta property=\"og:type\" content=\"article\" \/>\n<meta property=\"og:title\" content=\"Visi\u00f3n ok 30 C\u00e1psulas - Physalis - Na Lifenatura ao Melhor Pre\u00e7o | Envio 48h\" \/>\n<meta property=\"og:description\" content=\"Compre Visi\u00f3n ok 30 C\u00e1psulas - Physalis com envio r\u00e1pido. Entrega em 48h e portes gr\u00e1tis em compras &gt;35\u20ac. Aproveite j\u00e1 na Lifenatura\" \/>\n<meta property=\"og:url\" content=\"https:\/\/www.lifenatura.com\/es\/produto\/vision-ok-30-capsulas-physalis\/\" \/>\n<meta property=\"og:site_name\" content=\"Lifenatura\" \/>\n<meta property=\"article:publisher\" content=\"https:\/\/www.facebook.com\/lifenatura\" \/>\n<meta property=\"article:modified_time\" content=\"2025-12-03T19:22:45+00:00\" \/>\n<meta property=\"og:image\" content=\"https:\/\/www.lifenatura.com\/wp-content\/uploads\/2025\/10\/vision-ok-physalis.jpg\" \/>\n\t<meta property=\"og:image:width\" content=\"1000\" \/>\n\t<meta property=\"og:image:height\" content=\"1000\" \/>\n\t<meta property=\"og:image:type\" content=\"image\/jpeg\" \/>\n<meta name=\"twitter:card\" content=\"summary_large_image\" \/>\n<meta name=\"twitter:label1\" content=\"Precio\" \/>\n\t<meta name=\"twitter:data1\" content=\"19,31&nbsp;&euro;\" \/>\n\t<meta name=\"twitter:label2\" content=\"Disponibilidad\" \/>\n\t<meta name=\"twitter:data2\" content=\"Disponible\" \/>\n<script type=\"application\/ld+json\" class=\"yoast-schema-graph\">{\"@context\":\"https:\\\/\\\/schema.org\",\"@graph\":[{\"@type\":\"WebPage\",\"@id\":\"https:\\\/\\\/www.lifenatura.com\\\/es\\\/produto\\\/vision-ok-30-capsulas-physalis\\\/\",\"url\":\"https:\\\/\\\/www.lifenatura.com\\\/es\\\/produto\\\/vision-ok-30-capsulas-physalis\\\/\",\"name\":\"Visi\u00f3n ok 30 C\u00e1psulas - Physalis - Na Lifenatura ao Melhor Pre\u00e7o | Envio em 48h\",\"isPartOf\":{\"@id\":\"https:\\\/\\\/www.lifenatura.com\\\/es\\\/#website\"},\"primaryImageOfPage\":{\"@id\":\"https:\\\/\\\/www.lifenatura.com\\\/es\\\/produto\\\/vision-ok-30-capsulas-physalis\\\/#primaryimage\"},\"image\":{\"@id\":\"https:\\\/\\\/www.lifenatura.com\\\/es\\\/produto\\\/vision-ok-30-capsulas-physalis\\\/#primaryimage\"},\"thumbnailUrl\":\"https:\\\/\\\/www.lifenatura.com\\\/wp-content\\\/uploads\\\/2025\\\/10\\\/vision-ok-physalis.jpg\",\"datePublished\":\"2025-10-28T20:12:17+00:00\",\"dateModified\":\"2025-12-03T19:22:45+00:00\",\"description\":\"Visi\u00f3n OK Physalis con antioxidantes y nutrientes esenciales para la salud ocular y una visi\u00f3n clara. Protege los ojos y favorece el bienestar visual.\",\"breadcrumb\":{\"@id\":\"https:\\\/\\\/www.lifenatura.com\\\/es\\\/produto\\\/vision-ok-30-capsulas-physalis\\\/#breadcrumb\"},\"inLanguage\":\"es\",\"potentialAction\":[{\"@type\":\"ReadAction\",\"target\":[\"https:\\\/\\\/www.lifenatura.com\\\/es\\\/produto\\\/vision-ok-30-capsulas-physalis\\\/\"]}]},{\"@type\":\"ImageObject\",\"inLanguage\":\"es\",\"@id\":\"https:\\\/\\\/www.lifenatura.com\\\/es\\\/produto\\\/vision-ok-30-capsulas-physalis\\\/#primaryimage\",\"url\":\"https:\\\/\\\/www.lifenatura.com\\\/wp-content\\\/uploads\\\/2025\\\/10\\\/vision-ok-physalis.jpg\",\"contentUrl\":\"https:\\\/\\\/www.lifenatura.com\\\/wp-content\\\/uploads\\\/2025\\\/10\\\/vision-ok-physalis.jpg\",\"width\":1000,\"height\":1000},{\"@type\":\"BreadcrumbList\",\"@id\":\"https:\\\/\\\/www.lifenatura.com\\\/es\\\/produto\\\/vision-ok-30-capsulas-physalis\\\/#breadcrumb\",\"itemListElement\":[{\"@type\":\"ListItem\",\"position\":1,\"name\":\"In\u00edcio\",\"item\":\"https:\\\/\\\/www.lifenatura.com\\\/es\\\/\"},{\"@type\":\"ListItem\",\"position\":2,\"name\":\"Todos los Productos\",\"item\":\"https:\\\/\\\/www.lifenatura.com\\\/es\\\/tienda\\\/\"},{\"@type\":\"ListItem\",\"position\":3,\"name\":\"Visi\u00f3n ok 30 C\u00e1psulas &#8211; Physalis\"}]},{\"@type\":\"WebSite\",\"@id\":\"https:\\\/\\\/www.lifenatura.com\\\/es\\\/#website\",\"url\":\"https:\\\/\\\/www.lifenatura.com\\\/es\\\/\",\"name\":\"Lifenatura\",\"description\":\"A Lifenatura \u00e9 uma loja de produtos naturais, cosm\u00e9tica natural e alimenta\u00e7\u00e3o Biol\u00f3gica.\",\"publisher\":{\"@id\":\"https:\\\/\\\/www.lifenatura.com\\\/es\\\/#organization\"},\"potentialAction\":[{\"@type\":\"SearchAction\",\"target\":{\"@type\":\"EntryPoint\",\"urlTemplate\":\"https:\\\/\\\/www.lifenatura.com\\\/es\\\/?s={search_term_string}\"},\"query-input\":{\"@type\":\"PropertyValueSpecification\",\"valueRequired\":true,\"valueName\":\"search_term_string\"}}],\"inLanguage\":\"es\"},{\"@type\":\"Organization\",\"@id\":\"https:\\\/\\\/www.lifenatura.com\\\/es\\\/#organization\",\"name\":\"Lifenatura\",\"url\":\"https:\\\/\\\/www.lifenatura.com\\\/es\\\/\",\"logo\":{\"@type\":\"ImageObject\",\"inLanguage\":\"es\",\"@id\":\"https:\\\/\\\/www.lifenatura.com\\\/es\\\/#\\\/schema\\\/logo\\\/image\\\/\",\"url\":\"https:\\\/\\\/www.lifenatura.com\\\/wp-content\\\/uploads\\\/2021\\\/07\\\/logo.png\",\"contentUrl\":\"https:\\\/\\\/www.lifenatura.com\\\/wp-content\\\/uploads\\\/2021\\\/07\\\/logo.png\",\"width\":175,\"height\":55,\"caption\":\"Lifenatura\"},\"image\":{\"@id\":\"https:\\\/\\\/www.lifenatura.com\\\/es\\\/#\\\/schema\\\/logo\\\/image\\\/\"},\"sameAs\":[\"https:\\\/\\\/www.facebook.com\\\/lifenatura\",\"https:\\\/\\\/www.instagram.com\\\/lifenaturapt\\\/\"],\"hasMerchantReturnPolicy\":{\"@type\":\"MerchantReturnPolicy\",\"merchantReturnLink\":\"https:\\\/\\\/www.lifenatura.com\\\/termos-condicoes-lifenatura\\\/\"}}]}<\/script>\n<meta property=\"product:price:amount\" content=\"19.31\" \/>\n<meta property=\"product:price:currency\" content=\"EUR\" \/>\n<meta property=\"og:availability\" content=\"instock\" \/>\n<meta property=\"product:availability\" content=\"instock\" \/>\n<meta property=\"product:retailer_item_id\" content=\"5412360000890\" \/>\n<meta property=\"product:condition\" content=\"new\" \/>\n<!-- \/ Yoast SEO Premium plugin. -->","yoast_head_json":{"title":"Visi\u00f3n ok 30 C\u00e1psulas - Physalis - Na Lifenatura ao Melhor Pre\u00e7o | Envio em 48h","description":"Visi\u00f3n OK Physalis con antioxidantes y nutrientes esenciales para la salud ocular y una visi\u00f3n clara. Protege los ojos y favorece el bienestar visual.","robots":{"index":"index","follow":"follow","max-snippet":"max-snippet:-1","max-image-preview":"max-image-preview:large","max-video-preview":"max-video-preview:-1"},"canonical":"https:\/\/www.lifenatura.com\/es\/produto\/vision-ok-30-capsulas-physalis\/","og_locale":"es_ES","og_type":"article","og_title":"Visi\u00f3n ok 30 C\u00e1psulas - Physalis - Na Lifenatura ao Melhor Pre\u00e7o | Envio 48h","og_description":"Compre Visi\u00f3n ok 30 C\u00e1psulas - Physalis com envio r\u00e1pido. Entrega em 48h e portes gr\u00e1tis em compras >35\u20ac. Aproveite j\u00e1 na Lifenatura","og_url":"https:\/\/www.lifenatura.com\/es\/produto\/vision-ok-30-capsulas-physalis\/","og_site_name":"Lifenatura","article_publisher":"https:\/\/www.facebook.com\/lifenatura","article_modified_time":"2025-12-03T19:22:45+00:00","og_image":[{"width":1000,"height":1000,"url":"https:\/\/www.lifenatura.com\/wp-content\/uploads\/2025\/10\/vision-ok-physalis.jpg","type":"image\/jpeg"}],"twitter_card":"summary_large_image","twitter_misc":{"Precio":"19,31&nbsp;&euro;","Disponibilidad":"Disponible"},"schema":{"@context":"https:\/\/schema.org","@graph":[{"@type":"WebPage","@id":"https:\/\/www.lifenatura.com\/es\/produto\/vision-ok-30-capsulas-physalis\/","url":"https:\/\/www.lifenatura.com\/es\/produto\/vision-ok-30-capsulas-physalis\/","name":"Visi\u00f3n ok 30 C\u00e1psulas - Physalis - Na Lifenatura ao Melhor Pre\u00e7o | Envio em 48h","isPartOf":{"@id":"https:\/\/www.lifenatura.com\/es\/#website"},"primaryImageOfPage":{"@id":"https:\/\/www.lifenatura.com\/es\/produto\/vision-ok-30-capsulas-physalis\/#primaryimage"},"image":{"@id":"https:\/\/www.lifenatura.com\/es\/produto\/vision-ok-30-capsulas-physalis\/#primaryimage"},"thumbnailUrl":"https:\/\/www.lifenatura.com\/wp-content\/uploads\/2025\/10\/vision-ok-physalis.jpg","datePublished":"2025-10-28T20:12:17+00:00","dateModified":"2025-12-03T19:22:45+00:00","description":"Visi\u00f3n OK Physalis con antioxidantes y nutrientes esenciales para la salud ocular y una visi\u00f3n clara. Protege los ojos y favorece el bienestar visual.","breadcrumb":{"@id":"https:\/\/www.lifenatura.com\/es\/produto\/vision-ok-30-capsulas-physalis\/#breadcrumb"},"inLanguage":"es","potentialAction":[{"@type":"ReadAction","target":["https:\/\/www.lifenatura.com\/es\/produto\/vision-ok-30-capsulas-physalis\/"]}]},{"@type":"ImageObject","inLanguage":"es","@id":"https:\/\/www.lifenatura.com\/es\/produto\/vision-ok-30-capsulas-physalis\/#primaryimage","url":"https:\/\/www.lifenatura.com\/wp-content\/uploads\/2025\/10\/vision-ok-physalis.jpg","contentUrl":"https:\/\/www.lifenatura.com\/wp-content\/uploads\/2025\/10\/vision-ok-physalis.jpg","width":1000,"height":1000},{"@type":"BreadcrumbList","@id":"https:\/\/www.lifenatura.com\/es\/produto\/vision-ok-30-capsulas-physalis\/#breadcrumb","itemListElement":[{"@type":"ListItem","position":1,"name":"In\u00edcio","item":"https:\/\/www.lifenatura.com\/es\/"},{"@type":"ListItem","position":2,"name":"Todos los Productos","item":"https:\/\/www.lifenatura.com\/es\/tienda\/"},{"@type":"ListItem","position":3,"name":"Visi\u00f3n ok 30 C\u00e1psulas &#8211; Physalis"}]},{"@type":"WebSite","@id":"https:\/\/www.lifenatura.com\/es\/#website","url":"https:\/\/www.lifenatura.com\/es\/","name":"Lifenatura","description":"A Lifenatura \u00e9 uma loja de produtos naturais, cosm\u00e9tica natural e alimenta\u00e7\u00e3o Biol\u00f3gica.","publisher":{"@id":"https:\/\/www.lifenatura.com\/es\/#organization"},"potentialAction":[{"@type":"SearchAction","target":{"@type":"EntryPoint","urlTemplate":"https:\/\/www.lifenatura.com\/es\/?s={search_term_string}"},"query-input":{"@type":"PropertyValueSpecification","valueRequired":true,"valueName":"search_term_string"}}],"inLanguage":"es"},{"@type":"Organization","@id":"https:\/\/www.lifenatura.com\/es\/#organization","name":"Lifenatura","url":"https:\/\/www.lifenatura.com\/es\/","logo":{"@type":"ImageObject","inLanguage":"es","@id":"https:\/\/www.lifenatura.com\/es\/#\/schema\/logo\/image\/","url":"https:\/\/www.lifenatura.com\/wp-content\/uploads\/2021\/07\/logo.png","contentUrl":"https:\/\/www.lifenatura.com\/wp-content\/uploads\/2021\/07\/logo.png","width":175,"height":55,"caption":"Lifenatura"},"image":{"@id":"https:\/\/www.lifenatura.com\/es\/#\/schema\/logo\/image\/"},"sameAs":["https:\/\/www.facebook.com\/lifenatura","https:\/\/www.instagram.com\/lifenaturapt\/"],"hasMerchantReturnPolicy":{"@type":"MerchantReturnPolicy","merchantReturnLink":"https:\/\/www.lifenatura.com\/termos-condicoes-lifenatura\/"}}]},"product_price_amount":"19.31","product_price_currency":"EUR","og_availability":"instock","product_availability":"instock","product_retailer_item_id":"5412360000890","product_condition":"new"},"df_price":19.31,"df_sale_price":"","df_regular_price":19.31,"df_image_link":"https:\/\/www.lifenatura.com\/wp-content\/uploads\/2025\/10\/vision-ok-physalis-300x300.jpg","_links":{"self":[{"href":"https:\/\/www.lifenatura.com\/es\/wp-json\/wp\/v2\/product\/122208","targetHints":{"allow":["GET"]}}],"collection":[{"href":"https:\/\/www.lifenatura.com\/es\/wp-json\/wp\/v2\/product"}],"about":[{"href":"https:\/\/www.lifenatura.com\/es\/wp-json\/wp\/v2\/types\/product"}],"wp:featuredmedia":[{"embeddable":true,"href":"https:\/\/www.lifenatura.com\/es\/wp-json\/wp\/v2\/media\/119990"}],"wp:attachment":[{"href":"https:\/\/www.lifenatura.com\/es\/wp-json\/wp\/v2\/media?parent=122208"}],"wp:term":[{"taxonomy":"product_brand","embeddable":true,"href":"https:\/\/www.lifenatura.com\/es\/wp-json\/wp\/v2\/product_brand?post=122208"},{"taxonomy":"product_cat","embeddable":true,"href":"https:\/\/www.lifenatura.com\/es\/wp-json\/wp\/v2\/product_cat?post=122208"},{"taxonomy":"product_tag","embeddable":true,"href":"https:\/\/www.lifenatura.com\/es\/wp-json\/wp\/v2\/product_tag?post=122208"}],"curies":[{"name":"wp","href":"https:\/\/api.w.org\/{rel}","templated":true}]}}