{"id":122206,"date":"2025-10-28T20:12:21","date_gmt":"2025-10-28T20:12:21","guid":{"rendered":"https:\/\/www.lifenatura.com\/produto\/digest-plus-30-comprimidos-physalis\/"},"modified":"2025-12-03T19:18:45","modified_gmt":"2025-12-03T19:18:45","slug":"digest-plus-30-comprimidos-physalis","status":"publish","type":"product","link":"https:\/\/www.lifenatura.com\/es\/produto\/digest-plus-30-comprimidos-physalis\/","title":{"rendered":"Digest Plus 30 Comprimidos &#8211; Physalis"},"content":{"rendered":"<h2 style=\"text-align: left;\" data-start=\"0\" data-end=\"59\"><strong data-start=\"3\" data-end=\"59\">Digest Mais favorecer el confort digestivo de Physalis<\/strong><\/h2>\n<p>&nbsp;<\/p>\n<p data-start=\"61\" data-end=\"427\">El suplemento <strong data-start=\"74\" data-end=\"124\">Digest Mais de Physalis (30 comprimidos<\/strong> ) est\u00e1 dise\u00f1ado para favorecer el confort digestivo y el bienestar abdominal de forma natural. La f\u00f3rmula combina extractos vegetales cuidadosamente seleccionados, como alcachofa, hinojo, melisa, menta y aloe vera, as\u00ed como un complejo enzim\u00e1tico de origen vegetal.<\/p>\n<p data-start=\"429\" data-end=\"917\">Esta combinaci\u00f3n de plantas ayuda a facilitar la digesti\u00f3n de las comidas m\u00e1s r\u00e1pidas o ricas en grasas, y a favorecer un tr\u00e1nsito intestinal regular. La melisa favorece el tr\u00e1nsito intestinal, el hinojo ayuda a reducir la sensaci\u00f3n de vientre hinchado, y la menta piperita y el aloe vera apoyan el proceso digestivo en general. Su uso regular puede aportar una sensaci\u00f3n de ligereza despu\u00e9s de las comidas y minimizar molestias como la hinchaz\u00f3n abdominal o la digesti\u00f3n lenta.<\/p>\n<p data-start=\"919\" data-end=\"948\"><strong data-start=\"923\" data-end=\"948\">Principales ventajas<\/strong><\/p>\n<ul data-start=\"949\" data-end=\"1557\">\n<li data-start=\"949\" data-end=\"1097\">\n<p data-start=\"951\" data-end=\"1097\">Favorece la <strong data-start=\"961\" data-end=\"1015\">digesti\u00f3n de las comidas pesadas o ricas en grasas<\/strong> mediante la acci\u00f3n combinada de la alcachofa.<\/p>\n<\/li>\n<li data-start=\"1098\" data-end=\"1208\">\n<p data-start=\"1100\" data-end=\"1208\">Favorece <strong data-start=\"1111\" data-end=\"1142\">un tr\u00e1nsito intestinal regular<\/strong> con la ayuda de la melisa.<\/p>\n<\/li>\n<li data-start=\"1209\" data-end=\"1317\">\n<p data-start=\"1211\" data-end=\"1317\">Reduce la <strong data-start=\"1219\" data-end=\"1249\">sensaci\u00f3n de vientre hinchado<\/strong> gracias a la acci\u00f3n del hinojo.<\/p>\n<\/li>\n<li data-start=\"1318\" data-end=\"1472\">\n<p data-start=\"1320\" data-end=\"1472\">Incluye un <strong data-start=\"1330\" data-end=\"1361\">complejo de enzimas vegetales<\/strong> que facilita la digesti\u00f3n de hidratos de carbono, grasas y prote\u00ednas.<\/p>\n<\/li>\n<li data-start=\"1473\" data-end=\"1557\">\n<p data-start=\"1475\" data-end=\"1557\">Un complemento pr\u00e1ctico para quienes buscan recuperar el confort digestivo a diario.<\/p>\n<\/li>\n<\/ul>\n<p data-start=\"1559\" data-end=\"1580\"><strong data-start=\"1563\" data-end=\"1580\">Adecuado para<\/strong><\/p>\n<p data-start=\"1581\" data-end=\"1625\">Este suplemento es adecuado para adultos que<\/p>\n<ul data-start=\"1626\" data-end=\"1952\">\n<li data-start=\"1626\" data-end=\"1702\">\n<p data-start=\"1628\" data-end=\"1702\">Tienen digestiones lentas, comidas pesadas o sensaci\u00f3n de est\u00f3mago &#8220;lleno&#8221;.<\/p>\n<\/li>\n<li data-start=\"1703\" data-end=\"1779\">\n<p data-start=\"1705\" data-end=\"1779\">A menudo experimentan hinchaz\u00f3n abdominal o malestar despu\u00e9s de comer.<\/p>\n<\/li>\n<li data-start=\"1780\" data-end=\"1859\">\n<p data-start=\"1782\" data-end=\"1859\">Quieren favorecer la funci\u00f3n digestiva y el tr\u00e1nsito intestinal de forma natural.<\/p>\n<\/li>\n<li data-start=\"1860\" data-end=\"1952\">\n<p data-start=\"1862\" data-end=\"1952\">Valoran las f\u00f3rmulas de origen vegetal y uso sencillo, integradas en la rutina diaria.<\/p>\n<\/li>\n<\/ul>\n<p><strong>Presentaci\u00f3n:<\/strong><\/p>\n<p>30 comprimidos.<\/p>\n<p>&nbsp;<\/p>\n","protected":false},"excerpt":{"rendered":"<p>Digest Mais Physalis &#8211; suplemento con alcachofa, hinojo, melisa, menta y aloe vera para la digesti\u00f3n, el tr\u00e1nsito intestinal y el bienestar abdominal. [&#8230;]<\/p>\n<p><a class=\"btn btn-secondary understrap-read-more-link\" href=\"https:\/\/www.lifenatura.com\/es\/produto\/digest-plus-30-comprimidos-physalis\/\">Leer m\u00e1s&#8230;<span class=\"screen-reader-text\"> from Digest Plus 30 Comprimidos &#8211; Physalis<\/span><\/a><\/p>\n","protected":false},"featured_media":119997,"template":"","meta":{"_acf_changed":false},"product_brand":[8318],"product_cat":[7145,7253,7257,7659,7179,7883],"product_tag":[],"class_list":{"0":"post-122206","1":"product","2":"type-product","3":"status-publish","4":"has-post-thumbnail","6":"product_brand-physalis-es","7":"product_cat-alcachofa","8":"product_cat-digestion","9":"product_cat-estrenimiento","10":"product_cat-ingrediente-natural-bio","11":"product_cat-salud","12":"product_cat-suplementos-alimenticios","14":"first","15":"instock","16":"shipping-taxable","17":"purchasable","18":"product-type-simple","19":"add-to-wishlist-before_image"},"acf":[],"yoast_head":"<!-- This site is optimized with the Yoast SEO Premium plugin v27.1 (Yoast SEO v27.4) - https:\/\/yoast.com\/product\/yoast-seo-premium-wordpress\/ -->\n<title>Digest Plus 30 Comprimidos - Physalis - Lifenatura<\/title>\n<meta name=\"description\" content=\"Digest Mais Physalis - suplemento con alcachofa, hinojo, melisa, menta y aloe vera para la digesti\u00f3n, el tr\u00e1nsito intestinal y el bienestar abdominal.\" \/>\n<meta name=\"robots\" content=\"index, follow, max-snippet:-1, max-image-preview:large, max-video-preview:-1\" \/>\n<link rel=\"canonical\" href=\"https:\/\/www.lifenatura.com\/es\/produto\/digest-plus-30-comprimidos-physalis\/\" \/>\n<meta property=\"og:locale\" content=\"es_ES\" \/>\n<meta property=\"og:type\" content=\"article\" \/>\n<meta property=\"og:title\" content=\"Digest Plus 30 Comprimidos - Physalis - Lifenatura\" \/>\n<meta property=\"og:description\" content=\"Compre aqui o seu Digest Plus 30 Comprimidos - Physalis e a Lifenatura Online envia em 48 H com Portes Gratis &gt;35\u20ac de Pedido.\" \/>\n<meta property=\"og:url\" content=\"https:\/\/www.lifenatura.com\/es\/produto\/digest-plus-30-comprimidos-physalis\/\" \/>\n<meta property=\"og:site_name\" content=\"Lifenatura\" \/>\n<meta property=\"article:publisher\" content=\"https:\/\/www.facebook.com\/lifenatura\" \/>\n<meta property=\"article:modified_time\" content=\"2025-12-03T19:18:45+00:00\" \/>\n<meta property=\"og:image\" content=\"https:\/\/www.lifenatura.com\/wp-content\/uploads\/2025\/10\/digest-mais-comprimidos-physalis.jpg\" \/>\n\t<meta property=\"og:image:width\" content=\"1000\" \/>\n\t<meta property=\"og:image:height\" content=\"1000\" \/>\n\t<meta property=\"og:image:type\" content=\"image\/jpeg\" \/>\n<meta name=\"twitter:card\" content=\"summary_large_image\" \/>\n<meta name=\"twitter:label1\" content=\"Precio\" \/>\n\t<meta name=\"twitter:data1\" content=\"15,57&nbsp;&euro;\" \/>\n\t<meta name=\"twitter:label2\" content=\"Disponibilidad\" \/>\n\t<meta name=\"twitter:data2\" content=\"Disponible\" \/>\n<meta property=\"product:price:amount\" content=\"15.57\" \/>\n<meta property=\"product:price:currency\" content=\"EUR\" \/>\n<meta property=\"og:availability\" content=\"instock\" \/>\n<meta property=\"product:availability\" content=\"instock\" \/>\n<meta property=\"product:retailer_item_id\" content=\"5412360009060\" \/>\n<meta property=\"product:condition\" content=\"new\" \/>\n<!-- \/ Yoast SEO Premium plugin. -->","yoast_head_json":{"title":"Digest Plus 30 Comprimidos - Physalis - Lifenatura","description":"Digest Mais Physalis - suplemento con alcachofa, hinojo, melisa, menta y aloe vera para la digesti\u00f3n, el tr\u00e1nsito intestinal y el bienestar abdominal.","robots":{"index":"index","follow":"follow","max-snippet":"max-snippet:-1","max-image-preview":"max-image-preview:large","max-video-preview":"max-video-preview:-1"},"canonical":"https:\/\/www.lifenatura.com\/es\/produto\/digest-plus-30-comprimidos-physalis\/","og_locale":"es_ES","og_type":"article","og_title":"Digest Plus 30 Comprimidos - Physalis - Lifenatura","og_description":"Compre aqui o seu Digest Plus 30 Comprimidos - Physalis e a Lifenatura Online envia em 48 H com Portes Gratis >35\u20ac de Pedido.","og_url":"https:\/\/www.lifenatura.com\/es\/produto\/digest-plus-30-comprimidos-physalis\/","og_site_name":"Lifenatura","article_publisher":"https:\/\/www.facebook.com\/lifenatura","article_modified_time":"2025-12-03T19:18:45+00:00","og_image":[{"width":1000,"height":1000,"url":"https:\/\/www.lifenatura.com\/wp-content\/uploads\/2025\/10\/digest-mais-comprimidos-physalis.jpg","type":"image\/jpeg"}],"twitter_card":"summary_large_image","twitter_misc":{"Precio":"15,57&nbsp;&euro;","Disponibilidad":"Disponible"},"schema":{"@context":"https:\/\/schema.org","@graph":[{"@type":"WebPage","@id":"https:\/\/www.lifenatura.com\/es\/produto\/digest-plus-30-comprimidos-physalis\/","url":"https:\/\/www.lifenatura.com\/es\/produto\/digest-plus-30-comprimidos-physalis\/","name":"Digest Plus 30 Comprimidos - Physalis - Lifenatura","isPartOf":{"@id":"https:\/\/www.lifenatura.com\/es\/#website"},"primaryImageOfPage":{"@id":"https:\/\/www.lifenatura.com\/es\/produto\/digest-plus-30-comprimidos-physalis\/#primaryimage"},"image":{"@id":"https:\/\/www.lifenatura.com\/es\/produto\/digest-plus-30-comprimidos-physalis\/#primaryimage"},"thumbnailUrl":"https:\/\/www.lifenatura.com\/wp-content\/uploads\/2025\/10\/digest-mais-comprimidos-physalis.jpg","datePublished":"2025-10-28T20:12:21+00:00","dateModified":"2025-12-03T19:18:45+00:00","description":"Digest Mais Physalis - suplemento con alcachofa, hinojo, melisa, menta y aloe vera para la digesti\u00f3n, el tr\u00e1nsito intestinal y el bienestar abdominal.","breadcrumb":{"@id":"https:\/\/www.lifenatura.com\/es\/produto\/digest-plus-30-comprimidos-physalis\/#breadcrumb"},"inLanguage":"es","potentialAction":[{"@type":"ReadAction","target":["https:\/\/www.lifenatura.com\/es\/produto\/digest-plus-30-comprimidos-physalis\/"]}]},{"@type":"ImageObject","inLanguage":"es","@id":"https:\/\/www.lifenatura.com\/es\/produto\/digest-plus-30-comprimidos-physalis\/#primaryimage","url":"https:\/\/www.lifenatura.com\/wp-content\/uploads\/2025\/10\/digest-mais-comprimidos-physalis.jpg","contentUrl":"https:\/\/www.lifenatura.com\/wp-content\/uploads\/2025\/10\/digest-mais-comprimidos-physalis.jpg","width":1000,"height":1000},{"@type":"BreadcrumbList","@id":"https:\/\/www.lifenatura.com\/es\/produto\/digest-plus-30-comprimidos-physalis\/#breadcrumb","itemListElement":[{"@type":"ListItem","position":1,"name":"In\u00edcio","item":"https:\/\/www.lifenatura.com\/es\/"},{"@type":"ListItem","position":2,"name":"Todos los Productos","item":"https:\/\/www.lifenatura.com\/es\/tienda\/"},{"@type":"ListItem","position":3,"name":"Digest Plus 30 Comprimidos &#8211; Physalis"}]},{"@type":"WebSite","@id":"https:\/\/www.lifenatura.com\/es\/#website","url":"https:\/\/www.lifenatura.com\/es\/","name":"Lifenatura","description":"A Lifenatura \u00e9 uma loja de produtos naturais, cosm\u00e9tica natural e alimenta\u00e7\u00e3o Biol\u00f3gica.","publisher":{"@id":"https:\/\/www.lifenatura.com\/es\/#organization"},"potentialAction":[{"@type":"SearchAction","target":{"@type":"EntryPoint","urlTemplate":"https:\/\/www.lifenatura.com\/es\/?s={search_term_string}"},"query-input":{"@type":"PropertyValueSpecification","valueRequired":true,"valueName":"search_term_string"}}],"inLanguage":"es"},{"@type":"Organization","@id":"https:\/\/www.lifenatura.com\/es\/#organization","name":"Lifenatura","url":"https:\/\/www.lifenatura.com\/es\/","logo":{"@type":"ImageObject","inLanguage":"es","@id":"https:\/\/www.lifenatura.com\/es\/#\/schema\/logo\/image\/","url":"https:\/\/www.lifenatura.com\/wp-content\/uploads\/2021\/11\/logo.png","contentUrl":"https:\/\/www.lifenatura.com\/wp-content\/uploads\/2021\/11\/logo.png","width":175,"height":55,"caption":"Lifenatura"},"image":{"@id":"https:\/\/www.lifenatura.com\/es\/#\/schema\/logo\/image\/"},"sameAs":["https:\/\/www.facebook.com\/lifenatura","https:\/\/www.instagram.com\/lifenaturapt\/"]}]},"product_price_amount":"15.57","product_price_currency":"EUR","og_availability":"instock","product_availability":"instock","product_retailer_item_id":"5412360009060","product_condition":"new"},"df_price":15.57,"df_sale_price":"","df_regular_price":15.57,"df_image_link":"https:\/\/www.lifenatura.com\/wp-content\/uploads\/2025\/10\/digest-mais-comprimidos-physalis-300x300.jpg","_links":{"self":[{"href":"https:\/\/www.lifenatura.com\/es\/wp-json\/wp\/v2\/product\/122206","targetHints":{"allow":["GET"]}}],"collection":[{"href":"https:\/\/www.lifenatura.com\/es\/wp-json\/wp\/v2\/product"}],"about":[{"href":"https:\/\/www.lifenatura.com\/es\/wp-json\/wp\/v2\/types\/product"}],"wp:featuredmedia":[{"embeddable":true,"href":"https:\/\/www.lifenatura.com\/es\/wp-json\/wp\/v2\/media\/119997"}],"wp:attachment":[{"href":"https:\/\/www.lifenatura.com\/es\/wp-json\/wp\/v2\/media?parent=122206"}],"wp:term":[{"taxonomy":"product_brand","embeddable":true,"href":"https:\/\/www.lifenatura.com\/es\/wp-json\/wp\/v2\/product_brand?post=122206"},{"taxonomy":"product_cat","embeddable":true,"href":"https:\/\/www.lifenatura.com\/es\/wp-json\/wp\/v2\/product_cat?post=122206"},{"taxonomy":"product_tag","embeddable":true,"href":"https:\/\/www.lifenatura.com\/es\/wp-json\/wp\/v2\/product_tag?post=122206"}],"curies":[{"name":"wp","href":"https:\/\/api.w.org\/{rel}","templated":true}]}}