{"id":122205,"date":"2025-10-28T20:12:23","date_gmt":"2025-10-28T20:12:23","guid":{"rendered":"https:\/\/www.lifenatura.com\/produto\/digest-mais-bio-infusion-20-bolsitas-physalis\/"},"modified":"2025-12-03T19:17:33","modified_gmt":"2025-12-03T19:17:33","slug":"digest-mais-bio-infusion-20-bolsitas-physalis","status":"publish","type":"product","link":"https:\/\/www.lifenatura.com\/es\/produto\/digest-mais-bio-infusion-20-bolsitas-physalis\/","title":{"rendered":"Digest Mais Bio Infusi\u00f3n 20 Bolsitas &#8211; Physalis"},"content":{"rendered":"<h2 style=\"text-align: left;\" data-start=\"0\" data-end=\"80\"><strong data-start=\"3\" data-end=\"80\">Digest+ Bio favorecer el bienestar digestivo de Physalis<\/strong><\/h2>\n<p>&nbsp;<\/p>\n<p data-start=\"82\" data-end=\"494\">La infusi\u00f3n <strong data-start=\"92\" data-end=\"159\">Digest+ Bio de Physalis (20 sobres)<\/strong> es una soluci\u00f3n 100 % ecol\u00f3gica dise\u00f1ada para favorecer el bienestar digestivo y promover la ligereza despu\u00e9s de las comidas. La f\u00f3rmula contiene plantas cuidadosamente seleccionadas -como la menta piperita, el diente de le\u00f3n, la manzanilla verdadera, el cardo mariano y la c\u00farcuma-, todas procedentes de la agricultura ecol\u00f3gica.<\/p>\n<p data-start=\"496\" data-end=\"1188\">Cuando nuestra dieta es demasiado r\u00e1pida, rica en grasas o llena de especias, nuestro sistema digestivo puede resentirse, con la consiguiente sensaci\u00f3n de pesadez de est\u00f3mago, hinchaz\u00f3n o digesti\u00f3n lenta. La formulaci\u00f3n de esta infusi\u00f3n pretende proporcionar precisamente ese alivio: la menta piperita y la manzanilla ayudan a calmar el aparato digestivo, el diente de le\u00f3n favorece la funci\u00f3n hep\u00e1tica y el cardo mariano contribuye a la correcta digesti\u00f3n de las grasas. La c\u00farcuma tambi\u00e9n refuerza el componente de protecci\u00f3n interna y bienestar. Esta mezcla da como resultado un sabor suave y agradable, adecuado para consumir hasta tres veces al d\u00eda, seg\u00fan las necesidades.<\/p>\n<ul data-start=\"1220\" data-end=\"1861\">\n<li data-start=\"1220\" data-end=\"1332\">\n<p data-start=\"1222\" data-end=\"1332\">Favorece la <strong data-start=\"1233\" data-end=\"1284\">digesti\u00f3n de las comidas pesadas o largas<\/strong> gracias a la acci\u00f3n del cardo mariano y la c\u00farcuma.<\/p>\n<\/li>\n<li data-start=\"1333\" data-end=\"1457\">\n<p data-start=\"1335\" data-end=\"1457\">Ayuda a <strong data-start=\"1343\" data-end=\"1403\">reducir la sensaci\u00f3n de pesadez de est\u00f3mago o vientre hinchado<\/strong> con la ayuda de la menta y la manzanilla.<\/p>\n<\/li>\n<li data-start=\"1458\" data-end=\"1571\">\n<p data-start=\"1460\" data-end=\"1571\">Favorece <strong data-start=\"1468\" data-end=\"1487\">la funci\u00f3n hep\u00e1tica<\/strong> estimulando el metabolismo de las grasas y ayudando a eliminar las toxinas acumuladas.<\/p>\n<\/li>\n<li data-start=\"1572\" data-end=\"1677\">\n<p data-start=\"1574\" data-end=\"1677\">F\u00f3rmula elaborada con plantas 100% ecol\u00f3gicas, lo que la convierte en una opci\u00f3n natural para el cuidado digestivo diario.<\/p>\n<\/li>\n<li data-start=\"1678\" data-end=\"1861\">\n<p data-start=\"1680\" data-end=\"1861\">Es <strong data-start=\"1692\" data-end=\"1724\">f\u00e1cil de integrar en tu rutina<\/strong>, s\u00f3lo tienes que infusionar una bolsita en agua caliente durante 5 minutos y consumir hasta 3 tazas al d\u00eda.<\/p>\n<\/li>\n<\/ul>\n<p data-start=\"1863\" data-end=\"1884\"><strong data-start=\"1867\" data-end=\"1884\">Adecuado para<\/strong><\/p>\n<p data-start=\"1885\" data-end=\"1928\">Esta infusi\u00f3n est\u00e1 indicada para adultos que<\/p>\n<ul data-start=\"1929\" data-end=\"2249\">\n<li data-start=\"1929\" data-end=\"2030\">\n<p data-start=\"1931\" data-end=\"2030\">Experimentan digestiones lentas o inc\u00f3modas despu\u00e9s de comidas ricas en grasas o especias.<\/p>\n<\/li>\n<li data-start=\"2031\" data-end=\"2102\">\n<p data-start=\"2033\" data-end=\"2102\">A menudo se sienten hinchados o con pesadez abdominal.<\/p>\n<\/li>\n<li data-start=\"2103\" data-end=\"2169\">\n<p data-start=\"2105\" data-end=\"2169\">Quieren apoyar la funci\u00f3n digestiva y el h\u00edgado de forma natural.<\/p>\n<\/li>\n<li data-start=\"2170\" data-end=\"2249\">\n<p data-start=\"2172\" data-end=\"2249\">Valoran los productos ecol\u00f3gicos de sabor suave y preparaci\u00f3n pr\u00e1ctica.<\/p>\n<\/li>\n<\/ul>\n<p><strong>Presentaci\u00f3n:<\/strong><\/p>\n<p>20 sobres.<\/p>\n<p>&nbsp;<\/p>\n","protected":false},"excerpt":{"rendered":"<p>Digest+ Bio Infusi\u00f3n Physalis &#8211; infusi\u00f3n ecol\u00f3gica con menta piperita, diente de le\u00f3n, manzanilla, cardo mariano y c\u00farcuma para la digesti\u00f3n y el bienestar abdominal. [&#8230;]<\/p>\n<p><a class=\"btn btn-secondary understrap-read-more-link\" href=\"https:\/\/www.lifenatura.com\/es\/produto\/digest-mais-bio-infusion-20-bolsitas-physalis\/\">Leer m\u00e1s&#8230;<span class=\"screen-reader-text\"> from Digest Mais Bio Infusi\u00f3n 20 Bolsitas &#8211; Physalis<\/span><\/a><\/p>\n","protected":false},"featured_media":119999,"template":"","meta":{"_acf_changed":false},"product_brand":[8318],"product_cat":[7064,7065,7071],"product_tag":[],"class_list":{"0":"post-122205","1":"product","2":"type-product","3":"status-publish","4":"has-post-thumbnail","6":"product_brand-physalis-es","7":"product_cat-alimentacion-sana","8":"product_cat-bebidas","9":"product_cat-tes-y-infusiones","11":"first","12":"instock","13":"shipping-taxable","14":"purchasable","15":"product-type-simple","16":"add-to-wishlist-before_image"},"acf":[],"yoast_head":"<!-- This site is optimized with the Yoast SEO Premium plugin v27.1 (Yoast SEO v27.4) - https:\/\/yoast.com\/product\/yoast-seo-premium-wordpress\/ -->\n<title>Digest Mais Bio Infusi\u00f3n 20 Bolsitas - Physalis - Lifenatura<\/title>\n<meta name=\"description\" content=\"Digest+ Bio Physalis infusi\u00f3n Eco con menta piperita, diente de le\u00f3n, manzanilla, cardo mariano y c\u00farcuma para la digesti\u00f3n y el bienestar abdominal.\" \/>\n<meta name=\"robots\" content=\"index, follow, max-snippet:-1, max-image-preview:large, max-video-preview:-1\" \/>\n<link rel=\"canonical\" href=\"https:\/\/www.lifenatura.com\/es\/produto\/digest-mais-bio-infusion-20-bolsitas-physalis\/\" \/>\n<meta property=\"og:locale\" content=\"es_ES\" \/>\n<meta property=\"og:type\" content=\"article\" \/>\n<meta property=\"og:title\" content=\"Digest Mais Bio Infusi\u00f3n 20 Bolsitas - Physalis - Lifenatura\" \/>\n<meta property=\"og:description\" content=\"Compre aqui o seu Digest Mais Bio Infusi\u00f3n 20 Bolsitas - Physalis e a Lifenatura Online envia em 48 H com Portes Gratis &gt;35\u20ac de Pedido.\" \/>\n<meta property=\"og:url\" content=\"https:\/\/www.lifenatura.com\/es\/produto\/digest-mais-bio-infusion-20-bolsitas-physalis\/\" \/>\n<meta property=\"og:site_name\" content=\"Lifenatura\" \/>\n<meta property=\"article:publisher\" content=\"https:\/\/www.facebook.com\/lifenatura\" \/>\n<meta property=\"article:modified_time\" content=\"2025-12-03T19:17:33+00:00\" \/>\n<meta property=\"og:image\" content=\"https:\/\/www.lifenatura.com\/wp-content\/uploads\/2025\/10\/digest-mais-infusao-physalis.jpg\" \/>\n\t<meta property=\"og:image:width\" content=\"1000\" \/>\n\t<meta property=\"og:image:height\" content=\"1000\" \/>\n\t<meta property=\"og:image:type\" content=\"image\/jpeg\" \/>\n<meta name=\"twitter:card\" content=\"summary_large_image\" \/>\n<meta name=\"twitter:label1\" content=\"Precio\" \/>\n\t<meta name=\"twitter:data1\" content=\"5,51&nbsp;&euro;\" \/>\n\t<meta name=\"twitter:label2\" content=\"Disponibilidad\" \/>\n\t<meta name=\"twitter:data2\" content=\"Disponible\" \/>\n<meta property=\"product:price:amount\" content=\"5.51\" \/>\n<meta property=\"product:price:currency\" content=\"EUR\" \/>\n<meta property=\"og:availability\" content=\"instock\" \/>\n<meta property=\"product:availability\" content=\"instock\" \/>\n<meta property=\"product:retailer_item_id\" content=\"5412360003723\" \/>\n<meta property=\"product:condition\" content=\"new\" \/>\n<!-- \/ Yoast SEO Premium plugin. -->","yoast_head_json":{"title":"Digest Mais Bio Infusi\u00f3n 20 Bolsitas - Physalis - Lifenatura","description":"Digest+ Bio Physalis infusi\u00f3n Eco con menta piperita, diente de le\u00f3n, manzanilla, cardo mariano y c\u00farcuma para la digesti\u00f3n y el bienestar abdominal.","robots":{"index":"index","follow":"follow","max-snippet":"max-snippet:-1","max-image-preview":"max-image-preview:large","max-video-preview":"max-video-preview:-1"},"canonical":"https:\/\/www.lifenatura.com\/es\/produto\/digest-mais-bio-infusion-20-bolsitas-physalis\/","og_locale":"es_ES","og_type":"article","og_title":"Digest Mais Bio Infusi\u00f3n 20 Bolsitas - Physalis - Lifenatura","og_description":"Compre aqui o seu Digest Mais Bio Infusi\u00f3n 20 Bolsitas - Physalis e a Lifenatura Online envia em 48 H com Portes Gratis >35\u20ac de Pedido.","og_url":"https:\/\/www.lifenatura.com\/es\/produto\/digest-mais-bio-infusion-20-bolsitas-physalis\/","og_site_name":"Lifenatura","article_publisher":"https:\/\/www.facebook.com\/lifenatura","article_modified_time":"2025-12-03T19:17:33+00:00","og_image":[{"width":1000,"height":1000,"url":"https:\/\/www.lifenatura.com\/wp-content\/uploads\/2025\/10\/digest-mais-infusao-physalis.jpg","type":"image\/jpeg"}],"twitter_card":"summary_large_image","twitter_misc":{"Precio":"5,51&nbsp;&euro;","Disponibilidad":"Disponible"},"schema":{"@context":"https:\/\/schema.org","@graph":[{"@type":"WebPage","@id":"https:\/\/www.lifenatura.com\/es\/produto\/digest-mais-bio-infusion-20-bolsitas-physalis\/","url":"https:\/\/www.lifenatura.com\/es\/produto\/digest-mais-bio-infusion-20-bolsitas-physalis\/","name":"Digest Mais Bio Infusi\u00f3n 20 Bolsitas - Physalis - Lifenatura","isPartOf":{"@id":"https:\/\/www.lifenatura.com\/es\/#website"},"primaryImageOfPage":{"@id":"https:\/\/www.lifenatura.com\/es\/produto\/digest-mais-bio-infusion-20-bolsitas-physalis\/#primaryimage"},"image":{"@id":"https:\/\/www.lifenatura.com\/es\/produto\/digest-mais-bio-infusion-20-bolsitas-physalis\/#primaryimage"},"thumbnailUrl":"https:\/\/www.lifenatura.com\/wp-content\/uploads\/2025\/10\/digest-mais-infusao-physalis.jpg","datePublished":"2025-10-28T20:12:23+00:00","dateModified":"2025-12-03T19:17:33+00:00","description":"Digest+ Bio Physalis infusi\u00f3n Eco con menta piperita, diente de le\u00f3n, manzanilla, cardo mariano y c\u00farcuma para la digesti\u00f3n y el bienestar abdominal.","breadcrumb":{"@id":"https:\/\/www.lifenatura.com\/es\/produto\/digest-mais-bio-infusion-20-bolsitas-physalis\/#breadcrumb"},"inLanguage":"es","potentialAction":[{"@type":"ReadAction","target":["https:\/\/www.lifenatura.com\/es\/produto\/digest-mais-bio-infusion-20-bolsitas-physalis\/"]}]},{"@type":"ImageObject","inLanguage":"es","@id":"https:\/\/www.lifenatura.com\/es\/produto\/digest-mais-bio-infusion-20-bolsitas-physalis\/#primaryimage","url":"https:\/\/www.lifenatura.com\/wp-content\/uploads\/2025\/10\/digest-mais-infusao-physalis.jpg","contentUrl":"https:\/\/www.lifenatura.com\/wp-content\/uploads\/2025\/10\/digest-mais-infusao-physalis.jpg","width":1000,"height":1000},{"@type":"BreadcrumbList","@id":"https:\/\/www.lifenatura.com\/es\/produto\/digest-mais-bio-infusion-20-bolsitas-physalis\/#breadcrumb","itemListElement":[{"@type":"ListItem","position":1,"name":"In\u00edcio","item":"https:\/\/www.lifenatura.com\/es\/"},{"@type":"ListItem","position":2,"name":"Todos los Productos","item":"https:\/\/www.lifenatura.com\/es\/tienda\/"},{"@type":"ListItem","position":3,"name":"Digest Mais Bio Infusi\u00f3n 20 Bolsitas &#8211; Physalis"}]},{"@type":"WebSite","@id":"https:\/\/www.lifenatura.com\/es\/#website","url":"https:\/\/www.lifenatura.com\/es\/","name":"Lifenatura","description":"A Lifenatura \u00e9 uma loja de produtos naturais, cosm\u00e9tica natural e alimenta\u00e7\u00e3o Biol\u00f3gica.","publisher":{"@id":"https:\/\/www.lifenatura.com\/es\/#organization"},"potentialAction":[{"@type":"SearchAction","target":{"@type":"EntryPoint","urlTemplate":"https:\/\/www.lifenatura.com\/es\/?s={search_term_string}"},"query-input":{"@type":"PropertyValueSpecification","valueRequired":true,"valueName":"search_term_string"}}],"inLanguage":"es"},{"@type":"Organization","@id":"https:\/\/www.lifenatura.com\/es\/#organization","name":"Lifenatura","url":"https:\/\/www.lifenatura.com\/es\/","logo":{"@type":"ImageObject","inLanguage":"es","@id":"https:\/\/www.lifenatura.com\/es\/#\/schema\/logo\/image\/","url":"https:\/\/www.lifenatura.com\/wp-content\/uploads\/2021\/11\/logo.png","contentUrl":"https:\/\/www.lifenatura.com\/wp-content\/uploads\/2021\/11\/logo.png","width":175,"height":55,"caption":"Lifenatura"},"image":{"@id":"https:\/\/www.lifenatura.com\/es\/#\/schema\/logo\/image\/"},"sameAs":["https:\/\/www.facebook.com\/lifenatura","https:\/\/www.instagram.com\/lifenaturapt\/"]}]},"product_price_amount":"5.51","product_price_currency":"EUR","og_availability":"instock","product_availability":"instock","product_retailer_item_id":"5412360003723","product_condition":"new"},"df_price":5.51,"df_sale_price":"","df_regular_price":5.51,"df_image_link":"https:\/\/www.lifenatura.com\/wp-content\/uploads\/2025\/10\/digest-mais-infusao-physalis-300x300.jpg","_links":{"self":[{"href":"https:\/\/www.lifenatura.com\/es\/wp-json\/wp\/v2\/product\/122205","targetHints":{"allow":["GET"]}}],"collection":[{"href":"https:\/\/www.lifenatura.com\/es\/wp-json\/wp\/v2\/product"}],"about":[{"href":"https:\/\/www.lifenatura.com\/es\/wp-json\/wp\/v2\/types\/product"}],"wp:featuredmedia":[{"embeddable":true,"href":"https:\/\/www.lifenatura.com\/es\/wp-json\/wp\/v2\/media\/119999"}],"wp:attachment":[{"href":"https:\/\/www.lifenatura.com\/es\/wp-json\/wp\/v2\/media?parent=122205"}],"wp:term":[{"taxonomy":"product_brand","embeddable":true,"href":"https:\/\/www.lifenatura.com\/es\/wp-json\/wp\/v2\/product_brand?post=122205"},{"taxonomy":"product_cat","embeddable":true,"href":"https:\/\/www.lifenatura.com\/es\/wp-json\/wp\/v2\/product_cat?post=122205"},{"taxonomy":"product_tag","embeddable":true,"href":"https:\/\/www.lifenatura.com\/es\/wp-json\/wp\/v2\/product_tag?post=122205"}],"curies":[{"name":"wp","href":"https:\/\/api.w.org\/{rel}","templated":true}]}}