{"id":122200,"date":"2025-10-28T20:12:09","date_gmt":"2025-10-28T20:12:09","guid":{"rendered":"https:\/\/www.lifenatura.com\/produto\/colageno-pro-30-sticks-physalis\/"},"modified":"2025-12-03T19:26:48","modified_gmt":"2025-12-03T19:26:48","slug":"colageno-pro-30-sticks-physalis","status":"publish","type":"product","link":"https:\/\/www.lifenatura.com\/es\/produto\/colageno-pro-30-sticks-physalis\/","title":{"rendered":"Col\u00e1geno Pro 30 Sticks &#8211; Physalis"},"content":{"rendered":"<h2 style=\"text-align: left;\" data-start=\"0\" data-end=\"70\"><strong data-start=\"3\" data-end=\"70\">Col\u00e1geno Pro para un cuidado intensivo de la belleza de Physalis<\/strong><\/h2>\n<p>&nbsp;<\/p>\n<p data-start=\"72\" data-end=\"606\"><strong data-start=\"74\" data-end=\"115\">Physalis Col\u00e1geno Pro (30 sticks)<\/strong> es una f\u00f3rmula avanzada desarrollada para quienes buscan un cuidado intensivo de la belleza y un apoyo estructural de los tejidos. Cada barrita combina <strong data-start=\"254\" data-end=\"299\">col\u00e1geno hidrolizado altamente absorbible<\/strong> con <strong data-start=\"304\" data-end=\"379\">\u00e1cido hialur\u00f3nico, vitamina C, zinc, biotina y vitaminas del grupo B<\/strong>, ofreciendo un apoyo nutricional completo para la piel, las articulaciones, el cabello y las u\u00f1as. La presentaci\u00f3n en barritas lo hace pr\u00e1ctico de tomar, disolvi\u00e9ndose f\u00e1cilmente en agua u otra bebida, por lo que es f\u00e1cil de integrar en tu rutina diaria.<\/p>\n<p data-start=\"608\" data-end=\"1143\">El col\u00e1geno hidrolizado act\u00faa directamente para reforzar la elasticidad y firmeza de la piel, ayudando a reducir las arrugas y mejorar el tono de la piel. El \u00e1cido hialur\u00f3nico ayuda a mantener la hidrataci\u00f3n y el volumen natural, dejando la piel m\u00e1s tersa y luminosa. La vitamina C es esencial para la s\u00edntesis de col\u00e1geno y protege las c\u00e9lulas del estr\u00e9s oxidativo, mientras que el zinc y la biotina favorecen la regeneraci\u00f3n de los tejidos, fortaleciendo el pelo y las u\u00f1as. La combinaci\u00f3n de estas sustancias crea un verdadero impulso de rejuvenecimiento y vitalidad.<\/p>\n<p data-start=\"1145\" data-end=\"1174\"><strong data-start=\"1149\" data-end=\"1174\">Principales ventajas<\/strong><\/p>\n<ul data-start=\"1175\" data-end=\"1629\">\n<li data-start=\"1175\" data-end=\"1260\">\n<p data-start=\"1177\" data-end=\"1260\"><strong data-start=\"1177\" data-end=\"1221\">Refuerza la firmeza y elasticidad de la piel<\/strong>, reduciendo los signos del envejecimiento.<\/p>\n<\/li>\n<li data-start=\"1261\" data-end=\"1334\">\n<p data-start=\"1263\" data-end=\"1334\"><strong data-start=\"1263\" data-end=\"1302\">Mejora la hidrataci\u00f3n y la luminosidad<\/strong> gracias al \u00e1cido hialur\u00f3nico.<\/p>\n<\/li>\n<li data-start=\"1335\" data-end=\"1407\">\n<p data-start=\"1337\" data-end=\"1407\"><strong data-start=\"1337\" data-end=\"1377\">Favorece la s\u00edntesis natural de col\u00e1geno<\/strong> con la ayuda de la vitamina C.<\/p>\n<\/li>\n<li data-start=\"1408\" data-end=\"1479\">\n<p data-start=\"1410\" data-end=\"1479\"><strong data-start=\"1410\" data-end=\"1438\">Fortalece el cabello y las u\u00f1as<\/strong>, favoreciendo su crecimiento y resistencia.<\/p>\n<\/li>\n<li data-start=\"1480\" data-end=\"1560\">\n<p data-start=\"1482\" data-end=\"1560\"><strong data-start=\"1482\" data-end=\"1522\">Contribuye al bienestar articular<\/strong> reforzando los tejidos conjuntivos.<\/p>\n<\/li>\n<li data-start=\"1561\" data-end=\"1629\">\n<p data-start=\"1563\" data-end=\"1629\">Pr\u00e1ctica f\u00f3rmula en sticks, ideal para rutinas r\u00e1pidas y eficaces.<\/p>\n<\/li>\n<\/ul>\n<p data-start=\"1631\" data-end=\"1652\"><strong data-start=\"1635\" data-end=\"1652\">Adecuado para<\/strong><\/p>\n<p data-start=\"1653\" data-end=\"1696\">Este suplemento es ideal para adultos que<\/p>\n<ul data-start=\"1697\" data-end=\"2058\">\n<li data-start=\"1697\" data-end=\"1755\">\n<p data-start=\"1699\" data-end=\"1755\">Buscan revitalizar la piel y reducir los signos del envejecimiento.<\/p>\n<\/li>\n<li data-start=\"1756\" data-end=\"1832\">\n<p data-start=\"1758\" data-end=\"1832\">Quieren apoyar sus articulaciones, cabello y u\u00f1as con un suplemento completo.<\/p>\n<\/li>\n<li data-start=\"1833\" data-end=\"1887\">\n<p data-start=\"1835\" data-end=\"1887\">Experimentan p\u00e9rdida de firmeza, piel apagada o deshidratada.<\/p>\n<\/li>\n<li data-start=\"1888\" data-end=\"1971\">\n<p data-start=\"1890\" data-end=\"1971\">Valoran las f\u00f3rmulas avanzadas que act\u00faan en varios frentes de la belleza y el bienestar.<\/p>\n<\/li>\n<li data-start=\"1972\" data-end=\"2058\">\n<p data-start=\"1974\" data-end=\"2058\">Quieren resultados visibles y constantes, con una rutina diaria sencilla.<\/p>\n<\/li>\n<\/ul>\n<p><strong>Presentaci\u00f3n:<\/strong><\/p>\n<p>30 Varillas<\/p>\n<p>&nbsp;<\/p>\n","protected":false},"excerpt":{"rendered":"<p>Col\u00e1geno Pro Physalis &#8211; col\u00e1geno hidrolizado, \u00e1cido hialur\u00f3nico, vitamina C, biotina y zinc para reafirmar, hidratar y rejuvenecer la piel. [&#8230;]<\/p>\n<p><a class=\"btn btn-secondary understrap-read-more-link\" href=\"https:\/\/www.lifenatura.com\/es\/produto\/colageno-pro-30-sticks-physalis\/\">Leer m\u00e1s&#8230;<span class=\"screen-reader-text\"> from Col\u00e1geno Pro 30 Sticks &#8211; Physalis<\/span><\/a><\/p>\n","protected":false},"featured_media":119978,"template":"","meta":{"_acf_changed":false},"product_brand":[8318],"product_cat":[7689,7659,7239,7179,7883],"product_tag":[],"class_list":{"0":"post-122200","1":"product","2":"type-product","3":"status-publish","4":"has-post-thumbnail","6":"product_brand-physalis-es","7":"product_cat-colagenio-natural","8":"product_cat-ingrediente-natural-bio","9":"product_cat-cuidado-de-la-piel","10":"product_cat-salud","11":"product_cat-suplementos-alimenticios","13":"first","14":"instock","15":"shipping-taxable","16":"purchasable","17":"product-type-simple","18":"add-to-wishlist-before_image"},"acf":[],"yoast_head":"<!-- This site is optimized with the Yoast SEO Premium plugin v27.1 (Yoast SEO v27.4) - https:\/\/yoast.com\/product\/yoast-seo-premium-wordpress\/ -->\n<title>Col\u00e1geno Pro 30 Sticks - Physalis - Lifenatura<\/title>\n<meta name=\"description\" content=\"Col\u00e1geno Pro Physalis - col\u00e1geno hidrolizado, \u00e1cido hialur\u00f3nico, vitamina C, biotina y zinc para reafirmar, hidratar y rejuvenecer la piel.\" \/>\n<meta name=\"robots\" content=\"index, follow, max-snippet:-1, max-image-preview:large, max-video-preview:-1\" \/>\n<link rel=\"canonical\" href=\"https:\/\/www.lifenatura.com\/es\/produto\/colageno-pro-30-sticks-physalis\/\" \/>\n<meta property=\"og:locale\" content=\"es_ES\" \/>\n<meta property=\"og:type\" content=\"article\" \/>\n<meta property=\"og:title\" content=\"Col\u00e1geno Pro 30 Sticks - Physalis - Lifenatura\" \/>\n<meta property=\"og:description\" content=\"Compre aqui o seu Col\u00e1geno Pro 30 Sticks - Physalis e a Lifenatura Online envia em 48 H com Portes Gratis &gt;35\u20ac de Pedido.\" \/>\n<meta property=\"og:url\" content=\"https:\/\/www.lifenatura.com\/es\/produto\/colageno-pro-30-sticks-physalis\/\" \/>\n<meta property=\"og:site_name\" content=\"Lifenatura\" \/>\n<meta property=\"article:publisher\" content=\"https:\/\/www.facebook.com\/lifenatura\" \/>\n<meta property=\"article:modified_time\" content=\"2025-12-03T19:26:48+00:00\" \/>\n<meta property=\"og:image\" content=\"https:\/\/www.lifenatura.com\/wp-content\/uploads\/2025\/10\/colagenio-pro-physalis.jpg\" \/>\n\t<meta property=\"og:image:width\" content=\"1000\" \/>\n\t<meta property=\"og:image:height\" content=\"1000\" \/>\n\t<meta property=\"og:image:type\" content=\"image\/jpeg\" \/>\n<meta name=\"twitter:card\" content=\"summary_large_image\" \/>\n<meta name=\"twitter:label1\" content=\"Precio\" \/>\n\t<meta name=\"twitter:data1\" content=\"28,14&nbsp;&euro;\" \/>\n\t<meta name=\"twitter:label2\" content=\"Disponibilidad\" \/>\n\t<meta name=\"twitter:data2\" content=\"Disponible\" \/>\n<meta property=\"product:price:amount\" content=\"28.14\" \/>\n<meta property=\"product:price:currency\" content=\"EUR\" \/>\n<meta property=\"og:availability\" content=\"instock\" \/>\n<meta property=\"product:availability\" content=\"instock\" \/>\n<meta property=\"product:retailer_item_id\" content=\"5412360016099\" \/>\n<meta property=\"product:condition\" content=\"new\" \/>\n<!-- \/ Yoast SEO Premium plugin. -->","yoast_head_json":{"title":"Col\u00e1geno Pro 30 Sticks - Physalis - Lifenatura","description":"Col\u00e1geno Pro Physalis - col\u00e1geno hidrolizado, \u00e1cido hialur\u00f3nico, vitamina C, biotina y zinc para reafirmar, hidratar y rejuvenecer la piel.","robots":{"index":"index","follow":"follow","max-snippet":"max-snippet:-1","max-image-preview":"max-image-preview:large","max-video-preview":"max-video-preview:-1"},"canonical":"https:\/\/www.lifenatura.com\/es\/produto\/colageno-pro-30-sticks-physalis\/","og_locale":"es_ES","og_type":"article","og_title":"Col\u00e1geno Pro 30 Sticks - Physalis - Lifenatura","og_description":"Compre aqui o seu Col\u00e1geno Pro 30 Sticks - Physalis e a Lifenatura Online envia em 48 H com Portes Gratis >35\u20ac de Pedido.","og_url":"https:\/\/www.lifenatura.com\/es\/produto\/colageno-pro-30-sticks-physalis\/","og_site_name":"Lifenatura","article_publisher":"https:\/\/www.facebook.com\/lifenatura","article_modified_time":"2025-12-03T19:26:48+00:00","og_image":[{"width":1000,"height":1000,"url":"https:\/\/www.lifenatura.com\/wp-content\/uploads\/2025\/10\/colagenio-pro-physalis.jpg","type":"image\/jpeg"}],"twitter_card":"summary_large_image","twitter_misc":{"Precio":"28,14&nbsp;&euro;","Disponibilidad":"Disponible"},"schema":{"@context":"https:\/\/schema.org","@graph":[{"@type":"WebPage","@id":"https:\/\/www.lifenatura.com\/es\/produto\/colageno-pro-30-sticks-physalis\/","url":"https:\/\/www.lifenatura.com\/es\/produto\/colageno-pro-30-sticks-physalis\/","name":"Col\u00e1geno Pro 30 Sticks - Physalis - Lifenatura","isPartOf":{"@id":"https:\/\/www.lifenatura.com\/es\/#website"},"primaryImageOfPage":{"@id":"https:\/\/www.lifenatura.com\/es\/produto\/colageno-pro-30-sticks-physalis\/#primaryimage"},"image":{"@id":"https:\/\/www.lifenatura.com\/es\/produto\/colageno-pro-30-sticks-physalis\/#primaryimage"},"thumbnailUrl":"https:\/\/www.lifenatura.com\/wp-content\/uploads\/2025\/10\/colagenio-pro-physalis.jpg","datePublished":"2025-10-28T20:12:09+00:00","dateModified":"2025-12-03T19:26:48+00:00","description":"Col\u00e1geno Pro Physalis - col\u00e1geno hidrolizado, \u00e1cido hialur\u00f3nico, vitamina C, biotina y zinc para reafirmar, hidratar y rejuvenecer la piel.","breadcrumb":{"@id":"https:\/\/www.lifenatura.com\/es\/produto\/colageno-pro-30-sticks-physalis\/#breadcrumb"},"inLanguage":"es","potentialAction":[{"@type":"ReadAction","target":["https:\/\/www.lifenatura.com\/es\/produto\/colageno-pro-30-sticks-physalis\/"]}]},{"@type":"ImageObject","inLanguage":"es","@id":"https:\/\/www.lifenatura.com\/es\/produto\/colageno-pro-30-sticks-physalis\/#primaryimage","url":"https:\/\/www.lifenatura.com\/wp-content\/uploads\/2025\/10\/colagenio-pro-physalis.jpg","contentUrl":"https:\/\/www.lifenatura.com\/wp-content\/uploads\/2025\/10\/colagenio-pro-physalis.jpg","width":1000,"height":1000},{"@type":"BreadcrumbList","@id":"https:\/\/www.lifenatura.com\/es\/produto\/colageno-pro-30-sticks-physalis\/#breadcrumb","itemListElement":[{"@type":"ListItem","position":1,"name":"In\u00edcio","item":"https:\/\/www.lifenatura.com\/es\/"},{"@type":"ListItem","position":2,"name":"Todos los Productos","item":"https:\/\/www.lifenatura.com\/es\/tienda\/"},{"@type":"ListItem","position":3,"name":"Col\u00e1geno Pro 30 Sticks &#8211; Physalis"}]},{"@type":"WebSite","@id":"https:\/\/www.lifenatura.com\/es\/#website","url":"https:\/\/www.lifenatura.com\/es\/","name":"Lifenatura","description":"A Lifenatura \u00e9 uma loja de produtos naturais, cosm\u00e9tica natural e alimenta\u00e7\u00e3o Biol\u00f3gica.","publisher":{"@id":"https:\/\/www.lifenatura.com\/es\/#organization"},"potentialAction":[{"@type":"SearchAction","target":{"@type":"EntryPoint","urlTemplate":"https:\/\/www.lifenatura.com\/es\/?s={search_term_string}"},"query-input":{"@type":"PropertyValueSpecification","valueRequired":true,"valueName":"search_term_string"}}],"inLanguage":"es"},{"@type":"Organization","@id":"https:\/\/www.lifenatura.com\/es\/#organization","name":"Lifenatura","url":"https:\/\/www.lifenatura.com\/es\/","logo":{"@type":"ImageObject","inLanguage":"es","@id":"https:\/\/www.lifenatura.com\/es\/#\/schema\/logo\/image\/","url":"https:\/\/www.lifenatura.com\/wp-content\/uploads\/2021\/11\/logo.png","contentUrl":"https:\/\/www.lifenatura.com\/wp-content\/uploads\/2021\/11\/logo.png","width":175,"height":55,"caption":"Lifenatura"},"image":{"@id":"https:\/\/www.lifenatura.com\/es\/#\/schema\/logo\/image\/"},"sameAs":["https:\/\/www.facebook.com\/lifenatura","https:\/\/www.instagram.com\/lifenaturapt\/"]}]},"product_price_amount":"28.14","product_price_currency":"EUR","og_availability":"instock","product_availability":"instock","product_retailer_item_id":"5412360016099","product_condition":"new"},"df_price":28.14,"df_sale_price":"","df_regular_price":28.14,"df_image_link":"https:\/\/www.lifenatura.com\/wp-content\/uploads\/2025\/10\/colagenio-pro-physalis-300x300.jpg","_links":{"self":[{"href":"https:\/\/www.lifenatura.com\/es\/wp-json\/wp\/v2\/product\/122200","targetHints":{"allow":["GET"]}}],"collection":[{"href":"https:\/\/www.lifenatura.com\/es\/wp-json\/wp\/v2\/product"}],"about":[{"href":"https:\/\/www.lifenatura.com\/es\/wp-json\/wp\/v2\/types\/product"}],"wp:featuredmedia":[{"embeddable":true,"href":"https:\/\/www.lifenatura.com\/es\/wp-json\/wp\/v2\/media\/119978"}],"wp:attachment":[{"href":"https:\/\/www.lifenatura.com\/es\/wp-json\/wp\/v2\/media?parent=122200"}],"wp:term":[{"taxonomy":"product_brand","embeddable":true,"href":"https:\/\/www.lifenatura.com\/es\/wp-json\/wp\/v2\/product_brand?post=122200"},{"taxonomy":"product_cat","embeddable":true,"href":"https:\/\/www.lifenatura.com\/es\/wp-json\/wp\/v2\/product_cat?post=122200"},{"taxonomy":"product_tag","embeddable":true,"href":"https:\/\/www.lifenatura.com\/es\/wp-json\/wp\/v2\/product_tag?post=122200"}],"curies":[{"name":"wp","href":"https:\/\/api.w.org\/{rel}","templated":true}]}}