{"id":122199,"date":"2025-10-28T20:12:16","date_gmt":"2025-10-28T20:12:16","guid":{"rendered":"https:\/\/www.lifenatura.com\/produto\/formula-solar-30-capsulas-physalis\/"},"modified":"2025-12-03T19:23:55","modified_gmt":"2025-12-03T19:23:55","slug":"formula-solar-30-capsulas-physalis","status":"publish","type":"product","link":"https:\/\/www.lifenatura.com\/es\/produto\/formula-solar-30-capsulas-physalis\/","title":{"rendered":"F\u00f3rmula solar 30 C\u00e1psulas &#8211; Physalis"},"content":{"rendered":"<h2 style=\"text-align: left;\" data-start=\"0\" data-end=\"68\"><strong data-start=\"3\" data-end=\"68\">F\u00f3rmula solar preparar y nutrir la piel de Physalis<\/strong><\/h2>\n<p>&nbsp;<\/p>\n<p data-start=\"70\" data-end=\"546\"><strong data-start=\"72\" data-end=\"113\">La F\u00f3rmula Solar Physalis (30 c\u00e1psulas)<\/strong> es un suplemento dise\u00f1ado para preparar y nutrir la piel antes y durante la exposici\u00f3n al sol, promoviendo un aspecto sano y radiante, resistente al da\u00f1o oxidativo. Su f\u00f3rmula combina una serie de ingredientes cuidadosamente seleccionados -desde extractos de plantas y antioxidantes hasta vitaminas y minerales- para favorecer la elasticidad de la piel, la pigmentaci\u00f3n natural y la protecci\u00f3n celular.<\/p>\n<p data-start=\"548\" data-end=\"1247\">El complejo contiene el sistema antioxidante <strong data-start=\"587\" data-end=\"601\">NutroxSun\u2122<\/strong>, con extractos de pomelo y romero, cl\u00ednicamente probado para mejorar la elasticidad de la piel y reducir el enrojecimiento tras la exposici\u00f3n a la radiaci\u00f3n UV. Tambi\u00e9n incluye antioxidantes naturales: astaxantina, licopeno, lute\u00edna y provitamina A (\u03b2-caroteno), que ayudan a proteger las c\u00e9lulas cut\u00e1neas contra los radicales libres y a mantener la salud de la piel. Como refuerzo interno, tambi\u00e9n contiene <strong data-start=\"1063\" data-end=\"1144\">vitaminas A, B2 y B3, vitamina C, vitamina E, zinc, selenio, biotina y cobre<\/strong>, nutrientes esenciales para el mantenimiento y la regeneraci\u00f3n de la piel.<\/p>\n<p data-start=\"1249\" data-end=\"1278\"><strong data-start=\"1253\" data-end=\"1278\">Principales ventajas<\/strong><\/p>\n<ul data-start=\"1279\" data-end=\"1950\">\n<li data-start=\"1279\" data-end=\"1409\">\n<p data-start=\"1281\" data-end=\"1409\">Proporciona a la piel un <strong data-start=\"1299\" data-end=\"1330\">aspecto radiante y saludable<\/strong>, potenciando su luminosidad natural.<\/p>\n<\/li>\n<li data-start=\"1410\" data-end=\"1523\">\n<p data-start=\"1412\" data-end=\"1523\"><strong data-start=\"1412\" data-end=\"1446\">Mejora la elasticidad de la piel<\/strong>, haci\u00e9ndola m\u00e1s firme y resistente.<\/p>\n<\/li>\n<li data-start=\"1524\" data-end=\"1674\">\n<p data-start=\"1526\" data-end=\"1674\">Ayuda a <strong data-start=\"1534\" data-end=\"1567\">reducir el enrojecimiento de la piel<\/strong> causado por la exposici\u00f3n al sol: ideal durante los periodos de sol intenso.<\/p>\n<\/li>\n<li data-start=\"1675\" data-end=\"1819\">\n<p data-start=\"1677\" data-end=\"1819\"><strong data-start=\"1677\" data-end=\"1723\">Protege las c\u00e9lulas contra el estr\u00e9s oxidativo<\/strong> gracias a una combinaci\u00f3n de antioxidantes y micronutrientes.<\/p>\n<\/li>\n<li data-start=\"1820\" data-end=\"1950\">\n<p data-start=\"1822\" data-end=\"1950\"><strong data-start=\"1822\" data-end=\"1872\">Contribuye a la pigmentaci\u00f3n natural de la piel<\/strong>, favoreciendo un tono uniforme y cuidado.<\/p>\n<\/li>\n<\/ul>\n<p data-start=\"1952\" data-end=\"1973\"><strong data-start=\"1956\" data-end=\"1973\">Adecuado para<\/strong><\/p>\n<p data-start=\"1974\" data-end=\"2017\">Este suplemento est\u00e1 destinado a adultos que<\/p>\n<ul data-start=\"2018\" data-end=\"2512\">\n<li data-start=\"2018\" data-end=\"2101\">\n<p data-start=\"2020\" data-end=\"2101\">Quieren preparar la piel antes de la exposici\u00f3n al sol, centr\u00e1ndose en la protecci\u00f3n y la belleza.<\/p>\n<\/li>\n<li data-start=\"2102\" data-end=\"2217\">\n<p data-start=\"2104\" data-end=\"2217\">Quieren mantener una piel sana, radiante y flexible, incluso en climas c\u00e1lidos o cuando se exponen al sol.<\/p>\n<\/li>\n<li data-start=\"2218\" data-end=\"2307\">\n<p data-start=\"2220\" data-end=\"2307\">Buscan reforzar la estructura de la piel con antioxidantes y micronutrientes esenciales.<\/p>\n<\/li>\n<li data-start=\"2308\" data-end=\"2398\">\n<p data-start=\"2310\" data-end=\"2398\">Su objetivo es optimizar la pigmentaci\u00f3n natural y reducir los efectos adversos de la radiaci\u00f3n UV.<\/p>\n<\/li>\n<li data-start=\"2399\" data-end=\"2512\">\n<p data-start=\"2401\" data-end=\"2512\">Valoran los cuidados internos adicionales que complementan la protecci\u00f3n externa (cremas solares, hidratantes, etc.).<\/p>\n<\/li>\n<\/ul>\n<p><strong>Presentaci\u00f3n:<\/strong><\/p>\n<p>30 c\u00e1psulas.<\/p>\n<p>&nbsp;<\/p>\n","protected":false},"excerpt":{"rendered":"<p>F\u00f3rmula Solar Physalis &#8211; suplemento con NutroxSun\u2122, antioxidantes, vitaminas y minerales para una piel radiante, flexible y protegida de la exposici\u00f3n al sol. [&#8230;]<\/p>\n<p><a class=\"btn btn-secondary understrap-read-more-link\" href=\"https:\/\/www.lifenatura.com\/es\/produto\/formula-solar-30-capsulas-physalis\/\">Leer m\u00e1s&#8230;<span class=\"screen-reader-text\"> from F\u00f3rmula solar 30 C\u00e1psulas &#8211; Physalis<\/span><\/a><\/p>\n","protected":false},"featured_media":119972,"template":"","meta":{"_acf_changed":false},"product_brand":[8318],"product_cat":[7239,7179,7883],"product_tag":[],"class_list":{"0":"post-122199","1":"product","2":"type-product","3":"status-publish","4":"has-post-thumbnail","6":"product_brand-physalis-es","7":"product_cat-cuidado-de-la-piel","8":"product_cat-salud","9":"product_cat-suplementos-alimenticios","11":"first","12":"instock","13":"shipping-taxable","14":"purchasable","15":"product-type-simple","16":"add-to-wishlist-before_image"},"acf":[],"yoast_head":"<!-- This site is optimized with the Yoast SEO Premium plugin v27.1 (Yoast SEO v27.4) - https:\/\/yoast.com\/product\/yoast-seo-premium-wordpress\/ -->\n<title>F\u00f3rmula solar 30 C\u00e1psulas - Physalis - Lifenatura<\/title>\n<meta name=\"description\" content=\"F\u00f3rmula Solar Physalis con NutroxSun\u2122, antioxidantes, vitaminas y minerales para una piel radiante, flexible y protegida de la exposici\u00f3n al sol.\" \/>\n<meta name=\"robots\" content=\"index, follow, max-snippet:-1, max-image-preview:large, max-video-preview:-1\" \/>\n<link rel=\"canonical\" href=\"https:\/\/www.lifenatura.com\/es\/produto\/formula-solar-30-capsulas-physalis\/\" \/>\n<meta property=\"og:locale\" content=\"es_ES\" \/>\n<meta property=\"og:type\" content=\"article\" \/>\n<meta property=\"og:title\" content=\"F\u00f3rmula solar 30 C\u00e1psulas - Physalis - Lifenatura\" \/>\n<meta property=\"og:description\" content=\"Compre aqui o seu F\u00f3rmula solar 30 C\u00e1psulas - Physalis e a Lifenatura Online envia em 48 H com Portes Gratis &gt;35\u20ac de Pedido.\" \/>\n<meta property=\"og:url\" content=\"https:\/\/www.lifenatura.com\/es\/produto\/formula-solar-30-capsulas-physalis\/\" \/>\n<meta property=\"og:site_name\" content=\"Lifenatura\" \/>\n<meta property=\"article:publisher\" content=\"https:\/\/www.facebook.com\/lifenatura\" \/>\n<meta property=\"article:modified_time\" content=\"2025-12-03T19:23:55+00:00\" \/>\n<meta property=\"og:image\" content=\"https:\/\/www.lifenatura.com\/wp-content\/uploads\/2025\/10\/sun-formula-physalis.jpg\" \/>\n\t<meta property=\"og:image:width\" content=\"1000\" \/>\n\t<meta property=\"og:image:height\" content=\"1000\" \/>\n\t<meta property=\"og:image:type\" content=\"image\/jpeg\" \/>\n<meta name=\"twitter:card\" content=\"summary_large_image\" \/>\n<meta name=\"twitter:label1\" content=\"Precio\" \/>\n\t<meta name=\"twitter:data1\" content=\"19,47&nbsp;&euro;\" \/>\n\t<meta name=\"twitter:label2\" content=\"Disponibilidad\" \/>\n\t<meta name=\"twitter:data2\" content=\"Disponible\" \/>\n<meta property=\"product:price:amount\" content=\"19.47\" \/>\n<meta property=\"product:price:currency\" content=\"EUR\" \/>\n<meta property=\"og:availability\" content=\"instock\" \/>\n<meta property=\"product:availability\" content=\"instock\" \/>\n<meta property=\"product:retailer_item_id\" content=\"5412360013265\" \/>\n<meta property=\"product:condition\" content=\"new\" \/>\n<!-- \/ Yoast SEO Premium plugin. -->","yoast_head_json":{"title":"F\u00f3rmula solar 30 C\u00e1psulas - Physalis - Lifenatura","description":"F\u00f3rmula Solar Physalis con NutroxSun\u2122, antioxidantes, vitaminas y minerales para una piel radiante, flexible y protegida de la exposici\u00f3n al sol.","robots":{"index":"index","follow":"follow","max-snippet":"max-snippet:-1","max-image-preview":"max-image-preview:large","max-video-preview":"max-video-preview:-1"},"canonical":"https:\/\/www.lifenatura.com\/es\/produto\/formula-solar-30-capsulas-physalis\/","og_locale":"es_ES","og_type":"article","og_title":"F\u00f3rmula solar 30 C\u00e1psulas - Physalis - Lifenatura","og_description":"Compre aqui o seu F\u00f3rmula solar 30 C\u00e1psulas - Physalis e a Lifenatura Online envia em 48 H com Portes Gratis >35\u20ac de Pedido.","og_url":"https:\/\/www.lifenatura.com\/es\/produto\/formula-solar-30-capsulas-physalis\/","og_site_name":"Lifenatura","article_publisher":"https:\/\/www.facebook.com\/lifenatura","article_modified_time":"2025-12-03T19:23:55+00:00","og_image":[{"width":1000,"height":1000,"url":"https:\/\/www.lifenatura.com\/wp-content\/uploads\/2025\/10\/sun-formula-physalis.jpg","type":"image\/jpeg"}],"twitter_card":"summary_large_image","twitter_misc":{"Precio":"19,47&nbsp;&euro;","Disponibilidad":"Disponible"},"schema":{"@context":"https:\/\/schema.org","@graph":[{"@type":"WebPage","@id":"https:\/\/www.lifenatura.com\/es\/produto\/formula-solar-30-capsulas-physalis\/","url":"https:\/\/www.lifenatura.com\/es\/produto\/formula-solar-30-capsulas-physalis\/","name":"F\u00f3rmula solar 30 C\u00e1psulas - Physalis - Lifenatura","isPartOf":{"@id":"https:\/\/www.lifenatura.com\/es\/#website"},"primaryImageOfPage":{"@id":"https:\/\/www.lifenatura.com\/es\/produto\/formula-solar-30-capsulas-physalis\/#primaryimage"},"image":{"@id":"https:\/\/www.lifenatura.com\/es\/produto\/formula-solar-30-capsulas-physalis\/#primaryimage"},"thumbnailUrl":"https:\/\/www.lifenatura.com\/wp-content\/uploads\/2025\/10\/sun-formula-physalis.jpg","datePublished":"2025-10-28T20:12:16+00:00","dateModified":"2025-12-03T19:23:55+00:00","description":"F\u00f3rmula Solar Physalis con NutroxSun\u2122, antioxidantes, vitaminas y minerales para una piel radiante, flexible y protegida de la exposici\u00f3n al sol.","breadcrumb":{"@id":"https:\/\/www.lifenatura.com\/es\/produto\/formula-solar-30-capsulas-physalis\/#breadcrumb"},"inLanguage":"es","potentialAction":[{"@type":"ReadAction","target":["https:\/\/www.lifenatura.com\/es\/produto\/formula-solar-30-capsulas-physalis\/"]}]},{"@type":"ImageObject","inLanguage":"es","@id":"https:\/\/www.lifenatura.com\/es\/produto\/formula-solar-30-capsulas-physalis\/#primaryimage","url":"https:\/\/www.lifenatura.com\/wp-content\/uploads\/2025\/10\/sun-formula-physalis.jpg","contentUrl":"https:\/\/www.lifenatura.com\/wp-content\/uploads\/2025\/10\/sun-formula-physalis.jpg","width":1000,"height":1000},{"@type":"BreadcrumbList","@id":"https:\/\/www.lifenatura.com\/es\/produto\/formula-solar-30-capsulas-physalis\/#breadcrumb","itemListElement":[{"@type":"ListItem","position":1,"name":"In\u00edcio","item":"https:\/\/www.lifenatura.com\/es\/"},{"@type":"ListItem","position":2,"name":"Todos los Productos","item":"https:\/\/www.lifenatura.com\/es\/tienda\/"},{"@type":"ListItem","position":3,"name":"F\u00f3rmula solar 30 C\u00e1psulas &#8211; Physalis"}]},{"@type":"WebSite","@id":"https:\/\/www.lifenatura.com\/es\/#website","url":"https:\/\/www.lifenatura.com\/es\/","name":"Lifenatura","description":"A Lifenatura \u00e9 uma loja de produtos naturais, cosm\u00e9tica natural e alimenta\u00e7\u00e3o Biol\u00f3gica.","publisher":{"@id":"https:\/\/www.lifenatura.com\/es\/#organization"},"potentialAction":[{"@type":"SearchAction","target":{"@type":"EntryPoint","urlTemplate":"https:\/\/www.lifenatura.com\/es\/?s={search_term_string}"},"query-input":{"@type":"PropertyValueSpecification","valueRequired":true,"valueName":"search_term_string"}}],"inLanguage":"es"},{"@type":"Organization","@id":"https:\/\/www.lifenatura.com\/es\/#organization","name":"Lifenatura","url":"https:\/\/www.lifenatura.com\/es\/","logo":{"@type":"ImageObject","inLanguage":"es","@id":"https:\/\/www.lifenatura.com\/es\/#\/schema\/logo\/image\/","url":"https:\/\/www.lifenatura.com\/wp-content\/uploads\/2021\/11\/logo.png","contentUrl":"https:\/\/www.lifenatura.com\/wp-content\/uploads\/2021\/11\/logo.png","width":175,"height":55,"caption":"Lifenatura"},"image":{"@id":"https:\/\/www.lifenatura.com\/es\/#\/schema\/logo\/image\/"},"sameAs":["https:\/\/www.facebook.com\/lifenatura","https:\/\/www.instagram.com\/lifenaturapt\/"]}]},"product_price_amount":"19.47","product_price_currency":"EUR","og_availability":"instock","product_availability":"instock","product_retailer_item_id":"5412360013265","product_condition":"new"},"df_price":19.47,"df_sale_price":"","df_regular_price":19.47,"df_image_link":"https:\/\/www.lifenatura.com\/wp-content\/uploads\/2025\/10\/sun-formula-physalis-300x300.jpg","_links":{"self":[{"href":"https:\/\/www.lifenatura.com\/es\/wp-json\/wp\/v2\/product\/122199","targetHints":{"allow":["GET"]}}],"collection":[{"href":"https:\/\/www.lifenatura.com\/es\/wp-json\/wp\/v2\/product"}],"about":[{"href":"https:\/\/www.lifenatura.com\/es\/wp-json\/wp\/v2\/types\/product"}],"wp:featuredmedia":[{"embeddable":true,"href":"https:\/\/www.lifenatura.com\/es\/wp-json\/wp\/v2\/media\/119972"}],"wp:attachment":[{"href":"https:\/\/www.lifenatura.com\/es\/wp-json\/wp\/v2\/media?parent=122199"}],"wp:term":[{"taxonomy":"product_brand","embeddable":true,"href":"https:\/\/www.lifenatura.com\/es\/wp-json\/wp\/v2\/product_brand?post=122199"},{"taxonomy":"product_cat","embeddable":true,"href":"https:\/\/www.lifenatura.com\/es\/wp-json\/wp\/v2\/product_cat?post=122199"},{"taxonomy":"product_tag","embeddable":true,"href":"https:\/\/www.lifenatura.com\/es\/wp-json\/wp\/v2\/product_tag?post=122199"}],"curies":[{"name":"wp","href":"https:\/\/api.w.org\/{rel}","templated":true}]}}