{"id":122198,"date":"2025-10-27T19:21:37","date_gmt":"2025-10-27T19:21:37","guid":{"rendered":"https:\/\/www.lifenatura.com\/produto\/hierro-b12-forte-45-comprimidos-physalis\/"},"modified":"2025-12-03T19:40:53","modified_gmt":"2025-12-03T19:40:53","slug":"hierro-b12-forte-45-comprimidos-physalis","status":"publish","type":"product","link":"https:\/\/www.lifenatura.com\/es\/produto\/hierro-b12-forte-45-comprimidos-physalis\/","title":{"rendered":"Hierro B12 Forte 45 Comprimidos &#8211; Physalis"},"content":{"rendered":"<h2 style=\"text-align: left;\" data-start=\"0\" data-end=\"75\"><strong data-start=\"3\" data-end=\"75\">Hierro B12 Forte contribuir eficazmente a la formaci\u00f3n de gl\u00f3bulos rojos Physalis<\/strong><\/h2>\n<p>&nbsp;<\/p>\n<p data-start=\"77\" data-end=\"634\"><strong data-start=\"90\" data-end=\"163\">Physalis Hierro B12 Forte (45 comprimidos)<\/strong> es un complejo nutricional de primera calidad formulado para contribuir eficazmente a la formaci\u00f3n de gl\u00f3bulos rojos, la producci\u00f3n de hemoglobina y el mantenimiento de la vitalidad diaria. Combina hierro en una forma altamente biodisponible con vitaminas B activas -B2, B6, B12-, as\u00ed como \u00e1cido f\u00f3lico, vitamina C y cobre, creando una acci\u00f3n sin\u00e9rgica ideal para quienes necesitan un refuerzo en el transporte de ox\u00edgeno, contra la fatiga y con mayores necesidades.<\/p>\n<p data-start=\"636\" data-end=\"1325\">Este suplemento reconoce que el hierro y la vitamina B12 son esenciales para la buena salud de la sangre: el hierro contribuye a la formaci\u00f3n de hemoglobina y gl\u00f3bulos rojos, mientras que la vitamina B12 tambi\u00e9n contribuye a estos procesos. El \u00e1cido f\u00f3lico es esencial para la formaci\u00f3n de la sangre y la vitamina B6 ayuda a combatir la sensaci\u00f3n de cansancio y fatiga. El cobre tambi\u00e9n facilita el transporte del hierro por el organismo y la vitamina B2 contribuye a su metabolismo. La vitamina C est\u00e1 presente para favorecer una absorci\u00f3n m\u00e1s eficaz del hierro. Tomar de 1 a 2 comprimidos al d\u00eda con las comidas, seg\u00fan las indicaciones, lo convierte en una rutina sencilla de integrar en tu d\u00eda a d\u00eda.<\/p>\n<p data-start=\"1327\" data-end=\"1356\"><strong data-start=\"1331\" data-end=\"1356\">Principales ventajas<\/strong><\/p>\n<ul data-start=\"1357\" data-end=\"2073\">\n<li data-start=\"1357\" data-end=\"1517\">\n<p data-start=\"1359\" data-end=\"1517\">Contribuye a la <strong data-start=\"1376\" data-end=\"1431\">formaci\u00f3n normal de gl\u00f3bulos rojos y hemoglobina<\/strong>, gracias a la combinaci\u00f3n de hierro y vitamina B12.<\/p>\n<\/li>\n<li data-start=\"1518\" data-end=\"1644\">\n<p data-start=\"1520\" data-end=\"1644\">Ayuda a <strong data-start=\"1528\" data-end=\"1561\">combatir el cansancio y la fatiga<\/strong> gracias a las vitaminas B6, B12 y el hierro.<\/p>\n<\/li>\n<li data-start=\"1645\" data-end=\"1813\">\n<p data-start=\"1647\" data-end=\"1813\">Favorece <strong data-start=\"1655\" data-end=\"1679\">el metabolismo del hierro<\/strong> con la aportaci\u00f3n de vitamina B2 y cobre, garantizando que el hierro se utilice eficazmente.<\/p>\n<\/li>\n<li data-start=\"1814\" data-end=\"1954\">\n<p data-start=\"1816\" data-end=\"1954\"><strong data-start=\"1816\" data-end=\"1847\">Mejora la absorci\u00f3n del hierro<\/strong> en el organismo, con el apoyo de la vitamina C, que optimiza este proceso.<\/p>\n<\/li>\n<li data-start=\"1955\" data-end=\"2073\">\n<p data-start=\"1957\" data-end=\"2073\">F\u00f3rmula completa y robusta, ideal para situaciones de mayor necesidad de hierro o desgaste f\u00edsico-metab\u00f3lico.<\/p>\n<\/li>\n<\/ul>\n<p data-start=\"2075\" data-end=\"2096\"><strong data-start=\"2079\" data-end=\"2096\">Adecuado para<\/strong><\/p>\n<p data-start=\"2097\" data-end=\"2146\">Este suplemento est\u00e1 recomendado para adultos que<\/p>\n<ul data-start=\"2147\" data-end=\"2654\">\n<li data-start=\"2147\" data-end=\"2311\">\n<p data-start=\"2149\" data-end=\"2311\">Necesitan aumentar sus niveles de hierro o corren riesgo de carencia, ya sea debido a una dieta restringida, a periodos de mayor p\u00e9rdida o a estilos de vida activos.<\/p>\n<\/li>\n<li data-start=\"2312\" data-end=\"2441\">\n<p data-start=\"2314\" data-end=\"2441\">Experimentan cansancio frecuente, falta de energ\u00eda o fatiga persistente y quieren mantener su nivel de vitalidad de forma natural.<\/p>\n<\/li>\n<li data-start=\"2442\" data-end=\"2565\">\n<p data-start=\"2444\" data-end=\"2565\">Quieren un suplemento con m\u00faltiples micronutrientes que potencien la funci\u00f3n sangu\u00ednea y el transporte de ox\u00edgeno.<\/p>\n<\/li>\n<li data-start=\"2566\" data-end=\"2654\">\n<p data-start=\"2568\" data-end=\"2654\">Valoran las f\u00f3rmulas con micronutrientes activos de calidad, adecuadas para su rutina diaria.<\/p>\n<\/li>\n<\/ul>\n<p><strong>Presentaci\u00f3n:<\/strong><\/p>\n<p>45 comprimidos<\/p>\n<p>&nbsp;<\/p>\n","protected":false},"excerpt":{"rendered":"<p>Hierro B12 Forte Physalis &#8211; suplemento con hierro, vitaminas B activas, \u00e1cido f\u00f3lico, cobre y vitamina C que forma gl\u00f3bulos rojos y combate el cansancio. [&#8230;]<\/p>\n<p><a class=\"btn btn-secondary understrap-read-more-link\" href=\"https:\/\/www.lifenatura.com\/es\/produto\/hierro-b12-forte-45-comprimidos-physalis\/\">Leer m\u00e1s&#8230;<span class=\"screen-reader-text\"> from Hierro B12 Forte 45 Comprimidos &#8211; Physalis<\/span><\/a><\/p>\n","protected":false},"featured_media":119875,"template":"","meta":{"_acf_changed":false},"product_brand":[8318],"product_cat":[7220,7238,7179,7883],"product_tag":[],"class_list":{"0":"post-122198","1":"product","2":"type-product","3":"status-publish","4":"has-post-thumbnail","6":"product_brand-physalis-es","7":"product_cat-anemia-salud","8":"product_cat-energizante-natural","9":"product_cat-salud","10":"product_cat-suplementos-alimenticios","12":"first","13":"instock","14":"shipping-taxable","15":"purchasable","16":"product-type-simple","17":"add-to-wishlist-before_image"},"acf":[],"yoast_head":"<!-- This site is optimized with the Yoast SEO Premium plugin v27.1 (Yoast SEO v27.5) - https:\/\/yoast.com\/product\/yoast-seo-premium-wordpress\/ -->\n<title>Hierro B12 Forte 45 Comprimidos - Physalis - Na Lifenatura ao Melhor Pre\u00e7o | Envio em 48h<\/title>\n<meta name=\"description\" content=\"Hierro B12 Forte Physalis - suplemento con hierro, vitaminas B activas, \u00e1cido f\u00f3lico, cobre y vitamina C que forma gl\u00f3bulos rojos y combate el cansancio.\" \/>\n<meta name=\"robots\" content=\"index, follow, max-snippet:-1, max-image-preview:large, max-video-preview:-1\" \/>\n<link rel=\"canonical\" href=\"https:\/\/www.lifenatura.com\/es\/produto\/hierro-b12-forte-45-comprimidos-physalis\/\" \/>\n<meta property=\"og:locale\" content=\"es_ES\" \/>\n<meta property=\"og:type\" content=\"article\" \/>\n<meta property=\"og:title\" content=\"Hierro B12 Forte 45 Comprimidos - Physalis - Na Lifenatura ao Melhor Pre\u00e7o | Envio 48h\" \/>\n<meta property=\"og:description\" content=\"Compre Hierro B12 Forte 45 Comprimidos - Physalis com envio r\u00e1pido. Entrega em 48h e portes gr\u00e1tis em compras &gt;35\u20ac. Aproveite j\u00e1 na Lifenatura\" \/>\n<meta property=\"og:url\" content=\"https:\/\/www.lifenatura.com\/es\/produto\/hierro-b12-forte-45-comprimidos-physalis\/\" \/>\n<meta property=\"og:site_name\" content=\"Lifenatura\" \/>\n<meta property=\"article:publisher\" content=\"https:\/\/www.facebook.com\/lifenatura\" \/>\n<meta property=\"article:modified_time\" content=\"2025-12-03T19:40:53+00:00\" \/>\n<meta property=\"og:image\" content=\"https:\/\/www.lifenatura.com\/wp-content\/uploads\/2025\/10\/ferro-b12-forte-physalis.jpg\" \/>\n\t<meta property=\"og:image:width\" content=\"1000\" \/>\n\t<meta property=\"og:image:height\" content=\"1000\" \/>\n\t<meta property=\"og:image:type\" content=\"image\/jpeg\" \/>\n<meta name=\"twitter:card\" content=\"summary_large_image\" \/>\n<meta name=\"twitter:label1\" content=\"Precio\" \/>\n\t<meta name=\"twitter:data1\" content=\"16,29&nbsp;&euro;\" \/>\n\t<meta name=\"twitter:label2\" content=\"Disponibilidad\" \/>\n\t<meta name=\"twitter:data2\" content=\"Disponible\" \/>\n<script type=\"application\/ld+json\" class=\"yoast-schema-graph\">{\"@context\":\"https:\\\/\\\/schema.org\",\"@graph\":[{\"@type\":\"WebPage\",\"@id\":\"https:\\\/\\\/www.lifenatura.com\\\/es\\\/produto\\\/hierro-b12-forte-45-comprimidos-physalis\\\/\",\"url\":\"https:\\\/\\\/www.lifenatura.com\\\/es\\\/produto\\\/hierro-b12-forte-45-comprimidos-physalis\\\/\",\"name\":\"Hierro B12 Forte 45 Comprimidos - Physalis - Na Lifenatura ao Melhor Pre\u00e7o | Envio em 48h\",\"isPartOf\":{\"@id\":\"https:\\\/\\\/www.lifenatura.com\\\/es\\\/#website\"},\"primaryImageOfPage\":{\"@id\":\"https:\\\/\\\/www.lifenatura.com\\\/es\\\/produto\\\/hierro-b12-forte-45-comprimidos-physalis\\\/#primaryimage\"},\"image\":{\"@id\":\"https:\\\/\\\/www.lifenatura.com\\\/es\\\/produto\\\/hierro-b12-forte-45-comprimidos-physalis\\\/#primaryimage\"},\"thumbnailUrl\":\"https:\\\/\\\/www.lifenatura.com\\\/wp-content\\\/uploads\\\/2025\\\/10\\\/ferro-b12-forte-physalis.jpg\",\"datePublished\":\"2025-10-27T19:21:37+00:00\",\"dateModified\":\"2025-12-03T19:40:53+00:00\",\"description\":\"Hierro B12 Forte Physalis - suplemento con hierro, vitaminas B activas, \u00e1cido f\u00f3lico, cobre y vitamina C que forma gl\u00f3bulos rojos y combate el cansancio.\",\"breadcrumb\":{\"@id\":\"https:\\\/\\\/www.lifenatura.com\\\/es\\\/produto\\\/hierro-b12-forte-45-comprimidos-physalis\\\/#breadcrumb\"},\"inLanguage\":\"es\",\"potentialAction\":[{\"@type\":\"ReadAction\",\"target\":[\"https:\\\/\\\/www.lifenatura.com\\\/es\\\/produto\\\/hierro-b12-forte-45-comprimidos-physalis\\\/\"]}]},{\"@type\":\"ImageObject\",\"inLanguage\":\"es\",\"@id\":\"https:\\\/\\\/www.lifenatura.com\\\/es\\\/produto\\\/hierro-b12-forte-45-comprimidos-physalis\\\/#primaryimage\",\"url\":\"https:\\\/\\\/www.lifenatura.com\\\/wp-content\\\/uploads\\\/2025\\\/10\\\/ferro-b12-forte-physalis.jpg\",\"contentUrl\":\"https:\\\/\\\/www.lifenatura.com\\\/wp-content\\\/uploads\\\/2025\\\/10\\\/ferro-b12-forte-physalis.jpg\",\"width\":1000,\"height\":1000,\"caption\":\"Hierro B12 fuerte Physalis\"},{\"@type\":\"BreadcrumbList\",\"@id\":\"https:\\\/\\\/www.lifenatura.com\\\/es\\\/produto\\\/hierro-b12-forte-45-comprimidos-physalis\\\/#breadcrumb\",\"itemListElement\":[{\"@type\":\"ListItem\",\"position\":1,\"name\":\"In\u00edcio\",\"item\":\"https:\\\/\\\/www.lifenatura.com\\\/es\\\/\"},{\"@type\":\"ListItem\",\"position\":2,\"name\":\"Todos los Productos\",\"item\":\"https:\\\/\\\/www.lifenatura.com\\\/es\\\/tienda\\\/\"},{\"@type\":\"ListItem\",\"position\":3,\"name\":\"Hierro B12 Forte 45 Comprimidos &#8211; Physalis\"}]},{\"@type\":\"WebSite\",\"@id\":\"https:\\\/\\\/www.lifenatura.com\\\/es\\\/#website\",\"url\":\"https:\\\/\\\/www.lifenatura.com\\\/es\\\/\",\"name\":\"Lifenatura\",\"description\":\"A Lifenatura \u00e9 uma loja de produtos naturais, cosm\u00e9tica natural e alimenta\u00e7\u00e3o Biol\u00f3gica.\",\"publisher\":{\"@id\":\"https:\\\/\\\/www.lifenatura.com\\\/es\\\/#organization\"},\"potentialAction\":[{\"@type\":\"SearchAction\",\"target\":{\"@type\":\"EntryPoint\",\"urlTemplate\":\"https:\\\/\\\/www.lifenatura.com\\\/es\\\/?s={search_term_string}\"},\"query-input\":{\"@type\":\"PropertyValueSpecification\",\"valueRequired\":true,\"valueName\":\"search_term_string\"}}],\"inLanguage\":\"es\"},{\"@type\":\"Organization\",\"@id\":\"https:\\\/\\\/www.lifenatura.com\\\/es\\\/#organization\",\"name\":\"Lifenatura\",\"url\":\"https:\\\/\\\/www.lifenatura.com\\\/es\\\/\",\"logo\":{\"@type\":\"ImageObject\",\"inLanguage\":\"es\",\"@id\":\"https:\\\/\\\/www.lifenatura.com\\\/es\\\/#\\\/schema\\\/logo\\\/image\\\/\",\"url\":\"https:\\\/\\\/www.lifenatura.com\\\/wp-content\\\/uploads\\\/2021\\\/07\\\/logo.png\",\"contentUrl\":\"https:\\\/\\\/www.lifenatura.com\\\/wp-content\\\/uploads\\\/2021\\\/07\\\/logo.png\",\"width\":175,\"height\":55,\"caption\":\"Lifenatura\"},\"image\":{\"@id\":\"https:\\\/\\\/www.lifenatura.com\\\/es\\\/#\\\/schema\\\/logo\\\/image\\\/\"},\"sameAs\":[\"https:\\\/\\\/www.facebook.com\\\/lifenatura\",\"https:\\\/\\\/www.instagram.com\\\/lifenaturapt\\\/\"],\"hasMerchantReturnPolicy\":{\"@type\":\"MerchantReturnPolicy\",\"merchantReturnLink\":\"https:\\\/\\\/www.lifenatura.com\\\/termos-condicoes-lifenatura\\\/\"}}]}<\/script>\n<meta property=\"product:price:amount\" content=\"16.29\" \/>\n<meta property=\"product:price:currency\" content=\"EUR\" \/>\n<meta property=\"og:availability\" content=\"instock\" \/>\n<meta property=\"product:availability\" content=\"instock\" \/>\n<meta property=\"product:retailer_item_id\" content=\"5412360017218\" \/>\n<meta property=\"product:condition\" content=\"new\" \/>\n<!-- \/ Yoast SEO Premium plugin. -->","yoast_head_json":{"title":"Hierro B12 Forte 45 Comprimidos - Physalis - Na Lifenatura ao Melhor Pre\u00e7o | Envio em 48h","description":"Hierro B12 Forte Physalis - suplemento con hierro, vitaminas B activas, \u00e1cido f\u00f3lico, cobre y vitamina C que forma gl\u00f3bulos rojos y combate el cansancio.","robots":{"index":"index","follow":"follow","max-snippet":"max-snippet:-1","max-image-preview":"max-image-preview:large","max-video-preview":"max-video-preview:-1"},"canonical":"https:\/\/www.lifenatura.com\/es\/produto\/hierro-b12-forte-45-comprimidos-physalis\/","og_locale":"es_ES","og_type":"article","og_title":"Hierro B12 Forte 45 Comprimidos - Physalis - Na Lifenatura ao Melhor Pre\u00e7o | Envio 48h","og_description":"Compre Hierro B12 Forte 45 Comprimidos - Physalis com envio r\u00e1pido. Entrega em 48h e portes gr\u00e1tis em compras >35\u20ac. Aproveite j\u00e1 na Lifenatura","og_url":"https:\/\/www.lifenatura.com\/es\/produto\/hierro-b12-forte-45-comprimidos-physalis\/","og_site_name":"Lifenatura","article_publisher":"https:\/\/www.facebook.com\/lifenatura","article_modified_time":"2025-12-03T19:40:53+00:00","og_image":[{"width":1000,"height":1000,"url":"https:\/\/www.lifenatura.com\/wp-content\/uploads\/2025\/10\/ferro-b12-forte-physalis.jpg","type":"image\/jpeg"}],"twitter_card":"summary_large_image","twitter_misc":{"Precio":"16,29&nbsp;&euro;","Disponibilidad":"Disponible"},"schema":{"@context":"https:\/\/schema.org","@graph":[{"@type":"WebPage","@id":"https:\/\/www.lifenatura.com\/es\/produto\/hierro-b12-forte-45-comprimidos-physalis\/","url":"https:\/\/www.lifenatura.com\/es\/produto\/hierro-b12-forte-45-comprimidos-physalis\/","name":"Hierro B12 Forte 45 Comprimidos - Physalis - Na Lifenatura ao Melhor Pre\u00e7o | Envio em 48h","isPartOf":{"@id":"https:\/\/www.lifenatura.com\/es\/#website"},"primaryImageOfPage":{"@id":"https:\/\/www.lifenatura.com\/es\/produto\/hierro-b12-forte-45-comprimidos-physalis\/#primaryimage"},"image":{"@id":"https:\/\/www.lifenatura.com\/es\/produto\/hierro-b12-forte-45-comprimidos-physalis\/#primaryimage"},"thumbnailUrl":"https:\/\/www.lifenatura.com\/wp-content\/uploads\/2025\/10\/ferro-b12-forte-physalis.jpg","datePublished":"2025-10-27T19:21:37+00:00","dateModified":"2025-12-03T19:40:53+00:00","description":"Hierro B12 Forte Physalis - suplemento con hierro, vitaminas B activas, \u00e1cido f\u00f3lico, cobre y vitamina C que forma gl\u00f3bulos rojos y combate el cansancio.","breadcrumb":{"@id":"https:\/\/www.lifenatura.com\/es\/produto\/hierro-b12-forte-45-comprimidos-physalis\/#breadcrumb"},"inLanguage":"es","potentialAction":[{"@type":"ReadAction","target":["https:\/\/www.lifenatura.com\/es\/produto\/hierro-b12-forte-45-comprimidos-physalis\/"]}]},{"@type":"ImageObject","inLanguage":"es","@id":"https:\/\/www.lifenatura.com\/es\/produto\/hierro-b12-forte-45-comprimidos-physalis\/#primaryimage","url":"https:\/\/www.lifenatura.com\/wp-content\/uploads\/2025\/10\/ferro-b12-forte-physalis.jpg","contentUrl":"https:\/\/www.lifenatura.com\/wp-content\/uploads\/2025\/10\/ferro-b12-forte-physalis.jpg","width":1000,"height":1000,"caption":"Hierro B12 fuerte Physalis"},{"@type":"BreadcrumbList","@id":"https:\/\/www.lifenatura.com\/es\/produto\/hierro-b12-forte-45-comprimidos-physalis\/#breadcrumb","itemListElement":[{"@type":"ListItem","position":1,"name":"In\u00edcio","item":"https:\/\/www.lifenatura.com\/es\/"},{"@type":"ListItem","position":2,"name":"Todos los Productos","item":"https:\/\/www.lifenatura.com\/es\/tienda\/"},{"@type":"ListItem","position":3,"name":"Hierro B12 Forte 45 Comprimidos &#8211; Physalis"}]},{"@type":"WebSite","@id":"https:\/\/www.lifenatura.com\/es\/#website","url":"https:\/\/www.lifenatura.com\/es\/","name":"Lifenatura","description":"A Lifenatura \u00e9 uma loja de produtos naturais, cosm\u00e9tica natural e alimenta\u00e7\u00e3o Biol\u00f3gica.","publisher":{"@id":"https:\/\/www.lifenatura.com\/es\/#organization"},"potentialAction":[{"@type":"SearchAction","target":{"@type":"EntryPoint","urlTemplate":"https:\/\/www.lifenatura.com\/es\/?s={search_term_string}"},"query-input":{"@type":"PropertyValueSpecification","valueRequired":true,"valueName":"search_term_string"}}],"inLanguage":"es"},{"@type":"Organization","@id":"https:\/\/www.lifenatura.com\/es\/#organization","name":"Lifenatura","url":"https:\/\/www.lifenatura.com\/es\/","logo":{"@type":"ImageObject","inLanguage":"es","@id":"https:\/\/www.lifenatura.com\/es\/#\/schema\/logo\/image\/","url":"https:\/\/www.lifenatura.com\/wp-content\/uploads\/2021\/07\/logo.png","contentUrl":"https:\/\/www.lifenatura.com\/wp-content\/uploads\/2021\/07\/logo.png","width":175,"height":55,"caption":"Lifenatura"},"image":{"@id":"https:\/\/www.lifenatura.com\/es\/#\/schema\/logo\/image\/"},"sameAs":["https:\/\/www.facebook.com\/lifenatura","https:\/\/www.instagram.com\/lifenaturapt\/"],"hasMerchantReturnPolicy":{"@type":"MerchantReturnPolicy","merchantReturnLink":"https:\/\/www.lifenatura.com\/termos-condicoes-lifenatura\/"}}]},"product_price_amount":"16.29","product_price_currency":"EUR","og_availability":"instock","product_availability":"instock","product_retailer_item_id":"5412360017218","product_condition":"new"},"df_price":16.29,"df_sale_price":"","df_regular_price":16.29,"df_image_link":"https:\/\/www.lifenatura.com\/wp-content\/uploads\/2025\/10\/ferro-b12-forte-physalis-300x300.jpg","_links":{"self":[{"href":"https:\/\/www.lifenatura.com\/es\/wp-json\/wp\/v2\/product\/122198","targetHints":{"allow":["GET"]}}],"collection":[{"href":"https:\/\/www.lifenatura.com\/es\/wp-json\/wp\/v2\/product"}],"about":[{"href":"https:\/\/www.lifenatura.com\/es\/wp-json\/wp\/v2\/types\/product"}],"wp:featuredmedia":[{"embeddable":true,"href":"https:\/\/www.lifenatura.com\/es\/wp-json\/wp\/v2\/media\/119875"}],"wp:attachment":[{"href":"https:\/\/www.lifenatura.com\/es\/wp-json\/wp\/v2\/media?parent=122198"}],"wp:term":[{"taxonomy":"product_brand","embeddable":true,"href":"https:\/\/www.lifenatura.com\/es\/wp-json\/wp\/v2\/product_brand?post=122198"},{"taxonomy":"product_cat","embeddable":true,"href":"https:\/\/www.lifenatura.com\/es\/wp-json\/wp\/v2\/product_cat?post=122198"},{"taxonomy":"product_tag","embeddable":true,"href":"https:\/\/www.lifenatura.com\/es\/wp-json\/wp\/v2\/product_tag?post=122198"}],"curies":[{"name":"wp","href":"https:\/\/api.w.org\/{rel}","templated":true}]}}